{"id":117433,"date":"2023-02-07T14:17:43","date_gmt":"2023-02-07T13:17:43","guid":{"rendered":"https:\/\/www.david-coin.com\/product\/nederland-halve-cent-1823b-willem-1\/"},"modified":"2026-01-27T12:24:06","modified_gmt":"2026-01-27T11:24:06","slug":"nederland-halve-cent-1823b-willem-1","status":"publish","type":"product","link":"https:\/\/www.david-coin.com\/en\/product\/nederland-halve-cent-1823b-willem-1\/","title":{"rendered":"Netherlands half cent 1823B William 1"},"content":{"rendered":"<p>Nederland Halve cent 1823B Willem 1<\/p>\n<p>De halve cent munt van <a href=\"\/en\/\u201chttps:\/\/www.david-coin.com\/product-category\/nederlandse-munten\/willem-1-1815-1840\/\u201d\/\">Koning Willem I<\/a>, geslagen tussen 1819 en 1837, is een stukje Nederlandse koninkrijk geschiedenis. Deze koperen munt had een diameter van slechts 16 millimeter en woog 1,92 gram, waardoor het \u00e9\u00e9n van de kleinste en lichtste circulatiemunten uit die periode was. Omdat Belgi\u00eb in het begin van de negentiende eeuw nog onderdeel van Nederland was, zijn de halve centen zowel in Utrecht als in Brussel geslagen. Op de voorkant staat het gekroonde symbool van <a href=\"\/en\/\u201chttps:\/\/www.david-coin.com\/product-category\/nederlandse-munten\/willem-1-1815-1840\/\u201d\/\">Koning Willem I<\/a> afgebeeld samen met het jaartal. De keerzijde toont de muntwaarde &#8220;\u00bd CENT&#8221;.<br \/>\nNaast de halve cent zijn er ook nog de<br \/>\n&#8211;\tCent Willem 1;<br \/>\n&#8211;\t<a href=\"\/en\/\u201chttps:\/\/www.david-coin.com\/product\/nederland-5-cent-1827-willem-1-4789\/\u201d\/\">Stuiver Willem 1;<\/a><br \/>\n&#8211;\t<a href=\"\/en\/\u201chttps:\/\/www.david-coin.com\/product\/nederland-10-cent-1827u-willem-2\/\u201d\/\">Dubbeltje Willem 1;<\/a><br \/>\n&#8211;\t<a href=\"\/en\/\u201chttps:\/\/www.david-coin.com\/product\/nederland-25-cent-1825-u-willem-1\/\u201d\/\">Kwartje Willem 1;<\/a><br \/>\n&#8211;\t<a href=\"\/en\/\u201chttps:\/\/www.david-coin.com\/product\/nederland-1-2-gulden-1822-u-b-willem-i\/\u201d\/\">Halve gulden Willem 1;<\/a><br \/>\n&#8211;\t<a href=\"\/en\/\u201chttps:\/\/www.david-coin.com\/product\/nederland-1-gulden-1832-willem-2\/\u201d\/\">Gulden Willem 1;<\/a><br \/>\n&#8211;\t<a href=\"\/en\/\u201chttps:\/\/www.david-coin.com\/product\/nederland-25-gulden-1840-willem-i\/\u201d\/\">Rijksdaalder Willem 1;<\/a><br \/>\n&#8211;\t<a href=\"\/en\/\u201chttps:\/\/www.david-coin.com\/product\/nederland-3-gulden-1824-willem-1\/\u201d\/\">3 gulden Willem 1;<\/a><br \/>\n&#8211;\t5 gulden Willem 1 goud;<br \/>\n&#8211;\t<a href=\"\/en\/\u201chttps:\/\/www.david-coin.com\/product\/nederland-gouden-tientje-1825-willem-1\/\u201d\/\">10 gulden Willem 1 goud.<\/a><br \/>\nDe munten van koning Willem 1 zijn langzaam uit omloop verdwenen gedurende de 19e eeuw, en zijn toen geleidelijk vervangen door de munten van <a href=\"\/en\/\u201chttps:\/\/www.david-coin.com\/product-category\/nederlandse-munten\/willem-2-1840-1849\/\u201d\/\">koning Willem 2<\/a> and <a href=\"\/en\/\u201chttps:\/\/www.david-coin.com\/product-category\/nederlandse-munten\/willem-3-1849-1890\/\u201d\/\">King William 3.<\/a> Vandaag de dag zijn de munten van Koning Willem 1 zeer gewild bij verzamelaars. <\/p>\n<p>See scans for more details.<br \/>\nFor questions, feel free to send us a message.<\/p>","protected":false},"excerpt":{"rendered":"<p>Nederland Halve cent 1823B Willem 1 De halve cent munt van Koning Willem I, geslagen tussen 1819 en 1837, is een stukje Nederlandse koninkrijk geschiedenis. Deze koperen munt had een diameter van slechts 16 millimeter en woog 1,92 gram, waardoor het \u00e9\u00e9n van de kleinste en lichtste circulatiemunten uit die periode was. Omdat Belgi\u00eb in [&hellip;]<\/p>\n","protected":false},"featured_media":117431,"comment_status":"closed","ping_status":"open","template":"","meta":[],"product_brand":[],"product_cat":[5471,5519],"product_tag":[],"class_list":{"0":"post-117433","1":"product","2":"type-product","3":"status-publish","4":"has-post-thumbnail","6":"product_cat-nederlandse-munten","7":"product_cat-willem-1-1815-1840","8":"pa_delcampeid-5287","9":"pa_koning-koningin-willem1","10":"pa_kwaliteit-zeer-goed","11":"pa_land-nederland","12":"pa_materiaal-brons","13":"pa_muntwaarde-halvecent","15":"first","16":"instock","17":"taxable","18":"shipping-taxable","19":"purchasable","20":"product-type-simple"},"yoast_head":"<!-- This site is optimized with the Yoast SEO Premium plugin v27.2 (Yoast SEO v27.4) - https:\/\/yoast.com\/product\/yoast-seo-premium-wordpress\/ -->\n<title>Nederland halve cent 1823B Willem 1<\/title>\n<meta name=\"description\" content=\"Nederlandse munten verkrijgbaar bij David-coin. Bekijk nu ons complete aanbod. Gratis verzending binnen Nederland vanaf 75 euro.\" \/>\n<meta name=\"robots\" content=\"index, follow, max-snippet:-1, max-image-preview:large, max-video-preview:-1\" \/>\n<link rel=\"canonical\" href=\"https:\/\/www.david-coin.com\/en\/product\/nederland-halve-cent-1823b-willem-1\/\" \/>\n<meta property=\"og:locale\" content=\"en_US\" \/>\n<meta property=\"og:type\" content=\"article\" \/>\n<meta property=\"og:title\" content=\"Nederland halve cent 1823B Willem 1\" \/>\n<meta property=\"og:description\" content=\"Nederlandse munten verkrijgbaar bij David-coin. Bekijk nu ons complete aanbod. Gratis verzending binnen Nederland vanaf 75 euro.\" \/>\n<meta property=\"og:url\" content=\"https:\/\/www.david-coin.com\/en\/product\/nederland-halve-cent-1823b-willem-1\/\" \/>\n<meta property=\"og:site_name\" content=\"David Coin\" \/>\n<meta property=\"article:publisher\" content=\"https:\/\/www.facebook.com\/Davidcoininkoopenverkoop\" \/>\n<meta property=\"article:modified_time\" content=\"2026-01-27T11:24:06+00:00\" \/>\n<meta property=\"og:image\" content=\"https:\/\/www.david-coin.com\/wp-content\/uploads\/2023\/02\/Nederlandhalvecent1823vz-1.jpg\" \/>\n\t<meta property=\"og:image:width\" content=\"561\" \/>\n\t<meta property=\"og:image:height\" content=\"490\" \/>\n\t<meta property=\"og:image:type\" content=\"image\/jpeg\" \/>\n<meta name=\"twitter:card\" content=\"summary_large_image\" \/>\n<meta name=\"twitter:label1\" content=\"Price\" \/>\n\t<meta name=\"twitter:data1\" content=\"&euro;&nbsp;14,95\" \/>\n\t<meta name=\"twitter:label2\" content=\"Availability\" \/>\n\t<meta name=\"twitter:data2\" content=\"In stock\" \/>\n<script type=\"application\/ld+json\" class=\"yoast-schema-graph\">{\"@context\":\"https:\\\/\\\/schema.org\",\"@graph\":[{\"@type\":\"WebPage\",\"@id\":\"https:\\\/\\\/www.david-coin.com\\\/product\\\/nederland-halve-cent-1823b-willem-1\\\/\",\"url\":\"https:\\\/\\\/www.david-coin.com\\\/product\\\/nederland-halve-cent-1823b-willem-1\\\/\",\"name\":\"Nederland halve cent 1823B Willem 1\",\"isPartOf\":{\"@id\":\"https:\\\/\\\/www.david-coin.com\\\/#website\"},\"primaryImageOfPage\":{\"@id\":\"https:\\\/\\\/www.david-coin.com\\\/product\\\/nederland-halve-cent-1823b-willem-1\\\/#primaryimage\"},\"image\":{\"@id\":\"https:\\\/\\\/www.david-coin.com\\\/product\\\/nederland-halve-cent-1823b-willem-1\\\/#primaryimage\"},\"thumbnailUrl\":\"https:\\\/\\\/www.david-coin.com\\\/wp-content\\\/uploads\\\/2023\\\/02\\\/Nederlandhalvecent1823vz-1.jpg\",\"datePublished\":\"2023-02-07T13:17:43+00:00\",\"dateModified\":\"2026-01-27T11:24:06+00:00\",\"description\":\"Nederlandse munten verkrijgbaar bij David-coin. Bekijk nu ons complete aanbod. Gratis verzending binnen Nederland vanaf 75 euro.\",\"breadcrumb\":{\"@id\":\"https:\\\/\\\/www.david-coin.com\\\/product\\\/nederland-halve-cent-1823b-willem-1\\\/#breadcrumb\"},\"inLanguage\":\"en-US\",\"potentialAction\":[{\"@type\":\"ReadAction\",\"target\":[\"https:\\\/\\\/www.david-coin.com\\\/product\\\/nederland-halve-cent-1823b-willem-1\\\/\"]}]},{\"@type\":\"ImageObject\",\"inLanguage\":\"en-US\",\"@id\":\"https:\\\/\\\/www.david-coin.com\\\/product\\\/nederland-halve-cent-1823b-willem-1\\\/#primaryimage\",\"url\":\"https:\\\/\\\/www.david-coin.com\\\/wp-content\\\/uploads\\\/2023\\\/02\\\/Nederlandhalvecent1823vz-1.jpg\",\"contentUrl\":\"https:\\\/\\\/www.david-coin.com\\\/wp-content\\\/uploads\\\/2023\\\/02\\\/Nederlandhalvecent1823vz-1.jpg\",\"width\":561,\"height\":490},{\"@type\":\"BreadcrumbList\",\"@id\":\"https:\\\/\\\/www.david-coin.com\\\/product\\\/nederland-halve-cent-1823b-willem-1\\\/#breadcrumb\",\"itemListElement\":[{\"@type\":\"ListItem\",\"position\":1,\"name\":\"Home\",\"item\":\"https:\\\/\\\/www.david-coin.com\\\/\"},{\"@type\":\"ListItem\",\"position\":2,\"name\":\"Winkel\",\"item\":\"https:\\\/\\\/www.david-coin.com\\\/winkel\\\/\"},{\"@type\":\"ListItem\",\"position\":3,\"name\":\"Nederland halve cent 1823B Willem 1\"}]},{\"@type\":\"WebSite\",\"@id\":\"https:\\\/\\\/www.david-coin.com\\\/#website\",\"url\":\"https:\\\/\\\/www.david-coin.com\\\/\",\"name\":\"David Coin\",\"description\":\"\",\"publisher\":{\"@id\":\"https:\\\/\\\/www.david-coin.com\\\/#organization\"},\"potentialAction\":[{\"@type\":\"SearchAction\",\"target\":{\"@type\":\"EntryPoint\",\"urlTemplate\":\"https:\\\/\\\/www.david-coin.com\\\/?s={search_term_string}\"},\"query-input\":{\"@type\":\"PropertyValueSpecification\",\"valueRequired\":true,\"valueName\":\"search_term_string\"}}],\"inLanguage\":\"en-US\"},{\"@type\":\"Organization\",\"@id\":\"https:\\\/\\\/www.david-coin.com\\\/#organization\",\"name\":\"David Coin\",\"url\":\"https:\\\/\\\/www.david-coin.com\\\/\",\"logo\":{\"@type\":\"ImageObject\",\"inLanguage\":\"en-US\",\"@id\":\"https:\\\/\\\/www.david-coin.com\\\/#\\\/schema\\\/logo\\\/image\\\/\",\"url\":\"https:\\\/\\\/www.david-coin.com\\\/wp-content\\\/uploads\\\/2024\\\/04\\\/davidcoin-logo-final.png\",\"contentUrl\":\"https:\\\/\\\/www.david-coin.com\\\/wp-content\\\/uploads\\\/2024\\\/04\\\/davidcoin-logo-final.png\",\"width\":800,\"height\":267,\"caption\":\"David Coin\"},\"image\":{\"@id\":\"https:\\\/\\\/www.david-coin.com\\\/#\\\/schema\\\/logo\\\/image\\\/\"},\"sameAs\":[\"https:\\\/\\\/www.facebook.com\\\/Davidcoininkoopenverkoop\",\"https:\\\/\\\/www.youtube.com\\\/channel\\\/UC39lihLKFSPTff0w6tv0pWQ\"]}]}<\/script>\n<meta property=\"product:price:amount\" content=\"14.95\" \/>\n<meta property=\"product:price:currency\" content=\"EUR\" \/>\n<meta property=\"og:availability\" content=\"instock\" \/>\n<meta property=\"product:availability\" content=\"instock\" \/>\n<meta property=\"product:retailer_item_id\" content=\"15295\" \/>\n<meta property=\"product:condition\" content=\"new\" \/>\n<!-- \/ Yoast SEO Premium plugin. -->","yoast_head_json":{"title":"Netherlands half cent 1823B William 1","description":"Nederlandse munten verkrijgbaar bij David-coin. Bekijk nu ons complete aanbod. Gratis verzending binnen Nederland vanaf 75 euro.","robots":{"index":"index","follow":"follow","max-snippet":"max-snippet:-1","max-image-preview":"max-image-preview:large","max-video-preview":"max-video-preview:-1"},"canonical":"https:\/\/www.david-coin.com\/en\/product\/nederland-halve-cent-1823b-willem-1\/","og_locale":"en_US","og_type":"article","og_title":"Nederland halve cent 1823B Willem 1","og_description":"Nederlandse munten verkrijgbaar bij David-coin. Bekijk nu ons complete aanbod. Gratis verzending binnen Nederland vanaf 75 euro.","og_url":"https:\/\/www.david-coin.com\/en\/product\/nederland-halve-cent-1823b-willem-1\/","og_site_name":"David Coin","article_publisher":"https:\/\/www.facebook.com\/Davidcoininkoopenverkoop","article_modified_time":"2026-01-27T11:24:06+00:00","og_image":[{"width":561,"height":490,"url":"https:\/\/www.david-coin.com\/wp-content\/uploads\/2023\/02\/Nederlandhalvecent1823vz-1.jpg","type":"image\/jpeg"}],"twitter_card":"summary_large_image","twitter_misc":{"Price":"&euro;&nbsp;14,95","Availability":"In stock"},"schema":{"@context":"https:\/\/schema.org","@graph":[{"@type":"WebPage","@id":"https:\/\/www.david-coin.com\/product\/nederland-halve-cent-1823b-willem-1\/","url":"https:\/\/www.david-coin.com\/product\/nederland-halve-cent-1823b-willem-1\/","name":"Netherlands half cent 1823B William 1","isPartOf":{"@id":"https:\/\/www.david-coin.com\/#website"},"primaryImageOfPage":{"@id":"https:\/\/www.david-coin.com\/product\/nederland-halve-cent-1823b-willem-1\/#primaryimage"},"image":{"@id":"https:\/\/www.david-coin.com\/product\/nederland-halve-cent-1823b-willem-1\/#primaryimage"},"thumbnailUrl":"https:\/\/www.david-coin.com\/wp-content\/uploads\/2023\/02\/Nederlandhalvecent1823vz-1.jpg","datePublished":"2023-02-07T13:17:43+00:00","dateModified":"2026-01-27T11:24:06+00:00","description":"Nederlandse munten verkrijgbaar bij David-coin. Bekijk nu ons complete aanbod. Gratis verzending binnen Nederland vanaf 75 euro.","breadcrumb":{"@id":"https:\/\/www.david-coin.com\/product\/nederland-halve-cent-1823b-willem-1\/#breadcrumb"},"inLanguage":"en-US","potentialAction":[{"@type":"ReadAction","target":["https:\/\/www.david-coin.com\/product\/nederland-halve-cent-1823b-willem-1\/"]}]},{"@type":"ImageObject","inLanguage":"en-US","@id":"https:\/\/www.david-coin.com\/product\/nederland-halve-cent-1823b-willem-1\/#primaryimage","url":"https:\/\/www.david-coin.com\/wp-content\/uploads\/2023\/02\/Nederlandhalvecent1823vz-1.jpg","contentUrl":"https:\/\/www.david-coin.com\/wp-content\/uploads\/2023\/02\/Nederlandhalvecent1823vz-1.jpg","width":561,"height":490},{"@type":"BreadcrumbList","@id":"https:\/\/www.david-coin.com\/product\/nederland-halve-cent-1823b-willem-1\/#breadcrumb","itemListElement":[{"@type":"ListItem","position":1,"name":"Home","item":"https:\/\/www.david-coin.com\/"},{"@type":"ListItem","position":2,"name":"Winkel","item":"https:\/\/www.david-coin.com\/winkel\/"},{"@type":"ListItem","position":3,"name":"Nederland halve cent 1823B Willem 1"}]},{"@type":"WebSite","@id":"https:\/\/www.david-coin.com\/#website","url":"https:\/\/www.david-coin.com\/","name":"David Coin","description":"","publisher":{"@id":"https:\/\/www.david-coin.com\/#organization"},"potentialAction":[{"@type":"SearchAction","target":{"@type":"EntryPoint","urlTemplate":"https:\/\/www.david-coin.com\/?s={search_term_string}"},"query-input":{"@type":"PropertyValueSpecification","valueRequired":true,"valueName":"search_term_string"}}],"inLanguage":"en-US"},{"@type":"Organization","@id":"https:\/\/www.david-coin.com\/#organization","name":"David Coin","url":"https:\/\/www.david-coin.com\/","logo":{"@type":"ImageObject","inLanguage":"en-US","@id":"https:\/\/www.david-coin.com\/#\/schema\/logo\/image\/","url":"https:\/\/www.david-coin.com\/wp-content\/uploads\/2024\/04\/davidcoin-logo-final.png","contentUrl":"https:\/\/www.david-coin.com\/wp-content\/uploads\/2024\/04\/davidcoin-logo-final.png","width":800,"height":267,"caption":"David Coin"},"image":{"@id":"https:\/\/www.david-coin.com\/#\/schema\/logo\/image\/"},"sameAs":["https:\/\/www.facebook.com\/Davidcoininkoopenverkoop","https:\/\/www.youtube.com\/channel\/UC39lihLKFSPTff0w6tv0pWQ"]}]},"product_price_amount":"14.95","product_price_currency":"EUR","og_availability":"instock","product_availability":"instock","product_retailer_item_id":"15295","product_condition":"new"},"_links":{"self":[{"href":"https:\/\/www.david-coin.com\/en\/wp-json\/wp\/v2\/product\/117433","targetHints":{"allow":["GET"]}}],"collection":[{"href":"https:\/\/www.david-coin.com\/en\/wp-json\/wp\/v2\/product"}],"about":[{"href":"https:\/\/www.david-coin.com\/en\/wp-json\/wp\/v2\/types\/product"}],"replies":[{"embeddable":true,"href":"https:\/\/www.david-coin.com\/en\/wp-json\/wp\/v2\/comments?post=117433"}],"wp:featuredmedia":[{"embeddable":true,"href":"https:\/\/www.david-coin.com\/en\/wp-json\/wp\/v2\/media\/117431"}],"wp:attachment":[{"href":"https:\/\/www.david-coin.com\/en\/wp-json\/wp\/v2\/media?parent=117433"}],"wp:term":[{"taxonomy":"product_brand","embeddable":true,"href":"https:\/\/www.david-coin.com\/en\/wp-json\/wp\/v2\/product_brand?post=117433"},{"taxonomy":"product_cat","embeddable":true,"href":"https:\/\/www.david-coin.com\/en\/wp-json\/wp\/v2\/product_cat?post=117433"},{"taxonomy":"product_tag","embeddable":true,"href":"https:\/\/www.david-coin.com\/en\/wp-json\/wp\/v2\/product_tag?post=117433"}],"curies":[{"name":"wp","href":"https:\/\/api.w.org\/{rel}","templated":true}]}}