{"id":111588,"date":"2020-11-03T16:06:29","date_gmt":"2020-11-03T16:06:29","guid":{"rendered":"https:\/\/www.david-coin.com\/product\/china-30-gram-zilveren-panda-2016\/"},"modified":"2026-03-26T11:17:26","modified_gmt":"2026-03-26T10:17:26","slug":"china-30-gram-zilveren-panda-2016","status":"publish","type":"product","link":"https:\/\/www.david-coin.com\/en\/product\/china-30-gram-zilveren-panda-2016\/","title":{"rendered":"China 30 gram silver panda 2016"},"content":{"rendered":"<p><span style=\"font-size: 12pt;\"><strong>China 30 gram silver panda 2016<\/strong><\/span><\/p>\n<p><span style=\"color: #000000; font-size: 12pt;\">The Chinese Silver Panda ( Chinese :<span lang=\"zh\">\u718a\u732b \u94f6\u5e01<\/span>;\u00a0<a style=\"color: #000000;\" title=\"Pinyin\" href=\"https:\/\/en.wikipedia.org\/wiki\/Pinyin\">pinyin<\/a>\u00a0:\u00a0<i><span lang=\"zh-Latn-pinyin\">xi\u00f3ngm\u0101o y\u00ednb\u00ec<\/span><\/i>\u00a0) is a series of silver bullion coins issued by the People's Republic of China. The panda design is changed every year and minted in different sizes and denominations, ranging from 0.5 troy oz. to 1 kilogram. As of 2016, pandas switched to metric sizes. The coin of 1\u00a0<a style=\"color: #000000;\" title=\"Troy weight\" href=\"https:\/\/en.wikipedia.org\/wiki\/Troy_weight\">troy<\/a>\u00a0ounce werd teruggebracht tot 30 gram, terwijl de munt van 5 troy ounce werd teruggebracht tot 150 gram.\u00a0Onder zowel beleggers als verzamelaars een geliefd collectorsitem.<\/span><\/p>\n<p><span style=\"font-size: 12pt;\">\u00a0<\/span><\/p>\n<p><span style=\"color: #000000; font-size: 12pt;\">Gewicht:30 gram (Troy Ounce)<br \/>\nAssay:999\/1000\u00a0<\/span><\/p>\n<p><span style=\"color: #000000; font-size: 12pt;\">See scans for more details.<br \/>\nFor questions feel free to send us a message.<\/span><\/p>","protected":false},"excerpt":{"rendered":"<p>999\/1000<\/p>","protected":false},"featured_media":111586,"comment_status":"closed","ping_status":"closed","template":"","meta":[],"product_brand":[],"product_cat":[5485,5479,5602,5473,5968],"product_tag":[],"class_list":{"0":"post-111588","1":"product","2":"type-product","3":"status-publish","4":"has-post-thumbnail","6":"product_cat-azie","7":"product_cat-edelmetaal-goud-kopen","8":"product_cat-troy-ounce-munten","9":"product_cat-world-coins-romeinse-munten","10":"product_cat-zilveren-chinese-panda","11":"pa_kwaliteit-proof","12":"pa_land-china","13":"pa_materiaal-zilver","14":"pa_muntwaarde-10yuan","16":"first","17":"outofstock","18":"taxable","19":"shipping-taxable","20":"purchasable","21":"product-type-simple"},"yoast_head":"<!-- This site is optimized with the Yoast SEO Premium plugin v27.5 (Yoast SEO v27.5) - https:\/\/yoast.com\/product\/yoast-seo-premium-wordpress\/ -->\n<title>China 30 gram zilveren panda 2016<\/title>\n<meta name=\"description\" content=\"Deze munt bevat een gewicht van 30 gram en is puur zilver (999\/1000). Betaal veilig, snel en profiteer van onze aanbiedingen.\" \/>\n<meta name=\"robots\" content=\"index, follow, max-snippet:-1, max-image-preview:large, max-video-preview:-1\" \/>\n<link rel=\"canonical\" href=\"https:\/\/www.david-coin.com\/en\/product\/china-30-gram-zilveren-panda-2016\/\" \/>\n<meta property=\"og:locale\" content=\"en_US\" \/>\n<meta property=\"og:type\" content=\"article\" \/>\n<meta property=\"og:title\" content=\"China 30 gram zilveren panda 2016\" \/>\n<meta property=\"og:description\" content=\"Deze munt bevat een gewicht van 30 gram en is puur zilver (999\/1000). Betaal veilig, snel en profiteer van onze aanbiedingen.\" \/>\n<meta property=\"og:url\" content=\"https:\/\/www.david-coin.com\/en\/product\/china-30-gram-zilveren-panda-2016\/\" \/>\n<meta property=\"og:site_name\" content=\"David Coin\" \/>\n<meta property=\"article:publisher\" content=\"https:\/\/www.facebook.com\/Davidcoininkoopenverkoop\" \/>\n<meta property=\"article:modified_time\" content=\"2026-03-26T10:17:26+00:00\" \/>\n<meta property=\"og:image\" content=\"https:\/\/www.david-coin.com\/wp-content\/uploads\/2020\/11\/Zilveren-panda-2016.jpg\" \/>\n\t<meta property=\"og:image:width\" content=\"743\" \/>\n\t<meta property=\"og:image:height\" content=\"775\" \/>\n\t<meta property=\"og:image:type\" content=\"image\/jpeg\" \/>\n<meta name=\"twitter:card\" content=\"summary_large_image\" \/>\n<meta name=\"twitter:label1\" content=\"Price\" \/>\n\t<meta name=\"twitter:data1\" content=\"&euro;&nbsp;105,24\" \/>\n\t<meta name=\"twitter:label2\" content=\"Availability\" \/>\n\t<meta name=\"twitter:data2\" content=\"Out of stock\" \/>\n<script type=\"application\/ld+json\" class=\"yoast-schema-graph\">{\"@context\":\"https:\\\/\\\/schema.org\",\"@graph\":[{\"@type\":\"WebPage\",\"@id\":\"https:\\\/\\\/www.david-coin.com\\\/product\\\/china-30-gram-zilveren-panda-2016\\\/\",\"url\":\"https:\\\/\\\/www.david-coin.com\\\/product\\\/china-30-gram-zilveren-panda-2016\\\/\",\"name\":\"China 30 gram zilveren panda 2016\",\"isPartOf\":{\"@id\":\"https:\\\/\\\/www.david-coin.com\\\/#website\"},\"primaryImageOfPage\":{\"@id\":\"https:\\\/\\\/www.david-coin.com\\\/product\\\/china-30-gram-zilveren-panda-2016\\\/#primaryimage\"},\"image\":{\"@id\":\"https:\\\/\\\/www.david-coin.com\\\/product\\\/china-30-gram-zilveren-panda-2016\\\/#primaryimage\"},\"thumbnailUrl\":\"https:\\\/\\\/www.david-coin.com\\\/wp-content\\\/uploads\\\/2020\\\/11\\\/Zilveren-panda-2016.jpg\",\"datePublished\":\"2020-11-03T16:06:29+00:00\",\"dateModified\":\"2026-03-26T10:17:26+00:00\",\"description\":\"Deze munt bevat een gewicht van 30 gram en is puur zilver (999\\\/1000). Betaal veilig, snel en profiteer van onze aanbiedingen.\",\"breadcrumb\":{\"@id\":\"https:\\\/\\\/www.david-coin.com\\\/product\\\/china-30-gram-zilveren-panda-2016\\\/#breadcrumb\"},\"inLanguage\":\"en-US\",\"potentialAction\":[{\"@type\":\"ReadAction\",\"target\":[\"https:\\\/\\\/www.david-coin.com\\\/product\\\/china-30-gram-zilveren-panda-2016\\\/\"]}]},{\"@type\":\"ImageObject\",\"inLanguage\":\"en-US\",\"@id\":\"https:\\\/\\\/www.david-coin.com\\\/product\\\/china-30-gram-zilveren-panda-2016\\\/#primaryimage\",\"url\":\"https:\\\/\\\/www.david-coin.com\\\/wp-content\\\/uploads\\\/2020\\\/11\\\/Zilveren-panda-2016.jpg\",\"contentUrl\":\"https:\\\/\\\/www.david-coin.com\\\/wp-content\\\/uploads\\\/2020\\\/11\\\/Zilveren-panda-2016.jpg\",\"width\":743,\"height\":775,\"caption\":\"Zilveren-panda-2016.jpg\"},{\"@type\":\"BreadcrumbList\",\"@id\":\"https:\\\/\\\/www.david-coin.com\\\/product\\\/china-30-gram-zilveren-panda-2016\\\/#breadcrumb\",\"itemListElement\":[{\"@type\":\"ListItem\",\"position\":1,\"name\":\"Home\",\"item\":\"https:\\\/\\\/www.david-coin.com\\\/\"},{\"@type\":\"ListItem\",\"position\":2,\"name\":\"Winkel\",\"item\":\"https:\\\/\\\/www.david-coin.com\\\/winkel\\\/\"},{\"@type\":\"ListItem\",\"position\":3,\"name\":\"China 30 gram zilveren panda 2016\"}]},{\"@type\":\"WebSite\",\"@id\":\"https:\\\/\\\/www.david-coin.com\\\/#website\",\"url\":\"https:\\\/\\\/www.david-coin.com\\\/\",\"name\":\"David Coin\",\"description\":\"\",\"publisher\":{\"@id\":\"https:\\\/\\\/www.david-coin.com\\\/#organization\"},\"potentialAction\":[{\"@type\":\"SearchAction\",\"target\":{\"@type\":\"EntryPoint\",\"urlTemplate\":\"https:\\\/\\\/www.david-coin.com\\\/?s={search_term_string}\"},\"query-input\":{\"@type\":\"PropertyValueSpecification\",\"valueRequired\":true,\"valueName\":\"search_term_string\"}}],\"inLanguage\":\"en-US\"},{\"@type\":\"Organization\",\"@id\":\"https:\\\/\\\/www.david-coin.com\\\/#organization\",\"name\":\"David Coin\",\"url\":\"https:\\\/\\\/www.david-coin.com\\\/\",\"logo\":{\"@type\":\"ImageObject\",\"inLanguage\":\"en-US\",\"@id\":\"https:\\\/\\\/www.david-coin.com\\\/#\\\/schema\\\/logo\\\/image\\\/\",\"url\":\"https:\\\/\\\/www.david-coin.com\\\/wp-content\\\/uploads\\\/2024\\\/04\\\/davidcoin-logo-final.png\",\"contentUrl\":\"https:\\\/\\\/www.david-coin.com\\\/wp-content\\\/uploads\\\/2024\\\/04\\\/davidcoin-logo-final.png\",\"width\":800,\"height\":267,\"caption\":\"David Coin\"},\"image\":{\"@id\":\"https:\\\/\\\/www.david-coin.com\\\/#\\\/schema\\\/logo\\\/image\\\/\"},\"sameAs\":[\"https:\\\/\\\/www.facebook.com\\\/Davidcoininkoopenverkoop\",\"https:\\\/\\\/www.youtube.com\\\/channel\\\/UC39lihLKFSPTff0w6tv0pWQ\"]}]}<\/script>\n<meta property=\"product:price:amount\" content=\"105.24\" \/>\n<meta property=\"product:price:currency\" content=\"EUR\" \/>\n<meta property=\"og:availability\" content=\"out of stock\" \/>\n<meta property=\"product:availability\" content=\"out of stock\" \/>\n<meta property=\"product:retailer_item_id\" content=\"9013\" \/>\n<meta property=\"product:condition\" content=\"new\" \/>\n<!-- \/ Yoast SEO Premium plugin. -->","yoast_head_json":{"title":"China 30 gram silver panda 2016","description":"Deze munt bevat een gewicht van 30 gram en is puur zilver (999\/1000). Betaal veilig, snel en profiteer van onze aanbiedingen.","robots":{"index":"index","follow":"follow","max-snippet":"max-snippet:-1","max-image-preview":"max-image-preview:large","max-video-preview":"max-video-preview:-1"},"canonical":"https:\/\/www.david-coin.com\/en\/product\/china-30-gram-zilveren-panda-2016\/","og_locale":"en_US","og_type":"article","og_title":"China 30 gram zilveren panda 2016","og_description":"Deze munt bevat een gewicht van 30 gram en is puur zilver (999\/1000). Betaal veilig, snel en profiteer van onze aanbiedingen.","og_url":"https:\/\/www.david-coin.com\/en\/product\/china-30-gram-zilveren-panda-2016\/","og_site_name":"David Coin","article_publisher":"https:\/\/www.facebook.com\/Davidcoininkoopenverkoop","article_modified_time":"2026-03-26T10:17:26+00:00","og_image":[{"width":743,"height":775,"url":"https:\/\/www.david-coin.com\/wp-content\/uploads\/2020\/11\/Zilveren-panda-2016.jpg","type":"image\/jpeg"}],"twitter_card":"summary_large_image","twitter_misc":{"Price":"&euro;&nbsp;105,24","Availability":"Out of stock"},"schema":{"@context":"https:\/\/schema.org","@graph":[{"@type":"WebPage","@id":"https:\/\/www.david-coin.com\/product\/china-30-gram-zilveren-panda-2016\/","url":"https:\/\/www.david-coin.com\/product\/china-30-gram-zilveren-panda-2016\/","name":"China 30 gram silver panda 2016","isPartOf":{"@id":"https:\/\/www.david-coin.com\/#website"},"primaryImageOfPage":{"@id":"https:\/\/www.david-coin.com\/product\/china-30-gram-zilveren-panda-2016\/#primaryimage"},"image":{"@id":"https:\/\/www.david-coin.com\/product\/china-30-gram-zilveren-panda-2016\/#primaryimage"},"thumbnailUrl":"https:\/\/www.david-coin.com\/wp-content\/uploads\/2020\/11\/Zilveren-panda-2016.jpg","datePublished":"2020-11-03T16:06:29+00:00","dateModified":"2026-03-26T10:17:26+00:00","description":"Deze munt bevat een gewicht van 30 gram en is puur zilver (999\/1000). Betaal veilig, snel en profiteer van onze aanbiedingen.","breadcrumb":{"@id":"https:\/\/www.david-coin.com\/product\/china-30-gram-zilveren-panda-2016\/#breadcrumb"},"inLanguage":"en-US","potentialAction":[{"@type":"ReadAction","target":["https:\/\/www.david-coin.com\/product\/china-30-gram-zilveren-panda-2016\/"]}]},{"@type":"ImageObject","inLanguage":"en-US","@id":"https:\/\/www.david-coin.com\/product\/china-30-gram-zilveren-panda-2016\/#primaryimage","url":"https:\/\/www.david-coin.com\/wp-content\/uploads\/2020\/11\/Zilveren-panda-2016.jpg","contentUrl":"https:\/\/www.david-coin.com\/wp-content\/uploads\/2020\/11\/Zilveren-panda-2016.jpg","width":743,"height":775,"caption":"Zilveren-panda-2016.jpg"},{"@type":"BreadcrumbList","@id":"https:\/\/www.david-coin.com\/product\/china-30-gram-zilveren-panda-2016\/#breadcrumb","itemListElement":[{"@type":"ListItem","position":1,"name":"Home","item":"https:\/\/www.david-coin.com\/"},{"@type":"ListItem","position":2,"name":"Winkel","item":"https:\/\/www.david-coin.com\/winkel\/"},{"@type":"ListItem","position":3,"name":"China 30 gram zilveren panda 2016"}]},{"@type":"WebSite","@id":"https:\/\/www.david-coin.com\/#website","url":"https:\/\/www.david-coin.com\/","name":"David Coin","description":"","publisher":{"@id":"https:\/\/www.david-coin.com\/#organization"},"potentialAction":[{"@type":"SearchAction","target":{"@type":"EntryPoint","urlTemplate":"https:\/\/www.david-coin.com\/?s={search_term_string}"},"query-input":{"@type":"PropertyValueSpecification","valueRequired":true,"valueName":"search_term_string"}}],"inLanguage":"en-US"},{"@type":"Organization","@id":"https:\/\/www.david-coin.com\/#organization","name":"David Coin","url":"https:\/\/www.david-coin.com\/","logo":{"@type":"ImageObject","inLanguage":"en-US","@id":"https:\/\/www.david-coin.com\/#\/schema\/logo\/image\/","url":"https:\/\/www.david-coin.com\/wp-content\/uploads\/2024\/04\/davidcoin-logo-final.png","contentUrl":"https:\/\/www.david-coin.com\/wp-content\/uploads\/2024\/04\/davidcoin-logo-final.png","width":800,"height":267,"caption":"David Coin"},"image":{"@id":"https:\/\/www.david-coin.com\/#\/schema\/logo\/image\/"},"sameAs":["https:\/\/www.facebook.com\/Davidcoininkoopenverkoop","https:\/\/www.youtube.com\/channel\/UC39lihLKFSPTff0w6tv0pWQ"]}]},"product_price_amount":"105.24","product_price_currency":"EUR","og_availability":"out of stock","product_availability":"out of stock","product_retailer_item_id":"9013","product_condition":"new"},"_links":{"self":[{"href":"https:\/\/www.david-coin.com\/en\/wp-json\/wp\/v2\/product\/111588","targetHints":{"allow":["GET"]}}],"collection":[{"href":"https:\/\/www.david-coin.com\/en\/wp-json\/wp\/v2\/product"}],"about":[{"href":"https:\/\/www.david-coin.com\/en\/wp-json\/wp\/v2\/types\/product"}],"replies":[{"embeddable":true,"href":"https:\/\/www.david-coin.com\/en\/wp-json\/wp\/v2\/comments?post=111588"}],"wp:featuredmedia":[{"embeddable":true,"href":"https:\/\/www.david-coin.com\/en\/wp-json\/wp\/v2\/media\/111586"}],"wp:attachment":[{"href":"https:\/\/www.david-coin.com\/en\/wp-json\/wp\/v2\/media?parent=111588"}],"wp:term":[{"taxonomy":"product_brand","embeddable":true,"href":"https:\/\/www.david-coin.com\/en\/wp-json\/wp\/v2\/product_brand?post=111588"},{"taxonomy":"product_cat","embeddable":true,"href":"https:\/\/www.david-coin.com\/en\/wp-json\/wp\/v2\/product_cat?post=111588"},{"taxonomy":"product_tag","embeddable":true,"href":"https:\/\/www.david-coin.com\/en\/wp-json\/wp\/v2\/product_tag?post=111588"}],"curies":[{"name":"wp","href":"https:\/\/api.w.org\/{rel}","templated":true}]}}