{"id":163786,"date":"2026-03-21T10:11:36","date_gmt":"2026-03-21T09:11:36","guid":{"rendered":"https:\/\/www.david-coin.com\/?post_type=product&#038;p=163786"},"modified":"2026-04-14T21:42:48","modified_gmt":"2026-04-14T19:42:48","slug":"nederland-250-gulden-1986-vuurtoren-pmg65-epq","status":"publish","type":"product","link":"https:\/\/www.david-coin.com\/de\/produkt\/nederland-250-gulden-1986-vuurtoren-pmg65-epq\/","title":{"rendered":"Nederland 250 Gulden 1986 Vuurtoren PMG65 EPQ"},"content":{"rendered":"<p><span style=\"font-size: 12pt;\"><strong>Nederland 250 Gulden 1986 Vuurtoren PMG65EPQ<\/strong><\/span><br \/>\n<span style=\"font-size: 12pt;\"> NVMH: 134-1 <\/span><br \/>\n<span style=\"font-size: 12pt;\"> Plomp: PL110a <\/span><br \/>\n<span style=\"font-size: 12pt;\"> Tipp: 98 <\/span><\/p>\n<p><strong>Zweihundertf\u00fcnfzig Gulden 1985 Leuchtturm<\/strong><br \/>\nMitte der 1980er Jahre kam ein der niederl\u00e4ndischen Bev\u00f6lkerung unbekannter Wert in Umlauf, ein 250-Gulden-Schein. Dieser Schein sollte die L\u00fccke zwischen dem Hunderter und dem Tausender \u00fcberbr\u00fccken. Dies erleichterte den Umtausch bei gro\u00dfen Betr\u00e4gen. Der 250-Gulden-Schein zeigt auf der Vorderseite einen Leuchtturm, den Leuchtturm 'Westerlicht' in Haamstede, und auf der R\u00fcckseite eine Karte der Niederlande. Der Leuchtturm hat eine leuchtend violette Farbe und ist einzigartig in seiner Gestaltung, auch weil er, wie die F\u00fcnfzig mit der Sonnenblume, aufrecht steht. Der 250-Gulden-Brief geh\u00f6rt zu Oxenaars Serie \"huisje, boompje, beestje\", zu der neben dem Leuchtturm auch die:<br \/>\n&#8211; <a href=\"\/de\/\u201dhttps:\/\/www.david-coin.com\/produkt\/nederland-50-gulden-1982-zonnebloem\/\u201d\/\">F\u00fcnfzig Gulden 1982 Sonnenblume;<\/a><br \/>\n&#8211; <a href=\"\/de\/\u201dhttps:\/\/www.david-coin.com\/produkt\/nederland-100-gulden-1977-snip\/\u201d\/\"> Hundert Gulden 1977 Snip;<\/a><br \/>\nDer 250-Gulden-Schein war kein g\u00e4ngiger Wert und kam daher im Zahlungsverkehr nicht h\u00e4ufig vor. Er kam 1986 in Umlauf und wurde mit der Einf\u00fchrung des Euro im Jahr 2002 aus dem Verkehr gezogen.<\/p>\n<p><span style=\"font-size: 12pt;\"> Siehe Scans f\u00fcr weitere Einzelheiten. <\/span><br \/>\n<span style=\"font-size: 12pt;\"> Bei Fragen k\u00f6nnen Sie uns gerne eine Nachricht schicken.<\/span><\/p>","protected":false},"excerpt":{"rendered":"<p>NVMH: 134-1<\/p>","protected":false},"featured_media":163743,"comment_status":"closed","ping_status":"closed","template":"","meta":[],"product_brand":[],"product_cat":[5498,5472],"product_tag":[],"class_list":{"0":"post-163786","1":"product","2":"type-product","3":"status-publish","4":"has-post-thumbnail","6":"product_cat-250-gulden-biljet","7":"product_cat-nederlandse-bankbiljetten","8":"pa_bankbiljetwaarde-250gulden","9":"pa_kwaliteit-unc","10":"pa_land-nederland","11":"pa_soort-pmgnotes","13":"first","14":"outofstock","15":"taxable","16":"shipping-taxable","17":"purchasable","18":"product-type-simple"},"yoast_head":"<!-- This site is optimized with the Yoast SEO Premium plugin v27.2 (Yoast SEO v27.4) - https:\/\/yoast.com\/product\/yoast-seo-premium-wordpress\/ -->\n<title>Nederland 250 Gulden 1986 Vuurtoren PMG65 EPQ<\/title>\n<meta name=\"description\" content=\"Ruim aanbod Nederlandse Bankbiljetten verkrijgbaar bij David-coin. Bekijk nu ons complete aanbod. Gratis verzending binnen Nederland vanaf 75 euro.\" \/>\n<meta name=\"robots\" content=\"index, follow, max-snippet:-1, max-image-preview:large, max-video-preview:-1\" \/>\n<link rel=\"canonical\" href=\"https:\/\/www.david-coin.com\/de\/produkt\/nederland-250-gulden-1986-vuurtoren-pmg65-epq\/\" \/>\n<meta property=\"og:locale\" content=\"de_DE\" \/>\n<meta property=\"og:type\" content=\"article\" \/>\n<meta property=\"og:title\" content=\"Nederland 250 Gulden 1986 Vuurtoren PMG65 EPQ\" \/>\n<meta property=\"og:description\" content=\"Ruim aanbod Nederlandse Bankbiljetten verkrijgbaar bij David-coin. Bekijk nu ons complete aanbod. Gratis verzending binnen Nederland vanaf 75 euro.\" \/>\n<meta property=\"og:url\" content=\"https:\/\/www.david-coin.com\/de\/produkt\/nederland-250-gulden-1986-vuurtoren-pmg65-epq\/\" \/>\n<meta property=\"og:site_name\" content=\"David Coin\" \/>\n<meta property=\"article:publisher\" content=\"https:\/\/www.facebook.com\/Davidcoininkoopenverkoop\" \/>\n<meta property=\"article:modified_time\" content=\"2026-04-14T19:42:48+00:00\" \/>\n<meta property=\"og:image\" content=\"https:\/\/www.david-coin.com\/wp-content\/uploads\/2026\/03\/Nederland-250gulden-1985-vz-65.jpg\" \/>\n\t<meta property=\"og:image:width\" content=\"1250\" \/>\n\t<meta property=\"og:image:height\" content=\"787\" \/>\n\t<meta property=\"og:image:type\" content=\"image\/jpeg\" \/>\n<meta name=\"twitter:card\" content=\"summary_large_image\" \/>\n<meta name=\"twitter:label1\" content=\"Preis\" \/>\n\t<meta name=\"twitter:data1\" content=\"&euro;&nbsp;399,95\" \/>\n\t<meta name=\"twitter:label2\" content=\"Verf\u00fcgbarkeit\" \/>\n\t<meta name=\"twitter:data2\" content=\"ausverkauft\" \/>\n<script type=\"application\/ld+json\" class=\"yoast-schema-graph\">{\"@context\":\"https:\\\/\\\/schema.org\",\"@graph\":[{\"@type\":\"WebPage\",\"@id\":\"https:\\\/\\\/www.david-coin.com\\\/product\\\/nederland-250-gulden-1986-vuurtoren-pmg65-epq\\\/\",\"url\":\"https:\\\/\\\/www.david-coin.com\\\/product\\\/nederland-250-gulden-1986-vuurtoren-pmg65-epq\\\/\",\"name\":\"Nederland 250 Gulden 1986 Vuurtoren PMG65 EPQ\",\"isPartOf\":{\"@id\":\"https:\\\/\\\/www.david-coin.com\\\/#website\"},\"primaryImageOfPage\":{\"@id\":\"https:\\\/\\\/www.david-coin.com\\\/product\\\/nederland-250-gulden-1986-vuurtoren-pmg65-epq\\\/#primaryimage\"},\"image\":{\"@id\":\"https:\\\/\\\/www.david-coin.com\\\/product\\\/nederland-250-gulden-1986-vuurtoren-pmg65-epq\\\/#primaryimage\"},\"thumbnailUrl\":\"https:\\\/\\\/www.david-coin.com\\\/wp-content\\\/uploads\\\/2026\\\/03\\\/Nederland-250gulden-1985-vz-65.jpg\",\"datePublished\":\"2026-03-21T09:11:36+00:00\",\"dateModified\":\"2026-04-14T19:42:48+00:00\",\"description\":\"Ruim aanbod Nederlandse Bankbiljetten verkrijgbaar bij David-coin. Bekijk nu ons complete aanbod. Gratis verzending binnen Nederland vanaf 75 euro.\",\"breadcrumb\":{\"@id\":\"https:\\\/\\\/www.david-coin.com\\\/product\\\/nederland-250-gulden-1986-vuurtoren-pmg65-epq\\\/#breadcrumb\"},\"inLanguage\":\"de\",\"potentialAction\":[{\"@type\":\"ReadAction\",\"target\":[\"https:\\\/\\\/www.david-coin.com\\\/product\\\/nederland-250-gulden-1986-vuurtoren-pmg65-epq\\\/\"]}]},{\"@type\":\"ImageObject\",\"inLanguage\":\"de\",\"@id\":\"https:\\\/\\\/www.david-coin.com\\\/product\\\/nederland-250-gulden-1986-vuurtoren-pmg65-epq\\\/#primaryimage\",\"url\":\"https:\\\/\\\/www.david-coin.com\\\/wp-content\\\/uploads\\\/2026\\\/03\\\/Nederland-250gulden-1985-vz-65.jpg\",\"contentUrl\":\"https:\\\/\\\/www.david-coin.com\\\/wp-content\\\/uploads\\\/2026\\\/03\\\/Nederland-250gulden-1985-vz-65.jpg\",\"width\":1250,\"height\":787,\"caption\":\"Nederland 250 Gulden 1986 Vuurtoren PMG65 EPQ\"},{\"@type\":\"BreadcrumbList\",\"@id\":\"https:\\\/\\\/www.david-coin.com\\\/product\\\/nederland-250-gulden-1986-vuurtoren-pmg65-epq\\\/#breadcrumb\",\"itemListElement\":[{\"@type\":\"ListItem\",\"position\":1,\"name\":\"Home\",\"item\":\"https:\\\/\\\/www.david-coin.com\\\/\"},{\"@type\":\"ListItem\",\"position\":2,\"name\":\"Winkel\",\"item\":\"https:\\\/\\\/www.david-coin.com\\\/winkel\\\/\"},{\"@type\":\"ListItem\",\"position\":3,\"name\":\"Nederland 250 Gulden 1986 Vuurtoren PMG65 EPQ\"}]},{\"@type\":\"WebSite\",\"@id\":\"https:\\\/\\\/www.david-coin.com\\\/#website\",\"url\":\"https:\\\/\\\/www.david-coin.com\\\/\",\"name\":\"David Coin\",\"description\":\"\",\"publisher\":{\"@id\":\"https:\\\/\\\/www.david-coin.com\\\/#organization\"},\"potentialAction\":[{\"@type\":\"SearchAction\",\"target\":{\"@type\":\"EntryPoint\",\"urlTemplate\":\"https:\\\/\\\/www.david-coin.com\\\/?s={search_term_string}\"},\"query-input\":{\"@type\":\"PropertyValueSpecification\",\"valueRequired\":true,\"valueName\":\"search_term_string\"}}],\"inLanguage\":\"de\"},{\"@type\":\"Organization\",\"@id\":\"https:\\\/\\\/www.david-coin.com\\\/#organization\",\"name\":\"David Coin\",\"url\":\"https:\\\/\\\/www.david-coin.com\\\/\",\"logo\":{\"@type\":\"ImageObject\",\"inLanguage\":\"de\",\"@id\":\"https:\\\/\\\/www.david-coin.com\\\/#\\\/schema\\\/logo\\\/image\\\/\",\"url\":\"https:\\\/\\\/www.david-coin.com\\\/wp-content\\\/uploads\\\/2024\\\/04\\\/davidcoin-logo-final.png\",\"contentUrl\":\"https:\\\/\\\/www.david-coin.com\\\/wp-content\\\/uploads\\\/2024\\\/04\\\/davidcoin-logo-final.png\",\"width\":800,\"height\":267,\"caption\":\"David Coin\"},\"image\":{\"@id\":\"https:\\\/\\\/www.david-coin.com\\\/#\\\/schema\\\/logo\\\/image\\\/\"},\"sameAs\":[\"https:\\\/\\\/www.facebook.com\\\/Davidcoininkoopenverkoop\",\"https:\\\/\\\/www.youtube.com\\\/channel\\\/UC39lihLKFSPTff0w6tv0pWQ\"]}]}<\/script>\n<meta property=\"product:price:amount\" content=\"399.95\" \/>\n<meta property=\"product:price:currency\" content=\"EUR\" \/>\n<meta property=\"og:availability\" content=\"out of stock\" \/>\n<meta property=\"product:availability\" content=\"out of stock\" \/>\n<meta property=\"product:retailer_item_id\" content=\"2991\" \/>\n<meta property=\"product:condition\" content=\"new\" \/>\n<!-- \/ Yoast SEO Premium plugin. -->","yoast_head_json":{"title":"Nederland 250 Gulden 1986 Vuurtoren PMG65 EPQ","description":"Ruim aanbod Nederlandse Bankbiljetten verkrijgbaar bij David-coin. Bekijk nu ons complete aanbod. Gratis verzending binnen Nederland vanaf 75 euro.","robots":{"index":"index","follow":"follow","max-snippet":"max-snippet:-1","max-image-preview":"max-image-preview:large","max-video-preview":"max-video-preview:-1"},"canonical":"https:\/\/www.david-coin.com\/de\/produkt\/nederland-250-gulden-1986-vuurtoren-pmg65-epq\/","og_locale":"de_DE","og_type":"article","og_title":"Nederland 250 Gulden 1986 Vuurtoren PMG65 EPQ","og_description":"Ruim aanbod Nederlandse Bankbiljetten verkrijgbaar bij David-coin. Bekijk nu ons complete aanbod. Gratis verzending binnen Nederland vanaf 75 euro.","og_url":"https:\/\/www.david-coin.com\/de\/produkt\/nederland-250-gulden-1986-vuurtoren-pmg65-epq\/","og_site_name":"David Coin","article_publisher":"https:\/\/www.facebook.com\/Davidcoininkoopenverkoop","article_modified_time":"2026-04-14T19:42:48+00:00","og_image":[{"width":1250,"height":787,"url":"https:\/\/www.david-coin.com\/wp-content\/uploads\/2026\/03\/Nederland-250gulden-1985-vz-65.jpg","type":"image\/jpeg"}],"twitter_card":"summary_large_image","twitter_misc":{"Preis":"&euro;&nbsp;399,95","Verf\u00fcgbarkeit":"ausverkauft"},"schema":{"@context":"https:\/\/schema.org","@graph":[{"@type":"WebPage","@id":"https:\/\/www.david-coin.com\/product\/nederland-250-gulden-1986-vuurtoren-pmg65-epq\/","url":"https:\/\/www.david-coin.com\/product\/nederland-250-gulden-1986-vuurtoren-pmg65-epq\/","name":"Nederland 250 Gulden 1986 Vuurtoren PMG65 EPQ","isPartOf":{"@id":"https:\/\/www.david-coin.com\/#website"},"primaryImageOfPage":{"@id":"https:\/\/www.david-coin.com\/product\/nederland-250-gulden-1986-vuurtoren-pmg65-epq\/#primaryimage"},"image":{"@id":"https:\/\/www.david-coin.com\/product\/nederland-250-gulden-1986-vuurtoren-pmg65-epq\/#primaryimage"},"thumbnailUrl":"https:\/\/www.david-coin.com\/wp-content\/uploads\/2026\/03\/Nederland-250gulden-1985-vz-65.jpg","datePublished":"2026-03-21T09:11:36+00:00","dateModified":"2026-04-14T19:42:48+00:00","description":"Ruim aanbod Nederlandse Bankbiljetten verkrijgbaar bij David-coin. Bekijk nu ons complete aanbod. Gratis verzending binnen Nederland vanaf 75 euro.","breadcrumb":{"@id":"https:\/\/www.david-coin.com\/product\/nederland-250-gulden-1986-vuurtoren-pmg65-epq\/#breadcrumb"},"inLanguage":"de","potentialAction":[{"@type":"ReadAction","target":["https:\/\/www.david-coin.com\/product\/nederland-250-gulden-1986-vuurtoren-pmg65-epq\/"]}]},{"@type":"ImageObject","inLanguage":"de","@id":"https:\/\/www.david-coin.com\/product\/nederland-250-gulden-1986-vuurtoren-pmg65-epq\/#primaryimage","url":"https:\/\/www.david-coin.com\/wp-content\/uploads\/2026\/03\/Nederland-250gulden-1985-vz-65.jpg","contentUrl":"https:\/\/www.david-coin.com\/wp-content\/uploads\/2026\/03\/Nederland-250gulden-1985-vz-65.jpg","width":1250,"height":787,"caption":"Nederland 250 Gulden 1986 Vuurtoren PMG65 EPQ"},{"@type":"BreadcrumbList","@id":"https:\/\/www.david-coin.com\/product\/nederland-250-gulden-1986-vuurtoren-pmg65-epq\/#breadcrumb","itemListElement":[{"@type":"ListItem","position":1,"name":"Home","item":"https:\/\/www.david-coin.com\/"},{"@type":"ListItem","position":2,"name":"Winkel","item":"https:\/\/www.david-coin.com\/winkel\/"},{"@type":"ListItem","position":3,"name":"Nederland 250 Gulden 1986 Vuurtoren PMG65 EPQ"}]},{"@type":"WebSite","@id":"https:\/\/www.david-coin.com\/#website","url":"https:\/\/www.david-coin.com\/","name":"David Coin","description":"","publisher":{"@id":"https:\/\/www.david-coin.com\/#organization"},"potentialAction":[{"@type":"SearchAction","target":{"@type":"EntryPoint","urlTemplate":"https:\/\/www.david-coin.com\/?s={search_term_string}"},"query-input":{"@type":"PropertyValueSpecification","valueRequired":true,"valueName":"search_term_string"}}],"inLanguage":"de"},{"@type":"Organization","@id":"https:\/\/www.david-coin.com\/#organization","name":"David Coin","url":"https:\/\/www.david-coin.com\/","logo":{"@type":"ImageObject","inLanguage":"de","@id":"https:\/\/www.david-coin.com\/#\/schema\/logo\/image\/","url":"https:\/\/www.david-coin.com\/wp-content\/uploads\/2024\/04\/davidcoin-logo-final.png","contentUrl":"https:\/\/www.david-coin.com\/wp-content\/uploads\/2024\/04\/davidcoin-logo-final.png","width":800,"height":267,"caption":"David Coin"},"image":{"@id":"https:\/\/www.david-coin.com\/#\/schema\/logo\/image\/"},"sameAs":["https:\/\/www.facebook.com\/Davidcoininkoopenverkoop","https:\/\/www.youtube.com\/channel\/UC39lihLKFSPTff0w6tv0pWQ"]}]},"product_price_amount":"399.95","product_price_currency":"EUR","og_availability":"out of stock","product_availability":"out of stock","product_retailer_item_id":"2991","product_condition":"new"},"_links":{"self":[{"href":"https:\/\/www.david-coin.com\/de\/wp-json\/wp\/v2\/product\/163786","targetHints":{"allow":["GET"]}}],"collection":[{"href":"https:\/\/www.david-coin.com\/de\/wp-json\/wp\/v2\/product"}],"about":[{"href":"https:\/\/www.david-coin.com\/de\/wp-json\/wp\/v2\/types\/product"}],"replies":[{"embeddable":true,"href":"https:\/\/www.david-coin.com\/de\/wp-json\/wp\/v2\/comments?post=163786"}],"wp:featuredmedia":[{"embeddable":true,"href":"https:\/\/www.david-coin.com\/de\/wp-json\/wp\/v2\/media\/163743"}],"wp:attachment":[{"href":"https:\/\/www.david-coin.com\/de\/wp-json\/wp\/v2\/media?parent=163786"}],"wp:term":[{"taxonomy":"product_brand","embeddable":true,"href":"https:\/\/www.david-coin.com\/de\/wp-json\/wp\/v2\/product_brand?post=163786"},{"taxonomy":"product_cat","embeddable":true,"href":"https:\/\/www.david-coin.com\/de\/wp-json\/wp\/v2\/product_cat?post=163786"},{"taxonomy":"product_tag","embeddable":true,"href":"https:\/\/www.david-coin.com\/de\/wp-json\/wp\/v2\/product_tag?post=163786"}],"curies":[{"name":"wp","href":"https:\/\/api.w.org\/{rel}","templated":true}]}}