{"id":163784,"date":"2026-03-20T20:15:19","date_gmt":"2026-03-20T19:15:19","guid":{"rendered":"https:\/\/www.david-coin.com\/?post_type=product&#038;p=163784"},"modified":"2026-03-20T11:57:27","modified_gmt":"2026-03-20T10:57:27","slug":"nederland-100-gulden-1970-michiel-de-ruyter-pmg-67","status":"publish","type":"product","link":"https:\/\/www.david-coin.com\/de\/produkt\/nederland-100-gulden-1970-michiel-de-ruyter-pmg-67\/","title":{"rendered":"Nederland 100 Gulden 1970 Michiel de Ruyter PMG 67 EPQ"},"content":{"rendered":"<p><strong>Nederland 100 Gulden 1970 Michiel de Ruyter PMG 67<\/strong><br \/>\nNVMH:122-1<br \/>\nPlump:103<br \/>\nPick:93a<br \/>\nKwaliteit: UNC (PMG67)<\/p>\n<p><strong>Hundert Gulden 1970 Michiel de Ruyter<\/strong><br \/>\nDer Hundertguldenschein von Michiel de Ruyter ist einer der ersten Scheine der Legacy-Serie von R. D. E. Oxenaar, die Anfang der 1970er Jahre in Umlauf kam. Auf der Vorderseite ist der ber\u00fchmte holl\u00e4ndische Seefahrer Michiel de Ruyter abgebildet, der 1667 mit der Fahrt nat Chatham die englische Flotte weitgehend vernichtete. Die R\u00fcckseite der Banknote zeigt ein Muster, das dem Ruder eines Schlachtschiffs aus dem siebzehnten Jahrhundert sehr \u00e4hnlich ist. Auch im Wasserzeichen sehen wir de Ruyters Geschichte, eine niederl\u00e4ndische Flagge im Wind auf einem Haufen Kanonenkugeln. Der Hunderter mit de Ruyter ist eine der Noten in Oxenaars Legacy-Serie. Neben de Ruyter gab es auch:<br \/>\n&#8211; <a href=\"\/de\/\u201dhttps:\/\/www.david-coin.com\/produkt\/nederland-5-gulden-1966-vondel-i\/\u201d\/\">5 Gulden 1966 Vondel;<\/a><br \/>\n&#8211; <a href=\"\/de\/\u201dhttps:\/\/www.david-coin.com\/produkt\/nederland-5-gulden-1973-vondel-pmg65-epq\/\u201d\/\">5 Gulden 1973 Vondel;<\/a><br \/>\n&#8211; <a href=\"\/de\/\u201dhttps:\/\/www.david-coin.com\/produkt\/nederland-10-gulden-1968-frans-hals\/\u201d\/\">10 Gulden 1968 Frans Hals;<\/a><br \/>\n&#8211; <a href=\"\/de\/\u201dhttps:\/\/www.david-coin.com\/produkt\/nederland-25-gulden-1971-sweelinck\/\u201d\/\">25 Gulden 1971 Sweelinck;<\/a><br \/>\n&#8211; <a href=\"\/de\/\u201dhttps:\/\/www.david-coin.com\/produkt\/nederland-1000-gulden-1972-spinoza\/\u201d\/\">1000 Gulden 1972 Spinoza.<\/a><\/p>\n<p>Der 100-Gulden-Schein wurde schlie\u00dflich 1985 aus dem Verkehr gezogen. <a href=\"\/de\/\u201dhttps:\/\/www.david-coin.com\/produkt\/nederland-100-gulden-1977-snip\/\u201d\/\"> Die 100-Gulden-Schnepfe<\/a> \u00fcbernahm dann die F\u00fchrung.<\/p>\n<p>Siehe Scans f\u00fcr weitere Einzelheiten.<br \/>\nBei Fragen k\u00f6nnen Sie uns gerne eine Nachricht schicken.<\/p>","protected":false},"excerpt":{"rendered":"<p>NVMH:122-1 Hoge kwaliteit!<\/p>","protected":false},"featured_media":163738,"comment_status":"closed","ping_status":"closed","template":"","meta":[],"product_brand":[],"product_cat":[5497,5539,5472],"product_tag":[],"class_list":{"0":"post-163784","1":"product","2":"type-product","3":"status-publish","4":"has-post-thumbnail","6":"product_cat-100-gulden-biljet","7":"product_cat-laatste-oude-guldenbiljetten","8":"product_cat-nederlandse-bankbiljetten","9":"pa_bankbiljetwaarde-100gulden","10":"pa_kwaliteit-unc","11":"pa_land-nederland","12":"pa_soort-pmgnotes","14":"first","15":"instock","16":"taxable","17":"shipping-taxable","18":"purchasable","19":"product-type-simple"},"yoast_head":"<!-- This site is optimized with the Yoast SEO Premium plugin v27.2 (Yoast SEO v27.4) - https:\/\/yoast.com\/product\/yoast-seo-premium-wordpress\/ -->\n<title>Nederland 100 Gulden 1970 Michiel de Ruyter PMG 67<\/title>\n<meta name=\"description\" content=\"Nederlandse bankbiljetten bij David-coin. Bekijk ons complete aanbod uit de guldentijd. Gratis verzending binnen Nederland vanaf 75 euro.\" \/>\n<meta name=\"robots\" content=\"index, follow, max-snippet:-1, max-image-preview:large, max-video-preview:-1\" \/>\n<link rel=\"canonical\" href=\"https:\/\/www.david-coin.com\/de\/produkt\/nederland-100-gulden-1970-michiel-de-ruyter-pmg-67\/\" \/>\n<meta property=\"og:locale\" content=\"de_DE\" \/>\n<meta property=\"og:type\" content=\"article\" \/>\n<meta property=\"og:title\" content=\"Nederland 100 Gulden 1970 Michiel de Ruyter PMG 67 EPQ\" \/>\n<meta property=\"og:description\" content=\"Nederlandse bankbiljetten bij David-coin. Bekijk ons complete aanbod uit de guldentijd. Gratis verzending binnen Nederland vanaf 75 euro.\" \/>\n<meta property=\"og:url\" content=\"https:\/\/www.david-coin.com\/de\/produkt\/nederland-100-gulden-1970-michiel-de-ruyter-pmg-67\/\" \/>\n<meta property=\"og:site_name\" content=\"David Coin\" \/>\n<meta property=\"article:publisher\" content=\"https:\/\/www.facebook.com\/Davidcoininkoopenverkoop\" \/>\n<meta property=\"og:image\" content=\"https:\/\/www.david-coin.com\/wp-content\/uploads\/2026\/03\/Nederland-100gulden-1970-vz-67.jpg\" \/>\n\t<meta property=\"og:image:width\" content=\"1210\" \/>\n\t<meta property=\"og:image:height\" content=\"762\" \/>\n\t<meta property=\"og:image:type\" content=\"image\/jpeg\" \/>\n<meta name=\"twitter:card\" content=\"summary_large_image\" \/>\n<meta name=\"twitter:label1\" content=\"Preis\" \/>\n\t<meta name=\"twitter:data1\" content=\"&euro;&nbsp;495,00\" \/>\n\t<meta name=\"twitter:label2\" content=\"Verf\u00fcgbarkeit\" \/>\n\t<meta name=\"twitter:data2\" content=\"Auf Lager\" \/>\n<script type=\"application\/ld+json\" class=\"yoast-schema-graph\">{\"@context\":\"https:\\\/\\\/schema.org\",\"@graph\":[{\"@type\":\"WebPage\",\"@id\":\"https:\\\/\\\/www.david-coin.com\\\/product\\\/nederland-100-gulden-1970-michiel-de-ruyter-pmg-67\\\/\",\"url\":\"https:\\\/\\\/www.david-coin.com\\\/product\\\/nederland-100-gulden-1970-michiel-de-ruyter-pmg-67\\\/\",\"name\":\"Nederland 100 Gulden 1970 Michiel de Ruyter PMG 67\",\"isPartOf\":{\"@id\":\"https:\\\/\\\/www.david-coin.com\\\/#website\"},\"primaryImageOfPage\":{\"@id\":\"https:\\\/\\\/www.david-coin.com\\\/product\\\/nederland-100-gulden-1970-michiel-de-ruyter-pmg-67\\\/#primaryimage\"},\"image\":{\"@id\":\"https:\\\/\\\/www.david-coin.com\\\/product\\\/nederland-100-gulden-1970-michiel-de-ruyter-pmg-67\\\/#primaryimage\"},\"thumbnailUrl\":\"https:\\\/\\\/www.david-coin.com\\\/wp-content\\\/uploads\\\/2026\\\/03\\\/Nederland-100gulden-1970-vz-67.jpg\",\"datePublished\":\"2026-03-20T19:15:19+00:00\",\"description\":\"Nederlandse bankbiljetten bij David-coin. Bekijk ons complete aanbod uit de guldentijd. Gratis verzending binnen Nederland vanaf 75 euro.\",\"breadcrumb\":{\"@id\":\"https:\\\/\\\/www.david-coin.com\\\/product\\\/nederland-100-gulden-1970-michiel-de-ruyter-pmg-67\\\/#breadcrumb\"},\"inLanguage\":\"de\",\"potentialAction\":[{\"@type\":\"ReadAction\",\"target\":[\"https:\\\/\\\/www.david-coin.com\\\/product\\\/nederland-100-gulden-1970-michiel-de-ruyter-pmg-67\\\/\"]}]},{\"@type\":\"ImageObject\",\"inLanguage\":\"de\",\"@id\":\"https:\\\/\\\/www.david-coin.com\\\/product\\\/nederland-100-gulden-1970-michiel-de-ruyter-pmg-67\\\/#primaryimage\",\"url\":\"https:\\\/\\\/www.david-coin.com\\\/wp-content\\\/uploads\\\/2026\\\/03\\\/Nederland-100gulden-1970-vz-67.jpg\",\"contentUrl\":\"https:\\\/\\\/www.david-coin.com\\\/wp-content\\\/uploads\\\/2026\\\/03\\\/Nederland-100gulden-1970-vz-67.jpg\",\"width\":1210,\"height\":762,\"caption\":\"Nederland 100 Gulden 1970 Michiel de Ruyter PMG 667\"},{\"@type\":\"BreadcrumbList\",\"@id\":\"https:\\\/\\\/www.david-coin.com\\\/product\\\/nederland-100-gulden-1970-michiel-de-ruyter-pmg-67\\\/#breadcrumb\",\"itemListElement\":[{\"@type\":\"ListItem\",\"position\":1,\"name\":\"Home\",\"item\":\"https:\\\/\\\/www.david-coin.com\\\/\"},{\"@type\":\"ListItem\",\"position\":2,\"name\":\"Winkel\",\"item\":\"https:\\\/\\\/www.david-coin.com\\\/winkel\\\/\"},{\"@type\":\"ListItem\",\"position\":3,\"name\":\"Nederland 100 Gulden 1970 Michiel de Ruyter PMG 67 EPQ\"}]},{\"@type\":\"WebSite\",\"@id\":\"https:\\\/\\\/www.david-coin.com\\\/#website\",\"url\":\"https:\\\/\\\/www.david-coin.com\\\/\",\"name\":\"David Coin\",\"description\":\"\",\"publisher\":{\"@id\":\"https:\\\/\\\/www.david-coin.com\\\/#organization\"},\"potentialAction\":[{\"@type\":\"SearchAction\",\"target\":{\"@type\":\"EntryPoint\",\"urlTemplate\":\"https:\\\/\\\/www.david-coin.com\\\/?s={search_term_string}\"},\"query-input\":{\"@type\":\"PropertyValueSpecification\",\"valueRequired\":true,\"valueName\":\"search_term_string\"}}],\"inLanguage\":\"de\"},{\"@type\":\"Organization\",\"@id\":\"https:\\\/\\\/www.david-coin.com\\\/#organization\",\"name\":\"David Coin\",\"url\":\"https:\\\/\\\/www.david-coin.com\\\/\",\"logo\":{\"@type\":\"ImageObject\",\"inLanguage\":\"de\",\"@id\":\"https:\\\/\\\/www.david-coin.com\\\/#\\\/schema\\\/logo\\\/image\\\/\",\"url\":\"https:\\\/\\\/www.david-coin.com\\\/wp-content\\\/uploads\\\/2024\\\/04\\\/davidcoin-logo-final.png\",\"contentUrl\":\"https:\\\/\\\/www.david-coin.com\\\/wp-content\\\/uploads\\\/2024\\\/04\\\/davidcoin-logo-final.png\",\"width\":800,\"height\":267,\"caption\":\"David Coin\"},\"image\":{\"@id\":\"https:\\\/\\\/www.david-coin.com\\\/#\\\/schema\\\/logo\\\/image\\\/\"},\"sameAs\":[\"https:\\\/\\\/www.facebook.com\\\/Davidcoininkoopenverkoop\",\"https:\\\/\\\/www.youtube.com\\\/channel\\\/UC39lihLKFSPTff0w6tv0pWQ\"]}]}<\/script>\n<meta property=\"product:price:amount\" content=\"495.00\" \/>\n<meta property=\"product:price:currency\" content=\"EUR\" \/>\n<meta property=\"og:availability\" content=\"instock\" \/>\n<meta property=\"product:availability\" content=\"instock\" \/>\n<meta property=\"product:retailer_item_id\" content=\"2989\" \/>\n<meta property=\"product:condition\" content=\"new\" \/>\n<!-- \/ Yoast SEO Premium plugin. -->","yoast_head_json":{"title":"Nederland 100 Gulden 1970 Michiel de Ruyter PMG 67","description":"Nederlandse bankbiljetten bij David-coin. Bekijk ons complete aanbod uit de guldentijd. Gratis verzending binnen Nederland vanaf 75 euro.","robots":{"index":"index","follow":"follow","max-snippet":"max-snippet:-1","max-image-preview":"max-image-preview:large","max-video-preview":"max-video-preview:-1"},"canonical":"https:\/\/www.david-coin.com\/de\/produkt\/nederland-100-gulden-1970-michiel-de-ruyter-pmg-67\/","og_locale":"de_DE","og_type":"article","og_title":"Nederland 100 Gulden 1970 Michiel de Ruyter PMG 67 EPQ","og_description":"Nederlandse bankbiljetten bij David-coin. Bekijk ons complete aanbod uit de guldentijd. Gratis verzending binnen Nederland vanaf 75 euro.","og_url":"https:\/\/www.david-coin.com\/de\/produkt\/nederland-100-gulden-1970-michiel-de-ruyter-pmg-67\/","og_site_name":"David Coin","article_publisher":"https:\/\/www.facebook.com\/Davidcoininkoopenverkoop","og_image":[{"width":1210,"height":762,"url":"https:\/\/www.david-coin.com\/wp-content\/uploads\/2026\/03\/Nederland-100gulden-1970-vz-67.jpg","type":"image\/jpeg"}],"twitter_card":"summary_large_image","twitter_misc":{"Preis":"&euro;&nbsp;495,00","Verf\u00fcgbarkeit":"Auf Lager"},"schema":{"@context":"https:\/\/schema.org","@graph":[{"@type":"WebPage","@id":"https:\/\/www.david-coin.com\/product\/nederland-100-gulden-1970-michiel-de-ruyter-pmg-67\/","url":"https:\/\/www.david-coin.com\/product\/nederland-100-gulden-1970-michiel-de-ruyter-pmg-67\/","name":"Nederland 100 Gulden 1970 Michiel de Ruyter PMG 67","isPartOf":{"@id":"https:\/\/www.david-coin.com\/#website"},"primaryImageOfPage":{"@id":"https:\/\/www.david-coin.com\/product\/nederland-100-gulden-1970-michiel-de-ruyter-pmg-67\/#primaryimage"},"image":{"@id":"https:\/\/www.david-coin.com\/product\/nederland-100-gulden-1970-michiel-de-ruyter-pmg-67\/#primaryimage"},"thumbnailUrl":"https:\/\/www.david-coin.com\/wp-content\/uploads\/2026\/03\/Nederland-100gulden-1970-vz-67.jpg","datePublished":"2026-03-20T19:15:19+00:00","description":"Nederlandse bankbiljetten bij David-coin. Bekijk ons complete aanbod uit de guldentijd. Gratis verzending binnen Nederland vanaf 75 euro.","breadcrumb":{"@id":"https:\/\/www.david-coin.com\/product\/nederland-100-gulden-1970-michiel-de-ruyter-pmg-67\/#breadcrumb"},"inLanguage":"de","potentialAction":[{"@type":"ReadAction","target":["https:\/\/www.david-coin.com\/product\/nederland-100-gulden-1970-michiel-de-ruyter-pmg-67\/"]}]},{"@type":"ImageObject","inLanguage":"de","@id":"https:\/\/www.david-coin.com\/product\/nederland-100-gulden-1970-michiel-de-ruyter-pmg-67\/#primaryimage","url":"https:\/\/www.david-coin.com\/wp-content\/uploads\/2026\/03\/Nederland-100gulden-1970-vz-67.jpg","contentUrl":"https:\/\/www.david-coin.com\/wp-content\/uploads\/2026\/03\/Nederland-100gulden-1970-vz-67.jpg","width":1210,"height":762,"caption":"Nederland 100 Gulden 1970 Michiel de Ruyter PMG 667"},{"@type":"BreadcrumbList","@id":"https:\/\/www.david-coin.com\/product\/nederland-100-gulden-1970-michiel-de-ruyter-pmg-67\/#breadcrumb","itemListElement":[{"@type":"ListItem","position":1,"name":"Home","item":"https:\/\/www.david-coin.com\/"},{"@type":"ListItem","position":2,"name":"Winkel","item":"https:\/\/www.david-coin.com\/winkel\/"},{"@type":"ListItem","position":3,"name":"Nederland 100 Gulden 1970 Michiel de Ruyter PMG 67 EPQ"}]},{"@type":"WebSite","@id":"https:\/\/www.david-coin.com\/#website","url":"https:\/\/www.david-coin.com\/","name":"David Coin","description":"","publisher":{"@id":"https:\/\/www.david-coin.com\/#organization"},"potentialAction":[{"@type":"SearchAction","target":{"@type":"EntryPoint","urlTemplate":"https:\/\/www.david-coin.com\/?s={search_term_string}"},"query-input":{"@type":"PropertyValueSpecification","valueRequired":true,"valueName":"search_term_string"}}],"inLanguage":"de"},{"@type":"Organization","@id":"https:\/\/www.david-coin.com\/#organization","name":"David Coin","url":"https:\/\/www.david-coin.com\/","logo":{"@type":"ImageObject","inLanguage":"de","@id":"https:\/\/www.david-coin.com\/#\/schema\/logo\/image\/","url":"https:\/\/www.david-coin.com\/wp-content\/uploads\/2024\/04\/davidcoin-logo-final.png","contentUrl":"https:\/\/www.david-coin.com\/wp-content\/uploads\/2024\/04\/davidcoin-logo-final.png","width":800,"height":267,"caption":"David Coin"},"image":{"@id":"https:\/\/www.david-coin.com\/#\/schema\/logo\/image\/"},"sameAs":["https:\/\/www.facebook.com\/Davidcoininkoopenverkoop","https:\/\/www.youtube.com\/channel\/UC39lihLKFSPTff0w6tv0pWQ"]}]},"product_price_amount":"495.00","product_price_currency":"EUR","og_availability":"instock","product_availability":"instock","product_retailer_item_id":"2989","product_condition":"new"},"_links":{"self":[{"href":"https:\/\/www.david-coin.com\/de\/wp-json\/wp\/v2\/product\/163784","targetHints":{"allow":["GET"]}}],"collection":[{"href":"https:\/\/www.david-coin.com\/de\/wp-json\/wp\/v2\/product"}],"about":[{"href":"https:\/\/www.david-coin.com\/de\/wp-json\/wp\/v2\/types\/product"}],"replies":[{"embeddable":true,"href":"https:\/\/www.david-coin.com\/de\/wp-json\/wp\/v2\/comments?post=163784"}],"wp:featuredmedia":[{"embeddable":true,"href":"https:\/\/www.david-coin.com\/de\/wp-json\/wp\/v2\/media\/163738"}],"wp:attachment":[{"href":"https:\/\/www.david-coin.com\/de\/wp-json\/wp\/v2\/media?parent=163784"}],"wp:term":[{"taxonomy":"product_brand","embeddable":true,"href":"https:\/\/www.david-coin.com\/de\/wp-json\/wp\/v2\/product_brand?post=163784"},{"taxonomy":"product_cat","embeddable":true,"href":"https:\/\/www.david-coin.com\/de\/wp-json\/wp\/v2\/product_cat?post=163784"},{"taxonomy":"product_tag","embeddable":true,"href":"https:\/\/www.david-coin.com\/de\/wp-json\/wp\/v2\/product_tag?post=163784"}],"curies":[{"name":"wp","href":"https:\/\/api.w.org\/{rel}","templated":true}]}}