{"id":160044,"date":"2026-01-19T12:32:30","date_gmt":"2026-01-19T11:32:30","guid":{"rendered":"https:\/\/www.david-coin.com\/?post_type=product&#038;p=160044"},"modified":"2026-01-27T17:01:58","modified_gmt":"2026-01-27T16:01:58","slug":"china-30-gram-zilveren-panda-2023-gekleurd","status":"publish","type":"product","link":"https:\/\/www.david-coin.com\/de\/produkt\/china-30-gram-zilveren-panda-2023-gekleurd\/","title":{"rendered":"China 30 gram Zilveren panda 2023 gekleurd"},"content":{"rendered":"<blockquote><p><span style=\"font-size: 12pt;\"><strong><span style=\"font-family: arial, helvetica, sans-serif;\">China 30 gram Zilveren panda 2023 gekleurd<\/span><\/strong><\/span><\/p><\/blockquote>\n<p><span style=\"color: #000000; font-family: arial, helvetica, sans-serif; font-size: 12pt;\">Der Chinesische Silberpanda ( Chinesisch :<span lang=\"zh\">\u718a\u732b \u94f6\u5e01<\/span>;\u00a0<a style=\"color: #000000;\" title=\"Pinyin\" href=\"https:\/\/en.wikipedia.org\/wiki\/Pinyin\">Pinyin<\/a>\u00a0:\u00a0<i><span lang=\"zh-Latn-pinyin\">xi\u00f3ngm\u0101o y\u00ednb\u00ec<\/span><\/i>\u00a0) ist eine Serie von Silber-Anlagem\u00fcnzen, die von der Volksrepublik China herausgegeben wird. Das Design des Pandas wird jedes Jahr ge\u00e4ndert und in verschiedenen Gr\u00f6\u00dfen und St\u00fcckelungen gepr\u00e4gt, von 0,5 Feinunzen bis 1 Kilogramm. Seit 2016 werden die Pandas in metrischen Gr\u00f6\u00dfen gepr\u00e4gt. Die 1\u00a0<a style=\"color: #000000;\" title=\"Troy Gewicht\" href=\"https:\/\/en.wikipedia.org\/wiki\/Troy_weight\">troy<\/a>\u00a0Unze wurde auf 30 Gramm reduziert, w\u00e4hrend die 5 Feinunze auf 150 Gramm reduziert wurde. Ein beliebtes Sammlerst\u00fcck bei Anlegern und Sammlern gleicherma\u00dfen.<\/span><\/p>\n<p><strong><span style=\"font-family: arial, helvetica, sans-serif; font-size: 12pt;\">Deze munt betreft de gekleurde versie.<\/span><\/strong><\/p>\n<p><span style=\"color: #000000; font-family: arial, helvetica, sans-serif; font-size: 12pt;\">Gewicht:30 Gramm<br \/>\nPr\u00fcfung:999\/1000\u00a0<\/span><\/p>\n<p><span style=\"color: #000000; font-family: arial, helvetica, sans-serif; font-size: 12pt;\">Vb-Foto. Sie werden eine identische Kopie erhalten.<br \/>\nSiehe Scans f\u00fcr weitere Einzelheiten.<br \/>\nBei Fragen k\u00f6nnen Sie uns gerne eine Nachricht schicken.<\/span><\/p>\n<p><span style=\"font-family: arial, helvetica, sans-serif; font-size: 12pt;\">\u00a0<\/span><\/p>","protected":false},"excerpt":{"rendered":"<p>999\/1000<\/p>","protected":false},"featured_media":159371,"comment_status":"closed","ping_status":"closed","template":"","meta":[],"product_brand":[],"product_cat":[5485,5479,5602,5968],"product_tag":[],"class_list":{"0":"post-160044","1":"product","2":"type-product","3":"status-publish","4":"has-post-thumbnail","6":"product_cat-azie","7":"product_cat-edelmetaal-goud-kopen","8":"product_cat-troy-ounce-munten","9":"product_cat-zilveren-chinese-panda","10":"pa_gewicht-30gram","11":"pa_kwaliteit-proof","12":"pa_land-china","13":"pa_materiaal-zilver","14":"pa_muntwaarde-10yuan","15":"pa_soort-gekleurd","17":"first","18":"instock","19":"taxable","20":"shipping-taxable","21":"purchasable","22":"product-type-simple"},"yoast_head":"<!-- This site is optimized with the Yoast SEO Premium plugin v27.2 (Yoast SEO v27.5) - https:\/\/yoast.com\/product\/yoast-seo-premium-wordpress\/ -->\n<title>China 30 gram Zilveren panda 2023 gekleurd<\/title>\n<meta name=\"description\" content=\"Deze munt bevat een gewicht van 30 gram en is puur zilver (999\/1000). Betaal veilig, snel en profiteer van onze aanbiedingen.\" \/>\n<meta name=\"robots\" content=\"index, follow, max-snippet:-1, max-image-preview:large, max-video-preview:-1\" \/>\n<link rel=\"canonical\" href=\"https:\/\/www.david-coin.com\/de\/produkt\/china-30-gram-zilveren-panda-2023-gekleurd\/\" \/>\n<meta property=\"og:locale\" content=\"de_DE\" \/>\n<meta property=\"og:type\" content=\"article\" \/>\n<meta property=\"og:title\" content=\"China 30 gram Zilveren panda 2023 gekleurd\" \/>\n<meta property=\"og:description\" content=\"Deze munt bevat een gewicht van 30 gram en is puur zilver (999\/1000). Betaal veilig, snel en profiteer van onze aanbiedingen.\" \/>\n<meta property=\"og:url\" content=\"https:\/\/www.david-coin.com\/de\/produkt\/china-30-gram-zilveren-panda-2023-gekleurd\/\" \/>\n<meta property=\"og:site_name\" content=\"David Coin\" \/>\n<meta property=\"article:publisher\" content=\"https:\/\/www.facebook.com\/Davidcoininkoopenverkoop\" \/>\n<meta property=\"article:modified_time\" content=\"2026-01-27T16:01:58+00:00\" \/>\n<meta property=\"og:image\" content=\"https:\/\/www.david-coin.com\/wp-content\/uploads\/2026\/01\/TroyOunce-pandagekleurd-China-2023-az.jpg\" \/>\n\t<meta property=\"og:image:width\" content=\"742\" \/>\n\t<meta property=\"og:image:height\" content=\"742\" \/>\n\t<meta property=\"og:image:type\" content=\"image\/jpeg\" \/>\n<meta name=\"twitter:card\" content=\"summary_large_image\" \/>\n<meta name=\"twitter:label1\" content=\"Preis\" \/>\n\t<meta name=\"twitter:data1\" content=\"&euro;&nbsp;108,43\" \/>\n\t<meta name=\"twitter:label2\" content=\"Verf\u00fcgbarkeit\" \/>\n\t<meta name=\"twitter:data2\" content=\"Auf Lager\" \/>\n<script type=\"application\/ld+json\" class=\"yoast-schema-graph\">{\"@context\":\"https:\\\/\\\/schema.org\",\"@graph\":[{\"@type\":\"WebPage\",\"@id\":\"https:\\\/\\\/www.david-coin.com\\\/product\\\/china-30-gram-zilveren-panda-2023-gekleurd\\\/\",\"url\":\"https:\\\/\\\/www.david-coin.com\\\/product\\\/china-30-gram-zilveren-panda-2023-gekleurd\\\/\",\"name\":\"China 30 gram Zilveren panda 2023 gekleurd\",\"isPartOf\":{\"@id\":\"https:\\\/\\\/www.david-coin.com\\\/#website\"},\"primaryImageOfPage\":{\"@id\":\"https:\\\/\\\/www.david-coin.com\\\/product\\\/china-30-gram-zilveren-panda-2023-gekleurd\\\/#primaryimage\"},\"image\":{\"@id\":\"https:\\\/\\\/www.david-coin.com\\\/product\\\/china-30-gram-zilveren-panda-2023-gekleurd\\\/#primaryimage\"},\"thumbnailUrl\":\"https:\\\/\\\/www.david-coin.com\\\/wp-content\\\/uploads\\\/2026\\\/01\\\/TroyOunce-pandagekleurd-China-2023-az.jpg\",\"datePublished\":\"2026-01-19T11:32:30+00:00\",\"dateModified\":\"2026-01-27T16:01:58+00:00\",\"description\":\"Deze munt bevat een gewicht van 30 gram en is puur zilver (999\\\/1000). Betaal veilig, snel en profiteer van onze aanbiedingen.\",\"breadcrumb\":{\"@id\":\"https:\\\/\\\/www.david-coin.com\\\/product\\\/china-30-gram-zilveren-panda-2023-gekleurd\\\/#breadcrumb\"},\"inLanguage\":\"de\",\"potentialAction\":[{\"@type\":\"ReadAction\",\"target\":[\"https:\\\/\\\/www.david-coin.com\\\/product\\\/china-30-gram-zilveren-panda-2023-gekleurd\\\/\"]}]},{\"@type\":\"ImageObject\",\"inLanguage\":\"de\",\"@id\":\"https:\\\/\\\/www.david-coin.com\\\/product\\\/china-30-gram-zilveren-panda-2023-gekleurd\\\/#primaryimage\",\"url\":\"https:\\\/\\\/www.david-coin.com\\\/wp-content\\\/uploads\\\/2026\\\/01\\\/TroyOunce-pandagekleurd-China-2023-az.jpg\",\"contentUrl\":\"https:\\\/\\\/www.david-coin.com\\\/wp-content\\\/uploads\\\/2026\\\/01\\\/TroyOunce-pandagekleurd-China-2023-az.jpg\",\"width\":742,\"height\":742,\"caption\":\"China 1 Ounce Zilveren panda 2023 gekleurd\"},{\"@type\":\"BreadcrumbList\",\"@id\":\"https:\\\/\\\/www.david-coin.com\\\/product\\\/china-30-gram-zilveren-panda-2023-gekleurd\\\/#breadcrumb\",\"itemListElement\":[{\"@type\":\"ListItem\",\"position\":1,\"name\":\"Home\",\"item\":\"https:\\\/\\\/www.david-coin.com\\\/\"},{\"@type\":\"ListItem\",\"position\":2,\"name\":\"Winkel\",\"item\":\"https:\\\/\\\/www.david-coin.com\\\/winkel\\\/\"},{\"@type\":\"ListItem\",\"position\":3,\"name\":\"China 30 gram Zilveren panda 2023 gekleurd\"}]},{\"@type\":\"WebSite\",\"@id\":\"https:\\\/\\\/www.david-coin.com\\\/#website\",\"url\":\"https:\\\/\\\/www.david-coin.com\\\/\",\"name\":\"David Coin\",\"description\":\"\",\"publisher\":{\"@id\":\"https:\\\/\\\/www.david-coin.com\\\/#organization\"},\"potentialAction\":[{\"@type\":\"SearchAction\",\"target\":{\"@type\":\"EntryPoint\",\"urlTemplate\":\"https:\\\/\\\/www.david-coin.com\\\/?s={search_term_string}\"},\"query-input\":{\"@type\":\"PropertyValueSpecification\",\"valueRequired\":true,\"valueName\":\"search_term_string\"}}],\"inLanguage\":\"de\"},{\"@type\":\"Organization\",\"@id\":\"https:\\\/\\\/www.david-coin.com\\\/#organization\",\"name\":\"David Coin\",\"url\":\"https:\\\/\\\/www.david-coin.com\\\/\",\"logo\":{\"@type\":\"ImageObject\",\"inLanguage\":\"de\",\"@id\":\"https:\\\/\\\/www.david-coin.com\\\/#\\\/schema\\\/logo\\\/image\\\/\",\"url\":\"https:\\\/\\\/www.david-coin.com\\\/wp-content\\\/uploads\\\/2024\\\/04\\\/davidcoin-logo-final.png\",\"contentUrl\":\"https:\\\/\\\/www.david-coin.com\\\/wp-content\\\/uploads\\\/2024\\\/04\\\/davidcoin-logo-final.png\",\"width\":800,\"height\":267,\"caption\":\"David Coin\"},\"image\":{\"@id\":\"https:\\\/\\\/www.david-coin.com\\\/#\\\/schema\\\/logo\\\/image\\\/\"},\"sameAs\":[\"https:\\\/\\\/www.facebook.com\\\/Davidcoininkoopenverkoop\",\"https:\\\/\\\/www.youtube.com\\\/channel\\\/UC39lihLKFSPTff0w6tv0pWQ\"]}]}<\/script>\n<meta property=\"product:price:amount\" content=\"108.43\" \/>\n<meta property=\"product:price:currency\" content=\"EUR\" \/>\n<meta property=\"og:availability\" content=\"instock\" \/>\n<meta property=\"product:availability\" content=\"instock\" \/>\n<meta property=\"product:retailer_item_id\" content=\"70094\" \/>\n<meta property=\"product:condition\" content=\"new\" \/>\n<!-- \/ Yoast SEO Premium plugin. -->","yoast_head_json":{"title":"China 30 gram Zilveren panda 2023 gekleurd","description":"Deze munt bevat een gewicht van 30 gram en is puur zilver (999\/1000). Betaal veilig, snel en profiteer van onze aanbiedingen.","robots":{"index":"index","follow":"follow","max-snippet":"max-snippet:-1","max-image-preview":"max-image-preview:large","max-video-preview":"max-video-preview:-1"},"canonical":"https:\/\/www.david-coin.com\/de\/produkt\/china-30-gram-zilveren-panda-2023-gekleurd\/","og_locale":"de_DE","og_type":"article","og_title":"China 30 gram Zilveren panda 2023 gekleurd","og_description":"Deze munt bevat een gewicht van 30 gram en is puur zilver (999\/1000). Betaal veilig, snel en profiteer van onze aanbiedingen.","og_url":"https:\/\/www.david-coin.com\/de\/produkt\/china-30-gram-zilveren-panda-2023-gekleurd\/","og_site_name":"David Coin","article_publisher":"https:\/\/www.facebook.com\/Davidcoininkoopenverkoop","article_modified_time":"2026-01-27T16:01:58+00:00","og_image":[{"width":742,"height":742,"url":"https:\/\/www.david-coin.com\/wp-content\/uploads\/2026\/01\/TroyOunce-pandagekleurd-China-2023-az.jpg","type":"image\/jpeg"}],"twitter_card":"summary_large_image","twitter_misc":{"Preis":"&euro;&nbsp;108,43","Verf\u00fcgbarkeit":"Auf Lager"},"schema":{"@context":"https:\/\/schema.org","@graph":[{"@type":"WebPage","@id":"https:\/\/www.david-coin.com\/product\/china-30-gram-zilveren-panda-2023-gekleurd\/","url":"https:\/\/www.david-coin.com\/product\/china-30-gram-zilveren-panda-2023-gekleurd\/","name":"China 30 gram Zilveren panda 2023 gekleurd","isPartOf":{"@id":"https:\/\/www.david-coin.com\/#website"},"primaryImageOfPage":{"@id":"https:\/\/www.david-coin.com\/product\/china-30-gram-zilveren-panda-2023-gekleurd\/#primaryimage"},"image":{"@id":"https:\/\/www.david-coin.com\/product\/china-30-gram-zilveren-panda-2023-gekleurd\/#primaryimage"},"thumbnailUrl":"https:\/\/www.david-coin.com\/wp-content\/uploads\/2026\/01\/TroyOunce-pandagekleurd-China-2023-az.jpg","datePublished":"2026-01-19T11:32:30+00:00","dateModified":"2026-01-27T16:01:58+00:00","description":"Deze munt bevat een gewicht van 30 gram en is puur zilver (999\/1000). Betaal veilig, snel en profiteer van onze aanbiedingen.","breadcrumb":{"@id":"https:\/\/www.david-coin.com\/product\/china-30-gram-zilveren-panda-2023-gekleurd\/#breadcrumb"},"inLanguage":"de","potentialAction":[{"@type":"ReadAction","target":["https:\/\/www.david-coin.com\/product\/china-30-gram-zilveren-panda-2023-gekleurd\/"]}]},{"@type":"ImageObject","inLanguage":"de","@id":"https:\/\/www.david-coin.com\/product\/china-30-gram-zilveren-panda-2023-gekleurd\/#primaryimage","url":"https:\/\/www.david-coin.com\/wp-content\/uploads\/2026\/01\/TroyOunce-pandagekleurd-China-2023-az.jpg","contentUrl":"https:\/\/www.david-coin.com\/wp-content\/uploads\/2026\/01\/TroyOunce-pandagekleurd-China-2023-az.jpg","width":742,"height":742,"caption":"China 1 Ounce Zilveren panda 2023 gekleurd"},{"@type":"BreadcrumbList","@id":"https:\/\/www.david-coin.com\/product\/china-30-gram-zilveren-panda-2023-gekleurd\/#breadcrumb","itemListElement":[{"@type":"ListItem","position":1,"name":"Home","item":"https:\/\/www.david-coin.com\/"},{"@type":"ListItem","position":2,"name":"Winkel","item":"https:\/\/www.david-coin.com\/winkel\/"},{"@type":"ListItem","position":3,"name":"China 30 gram Zilveren panda 2023 gekleurd"}]},{"@type":"WebSite","@id":"https:\/\/www.david-coin.com\/#website","url":"https:\/\/www.david-coin.com\/","name":"David Coin","description":"","publisher":{"@id":"https:\/\/www.david-coin.com\/#organization"},"potentialAction":[{"@type":"SearchAction","target":{"@type":"EntryPoint","urlTemplate":"https:\/\/www.david-coin.com\/?s={search_term_string}"},"query-input":{"@type":"PropertyValueSpecification","valueRequired":true,"valueName":"search_term_string"}}],"inLanguage":"de"},{"@type":"Organization","@id":"https:\/\/www.david-coin.com\/#organization","name":"David Coin","url":"https:\/\/www.david-coin.com\/","logo":{"@type":"ImageObject","inLanguage":"de","@id":"https:\/\/www.david-coin.com\/#\/schema\/logo\/image\/","url":"https:\/\/www.david-coin.com\/wp-content\/uploads\/2024\/04\/davidcoin-logo-final.png","contentUrl":"https:\/\/www.david-coin.com\/wp-content\/uploads\/2024\/04\/davidcoin-logo-final.png","width":800,"height":267,"caption":"David Coin"},"image":{"@id":"https:\/\/www.david-coin.com\/#\/schema\/logo\/image\/"},"sameAs":["https:\/\/www.facebook.com\/Davidcoininkoopenverkoop","https:\/\/www.youtube.com\/channel\/UC39lihLKFSPTff0w6tv0pWQ"]}]},"product_price_amount":"108.43","product_price_currency":"EUR","og_availability":"instock","product_availability":"instock","product_retailer_item_id":"70094","product_condition":"new"},"_links":{"self":[{"href":"https:\/\/www.david-coin.com\/de\/wp-json\/wp\/v2\/product\/160044","targetHints":{"allow":["GET"]}}],"collection":[{"href":"https:\/\/www.david-coin.com\/de\/wp-json\/wp\/v2\/product"}],"about":[{"href":"https:\/\/www.david-coin.com\/de\/wp-json\/wp\/v2\/types\/product"}],"replies":[{"embeddable":true,"href":"https:\/\/www.david-coin.com\/de\/wp-json\/wp\/v2\/comments?post=160044"}],"wp:featuredmedia":[{"embeddable":true,"href":"https:\/\/www.david-coin.com\/de\/wp-json\/wp\/v2\/media\/159371"}],"wp:attachment":[{"href":"https:\/\/www.david-coin.com\/de\/wp-json\/wp\/v2\/media?parent=160044"}],"wp:term":[{"taxonomy":"product_brand","embeddable":true,"href":"https:\/\/www.david-coin.com\/de\/wp-json\/wp\/v2\/product_brand?post=160044"},{"taxonomy":"product_cat","embeddable":true,"href":"https:\/\/www.david-coin.com\/de\/wp-json\/wp\/v2\/product_cat?post=160044"},{"taxonomy":"product_tag","embeddable":true,"href":"https:\/\/www.david-coin.com\/de\/wp-json\/wp\/v2\/product_tag?post=160044"}],"curies":[{"name":"wp","href":"https:\/\/api.w.org\/{rel}","templated":true}]}}