{"id":157199,"date":"2025-11-28T09:45:49","date_gmt":"2025-11-28T08:45:49","guid":{"rendered":"https:\/\/www.david-coin.com\/?post_type=product&#038;p=157199"},"modified":"2026-01-27T17:44:52","modified_gmt":"2026-01-27T16:44:52","slug":"nederland-1-gulden-muntbiljet-wilhelmina-1945-pmg-64-epq","status":"publish","type":"product","link":"https:\/\/www.david-coin.com\/de\/produkt\/nederland-1-gulden-muntbiljet-wilhelmina-1945-pmg-64-epq\/","title":{"rendered":"Nederland 1 gulden muntbiljet Wilhelmina 1945 PMG 64 EPQ"},"content":{"rendered":"<p><strong>Nederland 1 gulden muntbiljet Wilhelmina 1945 PMG 64 EPQ<\/strong><\/p>\n<p>Qualit\u00e4t: UNC<\/p>\n<p>Au\u00dfergew\u00f6hnliche Papierqualit\u00e4t<br style=\"--tw-scale-x: 1; --tw-scale-y: 1; --tw-scroll-snap-strictness: proximity; --tw-ring-offset-width: 0px; --tw-ring-offset-color: #fff; --tw-ring-color: #3b82f680; --tw-ring-offset-shadow: 0 0 #0000; --tw-ring-shadow: 0 0 #0000; --tw-shadow: 0 0 #0000; --tw-shadow-colored: 0 0 #0000;\" \/>Qualit\u00e4t: Edelstein unzirkuliert<br style=\"--tw-scale-x: 1; --tw-scale-y: 1; --tw-scroll-snap-strictness: proximity; --tw-ring-offset-width: 0px; --tw-ring-offset-color: #fff; --tw-ring-color: #3b82f680; --tw-ring-offset-shadow: 0 0 #0000; --tw-ring-shadow: 0 0 #0000; --tw-shadow: 0 0 #0000; --tw-shadow-colored: 0 0 #0000;\" \/>Tipp: 70<br style=\"--tw-scale-x: 1; --tw-scale-y: 1; --tw-scroll-snap-strictness: proximity; --tw-ring-offset-width: 0px; --tw-ring-offset-color: #fff; --tw-ring-color: #3b82f680; --tw-ring-offset-shadow: 0 0 #0000; --tw-ring-shadow: 0 0 #0000; --tw-shadow: 0 0 #0000; --tw-shadow-colored: 0 0 #0000;\" \/>NVMH: 06-1a<br \/>\nPlomp: PL6.a1.<\/p>\n<p><strong style=\"--tw-scale-x: 1; --tw-scale-y: 1; --tw-scroll-snap-strictness: proximity; --tw-ring-offset-width: 0px; --tw-ring-offset-color: #fff; --tw-ring-color: #3b82f680; --tw-ring-offset-shadow: 0 0 #0000; --tw-ring-shadow: 0 0 #0000; --tw-shadow: 0 0 #0000; --tw-shadow-colored: 0 0 #0000;\">Zur Qualit\u00e4t<\/strong><br style=\"--tw-scale-x: 1; --tw-scale-y: 1; --tw-scroll-snap-strictness: proximity; --tw-ring-offset-width: 0px; --tw-ring-offset-color: #fff; --tw-ring-color: #3b82f680; --tw-ring-offset-shadow: 0 0 #0000; --tw-ring-shadow: 0 0 #0000; --tw-shadow: 0 0 #0000; --tw-shadow-colored: 0 0 #0000;\" \/>Het bankbiljet is gekeurd\/graded in PMG 64 EPQ, oftewel UNC. Het biljet is ongebruikt en heeft geen vouwlijnen, ezelsoren of kreukels.<\/p>\n<p><strong>Niederlande 1-Gulden-M\u00fcnzschein Wilhelmina 1945<\/strong><\/p>\n<p>Da bereits geplant war, die Wirtschaft nach der Befreiung durch eine Gelds\u00e4uberung wiederherzustellen, musste auch neues Geld hergestellt werden, um das alte Geld einzutauschen. Daher wurden in London (bei Thomas de la Rue) Ein- und Zweieinhalb-Gulden-Noten gedruckt, um bei der Befreiung gen\u00fcgend neues Geld zu haben. Der Ein-Gulden-Schein von 1945 tr\u00e4gt auf der Vorderseite die Unterschrift des Finanzministers Gerardus Wilhelmus Maria Huysmans. Sp\u00e4ter im Jahr 1945 wurden auch Zehn- und Hundertguldenscheine gedruckt, und die Serie besteht insgesamt aus folgenden Scheinen:<br \/>\n1.\u00a0<a href=\"https:\/\/www.david-coin.com\/de\/produkt\/nederland-1-gulden-1945-wilhelmina-1\/\">Ein-Gulden-M\u00fcnzschein 1945 Wilhelmina<\/a>;<br \/>\n2.\u00a0<a href=\"https:\/\/www.david-coin.com\/de\/produkt\/nederland-25-gulden-1945-wilhelmina-2\/\">Zweieinhalb-Gulden-M\u00fcnzschein 1945 Wilhelmina<\/a>;<br \/>\n3.\u00a0<a href=\"https:\/\/www.david-coin.com\/de\/produkt\/nederland-10-gulden-1945-lieftinck-2\/\">Gelds\u00e4uberung f\u00fcr zehn Gulden (Lieftincks Zehner);<\/a><br \/>\n4.\u00a0<a href=\"https:\/\/www.david-coin.com\/de\/produkt\/nederland-100-gulden-1945-geldzuivering-3\/\">Hundert Gulden Bargeldabschaffung.<\/a><\/p>\n<p>Die Banknoten wurden schlie\u00dflich Ende der 1940er Jahre aus dem Verkehr gezogen, als\u00a0<a href=\"https:\/\/www.david-coin.com\/de\/produkt-kategorie\/nederlandse-munten\/wilhelmina-1890-1948\/?jsf=jet-woo-products-grid&amp;pagenum=4\">K\u00f6nigin Wilhelmina<\/a>\u00a0dankte ab und K\u00f6nigin Juliana bestieg den Thron.<\/p>\n<p>Siehe Scans f\u00fcr weitere Einzelheiten.<br \/>\nBei Fragen k\u00f6nnen Sie uns gerne eine Nachricht schicken.<\/p>\n<p>Siehe Scans f\u00fcr weitere Einzelheiten.<br style=\"--tw-scale-x: 1; --tw-scale-y: 1; --tw-scroll-snap-strictness: proximity; --tw-ring-offset-width: 0px; --tw-ring-offset-color: #fff; --tw-ring-color: #3b82f680; --tw-ring-offset-shadow: 0 0 #0000; --tw-ring-shadow: 0 0 #0000; --tw-shadow: 0 0 #0000; --tw-shadow-colored: 0 0 #0000;\" \/>Bei Fragen k\u00f6nnen Sie uns gerne eine Nachricht schicken.<\/p>","protected":false},"excerpt":{"rendered":"<p>Gecertificeerd bankbiljet<\/p>","protected":false},"featured_media":157203,"comment_status":"closed","ping_status":"closed","template":"","meta":[],"product_brand":[],"product_cat":[5488,5472],"product_tag":[],"class_list":{"0":"post-157199","1":"product","2":"type-product","3":"status-publish","4":"has-post-thumbnail","6":"product_cat-1-gulden-biljet","7":"product_cat-nederlandse-bankbiljetten","8":"pa_bankbiljetwaarde-1gulden","9":"pa_kwaliteit-unc","10":"pa_soort-pmgnotes","12":"first","13":"instock","14":"taxable","15":"shipping-taxable","16":"purchasable","17":"product-type-simple"},"yoast_head":"<!-- This site is optimized with the Yoast SEO Premium plugin v27.2 (Yoast SEO v27.4) - https:\/\/yoast.com\/product\/yoast-seo-premium-wordpress\/ -->\n<title>Nederland 1 gulden muntbiljet Wilhelmina 1945 PMG 64 EPQ<\/title>\n<meta name=\"description\" content=\"1 gulden 1945 muntbiljet Wilhelmina kopen? Bekijk ons complete aanbod van 1 gulden t\/m 1000 gulden. Ruim assortiment Nederlands papiergeld.\" \/>\n<meta name=\"robots\" content=\"index, follow, max-snippet:-1, max-image-preview:large, max-video-preview:-1\" \/>\n<link rel=\"canonical\" href=\"https:\/\/www.david-coin.com\/de\/produkt\/nederland-1-gulden-muntbiljet-wilhelmina-1945-pmg-64-epq\/\" \/>\n<meta property=\"og:locale\" content=\"de_DE\" \/>\n<meta property=\"og:type\" content=\"article\" \/>\n<meta property=\"og:title\" content=\"Nederland 1 gulden muntbiljet Wilhelmina 1945 PMG 64 EPQ\" \/>\n<meta property=\"og:description\" content=\"1 gulden 1945 muntbiljet Wilhelmina kopen? Bekijk ons complete aanbod van 1 gulden t\/m 1000 gulden. Ruim assortiment Nederlands papiergeld.\" \/>\n<meta property=\"og:url\" content=\"https:\/\/www.david-coin.com\/de\/produkt\/nederland-1-gulden-muntbiljet-wilhelmina-1945-pmg-64-epq\/\" \/>\n<meta property=\"og:site_name\" content=\"David Coin\" \/>\n<meta property=\"article:publisher\" content=\"https:\/\/www.facebook.com\/Davidcoininkoopenverkoop\" \/>\n<meta property=\"article:modified_time\" content=\"2026-01-27T16:44:52+00:00\" \/>\n<meta property=\"og:image\" content=\"https:\/\/www.david-coin.com\/wp-content\/uploads\/2025\/11\/Nederland-1gulden-PMG64-1945-vz.jpg\" \/>\n\t<meta property=\"og:image:width\" content=\"1008\" \/>\n\t<meta property=\"og:image:height\" content=\"756\" \/>\n\t<meta property=\"og:image:type\" content=\"image\/jpeg\" \/>\n<meta name=\"twitter:card\" content=\"summary_large_image\" \/>\n<meta name=\"twitter:label1\" content=\"Preis\" \/>\n\t<meta name=\"twitter:data1\" content=\"&euro;&nbsp;159,95\" \/>\n\t<meta name=\"twitter:label2\" content=\"Verf\u00fcgbarkeit\" \/>\n\t<meta name=\"twitter:data2\" content=\"Auf Lager\" \/>\n<script type=\"application\/ld+json\" class=\"yoast-schema-graph\">{\"@context\":\"https:\\\/\\\/schema.org\",\"@graph\":[{\"@type\":\"WebPage\",\"@id\":\"https:\\\/\\\/www.david-coin.com\\\/product\\\/nederland-1-gulden-muntbiljet-wilhelmina-1945-pmg-64-epq\\\/\",\"url\":\"https:\\\/\\\/www.david-coin.com\\\/product\\\/nederland-1-gulden-muntbiljet-wilhelmina-1945-pmg-64-epq\\\/\",\"name\":\"Nederland 1 gulden muntbiljet Wilhelmina 1945 PMG 64 EPQ\",\"isPartOf\":{\"@id\":\"https:\\\/\\\/www.david-coin.com\\\/#website\"},\"primaryImageOfPage\":{\"@id\":\"https:\\\/\\\/www.david-coin.com\\\/product\\\/nederland-1-gulden-muntbiljet-wilhelmina-1945-pmg-64-epq\\\/#primaryimage\"},\"image\":{\"@id\":\"https:\\\/\\\/www.david-coin.com\\\/product\\\/nederland-1-gulden-muntbiljet-wilhelmina-1945-pmg-64-epq\\\/#primaryimage\"},\"thumbnailUrl\":\"https:\\\/\\\/www.david-coin.com\\\/wp-content\\\/uploads\\\/2025\\\/11\\\/Nederland-1gulden-PMG64-1945-vz.jpg\",\"datePublished\":\"2025-11-28T08:45:49+00:00\",\"dateModified\":\"2026-01-27T16:44:52+00:00\",\"description\":\"1 gulden 1945 muntbiljet Wilhelmina kopen? Bekijk ons complete aanbod van 1 gulden t\\\/m 1000 gulden. Ruim assortiment Nederlands papiergeld.\",\"breadcrumb\":{\"@id\":\"https:\\\/\\\/www.david-coin.com\\\/product\\\/nederland-1-gulden-muntbiljet-wilhelmina-1945-pmg-64-epq\\\/#breadcrumb\"},\"inLanguage\":\"de\",\"potentialAction\":[{\"@type\":\"ReadAction\",\"target\":[\"https:\\\/\\\/www.david-coin.com\\\/product\\\/nederland-1-gulden-muntbiljet-wilhelmina-1945-pmg-64-epq\\\/\"]}]},{\"@type\":\"ImageObject\",\"inLanguage\":\"de\",\"@id\":\"https:\\\/\\\/www.david-coin.com\\\/product\\\/nederland-1-gulden-muntbiljet-wilhelmina-1945-pmg-64-epq\\\/#primaryimage\",\"url\":\"https:\\\/\\\/www.david-coin.com\\\/wp-content\\\/uploads\\\/2025\\\/11\\\/Nederland-1gulden-PMG64-1945-vz.jpg\",\"contentUrl\":\"https:\\\/\\\/www.david-coin.com\\\/wp-content\\\/uploads\\\/2025\\\/11\\\/Nederland-1gulden-PMG64-1945-vz.jpg\",\"width\":1008,\"height\":756,\"caption\":\"Nederland-1gulden-PMG64-1945\"},{\"@type\":\"BreadcrumbList\",\"@id\":\"https:\\\/\\\/www.david-coin.com\\\/product\\\/nederland-1-gulden-muntbiljet-wilhelmina-1945-pmg-64-epq\\\/#breadcrumb\",\"itemListElement\":[{\"@type\":\"ListItem\",\"position\":1,\"name\":\"Home\",\"item\":\"https:\\\/\\\/www.david-coin.com\\\/\"},{\"@type\":\"ListItem\",\"position\":2,\"name\":\"Winkel\",\"item\":\"https:\\\/\\\/www.david-coin.com\\\/winkel\\\/\"},{\"@type\":\"ListItem\",\"position\":3,\"name\":\"Nederland 1 gulden muntbiljet Wilhelmina 1945 PMG 64 EPQ\"}]},{\"@type\":\"WebSite\",\"@id\":\"https:\\\/\\\/www.david-coin.com\\\/#website\",\"url\":\"https:\\\/\\\/www.david-coin.com\\\/\",\"name\":\"David Coin\",\"description\":\"\",\"publisher\":{\"@id\":\"https:\\\/\\\/www.david-coin.com\\\/#organization\"},\"potentialAction\":[{\"@type\":\"SearchAction\",\"target\":{\"@type\":\"EntryPoint\",\"urlTemplate\":\"https:\\\/\\\/www.david-coin.com\\\/?s={search_term_string}\"},\"query-input\":{\"@type\":\"PropertyValueSpecification\",\"valueRequired\":true,\"valueName\":\"search_term_string\"}}],\"inLanguage\":\"de\"},{\"@type\":\"Organization\",\"@id\":\"https:\\\/\\\/www.david-coin.com\\\/#organization\",\"name\":\"David Coin\",\"url\":\"https:\\\/\\\/www.david-coin.com\\\/\",\"logo\":{\"@type\":\"ImageObject\",\"inLanguage\":\"de\",\"@id\":\"https:\\\/\\\/www.david-coin.com\\\/#\\\/schema\\\/logo\\\/image\\\/\",\"url\":\"https:\\\/\\\/www.david-coin.com\\\/wp-content\\\/uploads\\\/2024\\\/04\\\/davidcoin-logo-final.png\",\"contentUrl\":\"https:\\\/\\\/www.david-coin.com\\\/wp-content\\\/uploads\\\/2024\\\/04\\\/davidcoin-logo-final.png\",\"width\":800,\"height\":267,\"caption\":\"David Coin\"},\"image\":{\"@id\":\"https:\\\/\\\/www.david-coin.com\\\/#\\\/schema\\\/logo\\\/image\\\/\"},\"sameAs\":[\"https:\\\/\\\/www.facebook.com\\\/Davidcoininkoopenverkoop\",\"https:\\\/\\\/www.youtube.com\\\/channel\\\/UC39lihLKFSPTff0w6tv0pWQ\"]}]}<\/script>\n<meta property=\"product:price:amount\" content=\"159.95\" \/>\n<meta property=\"product:price:currency\" content=\"EUR\" \/>\n<meta property=\"og:availability\" content=\"instock\" \/>\n<meta property=\"product:availability\" content=\"instock\" \/>\n<meta property=\"product:retailer_item_id\" content=\"2982\" \/>\n<meta property=\"product:condition\" content=\"new\" \/>\n<!-- \/ Yoast SEO Premium plugin. -->","yoast_head_json":{"title":"Nederland 1 gulden muntbiljet Wilhelmina 1945 PMG 64 EPQ","description":"1 gulden 1945 muntbiljet Wilhelmina kopen? Bekijk ons complete aanbod van 1 gulden t\/m 1000 gulden. Ruim assortiment Nederlands papiergeld.","robots":{"index":"index","follow":"follow","max-snippet":"max-snippet:-1","max-image-preview":"max-image-preview:large","max-video-preview":"max-video-preview:-1"},"canonical":"https:\/\/www.david-coin.com\/de\/produkt\/nederland-1-gulden-muntbiljet-wilhelmina-1945-pmg-64-epq\/","og_locale":"de_DE","og_type":"article","og_title":"Nederland 1 gulden muntbiljet Wilhelmina 1945 PMG 64 EPQ","og_description":"1 gulden 1945 muntbiljet Wilhelmina kopen? Bekijk ons complete aanbod van 1 gulden t\/m 1000 gulden. Ruim assortiment Nederlands papiergeld.","og_url":"https:\/\/www.david-coin.com\/de\/produkt\/nederland-1-gulden-muntbiljet-wilhelmina-1945-pmg-64-epq\/","og_site_name":"David Coin","article_publisher":"https:\/\/www.facebook.com\/Davidcoininkoopenverkoop","article_modified_time":"2026-01-27T16:44:52+00:00","og_image":[{"width":1008,"height":756,"url":"https:\/\/www.david-coin.com\/wp-content\/uploads\/2025\/11\/Nederland-1gulden-PMG64-1945-vz.jpg","type":"image\/jpeg"}],"twitter_card":"summary_large_image","twitter_misc":{"Preis":"&euro;&nbsp;159,95","Verf\u00fcgbarkeit":"Auf Lager"},"schema":{"@context":"https:\/\/schema.org","@graph":[{"@type":"WebPage","@id":"https:\/\/www.david-coin.com\/product\/nederland-1-gulden-muntbiljet-wilhelmina-1945-pmg-64-epq\/","url":"https:\/\/www.david-coin.com\/product\/nederland-1-gulden-muntbiljet-wilhelmina-1945-pmg-64-epq\/","name":"Nederland 1 gulden muntbiljet Wilhelmina 1945 PMG 64 EPQ","isPartOf":{"@id":"https:\/\/www.david-coin.com\/#website"},"primaryImageOfPage":{"@id":"https:\/\/www.david-coin.com\/product\/nederland-1-gulden-muntbiljet-wilhelmina-1945-pmg-64-epq\/#primaryimage"},"image":{"@id":"https:\/\/www.david-coin.com\/product\/nederland-1-gulden-muntbiljet-wilhelmina-1945-pmg-64-epq\/#primaryimage"},"thumbnailUrl":"https:\/\/www.david-coin.com\/wp-content\/uploads\/2025\/11\/Nederland-1gulden-PMG64-1945-vz.jpg","datePublished":"2025-11-28T08:45:49+00:00","dateModified":"2026-01-27T16:44:52+00:00","description":"1 gulden 1945 muntbiljet Wilhelmina kopen? Bekijk ons complete aanbod van 1 gulden t\/m 1000 gulden. Ruim assortiment Nederlands papiergeld.","breadcrumb":{"@id":"https:\/\/www.david-coin.com\/product\/nederland-1-gulden-muntbiljet-wilhelmina-1945-pmg-64-epq\/#breadcrumb"},"inLanguage":"de","potentialAction":[{"@type":"ReadAction","target":["https:\/\/www.david-coin.com\/product\/nederland-1-gulden-muntbiljet-wilhelmina-1945-pmg-64-epq\/"]}]},{"@type":"ImageObject","inLanguage":"de","@id":"https:\/\/www.david-coin.com\/product\/nederland-1-gulden-muntbiljet-wilhelmina-1945-pmg-64-epq\/#primaryimage","url":"https:\/\/www.david-coin.com\/wp-content\/uploads\/2025\/11\/Nederland-1gulden-PMG64-1945-vz.jpg","contentUrl":"https:\/\/www.david-coin.com\/wp-content\/uploads\/2025\/11\/Nederland-1gulden-PMG64-1945-vz.jpg","width":1008,"height":756,"caption":"Nederland-1gulden-PMG64-1945"},{"@type":"BreadcrumbList","@id":"https:\/\/www.david-coin.com\/product\/nederland-1-gulden-muntbiljet-wilhelmina-1945-pmg-64-epq\/#breadcrumb","itemListElement":[{"@type":"ListItem","position":1,"name":"Home","item":"https:\/\/www.david-coin.com\/"},{"@type":"ListItem","position":2,"name":"Winkel","item":"https:\/\/www.david-coin.com\/winkel\/"},{"@type":"ListItem","position":3,"name":"Nederland 1 gulden muntbiljet Wilhelmina 1945 PMG 64 EPQ"}]},{"@type":"WebSite","@id":"https:\/\/www.david-coin.com\/#website","url":"https:\/\/www.david-coin.com\/","name":"David Coin","description":"","publisher":{"@id":"https:\/\/www.david-coin.com\/#organization"},"potentialAction":[{"@type":"SearchAction","target":{"@type":"EntryPoint","urlTemplate":"https:\/\/www.david-coin.com\/?s={search_term_string}"},"query-input":{"@type":"PropertyValueSpecification","valueRequired":true,"valueName":"search_term_string"}}],"inLanguage":"de"},{"@type":"Organization","@id":"https:\/\/www.david-coin.com\/#organization","name":"David Coin","url":"https:\/\/www.david-coin.com\/","logo":{"@type":"ImageObject","inLanguage":"de","@id":"https:\/\/www.david-coin.com\/#\/schema\/logo\/image\/","url":"https:\/\/www.david-coin.com\/wp-content\/uploads\/2024\/04\/davidcoin-logo-final.png","contentUrl":"https:\/\/www.david-coin.com\/wp-content\/uploads\/2024\/04\/davidcoin-logo-final.png","width":800,"height":267,"caption":"David Coin"},"image":{"@id":"https:\/\/www.david-coin.com\/#\/schema\/logo\/image\/"},"sameAs":["https:\/\/www.facebook.com\/Davidcoininkoopenverkoop","https:\/\/www.youtube.com\/channel\/UC39lihLKFSPTff0w6tv0pWQ"]}]},"product_price_amount":"159.95","product_price_currency":"EUR","og_availability":"instock","product_availability":"instock","product_retailer_item_id":"2982","product_condition":"new"},"_links":{"self":[{"href":"https:\/\/www.david-coin.com\/de\/wp-json\/wp\/v2\/product\/157199","targetHints":{"allow":["GET"]}}],"collection":[{"href":"https:\/\/www.david-coin.com\/de\/wp-json\/wp\/v2\/product"}],"about":[{"href":"https:\/\/www.david-coin.com\/de\/wp-json\/wp\/v2\/types\/product"}],"replies":[{"embeddable":true,"href":"https:\/\/www.david-coin.com\/de\/wp-json\/wp\/v2\/comments?post=157199"}],"wp:featuredmedia":[{"embeddable":true,"href":"https:\/\/www.david-coin.com\/de\/wp-json\/wp\/v2\/media\/157203"}],"wp:attachment":[{"href":"https:\/\/www.david-coin.com\/de\/wp-json\/wp\/v2\/media?parent=157199"}],"wp:term":[{"taxonomy":"product_brand","embeddable":true,"href":"https:\/\/www.david-coin.com\/de\/wp-json\/wp\/v2\/product_brand?post=157199"},{"taxonomy":"product_cat","embeddable":true,"href":"https:\/\/www.david-coin.com\/de\/wp-json\/wp\/v2\/product_cat?post=157199"},{"taxonomy":"product_tag","embeddable":true,"href":"https:\/\/www.david-coin.com\/de\/wp-json\/wp\/v2\/product_tag?post=157199"}],"curies":[{"name":"wp","href":"https:\/\/api.w.org\/{rel}","templated":true}]}}