{"id":152804,"date":"2025-09-19T17:32:44","date_gmt":"2025-09-19T15:32:44","guid":{"rendered":"https:\/\/www.david-coin.com\/?post_type=product&#038;p=152804"},"modified":"2026-01-27T17:37:19","modified_gmt":"2026-01-27T16:37:19","slug":"nederland-muntbiljet-25-gulden-wilhelmina-1943-specimen-pmg-65-epq","status":"publish","type":"product","link":"https:\/\/www.david-coin.com\/de\/produkt\/nederland-muntbiljet-25-gulden-wilhelmina-1943-specimen-pmg-65-epq\/","title":{"rendered":"Niederlande M\u00fcnzschein 25 Gulden Wilhelmina 1943 'SPECIMEN' PMG 65 EPQ"},"content":{"rendered":"<div class=\"elementor-column elementor-col-50 elementor-top-column elementor-element elementor-element-91b6f8e\" data-id=\"91b6f8e\" data-element_type=\"column\">\n<div class=\"elementor-widget-wrap elementor-element-populated\">\n<div class=\"elementor-element elementor-element-fb54e5f elementor-widget elementor-widget-woocommerce-product-data-tabs\" data-id=\"fb54e5f\" data-element_type=\"widget\" data-widget_type=\"woocommerce-product-data-tabs.default\">\n<div class=\"elementor-widget-container\">\n<div class=\"woocommerce-tabs wc-tabs-wrapper\">\n<div id=\"tab-description\" class=\"woocommerce-Tabs-panel woocommerce-Tabs-panel--description panel entry-content wc-tab\" role=\"tabpanel\" aria-labelledby=\"tab-title-description\">\n<p><strong>Niederlande 25 Gulden 1943 <\/strong><strong>Wilhelmina\u00a0 <\/strong><strong>Exemplar PMG 65 EPQ\/Unc<\/strong><\/p>\n<p>Wahl: P67s<br \/>\nNvmh: 79<br \/>\nPlomp: PL64.s2.b<\/p>\n<p>Exemplar einer Banknote von 25 Gulden 1943 in unzirkulierter Qualit\u00e4t. Gedruckt von der American Banknote Company im Auftrag der niederl\u00e4ndischen Regierung f\u00fcr den Umlauf in dem von den Alliierten befreiten Teil der Niederlande w\u00e4hrend des Zweiten Weltkriegs.<\/p>\n<p><strong>Niederlande 25 Gulden 1943 Wilhelmina <\/strong><\/p>\n<p>W\u00e4hrend des Zweiten Weltkriegs bereiteten sich die Alliierten bereits 1943 auf die Invasion vor, die 1944 stattfinden sollte. Der F\u00fcnfundzwanzig-Gulden-Schein mit K\u00f6nigin Wilhelmina darauf ist daher Teil eines besonderen St\u00fccks niederl\u00e4ndischer Geschichte. Bei der Befreiung von Gebieten mussten die Soldaten auch Geld erhalten, das sie in den befreiten Gebieten ausgeben konnten, denn es war schwierig, ausl\u00e4ndisches Geld in Gebieten auszugeben, in denen der Kurs dieses Geldes nicht bekannt war und viele Einwohner das Geld nicht kannten und es wahrscheinlich nicht annehmen w\u00fcrden. Daher beschloss das Finanzministerium, niederl\u00e4ndische Gulden in den Vereinigten Staaten zu drucken, und diese M\u00fcnzscheine trugen daher das Bild von K\u00f6nigin Wilhelmina auf der Vorderseite. Die F\u00fcnfundzwanzig-Gulden-M\u00fcnzen wurden von Johannes van den Broek (Finanzminister) unterzeichnet. Neben der F\u00fcnfundzwanzig-Gulden-M\u00fcnznote wurden in den Vereinigten Staaten auch die folgenden Scheine gedruckt:<br \/>\n-\u00a0<a href=\"https:\/\/www.david-coin.com\/de\/produkt-kategorie\/nederlandse-munten\/wilhelmina-1890-1948\/\">Wilhelmina<\/a><br \/>\n-\u00a0<a href=\"https:\/\/www.david-coin.com\/de\/produkt\/nederland-1-gulden-1943-wilhelmina-1-1701\/\">Ein-Gulden-M\u00fcnzschein Wilhelmina 1943;<\/a><br \/>\n-\u00a0<a href=\"https:\/\/www.david-coin.com\/de\/produkt\/nederland-25-gulden-1943-wilhelmina-pmg64-epq\/\">Zweieinhalb-Gulden-M\u00fcnzschein 1943<\/a><br \/>\n-\u00a0<a href=\"https:\/\/www.david-coin.com\/de\/produkt\/nederland-10-gulden-1943-wilhelmina-1\/\">Zehn-Gulden-M\u00fcnzschein 1943;<\/a><br \/>\n-\u00a0<a href=\"https:\/\/www.david-coin.com\/de\/produkt\/nederland-50-gulden-1943-wilhelmina\/\">F\u00fcnfzig-Gulden-M\u00fcnzschein 1943<\/a><br \/>\n-\u00a0<a href=\"https:\/\/www.david-coin.com\/de\/produkt\/nederland-100-gulden-1943-wilhelmina-pmg64\/\">Hundert-Gulden-M\u00fcnzschein 1943<\/a><br \/>\nDa die Geldscheine von 1943 vor der Befreiung der n\u00f6rdlichen Niederlande ausgegeben worden waren, gelangten auch einige von ihnen in den Schwarzgeldkreislauf der besetzten Gebiete, und so wurde die Serie w\u00e4hrend der Gelds\u00e4uberung 1945 aus dem Verkehr gezogen.<\/p>\n<p><strong>Muster-Banknoten Niederlande<\/strong><br \/>\nMusterbanknoten sind echte Banknoten, die im Druckprozess ung\u00fcltig gemacht wurden. Hierf\u00fcr gibt es oft mehrere Gr\u00fcnde. Musterbanknoten wurden oft als Proben an verschiedene Banken geschickt, damit die Mitarbeiter sehen konnten, wie die neuen Banknoten aussehen und welche Sicherheitsmerkmale sie haben. Musterscheine wurden auch oft als Testscheine verwendet, damit der Kunde die Druckerei \u00fcber die Qualit\u00e4t des Scheins informieren konnte und ob der Schein dann tats\u00e4chlich in gr\u00f6\u00dferer St\u00fcckzahl gedruckt werden konnte.<br \/>\nDa die Anzahl der Musterbriefe zu einem Geschmacksmuster oft viel geringer ist als die Anzahl der regul\u00e4ren Briefe zu diesem Geschmacksmuster, werden die verschiedenen Arten von Musterbriefen nicht in jedem Katalog aufgef\u00fchrt. Au\u00dfer in der\u00a0<a href=\"https:\/\/www.david-coin.com\/de\/produkt\/nederland-25-gulden-1943-wilhelmina-specimen-pmg-65-epq\/%E2%80%9Dhttps:\/\/www.david-coin.com\/produkt\/catalogus-nederlands-papiergeld-1573-2002\/%E2%80%9D\/\">Plomp-Katalog<\/a>, in dem fast alle niederl\u00e4ndischen Musternoten beschrieben werden. Da die Musternoten nicht f\u00fcr den Umlauf bestimmt waren, wurden sie schlie\u00dflich an die Druckerei zur\u00fcckgeschickt oder vernichtet, und nur ein kleiner Teil ist heute noch vorhanden.<\/p>\n<p>Siehe Scans f\u00fcr weitere Einzelheiten.<br \/>\nBei Fragen k\u00f6nnen Sie uns gerne eine Nachricht schicken.<\/p>\n<\/div>\n<\/div>\n<\/div>\n<\/div>\n<\/div>\n<\/div>\n<div class=\"elementor-column elementor-col-50 elementor-top-column elementor-element elementor-element-3157629\" data-id=\"3157629\" data-element_type=\"column\">\n<div class=\"elementor-widget-wrap elementor-element-populated\">\n<div class=\"elementor-element elementor-element-6a5ef7f products-heading-show elementor-grid-3 elementor-grid-tablet-3 elementor-grid-mobile-2 elementor-products-grid elementor-wc-products elementor-widget elementor-widget-woocommerce-products\" data-id=\"6a5ef7f\" data-element_type=\"widget\" data-widget_type=\"woocommerce-products.default\">\n<div class=\"elementor-widget-container\"><\/div>\n<\/div>\n<\/div>\n<\/div>","protected":false},"excerpt":{"rendered":"<p>Wahl: P67s<br \/>\nNvmh: 79<br \/>\nPlomp: PL64.s2.b<\/p>\n<p>&nbsp;<\/p>","protected":false},"featured_media":152946,"comment_status":"closed","ping_status":"closed","template":"","meta":[],"product_brand":[],"product_cat":[5493,5472],"product_tag":[],"class_list":{"0":"post-152804","1":"product","2":"type-product","3":"status-publish","4":"has-post-thumbnail","6":"product_cat-25-gulden-biljet","7":"product_cat-nederlandse-bankbiljetten","8":"pa_bankbiljetwaarde-25gulden","9":"pa_kwaliteit-unc","10":"pa_soort-pmgnotes","11":"pa_soort-specimen","13":"first","14":"instock","15":"taxable","16":"shipping-taxable","17":"purchasable","18":"product-type-simple"},"yoast_head":"<!-- This site is optimized with the Yoast SEO Premium plugin v27.2 (Yoast SEO v27.4) - https:\/\/yoast.com\/product\/yoast-seo-premium-wordpress\/ -->\n<title>Nederland muntbiljet 25 gulden Wilhelmina 1943 &#039;SPECIMEN&#039; PMG 65 EPQ<\/title>\n<meta name=\"description\" content=\"Specimen biljetten Nederland kopen? Bekijk ons complete aanbod van 1 gulden t\/m 1000 gulden. Ruim assortiment Nederlands papiergeld.\" \/>\n<meta name=\"robots\" content=\"index, follow, max-snippet:-1, max-image-preview:large, max-video-preview:-1\" \/>\n<link rel=\"canonical\" href=\"https:\/\/www.david-coin.com\/de\/produkt\/nederland-muntbiljet-25-gulden-wilhelmina-1943-specimen-pmg-65-epq\/\" \/>\n<meta property=\"og:locale\" content=\"de_DE\" \/>\n<meta property=\"og:type\" content=\"article\" \/>\n<meta property=\"og:title\" content=\"Nederland muntbiljet 25 gulden Wilhelmina 1943 &#039;SPECIMEN&#039; PMG 65 EPQ\" \/>\n<meta property=\"og:description\" content=\"Specimen biljetten Nederland kopen? Bekijk ons complete aanbod van 1 gulden t\/m 1000 gulden. Ruim assortiment Nederlands papiergeld.\" \/>\n<meta property=\"og:url\" content=\"https:\/\/www.david-coin.com\/de\/produkt\/nederland-muntbiljet-25-gulden-wilhelmina-1943-specimen-pmg-65-epq\/\" \/>\n<meta property=\"og:site_name\" content=\"David Coin\" \/>\n<meta property=\"article:publisher\" content=\"https:\/\/www.facebook.com\/Davidcoininkoopenverkoop\" \/>\n<meta property=\"article:modified_time\" content=\"2026-01-27T16:37:19+00:00\" \/>\n<meta property=\"og:image\" content=\"https:\/\/www.david-coin.com\/wp-content\/uploads\/2025\/08\/Nederland-25gulden-1943-vz-pmg65.jpg\" \/>\n\t<meta property=\"og:image:width\" content=\"955\" \/>\n\t<meta property=\"og:image:height\" content=\"602\" \/>\n\t<meta property=\"og:image:type\" content=\"image\/jpeg\" \/>\n<meta name=\"twitter:card\" content=\"summary_large_image\" \/>\n<meta name=\"twitter:label1\" content=\"Preis\" \/>\n\t<meta name=\"twitter:data1\" content=\"&euro;&nbsp;495,00\" \/>\n\t<meta name=\"twitter:label2\" content=\"Verf\u00fcgbarkeit\" \/>\n\t<meta name=\"twitter:data2\" content=\"Auf Lager\" \/>\n<script type=\"application\/ld+json\" class=\"yoast-schema-graph\">{\"@context\":\"https:\\\/\\\/schema.org\",\"@graph\":[{\"@type\":\"WebPage\",\"@id\":\"https:\\\/\\\/www.david-coin.com\\\/product\\\/nederland-muntbiljet-25-gulden-wilhelmina-1943-specimen-pmg-65-epq\\\/\",\"url\":\"https:\\\/\\\/www.david-coin.com\\\/product\\\/nederland-muntbiljet-25-gulden-wilhelmina-1943-specimen-pmg-65-epq\\\/\",\"name\":\"Nederland muntbiljet 25 gulden Wilhelmina 1943 'SPECIMEN' PMG 65 EPQ\",\"isPartOf\":{\"@id\":\"https:\\\/\\\/www.david-coin.com\\\/#website\"},\"primaryImageOfPage\":{\"@id\":\"https:\\\/\\\/www.david-coin.com\\\/product\\\/nederland-muntbiljet-25-gulden-wilhelmina-1943-specimen-pmg-65-epq\\\/#primaryimage\"},\"image\":{\"@id\":\"https:\\\/\\\/www.david-coin.com\\\/product\\\/nederland-muntbiljet-25-gulden-wilhelmina-1943-specimen-pmg-65-epq\\\/#primaryimage\"},\"thumbnailUrl\":\"https:\\\/\\\/www.david-coin.com\\\/wp-content\\\/uploads\\\/2025\\\/08\\\/Nederland-25gulden-1943-vz-pmg65.jpg\",\"datePublished\":\"2025-09-19T15:32:44+00:00\",\"dateModified\":\"2026-01-27T16:37:19+00:00\",\"description\":\"Specimen biljetten Nederland kopen? Bekijk ons complete aanbod van 1 gulden t\\\/m 1000 gulden. Ruim assortiment Nederlands papiergeld.\",\"breadcrumb\":{\"@id\":\"https:\\\/\\\/www.david-coin.com\\\/product\\\/nederland-muntbiljet-25-gulden-wilhelmina-1943-specimen-pmg-65-epq\\\/#breadcrumb\"},\"inLanguage\":\"de\",\"potentialAction\":[{\"@type\":\"ReadAction\",\"target\":[\"https:\\\/\\\/www.david-coin.com\\\/product\\\/nederland-muntbiljet-25-gulden-wilhelmina-1943-specimen-pmg-65-epq\\\/\"]}]},{\"@type\":\"ImageObject\",\"inLanguage\":\"de\",\"@id\":\"https:\\\/\\\/www.david-coin.com\\\/product\\\/nederland-muntbiljet-25-gulden-wilhelmina-1943-specimen-pmg-65-epq\\\/#primaryimage\",\"url\":\"https:\\\/\\\/www.david-coin.com\\\/wp-content\\\/uploads\\\/2025\\\/08\\\/Nederland-25gulden-1943-vz-pmg65.jpg\",\"contentUrl\":\"https:\\\/\\\/www.david-coin.com\\\/wp-content\\\/uploads\\\/2025\\\/08\\\/Nederland-25gulden-1943-vz-pmg65.jpg\",\"width\":955,\"height\":602,\"caption\":\"25 gulden 1943\"},{\"@type\":\"BreadcrumbList\",\"@id\":\"https:\\\/\\\/www.david-coin.com\\\/product\\\/nederland-muntbiljet-25-gulden-wilhelmina-1943-specimen-pmg-65-epq\\\/#breadcrumb\",\"itemListElement\":[{\"@type\":\"ListItem\",\"position\":1,\"name\":\"Home\",\"item\":\"https:\\\/\\\/www.david-coin.com\\\/\"},{\"@type\":\"ListItem\",\"position\":2,\"name\":\"Winkel\",\"item\":\"https:\\\/\\\/www.david-coin.com\\\/winkel\\\/\"},{\"@type\":\"ListItem\",\"position\":3,\"name\":\"Nederland muntbiljet 25 gulden Wilhelmina 1943 &#8216;SPECIMEN&#8217; PMG 65 EPQ\"}]},{\"@type\":\"WebSite\",\"@id\":\"https:\\\/\\\/www.david-coin.com\\\/#website\",\"url\":\"https:\\\/\\\/www.david-coin.com\\\/\",\"name\":\"David Coin\",\"description\":\"\",\"publisher\":{\"@id\":\"https:\\\/\\\/www.david-coin.com\\\/#organization\"},\"potentialAction\":[{\"@type\":\"SearchAction\",\"target\":{\"@type\":\"EntryPoint\",\"urlTemplate\":\"https:\\\/\\\/www.david-coin.com\\\/?s={search_term_string}\"},\"query-input\":{\"@type\":\"PropertyValueSpecification\",\"valueRequired\":true,\"valueName\":\"search_term_string\"}}],\"inLanguage\":\"de\"},{\"@type\":\"Organization\",\"@id\":\"https:\\\/\\\/www.david-coin.com\\\/#organization\",\"name\":\"David Coin\",\"url\":\"https:\\\/\\\/www.david-coin.com\\\/\",\"logo\":{\"@type\":\"ImageObject\",\"inLanguage\":\"de\",\"@id\":\"https:\\\/\\\/www.david-coin.com\\\/#\\\/schema\\\/logo\\\/image\\\/\",\"url\":\"https:\\\/\\\/www.david-coin.com\\\/wp-content\\\/uploads\\\/2024\\\/04\\\/davidcoin-logo-final.png\",\"contentUrl\":\"https:\\\/\\\/www.david-coin.com\\\/wp-content\\\/uploads\\\/2024\\\/04\\\/davidcoin-logo-final.png\",\"width\":800,\"height\":267,\"caption\":\"David Coin\"},\"image\":{\"@id\":\"https:\\\/\\\/www.david-coin.com\\\/#\\\/schema\\\/logo\\\/image\\\/\"},\"sameAs\":[\"https:\\\/\\\/www.facebook.com\\\/Davidcoininkoopenverkoop\",\"https:\\\/\\\/www.youtube.com\\\/channel\\\/UC39lihLKFSPTff0w6tv0pWQ\"]}]}<\/script>\n<meta property=\"product:price:amount\" content=\"495.00\" \/>\n<meta property=\"product:price:currency\" content=\"EUR\" \/>\n<meta property=\"og:availability\" content=\"instock\" \/>\n<meta property=\"product:availability\" content=\"instock\" \/>\n<meta property=\"product:retailer_item_id\" content=\"2948\" \/>\n<meta property=\"product:condition\" content=\"new\" \/>\n<!-- \/ Yoast SEO Premium plugin. -->","yoast_head_json":{"title":"Nederland muntbiljet 25 gulden Wilhelmina 1943 'SPECIMEN' PMG 65 EPQ","description":"Specimen biljetten Nederland kopen? Bekijk ons complete aanbod van 1 gulden t\/m 1000 gulden. Ruim assortiment Nederlands papiergeld.","robots":{"index":"index","follow":"follow","max-snippet":"max-snippet:-1","max-image-preview":"max-image-preview:large","max-video-preview":"max-video-preview:-1"},"canonical":"https:\/\/www.david-coin.com\/de\/produkt\/nederland-muntbiljet-25-gulden-wilhelmina-1943-specimen-pmg-65-epq\/","og_locale":"de_DE","og_type":"article","og_title":"Nederland muntbiljet 25 gulden Wilhelmina 1943 'SPECIMEN' PMG 65 EPQ","og_description":"Specimen biljetten Nederland kopen? Bekijk ons complete aanbod van 1 gulden t\/m 1000 gulden. Ruim assortiment Nederlands papiergeld.","og_url":"https:\/\/www.david-coin.com\/de\/produkt\/nederland-muntbiljet-25-gulden-wilhelmina-1943-specimen-pmg-65-epq\/","og_site_name":"David Coin","article_publisher":"https:\/\/www.facebook.com\/Davidcoininkoopenverkoop","article_modified_time":"2026-01-27T16:37:19+00:00","og_image":[{"width":955,"height":602,"url":"https:\/\/www.david-coin.com\/wp-content\/uploads\/2025\/08\/Nederland-25gulden-1943-vz-pmg65.jpg","type":"image\/jpeg"}],"twitter_card":"summary_large_image","twitter_misc":{"Preis":"&euro;&nbsp;495,00","Verf\u00fcgbarkeit":"Auf Lager"},"schema":{"@context":"https:\/\/schema.org","@graph":[{"@type":"WebPage","@id":"https:\/\/www.david-coin.com\/product\/nederland-muntbiljet-25-gulden-wilhelmina-1943-specimen-pmg-65-epq\/","url":"https:\/\/www.david-coin.com\/product\/nederland-muntbiljet-25-gulden-wilhelmina-1943-specimen-pmg-65-epq\/","name":"Nederland muntbiljet 25 gulden Wilhelmina 1943 'SPECIMEN' PMG 65 EPQ","isPartOf":{"@id":"https:\/\/www.david-coin.com\/#website"},"primaryImageOfPage":{"@id":"https:\/\/www.david-coin.com\/product\/nederland-muntbiljet-25-gulden-wilhelmina-1943-specimen-pmg-65-epq\/#primaryimage"},"image":{"@id":"https:\/\/www.david-coin.com\/product\/nederland-muntbiljet-25-gulden-wilhelmina-1943-specimen-pmg-65-epq\/#primaryimage"},"thumbnailUrl":"https:\/\/www.david-coin.com\/wp-content\/uploads\/2025\/08\/Nederland-25gulden-1943-vz-pmg65.jpg","datePublished":"2025-09-19T15:32:44+00:00","dateModified":"2026-01-27T16:37:19+00:00","description":"Specimen biljetten Nederland kopen? Bekijk ons complete aanbod van 1 gulden t\/m 1000 gulden. Ruim assortiment Nederlands papiergeld.","breadcrumb":{"@id":"https:\/\/www.david-coin.com\/product\/nederland-muntbiljet-25-gulden-wilhelmina-1943-specimen-pmg-65-epq\/#breadcrumb"},"inLanguage":"de","potentialAction":[{"@type":"ReadAction","target":["https:\/\/www.david-coin.com\/product\/nederland-muntbiljet-25-gulden-wilhelmina-1943-specimen-pmg-65-epq\/"]}]},{"@type":"ImageObject","inLanguage":"de","@id":"https:\/\/www.david-coin.com\/product\/nederland-muntbiljet-25-gulden-wilhelmina-1943-specimen-pmg-65-epq\/#primaryimage","url":"https:\/\/www.david-coin.com\/wp-content\/uploads\/2025\/08\/Nederland-25gulden-1943-vz-pmg65.jpg","contentUrl":"https:\/\/www.david-coin.com\/wp-content\/uploads\/2025\/08\/Nederland-25gulden-1943-vz-pmg65.jpg","width":955,"height":602,"caption":"25 gulden 1943"},{"@type":"BreadcrumbList","@id":"https:\/\/www.david-coin.com\/product\/nederland-muntbiljet-25-gulden-wilhelmina-1943-specimen-pmg-65-epq\/#breadcrumb","itemListElement":[{"@type":"ListItem","position":1,"name":"Home","item":"https:\/\/www.david-coin.com\/"},{"@type":"ListItem","position":2,"name":"Winkel","item":"https:\/\/www.david-coin.com\/winkel\/"},{"@type":"ListItem","position":3,"name":"Nederland muntbiljet 25 gulden Wilhelmina 1943 &#8216;SPECIMEN&#8217; PMG 65 EPQ"}]},{"@type":"WebSite","@id":"https:\/\/www.david-coin.com\/#website","url":"https:\/\/www.david-coin.com\/","name":"David Coin","description":"","publisher":{"@id":"https:\/\/www.david-coin.com\/#organization"},"potentialAction":[{"@type":"SearchAction","target":{"@type":"EntryPoint","urlTemplate":"https:\/\/www.david-coin.com\/?s={search_term_string}"},"query-input":{"@type":"PropertyValueSpecification","valueRequired":true,"valueName":"search_term_string"}}],"inLanguage":"de"},{"@type":"Organization","@id":"https:\/\/www.david-coin.com\/#organization","name":"David Coin","url":"https:\/\/www.david-coin.com\/","logo":{"@type":"ImageObject","inLanguage":"de","@id":"https:\/\/www.david-coin.com\/#\/schema\/logo\/image\/","url":"https:\/\/www.david-coin.com\/wp-content\/uploads\/2024\/04\/davidcoin-logo-final.png","contentUrl":"https:\/\/www.david-coin.com\/wp-content\/uploads\/2024\/04\/davidcoin-logo-final.png","width":800,"height":267,"caption":"David Coin"},"image":{"@id":"https:\/\/www.david-coin.com\/#\/schema\/logo\/image\/"},"sameAs":["https:\/\/www.facebook.com\/Davidcoininkoopenverkoop","https:\/\/www.youtube.com\/channel\/UC39lihLKFSPTff0w6tv0pWQ"]}]},"product_price_amount":"495.00","product_price_currency":"EUR","og_availability":"instock","product_availability":"instock","product_retailer_item_id":"2948","product_condition":"new"},"_links":{"self":[{"href":"https:\/\/www.david-coin.com\/de\/wp-json\/wp\/v2\/product\/152804","targetHints":{"allow":["GET"]}}],"collection":[{"href":"https:\/\/www.david-coin.com\/de\/wp-json\/wp\/v2\/product"}],"about":[{"href":"https:\/\/www.david-coin.com\/de\/wp-json\/wp\/v2\/types\/product"}],"replies":[{"embeddable":true,"href":"https:\/\/www.david-coin.com\/de\/wp-json\/wp\/v2\/comments?post=152804"}],"wp:featuredmedia":[{"embeddable":true,"href":"https:\/\/www.david-coin.com\/de\/wp-json\/wp\/v2\/media\/152946"}],"wp:attachment":[{"href":"https:\/\/www.david-coin.com\/de\/wp-json\/wp\/v2\/media?parent=152804"}],"wp:term":[{"taxonomy":"product_brand","embeddable":true,"href":"https:\/\/www.david-coin.com\/de\/wp-json\/wp\/v2\/product_brand?post=152804"},{"taxonomy":"product_cat","embeddable":true,"href":"https:\/\/www.david-coin.com\/de\/wp-json\/wp\/v2\/product_cat?post=152804"},{"taxonomy":"product_tag","embeddable":true,"href":"https:\/\/www.david-coin.com\/de\/wp-json\/wp\/v2\/product_tag?post=152804"}],"curies":[{"name":"wp","href":"https:\/\/api.w.org\/{rel}","templated":true}]}}