{"id":152504,"date":"2025-08-20T07:00:00","date_gmt":"2025-08-20T05:00:00","guid":{"rendered":"https:\/\/www.david-coin.com\/?post_type=product&#038;p=152504"},"modified":"2026-05-05T19:07:53","modified_gmt":"2026-05-05T17:07:53","slug":"nederland-gedenkpenning-halleys-komeet-1985-met-munthouder","status":"publish","type":"product","link":"https:\/\/www.david-coin.com\/de\/produkt\/nederland-gedenkpenning-halleys-komeet-1985-met-munthouder\/","title":{"rendered":"Niederlande Gedenkm\u00fcnze Halleyscher Komet 1985 mit M\u00fcnzhalter"},"content":{"rendered":"<p>Niederlande Gedenkm\u00fcnze Halleyscher Komet 1985 mit M\u00fcnzhalter<br \/>\nGedenkmedaille mit M\u00fcnzhalter. Inklusive Echtheitszertifikat. Die M\u00fcnze ist aus massivem Sterlingsilber und wird von Franklin Mint in einer streng limitierten Auflage herausgegeben.<\/p>\n<p>Der englische Astronom Edmond Halley entdeckte im 17. Jahrhundert, dass Kometen nicht willk\u00fcrlich durch den Weltraum schie\u00dfen, sondern Teil des Sonnensystems sind und ihre Bahnen vorhergesagt werden k\u00f6nnen. Er st\u00fctzte seine Schlussfolgerungen auf das Erscheinen des Kometen, der seinen Namen tr\u00e4gt.<\/p>\n<p>Im Karton verpackt.<\/p>\n<p>Siehe Scans f\u00fcr weitere Einzelheiten.<br \/>\nBei Fragen k\u00f6nnen Sie uns gerne eine Nachricht schicken.<\/p>\n<p>&nbsp;<\/p>","protected":false},"excerpt":{"rendered":"<p>Gedenkmedaille mit M\u00fcnzhalter<\/p>","protected":false},"featured_media":152391,"comment_status":"closed","ping_status":"closed","template":"","meta":[],"product_brand":[],"product_cat":[5477],"product_tag":[],"class_list":{"0":"post-152504","1":"product","2":"type-product","3":"status-publish","4":"has-post-thumbnail","6":"product_cat-penningen-kopen","7":"pa_kwaliteit-proof","8":"pa_land-nederland","9":"pa_materiaal-zilver","10":"pa_soort-gelegenheidspenning","11":"pa_soort-penning","12":"pa_soort-penningen","14":"first","15":"instock","16":"purchasable","17":"product-type-simple"},"yoast_head":"<!-- This site is optimized with the Yoast SEO Premium plugin v27.5 (Yoast SEO v27.6) - https:\/\/yoast.com\/product\/yoast-seo-premium-wordpress\/ -->\n<title>Nederland Gedenkpenning Halley&#039;s komeet 1985 met munthouder<\/title>\n<meta name=\"description\" content=\"Gedenkpenning Halley&#039;s komeet kopen? Bekijk ons ruime aanbod penningen, munten en bankbiljetten. Gratis verzending vanaf 75 euro binnen Nederland.\" \/>\n<meta name=\"robots\" content=\"index, follow, max-snippet:-1, max-image-preview:large, max-video-preview:-1\" \/>\n<link rel=\"canonical\" href=\"https:\/\/www.david-coin.com\/de\/produkt\/nederland-gedenkpenning-halleys-komeet-1985-met-munthouder\/\" \/>\n<meta property=\"og:locale\" content=\"de_DE\" \/>\n<meta property=\"og:type\" content=\"article\" \/>\n<meta property=\"og:title\" content=\"Nederland Gedenkpenning Halley&#039;s komeet 1985 met munthouder\" \/>\n<meta property=\"og:description\" content=\"Gedenkpenning Halley&#039;s komeet kopen? Bekijk ons ruime aanbod penningen, munten en bankbiljetten. Gratis verzending vanaf 75 euro binnen Nederland.\" \/>\n<meta property=\"og:url\" content=\"https:\/\/www.david-coin.com\/de\/produkt\/nederland-gedenkpenning-halleys-komeet-1985-met-munthouder\/\" \/>\n<meta property=\"og:site_name\" content=\"David Coin\" \/>\n<meta property=\"article:publisher\" content=\"https:\/\/www.facebook.com\/Davidcoininkoopenverkoop\" \/>\n<meta property=\"article:modified_time\" content=\"2026-05-05T17:07:53+00:00\" \/>\n<meta property=\"og:image\" content=\"https:\/\/www.david-coin.com\/wp-content\/uploads\/2025\/08\/komeet-van-halley-in-stand.jpg\" \/>\n\t<meta property=\"og:image:width\" content=\"942\" \/>\n\t<meta property=\"og:image:height\" content=\"1255\" \/>\n\t<meta property=\"og:image:type\" content=\"image\/jpeg\" \/>\n<meta name=\"twitter:card\" content=\"summary_large_image\" \/>\n<meta name=\"twitter:label1\" content=\"Preis\" \/>\n\t<meta name=\"twitter:data1\" content=\"&euro;&nbsp;69,95\" \/>\n\t<meta name=\"twitter:label2\" content=\"Verf\u00fcgbarkeit\" \/>\n\t<meta name=\"twitter:data2\" content=\"Auf Lager\" \/>\n<script type=\"application\/ld+json\" class=\"yoast-schema-graph\">{\"@context\":\"https:\\\/\\\/schema.org\",\"@graph\":[{\"@type\":\"WebPage\",\"@id\":\"https:\\\/\\\/www.david-coin.com\\\/product\\\/nederland-gedenkpenning-halleys-komeet-1985-met-munthouder\\\/\",\"url\":\"https:\\\/\\\/www.david-coin.com\\\/product\\\/nederland-gedenkpenning-halleys-komeet-1985-met-munthouder\\\/\",\"name\":\"Nederland Gedenkpenning Halley's komeet 1985 met munthouder\",\"isPartOf\":{\"@id\":\"https:\\\/\\\/www.david-coin.com\\\/#website\"},\"primaryImageOfPage\":{\"@id\":\"https:\\\/\\\/www.david-coin.com\\\/product\\\/nederland-gedenkpenning-halleys-komeet-1985-met-munthouder\\\/#primaryimage\"},\"image\":{\"@id\":\"https:\\\/\\\/www.david-coin.com\\\/product\\\/nederland-gedenkpenning-halleys-komeet-1985-met-munthouder\\\/#primaryimage\"},\"thumbnailUrl\":\"https:\\\/\\\/www.david-coin.com\\\/wp-content\\\/uploads\\\/2025\\\/08\\\/komeet-van-halley-in-stand.jpg\",\"datePublished\":\"2025-08-20T05:00:00+00:00\",\"dateModified\":\"2026-05-05T17:07:53+00:00\",\"description\":\"Gedenkpenning Halley's komeet kopen? Bekijk ons ruime aanbod penningen, munten en bankbiljetten. Gratis verzending vanaf 75 euro binnen Nederland.\",\"breadcrumb\":{\"@id\":\"https:\\\/\\\/www.david-coin.com\\\/product\\\/nederland-gedenkpenning-halleys-komeet-1985-met-munthouder\\\/#breadcrumb\"},\"inLanguage\":\"de\",\"potentialAction\":[{\"@type\":\"ReadAction\",\"target\":[\"https:\\\/\\\/www.david-coin.com\\\/product\\\/nederland-gedenkpenning-halleys-komeet-1985-met-munthouder\\\/\"]}]},{\"@type\":\"ImageObject\",\"inLanguage\":\"de\",\"@id\":\"https:\\\/\\\/www.david-coin.com\\\/product\\\/nederland-gedenkpenning-halleys-komeet-1985-met-munthouder\\\/#primaryimage\",\"url\":\"https:\\\/\\\/www.david-coin.com\\\/wp-content\\\/uploads\\\/2025\\\/08\\\/komeet-van-halley-in-stand.jpg\",\"contentUrl\":\"https:\\\/\\\/www.david-coin.com\\\/wp-content\\\/uploads\\\/2025\\\/08\\\/komeet-van-halley-in-stand.jpg\",\"width\":942,\"height\":1255,\"caption\":\"Nederland Gedenkpenning Halley's komeet 1985 met munthouder\"},{\"@type\":\"BreadcrumbList\",\"@id\":\"https:\\\/\\\/www.david-coin.com\\\/product\\\/nederland-gedenkpenning-halleys-komeet-1985-met-munthouder\\\/#breadcrumb\",\"itemListElement\":[{\"@type\":\"ListItem\",\"position\":1,\"name\":\"Home\",\"item\":\"https:\\\/\\\/www.david-coin.com\\\/\"},{\"@type\":\"ListItem\",\"position\":2,\"name\":\"Winkel\",\"item\":\"https:\\\/\\\/www.david-coin.com\\\/winkel\\\/\"},{\"@type\":\"ListItem\",\"position\":3,\"name\":\"Nederland Gedenkpenning Halley&#8217;s komeet 1985 met munthouder\"}]},{\"@type\":\"WebSite\",\"@id\":\"https:\\\/\\\/www.david-coin.com\\\/#website\",\"url\":\"https:\\\/\\\/www.david-coin.com\\\/\",\"name\":\"David Coin\",\"description\":\"\",\"publisher\":{\"@id\":\"https:\\\/\\\/www.david-coin.com\\\/#organization\"},\"potentialAction\":[{\"@type\":\"SearchAction\",\"target\":{\"@type\":\"EntryPoint\",\"urlTemplate\":\"https:\\\/\\\/www.david-coin.com\\\/?s={search_term_string}\"},\"query-input\":{\"@type\":\"PropertyValueSpecification\",\"valueRequired\":true,\"valueName\":\"search_term_string\"}}],\"inLanguage\":\"de\"},{\"@type\":\"Organization\",\"@id\":\"https:\\\/\\\/www.david-coin.com\\\/#organization\",\"name\":\"David Coin\",\"url\":\"https:\\\/\\\/www.david-coin.com\\\/\",\"logo\":{\"@type\":\"ImageObject\",\"inLanguage\":\"de\",\"@id\":\"https:\\\/\\\/www.david-coin.com\\\/#\\\/schema\\\/logo\\\/image\\\/\",\"url\":\"https:\\\/\\\/www.david-coin.com\\\/wp-content\\\/uploads\\\/2024\\\/04\\\/davidcoin-logo-final.png\",\"contentUrl\":\"https:\\\/\\\/www.david-coin.com\\\/wp-content\\\/uploads\\\/2024\\\/04\\\/davidcoin-logo-final.png\",\"width\":800,\"height\":267,\"caption\":\"David Coin\"},\"image\":{\"@id\":\"https:\\\/\\\/www.david-coin.com\\\/#\\\/schema\\\/logo\\\/image\\\/\"},\"sameAs\":[\"https:\\\/\\\/www.facebook.com\\\/Davidcoininkoopenverkoop\",\"https:\\\/\\\/www.youtube.com\\\/channel\\\/UC39lihLKFSPTff0w6tv0pWQ\"]}]}<\/script>\n<meta property=\"product:price:amount\" content=\"69.95\" \/>\n<meta property=\"product:price:currency\" content=\"EUR\" \/>\n<meta property=\"og:availability\" content=\"instock\" \/>\n<meta property=\"product:availability\" content=\"instock\" \/>\n<meta property=\"product:retailer_item_id\" content=\"7211\" \/>\n<meta property=\"product:condition\" content=\"new\" \/>\n<!-- \/ Yoast SEO Premium plugin. -->","yoast_head_json":{"title":"Nederland Gedenkpenning Halley's komeet 1985 met munthouder","description":"Gedenkpenning Halley's komeet kopen? Bekijk ons ruime aanbod penningen, munten en bankbiljetten. Gratis verzending vanaf 75 euro binnen Nederland.","robots":{"index":"index","follow":"follow","max-snippet":"max-snippet:-1","max-image-preview":"max-image-preview:large","max-video-preview":"max-video-preview:-1"},"canonical":"https:\/\/www.david-coin.com\/de\/produkt\/nederland-gedenkpenning-halleys-komeet-1985-met-munthouder\/","og_locale":"de_DE","og_type":"article","og_title":"Nederland Gedenkpenning Halley's komeet 1985 met munthouder","og_description":"Gedenkpenning Halley's komeet kopen? Bekijk ons ruime aanbod penningen, munten en bankbiljetten. Gratis verzending vanaf 75 euro binnen Nederland.","og_url":"https:\/\/www.david-coin.com\/de\/produkt\/nederland-gedenkpenning-halleys-komeet-1985-met-munthouder\/","og_site_name":"David Coin","article_publisher":"https:\/\/www.facebook.com\/Davidcoininkoopenverkoop","article_modified_time":"2026-05-05T17:07:53+00:00","og_image":[{"width":942,"height":1255,"url":"https:\/\/www.david-coin.com\/wp-content\/uploads\/2025\/08\/komeet-van-halley-in-stand.jpg","type":"image\/jpeg"}],"twitter_card":"summary_large_image","twitter_misc":{"Preis":"&euro;&nbsp;69,95","Verf\u00fcgbarkeit":"Auf Lager"},"schema":{"@context":"https:\/\/schema.org","@graph":[{"@type":"WebPage","@id":"https:\/\/www.david-coin.com\/product\/nederland-gedenkpenning-halleys-komeet-1985-met-munthouder\/","url":"https:\/\/www.david-coin.com\/product\/nederland-gedenkpenning-halleys-komeet-1985-met-munthouder\/","name":"Nederland Gedenkpenning Halley's komeet 1985 met munthouder","isPartOf":{"@id":"https:\/\/www.david-coin.com\/#website"},"primaryImageOfPage":{"@id":"https:\/\/www.david-coin.com\/product\/nederland-gedenkpenning-halleys-komeet-1985-met-munthouder\/#primaryimage"},"image":{"@id":"https:\/\/www.david-coin.com\/product\/nederland-gedenkpenning-halleys-komeet-1985-met-munthouder\/#primaryimage"},"thumbnailUrl":"https:\/\/www.david-coin.com\/wp-content\/uploads\/2025\/08\/komeet-van-halley-in-stand.jpg","datePublished":"2025-08-20T05:00:00+00:00","dateModified":"2026-05-05T17:07:53+00:00","description":"Gedenkpenning Halley's komeet kopen? Bekijk ons ruime aanbod penningen, munten en bankbiljetten. Gratis verzending vanaf 75 euro binnen Nederland.","breadcrumb":{"@id":"https:\/\/www.david-coin.com\/product\/nederland-gedenkpenning-halleys-komeet-1985-met-munthouder\/#breadcrumb"},"inLanguage":"de","potentialAction":[{"@type":"ReadAction","target":["https:\/\/www.david-coin.com\/product\/nederland-gedenkpenning-halleys-komeet-1985-met-munthouder\/"]}]},{"@type":"ImageObject","inLanguage":"de","@id":"https:\/\/www.david-coin.com\/product\/nederland-gedenkpenning-halleys-komeet-1985-met-munthouder\/#primaryimage","url":"https:\/\/www.david-coin.com\/wp-content\/uploads\/2025\/08\/komeet-van-halley-in-stand.jpg","contentUrl":"https:\/\/www.david-coin.com\/wp-content\/uploads\/2025\/08\/komeet-van-halley-in-stand.jpg","width":942,"height":1255,"caption":"Nederland Gedenkpenning Halley's komeet 1985 met munthouder"},{"@type":"BreadcrumbList","@id":"https:\/\/www.david-coin.com\/product\/nederland-gedenkpenning-halleys-komeet-1985-met-munthouder\/#breadcrumb","itemListElement":[{"@type":"ListItem","position":1,"name":"Home","item":"https:\/\/www.david-coin.com\/"},{"@type":"ListItem","position":2,"name":"Winkel","item":"https:\/\/www.david-coin.com\/winkel\/"},{"@type":"ListItem","position":3,"name":"Nederland Gedenkpenning Halley&#8217;s komeet 1985 met munthouder"}]},{"@type":"WebSite","@id":"https:\/\/www.david-coin.com\/#website","url":"https:\/\/www.david-coin.com\/","name":"David Coin","description":"","publisher":{"@id":"https:\/\/www.david-coin.com\/#organization"},"potentialAction":[{"@type":"SearchAction","target":{"@type":"EntryPoint","urlTemplate":"https:\/\/www.david-coin.com\/?s={search_term_string}"},"query-input":{"@type":"PropertyValueSpecification","valueRequired":true,"valueName":"search_term_string"}}],"inLanguage":"de"},{"@type":"Organization","@id":"https:\/\/www.david-coin.com\/#organization","name":"David Coin","url":"https:\/\/www.david-coin.com\/","logo":{"@type":"ImageObject","inLanguage":"de","@id":"https:\/\/www.david-coin.com\/#\/schema\/logo\/image\/","url":"https:\/\/www.david-coin.com\/wp-content\/uploads\/2024\/04\/davidcoin-logo-final.png","contentUrl":"https:\/\/www.david-coin.com\/wp-content\/uploads\/2024\/04\/davidcoin-logo-final.png","width":800,"height":267,"caption":"David Coin"},"image":{"@id":"https:\/\/www.david-coin.com\/#\/schema\/logo\/image\/"},"sameAs":["https:\/\/www.facebook.com\/Davidcoininkoopenverkoop","https:\/\/www.youtube.com\/channel\/UC39lihLKFSPTff0w6tv0pWQ"]}]},"product_price_amount":"69.95","product_price_currency":"EUR","og_availability":"instock","product_availability":"instock","product_retailer_item_id":"7211","product_condition":"new"},"_links":{"self":[{"href":"https:\/\/www.david-coin.com\/de\/wp-json\/wp\/v2\/product\/152504","targetHints":{"allow":["GET"]}}],"collection":[{"href":"https:\/\/www.david-coin.com\/de\/wp-json\/wp\/v2\/product"}],"about":[{"href":"https:\/\/www.david-coin.com\/de\/wp-json\/wp\/v2\/types\/product"}],"replies":[{"embeddable":true,"href":"https:\/\/www.david-coin.com\/de\/wp-json\/wp\/v2\/comments?post=152504"}],"wp:featuredmedia":[{"embeddable":true,"href":"https:\/\/www.david-coin.com\/de\/wp-json\/wp\/v2\/media\/152391"}],"wp:attachment":[{"href":"https:\/\/www.david-coin.com\/de\/wp-json\/wp\/v2\/media?parent=152504"}],"wp:term":[{"taxonomy":"product_brand","embeddable":true,"href":"https:\/\/www.david-coin.com\/de\/wp-json\/wp\/v2\/product_brand?post=152504"},{"taxonomy":"product_cat","embeddable":true,"href":"https:\/\/www.david-coin.com\/de\/wp-json\/wp\/v2\/product_cat?post=152504"},{"taxonomy":"product_tag","embeddable":true,"href":"https:\/\/www.david-coin.com\/de\/wp-json\/wp\/v2\/product_tag?post=152504"}],"curies":[{"name":"wp","href":"https:\/\/api.w.org\/{rel}","templated":true}]}}