{"id":151415,"date":"2025-07-15T15:00:00","date_gmt":"2025-07-15T13:00:00","guid":{"rendered":"https:\/\/www.david-coin.com\/?post_type=product&#038;p=151415"},"modified":"2026-01-27T17:30:35","modified_gmt":"2026-01-27T16:30:35","slug":"nederland-10-gulden-1968-frans-hals-misdruk-5","status":"publish","type":"product","link":"https:\/\/www.david-coin.com\/de\/produkt\/nederland-10-gulden-1968-frans-hals-misdruk-5\/","title":{"rendered":"Niederlande 10 Gulden 1968 Frans Hals Fehldruck"},"content":{"rendered":"<p>Niederlande 10 Gulden 1968 Frans Hals Fehldruck <br \/> NVMH: 49-1a <br \/> Plomp: PL47 <\/p>\n<p><strong>Zehn Gulden 1968 Frans Hals<\/strong><br \/>\n1968 kam ein neuer Zehner mit dem Bildnis von Frans Hals in Umlauf. Der alte Zehner mit Hugo de Groot musste ersetzt werden und die niederl\u00e4ndische Bank wollte ein neues, revolution\u00e4res Design. Der Zehner mit Frans Hals hat eine leuchtend blaue Farbe und guillochierte Muster auf der Vorder- und R\u00fcckseite. Der Frans-Hals-Zehner wurde im Jahr 2002 mit der Einf\u00fchrung des Euro aus dem Verkehr gezogen. Der Frans Hals-Zehner geh\u00f6rte zu der von Oxenaar entworfenen Erflater-Serie. Neben dem Zehner geh\u00f6ren vier weitere Banknoten zur Erflater-Serie:<br \/>\n&#8211;\t<a href=\"\/de\/\u201dhttps:\/\/www.david-coin.com\/produkt\/nederland-5-gulden-1966-vondel-i\/\u201d\/\">5 Gulden 1966 Vondel;<\/a><br \/>\n&#8211;\t<a href=\"\/de\/\u201dhttps:\/\/www.david-coin.com\/produkt\/nederland-5-gulden-1973-vondel-pmg65-epq\/\u201d\/\">5 Gulden 1973 Vondel;<\/a><br \/>\n&#8211;\t<a href=\"\/de\/\u201dhttps:\/\/www.david-coin.com\/produkt\/nederland-25-gulden-1971-sweelinck\/\u201d\/\">25 Gulden 1971 Sweelinck;<\/a><br \/>\n&#8211;\t<a href=\"\/de\/\u201dhttps:\/\/www.david-coin.com\/produkt\/nederland-100-gulden-1970-michiel-de-ruyter\/\u201d\/\">100 Gulden 1970 Michiel de Ruyter;<\/a><br \/>\n&#8211;\t<a href=\"\/de\/\u201dhttps:\/\/www.david-coin.com\/produkt\/nederland-1000-gulden-1972-spinoza\/\u201d\/\">1000 Gulden 1972 Spinoza.<\/a><br \/>\nHeute ist der Frans Hals-Zehner ein begehrtes Sammlerst\u00fcck, sowohl bei Banknotensammlern als auch bei Bewunderern der Gem\u00e4lde von Frans Hals.  <\/p>\n<p>Print sporen op de onderzijde aan de voorkant van het biljet. <\/p>\n<p>Siehe Scans f\u00fcr weitere Einzelheiten. <br \/>\nBei Fragen k\u00f6nnen Sie uns gerne eine Nachricht schicken.<\/p>\n<p>&nbsp;<\/p>","protected":false},"excerpt":{"rendered":"<p>NVMH: 49-1a<\/p>","protected":false},"featured_media":151194,"comment_status":"closed","ping_status":"open","template":"","meta":[],"product_brand":[],"product_cat":[5491,5503,5472],"product_tag":[],"class_list":{"0":"post-151415","1":"product","2":"type-product","3":"status-publish","4":"has-post-thumbnail","6":"product_cat-10-gulden-biljet","7":"product_cat-misdrukken","8":"product_cat-nederlandse-bankbiljetten","9":"pa_bankbiljetwaarde-10gulden","10":"pa_delcampeid-5278","11":"pa_kwaliteit-unc","12":"pa_land-nederland","13":"pa_soort-misdruk","15":"first","16":"instock","17":"purchasable","18":"product-type-simple"},"yoast_head":"<!-- This site is optimized with the Yoast SEO Premium plugin v27.2 (Yoast SEO v27.4) - https:\/\/yoast.com\/product\/yoast-seo-premium-wordpress\/ -->\n<title>Nederland 10 Gulden 1968 Frans Hals Misdruk<\/title>\n<meta name=\"description\" content=\"Nederlandse guldenbiljetten kopen? Bekijk ons ruime aanbod bankbiljetten en munten, ook met PMG-grading. Gratis verzending vanaf 75 euro binnen Nederland.\" \/>\n<meta name=\"robots\" content=\"index, follow, max-snippet:-1, max-image-preview:large, max-video-preview:-1\" \/>\n<link rel=\"canonical\" href=\"https:\/\/www.david-coin.com\/de\/produkt\/nederland-10-gulden-1968-frans-hals-misdruk-5\/\" \/>\n<meta property=\"og:locale\" content=\"de_DE\" \/>\n<meta property=\"og:type\" content=\"article\" \/>\n<meta property=\"og:title\" content=\"Nederland 10 Gulden 1968 Frans Hals Misdruk\" \/>\n<meta property=\"og:description\" content=\"Nederlandse guldenbiljetten kopen? Bekijk ons ruime aanbod bankbiljetten en munten, ook met PMG-grading. Gratis verzending vanaf 75 euro binnen Nederland.\" \/>\n<meta property=\"og:url\" content=\"https:\/\/www.david-coin.com\/de\/produkt\/nederland-10-gulden-1968-frans-hals-misdruk-5\/\" \/>\n<meta property=\"og:site_name\" content=\"David Coin\" \/>\n<meta property=\"article:publisher\" content=\"https:\/\/www.facebook.com\/Davidcoininkoopenverkoop\" \/>\n<meta property=\"article:modified_time\" content=\"2026-01-27T16:30:35+00:00\" \/>\n<meta property=\"og:image\" content=\"https:\/\/www.david-coin.com\/wp-content\/uploads\/2025\/07\/Nederland-10gulden-1968-Misdruk-vz-39.95.jpg\" \/>\n\t<meta property=\"og:image:width\" content=\"500\" \/>\n\t<meta property=\"og:image:height\" content=\"288\" \/>\n\t<meta property=\"og:image:type\" content=\"image\/jpeg\" \/>\n<meta name=\"twitter:card\" content=\"summary_large_image\" \/>\n<meta name=\"twitter:label1\" content=\"Preis\" \/>\n\t<meta name=\"twitter:data1\" content=\"&euro;&nbsp;39,95\" \/>\n\t<meta name=\"twitter:label2\" content=\"Verf\u00fcgbarkeit\" \/>\n\t<meta name=\"twitter:data2\" content=\"Auf Lager\" \/>\n<script type=\"application\/ld+json\" class=\"yoast-schema-graph\">{\"@context\":\"https:\\\/\\\/schema.org\",\"@graph\":[{\"@type\":\"WebPage\",\"@id\":\"https:\\\/\\\/www.david-coin.com\\\/product\\\/nederland-10-gulden-1968-frans-hals-misdruk-5\\\/\",\"url\":\"https:\\\/\\\/www.david-coin.com\\\/product\\\/nederland-10-gulden-1968-frans-hals-misdruk-5\\\/\",\"name\":\"Nederland 10 Gulden 1968 Frans Hals Misdruk\",\"isPartOf\":{\"@id\":\"https:\\\/\\\/www.david-coin.com\\\/#website\"},\"primaryImageOfPage\":{\"@id\":\"https:\\\/\\\/www.david-coin.com\\\/product\\\/nederland-10-gulden-1968-frans-hals-misdruk-5\\\/#primaryimage\"},\"image\":{\"@id\":\"https:\\\/\\\/www.david-coin.com\\\/product\\\/nederland-10-gulden-1968-frans-hals-misdruk-5\\\/#primaryimage\"},\"thumbnailUrl\":\"https:\\\/\\\/www.david-coin.com\\\/wp-content\\\/uploads\\\/2025\\\/07\\\/Nederland-10gulden-1968-Misdruk-vz-39.95.jpg\",\"datePublished\":\"2025-07-15T13:00:00+00:00\",\"dateModified\":\"2026-01-27T16:30:35+00:00\",\"description\":\"Nederlandse guldenbiljetten kopen? Bekijk ons ruime aanbod bankbiljetten en munten, ook met PMG-grading. Gratis verzending vanaf 75 euro binnen Nederland.\",\"breadcrumb\":{\"@id\":\"https:\\\/\\\/www.david-coin.com\\\/product\\\/nederland-10-gulden-1968-frans-hals-misdruk-5\\\/#breadcrumb\"},\"inLanguage\":\"de\",\"potentialAction\":[{\"@type\":\"ReadAction\",\"target\":[\"https:\\\/\\\/www.david-coin.com\\\/product\\\/nederland-10-gulden-1968-frans-hals-misdruk-5\\\/\"]}]},{\"@type\":\"ImageObject\",\"inLanguage\":\"de\",\"@id\":\"https:\\\/\\\/www.david-coin.com\\\/product\\\/nederland-10-gulden-1968-frans-hals-misdruk-5\\\/#primaryimage\",\"url\":\"https:\\\/\\\/www.david-coin.com\\\/wp-content\\\/uploads\\\/2025\\\/07\\\/Nederland-10gulden-1968-Misdruk-vz-39.95.jpg\",\"contentUrl\":\"https:\\\/\\\/www.david-coin.com\\\/wp-content\\\/uploads\\\/2025\\\/07\\\/Nederland-10gulden-1968-Misdruk-vz-39.95.jpg\",\"width\":500,\"height\":288,\"caption\":\"Nederland 10 Gulden 1968 Frans Hals Misdruk\"},{\"@type\":\"BreadcrumbList\",\"@id\":\"https:\\\/\\\/www.david-coin.com\\\/product\\\/nederland-10-gulden-1968-frans-hals-misdruk-5\\\/#breadcrumb\",\"itemListElement\":[{\"@type\":\"ListItem\",\"position\":1,\"name\":\"Home\",\"item\":\"https:\\\/\\\/www.david-coin.com\\\/\"},{\"@type\":\"ListItem\",\"position\":2,\"name\":\"Winkel\",\"item\":\"https:\\\/\\\/www.david-coin.com\\\/winkel\\\/\"},{\"@type\":\"ListItem\",\"position\":3,\"name\":\"Nederland 10 Gulden 1968 Frans Hals Misdruk\"}]},{\"@type\":\"WebSite\",\"@id\":\"https:\\\/\\\/www.david-coin.com\\\/#website\",\"url\":\"https:\\\/\\\/www.david-coin.com\\\/\",\"name\":\"David Coin\",\"description\":\"\",\"publisher\":{\"@id\":\"https:\\\/\\\/www.david-coin.com\\\/#organization\"},\"potentialAction\":[{\"@type\":\"SearchAction\",\"target\":{\"@type\":\"EntryPoint\",\"urlTemplate\":\"https:\\\/\\\/www.david-coin.com\\\/?s={search_term_string}\"},\"query-input\":{\"@type\":\"PropertyValueSpecification\",\"valueRequired\":true,\"valueName\":\"search_term_string\"}}],\"inLanguage\":\"de\"},{\"@type\":\"Organization\",\"@id\":\"https:\\\/\\\/www.david-coin.com\\\/#organization\",\"name\":\"David Coin\",\"url\":\"https:\\\/\\\/www.david-coin.com\\\/\",\"logo\":{\"@type\":\"ImageObject\",\"inLanguage\":\"de\",\"@id\":\"https:\\\/\\\/www.david-coin.com\\\/#\\\/schema\\\/logo\\\/image\\\/\",\"url\":\"https:\\\/\\\/www.david-coin.com\\\/wp-content\\\/uploads\\\/2024\\\/04\\\/davidcoin-logo-final.png\",\"contentUrl\":\"https:\\\/\\\/www.david-coin.com\\\/wp-content\\\/uploads\\\/2024\\\/04\\\/davidcoin-logo-final.png\",\"width\":800,\"height\":267,\"caption\":\"David Coin\"},\"image\":{\"@id\":\"https:\\\/\\\/www.david-coin.com\\\/#\\\/schema\\\/logo\\\/image\\\/\"},\"sameAs\":[\"https:\\\/\\\/www.facebook.com\\\/Davidcoininkoopenverkoop\",\"https:\\\/\\\/www.youtube.com\\\/channel\\\/UC39lihLKFSPTff0w6tv0pWQ\"]}]}<\/script>\n<meta property=\"product:price:amount\" content=\"39.95\" \/>\n<meta property=\"product:price:currency\" content=\"EUR\" \/>\n<meta property=\"og:availability\" content=\"instock\" \/>\n<meta property=\"product:availability\" content=\"instock\" \/>\n<meta property=\"product:retailer_item_id\" content=\"2897\" \/>\n<meta property=\"product:condition\" content=\"new\" \/>\n<!-- \/ Yoast SEO Premium plugin. -->","yoast_head_json":{"title":"Niederlande 10 Gulden 1968 Frans Hals Fehldruck","description":"Nederlandse guldenbiljetten kopen? Bekijk ons ruime aanbod bankbiljetten en munten, ook met PMG-grading. Gratis verzending vanaf 75 euro binnen Nederland.","robots":{"index":"index","follow":"follow","max-snippet":"max-snippet:-1","max-image-preview":"max-image-preview:large","max-video-preview":"max-video-preview:-1"},"canonical":"https:\/\/www.david-coin.com\/de\/produkt\/nederland-10-gulden-1968-frans-hals-misdruk-5\/","og_locale":"de_DE","og_type":"article","og_title":"Nederland 10 Gulden 1968 Frans Hals Misdruk","og_description":"Nederlandse guldenbiljetten kopen? Bekijk ons ruime aanbod bankbiljetten en munten, ook met PMG-grading. Gratis verzending vanaf 75 euro binnen Nederland.","og_url":"https:\/\/www.david-coin.com\/de\/produkt\/nederland-10-gulden-1968-frans-hals-misdruk-5\/","og_site_name":"David Coin","article_publisher":"https:\/\/www.facebook.com\/Davidcoininkoopenverkoop","article_modified_time":"2026-01-27T16:30:35+00:00","og_image":[{"width":500,"height":288,"url":"https:\/\/www.david-coin.com\/wp-content\/uploads\/2025\/07\/Nederland-10gulden-1968-Misdruk-vz-39.95.jpg","type":"image\/jpeg"}],"twitter_card":"summary_large_image","twitter_misc":{"Preis":"&euro;&nbsp;39,95","Verf\u00fcgbarkeit":"Auf Lager"},"schema":{"@context":"https:\/\/schema.org","@graph":[{"@type":"WebPage","@id":"https:\/\/www.david-coin.com\/product\/nederland-10-gulden-1968-frans-hals-misdruk-5\/","url":"https:\/\/www.david-coin.com\/product\/nederland-10-gulden-1968-frans-hals-misdruk-5\/","name":"Niederlande 10 Gulden 1968 Frans Hals Fehldruck","isPartOf":{"@id":"https:\/\/www.david-coin.com\/#website"},"primaryImageOfPage":{"@id":"https:\/\/www.david-coin.com\/product\/nederland-10-gulden-1968-frans-hals-misdruk-5\/#primaryimage"},"image":{"@id":"https:\/\/www.david-coin.com\/product\/nederland-10-gulden-1968-frans-hals-misdruk-5\/#primaryimage"},"thumbnailUrl":"https:\/\/www.david-coin.com\/wp-content\/uploads\/2025\/07\/Nederland-10gulden-1968-Misdruk-vz-39.95.jpg","datePublished":"2025-07-15T13:00:00+00:00","dateModified":"2026-01-27T16:30:35+00:00","description":"Nederlandse guldenbiljetten kopen? Bekijk ons ruime aanbod bankbiljetten en munten, ook met PMG-grading. Gratis verzending vanaf 75 euro binnen Nederland.","breadcrumb":{"@id":"https:\/\/www.david-coin.com\/product\/nederland-10-gulden-1968-frans-hals-misdruk-5\/#breadcrumb"},"inLanguage":"de","potentialAction":[{"@type":"ReadAction","target":["https:\/\/www.david-coin.com\/product\/nederland-10-gulden-1968-frans-hals-misdruk-5\/"]}]},{"@type":"ImageObject","inLanguage":"de","@id":"https:\/\/www.david-coin.com\/product\/nederland-10-gulden-1968-frans-hals-misdruk-5\/#primaryimage","url":"https:\/\/www.david-coin.com\/wp-content\/uploads\/2025\/07\/Nederland-10gulden-1968-Misdruk-vz-39.95.jpg","contentUrl":"https:\/\/www.david-coin.com\/wp-content\/uploads\/2025\/07\/Nederland-10gulden-1968-Misdruk-vz-39.95.jpg","width":500,"height":288,"caption":"Nederland 10 Gulden 1968 Frans Hals Misdruk"},{"@type":"BreadcrumbList","@id":"https:\/\/www.david-coin.com\/product\/nederland-10-gulden-1968-frans-hals-misdruk-5\/#breadcrumb","itemListElement":[{"@type":"ListItem","position":1,"name":"Home","item":"https:\/\/www.david-coin.com\/"},{"@type":"ListItem","position":2,"name":"Winkel","item":"https:\/\/www.david-coin.com\/winkel\/"},{"@type":"ListItem","position":3,"name":"Nederland 10 Gulden 1968 Frans Hals Misdruk"}]},{"@type":"WebSite","@id":"https:\/\/www.david-coin.com\/#website","url":"https:\/\/www.david-coin.com\/","name":"David Coin","description":"","publisher":{"@id":"https:\/\/www.david-coin.com\/#organization"},"potentialAction":[{"@type":"SearchAction","target":{"@type":"EntryPoint","urlTemplate":"https:\/\/www.david-coin.com\/?s={search_term_string}"},"query-input":{"@type":"PropertyValueSpecification","valueRequired":true,"valueName":"search_term_string"}}],"inLanguage":"de"},{"@type":"Organization","@id":"https:\/\/www.david-coin.com\/#organization","name":"David Coin","url":"https:\/\/www.david-coin.com\/","logo":{"@type":"ImageObject","inLanguage":"de","@id":"https:\/\/www.david-coin.com\/#\/schema\/logo\/image\/","url":"https:\/\/www.david-coin.com\/wp-content\/uploads\/2024\/04\/davidcoin-logo-final.png","contentUrl":"https:\/\/www.david-coin.com\/wp-content\/uploads\/2024\/04\/davidcoin-logo-final.png","width":800,"height":267,"caption":"David Coin"},"image":{"@id":"https:\/\/www.david-coin.com\/#\/schema\/logo\/image\/"},"sameAs":["https:\/\/www.facebook.com\/Davidcoininkoopenverkoop","https:\/\/www.youtube.com\/channel\/UC39lihLKFSPTff0w6tv0pWQ"]}]},"product_price_amount":"39.95","product_price_currency":"EUR","og_availability":"instock","product_availability":"instock","product_retailer_item_id":"2897","product_condition":"new"},"_links":{"self":[{"href":"https:\/\/www.david-coin.com\/de\/wp-json\/wp\/v2\/product\/151415","targetHints":{"allow":["GET"]}}],"collection":[{"href":"https:\/\/www.david-coin.com\/de\/wp-json\/wp\/v2\/product"}],"about":[{"href":"https:\/\/www.david-coin.com\/de\/wp-json\/wp\/v2\/types\/product"}],"replies":[{"embeddable":true,"href":"https:\/\/www.david-coin.com\/de\/wp-json\/wp\/v2\/comments?post=151415"}],"wp:featuredmedia":[{"embeddable":true,"href":"https:\/\/www.david-coin.com\/de\/wp-json\/wp\/v2\/media\/151194"}],"wp:attachment":[{"href":"https:\/\/www.david-coin.com\/de\/wp-json\/wp\/v2\/media?parent=151415"}],"wp:term":[{"taxonomy":"product_brand","embeddable":true,"href":"https:\/\/www.david-coin.com\/de\/wp-json\/wp\/v2\/product_brand?post=151415"},{"taxonomy":"product_cat","embeddable":true,"href":"https:\/\/www.david-coin.com\/de\/wp-json\/wp\/v2\/product_cat?post=151415"},{"taxonomy":"product_tag","embeddable":true,"href":"https:\/\/www.david-coin.com\/de\/wp-json\/wp\/v2\/product_tag?post=151415"}],"curies":[{"name":"wp","href":"https:\/\/api.w.org\/{rel}","templated":true}]}}