{"id":149892,"date":"2025-06-28T13:00:00","date_gmt":"2025-06-28T11:00:00","guid":{"rendered":"https:\/\/www.david-coin.com\/?post_type=product&#038;p=149892"},"modified":"2026-01-27T12:41:31","modified_gmt":"2026-01-27T11:41:31","slug":"nederland-10-gulden-goud-1832-willem-i","status":"publish","type":"product","link":"https:\/\/www.david-coin.com\/de\/produkt\/nederland-10-gulden-goud-1832-willem-i\/","title":{"rendered":"Niederlande 10 Gulden Gold 1832 Willem I."},"content":{"rendered":"<p>Niederlande 10 Gulden Gold 1832 Willem I.<br \/>\nMunt bevat krasjes op de keerzijde.<\/p>\n<p><strong>\u00dcber die goldenen 10 Gulden William 1:<\/strong><\/p>\n<p>Der goldene Zehner von <a href=\"https:\/\/www.david-coin.com\/de\/produkt-kategorie\/nederlandse-munten\/willem-1-1815-1840\/\">Wilhelm 1<\/a> war die gr\u00f6\u00dfte Goldm\u00fcnze, die zu Beginn des neunzehnten Jahrhunderts in unserem Land im Umlauf war. Der goldene Zehner von Wilhelm 1 besteht aus 900\/1000 Gold, wiegt 6,72 Gramm und hat einen Durchmesser von 22,5 Millimetern. Die Vorderseite zeigt das Bildnis von K\u00f6nig Wilhelm 1 mit dem Text 'Wilhelm 1 K\u00f6nig der Niederlande G.H.V.L. (kurz f\u00fcr Gro\u00dfherzog von Luxemburg). Der goldene Zehner von Willem 1 zeigt ein anderes Bild des K\u00f6nigs als der goldene F\u00fcnfer. Neben dem goldenen Zehner zirkulierten zu dieser Zeit in den Niederlanden die folgenden M\u00fcnzen:<\/p>\n<ul>\n<li>Der halbe Cent William 1;<\/li>\n<li>Penny William 1;<\/li>\n<li>Die f\u00fcnf Cent oder Nickel William 1 (Silber);<\/li>\n<li>Die Zehn-Cent-M\u00fcnze oder der Groschen Willem 1 (Silber);<\/li>\n<li>Die F\u00fcnfundzwanzig-Cent- oder Willem-1-Viertelm\u00fcnze (Silber);<\/li>\n<li>Der Willem 1 halber Gulden (Silber);<\/li>\n<li>Der Gulden William 1 (Silber);<\/li>\n<li>Der Zweieinhalb-Gulden-Wilhelm 1 (ab 1840);<\/li>\n<li>Der Drei-Gulden-Wilhelm-1, gepr\u00e4gt bis einschlie\u00dflich 1832, (Silber);<\/li>\n<li>Die f\u00fcnf Gulden William 1 (Gold).<\/li>\n<\/ul>\n<p>Der goldene Zehner von Wilhelm 1 wurde von 1818 bis 1840 sowohl in Utrecht als auch in Br\u00fcssel gepr\u00e4gt. Heute ist der goldene Zehner sowohl bei Sammlern als auch bei Anlegern sehr beliebt, obwohl dies bei den M\u00fcnzen von K\u00f6nig Wilhelm 1 und Wilhelm 2 aufgrund der Seltenheit der M\u00fcnzen weniger der Fall ist.<\/p>\n<p>Siehe Scans f\u00fcr weitere Einzelheiten.<br \/>\nBei Fragen k\u00f6nnen Sie uns gerne eine Nachricht schicken.<\/p>\n<p>&nbsp;<\/p>","protected":false},"excerpt":{"rendered":"<p class=\"ai-optimize-25 ai-optimize-introduction\">Gouden tientje &#8211; Koninkrijksmunt<\/p>","protected":false},"featured_media":149811,"comment_status":"closed","ping_status":"closed","template":"","meta":[],"product_brand":[],"product_cat":[5471,5519],"product_tag":[],"class_list":{"0":"post-149892","1":"product","2":"type-product","3":"status-publish","4":"has-post-thumbnail","6":"product_cat-nederlandse-munten","7":"product_cat-willem-1-1815-1840","8":"pa_delcampeid-5287","9":"pa_koning-koningin-willem1","10":"pa_kwaliteit-prachtig","11":"pa_land-nederland","12":"pa_materiaal-goud","13":"pa_muntwaarde-10gulden","15":"first","16":"outofstock","17":"purchasable","18":"product-type-simple"},"yoast_head":"<!-- This site is optimized with the Yoast SEO Premium plugin v27.2 (Yoast SEO v27.5) - https:\/\/yoast.com\/product\/yoast-seo-premium-wordpress\/ -->\n<title>Nederland 10 Gulden goud 1832 Willem I<\/title>\n<meta name=\"description\" content=\"Nederlandse guldens verkrijgbaar bij David-Coin. Bekijk ons ruime aanbod Koninkrijksmunten. Gratis verzending vanaf 75 euro binnen Nederland.\" \/>\n<meta name=\"robots\" content=\"index, follow, max-snippet:-1, max-image-preview:large, max-video-preview:-1\" \/>\n<link rel=\"canonical\" href=\"https:\/\/www.david-coin.com\/de\/produkt\/nederland-10-gulden-goud-1832-willem-i\/\" \/>\n<meta property=\"og:locale\" content=\"de_DE\" \/>\n<meta property=\"og:type\" content=\"article\" \/>\n<meta property=\"og:title\" content=\"Nederland 10 Gulden goud 1832 Willem I\" \/>\n<meta property=\"og:description\" content=\"Nederlandse guldens verkrijgbaar bij David-Coin. Bekijk ons ruime aanbod Koninkrijksmunten. Gratis verzending vanaf 75 euro binnen Nederland.\" \/>\n<meta property=\"og:url\" content=\"https:\/\/www.david-coin.com\/de\/produkt\/nederland-10-gulden-goud-1832-willem-i\/\" \/>\n<meta property=\"og:site_name\" content=\"David Coin\" \/>\n<meta property=\"article:publisher\" content=\"https:\/\/www.facebook.com\/Davidcoininkoopenverkoop\" \/>\n<meta property=\"article:modified_time\" content=\"2026-01-27T11:41:31+00:00\" \/>\n<meta property=\"og:image\" content=\"https:\/\/www.david-coin.com\/wp-content\/uploads\/2025\/06\/Nederland-10gulden-1832-vz.jpg\" \/>\n\t<meta property=\"og:image:width\" content=\"756\" \/>\n\t<meta property=\"og:image:height\" content=\"756\" \/>\n\t<meta property=\"og:image:type\" content=\"image\/jpeg\" \/>\n<meta name=\"twitter:card\" content=\"summary_large_image\" \/>\n<meta name=\"twitter:label1\" content=\"Preis\" \/>\n\t<meta name=\"twitter:data1\" content=\"&euro;&nbsp;1.195,00\" \/>\n\t<meta name=\"twitter:label2\" content=\"Verf\u00fcgbarkeit\" \/>\n\t<meta name=\"twitter:data2\" content=\"ausverkauft\" \/>\n<script type=\"application\/ld+json\" class=\"yoast-schema-graph\">{\"@context\":\"https:\\\/\\\/schema.org\",\"@graph\":[{\"@type\":\"WebPage\",\"@id\":\"https:\\\/\\\/www.david-coin.com\\\/product\\\/nederland-10-gulden-goud-1832-willem-i\\\/\",\"url\":\"https:\\\/\\\/www.david-coin.com\\\/product\\\/nederland-10-gulden-goud-1832-willem-i\\\/\",\"name\":\"Nederland 10 Gulden goud 1832 Willem I\",\"isPartOf\":{\"@id\":\"https:\\\/\\\/www.david-coin.com\\\/#website\"},\"primaryImageOfPage\":{\"@id\":\"https:\\\/\\\/www.david-coin.com\\\/product\\\/nederland-10-gulden-goud-1832-willem-i\\\/#primaryimage\"},\"image\":{\"@id\":\"https:\\\/\\\/www.david-coin.com\\\/product\\\/nederland-10-gulden-goud-1832-willem-i\\\/#primaryimage\"},\"thumbnailUrl\":\"https:\\\/\\\/www.david-coin.com\\\/wp-content\\\/uploads\\\/2025\\\/06\\\/Nederland-10gulden-1832-vz.jpg\",\"datePublished\":\"2025-06-28T11:00:00+00:00\",\"dateModified\":\"2026-01-27T11:41:31+00:00\",\"description\":\"Nederlandse guldens verkrijgbaar bij David-Coin. Bekijk ons ruime aanbod Koninkrijksmunten. Gratis verzending vanaf 75 euro binnen Nederland.\",\"breadcrumb\":{\"@id\":\"https:\\\/\\\/www.david-coin.com\\\/product\\\/nederland-10-gulden-goud-1832-willem-i\\\/#breadcrumb\"},\"inLanguage\":\"de\",\"potentialAction\":[{\"@type\":\"ReadAction\",\"target\":[\"https:\\\/\\\/www.david-coin.com\\\/product\\\/nederland-10-gulden-goud-1832-willem-i\\\/\"]}]},{\"@type\":\"ImageObject\",\"inLanguage\":\"de\",\"@id\":\"https:\\\/\\\/www.david-coin.com\\\/product\\\/nederland-10-gulden-goud-1832-willem-i\\\/#primaryimage\",\"url\":\"https:\\\/\\\/www.david-coin.com\\\/wp-content\\\/uploads\\\/2025\\\/06\\\/Nederland-10gulden-1832-vz.jpg\",\"contentUrl\":\"https:\\\/\\\/www.david-coin.com\\\/wp-content\\\/uploads\\\/2025\\\/06\\\/Nederland-10gulden-1832-vz.jpg\",\"width\":756,\"height\":756,\"caption\":\"Nederland 10 Gulden goud 1832 Willem I\"},{\"@type\":\"BreadcrumbList\",\"@id\":\"https:\\\/\\\/www.david-coin.com\\\/product\\\/nederland-10-gulden-goud-1832-willem-i\\\/#breadcrumb\",\"itemListElement\":[{\"@type\":\"ListItem\",\"position\":1,\"name\":\"Home\",\"item\":\"https:\\\/\\\/www.david-coin.com\\\/\"},{\"@type\":\"ListItem\",\"position\":2,\"name\":\"Winkel\",\"item\":\"https:\\\/\\\/www.david-coin.com\\\/winkel\\\/\"},{\"@type\":\"ListItem\",\"position\":3,\"name\":\"Nederland 10 Gulden goud 1832 Willem I\"}]},{\"@type\":\"WebSite\",\"@id\":\"https:\\\/\\\/www.david-coin.com\\\/#website\",\"url\":\"https:\\\/\\\/www.david-coin.com\\\/\",\"name\":\"David Coin\",\"description\":\"\",\"publisher\":{\"@id\":\"https:\\\/\\\/www.david-coin.com\\\/#organization\"},\"potentialAction\":[{\"@type\":\"SearchAction\",\"target\":{\"@type\":\"EntryPoint\",\"urlTemplate\":\"https:\\\/\\\/www.david-coin.com\\\/?s={search_term_string}\"},\"query-input\":{\"@type\":\"PropertyValueSpecification\",\"valueRequired\":true,\"valueName\":\"search_term_string\"}}],\"inLanguage\":\"de\"},{\"@type\":\"Organization\",\"@id\":\"https:\\\/\\\/www.david-coin.com\\\/#organization\",\"name\":\"David Coin\",\"url\":\"https:\\\/\\\/www.david-coin.com\\\/\",\"logo\":{\"@type\":\"ImageObject\",\"inLanguage\":\"de\",\"@id\":\"https:\\\/\\\/www.david-coin.com\\\/#\\\/schema\\\/logo\\\/image\\\/\",\"url\":\"https:\\\/\\\/www.david-coin.com\\\/wp-content\\\/uploads\\\/2024\\\/04\\\/davidcoin-logo-final.png\",\"contentUrl\":\"https:\\\/\\\/www.david-coin.com\\\/wp-content\\\/uploads\\\/2024\\\/04\\\/davidcoin-logo-final.png\",\"width\":800,\"height\":267,\"caption\":\"David Coin\"},\"image\":{\"@id\":\"https:\\\/\\\/www.david-coin.com\\\/#\\\/schema\\\/logo\\\/image\\\/\"},\"sameAs\":[\"https:\\\/\\\/www.facebook.com\\\/Davidcoininkoopenverkoop\",\"https:\\\/\\\/www.youtube.com\\\/channel\\\/UC39lihLKFSPTff0w6tv0pWQ\"]}]}<\/script>\n<meta property=\"product:price:amount\" content=\"1195.00\" \/>\n<meta property=\"product:price:currency\" content=\"EUR\" \/>\n<meta property=\"og:availability\" content=\"out of stock\" \/>\n<meta property=\"product:availability\" content=\"out of stock\" \/>\n<meta property=\"product:retailer_item_id\" content=\"16099\" \/>\n<meta property=\"product:condition\" content=\"new\" \/>\n<!-- \/ Yoast SEO Premium plugin. -->","yoast_head_json":{"title":"Niederlande 10 Gulden Gold 1832 Willem I.","description":"Nederlandse guldens verkrijgbaar bij David-Coin. Bekijk ons ruime aanbod Koninkrijksmunten. Gratis verzending vanaf 75 euro binnen Nederland.","robots":{"index":"index","follow":"follow","max-snippet":"max-snippet:-1","max-image-preview":"max-image-preview:large","max-video-preview":"max-video-preview:-1"},"canonical":"https:\/\/www.david-coin.com\/de\/produkt\/nederland-10-gulden-goud-1832-willem-i\/","og_locale":"de_DE","og_type":"article","og_title":"Nederland 10 Gulden goud 1832 Willem I","og_description":"Nederlandse guldens verkrijgbaar bij David-Coin. Bekijk ons ruime aanbod Koninkrijksmunten. Gratis verzending vanaf 75 euro binnen Nederland.","og_url":"https:\/\/www.david-coin.com\/de\/produkt\/nederland-10-gulden-goud-1832-willem-i\/","og_site_name":"David Coin","article_publisher":"https:\/\/www.facebook.com\/Davidcoininkoopenverkoop","article_modified_time":"2026-01-27T11:41:31+00:00","og_image":[{"width":756,"height":756,"url":"https:\/\/www.david-coin.com\/wp-content\/uploads\/2025\/06\/Nederland-10gulden-1832-vz.jpg","type":"image\/jpeg"}],"twitter_card":"summary_large_image","twitter_misc":{"Preis":"&euro;&nbsp;1.195,00","Verf\u00fcgbarkeit":"ausverkauft"},"schema":{"@context":"https:\/\/schema.org","@graph":[{"@type":"WebPage","@id":"https:\/\/www.david-coin.com\/product\/nederland-10-gulden-goud-1832-willem-i\/","url":"https:\/\/www.david-coin.com\/product\/nederland-10-gulden-goud-1832-willem-i\/","name":"Niederlande 10 Gulden Gold 1832 Willem I.","isPartOf":{"@id":"https:\/\/www.david-coin.com\/#website"},"primaryImageOfPage":{"@id":"https:\/\/www.david-coin.com\/product\/nederland-10-gulden-goud-1832-willem-i\/#primaryimage"},"image":{"@id":"https:\/\/www.david-coin.com\/product\/nederland-10-gulden-goud-1832-willem-i\/#primaryimage"},"thumbnailUrl":"https:\/\/www.david-coin.com\/wp-content\/uploads\/2025\/06\/Nederland-10gulden-1832-vz.jpg","datePublished":"2025-06-28T11:00:00+00:00","dateModified":"2026-01-27T11:41:31+00:00","description":"Nederlandse guldens verkrijgbaar bij David-Coin. Bekijk ons ruime aanbod Koninkrijksmunten. Gratis verzending vanaf 75 euro binnen Nederland.","breadcrumb":{"@id":"https:\/\/www.david-coin.com\/product\/nederland-10-gulden-goud-1832-willem-i\/#breadcrumb"},"inLanguage":"de","potentialAction":[{"@type":"ReadAction","target":["https:\/\/www.david-coin.com\/product\/nederland-10-gulden-goud-1832-willem-i\/"]}]},{"@type":"ImageObject","inLanguage":"de","@id":"https:\/\/www.david-coin.com\/product\/nederland-10-gulden-goud-1832-willem-i\/#primaryimage","url":"https:\/\/www.david-coin.com\/wp-content\/uploads\/2025\/06\/Nederland-10gulden-1832-vz.jpg","contentUrl":"https:\/\/www.david-coin.com\/wp-content\/uploads\/2025\/06\/Nederland-10gulden-1832-vz.jpg","width":756,"height":756,"caption":"Nederland 10 Gulden goud 1832 Willem I"},{"@type":"BreadcrumbList","@id":"https:\/\/www.david-coin.com\/product\/nederland-10-gulden-goud-1832-willem-i\/#breadcrumb","itemListElement":[{"@type":"ListItem","position":1,"name":"Home","item":"https:\/\/www.david-coin.com\/"},{"@type":"ListItem","position":2,"name":"Winkel","item":"https:\/\/www.david-coin.com\/winkel\/"},{"@type":"ListItem","position":3,"name":"Nederland 10 Gulden goud 1832 Willem I"}]},{"@type":"WebSite","@id":"https:\/\/www.david-coin.com\/#website","url":"https:\/\/www.david-coin.com\/","name":"David Coin","description":"","publisher":{"@id":"https:\/\/www.david-coin.com\/#organization"},"potentialAction":[{"@type":"SearchAction","target":{"@type":"EntryPoint","urlTemplate":"https:\/\/www.david-coin.com\/?s={search_term_string}"},"query-input":{"@type":"PropertyValueSpecification","valueRequired":true,"valueName":"search_term_string"}}],"inLanguage":"de"},{"@type":"Organization","@id":"https:\/\/www.david-coin.com\/#organization","name":"David Coin","url":"https:\/\/www.david-coin.com\/","logo":{"@type":"ImageObject","inLanguage":"de","@id":"https:\/\/www.david-coin.com\/#\/schema\/logo\/image\/","url":"https:\/\/www.david-coin.com\/wp-content\/uploads\/2024\/04\/davidcoin-logo-final.png","contentUrl":"https:\/\/www.david-coin.com\/wp-content\/uploads\/2024\/04\/davidcoin-logo-final.png","width":800,"height":267,"caption":"David Coin"},"image":{"@id":"https:\/\/www.david-coin.com\/#\/schema\/logo\/image\/"},"sameAs":["https:\/\/www.facebook.com\/Davidcoininkoopenverkoop","https:\/\/www.youtube.com\/channel\/UC39lihLKFSPTff0w6tv0pWQ"]}]},"product_price_amount":"1195.00","product_price_currency":"EUR","og_availability":"out of stock","product_availability":"out of stock","product_retailer_item_id":"16099","product_condition":"new"},"_links":{"self":[{"href":"https:\/\/www.david-coin.com\/de\/wp-json\/wp\/v2\/product\/149892","targetHints":{"allow":["GET"]}}],"collection":[{"href":"https:\/\/www.david-coin.com\/de\/wp-json\/wp\/v2\/product"}],"about":[{"href":"https:\/\/www.david-coin.com\/de\/wp-json\/wp\/v2\/types\/product"}],"replies":[{"embeddable":true,"href":"https:\/\/www.david-coin.com\/de\/wp-json\/wp\/v2\/comments?post=149892"}],"wp:featuredmedia":[{"embeddable":true,"href":"https:\/\/www.david-coin.com\/de\/wp-json\/wp\/v2\/media\/149811"}],"wp:attachment":[{"href":"https:\/\/www.david-coin.com\/de\/wp-json\/wp\/v2\/media?parent=149892"}],"wp:term":[{"taxonomy":"product_brand","embeddable":true,"href":"https:\/\/www.david-coin.com\/de\/wp-json\/wp\/v2\/product_brand?post=149892"},{"taxonomy":"product_cat","embeddable":true,"href":"https:\/\/www.david-coin.com\/de\/wp-json\/wp\/v2\/product_cat?post=149892"},{"taxonomy":"product_tag","embeddable":true,"href":"https:\/\/www.david-coin.com\/de\/wp-json\/wp\/v2\/product_tag?post=149892"}],"curies":[{"name":"wp","href":"https:\/\/api.w.org\/{rel}","templated":true}]}}