{"id":149340,"date":"2025-06-20T09:00:00","date_gmt":"2025-06-20T07:00:00","guid":{"rendered":"https:\/\/www.david-coin.com\/?post_type=product&#038;p=149340"},"modified":"2026-01-28T18:00:25","modified_gmt":"2026-01-28T17:00:25","slug":"malediven-muntset-rufiyaa-laari","status":"publish","type":"product","link":"https:\/\/www.david-coin.com\/de\/produkt\/malediven-muntset-rufiyaa-laari\/","title":{"rendered":"Malediven M\u00fcnzsatz Rufiyaa\/Laari inkl. Zertifikat"},"content":{"rendered":"<p>Malediven Muntset Rufiyaa\/Laari <br \/>Aus der Serie 'M\u00fcnzen der Welt. Auf Weltreise mit der K\u00f6niglichen Niederl\u00e4ndischen M\u00fcnze\", Unterserie \"Asien\". Herausgegeben vom KNM.<br \/> Die Jahreszahlen der M\u00fcnzen k\u00f6nnen variieren. <\/p>\n<p> Inklusive Echtheitszertifikat. <\/p>\n<p> Beispielfoto. Sie erhalten ein \u00e4hnliches Exemplar. <\/p>\n<p>Siehe Scans f\u00fcr weitere Einzelheiten. <br \/>\nBei Fragen k\u00f6nnen Sie uns gerne eine Nachricht schicken.<\/p>\n<p>&nbsp;<\/p>","protected":false},"excerpt":{"rendered":"<p>Asiatischer Kursm\u00fcnzensatz aus der Serie M\u00fcnzen der Welt<\/p>","protected":false},"featured_media":149173,"comment_status":"closed","ping_status":"open","template":"","meta":[],"product_brand":[],"product_cat":[5485,5579,5473],"product_tag":[],"class_list":{"0":"post-149340","1":"product","2":"type-product","3":"status-publish","4":"has-post-thumbnail","6":"product_cat-azie","7":"product_cat-wereld-sets","8":"product_cat-world-coins-romeinse-munten","9":"pa_delcampeid-6577","10":"pa_kwaliteit-unc","11":"pa_land-malediven","12":"pa_materiaal-divers","13":"pa_muntwaarde-divers","14":"pa_soort-muntset","16":"first","17":"instock","18":"purchasable","19":"product-type-simple"},"yoast_head":"<!-- This site is optimized with the Yoast SEO Premium plugin v27.2 (Yoast SEO v27.4) - https:\/\/yoast.com\/product\/yoast-seo-premium-wordpress\/ -->\n<title>Malediven Muntset Rufiyaa\/Laari incl. Certificaat<\/title>\n<meta name=\"description\" content=\"Wereldmunten verkrijgbaar van diverse landen bij David-coin. Bekijk nu ons ruime aanbod. Gratis verzending vanaf \u20ac75,- binnen Nederland.\" \/>\n<meta name=\"robots\" content=\"index, follow, max-snippet:-1, max-image-preview:large, max-video-preview:-1\" \/>\n<link rel=\"canonical\" href=\"https:\/\/www.david-coin.com\/de\/produkt\/malediven-muntset-rufiyaa-laari\/\" \/>\n<meta property=\"og:locale\" content=\"de_DE\" \/>\n<meta property=\"og:type\" content=\"article\" \/>\n<meta property=\"og:title\" content=\"Malediven Muntset Rufiyaa\/Laari incl. Certificaat\" \/>\n<meta property=\"og:description\" content=\"Wereldmunten verkrijgbaar van diverse landen bij David-coin. Bekijk nu ons ruime aanbod. Gratis verzending vanaf \u20ac75,- binnen Nederland.\" \/>\n<meta property=\"og:url\" content=\"https:\/\/www.david-coin.com\/de\/produkt\/malediven-muntset-rufiyaa-laari\/\" \/>\n<meta property=\"og:site_name\" content=\"David Coin\" \/>\n<meta property=\"article:publisher\" content=\"https:\/\/www.facebook.com\/Davidcoininkoopenverkoop\" \/>\n<meta property=\"article:modified_time\" content=\"2026-01-28T17:00:25+00:00\" \/>\n<meta property=\"og:image\" content=\"https:\/\/www.david-coin.com\/wp-content\/uploads\/2025\/06\/Maldiven-muntset-2007-vz.jpg\" \/>\n\t<meta property=\"og:image:width\" content=\"1040\" \/>\n\t<meta property=\"og:image:height\" content=\"738\" \/>\n\t<meta property=\"og:image:type\" content=\"image\/jpeg\" \/>\n<meta name=\"twitter:card\" content=\"summary_large_image\" \/>\n<meta name=\"twitter:label1\" content=\"Preis\" \/>\n\t<meta name=\"twitter:data1\" content=\"&euro;&nbsp;12,50\" \/>\n\t<meta name=\"twitter:label2\" content=\"Verf\u00fcgbarkeit\" \/>\n\t<meta name=\"twitter:data2\" content=\"Auf Lager\" \/>\n<script type=\"application\/ld+json\" class=\"yoast-schema-graph\">{\"@context\":\"https:\\\/\\\/schema.org\",\"@graph\":[{\"@type\":\"WebPage\",\"@id\":\"https:\\\/\\\/www.david-coin.com\\\/product\\\/malediven-muntset-rufiyaa-laari\\\/\",\"url\":\"https:\\\/\\\/www.david-coin.com\\\/product\\\/malediven-muntset-rufiyaa-laari\\\/\",\"name\":\"Malediven Muntset Rufiyaa\\\/Laari incl. Certificaat\",\"isPartOf\":{\"@id\":\"https:\\\/\\\/www.david-coin.com\\\/#website\"},\"primaryImageOfPage\":{\"@id\":\"https:\\\/\\\/www.david-coin.com\\\/product\\\/malediven-muntset-rufiyaa-laari\\\/#primaryimage\"},\"image\":{\"@id\":\"https:\\\/\\\/www.david-coin.com\\\/product\\\/malediven-muntset-rufiyaa-laari\\\/#primaryimage\"},\"thumbnailUrl\":\"https:\\\/\\\/www.david-coin.com\\\/wp-content\\\/uploads\\\/2025\\\/06\\\/Maldiven-muntset-2007-vz.jpg\",\"datePublished\":\"2025-06-20T07:00:00+00:00\",\"dateModified\":\"2026-01-28T17:00:25+00:00\",\"description\":\"Wereldmunten verkrijgbaar van diverse landen bij David-coin. Bekijk nu ons ruime aanbod. Gratis verzending vanaf \u20ac75,- binnen Nederland.\",\"breadcrumb\":{\"@id\":\"https:\\\/\\\/www.david-coin.com\\\/product\\\/malediven-muntset-rufiyaa-laari\\\/#breadcrumb\"},\"inLanguage\":\"de\",\"potentialAction\":[{\"@type\":\"ReadAction\",\"target\":[\"https:\\\/\\\/www.david-coin.com\\\/product\\\/malediven-muntset-rufiyaa-laari\\\/\"]}]},{\"@type\":\"ImageObject\",\"inLanguage\":\"de\",\"@id\":\"https:\\\/\\\/www.david-coin.com\\\/product\\\/malediven-muntset-rufiyaa-laari\\\/#primaryimage\",\"url\":\"https:\\\/\\\/www.david-coin.com\\\/wp-content\\\/uploads\\\/2025\\\/06\\\/Maldiven-muntset-2007-vz.jpg\",\"contentUrl\":\"https:\\\/\\\/www.david-coin.com\\\/wp-content\\\/uploads\\\/2025\\\/06\\\/Maldiven-muntset-2007-vz.jpg\",\"width\":1040,\"height\":738,\"caption\":\"Malediven Muntset Rufiyaa\\\/Laari\"},{\"@type\":\"BreadcrumbList\",\"@id\":\"https:\\\/\\\/www.david-coin.com\\\/product\\\/malediven-muntset-rufiyaa-laari\\\/#breadcrumb\",\"itemListElement\":[{\"@type\":\"ListItem\",\"position\":1,\"name\":\"Home\",\"item\":\"https:\\\/\\\/www.david-coin.com\\\/\"},{\"@type\":\"ListItem\",\"position\":2,\"name\":\"Winkel\",\"item\":\"https:\\\/\\\/www.david-coin.com\\\/winkel\\\/\"},{\"@type\":\"ListItem\",\"position\":3,\"name\":\"Malediven Muntset Rufiyaa\\\/Laari incl. Certificaat\"}]},{\"@type\":\"WebSite\",\"@id\":\"https:\\\/\\\/www.david-coin.com\\\/#website\",\"url\":\"https:\\\/\\\/www.david-coin.com\\\/\",\"name\":\"David Coin\",\"description\":\"\",\"publisher\":{\"@id\":\"https:\\\/\\\/www.david-coin.com\\\/#organization\"},\"potentialAction\":[{\"@type\":\"SearchAction\",\"target\":{\"@type\":\"EntryPoint\",\"urlTemplate\":\"https:\\\/\\\/www.david-coin.com\\\/?s={search_term_string}\"},\"query-input\":{\"@type\":\"PropertyValueSpecification\",\"valueRequired\":true,\"valueName\":\"search_term_string\"}}],\"inLanguage\":\"de\"},{\"@type\":\"Organization\",\"@id\":\"https:\\\/\\\/www.david-coin.com\\\/#organization\",\"name\":\"David Coin\",\"url\":\"https:\\\/\\\/www.david-coin.com\\\/\",\"logo\":{\"@type\":\"ImageObject\",\"inLanguage\":\"de\",\"@id\":\"https:\\\/\\\/www.david-coin.com\\\/#\\\/schema\\\/logo\\\/image\\\/\",\"url\":\"https:\\\/\\\/www.david-coin.com\\\/wp-content\\\/uploads\\\/2024\\\/04\\\/davidcoin-logo-final.png\",\"contentUrl\":\"https:\\\/\\\/www.david-coin.com\\\/wp-content\\\/uploads\\\/2024\\\/04\\\/davidcoin-logo-final.png\",\"width\":800,\"height\":267,\"caption\":\"David Coin\"},\"image\":{\"@id\":\"https:\\\/\\\/www.david-coin.com\\\/#\\\/schema\\\/logo\\\/image\\\/\"},\"sameAs\":[\"https:\\\/\\\/www.facebook.com\\\/Davidcoininkoopenverkoop\",\"https:\\\/\\\/www.youtube.com\\\/channel\\\/UC39lihLKFSPTff0w6tv0pWQ\"]}]}<\/script>\n<meta property=\"product:price:amount\" content=\"12.50\" \/>\n<meta property=\"product:price:currency\" content=\"EUR\" \/>\n<meta property=\"og:availability\" content=\"instock\" \/>\n<meta property=\"product:availability\" content=\"instock\" \/>\n<meta property=\"product:retailer_item_id\" content=\"21245\" \/>\n<meta property=\"product:condition\" content=\"new\" \/>\n<!-- \/ Yoast SEO Premium plugin. -->","yoast_head_json":{"title":"Malediven M\u00fcnzsatz Rufiyaa\/Laari inkl. Zertifikat","description":"Wereldmunten verkrijgbaar van diverse landen bij David-coin. Bekijk nu ons ruime aanbod. Gratis verzending vanaf \u20ac75,- binnen Nederland.","robots":{"index":"index","follow":"follow","max-snippet":"max-snippet:-1","max-image-preview":"max-image-preview:large","max-video-preview":"max-video-preview:-1"},"canonical":"https:\/\/www.david-coin.com\/de\/produkt\/malediven-muntset-rufiyaa-laari\/","og_locale":"de_DE","og_type":"article","og_title":"Malediven Muntset Rufiyaa\/Laari incl. Certificaat","og_description":"Wereldmunten verkrijgbaar van diverse landen bij David-coin. Bekijk nu ons ruime aanbod. Gratis verzending vanaf \u20ac75,- binnen Nederland.","og_url":"https:\/\/www.david-coin.com\/de\/produkt\/malediven-muntset-rufiyaa-laari\/","og_site_name":"David Coin","article_publisher":"https:\/\/www.facebook.com\/Davidcoininkoopenverkoop","article_modified_time":"2026-01-28T17:00:25+00:00","og_image":[{"width":1040,"height":738,"url":"https:\/\/www.david-coin.com\/wp-content\/uploads\/2025\/06\/Maldiven-muntset-2007-vz.jpg","type":"image\/jpeg"}],"twitter_card":"summary_large_image","twitter_misc":{"Preis":"&euro;&nbsp;12,50","Verf\u00fcgbarkeit":"Auf Lager"},"schema":{"@context":"https:\/\/schema.org","@graph":[{"@type":"WebPage","@id":"https:\/\/www.david-coin.com\/product\/malediven-muntset-rufiyaa-laari\/","url":"https:\/\/www.david-coin.com\/product\/malediven-muntset-rufiyaa-laari\/","name":"Malediven M\u00fcnzsatz Rufiyaa\/Laari inkl. Zertifikat","isPartOf":{"@id":"https:\/\/www.david-coin.com\/#website"},"primaryImageOfPage":{"@id":"https:\/\/www.david-coin.com\/product\/malediven-muntset-rufiyaa-laari\/#primaryimage"},"image":{"@id":"https:\/\/www.david-coin.com\/product\/malediven-muntset-rufiyaa-laari\/#primaryimage"},"thumbnailUrl":"https:\/\/www.david-coin.com\/wp-content\/uploads\/2025\/06\/Maldiven-muntset-2007-vz.jpg","datePublished":"2025-06-20T07:00:00+00:00","dateModified":"2026-01-28T17:00:25+00:00","description":"Wereldmunten verkrijgbaar van diverse landen bij David-coin. Bekijk nu ons ruime aanbod. Gratis verzending vanaf \u20ac75,- binnen Nederland.","breadcrumb":{"@id":"https:\/\/www.david-coin.com\/product\/malediven-muntset-rufiyaa-laari\/#breadcrumb"},"inLanguage":"de","potentialAction":[{"@type":"ReadAction","target":["https:\/\/www.david-coin.com\/product\/malediven-muntset-rufiyaa-laari\/"]}]},{"@type":"ImageObject","inLanguage":"de","@id":"https:\/\/www.david-coin.com\/product\/malediven-muntset-rufiyaa-laari\/#primaryimage","url":"https:\/\/www.david-coin.com\/wp-content\/uploads\/2025\/06\/Maldiven-muntset-2007-vz.jpg","contentUrl":"https:\/\/www.david-coin.com\/wp-content\/uploads\/2025\/06\/Maldiven-muntset-2007-vz.jpg","width":1040,"height":738,"caption":"Malediven Muntset Rufiyaa\/Laari"},{"@type":"BreadcrumbList","@id":"https:\/\/www.david-coin.com\/product\/malediven-muntset-rufiyaa-laari\/#breadcrumb","itemListElement":[{"@type":"ListItem","position":1,"name":"Home","item":"https:\/\/www.david-coin.com\/"},{"@type":"ListItem","position":2,"name":"Winkel","item":"https:\/\/www.david-coin.com\/winkel\/"},{"@type":"ListItem","position":3,"name":"Malediven Muntset Rufiyaa\/Laari incl. Certificaat"}]},{"@type":"WebSite","@id":"https:\/\/www.david-coin.com\/#website","url":"https:\/\/www.david-coin.com\/","name":"David Coin","description":"","publisher":{"@id":"https:\/\/www.david-coin.com\/#organization"},"potentialAction":[{"@type":"SearchAction","target":{"@type":"EntryPoint","urlTemplate":"https:\/\/www.david-coin.com\/?s={search_term_string}"},"query-input":{"@type":"PropertyValueSpecification","valueRequired":true,"valueName":"search_term_string"}}],"inLanguage":"de"},{"@type":"Organization","@id":"https:\/\/www.david-coin.com\/#organization","name":"David Coin","url":"https:\/\/www.david-coin.com\/","logo":{"@type":"ImageObject","inLanguage":"de","@id":"https:\/\/www.david-coin.com\/#\/schema\/logo\/image\/","url":"https:\/\/www.david-coin.com\/wp-content\/uploads\/2024\/04\/davidcoin-logo-final.png","contentUrl":"https:\/\/www.david-coin.com\/wp-content\/uploads\/2024\/04\/davidcoin-logo-final.png","width":800,"height":267,"caption":"David Coin"},"image":{"@id":"https:\/\/www.david-coin.com\/#\/schema\/logo\/image\/"},"sameAs":["https:\/\/www.facebook.com\/Davidcoininkoopenverkoop","https:\/\/www.youtube.com\/channel\/UC39lihLKFSPTff0w6tv0pWQ"]}]},"product_price_amount":"12.50","product_price_currency":"EUR","og_availability":"instock","product_availability":"instock","product_retailer_item_id":"21245","product_condition":"new"},"_links":{"self":[{"href":"https:\/\/www.david-coin.com\/de\/wp-json\/wp\/v2\/product\/149340","targetHints":{"allow":["GET"]}}],"collection":[{"href":"https:\/\/www.david-coin.com\/de\/wp-json\/wp\/v2\/product"}],"about":[{"href":"https:\/\/www.david-coin.com\/de\/wp-json\/wp\/v2\/types\/product"}],"replies":[{"embeddable":true,"href":"https:\/\/www.david-coin.com\/de\/wp-json\/wp\/v2\/comments?post=149340"}],"wp:featuredmedia":[{"embeddable":true,"href":"https:\/\/www.david-coin.com\/de\/wp-json\/wp\/v2\/media\/149173"}],"wp:attachment":[{"href":"https:\/\/www.david-coin.com\/de\/wp-json\/wp\/v2\/media?parent=149340"}],"wp:term":[{"taxonomy":"product_brand","embeddable":true,"href":"https:\/\/www.david-coin.com\/de\/wp-json\/wp\/v2\/product_brand?post=149340"},{"taxonomy":"product_cat","embeddable":true,"href":"https:\/\/www.david-coin.com\/de\/wp-json\/wp\/v2\/product_cat?post=149340"},{"taxonomy":"product_tag","embeddable":true,"href":"https:\/\/www.david-coin.com\/de\/wp-json\/wp\/v2\/product_tag?post=149340"}],"curies":[{"name":"wp","href":"https:\/\/api.w.org\/{rel}","templated":true}]}}