{"id":146777,"date":"2025-04-08T10:00:00","date_gmt":"2025-04-08T08:00:00","guid":{"rendered":"https:\/\/www.david-coin.com\/?post_type=product&#038;p=146777"},"modified":"2026-01-27T17:29:16","modified_gmt":"2026-01-27T16:29:16","slug":"nederland-10-gulden-1953-hugo-de-groot-pmg66-epq","status":"publish","type":"product","link":"https:\/\/www.david-coin.com\/de\/produkt\/nederland-10-gulden-1953-hugo-de-groot-pmg66-epq\/","title":{"rendered":"Niederlande 10 Gulden 1953 Hugo de Groot PMG66 EPQ"},"content":{"rendered":"<p>Niederlande 10 Gulden 1953 Hugo de Groot PMG66 EPQ <br \/> Au\u00dfergew\u00f6hnliche Papierqualit\u00e4t <br \/> Qualit\u00e4t: Edelstein unzirkuliert <br \/> Watermerk: Druiven <br \/>Pick: 85<br \/> NVMH: 48-1b<br \/>Plomp:PL45c <\/p>\n<p>Der Zehn-Gulden-Schein mit dem Motiv von Hugo de Groot geh\u00f6rt zur ersten Serie von Eppo Doeve, die Anfang der 1950er Jahre in Umlauf gebracht wurde. Die Vorderseite zeigt ein Bild von Hugo de Groot (einem bekannten niederl\u00e4ndischen Philosophen) und die R\u00fcckseite zeigt eine Waage, einen Globus und zwei Schiffe, die den \u00dcberseehandel der Niederlande symbolisieren. Im Wasserzeichen ist ein Taubenschlag zu sehen. Es gibt zwei Varianten dieser Banknote, beide mit den Unterschriften von DNB-Pr\u00e4sident Holtrop und DNB-Sekret\u00e4r de Jong:<br \/>\n&#8211;\t<a href=\"https:\/\/www.david-coin.com\/de\/produkt\/nederland-10-gulden-1953-hugo-de-groot-met-verticaal-merk\/\">10 Gulden 1953 vertikales Wasserzeichen<\/a>;<br \/>\n- 10 Gulden 1953 ohne vertikales Wasserzeichen.<br \/>\nNeben dem Zehn-Gulden-Schein geh\u00f6rten auch die folgenden Scheine zur Serie von Eppo Doeve.<br \/>\n&#8211;\t<a href=\"https:\/\/www.david-coin.com\/de\/produkt\/nederland-20-gulden-1955-boerhaave-2-3652\/\">20 Gulden Boerhave<\/a><br \/>\n&#8211;\t<a href=\"https:\/\/www.david-coin.com\/de\/produkt\/nederland-25-gulden-1955-huygens\/\">25 Gulden Huygens<\/a><br \/>\n&#8211;\t<a href=\"https:\/\/www.david-coin.com\/de\/produkt\/nederland-100-gulden-1953-erasmus\/\">100 Gulden Erasmus<\/a><br \/>\n&#8211;\t<a href=\"https:\/\/www.david-coin.com\/de\/produkt\/nederland-1-000-gulden-1946-rembrandt-2\/\">1000 Gulden Rembrandt<\/a>;<br \/>\nDer Zehn-Gulden-Schein mit dem Bild von Hugo de Groot wurde 1978 aus dem Verkehr gezogen. <\/p>\n<p>\nSiehe Scans f\u00fcr weitere Einzelheiten. <br \/>\nBei Fragen k\u00f6nnen Sie uns gerne eine Nachricht schicken.<\/p>\n<p>&nbsp;<\/p>","protected":false},"excerpt":{"rendered":"<p>PMG-bewertete Gulden-Note<\/p>","protected":false},"featured_media":146308,"comment_status":"closed","ping_status":"open","template":"","meta":[],"product_brand":[],"product_cat":[5491,5472],"product_tag":[],"class_list":{"0":"post-146777","1":"product","2":"type-product","3":"status-publish","4":"has-post-thumbnail","6":"product_cat-10-gulden-biljet","7":"product_cat-nederlandse-bankbiljetten","8":"pa_bankbiljetwaarde-10gulden","9":"pa_kwaliteit-unc","10":"pa_land-nederland","11":"pa_soort-pmgnotes","13":"first","14":"instock","15":"purchasable","16":"product-type-simple"},"yoast_head":"<!-- This site is optimized with the Yoast SEO Premium plugin v27.2 (Yoast SEO v27.4) - https:\/\/yoast.com\/product\/yoast-seo-premium-wordpress\/ -->\n<title>Nederland 10 Gulden 1953 Hugo de Groot PMG66 EPQ<\/title>\n<meta name=\"description\" content=\"Nederlandse guldenbiljetten verkrijgbaar bij David-coin. Bekijk nu ons ruime aanbod Koninkrijksbiljetten. Gratis verzending vanaf 75 euro binnen NL.\" \/>\n<meta name=\"robots\" content=\"index, follow, max-snippet:-1, max-image-preview:large, max-video-preview:-1\" \/>\n<link rel=\"canonical\" href=\"https:\/\/www.david-coin.com\/de\/produkt\/nederland-10-gulden-1953-hugo-de-groot-pmg66-epq\/\" \/>\n<meta property=\"og:locale\" content=\"de_DE\" \/>\n<meta property=\"og:type\" content=\"article\" \/>\n<meta property=\"og:title\" content=\"Nederland 10 Gulden 1953 Hugo de Groot PMG66 EPQ\" \/>\n<meta property=\"og:description\" content=\"Nederlandse guldenbiljetten verkrijgbaar bij David-coin. Bekijk nu ons ruime aanbod Koninkrijksbiljetten. Gratis verzending vanaf 75 euro binnen NL.\" \/>\n<meta property=\"og:url\" content=\"https:\/\/www.david-coin.com\/de\/produkt\/nederland-10-gulden-1953-hugo-de-groot-pmg66-epq\/\" \/>\n<meta property=\"og:site_name\" content=\"David Coin\" \/>\n<meta property=\"article:publisher\" content=\"https:\/\/www.facebook.com\/Davidcoininkoopenverkoop\" \/>\n<meta property=\"article:modified_time\" content=\"2026-01-27T16:29:16+00:00\" \/>\n<meta property=\"og:image\" content=\"https:\/\/www.david-coin.com\/wp-content\/uploads\/2025\/03\/Nederland-10Gulden-1953-vz.jpg\" \/>\n\t<meta property=\"og:image:width\" content=\"976\" \/>\n\t<meta property=\"og:image:height\" content=\"629\" \/>\n\t<meta property=\"og:image:type\" content=\"image\/jpeg\" \/>\n<meta name=\"twitter:card\" content=\"summary_large_image\" \/>\n<meta name=\"twitter:label1\" content=\"Preis\" \/>\n\t<meta name=\"twitter:data1\" content=\"&euro;&nbsp;169,95\" \/>\n\t<meta name=\"twitter:label2\" content=\"Verf\u00fcgbarkeit\" \/>\n\t<meta name=\"twitter:data2\" content=\"Auf Lager\" \/>\n<script type=\"application\/ld+json\" class=\"yoast-schema-graph\">{\"@context\":\"https:\\\/\\\/schema.org\",\"@graph\":[{\"@type\":\"WebPage\",\"@id\":\"https:\\\/\\\/www.david-coin.com\\\/product\\\/nederland-10-gulden-1953-hugo-de-groot-pmg66-epq\\\/\",\"url\":\"https:\\\/\\\/www.david-coin.com\\\/product\\\/nederland-10-gulden-1953-hugo-de-groot-pmg66-epq\\\/\",\"name\":\"Nederland 10 Gulden 1953 Hugo de Groot PMG66 EPQ\",\"isPartOf\":{\"@id\":\"https:\\\/\\\/www.david-coin.com\\\/#website\"},\"primaryImageOfPage\":{\"@id\":\"https:\\\/\\\/www.david-coin.com\\\/product\\\/nederland-10-gulden-1953-hugo-de-groot-pmg66-epq\\\/#primaryimage\"},\"image\":{\"@id\":\"https:\\\/\\\/www.david-coin.com\\\/product\\\/nederland-10-gulden-1953-hugo-de-groot-pmg66-epq\\\/#primaryimage\"},\"thumbnailUrl\":\"https:\\\/\\\/www.david-coin.com\\\/wp-content\\\/uploads\\\/2025\\\/03\\\/Nederland-10Gulden-1953-vz.jpg\",\"datePublished\":\"2025-04-08T08:00:00+00:00\",\"dateModified\":\"2026-01-27T16:29:16+00:00\",\"description\":\"Nederlandse guldenbiljetten verkrijgbaar bij David-coin. Bekijk nu ons ruime aanbod Koninkrijksbiljetten. Gratis verzending vanaf 75 euro binnen NL.\",\"breadcrumb\":{\"@id\":\"https:\\\/\\\/www.david-coin.com\\\/product\\\/nederland-10-gulden-1953-hugo-de-groot-pmg66-epq\\\/#breadcrumb\"},\"inLanguage\":\"de\",\"potentialAction\":[{\"@type\":\"ReadAction\",\"target\":[\"https:\\\/\\\/www.david-coin.com\\\/product\\\/nederland-10-gulden-1953-hugo-de-groot-pmg66-epq\\\/\"]}]},{\"@type\":\"ImageObject\",\"inLanguage\":\"de\",\"@id\":\"https:\\\/\\\/www.david-coin.com\\\/product\\\/nederland-10-gulden-1953-hugo-de-groot-pmg66-epq\\\/#primaryimage\",\"url\":\"https:\\\/\\\/www.david-coin.com\\\/wp-content\\\/uploads\\\/2025\\\/03\\\/Nederland-10Gulden-1953-vz.jpg\",\"contentUrl\":\"https:\\\/\\\/www.david-coin.com\\\/wp-content\\\/uploads\\\/2025\\\/03\\\/Nederland-10Gulden-1953-vz.jpg\",\"width\":976,\"height\":629,\"caption\":\"Nederland 10 Gulden 1953 Hugo de Groot PMG66 EPQ\"},{\"@type\":\"BreadcrumbList\",\"@id\":\"https:\\\/\\\/www.david-coin.com\\\/product\\\/nederland-10-gulden-1953-hugo-de-groot-pmg66-epq\\\/#breadcrumb\",\"itemListElement\":[{\"@type\":\"ListItem\",\"position\":1,\"name\":\"Home\",\"item\":\"https:\\\/\\\/www.david-coin.com\\\/\"},{\"@type\":\"ListItem\",\"position\":2,\"name\":\"Winkel\",\"item\":\"https:\\\/\\\/www.david-coin.com\\\/winkel\\\/\"},{\"@type\":\"ListItem\",\"position\":3,\"name\":\"Nederland 10 Gulden 1953 Hugo de Groot PMG66 EPQ\"}]},{\"@type\":\"WebSite\",\"@id\":\"https:\\\/\\\/www.david-coin.com\\\/#website\",\"url\":\"https:\\\/\\\/www.david-coin.com\\\/\",\"name\":\"David Coin\",\"description\":\"\",\"publisher\":{\"@id\":\"https:\\\/\\\/www.david-coin.com\\\/#organization\"},\"potentialAction\":[{\"@type\":\"SearchAction\",\"target\":{\"@type\":\"EntryPoint\",\"urlTemplate\":\"https:\\\/\\\/www.david-coin.com\\\/?s={search_term_string}\"},\"query-input\":{\"@type\":\"PropertyValueSpecification\",\"valueRequired\":true,\"valueName\":\"search_term_string\"}}],\"inLanguage\":\"de\"},{\"@type\":\"Organization\",\"@id\":\"https:\\\/\\\/www.david-coin.com\\\/#organization\",\"name\":\"David Coin\",\"url\":\"https:\\\/\\\/www.david-coin.com\\\/\",\"logo\":{\"@type\":\"ImageObject\",\"inLanguage\":\"de\",\"@id\":\"https:\\\/\\\/www.david-coin.com\\\/#\\\/schema\\\/logo\\\/image\\\/\",\"url\":\"https:\\\/\\\/www.david-coin.com\\\/wp-content\\\/uploads\\\/2024\\\/04\\\/davidcoin-logo-final.png\",\"contentUrl\":\"https:\\\/\\\/www.david-coin.com\\\/wp-content\\\/uploads\\\/2024\\\/04\\\/davidcoin-logo-final.png\",\"width\":800,\"height\":267,\"caption\":\"David Coin\"},\"image\":{\"@id\":\"https:\\\/\\\/www.david-coin.com\\\/#\\\/schema\\\/logo\\\/image\\\/\"},\"sameAs\":[\"https:\\\/\\\/www.facebook.com\\\/Davidcoininkoopenverkoop\",\"https:\\\/\\\/www.youtube.com\\\/channel\\\/UC39lihLKFSPTff0w6tv0pWQ\"]}]}<\/script>\n<meta property=\"product:price:amount\" content=\"169.95\" \/>\n<meta property=\"product:price:currency\" content=\"EUR\" \/>\n<meta property=\"og:availability\" content=\"instock\" \/>\n<meta property=\"product:availability\" content=\"instock\" \/>\n<meta property=\"product:retailer_item_id\" content=\"2857\" \/>\n<meta property=\"product:condition\" content=\"new\" \/>\n<!-- \/ Yoast SEO Premium plugin. -->","yoast_head_json":{"title":"Niederlande 10 Gulden 1953 Hugo de Groot PMG66 EPQ","description":"Nederlandse guldenbiljetten verkrijgbaar bij David-coin. Bekijk nu ons ruime aanbod Koninkrijksbiljetten. Gratis verzending vanaf 75 euro binnen NL.","robots":{"index":"index","follow":"follow","max-snippet":"max-snippet:-1","max-image-preview":"max-image-preview:large","max-video-preview":"max-video-preview:-1"},"canonical":"https:\/\/www.david-coin.com\/de\/produkt\/nederland-10-gulden-1953-hugo-de-groot-pmg66-epq\/","og_locale":"de_DE","og_type":"article","og_title":"Nederland 10 Gulden 1953 Hugo de Groot PMG66 EPQ","og_description":"Nederlandse guldenbiljetten verkrijgbaar bij David-coin. Bekijk nu ons ruime aanbod Koninkrijksbiljetten. Gratis verzending vanaf 75 euro binnen NL.","og_url":"https:\/\/www.david-coin.com\/de\/produkt\/nederland-10-gulden-1953-hugo-de-groot-pmg66-epq\/","og_site_name":"David Coin","article_publisher":"https:\/\/www.facebook.com\/Davidcoininkoopenverkoop","article_modified_time":"2026-01-27T16:29:16+00:00","og_image":[{"width":976,"height":629,"url":"https:\/\/www.david-coin.com\/wp-content\/uploads\/2025\/03\/Nederland-10Gulden-1953-vz.jpg","type":"image\/jpeg"}],"twitter_card":"summary_large_image","twitter_misc":{"Preis":"&euro;&nbsp;169,95","Verf\u00fcgbarkeit":"Auf Lager"},"schema":{"@context":"https:\/\/schema.org","@graph":[{"@type":"WebPage","@id":"https:\/\/www.david-coin.com\/product\/nederland-10-gulden-1953-hugo-de-groot-pmg66-epq\/","url":"https:\/\/www.david-coin.com\/product\/nederland-10-gulden-1953-hugo-de-groot-pmg66-epq\/","name":"Niederlande 10 Gulden 1953 Hugo de Groot PMG66 EPQ","isPartOf":{"@id":"https:\/\/www.david-coin.com\/#website"},"primaryImageOfPage":{"@id":"https:\/\/www.david-coin.com\/product\/nederland-10-gulden-1953-hugo-de-groot-pmg66-epq\/#primaryimage"},"image":{"@id":"https:\/\/www.david-coin.com\/product\/nederland-10-gulden-1953-hugo-de-groot-pmg66-epq\/#primaryimage"},"thumbnailUrl":"https:\/\/www.david-coin.com\/wp-content\/uploads\/2025\/03\/Nederland-10Gulden-1953-vz.jpg","datePublished":"2025-04-08T08:00:00+00:00","dateModified":"2026-01-27T16:29:16+00:00","description":"Nederlandse guldenbiljetten verkrijgbaar bij David-coin. Bekijk nu ons ruime aanbod Koninkrijksbiljetten. Gratis verzending vanaf 75 euro binnen NL.","breadcrumb":{"@id":"https:\/\/www.david-coin.com\/product\/nederland-10-gulden-1953-hugo-de-groot-pmg66-epq\/#breadcrumb"},"inLanguage":"de","potentialAction":[{"@type":"ReadAction","target":["https:\/\/www.david-coin.com\/product\/nederland-10-gulden-1953-hugo-de-groot-pmg66-epq\/"]}]},{"@type":"ImageObject","inLanguage":"de","@id":"https:\/\/www.david-coin.com\/product\/nederland-10-gulden-1953-hugo-de-groot-pmg66-epq\/#primaryimage","url":"https:\/\/www.david-coin.com\/wp-content\/uploads\/2025\/03\/Nederland-10Gulden-1953-vz.jpg","contentUrl":"https:\/\/www.david-coin.com\/wp-content\/uploads\/2025\/03\/Nederland-10Gulden-1953-vz.jpg","width":976,"height":629,"caption":"Nederland 10 Gulden 1953 Hugo de Groot PMG66 EPQ"},{"@type":"BreadcrumbList","@id":"https:\/\/www.david-coin.com\/product\/nederland-10-gulden-1953-hugo-de-groot-pmg66-epq\/#breadcrumb","itemListElement":[{"@type":"ListItem","position":1,"name":"Home","item":"https:\/\/www.david-coin.com\/"},{"@type":"ListItem","position":2,"name":"Winkel","item":"https:\/\/www.david-coin.com\/winkel\/"},{"@type":"ListItem","position":3,"name":"Nederland 10 Gulden 1953 Hugo de Groot PMG66 EPQ"}]},{"@type":"WebSite","@id":"https:\/\/www.david-coin.com\/#website","url":"https:\/\/www.david-coin.com\/","name":"David Coin","description":"","publisher":{"@id":"https:\/\/www.david-coin.com\/#organization"},"potentialAction":[{"@type":"SearchAction","target":{"@type":"EntryPoint","urlTemplate":"https:\/\/www.david-coin.com\/?s={search_term_string}"},"query-input":{"@type":"PropertyValueSpecification","valueRequired":true,"valueName":"search_term_string"}}],"inLanguage":"de"},{"@type":"Organization","@id":"https:\/\/www.david-coin.com\/#organization","name":"David Coin","url":"https:\/\/www.david-coin.com\/","logo":{"@type":"ImageObject","inLanguage":"de","@id":"https:\/\/www.david-coin.com\/#\/schema\/logo\/image\/","url":"https:\/\/www.david-coin.com\/wp-content\/uploads\/2024\/04\/davidcoin-logo-final.png","contentUrl":"https:\/\/www.david-coin.com\/wp-content\/uploads\/2024\/04\/davidcoin-logo-final.png","width":800,"height":267,"caption":"David Coin"},"image":{"@id":"https:\/\/www.david-coin.com\/#\/schema\/logo\/image\/"},"sameAs":["https:\/\/www.facebook.com\/Davidcoininkoopenverkoop","https:\/\/www.youtube.com\/channel\/UC39lihLKFSPTff0w6tv0pWQ"]}]},"product_price_amount":"169.95","product_price_currency":"EUR","og_availability":"instock","product_availability":"instock","product_retailer_item_id":"2857","product_condition":"new"},"_links":{"self":[{"href":"https:\/\/www.david-coin.com\/de\/wp-json\/wp\/v2\/product\/146777","targetHints":{"allow":["GET"]}}],"collection":[{"href":"https:\/\/www.david-coin.com\/de\/wp-json\/wp\/v2\/product"}],"about":[{"href":"https:\/\/www.david-coin.com\/de\/wp-json\/wp\/v2\/types\/product"}],"replies":[{"embeddable":true,"href":"https:\/\/www.david-coin.com\/de\/wp-json\/wp\/v2\/comments?post=146777"}],"wp:featuredmedia":[{"embeddable":true,"href":"https:\/\/www.david-coin.com\/de\/wp-json\/wp\/v2\/media\/146308"}],"wp:attachment":[{"href":"https:\/\/www.david-coin.com\/de\/wp-json\/wp\/v2\/media?parent=146777"}],"wp:term":[{"taxonomy":"product_brand","embeddable":true,"href":"https:\/\/www.david-coin.com\/de\/wp-json\/wp\/v2\/product_brand?post=146777"},{"taxonomy":"product_cat","embeddable":true,"href":"https:\/\/www.david-coin.com\/de\/wp-json\/wp\/v2\/product_cat?post=146777"},{"taxonomy":"product_tag","embeddable":true,"href":"https:\/\/www.david-coin.com\/de\/wp-json\/wp\/v2\/product_tag?post=146777"}],"curies":[{"name":"wp","href":"https:\/\/api.w.org\/{rel}","templated":true}]}}