{"id":146775,"date":"2025-04-07T16:00:00","date_gmt":"2025-04-07T14:00:00","guid":{"rendered":"https:\/\/www.david-coin.com\/?post_type=product&#038;p=146775"},"modified":"2026-01-27T17:32:20","modified_gmt":"2026-01-27T16:32:20","slug":"nederland-10-gulden-1945-staatsmijnen-pmg45-epq","status":"publish","type":"product","link":"https:\/\/www.david-coin.com\/de\/produkt\/nederland-10-gulden-1945-staatsmijnen-pmg45-epq\/","title":{"rendered":"Niederlande 10 Gulden 1945 Staatliche Minen PMG45 EPQ"},"content":{"rendered":"<p>Niederlande 10 Gulden 1945 Staatliche Minen PMG45 EPQ <br \/> Au\u00dfergew\u00f6hnliche Papierqualit\u00e4t <br \/> Kwaliteit: Choice Extremely Fine <br \/>Wasserzeichen: Phoenix <br \/>Auswahl: 75b<br \/> NVMH: 46-1 <br \/>Plomp:pl43b <\/p>\n<p>Der Zehn-Gulden-Schein \"Staatsmijnen\" zeigt auf der Vorderseite ein Bild von K\u00f6nig Wilhelm I. und auf der R\u00fcckseite ein Bild der Staatsminen. Der Schein ist noch von DNB-Pr\u00e4sident Trip und DNB-Sekret\u00e4r Westerman-Holstijn unterzeichnet. Diese Banknote tr\u00e4gt auch noch den Text \"zahlt an den \u00dcberbringer\", der sp\u00e4ter von Banknoten dieses Typs verschwand. Der Zehner mit den staatlichen Minen ist Teil der Nachkriegsserie von Banknoten, zu der auch die folgenden Scheine geh\u00f6ren:<br \/>\n&#8211;\t<a href=\"https:\/\/www.david-coin.com\/de\/produkt\/nederland-20-gulden-1945-willem-iii\/\">Zwanzig Gulden Willem 3<\/a><br \/>\n&#8211;\t<a href=\"https:\/\/www.david-coin.com\/de\/produkt\/nederland-25-gulden-1945-meisje-in-blauw-2\/\">F\u00fcnfundzwanzig Gulden M\u00e4dchen in Blau<\/a><br \/>\n&#8211;\t<a href=\"https:\/\/www.david-coin.com\/de\/produkt\/nederland-50-gulden-1945-stadhouder-willem-3-pmg40\/\">F\u00fcnfzig Gulden als Stadthalter<\/a><br \/>\n&#8211;\t<a href=\"https:\/\/www.david-coin.com\/de\/produkt\/nederland-1000-gulden-1945-willem-de-zwijger-pmg-35\/\">Tausend Gulden Wilhelm von Oranien<\/a><br \/>\nDie Banknote wurde Anfang der 1950er Jahre aus dem Verkehr gezogen, als die <a href=\"https:\/\/www.david-coin.com\/de\/produkt\/nederland-10-gulden-1953-hugo-de-groot\/\">Zehn-Gulden-Schein von Hugo de Groot<\/a> kam 1953 in Umlauf. <\/p>\n<p>\nSiehe Scans f\u00fcr weitere Einzelheiten. <br \/>\nBei Fragen k\u00f6nnen Sie uns gerne eine Nachricht schicken.<\/p>\n<p>&nbsp;<\/p>","protected":false},"excerpt":{"rendered":"<p>PMG-bewertete Gulden-Note<\/p>","protected":false},"featured_media":146262,"comment_status":"closed","ping_status":"open","template":"","meta":[],"product_brand":[],"product_cat":[5491,5472],"product_tag":[],"class_list":{"0":"post-146775","1":"product","2":"type-product","3":"status-publish","4":"has-post-thumbnail","6":"product_cat-10-gulden-biljet","7":"product_cat-nederlandse-bankbiljetten","8":"pa_bankbiljetwaarde-10gulden","9":"pa_kwaliteit-prachtig","10":"pa_land-nederland","11":"pa_soort-pmgnotes","13":"first","14":"instock","15":"purchasable","16":"product-type-simple"},"yoast_head":"<!-- This site is optimized with the Yoast SEO Premium plugin v27.2 (Yoast SEO v27.4) - https:\/\/yoast.com\/product\/yoast-seo-premium-wordpress\/ -->\n<title>Nederland 10 Gulden 1945 Staatsmijnen PMG45 EPQ<\/title>\n<meta name=\"description\" content=\"Nederlandse guldenbiljetten verkrijgbaar bij David-coin. Bekijk nu ons ruime aanbod Koninkrijksbiljetten. Gratis verzending vanaf 75 euro binnen NL.\" \/>\n<meta name=\"robots\" content=\"index, follow, max-snippet:-1, max-image-preview:large, max-video-preview:-1\" \/>\n<link rel=\"canonical\" href=\"https:\/\/www.david-coin.com\/de\/produkt\/nederland-10-gulden-1945-staatsmijnen-pmg45-epq\/\" \/>\n<meta property=\"og:locale\" content=\"de_DE\" \/>\n<meta property=\"og:type\" content=\"article\" \/>\n<meta property=\"og:title\" content=\"Nederland 10 Gulden 1945 Staatsmijnen PMG45 EPQ\" \/>\n<meta property=\"og:description\" content=\"Nederlandse guldenbiljetten verkrijgbaar bij David-coin. Bekijk nu ons ruime aanbod Koninkrijksbiljetten. Gratis verzending vanaf 75 euro binnen NL.\" \/>\n<meta property=\"og:url\" content=\"https:\/\/www.david-coin.com\/de\/produkt\/nederland-10-gulden-1945-staatsmijnen-pmg45-epq\/\" \/>\n<meta property=\"og:site_name\" content=\"David Coin\" \/>\n<meta property=\"article:publisher\" content=\"https:\/\/www.facebook.com\/Davidcoininkoopenverkoop\" \/>\n<meta property=\"article:modified_time\" content=\"2026-01-27T16:32:20+00:00\" \/>\n<meta property=\"og:image\" content=\"https:\/\/www.david-coin.com\/wp-content\/uploads\/2025\/03\/Nederland-PMG45-10gulden-1945-vz.jpg\" \/>\n\t<meta property=\"og:image:width\" content=\"1008\" \/>\n\t<meta property=\"og:image:height\" content=\"675\" \/>\n\t<meta property=\"og:image:type\" content=\"image\/jpeg\" \/>\n<meta name=\"twitter:card\" content=\"summary_large_image\" \/>\n<meta name=\"twitter:label1\" content=\"Preis\" \/>\n\t<meta name=\"twitter:data1\" content=\"&euro;&nbsp;274,95\" \/>\n\t<meta name=\"twitter:label2\" content=\"Verf\u00fcgbarkeit\" \/>\n\t<meta name=\"twitter:data2\" content=\"Auf Lager\" \/>\n<script type=\"application\/ld+json\" class=\"yoast-schema-graph\">{\"@context\":\"https:\\\/\\\/schema.org\",\"@graph\":[{\"@type\":\"WebPage\",\"@id\":\"https:\\\/\\\/www.david-coin.com\\\/product\\\/nederland-10-gulden-1945-staatsmijnen-pmg45-epq\\\/\",\"url\":\"https:\\\/\\\/www.david-coin.com\\\/product\\\/nederland-10-gulden-1945-staatsmijnen-pmg45-epq\\\/\",\"name\":\"Nederland 10 Gulden 1945 Staatsmijnen PMG45 EPQ\",\"isPartOf\":{\"@id\":\"https:\\\/\\\/www.david-coin.com\\\/#website\"},\"primaryImageOfPage\":{\"@id\":\"https:\\\/\\\/www.david-coin.com\\\/product\\\/nederland-10-gulden-1945-staatsmijnen-pmg45-epq\\\/#primaryimage\"},\"image\":{\"@id\":\"https:\\\/\\\/www.david-coin.com\\\/product\\\/nederland-10-gulden-1945-staatsmijnen-pmg45-epq\\\/#primaryimage\"},\"thumbnailUrl\":\"https:\\\/\\\/www.david-coin.com\\\/wp-content\\\/uploads\\\/2025\\\/03\\\/Nederland-PMG45-10gulden-1945-vz.jpg\",\"datePublished\":\"2025-04-07T14:00:00+00:00\",\"dateModified\":\"2026-01-27T16:32:20+00:00\",\"description\":\"Nederlandse guldenbiljetten verkrijgbaar bij David-coin. Bekijk nu ons ruime aanbod Koninkrijksbiljetten. Gratis verzending vanaf 75 euro binnen NL.\",\"breadcrumb\":{\"@id\":\"https:\\\/\\\/www.david-coin.com\\\/product\\\/nederland-10-gulden-1945-staatsmijnen-pmg45-epq\\\/#breadcrumb\"},\"inLanguage\":\"de\",\"potentialAction\":[{\"@type\":\"ReadAction\",\"target\":[\"https:\\\/\\\/www.david-coin.com\\\/product\\\/nederland-10-gulden-1945-staatsmijnen-pmg45-epq\\\/\"]}]},{\"@type\":\"ImageObject\",\"inLanguage\":\"de\",\"@id\":\"https:\\\/\\\/www.david-coin.com\\\/product\\\/nederland-10-gulden-1945-staatsmijnen-pmg45-epq\\\/#primaryimage\",\"url\":\"https:\\\/\\\/www.david-coin.com\\\/wp-content\\\/uploads\\\/2025\\\/03\\\/Nederland-PMG45-10gulden-1945-vz.jpg\",\"contentUrl\":\"https:\\\/\\\/www.david-coin.com\\\/wp-content\\\/uploads\\\/2025\\\/03\\\/Nederland-PMG45-10gulden-1945-vz.jpg\",\"width\":1008,\"height\":675,\"caption\":\"Nederland 10 Gulden 1945 Staatsmijnen PMG45 EPQ\"},{\"@type\":\"BreadcrumbList\",\"@id\":\"https:\\\/\\\/www.david-coin.com\\\/product\\\/nederland-10-gulden-1945-staatsmijnen-pmg45-epq\\\/#breadcrumb\",\"itemListElement\":[{\"@type\":\"ListItem\",\"position\":1,\"name\":\"Home\",\"item\":\"https:\\\/\\\/www.david-coin.com\\\/\"},{\"@type\":\"ListItem\",\"position\":2,\"name\":\"Winkel\",\"item\":\"https:\\\/\\\/www.david-coin.com\\\/winkel\\\/\"},{\"@type\":\"ListItem\",\"position\":3,\"name\":\"Nederland 10 Gulden 1945 Staatsmijnen PMG45 EPQ\"}]},{\"@type\":\"WebSite\",\"@id\":\"https:\\\/\\\/www.david-coin.com\\\/#website\",\"url\":\"https:\\\/\\\/www.david-coin.com\\\/\",\"name\":\"David Coin\",\"description\":\"\",\"publisher\":{\"@id\":\"https:\\\/\\\/www.david-coin.com\\\/#organization\"},\"potentialAction\":[{\"@type\":\"SearchAction\",\"target\":{\"@type\":\"EntryPoint\",\"urlTemplate\":\"https:\\\/\\\/www.david-coin.com\\\/?s={search_term_string}\"},\"query-input\":{\"@type\":\"PropertyValueSpecification\",\"valueRequired\":true,\"valueName\":\"search_term_string\"}}],\"inLanguage\":\"de\"},{\"@type\":\"Organization\",\"@id\":\"https:\\\/\\\/www.david-coin.com\\\/#organization\",\"name\":\"David Coin\",\"url\":\"https:\\\/\\\/www.david-coin.com\\\/\",\"logo\":{\"@type\":\"ImageObject\",\"inLanguage\":\"de\",\"@id\":\"https:\\\/\\\/www.david-coin.com\\\/#\\\/schema\\\/logo\\\/image\\\/\",\"url\":\"https:\\\/\\\/www.david-coin.com\\\/wp-content\\\/uploads\\\/2024\\\/04\\\/davidcoin-logo-final.png\",\"contentUrl\":\"https:\\\/\\\/www.david-coin.com\\\/wp-content\\\/uploads\\\/2024\\\/04\\\/davidcoin-logo-final.png\",\"width\":800,\"height\":267,\"caption\":\"David Coin\"},\"image\":{\"@id\":\"https:\\\/\\\/www.david-coin.com\\\/#\\\/schema\\\/logo\\\/image\\\/\"},\"sameAs\":[\"https:\\\/\\\/www.facebook.com\\\/Davidcoininkoopenverkoop\",\"https:\\\/\\\/www.youtube.com\\\/channel\\\/UC39lihLKFSPTff0w6tv0pWQ\"]}]}<\/script>\n<meta property=\"product:price:amount\" content=\"274.95\" \/>\n<meta property=\"product:price:currency\" content=\"EUR\" \/>\n<meta property=\"og:availability\" content=\"instock\" \/>\n<meta property=\"product:availability\" content=\"instock\" \/>\n<meta property=\"product:retailer_item_id\" content=\"2855\" \/>\n<meta property=\"product:condition\" content=\"new\" \/>\n<!-- \/ Yoast SEO Premium plugin. -->","yoast_head_json":{"title":"Nederland 10 Gulden 1945 Staatsmijnen PMG45 EPQ","description":"Nederlandse guldenbiljetten verkrijgbaar bij David-coin. Bekijk nu ons ruime aanbod Koninkrijksbiljetten. Gratis verzending vanaf 75 euro binnen NL.","robots":{"index":"index","follow":"follow","max-snippet":"max-snippet:-1","max-image-preview":"max-image-preview:large","max-video-preview":"max-video-preview:-1"},"canonical":"https:\/\/www.david-coin.com\/de\/produkt\/nederland-10-gulden-1945-staatsmijnen-pmg45-epq\/","og_locale":"de_DE","og_type":"article","og_title":"Nederland 10 Gulden 1945 Staatsmijnen PMG45 EPQ","og_description":"Nederlandse guldenbiljetten verkrijgbaar bij David-coin. Bekijk nu ons ruime aanbod Koninkrijksbiljetten. Gratis verzending vanaf 75 euro binnen NL.","og_url":"https:\/\/www.david-coin.com\/de\/produkt\/nederland-10-gulden-1945-staatsmijnen-pmg45-epq\/","og_site_name":"David Coin","article_publisher":"https:\/\/www.facebook.com\/Davidcoininkoopenverkoop","article_modified_time":"2026-01-27T16:32:20+00:00","og_image":[{"width":1008,"height":675,"url":"https:\/\/www.david-coin.com\/wp-content\/uploads\/2025\/03\/Nederland-PMG45-10gulden-1945-vz.jpg","type":"image\/jpeg"}],"twitter_card":"summary_large_image","twitter_misc":{"Preis":"&euro;&nbsp;274,95","Verf\u00fcgbarkeit":"Auf Lager"},"schema":{"@context":"https:\/\/schema.org","@graph":[{"@type":"WebPage","@id":"https:\/\/www.david-coin.com\/product\/nederland-10-gulden-1945-staatsmijnen-pmg45-epq\/","url":"https:\/\/www.david-coin.com\/product\/nederland-10-gulden-1945-staatsmijnen-pmg45-epq\/","name":"Nederland 10 Gulden 1945 Staatsmijnen PMG45 EPQ","isPartOf":{"@id":"https:\/\/www.david-coin.com\/#website"},"primaryImageOfPage":{"@id":"https:\/\/www.david-coin.com\/product\/nederland-10-gulden-1945-staatsmijnen-pmg45-epq\/#primaryimage"},"image":{"@id":"https:\/\/www.david-coin.com\/product\/nederland-10-gulden-1945-staatsmijnen-pmg45-epq\/#primaryimage"},"thumbnailUrl":"https:\/\/www.david-coin.com\/wp-content\/uploads\/2025\/03\/Nederland-PMG45-10gulden-1945-vz.jpg","datePublished":"2025-04-07T14:00:00+00:00","dateModified":"2026-01-27T16:32:20+00:00","description":"Nederlandse guldenbiljetten verkrijgbaar bij David-coin. Bekijk nu ons ruime aanbod Koninkrijksbiljetten. Gratis verzending vanaf 75 euro binnen NL.","breadcrumb":{"@id":"https:\/\/www.david-coin.com\/product\/nederland-10-gulden-1945-staatsmijnen-pmg45-epq\/#breadcrumb"},"inLanguage":"de","potentialAction":[{"@type":"ReadAction","target":["https:\/\/www.david-coin.com\/product\/nederland-10-gulden-1945-staatsmijnen-pmg45-epq\/"]}]},{"@type":"ImageObject","inLanguage":"de","@id":"https:\/\/www.david-coin.com\/product\/nederland-10-gulden-1945-staatsmijnen-pmg45-epq\/#primaryimage","url":"https:\/\/www.david-coin.com\/wp-content\/uploads\/2025\/03\/Nederland-PMG45-10gulden-1945-vz.jpg","contentUrl":"https:\/\/www.david-coin.com\/wp-content\/uploads\/2025\/03\/Nederland-PMG45-10gulden-1945-vz.jpg","width":1008,"height":675,"caption":"Nederland 10 Gulden 1945 Staatsmijnen PMG45 EPQ"},{"@type":"BreadcrumbList","@id":"https:\/\/www.david-coin.com\/product\/nederland-10-gulden-1945-staatsmijnen-pmg45-epq\/#breadcrumb","itemListElement":[{"@type":"ListItem","position":1,"name":"Home","item":"https:\/\/www.david-coin.com\/"},{"@type":"ListItem","position":2,"name":"Winkel","item":"https:\/\/www.david-coin.com\/winkel\/"},{"@type":"ListItem","position":3,"name":"Nederland 10 Gulden 1945 Staatsmijnen PMG45 EPQ"}]},{"@type":"WebSite","@id":"https:\/\/www.david-coin.com\/#website","url":"https:\/\/www.david-coin.com\/","name":"David Coin","description":"","publisher":{"@id":"https:\/\/www.david-coin.com\/#organization"},"potentialAction":[{"@type":"SearchAction","target":{"@type":"EntryPoint","urlTemplate":"https:\/\/www.david-coin.com\/?s={search_term_string}"},"query-input":{"@type":"PropertyValueSpecification","valueRequired":true,"valueName":"search_term_string"}}],"inLanguage":"de"},{"@type":"Organization","@id":"https:\/\/www.david-coin.com\/#organization","name":"David Coin","url":"https:\/\/www.david-coin.com\/","logo":{"@type":"ImageObject","inLanguage":"de","@id":"https:\/\/www.david-coin.com\/#\/schema\/logo\/image\/","url":"https:\/\/www.david-coin.com\/wp-content\/uploads\/2024\/04\/davidcoin-logo-final.png","contentUrl":"https:\/\/www.david-coin.com\/wp-content\/uploads\/2024\/04\/davidcoin-logo-final.png","width":800,"height":267,"caption":"David Coin"},"image":{"@id":"https:\/\/www.david-coin.com\/#\/schema\/logo\/image\/"},"sameAs":["https:\/\/www.facebook.com\/Davidcoininkoopenverkoop","https:\/\/www.youtube.com\/channel\/UC39lihLKFSPTff0w6tv0pWQ"]}]},"product_price_amount":"274.95","product_price_currency":"EUR","og_availability":"instock","product_availability":"instock","product_retailer_item_id":"2855","product_condition":"new"},"_links":{"self":[{"href":"https:\/\/www.david-coin.com\/de\/wp-json\/wp\/v2\/product\/146775","targetHints":{"allow":["GET"]}}],"collection":[{"href":"https:\/\/www.david-coin.com\/de\/wp-json\/wp\/v2\/product"}],"about":[{"href":"https:\/\/www.david-coin.com\/de\/wp-json\/wp\/v2\/types\/product"}],"replies":[{"embeddable":true,"href":"https:\/\/www.david-coin.com\/de\/wp-json\/wp\/v2\/comments?post=146775"}],"wp:featuredmedia":[{"embeddable":true,"href":"https:\/\/www.david-coin.com\/de\/wp-json\/wp\/v2\/media\/146262"}],"wp:attachment":[{"href":"https:\/\/www.david-coin.com\/de\/wp-json\/wp\/v2\/media?parent=146775"}],"wp:term":[{"taxonomy":"product_brand","embeddable":true,"href":"https:\/\/www.david-coin.com\/de\/wp-json\/wp\/v2\/product_brand?post=146775"},{"taxonomy":"product_cat","embeddable":true,"href":"https:\/\/www.david-coin.com\/de\/wp-json\/wp\/v2\/product_cat?post=146775"},{"taxonomy":"product_tag","embeddable":true,"href":"https:\/\/www.david-coin.com\/de\/wp-json\/wp\/v2\/product_tag?post=146775"}],"curies":[{"name":"wp","href":"https:\/\/api.w.org\/{rel}","templated":true}]}}