{"id":143654,"date":"2025-02-08T00:15:03","date_gmt":"2025-02-07T23:15:03","guid":{"rendered":"https:\/\/www.david-coin.com\/?post_type=product&#038;p=143654"},"modified":"2026-04-21T18:20:54","modified_gmt":"2026-04-21T16:20:54","slug":"ons-tientje-boekwerk-inclusief-2-gouden-tientjes","status":"publish","type":"product","link":"https:\/\/www.david-coin.com\/de\/produkt\/ons-tientje-boekwerk-inclusief-2-gouden-tientjes\/","title":{"rendered":"Unser Zehnerheft mit 2 goldenen Zehnern und 2 Probeausgaben"},"content":{"rendered":"<p><strong>Unser Zehnerheft mit 2 goldenen Zehnern und 2 Probeausgaben;<\/strong><\/p>\n<p>Von dem Papiergeldforscher Erik van der Kam (2007) anl\u00e4sslich der Er\u00f6ffnung des Geldmuseums im Geb\u00e4ude der K\u00f6niglichen M\u00fcnze der Niederlande in Utrecht. Diese Luxusausgabe des Nekrologs \u00fcber den niederl\u00e4ndischen Tenge enth\u00e4lt <br \/><strong>zwei goldene Zehentrenner<\/strong>1875 und 1917, <br \/><strong>ein silberner Zehner<\/strong> von 1970 von Juliana und <br \/><strong>zwei Zehnerpapiere in UNC-Qualit\u00e4t<\/strong>;<\/p>\n<p>-Typ 10 Gulden Frans Hals 1968 SPECIMEN (PL47.s2)<br \/>\n-Typ 10 Gulden Eisvogel 1997 SPECIMEN (PL48.s2)<\/p>\n<p><strong>Muster-Banknoten Niederlande<\/strong><br \/>\nMusterbanknoten sind echte Banknoten, die im Druckprozess ung\u00fcltig gemacht wurden. Hierf\u00fcr gibt es oft mehrere Gr\u00fcnde. Musterbanknoten wurden oft als Proben an verschiedene Banken geschickt, damit die Mitarbeiter sehen konnten, wie die neuen Banknoten aussehen und welche Sicherheitsmerkmale sie haben. Musterscheine wurden auch oft als Testscheine verwendet, damit der Kunde die Druckerei \u00fcber die Qualit\u00e4t des Scheins informieren konnte und ob der Schein dann tats\u00e4chlich in gr\u00f6\u00dferer St\u00fcckzahl gedruckt werden konnte.<br \/>\nDa die Anzahl der Musterbriefe zu einem Geschmacksmuster oft viel geringer ist als die Anzahl der regul\u00e4ren Briefe zu diesem Geschmacksmuster, werden die verschiedenen Arten von Musterbriefen nicht in jedem Katalog aufgef\u00fchrt. Au\u00dfer in der <a href=\"\/de\/\u201dhttps:\/\/www.david-coin.com\/produkt\/catalogus-nederlands-papiergeld-1573-2002\/\u201d\/\">Plomp-Katalog<\/a>, in dem fast alle niederl\u00e4ndischen Musternoten beschrieben werden. Da die Musternoten nicht f\u00fcr den Umlauf bestimmt waren, wurden sie schlie\u00dflich an die Druckerei zur\u00fcckgeschickt oder vernichtet, und nur ein kleiner Teil ist heute noch vorhanden. <\/p>\n<p>Siehe Scans f\u00fcr weitere Einzelheiten.<br \/>\nBei Fragen k\u00f6nnen Sie uns gerne eine Nachricht schicken.<\/p>","protected":false},"excerpt":{"rendered":"<p>Enth\u00e4lt 2 goldene 10-Gulden-M\u00fcnzen und 2x 10-Gulden-Scheine Exemplar.<\/p>","protected":false},"featured_media":143673,"comment_status":"closed","ping_status":"closed","template":"","meta":[],"product_brand":[],"product_cat":[5491,5517,5479,5472,5627],"product_tag":[],"class_list":{"0":"post-143654","1":"product","2":"type-product","3":"status-publish","4":"has-post-thumbnail","6":"product_cat-10-gulden-biljet","7":"product_cat-aanbiedingen-munten-bankbiljetten","8":"product_cat-edelmetaal-goud-kopen","9":"product_cat-nederlandse-bankbiljetten","10":"product_cat-topstukken","11":"pa_kwaliteit-unc","12":"pa_materiaal-goud","13":"pa_materiaal-zilver","15":"first","16":"instock","17":"sale","18":"taxable","19":"shipping-taxable","20":"purchasable","21":"product-type-simple"},"yoast_head":"<!-- This site is optimized with the Yoast SEO Premium plugin v27.2 (Yoast SEO v27.4) - https:\/\/yoast.com\/product\/yoast-seo-premium-wordpress\/ -->\n<title>Ons tientje boekwerk inclusief 2 gouden tientjes en 2 specimen uitgifte<\/title>\n<meta name=\"description\" content=\"Ons tientje boekwerk inclusief 2 gouden tientjes en specimen uitgiftes. Een uniek boekwerk! Ontdek er hier meer over en schaf deze bijzonder collectie aan!\" \/>\n<meta name=\"robots\" content=\"index, follow, max-snippet:-1, max-image-preview:large, max-video-preview:-1\" \/>\n<link rel=\"canonical\" href=\"https:\/\/www.david-coin.com\/de\/produkt\/ons-tientje-boekwerk-inclusief-2-gouden-tientjes\/\" \/>\n<meta property=\"og:locale\" content=\"de_DE\" \/>\n<meta property=\"og:type\" content=\"article\" \/>\n<meta property=\"og:title\" content=\"Ons tientje boekwerk inclusief 2 gouden tientjes en 2 specimen uitgifte\" \/>\n<meta property=\"og:description\" content=\"Ons tientje boekwerk inclusief 2 gouden tientjes en specimen uitgiftes. Een uniek boekwerk! Ontdek er hier meer over en schaf deze bijzonder collectie aan!\" \/>\n<meta property=\"og:url\" content=\"https:\/\/www.david-coin.com\/de\/produkt\/ons-tientje-boekwerk-inclusief-2-gouden-tientjes\/\" \/>\n<meta property=\"og:site_name\" content=\"David Coin\" \/>\n<meta property=\"article:publisher\" content=\"https:\/\/www.facebook.com\/Davidcoininkoopenverkoop\" \/>\n<meta property=\"article:modified_time\" content=\"2026-04-21T16:20:54+00:00\" \/>\n<meta property=\"og:image\" content=\"https:\/\/www.david-coin.com\/wp-content\/uploads\/2025\/01\/2gouden-tientjes-2specimen-gildenbiljetten-18.jpg\" \/>\n\t<meta property=\"og:image:width\" content=\"1200\" \/>\n\t<meta property=\"og:image:height\" content=\"1600\" \/>\n\t<meta property=\"og:image:type\" content=\"image\/jpeg\" \/>\n<meta name=\"twitter:card\" content=\"summary_large_image\" \/>\n<meta name=\"twitter:label1\" content=\"Preis\" \/>\n\t<meta name=\"twitter:data1\" content=\"&euro;&nbsp;3.795,00\" \/>\n\t<meta name=\"twitter:label2\" content=\"Verf\u00fcgbarkeit\" \/>\n\t<meta name=\"twitter:data2\" content=\"Auf Lager\" \/>\n<script type=\"application\/ld+json\" class=\"yoast-schema-graph\">{\"@context\":\"https:\\\/\\\/schema.org\",\"@graph\":[{\"@type\":\"WebPage\",\"@id\":\"https:\\\/\\\/www.david-coin.com\\\/product\\\/ons-tientje-boekwerk-inclusief-2-gouden-tientjes\\\/\",\"url\":\"https:\\\/\\\/www.david-coin.com\\\/product\\\/ons-tientje-boekwerk-inclusief-2-gouden-tientjes\\\/\",\"name\":\"Ons tientje boekwerk inclusief 2 gouden tientjes en 2 specimen uitgifte\",\"isPartOf\":{\"@id\":\"https:\\\/\\\/www.david-coin.com\\\/#website\"},\"primaryImageOfPage\":{\"@id\":\"https:\\\/\\\/www.david-coin.com\\\/product\\\/ons-tientje-boekwerk-inclusief-2-gouden-tientjes\\\/#primaryimage\"},\"image\":{\"@id\":\"https:\\\/\\\/www.david-coin.com\\\/product\\\/ons-tientje-boekwerk-inclusief-2-gouden-tientjes\\\/#primaryimage\"},\"thumbnailUrl\":\"https:\\\/\\\/www.david-coin.com\\\/wp-content\\\/uploads\\\/2025\\\/01\\\/2gouden-tientjes-2specimen-gildenbiljetten-18.jpg\",\"datePublished\":\"2025-02-07T23:15:03+00:00\",\"dateModified\":\"2026-04-21T16:20:54+00:00\",\"description\":\"Ons tientje boekwerk inclusief 2 gouden tientjes en specimen uitgiftes. Een uniek boekwerk! Ontdek er hier meer over en schaf deze bijzonder collectie aan!\",\"breadcrumb\":{\"@id\":\"https:\\\/\\\/www.david-coin.com\\\/product\\\/ons-tientje-boekwerk-inclusief-2-gouden-tientjes\\\/#breadcrumb\"},\"inLanguage\":\"de\",\"potentialAction\":[{\"@type\":\"ReadAction\",\"target\":[\"https:\\\/\\\/www.david-coin.com\\\/product\\\/ons-tientje-boekwerk-inclusief-2-gouden-tientjes\\\/\"]}]},{\"@type\":\"ImageObject\",\"inLanguage\":\"de\",\"@id\":\"https:\\\/\\\/www.david-coin.com\\\/product\\\/ons-tientje-boekwerk-inclusief-2-gouden-tientjes\\\/#primaryimage\",\"url\":\"https:\\\/\\\/www.david-coin.com\\\/wp-content\\\/uploads\\\/2025\\\/01\\\/2gouden-tientjes-2specimen-gildenbiljetten-18.jpg\",\"contentUrl\":\"https:\\\/\\\/www.david-coin.com\\\/wp-content\\\/uploads\\\/2025\\\/01\\\/2gouden-tientjes-2specimen-gildenbiljetten-18.jpg\",\"width\":1200,\"height\":1600,\"caption\":\"Ons tientje boekwerk inclusief 2 gouden tientjes en 2 specimen uitgifte\"},{\"@type\":\"BreadcrumbList\",\"@id\":\"https:\\\/\\\/www.david-coin.com\\\/product\\\/ons-tientje-boekwerk-inclusief-2-gouden-tientjes\\\/#breadcrumb\",\"itemListElement\":[{\"@type\":\"ListItem\",\"position\":1,\"name\":\"Home\",\"item\":\"https:\\\/\\\/www.david-coin.com\\\/\"},{\"@type\":\"ListItem\",\"position\":2,\"name\":\"Winkel\",\"item\":\"https:\\\/\\\/www.david-coin.com\\\/winkel\\\/\"},{\"@type\":\"ListItem\",\"position\":3,\"name\":\"Ons tientje boekwerk inclusief 2 gouden tientjes en 2 specimen uitgifte\"}]},{\"@type\":\"WebSite\",\"@id\":\"https:\\\/\\\/www.david-coin.com\\\/#website\",\"url\":\"https:\\\/\\\/www.david-coin.com\\\/\",\"name\":\"David Coin\",\"description\":\"\",\"publisher\":{\"@id\":\"https:\\\/\\\/www.david-coin.com\\\/#organization\"},\"potentialAction\":[{\"@type\":\"SearchAction\",\"target\":{\"@type\":\"EntryPoint\",\"urlTemplate\":\"https:\\\/\\\/www.david-coin.com\\\/?s={search_term_string}\"},\"query-input\":{\"@type\":\"PropertyValueSpecification\",\"valueRequired\":true,\"valueName\":\"search_term_string\"}}],\"inLanguage\":\"de\"},{\"@type\":\"Organization\",\"@id\":\"https:\\\/\\\/www.david-coin.com\\\/#organization\",\"name\":\"David Coin\",\"url\":\"https:\\\/\\\/www.david-coin.com\\\/\",\"logo\":{\"@type\":\"ImageObject\",\"inLanguage\":\"de\",\"@id\":\"https:\\\/\\\/www.david-coin.com\\\/#\\\/schema\\\/logo\\\/image\\\/\",\"url\":\"https:\\\/\\\/www.david-coin.com\\\/wp-content\\\/uploads\\\/2024\\\/04\\\/davidcoin-logo-final.png\",\"contentUrl\":\"https:\\\/\\\/www.david-coin.com\\\/wp-content\\\/uploads\\\/2024\\\/04\\\/davidcoin-logo-final.png\",\"width\":800,\"height\":267,\"caption\":\"David Coin\"},\"image\":{\"@id\":\"https:\\\/\\\/www.david-coin.com\\\/#\\\/schema\\\/logo\\\/image\\\/\"},\"sameAs\":[\"https:\\\/\\\/www.facebook.com\\\/Davidcoininkoopenverkoop\",\"https:\\\/\\\/www.youtube.com\\\/channel\\\/UC39lihLKFSPTff0w6tv0pWQ\"]}]}<\/script>\n<meta property=\"product:price:amount\" content=\"3795.00\" \/>\n<meta property=\"product:price:currency\" content=\"EUR\" \/>\n<meta property=\"og:availability\" content=\"instock\" \/>\n<meta property=\"product:availability\" content=\"instock\" \/>\n<meta property=\"product:retailer_item_id\" content=\"9848\" \/>\n<meta property=\"product:condition\" content=\"new\" \/>\n<!-- \/ Yoast SEO Premium plugin. -->","yoast_head_json":{"title":"Unser Zehnerheft mit 2 goldenen Zehnern und 2 Probeausgaben","description":"Ons tientje boekwerk inclusief 2 gouden tientjes en specimen uitgiftes. Een uniek boekwerk! Ontdek er hier meer over en schaf deze bijzonder collectie aan!","robots":{"index":"index","follow":"follow","max-snippet":"max-snippet:-1","max-image-preview":"max-image-preview:large","max-video-preview":"max-video-preview:-1"},"canonical":"https:\/\/www.david-coin.com\/de\/produkt\/ons-tientje-boekwerk-inclusief-2-gouden-tientjes\/","og_locale":"de_DE","og_type":"article","og_title":"Ons tientje boekwerk inclusief 2 gouden tientjes en 2 specimen uitgifte","og_description":"Ons tientje boekwerk inclusief 2 gouden tientjes en specimen uitgiftes. Een uniek boekwerk! Ontdek er hier meer over en schaf deze bijzonder collectie aan!","og_url":"https:\/\/www.david-coin.com\/de\/produkt\/ons-tientje-boekwerk-inclusief-2-gouden-tientjes\/","og_site_name":"David Coin","article_publisher":"https:\/\/www.facebook.com\/Davidcoininkoopenverkoop","article_modified_time":"2026-04-21T16:20:54+00:00","og_image":[{"width":1200,"height":1600,"url":"https:\/\/www.david-coin.com\/wp-content\/uploads\/2025\/01\/2gouden-tientjes-2specimen-gildenbiljetten-18.jpg","type":"image\/jpeg"}],"twitter_card":"summary_large_image","twitter_misc":{"Preis":"&euro;&nbsp;3.795,00","Verf\u00fcgbarkeit":"Auf Lager"},"schema":{"@context":"https:\/\/schema.org","@graph":[{"@type":"WebPage","@id":"https:\/\/www.david-coin.com\/product\/ons-tientje-boekwerk-inclusief-2-gouden-tientjes\/","url":"https:\/\/www.david-coin.com\/product\/ons-tientje-boekwerk-inclusief-2-gouden-tientjes\/","name":"Unser Zehnerheft mit 2 goldenen Zehnern und 2 Probeausgaben","isPartOf":{"@id":"https:\/\/www.david-coin.com\/#website"},"primaryImageOfPage":{"@id":"https:\/\/www.david-coin.com\/product\/ons-tientje-boekwerk-inclusief-2-gouden-tientjes\/#primaryimage"},"image":{"@id":"https:\/\/www.david-coin.com\/product\/ons-tientje-boekwerk-inclusief-2-gouden-tientjes\/#primaryimage"},"thumbnailUrl":"https:\/\/www.david-coin.com\/wp-content\/uploads\/2025\/01\/2gouden-tientjes-2specimen-gildenbiljetten-18.jpg","datePublished":"2025-02-07T23:15:03+00:00","dateModified":"2026-04-21T16:20:54+00:00","description":"Ons tientje boekwerk inclusief 2 gouden tientjes en specimen uitgiftes. Een uniek boekwerk! Ontdek er hier meer over en schaf deze bijzonder collectie aan!","breadcrumb":{"@id":"https:\/\/www.david-coin.com\/product\/ons-tientje-boekwerk-inclusief-2-gouden-tientjes\/#breadcrumb"},"inLanguage":"de","potentialAction":[{"@type":"ReadAction","target":["https:\/\/www.david-coin.com\/product\/ons-tientje-boekwerk-inclusief-2-gouden-tientjes\/"]}]},{"@type":"ImageObject","inLanguage":"de","@id":"https:\/\/www.david-coin.com\/product\/ons-tientje-boekwerk-inclusief-2-gouden-tientjes\/#primaryimage","url":"https:\/\/www.david-coin.com\/wp-content\/uploads\/2025\/01\/2gouden-tientjes-2specimen-gildenbiljetten-18.jpg","contentUrl":"https:\/\/www.david-coin.com\/wp-content\/uploads\/2025\/01\/2gouden-tientjes-2specimen-gildenbiljetten-18.jpg","width":1200,"height":1600,"caption":"Ons tientje boekwerk inclusief 2 gouden tientjes en 2 specimen uitgifte"},{"@type":"BreadcrumbList","@id":"https:\/\/www.david-coin.com\/product\/ons-tientje-boekwerk-inclusief-2-gouden-tientjes\/#breadcrumb","itemListElement":[{"@type":"ListItem","position":1,"name":"Home","item":"https:\/\/www.david-coin.com\/"},{"@type":"ListItem","position":2,"name":"Winkel","item":"https:\/\/www.david-coin.com\/winkel\/"},{"@type":"ListItem","position":3,"name":"Ons tientje boekwerk inclusief 2 gouden tientjes en 2 specimen uitgifte"}]},{"@type":"WebSite","@id":"https:\/\/www.david-coin.com\/#website","url":"https:\/\/www.david-coin.com\/","name":"David Coin","description":"","publisher":{"@id":"https:\/\/www.david-coin.com\/#organization"},"potentialAction":[{"@type":"SearchAction","target":{"@type":"EntryPoint","urlTemplate":"https:\/\/www.david-coin.com\/?s={search_term_string}"},"query-input":{"@type":"PropertyValueSpecification","valueRequired":true,"valueName":"search_term_string"}}],"inLanguage":"de"},{"@type":"Organization","@id":"https:\/\/www.david-coin.com\/#organization","name":"David Coin","url":"https:\/\/www.david-coin.com\/","logo":{"@type":"ImageObject","inLanguage":"de","@id":"https:\/\/www.david-coin.com\/#\/schema\/logo\/image\/","url":"https:\/\/www.david-coin.com\/wp-content\/uploads\/2024\/04\/davidcoin-logo-final.png","contentUrl":"https:\/\/www.david-coin.com\/wp-content\/uploads\/2024\/04\/davidcoin-logo-final.png","width":800,"height":267,"caption":"David Coin"},"image":{"@id":"https:\/\/www.david-coin.com\/#\/schema\/logo\/image\/"},"sameAs":["https:\/\/www.facebook.com\/Davidcoininkoopenverkoop","https:\/\/www.youtube.com\/channel\/UC39lihLKFSPTff0w6tv0pWQ"]}]},"product_price_amount":"3795.00","product_price_currency":"EUR","og_availability":"instock","product_availability":"instock","product_retailer_item_id":"9848","product_condition":"new"},"_links":{"self":[{"href":"https:\/\/www.david-coin.com\/de\/wp-json\/wp\/v2\/product\/143654","targetHints":{"allow":["GET"]}}],"collection":[{"href":"https:\/\/www.david-coin.com\/de\/wp-json\/wp\/v2\/product"}],"about":[{"href":"https:\/\/www.david-coin.com\/de\/wp-json\/wp\/v2\/types\/product"}],"replies":[{"embeddable":true,"href":"https:\/\/www.david-coin.com\/de\/wp-json\/wp\/v2\/comments?post=143654"}],"wp:featuredmedia":[{"embeddable":true,"href":"https:\/\/www.david-coin.com\/de\/wp-json\/wp\/v2\/media\/143673"}],"wp:attachment":[{"href":"https:\/\/www.david-coin.com\/de\/wp-json\/wp\/v2\/media?parent=143654"}],"wp:term":[{"taxonomy":"product_brand","embeddable":true,"href":"https:\/\/www.david-coin.com\/de\/wp-json\/wp\/v2\/product_brand?post=143654"},{"taxonomy":"product_cat","embeddable":true,"href":"https:\/\/www.david-coin.com\/de\/wp-json\/wp\/v2\/product_cat?post=143654"},{"taxonomy":"product_tag","embeddable":true,"href":"https:\/\/www.david-coin.com\/de\/wp-json\/wp\/v2\/product_tag?post=143654"}],"curies":[{"name":"wp","href":"https:\/\/api.w.org\/{rel}","templated":true}]}}