{"id":135478,"date":"2024-09-18T14:22:07","date_gmt":"2024-09-18T12:22:07","guid":{"rendered":"https:\/\/www.david-coin.com\/?post_type=product&#038;p=135478"},"modified":"2026-01-27T17:32:03","modified_gmt":"2026-01-27T16:32:03","slug":"nederland-25-gulden-1943-wilhelmina-pmg55-epq","status":"publish","type":"product","link":"https:\/\/www.david-coin.com\/de\/produkt\/nederland-25-gulden-1943-wilhelmina-pmg55-epq\/","title":{"rendered":"Niederlande 25 Gulden 1943 Wilhelmina PMG55 EPQ"},"content":{"rendered":"<p><span style=\"font-size: 12pt;\">Nederland 25 Gulden 1943 Wilhelmina\u00a0 PMG55 EPQ\u00a0<\/span><br \/>\n<span style=\"font-size: 12pt;\"> NVMH: 79-1 <\/span><br \/>\n<span style=\"font-size: 12pt;\"> Plomp: PL64a1 <\/span><br \/>\n<span style=\"font-size: 12pt;\"> Pick: 67a <\/span><\/p>\n<p>W\u00e4hrend des Zweiten Weltkriegs bereiteten sich die Alliierten bereits 1943 auf die Invasion vor, die 1944 stattfinden sollte. Der F\u00fcnfundzwanzig-Gulden-Schein mit K\u00f6nigin Wilhelmina darauf ist daher Teil eines besonderen St\u00fccks niederl\u00e4ndischer Geschichte. Bei der Befreiung von Gebieten mussten die Soldaten auch Geld erhalten, das sie in den befreiten Gebieten ausgeben konnten, denn es war schwierig, ausl\u00e4ndisches Geld in Gebieten auszugeben, in denen der Kurs dieses Geldes nicht bekannt war und viele Einwohner das Geld nicht kannten und es wahrscheinlich nicht annehmen w\u00fcrden. Daher beschloss das Finanzministerium, niederl\u00e4ndische Gulden in den Vereinigten Staaten zu drucken, und diese M\u00fcnzscheine trugen daher das Bild von K\u00f6nigin Wilhelmina auf der Vorderseite. Die F\u00fcnfundzwanzig-Gulden-M\u00fcnzen wurden von Johannes van den Broek (Finanzminister) unterzeichnet. Neben der F\u00fcnfundzwanzig-Gulden-M\u00fcnznote wurden in den Vereinigten Staaten auch die folgenden Scheine gedruckt:<br \/>\n&#8211;\t<a href=\"https:\/\/www.david-coin.com\/de\/produkt-kategorie\/nederlandse-munten\/wilhelmina-1890-1948\/\">Wilhelmina<\/a><br \/>\n&#8211;\t<a href=\"https:\/\/www.david-coin.com\/de\/produkt\/nederland-1-gulden-1943-wilhelmina-1-1701\/\">Ein-Gulden-M\u00fcnzschein Wilhelmina 1943;<\/a><br \/>\n&#8211;\t<a href=\"https:\/\/www.david-coin.com\/de\/produkt\/nederland-25-gulden-1943-wilhelmina-pmg64-epq\/\">Zweieinhalb-Gulden-M\u00fcnzschein 1943<\/a><br \/>\n&#8211;\t<a href=\"https:\/\/www.david-coin.com\/de\/produkt\/nederland-10-gulden-1943-wilhelmina-1\/\">Zehn-Gulden-M\u00fcnzschein 1943;<\/a><br \/>\n&#8211;\t<a href=\"https:\/\/www.david-coin.com\/de\/produkt\/nederland-50-gulden-1943-wilhelmina\/\">F\u00fcnf-Gulden-Banknote 1943<\/a><br \/>\n&#8211;\t<a href=\"https:\/\/www.david-coin.com\/de\/produkt\/nederland-100-gulden-1943-wilhelmina-pmg64\/\">Hundert-Gulden-M\u00fcnzschein 1943<\/a><br \/>\nDa die Geldscheine von 1943 vor der Befreiung der n\u00f6rdlichen Niederlande ausgegeben worden waren, gelangten auch einige von ihnen in den Schwarzgeldkreislauf der besetzten Gebiete, und so wurde die Serie w\u00e4hrend der Gelds\u00e4uberung 1945 aus dem Verkehr gezogen. <\/p>\n<p><span style=\"font-size: 12pt;\"> Siehe Scans f\u00fcr weitere Einzelheiten. <\/span><br \/>\n<span style=\"font-size: 12pt;\"> Bei Fragen k\u00f6nnen Sie uns gerne eine Nachricht schicken.<\/span><\/p>","protected":false},"excerpt":{"rendered":"<p>NVMH: 79-1<\/p>","protected":false},"featured_media":135473,"comment_status":"closed","ping_status":"closed","template":"","meta":[],"product_brand":[],"product_cat":[5493,5472],"product_tag":[],"class_list":{"0":"post-135478","1":"product","2":"type-product","3":"status-publish","4":"has-post-thumbnail","6":"product_cat-25-gulden-biljet","7":"product_cat-nederlandse-bankbiljetten","8":"pa_bankbiljetwaarde-25gulden","9":"pa_delcampeid-5281","10":"pa_kwaliteit-unc-min","11":"pa_land-nederland","13":"first","14":"instock","15":"taxable","16":"shipping-taxable","17":"purchasable","18":"product-type-simple"},"yoast_head":"<!-- This site is optimized with the Yoast SEO Premium plugin v27.2 (Yoast SEO v27.4) - https:\/\/yoast.com\/product\/yoast-seo-premium-wordpress\/ -->\n<title>Nederland 25 Gulden 1943 Wilhelmina PMG55 EPQ<\/title>\n<meta name=\"description\" content=\"Ruim aanbod Nederlandse Bankbiljetten verkrijgbaar bij David-coin. Bekijk nu ons complete aanbod Nederlands papiergeld waaronder met PMG.\" \/>\n<meta name=\"robots\" content=\"index, follow, max-snippet:-1, max-image-preview:large, max-video-preview:-1\" \/>\n<link rel=\"canonical\" href=\"https:\/\/www.david-coin.com\/de\/produkt\/nederland-25-gulden-1943-wilhelmina-pmg55-epq\/\" \/>\n<meta property=\"og:locale\" content=\"de_DE\" \/>\n<meta property=\"og:type\" content=\"article\" \/>\n<meta property=\"og:title\" content=\"Nederland 25 Gulden 1943 Wilhelmina PMG55 EPQ\" \/>\n<meta property=\"og:description\" content=\"Ruim aanbod Nederlandse Bankbiljetten verkrijgbaar bij David-coin. Bekijk nu ons complete aanbod Nederlands papiergeld waaronder met PMG.\" \/>\n<meta property=\"og:url\" content=\"https:\/\/www.david-coin.com\/de\/produkt\/nederland-25-gulden-1943-wilhelmina-pmg55-epq\/\" \/>\n<meta property=\"og:site_name\" content=\"David Coin\" \/>\n<meta property=\"article:publisher\" content=\"https:\/\/www.facebook.com\/Davidcoininkoopenverkoop\" \/>\n<meta property=\"article:modified_time\" content=\"2026-01-27T16:32:03+00:00\" \/>\n<meta property=\"og:image\" content=\"https:\/\/www.david-coin.com\/wp-content\/uploads\/2024\/09\/Papermoney-Netherlands-PMG-5.jpeg\" \/>\n\t<meta property=\"og:image:width\" content=\"1600\" \/>\n\t<meta property=\"og:image:height\" content=\"993\" \/>\n\t<meta property=\"og:image:type\" content=\"image\/jpeg\" \/>\n<meta name=\"twitter:card\" content=\"summary_large_image\" \/>\n<meta name=\"twitter:label1\" content=\"Preis\" \/>\n\t<meta name=\"twitter:data1\" content=\"&euro;&nbsp;499,95\" \/>\n\t<meta name=\"twitter:label2\" content=\"Verf\u00fcgbarkeit\" \/>\n\t<meta name=\"twitter:data2\" content=\"Auf Lager\" \/>\n<script type=\"application\/ld+json\" class=\"yoast-schema-graph\">{\"@context\":\"https:\\\/\\\/schema.org\",\"@graph\":[{\"@type\":\"WebPage\",\"@id\":\"https:\\\/\\\/www.david-coin.com\\\/product\\\/nederland-25-gulden-1943-wilhelmina-pmg55-epq\\\/\",\"url\":\"https:\\\/\\\/www.david-coin.com\\\/product\\\/nederland-25-gulden-1943-wilhelmina-pmg55-epq\\\/\",\"name\":\"Nederland 25 Gulden 1943 Wilhelmina PMG55 EPQ\",\"isPartOf\":{\"@id\":\"https:\\\/\\\/www.david-coin.com\\\/#website\"},\"primaryImageOfPage\":{\"@id\":\"https:\\\/\\\/www.david-coin.com\\\/product\\\/nederland-25-gulden-1943-wilhelmina-pmg55-epq\\\/#primaryimage\"},\"image\":{\"@id\":\"https:\\\/\\\/www.david-coin.com\\\/product\\\/nederland-25-gulden-1943-wilhelmina-pmg55-epq\\\/#primaryimage\"},\"thumbnailUrl\":\"https:\\\/\\\/www.david-coin.com\\\/wp-content\\\/uploads\\\/2024\\\/09\\\/Papermoney-Netherlands-PMG-5.jpeg\",\"datePublished\":\"2024-09-18T12:22:07+00:00\",\"dateModified\":\"2026-01-27T16:32:03+00:00\",\"description\":\"Ruim aanbod Nederlandse Bankbiljetten verkrijgbaar bij David-coin. Bekijk nu ons complete aanbod Nederlands papiergeld waaronder met PMG.\",\"breadcrumb\":{\"@id\":\"https:\\\/\\\/www.david-coin.com\\\/product\\\/nederland-25-gulden-1943-wilhelmina-pmg55-epq\\\/#breadcrumb\"},\"inLanguage\":\"de\",\"potentialAction\":[{\"@type\":\"ReadAction\",\"target\":[\"https:\\\/\\\/www.david-coin.com\\\/product\\\/nederland-25-gulden-1943-wilhelmina-pmg55-epq\\\/\"]}]},{\"@type\":\"ImageObject\",\"inLanguage\":\"de\",\"@id\":\"https:\\\/\\\/www.david-coin.com\\\/product\\\/nederland-25-gulden-1943-wilhelmina-pmg55-epq\\\/#primaryimage\",\"url\":\"https:\\\/\\\/www.david-coin.com\\\/wp-content\\\/uploads\\\/2024\\\/09\\\/Papermoney-Netherlands-PMG-5.jpeg\",\"contentUrl\":\"https:\\\/\\\/www.david-coin.com\\\/wp-content\\\/uploads\\\/2024\\\/09\\\/Papermoney-Netherlands-PMG-5.jpeg\",\"width\":1600,\"height\":993,\"caption\":\"25 gulden 1943 Wilhelmina PMG55\"},{\"@type\":\"BreadcrumbList\",\"@id\":\"https:\\\/\\\/www.david-coin.com\\\/product\\\/nederland-25-gulden-1943-wilhelmina-pmg55-epq\\\/#breadcrumb\",\"itemListElement\":[{\"@type\":\"ListItem\",\"position\":1,\"name\":\"Home\",\"item\":\"https:\\\/\\\/www.david-coin.com\\\/\"},{\"@type\":\"ListItem\",\"position\":2,\"name\":\"Winkel\",\"item\":\"https:\\\/\\\/www.david-coin.com\\\/winkel\\\/\"},{\"@type\":\"ListItem\",\"position\":3,\"name\":\"Nederland 25 Gulden 1943 Wilhelmina PMG55 EPQ\"}]},{\"@type\":\"WebSite\",\"@id\":\"https:\\\/\\\/www.david-coin.com\\\/#website\",\"url\":\"https:\\\/\\\/www.david-coin.com\\\/\",\"name\":\"David Coin\",\"description\":\"\",\"publisher\":{\"@id\":\"https:\\\/\\\/www.david-coin.com\\\/#organization\"},\"potentialAction\":[{\"@type\":\"SearchAction\",\"target\":{\"@type\":\"EntryPoint\",\"urlTemplate\":\"https:\\\/\\\/www.david-coin.com\\\/?s={search_term_string}\"},\"query-input\":{\"@type\":\"PropertyValueSpecification\",\"valueRequired\":true,\"valueName\":\"search_term_string\"}}],\"inLanguage\":\"de\"},{\"@type\":\"Organization\",\"@id\":\"https:\\\/\\\/www.david-coin.com\\\/#organization\",\"name\":\"David Coin\",\"url\":\"https:\\\/\\\/www.david-coin.com\\\/\",\"logo\":{\"@type\":\"ImageObject\",\"inLanguage\":\"de\",\"@id\":\"https:\\\/\\\/www.david-coin.com\\\/#\\\/schema\\\/logo\\\/image\\\/\",\"url\":\"https:\\\/\\\/www.david-coin.com\\\/wp-content\\\/uploads\\\/2024\\\/04\\\/davidcoin-logo-final.png\",\"contentUrl\":\"https:\\\/\\\/www.david-coin.com\\\/wp-content\\\/uploads\\\/2024\\\/04\\\/davidcoin-logo-final.png\",\"width\":800,\"height\":267,\"caption\":\"David Coin\"},\"image\":{\"@id\":\"https:\\\/\\\/www.david-coin.com\\\/#\\\/schema\\\/logo\\\/image\\\/\"},\"sameAs\":[\"https:\\\/\\\/www.facebook.com\\\/Davidcoininkoopenverkoop\",\"https:\\\/\\\/www.youtube.com\\\/channel\\\/UC39lihLKFSPTff0w6tv0pWQ\"]}]}<\/script>\n<meta property=\"product:price:amount\" content=\"499.95\" \/>\n<meta property=\"product:price:currency\" content=\"EUR\" \/>\n<meta property=\"og:availability\" content=\"instock\" \/>\n<meta property=\"product:availability\" content=\"instock\" \/>\n<meta property=\"product:retailer_item_id\" content=\"2762\" \/>\n<meta property=\"product:condition\" content=\"new\" \/>\n<!-- \/ Yoast SEO Premium plugin. -->","yoast_head_json":{"title":"Nederland 25 Gulden 1943 Wilhelmina PMG55 EPQ","description":"Ruim aanbod Nederlandse Bankbiljetten verkrijgbaar bij David-coin. Bekijk nu ons complete aanbod Nederlands papiergeld waaronder met PMG.","robots":{"index":"index","follow":"follow","max-snippet":"max-snippet:-1","max-image-preview":"max-image-preview:large","max-video-preview":"max-video-preview:-1"},"canonical":"https:\/\/www.david-coin.com\/de\/produkt\/nederland-25-gulden-1943-wilhelmina-pmg55-epq\/","og_locale":"de_DE","og_type":"article","og_title":"Nederland 25 Gulden 1943 Wilhelmina PMG55 EPQ","og_description":"Ruim aanbod Nederlandse Bankbiljetten verkrijgbaar bij David-coin. Bekijk nu ons complete aanbod Nederlands papiergeld waaronder met PMG.","og_url":"https:\/\/www.david-coin.com\/de\/produkt\/nederland-25-gulden-1943-wilhelmina-pmg55-epq\/","og_site_name":"David Coin","article_publisher":"https:\/\/www.facebook.com\/Davidcoininkoopenverkoop","article_modified_time":"2026-01-27T16:32:03+00:00","og_image":[{"width":1600,"height":993,"url":"https:\/\/www.david-coin.com\/wp-content\/uploads\/2024\/09\/Papermoney-Netherlands-PMG-5.jpeg","type":"image\/jpeg"}],"twitter_card":"summary_large_image","twitter_misc":{"Preis":"&euro;&nbsp;499,95","Verf\u00fcgbarkeit":"Auf Lager"},"schema":{"@context":"https:\/\/schema.org","@graph":[{"@type":"WebPage","@id":"https:\/\/www.david-coin.com\/product\/nederland-25-gulden-1943-wilhelmina-pmg55-epq\/","url":"https:\/\/www.david-coin.com\/product\/nederland-25-gulden-1943-wilhelmina-pmg55-epq\/","name":"Nederland 25 Gulden 1943 Wilhelmina PMG55 EPQ","isPartOf":{"@id":"https:\/\/www.david-coin.com\/#website"},"primaryImageOfPage":{"@id":"https:\/\/www.david-coin.com\/product\/nederland-25-gulden-1943-wilhelmina-pmg55-epq\/#primaryimage"},"image":{"@id":"https:\/\/www.david-coin.com\/product\/nederland-25-gulden-1943-wilhelmina-pmg55-epq\/#primaryimage"},"thumbnailUrl":"https:\/\/www.david-coin.com\/wp-content\/uploads\/2024\/09\/Papermoney-Netherlands-PMG-5.jpeg","datePublished":"2024-09-18T12:22:07+00:00","dateModified":"2026-01-27T16:32:03+00:00","description":"Ruim aanbod Nederlandse Bankbiljetten verkrijgbaar bij David-coin. Bekijk nu ons complete aanbod Nederlands papiergeld waaronder met PMG.","breadcrumb":{"@id":"https:\/\/www.david-coin.com\/product\/nederland-25-gulden-1943-wilhelmina-pmg55-epq\/#breadcrumb"},"inLanguage":"de","potentialAction":[{"@type":"ReadAction","target":["https:\/\/www.david-coin.com\/product\/nederland-25-gulden-1943-wilhelmina-pmg55-epq\/"]}]},{"@type":"ImageObject","inLanguage":"de","@id":"https:\/\/www.david-coin.com\/product\/nederland-25-gulden-1943-wilhelmina-pmg55-epq\/#primaryimage","url":"https:\/\/www.david-coin.com\/wp-content\/uploads\/2024\/09\/Papermoney-Netherlands-PMG-5.jpeg","contentUrl":"https:\/\/www.david-coin.com\/wp-content\/uploads\/2024\/09\/Papermoney-Netherlands-PMG-5.jpeg","width":1600,"height":993,"caption":"25 gulden 1943 Wilhelmina PMG55"},{"@type":"BreadcrumbList","@id":"https:\/\/www.david-coin.com\/product\/nederland-25-gulden-1943-wilhelmina-pmg55-epq\/#breadcrumb","itemListElement":[{"@type":"ListItem","position":1,"name":"Home","item":"https:\/\/www.david-coin.com\/"},{"@type":"ListItem","position":2,"name":"Winkel","item":"https:\/\/www.david-coin.com\/winkel\/"},{"@type":"ListItem","position":3,"name":"Nederland 25 Gulden 1943 Wilhelmina PMG55 EPQ"}]},{"@type":"WebSite","@id":"https:\/\/www.david-coin.com\/#website","url":"https:\/\/www.david-coin.com\/","name":"David Coin","description":"","publisher":{"@id":"https:\/\/www.david-coin.com\/#organization"},"potentialAction":[{"@type":"SearchAction","target":{"@type":"EntryPoint","urlTemplate":"https:\/\/www.david-coin.com\/?s={search_term_string}"},"query-input":{"@type":"PropertyValueSpecification","valueRequired":true,"valueName":"search_term_string"}}],"inLanguage":"de"},{"@type":"Organization","@id":"https:\/\/www.david-coin.com\/#organization","name":"David Coin","url":"https:\/\/www.david-coin.com\/","logo":{"@type":"ImageObject","inLanguage":"de","@id":"https:\/\/www.david-coin.com\/#\/schema\/logo\/image\/","url":"https:\/\/www.david-coin.com\/wp-content\/uploads\/2024\/04\/davidcoin-logo-final.png","contentUrl":"https:\/\/www.david-coin.com\/wp-content\/uploads\/2024\/04\/davidcoin-logo-final.png","width":800,"height":267,"caption":"David Coin"},"image":{"@id":"https:\/\/www.david-coin.com\/#\/schema\/logo\/image\/"},"sameAs":["https:\/\/www.facebook.com\/Davidcoininkoopenverkoop","https:\/\/www.youtube.com\/channel\/UC39lihLKFSPTff0w6tv0pWQ"]}]},"product_price_amount":"499.95","product_price_currency":"EUR","og_availability":"instock","product_availability":"instock","product_retailer_item_id":"2762","product_condition":"new"},"_links":{"self":[{"href":"https:\/\/www.david-coin.com\/de\/wp-json\/wp\/v2\/product\/135478","targetHints":{"allow":["GET"]}}],"collection":[{"href":"https:\/\/www.david-coin.com\/de\/wp-json\/wp\/v2\/product"}],"about":[{"href":"https:\/\/www.david-coin.com\/de\/wp-json\/wp\/v2\/types\/product"}],"replies":[{"embeddable":true,"href":"https:\/\/www.david-coin.com\/de\/wp-json\/wp\/v2\/comments?post=135478"}],"wp:featuredmedia":[{"embeddable":true,"href":"https:\/\/www.david-coin.com\/de\/wp-json\/wp\/v2\/media\/135473"}],"wp:attachment":[{"href":"https:\/\/www.david-coin.com\/de\/wp-json\/wp\/v2\/media?parent=135478"}],"wp:term":[{"taxonomy":"product_brand","embeddable":true,"href":"https:\/\/www.david-coin.com\/de\/wp-json\/wp\/v2\/product_brand?post=135478"},{"taxonomy":"product_cat","embeddable":true,"href":"https:\/\/www.david-coin.com\/de\/wp-json\/wp\/v2\/product_cat?post=135478"},{"taxonomy":"product_tag","embeddable":true,"href":"https:\/\/www.david-coin.com\/de\/wp-json\/wp\/v2\/product_tag?post=135478"}],"curies":[{"name":"wp","href":"https:\/\/api.w.org\/{rel}","templated":true}]}}