{"id":134658,"date":"2024-09-06T17:11:01","date_gmt":"2024-09-06T15:11:01","guid":{"rendered":"https:\/\/www.david-coin.com\/?post_type=product&#038;p=134658"},"modified":"2026-01-28T10:59:23","modified_gmt":"2026-01-28T09:59:23","slug":"nederland-1-cent-1929-wilhelmina-in-coincard","status":"publish","type":"product","link":"https:\/\/www.david-coin.com\/de\/produkt\/nederland-1-cent-1929-wilhelmina-in-coincard\/","title":{"rendered":"Niederlande 1 Cent 1929 Wilhelmina in Coincard"},"content":{"rendered":"<p class=\"head head3 heavy mb-2x\" style=\"text-align: left;\"><strong>Niederlande 1 Cent 1929 Wilhelmina in Coincard<br \/>\n<\/strong><\/p>\n<p><em>Herausgegeben von der K\u00f6niglichen Niederl\u00e4ndischen M\u00fcnze;<\/em><\/p>\n<p>De eerste 1 cent munt van Nederland werd in 1817 onder Koning Willem I geslagen. De laatste bronzen 1 centmunt zonder portret verliet \u2019s Rijksmunt in 1941, nu alweer ruim 80 jaar geleden. De centen van Wilhelmina ondergingen tussen 1892 en 1941 een aantal subtiele ontwerpwijzigingen. Met name werd de leesbaarheid verbeterd en kregen de oranjetakken een prominentere rol. Tussen 1913-1931 maakte men de muntplaatjes voor de cent expres donkerder, om verwarring met het nieuwe (en enige!) gouden Vijfje van Wilhelmina met nagenoeg dezelfde diameter tegen te gaan. Als eerbetoon aan deze speciale uitvoering verschijnt in 2024 een originele bronzen, donkere 1 cent munt 1929 in coincard.<\/p>\n<p><strong>Gestaltung<\/strong><\/p>\n<p>Bronze ist ein unedles Metall. Zu jener Zeit war das Bildnis des regierenden Monarchen auf einer Basism\u00fcnze nicht erlaubt. So zeigt die Vorderseite einen L\u00f6wen mit offener Krone, Schwert und Pfeilb\u00fcndel und die R\u00fcckseite einen 1-Cent-St\u00fcck inmitten von zwei gebundenen Orangenzweigen. Nach dem Krieg, kurz vor ihrer Abdankung, erschien 1948 eine weitere 1-Cent-Bronzem\u00fcnze mit Wilhelmina, die nach links schaut.<\/p>\n<p>Es war unm\u00f6glich, dies im Voraus zu wissen, aber alle absichtlich dunkel gef\u00e4rbten 1-Cent-M\u00fcnzen zwischen 1913 und 1931 tragen das M\u00fcnzmeisterzeichen Zeepaard des M\u00fcnzmeisters Dr. C. Hoitsema (1909-1933). Die zwischen 1937 und 1941 gepr\u00e4gten M\u00fcnzen dieses Typs weisen diese zus\u00e4tzliche Bearbeitung nicht auf und tragen das M\u00fcnzmeisterzeichen Druiventros von Dr. W.J. van Heteren (1933-1942), dem letzten Utrechter M\u00fcnzmeister vor dem Zweiten Weltkrieg.<\/p>\n<p>Die M\u00fcnzen sind in eine stilvolle Coincard eingebettet, die den orangefarbenen Zweigen Tribut zollt. Diese M\u00fcnze in Coincard ist eine wunderbare Erg\u00e4nzung zur Ausgabe Yellow Copper 1943, die fr\u00fcher in Coincard erschien.<\/p>\n<p>Die in der streng limitierten Koinzidenzkarte verpackten Jahrg\u00e4nge sind nicht nachverfolgt worden; h\u00f6chstwahrscheinlich handelt es sich aus Gr\u00fcnden der Qualit\u00e4t und Verf\u00fcgbarkeit um die etwas sp\u00e4teren Jahrg\u00e4nge.<\/p>\n<p><span style=\"font-size: 12pt; font-family: arial, helvetica, sans-serif;\">Siehe Scans f\u00fcr weitere Einzelheiten.\u00a0<\/span><br \/>\n<span style=\"font-size: 12pt; font-family: arial, helvetica, sans-serif;\">Bei Fragen k\u00f6nnen Sie uns gerne eine Nachricht schicken<\/span><\/p>","protected":false},"excerpt":{"rendered":"<p>Numismatische M\u00fcnzkarte<\/p>","protected":false},"featured_media":134652,"comment_status":"closed","ping_status":"closed","template":"","meta":[],"product_brand":[],"product_cat":[5538,5478],"product_tag":[],"class_list":{"0":"post-134658","1":"product","2":"type-product","3":"status-publish","4":"has-post-thumbnail","6":"product_cat-coincards-met-guldenmunten","7":"product_cat-zeldzame-euromunten","8":"pa_delcampeid-5265","9":"pa_land-nederland","10":"pa_materiaal-brons","11":"pa_muntwaarde-1cent","12":"pa_soort-coincard","14":"first","15":"outofstock","16":"taxable","17":"shipping-taxable","18":"purchasable","19":"product-type-simple"},"yoast_head":"<!-- This site is optimized with the Yoast SEO Premium plugin v27.2 (Yoast SEO v27.5) - https:\/\/yoast.com\/product\/yoast-seo-premium-wordpress\/ -->\n<title>Nederland 1 cent 1929 Wilhelmina in coincard<\/title>\n<meta name=\"description\" content=\"Wilhelmina cent in coincard van Nederland beschikbaar. Bekijk nu ons complete aanbod historische coincards met guldenmunten.\" \/>\n<meta name=\"robots\" content=\"index, follow, max-snippet:-1, max-image-preview:large, max-video-preview:-1\" \/>\n<link rel=\"canonical\" href=\"https:\/\/www.david-coin.com\/de\/produkt\/nederland-1-cent-1929-wilhelmina-in-coincard\/\" \/>\n<meta property=\"og:locale\" content=\"de_DE\" \/>\n<meta property=\"og:type\" content=\"article\" \/>\n<meta property=\"og:title\" content=\"Nederland 1 cent 1929 Wilhelmina in coincard\" \/>\n<meta property=\"og:description\" content=\"Wilhelmina cent in coincard van Nederland beschikbaar. Bekijk nu ons complete aanbod historische coincards met guldenmunten.\" \/>\n<meta property=\"og:url\" content=\"https:\/\/www.david-coin.com\/de\/produkt\/nederland-1-cent-1929-wilhelmina-in-coincard\/\" \/>\n<meta property=\"og:site_name\" content=\"David Coin\" \/>\n<meta property=\"article:publisher\" content=\"https:\/\/www.facebook.com\/Davidcoininkoopenverkoop\" \/>\n<meta property=\"article:modified_time\" content=\"2026-01-28T09:59:23+00:00\" \/>\n<meta property=\"og:image\" content=\"https:\/\/www.david-coin.com\/wp-content\/uploads\/2024\/09\/1cent-1929-coincard.jpg\" \/>\n\t<meta property=\"og:image:width\" content=\"731\" \/>\n\t<meta property=\"og:image:height\" content=\"484\" \/>\n\t<meta property=\"og:image:type\" content=\"image\/jpeg\" \/>\n<meta name=\"twitter:card\" content=\"summary_large_image\" \/>\n<meta name=\"twitter:label1\" content=\"Preis\" \/>\n\t<meta name=\"twitter:data1\" content=\"&euro;&nbsp;49,95\" \/>\n\t<meta name=\"twitter:label2\" content=\"Verf\u00fcgbarkeit\" \/>\n\t<meta name=\"twitter:data2\" content=\"ausverkauft\" \/>\n<script type=\"application\/ld+json\" class=\"yoast-schema-graph\">{\"@context\":\"https:\\\/\\\/schema.org\",\"@graph\":[{\"@type\":\"WebPage\",\"@id\":\"https:\\\/\\\/www.david-coin.com\\\/product\\\/nederland-1-cent-1929-wilhelmina-in-coincard\\\/\",\"url\":\"https:\\\/\\\/www.david-coin.com\\\/product\\\/nederland-1-cent-1929-wilhelmina-in-coincard\\\/\",\"name\":\"Nederland 1 cent 1929 Wilhelmina in coincard\",\"isPartOf\":{\"@id\":\"https:\\\/\\\/www.david-coin.com\\\/#website\"},\"primaryImageOfPage\":{\"@id\":\"https:\\\/\\\/www.david-coin.com\\\/product\\\/nederland-1-cent-1929-wilhelmina-in-coincard\\\/#primaryimage\"},\"image\":{\"@id\":\"https:\\\/\\\/www.david-coin.com\\\/product\\\/nederland-1-cent-1929-wilhelmina-in-coincard\\\/#primaryimage\"},\"thumbnailUrl\":\"https:\\\/\\\/www.david-coin.com\\\/wp-content\\\/uploads\\\/2024\\\/09\\\/1cent-1929-coincard.jpg\",\"datePublished\":\"2024-09-06T15:11:01+00:00\",\"dateModified\":\"2026-01-28T09:59:23+00:00\",\"description\":\"Wilhelmina cent in coincard van Nederland beschikbaar. Bekijk nu ons complete aanbod historische coincards met guldenmunten.\",\"breadcrumb\":{\"@id\":\"https:\\\/\\\/www.david-coin.com\\\/product\\\/nederland-1-cent-1929-wilhelmina-in-coincard\\\/#breadcrumb\"},\"inLanguage\":\"de\",\"potentialAction\":[{\"@type\":\"ReadAction\",\"target\":[\"https:\\\/\\\/www.david-coin.com\\\/product\\\/nederland-1-cent-1929-wilhelmina-in-coincard\\\/\"]}]},{\"@type\":\"ImageObject\",\"inLanguage\":\"de\",\"@id\":\"https:\\\/\\\/www.david-coin.com\\\/product\\\/nederland-1-cent-1929-wilhelmina-in-coincard\\\/#primaryimage\",\"url\":\"https:\\\/\\\/www.david-coin.com\\\/wp-content\\\/uploads\\\/2024\\\/09\\\/1cent-1929-coincard.jpg\",\"contentUrl\":\"https:\\\/\\\/www.david-coin.com\\\/wp-content\\\/uploads\\\/2024\\\/09\\\/1cent-1929-coincard.jpg\",\"width\":731,\"height\":484,\"caption\":\"Nederland 1 cent 1929 coincard Wilhelmina\"},{\"@type\":\"BreadcrumbList\",\"@id\":\"https:\\\/\\\/www.david-coin.com\\\/product\\\/nederland-1-cent-1929-wilhelmina-in-coincard\\\/#breadcrumb\",\"itemListElement\":[{\"@type\":\"ListItem\",\"position\":1,\"name\":\"Home\",\"item\":\"https:\\\/\\\/www.david-coin.com\\\/\"},{\"@type\":\"ListItem\",\"position\":2,\"name\":\"Winkel\",\"item\":\"https:\\\/\\\/www.david-coin.com\\\/winkel\\\/\"},{\"@type\":\"ListItem\",\"position\":3,\"name\":\"Nederland 1 cent 1929 Wilhelmina in coincard\"}]},{\"@type\":\"WebSite\",\"@id\":\"https:\\\/\\\/www.david-coin.com\\\/#website\",\"url\":\"https:\\\/\\\/www.david-coin.com\\\/\",\"name\":\"David Coin\",\"description\":\"\",\"publisher\":{\"@id\":\"https:\\\/\\\/www.david-coin.com\\\/#organization\"},\"potentialAction\":[{\"@type\":\"SearchAction\",\"target\":{\"@type\":\"EntryPoint\",\"urlTemplate\":\"https:\\\/\\\/www.david-coin.com\\\/?s={search_term_string}\"},\"query-input\":{\"@type\":\"PropertyValueSpecification\",\"valueRequired\":true,\"valueName\":\"search_term_string\"}}],\"inLanguage\":\"de\"},{\"@type\":\"Organization\",\"@id\":\"https:\\\/\\\/www.david-coin.com\\\/#organization\",\"name\":\"David Coin\",\"url\":\"https:\\\/\\\/www.david-coin.com\\\/\",\"logo\":{\"@type\":\"ImageObject\",\"inLanguage\":\"de\",\"@id\":\"https:\\\/\\\/www.david-coin.com\\\/#\\\/schema\\\/logo\\\/image\\\/\",\"url\":\"https:\\\/\\\/www.david-coin.com\\\/wp-content\\\/uploads\\\/2024\\\/04\\\/davidcoin-logo-final.png\",\"contentUrl\":\"https:\\\/\\\/www.david-coin.com\\\/wp-content\\\/uploads\\\/2024\\\/04\\\/davidcoin-logo-final.png\",\"width\":800,\"height\":267,\"caption\":\"David Coin\"},\"image\":{\"@id\":\"https:\\\/\\\/www.david-coin.com\\\/#\\\/schema\\\/logo\\\/image\\\/\"},\"sameAs\":[\"https:\\\/\\\/www.facebook.com\\\/Davidcoininkoopenverkoop\",\"https:\\\/\\\/www.youtube.com\\\/channel\\\/UC39lihLKFSPTff0w6tv0pWQ\"]}]}<\/script>\n<meta property=\"product:price:amount\" content=\"49.95\" \/>\n<meta property=\"product:price:currency\" content=\"EUR\" \/>\n<meta property=\"og:availability\" content=\"out of stock\" \/>\n<meta property=\"product:availability\" content=\"out of stock\" \/>\n<meta property=\"product:retailer_item_id\" content=\"8843\" \/>\n<meta property=\"product:condition\" content=\"new\" \/>\n<!-- \/ Yoast SEO Premium plugin. -->","yoast_head_json":{"title":"Niederlande 1 Cent 1929 Wilhelmina in Coincard","description":"Wilhelmina cent in coincard van Nederland beschikbaar. Bekijk nu ons complete aanbod historische coincards met guldenmunten.","robots":{"index":"index","follow":"follow","max-snippet":"max-snippet:-1","max-image-preview":"max-image-preview:large","max-video-preview":"max-video-preview:-1"},"canonical":"https:\/\/www.david-coin.com\/de\/produkt\/nederland-1-cent-1929-wilhelmina-in-coincard\/","og_locale":"de_DE","og_type":"article","og_title":"Nederland 1 cent 1929 Wilhelmina in coincard","og_description":"Wilhelmina cent in coincard van Nederland beschikbaar. Bekijk nu ons complete aanbod historische coincards met guldenmunten.","og_url":"https:\/\/www.david-coin.com\/de\/produkt\/nederland-1-cent-1929-wilhelmina-in-coincard\/","og_site_name":"David Coin","article_publisher":"https:\/\/www.facebook.com\/Davidcoininkoopenverkoop","article_modified_time":"2026-01-28T09:59:23+00:00","og_image":[{"width":731,"height":484,"url":"https:\/\/www.david-coin.com\/wp-content\/uploads\/2024\/09\/1cent-1929-coincard.jpg","type":"image\/jpeg"}],"twitter_card":"summary_large_image","twitter_misc":{"Preis":"&euro;&nbsp;49,95","Verf\u00fcgbarkeit":"ausverkauft"},"schema":{"@context":"https:\/\/schema.org","@graph":[{"@type":"WebPage","@id":"https:\/\/www.david-coin.com\/product\/nederland-1-cent-1929-wilhelmina-in-coincard\/","url":"https:\/\/www.david-coin.com\/product\/nederland-1-cent-1929-wilhelmina-in-coincard\/","name":"Niederlande 1 Cent 1929 Wilhelmina in Coincard","isPartOf":{"@id":"https:\/\/www.david-coin.com\/#website"},"primaryImageOfPage":{"@id":"https:\/\/www.david-coin.com\/product\/nederland-1-cent-1929-wilhelmina-in-coincard\/#primaryimage"},"image":{"@id":"https:\/\/www.david-coin.com\/product\/nederland-1-cent-1929-wilhelmina-in-coincard\/#primaryimage"},"thumbnailUrl":"https:\/\/www.david-coin.com\/wp-content\/uploads\/2024\/09\/1cent-1929-coincard.jpg","datePublished":"2024-09-06T15:11:01+00:00","dateModified":"2026-01-28T09:59:23+00:00","description":"Wilhelmina cent in coincard van Nederland beschikbaar. Bekijk nu ons complete aanbod historische coincards met guldenmunten.","breadcrumb":{"@id":"https:\/\/www.david-coin.com\/product\/nederland-1-cent-1929-wilhelmina-in-coincard\/#breadcrumb"},"inLanguage":"de","potentialAction":[{"@type":"ReadAction","target":["https:\/\/www.david-coin.com\/product\/nederland-1-cent-1929-wilhelmina-in-coincard\/"]}]},{"@type":"ImageObject","inLanguage":"de","@id":"https:\/\/www.david-coin.com\/product\/nederland-1-cent-1929-wilhelmina-in-coincard\/#primaryimage","url":"https:\/\/www.david-coin.com\/wp-content\/uploads\/2024\/09\/1cent-1929-coincard.jpg","contentUrl":"https:\/\/www.david-coin.com\/wp-content\/uploads\/2024\/09\/1cent-1929-coincard.jpg","width":731,"height":484,"caption":"Nederland 1 cent 1929 coincard Wilhelmina"},{"@type":"BreadcrumbList","@id":"https:\/\/www.david-coin.com\/product\/nederland-1-cent-1929-wilhelmina-in-coincard\/#breadcrumb","itemListElement":[{"@type":"ListItem","position":1,"name":"Home","item":"https:\/\/www.david-coin.com\/"},{"@type":"ListItem","position":2,"name":"Winkel","item":"https:\/\/www.david-coin.com\/winkel\/"},{"@type":"ListItem","position":3,"name":"Nederland 1 cent 1929 Wilhelmina in coincard"}]},{"@type":"WebSite","@id":"https:\/\/www.david-coin.com\/#website","url":"https:\/\/www.david-coin.com\/","name":"David Coin","description":"","publisher":{"@id":"https:\/\/www.david-coin.com\/#organization"},"potentialAction":[{"@type":"SearchAction","target":{"@type":"EntryPoint","urlTemplate":"https:\/\/www.david-coin.com\/?s={search_term_string}"},"query-input":{"@type":"PropertyValueSpecification","valueRequired":true,"valueName":"search_term_string"}}],"inLanguage":"de"},{"@type":"Organization","@id":"https:\/\/www.david-coin.com\/#organization","name":"David Coin","url":"https:\/\/www.david-coin.com\/","logo":{"@type":"ImageObject","inLanguage":"de","@id":"https:\/\/www.david-coin.com\/#\/schema\/logo\/image\/","url":"https:\/\/www.david-coin.com\/wp-content\/uploads\/2024\/04\/davidcoin-logo-final.png","contentUrl":"https:\/\/www.david-coin.com\/wp-content\/uploads\/2024\/04\/davidcoin-logo-final.png","width":800,"height":267,"caption":"David Coin"},"image":{"@id":"https:\/\/www.david-coin.com\/#\/schema\/logo\/image\/"},"sameAs":["https:\/\/www.facebook.com\/Davidcoininkoopenverkoop","https:\/\/www.youtube.com\/channel\/UC39lihLKFSPTff0w6tv0pWQ"]}]},"product_price_amount":"49.95","product_price_currency":"EUR","og_availability":"out of stock","product_availability":"out of stock","product_retailer_item_id":"8843","product_condition":"new"},"_links":{"self":[{"href":"https:\/\/www.david-coin.com\/de\/wp-json\/wp\/v2\/product\/134658","targetHints":{"allow":["GET"]}}],"collection":[{"href":"https:\/\/www.david-coin.com\/de\/wp-json\/wp\/v2\/product"}],"about":[{"href":"https:\/\/www.david-coin.com\/de\/wp-json\/wp\/v2\/types\/product"}],"replies":[{"embeddable":true,"href":"https:\/\/www.david-coin.com\/de\/wp-json\/wp\/v2\/comments?post=134658"}],"wp:featuredmedia":[{"embeddable":true,"href":"https:\/\/www.david-coin.com\/de\/wp-json\/wp\/v2\/media\/134652"}],"wp:attachment":[{"href":"https:\/\/www.david-coin.com\/de\/wp-json\/wp\/v2\/media?parent=134658"}],"wp:term":[{"taxonomy":"product_brand","embeddable":true,"href":"https:\/\/www.david-coin.com\/de\/wp-json\/wp\/v2\/product_brand?post=134658"},{"taxonomy":"product_cat","embeddable":true,"href":"https:\/\/www.david-coin.com\/de\/wp-json\/wp\/v2\/product_cat?post=134658"},{"taxonomy":"product_tag","embeddable":true,"href":"https:\/\/www.david-coin.com\/de\/wp-json\/wp\/v2\/product_tag?post=134658"}],"curies":[{"name":"wp","href":"https:\/\/api.w.org\/{rel}","templated":true}]}}