{"id":129237,"date":"2024-07-04T11:05:54","date_gmt":"2024-07-04T09:05:54","guid":{"rendered":"https:\/\/www.david-coin.com\/product\/nederland-halve-cent-1876-willem-3-3\/"},"modified":"2026-01-27T12:52:13","modified_gmt":"2026-01-27T11:52:13","slug":"nederland-halve-cent-1876-willem-3-3","status":"publish","type":"product","link":"https:\/\/www.david-coin.com\/de\/produkt\/nederland-halve-cent-1876-willem-3-3\/","title":{"rendered":"Nederland halve cent  1876 Willem 3"},"content":{"rendered":"<p>Nederland halve cent 1876 Willem 3<\/p>\n<p>De halve cent van koning <a href=\"https:\/\/www.david-coin.com\/de\/produkt-kategorie\/nederlandse-munten\/willem-3-1849-1890\/\">koning Willem 3<\/a> is in twee varianten geslagen, namelijk de koperen en bronzen halve cent. De koperen halve cent is zoals de halve centen van Willem 1 en Willem 2, met een grote W en het jaartal. Op de voorzijde van de koperen halve cent is het staatswapen met &#8216;1\/2 C&#8217; aangeduid voor de waarde. De bronzen halve cent heeft een steigerende Leeuw met pijlen, en op de muntzijde &#8216;1\/2 cent&#8217;. De bronzen halve cent is kleiner, weegt 1,25 gram en heeft een diameter van 14 millimeter, en de koperen cent heeft een gewicht van 1,92 gram en een diameter van 16 millimeter. De koperen halve cent van Willem 3 is geslagen tussen 1854 en 1877, en de bronzen halve cent is gelagen tussen 1878 en 1886. Naast de halve cent van Willem 3 zijn er tijdens zijn regeringsperiode nog de volgende andere munten uitgegeven:<br \/>\n&#8211;\t<a href=\"https:\/\/www.david-coin.com\/de\/produkt\/nederland-1-cent-1860-willem-3\/\">Cent William 3;<\/a><br \/>\n&#8211;\t<a href=\"https:\/\/www.david-coin.com\/de\/produkt\/nederland-2-5-cent-1877-willem-3\/\">Zweieinhalb Cents William 3;<\/a><br \/>\n&#8211;\t<a href=\"https:\/\/www.david-coin.com\/de\/produkt\/nederland-5-cent-1862-willem-3\/\">Stuiver William 3;<\/a><br \/>\n&#8211;\t<a href=\"https:\/\/www.david-coin.com\/de\/produkt\/nederland-10-cent-1853-willem-3\/\">Double William 3;<\/a><br \/>\n&#8211;\t<a href=\"https:\/\/www.david-coin.com\/de\/produkt\/nederland-25-cent-1889-willem-3\/\">Viertel William 3;<\/a><br \/>\n&#8211;\t<a href=\"https:\/\/www.david-coin.com\/de\/produkt\/nederland-1-gulden-1866-willem-3\/\">Halber Gulden William 3;<\/a><br \/>\n&#8211;\t<a href=\"https:\/\/www.david-coin.com\/de\/produkt\/nederland-1-gulden-1856-willem-iii\/\">Goldener Wilhelm 3;<\/a><br \/>\n&#8211;\t<a href=\"https:\/\/www.david-coin.com\/de\/produkt\/nederland-25-gulden-1857-willem-3\/\">Knaak oder zweieinhalb Gulden William 3;<\/a><br \/>\n&#8211;\t<a href=\"https:\/\/www.david-coin.com\/de\/produkt\/nederland-gouden-5-gulden-1851-willem-3-2\/\">F\u00fcnf Gulden William 3;<\/a><br \/>\n&#8211;\t<a href=\"https:\/\/www.david-coin.com\/de\/produkt\/nederland-10-gulden-1888-willem-3-2\/\">Zehn Gulden William 3;<\/a><br \/>\n- 20 Gulden (doppelt verhandelter Token) William 3.<br \/>\nDie M\u00fcnzen von K\u00f6nig Wilhelm 3 verschwanden Anfang des 20. Jahrhunderts langsam aus dem Verkehr und wurden nach und nach durch die M\u00fcnzen von <a href=\"https:\/\/www.david-coin.com\/de\/produkt-kategorie\/nederlandse-munten\/wilhelmina-1890-1948\/\">K\u00f6nigin Wilhelmina<\/a>. Noch heute werden sie von vielen Sammlern gesammelt und sind daher sehr beliebt. <\/p>\n<p>Siehe Scans f\u00fcr weitere Einzelheiten.<br \/>\nBei Fragen k\u00f6nnen Sie uns gerne eine Nachricht schicken.<\/p>","protected":false},"excerpt":{"rendered":"<p>Nederland halve cent 1876 Willem 3 De halve cent van koning koning Willem 3 is in twee varianten geslagen, namelijk de koperen en bronzen halve cent. De koperen halve cent is zoals de halve centen van Willem 1 en Willem 2, met een grote W en het jaartal. Op de voorzijde van de koperen halve [&hellip;]<\/p>\n","protected":false},"featured_media":129197,"comment_status":"closed","ping_status":"open","template":"","meta":[],"product_brand":[],"product_cat":[5471,5521],"product_tag":[],"class_list":{"0":"post-129237","1":"product","2":"type-product","3":"status-publish","4":"has-post-thumbnail","6":"product_cat-nederlandse-munten","7":"product_cat-willem-3-1849-1890","8":"pa_koning-koningin-willem3","9":"pa_kwaliteit-zeer-fraai","10":"pa_land-nederland","11":"pa_materiaal-koper","12":"pa_muntwaarde-halvecent","14":"first","15":"instock","16":"purchasable","17":"product-type-simple"},"yoast_head":"<!-- This site is optimized with the Yoast SEO Premium plugin v27.2 (Yoast SEO v27.4) - https:\/\/yoast.com\/product\/yoast-seo-premium-wordpress\/ -->\n<title>Nederland halve cent 1876 Willem 3<\/title>\n<meta name=\"description\" content=\"Nederlandse munten kopen? Bekijk nu ons aanbod Willem 1 t\/m Beatrix, halve centen t\/m zilveren 50 guldenmunten. Gratis verzending vanaf 75 euro binnen NL.\" \/>\n<meta name=\"robots\" content=\"index, follow, max-snippet:-1, max-image-preview:large, max-video-preview:-1\" \/>\n<link rel=\"canonical\" href=\"https:\/\/www.david-coin.com\/de\/produkt\/nederland-halve-cent-1876-willem-3-3\/\" \/>\n<meta property=\"og:locale\" content=\"de_DE\" \/>\n<meta property=\"og:type\" content=\"article\" \/>\n<meta property=\"og:title\" content=\"Nederland halve cent 1876 Willem 3\" \/>\n<meta property=\"og:description\" content=\"Nederlandse munten kopen? Bekijk nu ons aanbod Willem 1 t\/m Beatrix, halve centen t\/m zilveren 50 guldenmunten. Gratis verzending vanaf 75 euro binnen NL.\" \/>\n<meta property=\"og:url\" content=\"https:\/\/www.david-coin.com\/de\/produkt\/nederland-halve-cent-1876-willem-3-3\/\" \/>\n<meta property=\"og:site_name\" content=\"David Coin\" \/>\n<meta property=\"article:publisher\" content=\"https:\/\/www.facebook.com\/Davidcoininkoopenverkoop\" \/>\n<meta property=\"article:modified_time\" content=\"2026-01-27T11:52:13+00:00\" \/>\n<meta property=\"og:image\" content=\"https:\/\/www.david-coin.com\/wp-content\/uploads\/2024\/07\/1876-halvecent-2.jpg\" \/>\n\t<meta property=\"og:image:width\" content=\"456\" \/>\n\t<meta property=\"og:image:height\" content=\"440\" \/>\n\t<meta property=\"og:image:type\" content=\"image\/jpeg\" \/>\n<meta name=\"twitter:card\" content=\"summary_large_image\" \/>\n<meta name=\"twitter:label1\" content=\"Preis\" \/>\n\t<meta name=\"twitter:data1\" content=\"&euro;&nbsp;19,95\" \/>\n\t<meta name=\"twitter:label2\" content=\"Verf\u00fcgbarkeit\" \/>\n\t<meta name=\"twitter:data2\" content=\"Auf Lager\" \/>\n<script type=\"application\/ld+json\" class=\"yoast-schema-graph\">{\"@context\":\"https:\\\/\\\/schema.org\",\"@graph\":[{\"@type\":\"WebPage\",\"@id\":\"https:\\\/\\\/www.david-coin.com\\\/product\\\/nederland-halve-cent-1876-willem-3-3\\\/\",\"url\":\"https:\\\/\\\/www.david-coin.com\\\/product\\\/nederland-halve-cent-1876-willem-3-3\\\/\",\"name\":\"Nederland halve cent 1876 Willem 3\",\"isPartOf\":{\"@id\":\"https:\\\/\\\/www.david-coin.com\\\/#website\"},\"primaryImageOfPage\":{\"@id\":\"https:\\\/\\\/www.david-coin.com\\\/product\\\/nederland-halve-cent-1876-willem-3-3\\\/#primaryimage\"},\"image\":{\"@id\":\"https:\\\/\\\/www.david-coin.com\\\/product\\\/nederland-halve-cent-1876-willem-3-3\\\/#primaryimage\"},\"thumbnailUrl\":\"https:\\\/\\\/www.david-coin.com\\\/wp-content\\\/uploads\\\/2024\\\/07\\\/1876-halvecent-2.jpg\",\"datePublished\":\"2024-07-04T09:05:54+00:00\",\"dateModified\":\"2026-01-27T11:52:13+00:00\",\"description\":\"Nederlandse munten kopen? Bekijk nu ons aanbod Willem 1 t\\\/m Beatrix, halve centen t\\\/m zilveren 50 guldenmunten. Gratis verzending vanaf 75 euro binnen NL.\",\"breadcrumb\":{\"@id\":\"https:\\\/\\\/www.david-coin.com\\\/product\\\/nederland-halve-cent-1876-willem-3-3\\\/#breadcrumb\"},\"inLanguage\":\"de\",\"potentialAction\":[{\"@type\":\"ReadAction\",\"target\":[\"https:\\\/\\\/www.david-coin.com\\\/product\\\/nederland-halve-cent-1876-willem-3-3\\\/\"]}]},{\"@type\":\"ImageObject\",\"inLanguage\":\"de\",\"@id\":\"https:\\\/\\\/www.david-coin.com\\\/product\\\/nederland-halve-cent-1876-willem-3-3\\\/#primaryimage\",\"url\":\"https:\\\/\\\/www.david-coin.com\\\/wp-content\\\/uploads\\\/2024\\\/07\\\/1876-halvecent-2.jpg\",\"contentUrl\":\"https:\\\/\\\/www.david-coin.com\\\/wp-content\\\/uploads\\\/2024\\\/07\\\/1876-halvecent-2.jpg\",\"width\":456,\"height\":440},{\"@type\":\"BreadcrumbList\",\"@id\":\"https:\\\/\\\/www.david-coin.com\\\/product\\\/nederland-halve-cent-1876-willem-3-3\\\/#breadcrumb\",\"itemListElement\":[{\"@type\":\"ListItem\",\"position\":1,\"name\":\"Home\",\"item\":\"https:\\\/\\\/www.david-coin.com\\\/\"},{\"@type\":\"ListItem\",\"position\":2,\"name\":\"Winkel\",\"item\":\"https:\\\/\\\/www.david-coin.com\\\/winkel\\\/\"},{\"@type\":\"ListItem\",\"position\":3,\"name\":\"Nederland halve cent 1876 Willem 3\"}]},{\"@type\":\"WebSite\",\"@id\":\"https:\\\/\\\/www.david-coin.com\\\/#website\",\"url\":\"https:\\\/\\\/www.david-coin.com\\\/\",\"name\":\"David Coin\",\"description\":\"\",\"publisher\":{\"@id\":\"https:\\\/\\\/www.david-coin.com\\\/#organization\"},\"potentialAction\":[{\"@type\":\"SearchAction\",\"target\":{\"@type\":\"EntryPoint\",\"urlTemplate\":\"https:\\\/\\\/www.david-coin.com\\\/?s={search_term_string}\"},\"query-input\":{\"@type\":\"PropertyValueSpecification\",\"valueRequired\":true,\"valueName\":\"search_term_string\"}}],\"inLanguage\":\"de\"},{\"@type\":\"Organization\",\"@id\":\"https:\\\/\\\/www.david-coin.com\\\/#organization\",\"name\":\"David Coin\",\"url\":\"https:\\\/\\\/www.david-coin.com\\\/\",\"logo\":{\"@type\":\"ImageObject\",\"inLanguage\":\"de\",\"@id\":\"https:\\\/\\\/www.david-coin.com\\\/#\\\/schema\\\/logo\\\/image\\\/\",\"url\":\"https:\\\/\\\/www.david-coin.com\\\/wp-content\\\/uploads\\\/2024\\\/04\\\/davidcoin-logo-final.png\",\"contentUrl\":\"https:\\\/\\\/www.david-coin.com\\\/wp-content\\\/uploads\\\/2024\\\/04\\\/davidcoin-logo-final.png\",\"width\":800,\"height\":267,\"caption\":\"David Coin\"},\"image\":{\"@id\":\"https:\\\/\\\/www.david-coin.com\\\/#\\\/schema\\\/logo\\\/image\\\/\"},\"sameAs\":[\"https:\\\/\\\/www.facebook.com\\\/Davidcoininkoopenverkoop\",\"https:\\\/\\\/www.youtube.com\\\/channel\\\/UC39lihLKFSPTff0w6tv0pWQ\"]}]}<\/script>\n<meta property=\"product:price:amount\" content=\"19.95\" \/>\n<meta property=\"product:price:currency\" content=\"EUR\" \/>\n<meta property=\"og:availability\" content=\"instock\" \/>\n<meta property=\"product:availability\" content=\"instock\" \/>\n<meta property=\"product:retailer_item_id\" content=\"15607\" \/>\n<meta property=\"product:condition\" content=\"new\" \/>\n<!-- \/ Yoast SEO Premium plugin. -->","yoast_head_json":{"title":"Nederland halve cent 1876 Willem 3","description":"Nederlandse munten kopen? Bekijk nu ons aanbod Willem 1 t\/m Beatrix, halve centen t\/m zilveren 50 guldenmunten. Gratis verzending vanaf 75 euro binnen NL.","robots":{"index":"index","follow":"follow","max-snippet":"max-snippet:-1","max-image-preview":"max-image-preview:large","max-video-preview":"max-video-preview:-1"},"canonical":"https:\/\/www.david-coin.com\/de\/produkt\/nederland-halve-cent-1876-willem-3-3\/","og_locale":"de_DE","og_type":"article","og_title":"Nederland halve cent 1876 Willem 3","og_description":"Nederlandse munten kopen? Bekijk nu ons aanbod Willem 1 t\/m Beatrix, halve centen t\/m zilveren 50 guldenmunten. Gratis verzending vanaf 75 euro binnen NL.","og_url":"https:\/\/www.david-coin.com\/de\/produkt\/nederland-halve-cent-1876-willem-3-3\/","og_site_name":"David Coin","article_publisher":"https:\/\/www.facebook.com\/Davidcoininkoopenverkoop","article_modified_time":"2026-01-27T11:52:13+00:00","og_image":[{"width":456,"height":440,"url":"https:\/\/www.david-coin.com\/wp-content\/uploads\/2024\/07\/1876-halvecent-2.jpg","type":"image\/jpeg"}],"twitter_card":"summary_large_image","twitter_misc":{"Preis":"&euro;&nbsp;19,95","Verf\u00fcgbarkeit":"Auf Lager"},"schema":{"@context":"https:\/\/schema.org","@graph":[{"@type":"WebPage","@id":"https:\/\/www.david-coin.com\/product\/nederland-halve-cent-1876-willem-3-3\/","url":"https:\/\/www.david-coin.com\/product\/nederland-halve-cent-1876-willem-3-3\/","name":"Nederland halve cent 1876 Willem 3","isPartOf":{"@id":"https:\/\/www.david-coin.com\/#website"},"primaryImageOfPage":{"@id":"https:\/\/www.david-coin.com\/product\/nederland-halve-cent-1876-willem-3-3\/#primaryimage"},"image":{"@id":"https:\/\/www.david-coin.com\/product\/nederland-halve-cent-1876-willem-3-3\/#primaryimage"},"thumbnailUrl":"https:\/\/www.david-coin.com\/wp-content\/uploads\/2024\/07\/1876-halvecent-2.jpg","datePublished":"2024-07-04T09:05:54+00:00","dateModified":"2026-01-27T11:52:13+00:00","description":"Nederlandse munten kopen? Bekijk nu ons aanbod Willem 1 t\/m Beatrix, halve centen t\/m zilveren 50 guldenmunten. Gratis verzending vanaf 75 euro binnen NL.","breadcrumb":{"@id":"https:\/\/www.david-coin.com\/product\/nederland-halve-cent-1876-willem-3-3\/#breadcrumb"},"inLanguage":"de","potentialAction":[{"@type":"ReadAction","target":["https:\/\/www.david-coin.com\/product\/nederland-halve-cent-1876-willem-3-3\/"]}]},{"@type":"ImageObject","inLanguage":"de","@id":"https:\/\/www.david-coin.com\/product\/nederland-halve-cent-1876-willem-3-3\/#primaryimage","url":"https:\/\/www.david-coin.com\/wp-content\/uploads\/2024\/07\/1876-halvecent-2.jpg","contentUrl":"https:\/\/www.david-coin.com\/wp-content\/uploads\/2024\/07\/1876-halvecent-2.jpg","width":456,"height":440},{"@type":"BreadcrumbList","@id":"https:\/\/www.david-coin.com\/product\/nederland-halve-cent-1876-willem-3-3\/#breadcrumb","itemListElement":[{"@type":"ListItem","position":1,"name":"Home","item":"https:\/\/www.david-coin.com\/"},{"@type":"ListItem","position":2,"name":"Winkel","item":"https:\/\/www.david-coin.com\/winkel\/"},{"@type":"ListItem","position":3,"name":"Nederland halve cent 1876 Willem 3"}]},{"@type":"WebSite","@id":"https:\/\/www.david-coin.com\/#website","url":"https:\/\/www.david-coin.com\/","name":"David Coin","description":"","publisher":{"@id":"https:\/\/www.david-coin.com\/#organization"},"potentialAction":[{"@type":"SearchAction","target":{"@type":"EntryPoint","urlTemplate":"https:\/\/www.david-coin.com\/?s={search_term_string}"},"query-input":{"@type":"PropertyValueSpecification","valueRequired":true,"valueName":"search_term_string"}}],"inLanguage":"de"},{"@type":"Organization","@id":"https:\/\/www.david-coin.com\/#organization","name":"David Coin","url":"https:\/\/www.david-coin.com\/","logo":{"@type":"ImageObject","inLanguage":"de","@id":"https:\/\/www.david-coin.com\/#\/schema\/logo\/image\/","url":"https:\/\/www.david-coin.com\/wp-content\/uploads\/2024\/04\/davidcoin-logo-final.png","contentUrl":"https:\/\/www.david-coin.com\/wp-content\/uploads\/2024\/04\/davidcoin-logo-final.png","width":800,"height":267,"caption":"David Coin"},"image":{"@id":"https:\/\/www.david-coin.com\/#\/schema\/logo\/image\/"},"sameAs":["https:\/\/www.facebook.com\/Davidcoininkoopenverkoop","https:\/\/www.youtube.com\/channel\/UC39lihLKFSPTff0w6tv0pWQ"]}]},"product_price_amount":"19.95","product_price_currency":"EUR","og_availability":"instock","product_availability":"instock","product_retailer_item_id":"15607","product_condition":"new"},"_links":{"self":[{"href":"https:\/\/www.david-coin.com\/de\/wp-json\/wp\/v2\/product\/129237","targetHints":{"allow":["GET"]}}],"collection":[{"href":"https:\/\/www.david-coin.com\/de\/wp-json\/wp\/v2\/product"}],"about":[{"href":"https:\/\/www.david-coin.com\/de\/wp-json\/wp\/v2\/types\/product"}],"replies":[{"embeddable":true,"href":"https:\/\/www.david-coin.com\/de\/wp-json\/wp\/v2\/comments?post=129237"}],"wp:featuredmedia":[{"embeddable":true,"href":"https:\/\/www.david-coin.com\/de\/wp-json\/wp\/v2\/media\/129197"}],"wp:attachment":[{"href":"https:\/\/www.david-coin.com\/de\/wp-json\/wp\/v2\/media?parent=129237"}],"wp:term":[{"taxonomy":"product_brand","embeddable":true,"href":"https:\/\/www.david-coin.com\/de\/wp-json\/wp\/v2\/product_brand?post=129237"},{"taxonomy":"product_cat","embeddable":true,"href":"https:\/\/www.david-coin.com\/de\/wp-json\/wp\/v2\/product_cat?post=129237"},{"taxonomy":"product_tag","embeddable":true,"href":"https:\/\/www.david-coin.com\/de\/wp-json\/wp\/v2\/product_tag?post=129237"}],"curies":[{"name":"wp","href":"https:\/\/api.w.org\/{rel}","templated":true}]}}