{"id":128444,"date":"2024-05-24T10:30:33","date_gmt":"2024-05-24T08:30:33","guid":{"rendered":"https:\/\/www.david-coin.com\/?post_type=product&#038;p=128444"},"modified":"2026-04-14T17:40:47","modified_gmt":"2026-04-14T15:40:47","slug":"nederland-holland-coinfair-herdenking-set-2002","status":"publish","type":"product","link":"https:\/\/www.david-coin.com\/de\/produkt\/nederland-holland-coinfair-herdenking-set-2002\/","title":{"rendered":"Nederland Holland coinfair herdenking set 2002"},"content":{"rendered":"<p>Holland M\u00fcnzmesse Gedenkset 2002<\/p>\n<p>Een nieuwe vorstin, een nieuwe munt<br \/>\nDe muntslag ten tijde van Koningin Beatrix<br \/>\nOplage: 3500 sets.<\/p>\n<p>Der Satz enth\u00e4lt die folgenden M\u00fcnzen in BU-Qualit\u00e4t:<br \/>\n-1 Eurocent<br \/>\n-2 Eurocents<br \/>\n-5 Eurocents<br \/>\n-10 Eurocent<br \/>\n-20 Eurocents<br \/>\n-50 Eurocent<br \/>\n-1 Euro<br \/>\n-2 Euro<br \/>\n&#8211; inclusief gelegenheidspenning<\/p>\n<p>Siehe Scans f\u00fcr weitere Einzelheiten.<br \/>\nBei Fragen k\u00f6nnen Sie uns gerne eine Nachricht schicken.<\/p>","protected":false},"excerpt":{"rendered":"<p>Holland coinfair herdenking set 2002 Een nieuwe vorstin, een nieuwe munt De muntslag ten tijde van Koningin Beatrix Oplage: 3500 sets. De set bevat de volgende munten in BU kwaliteit: -1 eurocent -2 eurocent -5 eurocent -10 eurocent -20 eurocent -50 eurocent -1 Euro -2 Euro &#8211; inclusief gelegenheidspenning Zie scans voor meer details. Voor [&hellip;]<\/p>\n","protected":false},"featured_media":128445,"comment_status":"closed","ping_status":"closed","template":"","meta":[],"product_brand":[],"product_cat":[5517,5478,5622,5721],"product_tag":[],"class_list":{"0":"post-128444","1":"product","2":"type-product","3":"status-publish","4":"has-post-thumbnail","6":"product_cat-aanbiedingen-munten-bankbiljetten","7":"product_cat-zeldzame-euromunten","8":"product_cat-fdc-en-bu-sets-eurolanden","9":"product_cat-holland-coin-fair-sets-euro","10":"pa_koning-koningin-beatrix","11":"pa_kwaliteit-bu","12":"pa_land-nederland","13":"pa_muntwaarde-set","15":"first","16":"instock","17":"sale","18":"taxable","19":"shipping-taxable","20":"purchasable","21":"product-type-simple"},"yoast_head":"<!-- This site is optimized with the Yoast SEO Premium plugin v27.5 (Yoast SEO v27.6) - https:\/\/yoast.com\/product\/yoast-seo-premium-wordpress\/ -->\n<title>Holland coinfair herdenking set 2002<\/title>\n<meta name=\"description\" content=\"Holland coinfair herdenking sets verkrijgbaar bij David-Coin. Bekijk ons ruime aanbod euromunten. Gratis verzending vanaf 75 euro binnen Nederland.\" \/>\n<meta name=\"robots\" content=\"index, follow, max-snippet:-1, max-image-preview:large, max-video-preview:-1\" \/>\n<link rel=\"canonical\" href=\"https:\/\/www.david-coin.com\/de\/produkt\/nederland-holland-coinfair-herdenking-set-2002\/\" \/>\n<meta property=\"og:locale\" content=\"de_DE\" \/>\n<meta property=\"og:type\" content=\"article\" \/>\n<meta property=\"og:title\" content=\"Nederland Holland coinfair herdenking set 2002\" \/>\n<meta property=\"og:description\" content=\"Holland coinfair herdenking sets verkrijgbaar bij David-Coin. Bekijk ons ruime aanbod euromunten. Gratis verzending vanaf 75 euro binnen Nederland.\" \/>\n<meta property=\"og:url\" content=\"https:\/\/www.david-coin.com\/de\/produkt\/nederland-holland-coinfair-herdenking-set-2002\/\" \/>\n<meta property=\"og:site_name\" content=\"David Coin\" \/>\n<meta property=\"article:publisher\" content=\"https:\/\/www.facebook.com\/Davidcoininkoopenverkoop\" \/>\n<meta property=\"article:modified_time\" content=\"2026-04-14T15:40:47+00:00\" \/>\n<meta property=\"og:image\" content=\"https:\/\/www.david-coin.com\/wp-content\/uploads\/2024\/05\/Nederland-muntwaarde-2002-2-1.jpg\" \/>\n\t<meta property=\"og:image:width\" content=\"544\" \/>\n\t<meta property=\"og:image:height\" content=\"774\" \/>\n\t<meta property=\"og:image:type\" content=\"image\/jpeg\" \/>\n<meta name=\"twitter:card\" content=\"summary_large_image\" \/>\n<meta name=\"twitter:label1\" content=\"Preis\" \/>\n\t<meta name=\"twitter:data1\" content=\"&euro;&nbsp;29,95\" \/>\n\t<meta name=\"twitter:label2\" content=\"Verf\u00fcgbarkeit\" \/>\n\t<meta name=\"twitter:data2\" content=\"Auf Lager\" \/>\n<script type=\"application\/ld+json\" class=\"yoast-schema-graph\">{\"@context\":\"https:\\\/\\\/schema.org\",\"@graph\":[{\"@type\":\"WebPage\",\"@id\":\"https:\\\/\\\/www.david-coin.com\\\/product\\\/nederland-holland-coinfair-herdenking-set-2002\\\/\",\"url\":\"https:\\\/\\\/www.david-coin.com\\\/product\\\/nederland-holland-coinfair-herdenking-set-2002\\\/\",\"name\":\"Holland coinfair herdenking set 2002\",\"isPartOf\":{\"@id\":\"https:\\\/\\\/www.david-coin.com\\\/#website\"},\"primaryImageOfPage\":{\"@id\":\"https:\\\/\\\/www.david-coin.com\\\/product\\\/nederland-holland-coinfair-herdenking-set-2002\\\/#primaryimage\"},\"image\":{\"@id\":\"https:\\\/\\\/www.david-coin.com\\\/product\\\/nederland-holland-coinfair-herdenking-set-2002\\\/#primaryimage\"},\"thumbnailUrl\":\"https:\\\/\\\/www.david-coin.com\\\/wp-content\\\/uploads\\\/2024\\\/05\\\/Nederland-muntwaarde-2002-2-1.jpg\",\"datePublished\":\"2024-05-24T08:30:33+00:00\",\"dateModified\":\"2026-04-14T15:40:47+00:00\",\"description\":\"Holland coinfair herdenking sets verkrijgbaar bij David-Coin. Bekijk ons ruime aanbod euromunten. Gratis verzending vanaf 75 euro binnen Nederland.\",\"breadcrumb\":{\"@id\":\"https:\\\/\\\/www.david-coin.com\\\/product\\\/nederland-holland-coinfair-herdenking-set-2002\\\/#breadcrumb\"},\"inLanguage\":\"de\",\"potentialAction\":[{\"@type\":\"ReadAction\",\"target\":[\"https:\\\/\\\/www.david-coin.com\\\/product\\\/nederland-holland-coinfair-herdenking-set-2002\\\/\"]}]},{\"@type\":\"ImageObject\",\"inLanguage\":\"de\",\"@id\":\"https:\\\/\\\/www.david-coin.com\\\/product\\\/nederland-holland-coinfair-herdenking-set-2002\\\/#primaryimage\",\"url\":\"https:\\\/\\\/www.david-coin.com\\\/wp-content\\\/uploads\\\/2024\\\/05\\\/Nederland-muntwaarde-2002-2-1.jpg\",\"contentUrl\":\"https:\\\/\\\/www.david-coin.com\\\/wp-content\\\/uploads\\\/2024\\\/05\\\/Nederland-muntwaarde-2002-2-1.jpg\",\"width\":544,\"height\":774},{\"@type\":\"BreadcrumbList\",\"@id\":\"https:\\\/\\\/www.david-coin.com\\\/product\\\/nederland-holland-coinfair-herdenking-set-2002\\\/#breadcrumb\",\"itemListElement\":[{\"@type\":\"ListItem\",\"position\":1,\"name\":\"Home\",\"item\":\"https:\\\/\\\/www.david-coin.com\\\/\"},{\"@type\":\"ListItem\",\"position\":2,\"name\":\"Winkel\",\"item\":\"https:\\\/\\\/www.david-coin.com\\\/winkel\\\/\"},{\"@type\":\"ListItem\",\"position\":3,\"name\":\"Nederland Holland coinfair herdenking set 2002\"}]},{\"@type\":\"WebSite\",\"@id\":\"https:\\\/\\\/www.david-coin.com\\\/#website\",\"url\":\"https:\\\/\\\/www.david-coin.com\\\/\",\"name\":\"David Coin\",\"description\":\"\",\"publisher\":{\"@id\":\"https:\\\/\\\/www.david-coin.com\\\/#organization\"},\"potentialAction\":[{\"@type\":\"SearchAction\",\"target\":{\"@type\":\"EntryPoint\",\"urlTemplate\":\"https:\\\/\\\/www.david-coin.com\\\/?s={search_term_string}\"},\"query-input\":{\"@type\":\"PropertyValueSpecification\",\"valueRequired\":true,\"valueName\":\"search_term_string\"}}],\"inLanguage\":\"de\"},{\"@type\":\"Organization\",\"@id\":\"https:\\\/\\\/www.david-coin.com\\\/#organization\",\"name\":\"David Coin\",\"url\":\"https:\\\/\\\/www.david-coin.com\\\/\",\"logo\":{\"@type\":\"ImageObject\",\"inLanguage\":\"de\",\"@id\":\"https:\\\/\\\/www.david-coin.com\\\/#\\\/schema\\\/logo\\\/image\\\/\",\"url\":\"https:\\\/\\\/www.david-coin.com\\\/wp-content\\\/uploads\\\/2024\\\/04\\\/davidcoin-logo-final.png\",\"contentUrl\":\"https:\\\/\\\/www.david-coin.com\\\/wp-content\\\/uploads\\\/2024\\\/04\\\/davidcoin-logo-final.png\",\"width\":800,\"height\":267,\"caption\":\"David Coin\"},\"image\":{\"@id\":\"https:\\\/\\\/www.david-coin.com\\\/#\\\/schema\\\/logo\\\/image\\\/\"},\"sameAs\":[\"https:\\\/\\\/www.facebook.com\\\/Davidcoininkoopenverkoop\",\"https:\\\/\\\/www.youtube.com\\\/channel\\\/UC39lihLKFSPTff0w6tv0pWQ\"]}]}<\/script>\n<meta property=\"product:price:amount\" content=\"29.95\" \/>\n<meta property=\"product:price:currency\" content=\"EUR\" \/>\n<meta property=\"og:availability\" content=\"instock\" \/>\n<meta property=\"product:availability\" content=\"instock\" \/>\n<meta property=\"product:retailer_item_id\" content=\"8761\" \/>\n<meta property=\"product:condition\" content=\"new\" \/>\n<!-- \/ Yoast SEO Premium plugin. -->","yoast_head_json":{"title":"Holland M\u00fcnzmesse Gedenkset 2002","description":"Holland coinfair herdenking sets verkrijgbaar bij David-Coin. Bekijk ons ruime aanbod euromunten. Gratis verzending vanaf 75 euro binnen Nederland.","robots":{"index":"index","follow":"follow","max-snippet":"max-snippet:-1","max-image-preview":"max-image-preview:large","max-video-preview":"max-video-preview:-1"},"canonical":"https:\/\/www.david-coin.com\/de\/produkt\/nederland-holland-coinfair-herdenking-set-2002\/","og_locale":"de_DE","og_type":"article","og_title":"Nederland Holland coinfair herdenking set 2002","og_description":"Holland coinfair herdenking sets verkrijgbaar bij David-Coin. Bekijk ons ruime aanbod euromunten. Gratis verzending vanaf 75 euro binnen Nederland.","og_url":"https:\/\/www.david-coin.com\/de\/produkt\/nederland-holland-coinfair-herdenking-set-2002\/","og_site_name":"David Coin","article_publisher":"https:\/\/www.facebook.com\/Davidcoininkoopenverkoop","article_modified_time":"2026-04-14T15:40:47+00:00","og_image":[{"width":544,"height":774,"url":"https:\/\/www.david-coin.com\/wp-content\/uploads\/2024\/05\/Nederland-muntwaarde-2002-2-1.jpg","type":"image\/jpeg"}],"twitter_card":"summary_large_image","twitter_misc":{"Preis":"&euro;&nbsp;29,95","Verf\u00fcgbarkeit":"Auf Lager"},"schema":{"@context":"https:\/\/schema.org","@graph":[{"@type":"WebPage","@id":"https:\/\/www.david-coin.com\/product\/nederland-holland-coinfair-herdenking-set-2002\/","url":"https:\/\/www.david-coin.com\/product\/nederland-holland-coinfair-herdenking-set-2002\/","name":"Holland M\u00fcnzmesse Gedenkset 2002","isPartOf":{"@id":"https:\/\/www.david-coin.com\/#website"},"primaryImageOfPage":{"@id":"https:\/\/www.david-coin.com\/product\/nederland-holland-coinfair-herdenking-set-2002\/#primaryimage"},"image":{"@id":"https:\/\/www.david-coin.com\/product\/nederland-holland-coinfair-herdenking-set-2002\/#primaryimage"},"thumbnailUrl":"https:\/\/www.david-coin.com\/wp-content\/uploads\/2024\/05\/Nederland-muntwaarde-2002-2-1.jpg","datePublished":"2024-05-24T08:30:33+00:00","dateModified":"2026-04-14T15:40:47+00:00","description":"Holland coinfair herdenking sets verkrijgbaar bij David-Coin. Bekijk ons ruime aanbod euromunten. Gratis verzending vanaf 75 euro binnen Nederland.","breadcrumb":{"@id":"https:\/\/www.david-coin.com\/product\/nederland-holland-coinfair-herdenking-set-2002\/#breadcrumb"},"inLanguage":"de","potentialAction":[{"@type":"ReadAction","target":["https:\/\/www.david-coin.com\/product\/nederland-holland-coinfair-herdenking-set-2002\/"]}]},{"@type":"ImageObject","inLanguage":"de","@id":"https:\/\/www.david-coin.com\/product\/nederland-holland-coinfair-herdenking-set-2002\/#primaryimage","url":"https:\/\/www.david-coin.com\/wp-content\/uploads\/2024\/05\/Nederland-muntwaarde-2002-2-1.jpg","contentUrl":"https:\/\/www.david-coin.com\/wp-content\/uploads\/2024\/05\/Nederland-muntwaarde-2002-2-1.jpg","width":544,"height":774},{"@type":"BreadcrumbList","@id":"https:\/\/www.david-coin.com\/product\/nederland-holland-coinfair-herdenking-set-2002\/#breadcrumb","itemListElement":[{"@type":"ListItem","position":1,"name":"Home","item":"https:\/\/www.david-coin.com\/"},{"@type":"ListItem","position":2,"name":"Winkel","item":"https:\/\/www.david-coin.com\/winkel\/"},{"@type":"ListItem","position":3,"name":"Nederland Holland coinfair herdenking set 2002"}]},{"@type":"WebSite","@id":"https:\/\/www.david-coin.com\/#website","url":"https:\/\/www.david-coin.com\/","name":"David Coin","description":"","publisher":{"@id":"https:\/\/www.david-coin.com\/#organization"},"potentialAction":[{"@type":"SearchAction","target":{"@type":"EntryPoint","urlTemplate":"https:\/\/www.david-coin.com\/?s={search_term_string}"},"query-input":{"@type":"PropertyValueSpecification","valueRequired":true,"valueName":"search_term_string"}}],"inLanguage":"de"},{"@type":"Organization","@id":"https:\/\/www.david-coin.com\/#organization","name":"David Coin","url":"https:\/\/www.david-coin.com\/","logo":{"@type":"ImageObject","inLanguage":"de","@id":"https:\/\/www.david-coin.com\/#\/schema\/logo\/image\/","url":"https:\/\/www.david-coin.com\/wp-content\/uploads\/2024\/04\/davidcoin-logo-final.png","contentUrl":"https:\/\/www.david-coin.com\/wp-content\/uploads\/2024\/04\/davidcoin-logo-final.png","width":800,"height":267,"caption":"David Coin"},"image":{"@id":"https:\/\/www.david-coin.com\/#\/schema\/logo\/image\/"},"sameAs":["https:\/\/www.facebook.com\/Davidcoininkoopenverkoop","https:\/\/www.youtube.com\/channel\/UC39lihLKFSPTff0w6tv0pWQ"]}]},"product_price_amount":"29.95","product_price_currency":"EUR","og_availability":"instock","product_availability":"instock","product_retailer_item_id":"8761","product_condition":"new"},"_links":{"self":[{"href":"https:\/\/www.david-coin.com\/de\/wp-json\/wp\/v2\/product\/128444","targetHints":{"allow":["GET"]}}],"collection":[{"href":"https:\/\/www.david-coin.com\/de\/wp-json\/wp\/v2\/product"}],"about":[{"href":"https:\/\/www.david-coin.com\/de\/wp-json\/wp\/v2\/types\/product"}],"replies":[{"embeddable":true,"href":"https:\/\/www.david-coin.com\/de\/wp-json\/wp\/v2\/comments?post=128444"}],"wp:featuredmedia":[{"embeddable":true,"href":"https:\/\/www.david-coin.com\/de\/wp-json\/wp\/v2\/media\/128445"}],"wp:attachment":[{"href":"https:\/\/www.david-coin.com\/de\/wp-json\/wp\/v2\/media?parent=128444"}],"wp:term":[{"taxonomy":"product_brand","embeddable":true,"href":"https:\/\/www.david-coin.com\/de\/wp-json\/wp\/v2\/product_brand?post=128444"},{"taxonomy":"product_cat","embeddable":true,"href":"https:\/\/www.david-coin.com\/de\/wp-json\/wp\/v2\/product_cat?post=128444"},{"taxonomy":"product_tag","embeddable":true,"href":"https:\/\/www.david-coin.com\/de\/wp-json\/wp\/v2\/product_tag?post=128444"}],"curies":[{"name":"wp","href":"https:\/\/api.w.org\/{rel}","templated":true}]}}