{"id":128086,"date":"2024-05-13T14:30:48","date_gmt":"2024-05-13T12:30:48","guid":{"rendered":"https:\/\/www.david-coin.com\/?post_type=product&#038;p=128086"},"modified":"2026-01-27T17:32:38","modified_gmt":"2026-01-27T16:32:38","slug":"nederland-25-gulden-1918-1927-proefdruk-ongesneden-vel","status":"publish","type":"product","link":"https:\/\/www.david-coin.com\/de\/produkt\/nederland-25-gulden-1918-1927-proefdruk-ongesneden-vel\/","title":{"rendered":"Niederlande 2,5 Gulden 1918-1927 Probedruck unbeschnittener Bogen"},"content":{"rendered":"<p>Niederlande 2,5 Gulden 1918-1927 Probedruck unbeschnittener Bogen<br \/>\nBevat 4 exemplaren<br \/>\nNVMH:12<br \/>\nPlomp:PL13<br \/>\nPick:12-20<\/p>\n<p>Da der Mangel an Zweieinhalb-Gulden-M\u00fcnzen doch nicht so schnell wie erwartet behoben werden konnte, musste das Finanzministerium Anfang der 1920er Jahre noch Silberscheine ausgeben. Diese wurden anders gestaltet als die vorherigen Serien, um F\u00e4lschungen zu verhindern und das Vertrauen der \u00d6ffentlichkeit in die Gutscheine zu st\u00e4rken. Daher wurden die Silberscheine ab Anfang der 1920er Jahre beidseitig bedruckt. Der Zweieinhalb-Gulden-Silberschein, der von 1922 bis 1927 ausgegeben wurde, weist zwei Unterschriftenkombinationen auf:<br \/>\n- 1922: Luijsterburg (Beamter\/Agent des Finanzministeriums) und Dr. Hendrik Colijn (Finanzminister);<br \/>\n- 1923-1927: Luijsterburg (Beamter\/Agent des Finanzministeriums) und Dr. Hendrik Colijn (Finanzminister).<br \/>\nDie silbernen Gutscheine der 1920er Jahre nutzten sich schnell ab und wurden schlie\u00dflich durch die <a href=\"https:\/\/www.david-coin.com\/de\/produkt\/nederland-25-gulden-1929-wilhelmina\/\">Silberm\u00fcnzen zu zweieinhalb Gulden<\/a>. <\/p>\n<p>Siehe Scans f\u00fcr weitere Einzelheiten.<br \/>\nBei Fragen k\u00f6nnen Sie uns gerne eine Nachricht schicken.<\/p>","protected":false},"excerpt":{"rendered":"<p>NVMH:12-3<\/p>","protected":false},"featured_media":128084,"comment_status":"closed","ping_status":"closed","template":"","meta":[],"product_brand":[],"product_cat":[5489,5517,5472],"product_tag":[],"class_list":{"0":"post-128086","1":"product","2":"type-product","3":"status-publish","4":"has-post-thumbnail","6":"product_cat-2-5-gulden-biljet","7":"product_cat-aanbiedingen-munten-bankbiljetten","8":"product_cat-nederlandse-bankbiljetten","9":"pa_bankbiljetwaarde-2_5gulden","10":"pa_delcampeid-5348","11":"pa_kwaliteit-prachtig-plus","12":"pa_land-nederland","14":"first","15":"outofstock","16":"sale","17":"taxable","18":"shipping-taxable","19":"purchasable","20":"product-type-simple"},"yoast_head":"<!-- This site is optimized with the Yoast SEO Premium plugin v27.2 (Yoast SEO v27.4) - https:\/\/yoast.com\/product\/yoast-seo-premium-wordpress\/ -->\n<title>Nederland 2,5 Gulden 1918-1927 proefdruk ongesneden vel<\/title>\n<meta name=\"description\" content=\"Nederlandse bankbiljetten bij David-coin. Bekijk ons complete aanbod papiergeld. Gratis verzending binnen Nederland vanaf 75 euro.\" \/>\n<meta name=\"robots\" content=\"index, follow, max-snippet:-1, max-image-preview:large, max-video-preview:-1\" \/>\n<link rel=\"canonical\" href=\"https:\/\/www.david-coin.com\/de\/produkt\/nederland-25-gulden-1918-1927-proefdruk-ongesneden-vel\/\" \/>\n<meta property=\"og:locale\" content=\"de_DE\" \/>\n<meta property=\"og:type\" content=\"article\" \/>\n<meta property=\"og:title\" content=\"Nederland 2,5 Gulden 1918-1927 proefdruk ongesneden vel\" \/>\n<meta property=\"og:description\" content=\"Nederlandse bankbiljetten bij David-coin. Bekijk ons complete aanbod papiergeld. Gratis verzending binnen Nederland vanaf 75 euro.\" \/>\n<meta property=\"og:url\" content=\"https:\/\/www.david-coin.com\/de\/produkt\/nederland-25-gulden-1918-1927-proefdruk-ongesneden-vel\/\" \/>\n<meta property=\"og:site_name\" content=\"David Coin\" \/>\n<meta property=\"article:publisher\" content=\"https:\/\/www.facebook.com\/Davidcoininkoopenverkoop\" \/>\n<meta property=\"article:modified_time\" content=\"2026-01-27T16:32:38+00:00\" \/>\n<meta property=\"og:image\" content=\"https:\/\/www.david-coin.com\/wp-content\/uploads\/2024\/05\/Papermoney-Netherlands-PMG-Guilder-10.jpeg\" \/>\n\t<meta property=\"og:image:width\" content=\"1600\" \/>\n\t<meta property=\"og:image:height\" content=\"953\" \/>\n\t<meta property=\"og:image:type\" content=\"image\/jpeg\" \/>\n<meta name=\"twitter:card\" content=\"summary_large_image\" \/>\n<meta name=\"twitter:label1\" content=\"Preis\" \/>\n\t<meta name=\"twitter:data1\" content=\"&euro;&nbsp;450,00\" \/>\n\t<meta name=\"twitter:label2\" content=\"Verf\u00fcgbarkeit\" \/>\n\t<meta name=\"twitter:data2\" content=\"ausverkauft\" \/>\n<script type=\"application\/ld+json\" class=\"yoast-schema-graph\">{\"@context\":\"https:\\\/\\\/schema.org\",\"@graph\":[{\"@type\":\"WebPage\",\"@id\":\"https:\\\/\\\/www.david-coin.com\\\/product\\\/nederland-25-gulden-1918-1927-proefdruk-ongesneden-vel\\\/\",\"url\":\"https:\\\/\\\/www.david-coin.com\\\/product\\\/nederland-25-gulden-1918-1927-proefdruk-ongesneden-vel\\\/\",\"name\":\"Nederland 2,5 Gulden 1918-1927 proefdruk ongesneden vel\",\"isPartOf\":{\"@id\":\"https:\\\/\\\/www.david-coin.com\\\/#website\"},\"primaryImageOfPage\":{\"@id\":\"https:\\\/\\\/www.david-coin.com\\\/product\\\/nederland-25-gulden-1918-1927-proefdruk-ongesneden-vel\\\/#primaryimage\"},\"image\":{\"@id\":\"https:\\\/\\\/www.david-coin.com\\\/product\\\/nederland-25-gulden-1918-1927-proefdruk-ongesneden-vel\\\/#primaryimage\"},\"thumbnailUrl\":\"https:\\\/\\\/www.david-coin.com\\\/wp-content\\\/uploads\\\/2024\\\/05\\\/Papermoney-Netherlands-PMG-Guilder-10.jpeg\",\"datePublished\":\"2024-05-13T12:30:48+00:00\",\"dateModified\":\"2026-01-27T16:32:38+00:00\",\"description\":\"Nederlandse bankbiljetten bij David-coin. Bekijk ons complete aanbod papiergeld. Gratis verzending binnen Nederland vanaf 75 euro.\",\"breadcrumb\":{\"@id\":\"https:\\\/\\\/www.david-coin.com\\\/product\\\/nederland-25-gulden-1918-1927-proefdruk-ongesneden-vel\\\/#breadcrumb\"},\"inLanguage\":\"de\",\"potentialAction\":[{\"@type\":\"ReadAction\",\"target\":[\"https:\\\/\\\/www.david-coin.com\\\/product\\\/nederland-25-gulden-1918-1927-proefdruk-ongesneden-vel\\\/\"]}]},{\"@type\":\"ImageObject\",\"inLanguage\":\"de\",\"@id\":\"https:\\\/\\\/www.david-coin.com\\\/product\\\/nederland-25-gulden-1918-1927-proefdruk-ongesneden-vel\\\/#primaryimage\",\"url\":\"https:\\\/\\\/www.david-coin.com\\\/wp-content\\\/uploads\\\/2024\\\/05\\\/Papermoney-Netherlands-PMG-Guilder-10.jpeg\",\"contentUrl\":\"https:\\\/\\\/www.david-coin.com\\\/wp-content\\\/uploads\\\/2024\\\/05\\\/Papermoney-Netherlands-PMG-Guilder-10.jpeg\",\"width\":1600,\"height\":953},{\"@type\":\"BreadcrumbList\",\"@id\":\"https:\\\/\\\/www.david-coin.com\\\/product\\\/nederland-25-gulden-1918-1927-proefdruk-ongesneden-vel\\\/#breadcrumb\",\"itemListElement\":[{\"@type\":\"ListItem\",\"position\":1,\"name\":\"Home\",\"item\":\"https:\\\/\\\/www.david-coin.com\\\/\"},{\"@type\":\"ListItem\",\"position\":2,\"name\":\"Winkel\",\"item\":\"https:\\\/\\\/www.david-coin.com\\\/winkel\\\/\"},{\"@type\":\"ListItem\",\"position\":3,\"name\":\"Nederland 2,5 Gulden 1918-1927 proefdruk ongesneden vel\"}]},{\"@type\":\"WebSite\",\"@id\":\"https:\\\/\\\/www.david-coin.com\\\/#website\",\"url\":\"https:\\\/\\\/www.david-coin.com\\\/\",\"name\":\"David Coin\",\"description\":\"\",\"publisher\":{\"@id\":\"https:\\\/\\\/www.david-coin.com\\\/#organization\"},\"potentialAction\":[{\"@type\":\"SearchAction\",\"target\":{\"@type\":\"EntryPoint\",\"urlTemplate\":\"https:\\\/\\\/www.david-coin.com\\\/?s={search_term_string}\"},\"query-input\":{\"@type\":\"PropertyValueSpecification\",\"valueRequired\":true,\"valueName\":\"search_term_string\"}}],\"inLanguage\":\"de\"},{\"@type\":\"Organization\",\"@id\":\"https:\\\/\\\/www.david-coin.com\\\/#organization\",\"name\":\"David Coin\",\"url\":\"https:\\\/\\\/www.david-coin.com\\\/\",\"logo\":{\"@type\":\"ImageObject\",\"inLanguage\":\"de\",\"@id\":\"https:\\\/\\\/www.david-coin.com\\\/#\\\/schema\\\/logo\\\/image\\\/\",\"url\":\"https:\\\/\\\/www.david-coin.com\\\/wp-content\\\/uploads\\\/2024\\\/04\\\/davidcoin-logo-final.png\",\"contentUrl\":\"https:\\\/\\\/www.david-coin.com\\\/wp-content\\\/uploads\\\/2024\\\/04\\\/davidcoin-logo-final.png\",\"width\":800,\"height\":267,\"caption\":\"David Coin\"},\"image\":{\"@id\":\"https:\\\/\\\/www.david-coin.com\\\/#\\\/schema\\\/logo\\\/image\\\/\"},\"sameAs\":[\"https:\\\/\\\/www.facebook.com\\\/Davidcoininkoopenverkoop\",\"https:\\\/\\\/www.youtube.com\\\/channel\\\/UC39lihLKFSPTff0w6tv0pWQ\"]}]}<\/script>\n<meta property=\"product:price:amount\" content=\"450.00\" \/>\n<meta property=\"product:price:currency\" content=\"EUR\" \/>\n<meta property=\"og:availability\" content=\"out of stock\" \/>\n<meta property=\"product:availability\" content=\"out of stock\" \/>\n<meta property=\"product:retailer_item_id\" content=\"2731\" \/>\n<meta property=\"product:condition\" content=\"new\" \/>\n<!-- \/ Yoast SEO Premium plugin. -->","yoast_head_json":{"title":"Niederlande 2,5 Gulden 1918-1927 Probedruck unbeschnittener Bogen","description":"Nederlandse bankbiljetten bij David-coin. Bekijk ons complete aanbod papiergeld. Gratis verzending binnen Nederland vanaf 75 euro.","robots":{"index":"index","follow":"follow","max-snippet":"max-snippet:-1","max-image-preview":"max-image-preview:large","max-video-preview":"max-video-preview:-1"},"canonical":"https:\/\/www.david-coin.com\/de\/produkt\/nederland-25-gulden-1918-1927-proefdruk-ongesneden-vel\/","og_locale":"de_DE","og_type":"article","og_title":"Nederland 2,5 Gulden 1918-1927 proefdruk ongesneden vel","og_description":"Nederlandse bankbiljetten bij David-coin. Bekijk ons complete aanbod papiergeld. Gratis verzending binnen Nederland vanaf 75 euro.","og_url":"https:\/\/www.david-coin.com\/de\/produkt\/nederland-25-gulden-1918-1927-proefdruk-ongesneden-vel\/","og_site_name":"David Coin","article_publisher":"https:\/\/www.facebook.com\/Davidcoininkoopenverkoop","article_modified_time":"2026-01-27T16:32:38+00:00","og_image":[{"width":1600,"height":953,"url":"https:\/\/www.david-coin.com\/wp-content\/uploads\/2024\/05\/Papermoney-Netherlands-PMG-Guilder-10.jpeg","type":"image\/jpeg"}],"twitter_card":"summary_large_image","twitter_misc":{"Preis":"&euro;&nbsp;450,00","Verf\u00fcgbarkeit":"ausverkauft"},"schema":{"@context":"https:\/\/schema.org","@graph":[{"@type":"WebPage","@id":"https:\/\/www.david-coin.com\/product\/nederland-25-gulden-1918-1927-proefdruk-ongesneden-vel\/","url":"https:\/\/www.david-coin.com\/product\/nederland-25-gulden-1918-1927-proefdruk-ongesneden-vel\/","name":"Niederlande 2,5 Gulden 1918-1927 Probedruck unbeschnittener Bogen","isPartOf":{"@id":"https:\/\/www.david-coin.com\/#website"},"primaryImageOfPage":{"@id":"https:\/\/www.david-coin.com\/product\/nederland-25-gulden-1918-1927-proefdruk-ongesneden-vel\/#primaryimage"},"image":{"@id":"https:\/\/www.david-coin.com\/product\/nederland-25-gulden-1918-1927-proefdruk-ongesneden-vel\/#primaryimage"},"thumbnailUrl":"https:\/\/www.david-coin.com\/wp-content\/uploads\/2024\/05\/Papermoney-Netherlands-PMG-Guilder-10.jpeg","datePublished":"2024-05-13T12:30:48+00:00","dateModified":"2026-01-27T16:32:38+00:00","description":"Nederlandse bankbiljetten bij David-coin. Bekijk ons complete aanbod papiergeld. Gratis verzending binnen Nederland vanaf 75 euro.","breadcrumb":{"@id":"https:\/\/www.david-coin.com\/product\/nederland-25-gulden-1918-1927-proefdruk-ongesneden-vel\/#breadcrumb"},"inLanguage":"de","potentialAction":[{"@type":"ReadAction","target":["https:\/\/www.david-coin.com\/product\/nederland-25-gulden-1918-1927-proefdruk-ongesneden-vel\/"]}]},{"@type":"ImageObject","inLanguage":"de","@id":"https:\/\/www.david-coin.com\/product\/nederland-25-gulden-1918-1927-proefdruk-ongesneden-vel\/#primaryimage","url":"https:\/\/www.david-coin.com\/wp-content\/uploads\/2024\/05\/Papermoney-Netherlands-PMG-Guilder-10.jpeg","contentUrl":"https:\/\/www.david-coin.com\/wp-content\/uploads\/2024\/05\/Papermoney-Netherlands-PMG-Guilder-10.jpeg","width":1600,"height":953},{"@type":"BreadcrumbList","@id":"https:\/\/www.david-coin.com\/product\/nederland-25-gulden-1918-1927-proefdruk-ongesneden-vel\/#breadcrumb","itemListElement":[{"@type":"ListItem","position":1,"name":"Home","item":"https:\/\/www.david-coin.com\/"},{"@type":"ListItem","position":2,"name":"Winkel","item":"https:\/\/www.david-coin.com\/winkel\/"},{"@type":"ListItem","position":3,"name":"Nederland 2,5 Gulden 1918-1927 proefdruk ongesneden vel"}]},{"@type":"WebSite","@id":"https:\/\/www.david-coin.com\/#website","url":"https:\/\/www.david-coin.com\/","name":"David Coin","description":"","publisher":{"@id":"https:\/\/www.david-coin.com\/#organization"},"potentialAction":[{"@type":"SearchAction","target":{"@type":"EntryPoint","urlTemplate":"https:\/\/www.david-coin.com\/?s={search_term_string}"},"query-input":{"@type":"PropertyValueSpecification","valueRequired":true,"valueName":"search_term_string"}}],"inLanguage":"de"},{"@type":"Organization","@id":"https:\/\/www.david-coin.com\/#organization","name":"David Coin","url":"https:\/\/www.david-coin.com\/","logo":{"@type":"ImageObject","inLanguage":"de","@id":"https:\/\/www.david-coin.com\/#\/schema\/logo\/image\/","url":"https:\/\/www.david-coin.com\/wp-content\/uploads\/2024\/04\/davidcoin-logo-final.png","contentUrl":"https:\/\/www.david-coin.com\/wp-content\/uploads\/2024\/04\/davidcoin-logo-final.png","width":800,"height":267,"caption":"David Coin"},"image":{"@id":"https:\/\/www.david-coin.com\/#\/schema\/logo\/image\/"},"sameAs":["https:\/\/www.facebook.com\/Davidcoininkoopenverkoop","https:\/\/www.youtube.com\/channel\/UC39lihLKFSPTff0w6tv0pWQ"]}]},"product_price_amount":"450.00","product_price_currency":"EUR","og_availability":"out of stock","product_availability":"out of stock","product_retailer_item_id":"2731","product_condition":"new"},"_links":{"self":[{"href":"https:\/\/www.david-coin.com\/de\/wp-json\/wp\/v2\/product\/128086","targetHints":{"allow":["GET"]}}],"collection":[{"href":"https:\/\/www.david-coin.com\/de\/wp-json\/wp\/v2\/product"}],"about":[{"href":"https:\/\/www.david-coin.com\/de\/wp-json\/wp\/v2\/types\/product"}],"replies":[{"embeddable":true,"href":"https:\/\/www.david-coin.com\/de\/wp-json\/wp\/v2\/comments?post=128086"}],"wp:featuredmedia":[{"embeddable":true,"href":"https:\/\/www.david-coin.com\/de\/wp-json\/wp\/v2\/media\/128084"}],"wp:attachment":[{"href":"https:\/\/www.david-coin.com\/de\/wp-json\/wp\/v2\/media?parent=128086"}],"wp:term":[{"taxonomy":"product_brand","embeddable":true,"href":"https:\/\/www.david-coin.com\/de\/wp-json\/wp\/v2\/product_brand?post=128086"},{"taxonomy":"product_cat","embeddable":true,"href":"https:\/\/www.david-coin.com\/de\/wp-json\/wp\/v2\/product_cat?post=128086"},{"taxonomy":"product_tag","embeddable":true,"href":"https:\/\/www.david-coin.com\/de\/wp-json\/wp\/v2\/product_tag?post=128086"}],"curies":[{"name":"wp","href":"https:\/\/api.w.org\/{rel}","templated":true}]}}