{"id":128085,"date":"2024-05-13T14:00:15","date_gmt":"2024-05-13T12:00:15","guid":{"rendered":"https:\/\/www.david-coin.com\/?post_type=product&#038;p=128085"},"modified":"2026-01-27T17:43:32","modified_gmt":"2026-01-27T16:43:32","slug":"nederland-25-gulden-1915-zilverbon-proefdruk-pmg62","status":"publish","type":"product","link":"https:\/\/www.david-coin.com\/de\/produkt\/nederland-25-gulden-1915-zilverbon-proefdruk-pmg62\/","title":{"rendered":"Niederlande 2,5 Gulden 1915 Silber Kupon Proof PMG62"},"content":{"rendered":"<p><span style=\"font-size: 12pt;\">Niederlande 2,5 Gulden 1915 Silber Kupon Proof PMG62<br \/>\nUngef\u00e4hr UNC.<br \/>\n<\/span><\/p>\n<p><span style=\"font-size: 12pt;\">NVMH: 10<br \/>\n<\/span><span style=\"font-size: 12pt;\">Plomp: PL11.p1.d3.c<br \/>\nAuswahl:7pp<\/span><\/p>\n<p>Nach dem Ausbruch des Ersten Weltkriegs brachten viele Niederl\u00e4nder ihre Banknoten und Geldscheine zur Nederlandsche Bank, um sie gegen Gold- und Silberm\u00fcnzen einzutauschen. Dadurch entstand ein M\u00fcnzmangel, und die Nederlandsche Bank musste gemeinsam mit der Regierung nach einer L\u00f6sung suchen. Schlie\u00dflich wurde beschlossen, Silberscheine auszugeben, um den Mangel an Wechselgeld auszugleichen. Diese konnten nach ihrer Bekanntgabe in Silberm\u00fcnzen umgetauscht werden. Da die <a href=\"https:\/\/www.david-coin.com\/de\/produkt\/nederland-1-gulden-zilverbon-1914\/\">1914 Typ Silberkupon<\/a> nicht widerstandsf\u00e4hig und leicht zu f\u00e4lschen war, beschloss man 1915, neue Silberscheine in Umlauf zu bringen. Diese wurden von 1915 bis 1917 in Umlauf gebracht. Daher gibt es die verschiedenen Unterschriftenkombinationen wie z.B.:<br \/>\n- 1915: Beamter des Finanzministeriums (A. L. Kulemkamp-Lemmers) und Finanzminister (Marie Willem Frederik Treub);<br \/>\n- 1916: Beamter des Finanzministeriums (A. L. Kulemkamp-Lemmers) und Finanzminister (Anton van Gijn);<br \/>\n- 1917: Beamter des Finanzministeriums (A. L. Kulemkamp-Lemmers) und Finanzminister (Marie Willem Frederik Treub).<br \/>\nNeben der Zweieinhalb-Gulden-Silbernote, die von 1915 bis zum Ende des Ersten Weltkriegs ausgegeben wurde, gab es auch die:<br \/>\n&#8211;\t<a href=\"https:\/\/www.david-coin.com\/de\/produkt\/nederland-1-gulden-1918-zilverbon\/\">Ein Gulden-Silber-Gutschein Typ 1916.<\/a><br \/>\nNach dem Ersten Weltkrieg verschwanden die Silberscheine allm\u00e4hlich wieder aus dem Verkehr, da die M\u00fcnzknappheit wieder aufgef\u00fcllt wurde. <\/p>\n<p><span style=\"font-size: 12pt;\">Siehe Scans f\u00fcr weitere Einzelheiten.<br \/>\nBei Fragen k\u00f6nnen Sie uns gerne eine Nachricht schicken.<\/span><\/p>","protected":false},"excerpt":{"rendered":"<p>NVMH: 10-1<\/p>","protected":false},"featured_media":128079,"comment_status":"closed","ping_status":"closed","template":"","meta":[],"product_brand":[],"product_cat":[5489,5472],"product_tag":[],"class_list":{"0":"post-128085","1":"product","2":"type-product","3":"status-publish","4":"has-post-thumbnail","6":"product_cat-2-5-gulden-biljet","7":"product_cat-nederlandse-bankbiljetten","8":"pa_bankbiljetwaarde-2_5gulden","9":"pa_kwaliteit-unc-min","10":"pa_land-nederland","11":"pa_soort-pmgnotes","13":"first","14":"instock","15":"taxable","16":"shipping-taxable","17":"purchasable","18":"product-type-simple"},"yoast_head":"<!-- This site is optimized with the Yoast SEO Premium plugin v27.2 (Yoast SEO v27.4) - https:\/\/yoast.com\/product\/yoast-seo-premium-wordpress\/ -->\n<title>Nederland 2,5 gulden 1915 zilverbon proefdruk PMG62<\/title>\n<meta name=\"description\" content=\"Nederlandse bankbiljetten verkrijgbaar bij David-coin. Bekijk nu ons ruime aanbod. Gratis verzending binnen Nederland vanaf 75 euro.\" \/>\n<meta name=\"robots\" content=\"index, follow, max-snippet:-1, max-image-preview:large, max-video-preview:-1\" \/>\n<link rel=\"canonical\" href=\"https:\/\/www.david-coin.com\/de\/produkt\/nederland-25-gulden-1915-zilverbon-proefdruk-pmg62\/\" \/>\n<meta property=\"og:locale\" content=\"de_DE\" \/>\n<meta property=\"og:type\" content=\"article\" \/>\n<meta property=\"og:title\" content=\"Nederland 2,5 gulden 1915 zilverbon proefdruk PMG62\" \/>\n<meta property=\"og:description\" content=\"Nederlandse bankbiljetten verkrijgbaar bij David-coin. Bekijk nu ons ruime aanbod. Gratis verzending binnen Nederland vanaf 75 euro.\" \/>\n<meta property=\"og:url\" content=\"https:\/\/www.david-coin.com\/de\/produkt\/nederland-25-gulden-1915-zilverbon-proefdruk-pmg62\/\" \/>\n<meta property=\"og:site_name\" content=\"David Coin\" \/>\n<meta property=\"article:publisher\" content=\"https:\/\/www.facebook.com\/Davidcoininkoopenverkoop\" \/>\n<meta property=\"article:modified_time\" content=\"2026-01-27T16:43:32+00:00\" \/>\n<meta property=\"og:image\" content=\"https:\/\/www.david-coin.com\/wp-content\/uploads\/2024\/05\/Papermoney-Netherlands-PMG-Guilder-5.jpeg\" \/>\n\t<meta property=\"og:image:width\" content=\"1600\" \/>\n\t<meta property=\"og:image:height\" content=\"989\" \/>\n\t<meta property=\"og:image:type\" content=\"image\/jpeg\" \/>\n<meta name=\"twitter:card\" content=\"summary_large_image\" \/>\n<meta name=\"twitter:label1\" content=\"Preis\" \/>\n\t<meta name=\"twitter:data1\" content=\"&euro;&nbsp;249,95\" \/>\n\t<meta name=\"twitter:label2\" content=\"Verf\u00fcgbarkeit\" \/>\n\t<meta name=\"twitter:data2\" content=\"Auf Lager\" \/>\n<script type=\"application\/ld+json\" class=\"yoast-schema-graph\">{\"@context\":\"https:\\\/\\\/schema.org\",\"@graph\":[{\"@type\":\"WebPage\",\"@id\":\"https:\\\/\\\/www.david-coin.com\\\/product\\\/nederland-25-gulden-1915-zilverbon-proefdruk-pmg62\\\/\",\"url\":\"https:\\\/\\\/www.david-coin.com\\\/product\\\/nederland-25-gulden-1915-zilverbon-proefdruk-pmg62\\\/\",\"name\":\"Nederland 2,5 gulden 1915 zilverbon proefdruk PMG62\",\"isPartOf\":{\"@id\":\"https:\\\/\\\/www.david-coin.com\\\/#website\"},\"primaryImageOfPage\":{\"@id\":\"https:\\\/\\\/www.david-coin.com\\\/product\\\/nederland-25-gulden-1915-zilverbon-proefdruk-pmg62\\\/#primaryimage\"},\"image\":{\"@id\":\"https:\\\/\\\/www.david-coin.com\\\/product\\\/nederland-25-gulden-1915-zilverbon-proefdruk-pmg62\\\/#primaryimage\"},\"thumbnailUrl\":\"https:\\\/\\\/www.david-coin.com\\\/wp-content\\\/uploads\\\/2024\\\/05\\\/Papermoney-Netherlands-PMG-Guilder-5.jpeg\",\"datePublished\":\"2024-05-13T12:00:15+00:00\",\"dateModified\":\"2026-01-27T16:43:32+00:00\",\"description\":\"Nederlandse bankbiljetten verkrijgbaar bij David-coin. Bekijk nu ons ruime aanbod. Gratis verzending binnen Nederland vanaf 75 euro.\",\"breadcrumb\":{\"@id\":\"https:\\\/\\\/www.david-coin.com\\\/product\\\/nederland-25-gulden-1915-zilverbon-proefdruk-pmg62\\\/#breadcrumb\"},\"inLanguage\":\"de\",\"potentialAction\":[{\"@type\":\"ReadAction\",\"target\":[\"https:\\\/\\\/www.david-coin.com\\\/product\\\/nederland-25-gulden-1915-zilverbon-proefdruk-pmg62\\\/\"]}]},{\"@type\":\"ImageObject\",\"inLanguage\":\"de\",\"@id\":\"https:\\\/\\\/www.david-coin.com\\\/product\\\/nederland-25-gulden-1915-zilverbon-proefdruk-pmg62\\\/#primaryimage\",\"url\":\"https:\\\/\\\/www.david-coin.com\\\/wp-content\\\/uploads\\\/2024\\\/05\\\/Papermoney-Netherlands-PMG-Guilder-5.jpeg\",\"contentUrl\":\"https:\\\/\\\/www.david-coin.com\\\/wp-content\\\/uploads\\\/2024\\\/05\\\/Papermoney-Netherlands-PMG-Guilder-5.jpeg\",\"width\":1600,\"height\":989},{\"@type\":\"BreadcrumbList\",\"@id\":\"https:\\\/\\\/www.david-coin.com\\\/product\\\/nederland-25-gulden-1915-zilverbon-proefdruk-pmg62\\\/#breadcrumb\",\"itemListElement\":[{\"@type\":\"ListItem\",\"position\":1,\"name\":\"Home\",\"item\":\"https:\\\/\\\/www.david-coin.com\\\/\"},{\"@type\":\"ListItem\",\"position\":2,\"name\":\"Winkel\",\"item\":\"https:\\\/\\\/www.david-coin.com\\\/winkel\\\/\"},{\"@type\":\"ListItem\",\"position\":3,\"name\":\"Nederland 2,5 gulden 1915 zilverbon proefdruk PMG62\"}]},{\"@type\":\"WebSite\",\"@id\":\"https:\\\/\\\/www.david-coin.com\\\/#website\",\"url\":\"https:\\\/\\\/www.david-coin.com\\\/\",\"name\":\"David Coin\",\"description\":\"\",\"publisher\":{\"@id\":\"https:\\\/\\\/www.david-coin.com\\\/#organization\"},\"potentialAction\":[{\"@type\":\"SearchAction\",\"target\":{\"@type\":\"EntryPoint\",\"urlTemplate\":\"https:\\\/\\\/www.david-coin.com\\\/?s={search_term_string}\"},\"query-input\":{\"@type\":\"PropertyValueSpecification\",\"valueRequired\":true,\"valueName\":\"search_term_string\"}}],\"inLanguage\":\"de\"},{\"@type\":\"Organization\",\"@id\":\"https:\\\/\\\/www.david-coin.com\\\/#organization\",\"name\":\"David Coin\",\"url\":\"https:\\\/\\\/www.david-coin.com\\\/\",\"logo\":{\"@type\":\"ImageObject\",\"inLanguage\":\"de\",\"@id\":\"https:\\\/\\\/www.david-coin.com\\\/#\\\/schema\\\/logo\\\/image\\\/\",\"url\":\"https:\\\/\\\/www.david-coin.com\\\/wp-content\\\/uploads\\\/2024\\\/04\\\/davidcoin-logo-final.png\",\"contentUrl\":\"https:\\\/\\\/www.david-coin.com\\\/wp-content\\\/uploads\\\/2024\\\/04\\\/davidcoin-logo-final.png\",\"width\":800,\"height\":267,\"caption\":\"David Coin\"},\"image\":{\"@id\":\"https:\\\/\\\/www.david-coin.com\\\/#\\\/schema\\\/logo\\\/image\\\/\"},\"sameAs\":[\"https:\\\/\\\/www.facebook.com\\\/Davidcoininkoopenverkoop\",\"https:\\\/\\\/www.youtube.com\\\/channel\\\/UC39lihLKFSPTff0w6tv0pWQ\"]}]}<\/script>\n<meta property=\"product:price:amount\" content=\"249.95\" \/>\n<meta property=\"product:price:currency\" content=\"EUR\" \/>\n<meta property=\"og:availability\" content=\"instock\" \/>\n<meta property=\"product:availability\" content=\"instock\" \/>\n<meta property=\"product:retailer_item_id\" content=\"2730\" \/>\n<meta property=\"product:condition\" content=\"new\" \/>\n<!-- \/ Yoast SEO Premium plugin. -->","yoast_head_json":{"title":"Niederlande 2,5 Gulden 1915 Silber Kupon Proof PMG62","description":"Nederlandse bankbiljetten verkrijgbaar bij David-coin. Bekijk nu ons ruime aanbod. Gratis verzending binnen Nederland vanaf 75 euro.","robots":{"index":"index","follow":"follow","max-snippet":"max-snippet:-1","max-image-preview":"max-image-preview:large","max-video-preview":"max-video-preview:-1"},"canonical":"https:\/\/www.david-coin.com\/de\/produkt\/nederland-25-gulden-1915-zilverbon-proefdruk-pmg62\/","og_locale":"de_DE","og_type":"article","og_title":"Nederland 2,5 gulden 1915 zilverbon proefdruk PMG62","og_description":"Nederlandse bankbiljetten verkrijgbaar bij David-coin. Bekijk nu ons ruime aanbod. Gratis verzending binnen Nederland vanaf 75 euro.","og_url":"https:\/\/www.david-coin.com\/de\/produkt\/nederland-25-gulden-1915-zilverbon-proefdruk-pmg62\/","og_site_name":"David Coin","article_publisher":"https:\/\/www.facebook.com\/Davidcoininkoopenverkoop","article_modified_time":"2026-01-27T16:43:32+00:00","og_image":[{"width":1600,"height":989,"url":"https:\/\/www.david-coin.com\/wp-content\/uploads\/2024\/05\/Papermoney-Netherlands-PMG-Guilder-5.jpeg","type":"image\/jpeg"}],"twitter_card":"summary_large_image","twitter_misc":{"Preis":"&euro;&nbsp;249,95","Verf\u00fcgbarkeit":"Auf Lager"},"schema":{"@context":"https:\/\/schema.org","@graph":[{"@type":"WebPage","@id":"https:\/\/www.david-coin.com\/product\/nederland-25-gulden-1915-zilverbon-proefdruk-pmg62\/","url":"https:\/\/www.david-coin.com\/product\/nederland-25-gulden-1915-zilverbon-proefdruk-pmg62\/","name":"Niederlande 2,5 Gulden 1915 Silber Kupon Proof PMG62","isPartOf":{"@id":"https:\/\/www.david-coin.com\/#website"},"primaryImageOfPage":{"@id":"https:\/\/www.david-coin.com\/product\/nederland-25-gulden-1915-zilverbon-proefdruk-pmg62\/#primaryimage"},"image":{"@id":"https:\/\/www.david-coin.com\/product\/nederland-25-gulden-1915-zilverbon-proefdruk-pmg62\/#primaryimage"},"thumbnailUrl":"https:\/\/www.david-coin.com\/wp-content\/uploads\/2024\/05\/Papermoney-Netherlands-PMG-Guilder-5.jpeg","datePublished":"2024-05-13T12:00:15+00:00","dateModified":"2026-01-27T16:43:32+00:00","description":"Nederlandse bankbiljetten verkrijgbaar bij David-coin. Bekijk nu ons ruime aanbod. Gratis verzending binnen Nederland vanaf 75 euro.","breadcrumb":{"@id":"https:\/\/www.david-coin.com\/product\/nederland-25-gulden-1915-zilverbon-proefdruk-pmg62\/#breadcrumb"},"inLanguage":"de","potentialAction":[{"@type":"ReadAction","target":["https:\/\/www.david-coin.com\/product\/nederland-25-gulden-1915-zilverbon-proefdruk-pmg62\/"]}]},{"@type":"ImageObject","inLanguage":"de","@id":"https:\/\/www.david-coin.com\/product\/nederland-25-gulden-1915-zilverbon-proefdruk-pmg62\/#primaryimage","url":"https:\/\/www.david-coin.com\/wp-content\/uploads\/2024\/05\/Papermoney-Netherlands-PMG-Guilder-5.jpeg","contentUrl":"https:\/\/www.david-coin.com\/wp-content\/uploads\/2024\/05\/Papermoney-Netherlands-PMG-Guilder-5.jpeg","width":1600,"height":989},{"@type":"BreadcrumbList","@id":"https:\/\/www.david-coin.com\/product\/nederland-25-gulden-1915-zilverbon-proefdruk-pmg62\/#breadcrumb","itemListElement":[{"@type":"ListItem","position":1,"name":"Home","item":"https:\/\/www.david-coin.com\/"},{"@type":"ListItem","position":2,"name":"Winkel","item":"https:\/\/www.david-coin.com\/winkel\/"},{"@type":"ListItem","position":3,"name":"Nederland 2,5 gulden 1915 zilverbon proefdruk PMG62"}]},{"@type":"WebSite","@id":"https:\/\/www.david-coin.com\/#website","url":"https:\/\/www.david-coin.com\/","name":"David Coin","description":"","publisher":{"@id":"https:\/\/www.david-coin.com\/#organization"},"potentialAction":[{"@type":"SearchAction","target":{"@type":"EntryPoint","urlTemplate":"https:\/\/www.david-coin.com\/?s={search_term_string}"},"query-input":{"@type":"PropertyValueSpecification","valueRequired":true,"valueName":"search_term_string"}}],"inLanguage":"de"},{"@type":"Organization","@id":"https:\/\/www.david-coin.com\/#organization","name":"David Coin","url":"https:\/\/www.david-coin.com\/","logo":{"@type":"ImageObject","inLanguage":"de","@id":"https:\/\/www.david-coin.com\/#\/schema\/logo\/image\/","url":"https:\/\/www.david-coin.com\/wp-content\/uploads\/2024\/04\/davidcoin-logo-final.png","contentUrl":"https:\/\/www.david-coin.com\/wp-content\/uploads\/2024\/04\/davidcoin-logo-final.png","width":800,"height":267,"caption":"David Coin"},"image":{"@id":"https:\/\/www.david-coin.com\/#\/schema\/logo\/image\/"},"sameAs":["https:\/\/www.facebook.com\/Davidcoininkoopenverkoop","https:\/\/www.youtube.com\/channel\/UC39lihLKFSPTff0w6tv0pWQ"]}]},"product_price_amount":"249.95","product_price_currency":"EUR","og_availability":"instock","product_availability":"instock","product_retailer_item_id":"2730","product_condition":"new"},"_links":{"self":[{"href":"https:\/\/www.david-coin.com\/de\/wp-json\/wp\/v2\/product\/128085","targetHints":{"allow":["GET"]}}],"collection":[{"href":"https:\/\/www.david-coin.com\/de\/wp-json\/wp\/v2\/product"}],"about":[{"href":"https:\/\/www.david-coin.com\/de\/wp-json\/wp\/v2\/types\/product"}],"replies":[{"embeddable":true,"href":"https:\/\/www.david-coin.com\/de\/wp-json\/wp\/v2\/comments?post=128085"}],"wp:featuredmedia":[{"embeddable":true,"href":"https:\/\/www.david-coin.com\/de\/wp-json\/wp\/v2\/media\/128079"}],"wp:attachment":[{"href":"https:\/\/www.david-coin.com\/de\/wp-json\/wp\/v2\/media?parent=128085"}],"wp:term":[{"taxonomy":"product_brand","embeddable":true,"href":"https:\/\/www.david-coin.com\/de\/wp-json\/wp\/v2\/product_brand?post=128085"},{"taxonomy":"product_cat","embeddable":true,"href":"https:\/\/www.david-coin.com\/de\/wp-json\/wp\/v2\/product_cat?post=128085"},{"taxonomy":"product_tag","embeddable":true,"href":"https:\/\/www.david-coin.com\/de\/wp-json\/wp\/v2\/product_tag?post=128085"}],"curies":[{"name":"wp","href":"https:\/\/api.w.org\/{rel}","templated":true}]}}