{"id":124019,"date":"2024-04-04T08:44:50","date_gmt":"2024-04-04T08:44:50","guid":{"rendered":"https:\/\/www.david-coin.com\/product\/nederland-1000-gulden-1956-rembrandt-pmg35-6988\/"},"modified":"2026-01-27T17:32:33","modified_gmt":"2026-01-27T16:32:33","slug":"nederland-1000-gulden-1956-rembrandt-pmg35","status":"publish","type":"product","link":"https:\/\/www.david-coin.com\/de\/produkt\/nederland-1000-gulden-1956-rembrandt-pmg35\/","title":{"rendered":"Niederlande 1000 Gulden 1956 Rembrandt PMG35"},"content":{"rendered":"<p><span style=\"font-size: 12pt;\"><strong>Niederlande 1000 Gulden 1956 Rembrandt PMG35<\/strong><\/span><br \/>\n<span style=\"font-size: 12pt;\">NVMH:154-1<\/span><br \/>\n<span style=\"font-size: 12pt;\">Plomp:127.a<\/span><br \/>\n<span style=\"font-size: 12pt;\">Unterschriften: De Jong\/Holtrop<br \/>\nQualit\u00e4t: PMG35 - Sehr fein+<\/span><\/p>\n<p>Der 1000-Gulden-Schein mit dem Selbstportr\u00e4t des Malers Rembrandt van Rijn auf der Vorderseite.<br \/>\nEine inzwischen immer seltener werdende Note, die immer schwerer zu finden ist. Jetzt f\u00fcr Sammler erh\u00e4ltlich.<\/p>\n<p><strong>\u00dcber die Notiz:<\/strong><\/p>\n<p>Die Notiz von <a href=\"https:\/\/www.david-coin.com\/de\/produkt-kategorie\/nederlandse-bankbiljetten\/1000-gulden-biljet\/\">tausend Gulden<\/a> ist die h\u00f6chste <a href=\"https:\/\/www.david-coin.com\/de\/produkt-kategorie\/nederlandse-bankbiljetten\/\">Niederl\u00e4ndische Note<\/a> die die Niederl\u00e4ndische Bank f\u00fcr den Umlauf ausgab. Der Tausend-Gulden-Schein mit dem Motiv von Rembrandt wurde von dem Designer Eppo Doeve entworfen und geh\u00f6rt zu der von Doeve entworfenen Serie aus den 1950er Jahren. Die Vorderseite zeigt den ber\u00fchmten Maler Rembrandt van Rijn, und auf der linken Seite sind einige Pinsel zu sehen, die dieser Maler damals h\u00e4ufig benutzte. Auf der R\u00fcckseite befindet sich ein guillochiertes Muster und eine Hand, die einen Pinsel h\u00e4lt. Der Tausend-Gulden-Schein misst 169 x 97 Millimeter und tr\u00e4gt die Unterschriften von DNB-Pr\u00e4sident Marius Wilhelm Holtrop und DNB-Sekret\u00e4r Adriaan Marie de Jong.<\/p>\n<p>Diese Note wurde von der Inspektionsgesellschaft PMG Notes inspiziert. Die Qualit\u00e4t von PMG 35 EPQ entspricht der Sammlerqualit\u00e4t very fine. Die Note hat keine Risse, und ist noch in einem sauberen Zustand. Auch das Papier der Banknote ist noch in gutem Zustand. Da der Schein weltweit gesammelt wird, ist er heute immer schwerer zu finden. Der Tausendguldenschein mit Rembrand wurde schlie\u00dflich 1978 von der niederl\u00e4ndischen Bank aus dem Verkehr gezogen, so dass der Schein 22 Jahre lang im Umlauf war. Da tausend Gulden in den sp\u00e4ten 1970er Jahren auch ein gro\u00dfer Betrag waren, wurden viele der tausend Gulden mit Rembrandt wieder umgetauscht, so dass sie heute eine seltene Banknote ist.<\/p>\n<p><span style=\"font-size: 12pt;\">Siehe Scans f\u00fcr weitere Einzelheiten.<\/span><br \/>\n<span style=\"font-size: 12pt;\">Bei Fragen k\u00f6nnen Sie uns gerne eine Nachricht schicken.\u00a0<\/span><\/p>","protected":false},"excerpt":{"rendered":"<p>NVMH:154-1<\/p>","protected":false},"featured_media":124017,"comment_status":"closed","ping_status":"closed","template":"","meta":[],"product_brand":[],"product_cat":[5500,5517,5472,5627],"product_tag":[],"class_list":{"0":"post-124019","1":"product","2":"type-product","3":"status-publish","4":"has-post-thumbnail","6":"product_cat-1000-gulden-biljet","7":"product_cat-aanbiedingen-munten-bankbiljetten","8":"product_cat-nederlandse-bankbiljetten","9":"product_cat-topstukken","10":"pa_bankbiljetwaarde-1000gulden","11":"pa_delcampeid-5267","12":"pa_land-nederland","13":"pa_soort-pmgnotes","15":"first","16":"instock","17":"sale","18":"taxable","19":"shipping-taxable","20":"purchasable","21":"product-type-simple"},"yoast_head":"<!-- This site is optimized with the Yoast SEO Premium plugin v27.5 (Yoast SEO v27.5) - https:\/\/yoast.com\/product\/yoast-seo-premium-wordpress\/ -->\n<title>Nederland 1000 gulden 1956 Rembrandt PMG35<\/title>\n<meta name=\"description\" content=\"Nederlands papiergeld kopen? Bekijk ons complete aanbod van 1 gulden t\/m 1000 gulden. Gratis verzending binnen Nederland vanaf 75 euro.\" \/>\n<meta name=\"robots\" content=\"index, follow, max-snippet:-1, max-image-preview:large, max-video-preview:-1\" \/>\n<link rel=\"canonical\" href=\"https:\/\/www.david-coin.com\/de\/produkt\/nederland-1000-gulden-1956-rembrandt-pmg35\/\" \/>\n<meta property=\"og:locale\" content=\"de_DE\" \/>\n<meta property=\"og:type\" content=\"article\" \/>\n<meta property=\"og:title\" content=\"Nederland 1000 gulden 1956 Rembrandt PMG35\" \/>\n<meta property=\"og:description\" content=\"Nederlands papiergeld kopen? Bekijk ons complete aanbod van 1 gulden t\/m 1000 gulden. Gratis verzending binnen Nederland vanaf 75 euro.\" \/>\n<meta property=\"og:url\" content=\"https:\/\/www.david-coin.com\/de\/produkt\/nederland-1000-gulden-1956-rembrandt-pmg35\/\" \/>\n<meta property=\"og:site_name\" content=\"David Coin\" \/>\n<meta property=\"article:publisher\" content=\"https:\/\/www.facebook.com\/Davidcoininkoopenverkoop\" \/>\n<meta property=\"article:modified_time\" content=\"2026-01-27T16:32:33+00:00\" \/>\n<meta property=\"og:image\" content=\"https:\/\/www.david-coin.com\/wp-content\/uploads\/2024\/04\/Rembrandt-1000gulden-PMG.jpg\" \/>\n\t<meta property=\"og:image:width\" content=\"800\" \/>\n\t<meta property=\"og:image:height\" content=\"551\" \/>\n\t<meta property=\"og:image:type\" content=\"image\/jpeg\" \/>\n<meta name=\"twitter:card\" content=\"summary_large_image\" \/>\n<meta name=\"twitter:label1\" content=\"Preis\" \/>\n\t<meta name=\"twitter:data1\" content=\"&euro;&nbsp;2.495,00\" \/>\n\t<meta name=\"twitter:label2\" content=\"Verf\u00fcgbarkeit\" \/>\n\t<meta name=\"twitter:data2\" content=\"Auf Lager\" \/>\n<script type=\"application\/ld+json\" class=\"yoast-schema-graph\">{\"@context\":\"https:\\\/\\\/schema.org\",\"@graph\":[{\"@type\":\"WebPage\",\"@id\":\"https:\\\/\\\/www.david-coin.com\\\/product\\\/nederland-1000-gulden-1956-rembrandt-pmg35\\\/\",\"url\":\"https:\\\/\\\/www.david-coin.com\\\/product\\\/nederland-1000-gulden-1956-rembrandt-pmg35\\\/\",\"name\":\"Nederland 1000 gulden 1956 Rembrandt PMG35\",\"isPartOf\":{\"@id\":\"https:\\\/\\\/www.david-coin.com\\\/#website\"},\"primaryImageOfPage\":{\"@id\":\"https:\\\/\\\/www.david-coin.com\\\/product\\\/nederland-1000-gulden-1956-rembrandt-pmg35\\\/#primaryimage\"},\"image\":{\"@id\":\"https:\\\/\\\/www.david-coin.com\\\/product\\\/nederland-1000-gulden-1956-rembrandt-pmg35\\\/#primaryimage\"},\"thumbnailUrl\":\"https:\\\/\\\/www.david-coin.com\\\/wp-content\\\/uploads\\\/2024\\\/04\\\/Rembrandt-1000gulden-PMG.jpg\",\"datePublished\":\"2024-04-04T08:44:50+00:00\",\"dateModified\":\"2026-01-27T16:32:33+00:00\",\"description\":\"Nederlands papiergeld kopen? Bekijk ons complete aanbod van 1 gulden t\\\/m 1000 gulden. Gratis verzending binnen Nederland vanaf 75 euro.\",\"breadcrumb\":{\"@id\":\"https:\\\/\\\/www.david-coin.com\\\/product\\\/nederland-1000-gulden-1956-rembrandt-pmg35\\\/#breadcrumb\"},\"inLanguage\":\"de\",\"potentialAction\":[{\"@type\":\"ReadAction\",\"target\":[\"https:\\\/\\\/www.david-coin.com\\\/product\\\/nederland-1000-gulden-1956-rembrandt-pmg35\\\/\"]}]},{\"@type\":\"ImageObject\",\"inLanguage\":\"de\",\"@id\":\"https:\\\/\\\/www.david-coin.com\\\/product\\\/nederland-1000-gulden-1956-rembrandt-pmg35\\\/#primaryimage\",\"url\":\"https:\\\/\\\/www.david-coin.com\\\/wp-content\\\/uploads\\\/2024\\\/04\\\/Rembrandt-1000gulden-PMG.jpg\",\"contentUrl\":\"https:\\\/\\\/www.david-coin.com\\\/wp-content\\\/uploads\\\/2024\\\/04\\\/Rembrandt-1000gulden-PMG.jpg\",\"width\":800,\"height\":551},{\"@type\":\"BreadcrumbList\",\"@id\":\"https:\\\/\\\/www.david-coin.com\\\/product\\\/nederland-1000-gulden-1956-rembrandt-pmg35\\\/#breadcrumb\",\"itemListElement\":[{\"@type\":\"ListItem\",\"position\":1,\"name\":\"Home\",\"item\":\"https:\\\/\\\/www.david-coin.com\\\/\"},{\"@type\":\"ListItem\",\"position\":2,\"name\":\"Winkel\",\"item\":\"https:\\\/\\\/www.david-coin.com\\\/winkel\\\/\"},{\"@type\":\"ListItem\",\"position\":3,\"name\":\"Nederland 1000 gulden 1956 Rembrandt PMG35\"}]},{\"@type\":\"WebSite\",\"@id\":\"https:\\\/\\\/www.david-coin.com\\\/#website\",\"url\":\"https:\\\/\\\/www.david-coin.com\\\/\",\"name\":\"David Coin\",\"description\":\"\",\"publisher\":{\"@id\":\"https:\\\/\\\/www.david-coin.com\\\/#organization\"},\"potentialAction\":[{\"@type\":\"SearchAction\",\"target\":{\"@type\":\"EntryPoint\",\"urlTemplate\":\"https:\\\/\\\/www.david-coin.com\\\/?s={search_term_string}\"},\"query-input\":{\"@type\":\"PropertyValueSpecification\",\"valueRequired\":true,\"valueName\":\"search_term_string\"}}],\"inLanguage\":\"de\"},{\"@type\":\"Organization\",\"@id\":\"https:\\\/\\\/www.david-coin.com\\\/#organization\",\"name\":\"David Coin\",\"url\":\"https:\\\/\\\/www.david-coin.com\\\/\",\"logo\":{\"@type\":\"ImageObject\",\"inLanguage\":\"de\",\"@id\":\"https:\\\/\\\/www.david-coin.com\\\/#\\\/schema\\\/logo\\\/image\\\/\",\"url\":\"https:\\\/\\\/www.david-coin.com\\\/wp-content\\\/uploads\\\/2024\\\/04\\\/davidcoin-logo-final.png\",\"contentUrl\":\"https:\\\/\\\/www.david-coin.com\\\/wp-content\\\/uploads\\\/2024\\\/04\\\/davidcoin-logo-final.png\",\"width\":800,\"height\":267,\"caption\":\"David Coin\"},\"image\":{\"@id\":\"https:\\\/\\\/www.david-coin.com\\\/#\\\/schema\\\/logo\\\/image\\\/\"},\"sameAs\":[\"https:\\\/\\\/www.facebook.com\\\/Davidcoininkoopenverkoop\",\"https:\\\/\\\/www.youtube.com\\\/channel\\\/UC39lihLKFSPTff0w6tv0pWQ\"]}]}<\/script>\n<meta property=\"product:price:amount\" content=\"2495.00\" \/>\n<meta property=\"product:price:currency\" content=\"EUR\" \/>\n<meta property=\"og:availability\" content=\"instock\" \/>\n<meta property=\"product:availability\" content=\"instock\" \/>\n<meta property=\"product:retailer_item_id\" content=\"2706\" \/>\n<meta property=\"product:condition\" content=\"new\" \/>\n<!-- \/ Yoast SEO Premium plugin. -->","yoast_head_json":{"title":"Niederlande 1000 Gulden 1956 Rembrandt PMG35","description":"Nederlands papiergeld kopen? Bekijk ons complete aanbod van 1 gulden t\/m 1000 gulden. Gratis verzending binnen Nederland vanaf 75 euro.","robots":{"index":"index","follow":"follow","max-snippet":"max-snippet:-1","max-image-preview":"max-image-preview:large","max-video-preview":"max-video-preview:-1"},"canonical":"https:\/\/www.david-coin.com\/de\/produkt\/nederland-1000-gulden-1956-rembrandt-pmg35\/","og_locale":"de_DE","og_type":"article","og_title":"Nederland 1000 gulden 1956 Rembrandt PMG35","og_description":"Nederlands papiergeld kopen? Bekijk ons complete aanbod van 1 gulden t\/m 1000 gulden. Gratis verzending binnen Nederland vanaf 75 euro.","og_url":"https:\/\/www.david-coin.com\/de\/produkt\/nederland-1000-gulden-1956-rembrandt-pmg35\/","og_site_name":"David Coin","article_publisher":"https:\/\/www.facebook.com\/Davidcoininkoopenverkoop","article_modified_time":"2026-01-27T16:32:33+00:00","og_image":[{"width":800,"height":551,"url":"https:\/\/www.david-coin.com\/wp-content\/uploads\/2024\/04\/Rembrandt-1000gulden-PMG.jpg","type":"image\/jpeg"}],"twitter_card":"summary_large_image","twitter_misc":{"Preis":"&euro;&nbsp;2.495,00","Verf\u00fcgbarkeit":"Auf Lager"},"schema":{"@context":"https:\/\/schema.org","@graph":[{"@type":"WebPage","@id":"https:\/\/www.david-coin.com\/product\/nederland-1000-gulden-1956-rembrandt-pmg35\/","url":"https:\/\/www.david-coin.com\/product\/nederland-1000-gulden-1956-rembrandt-pmg35\/","name":"Niederlande 1000 Gulden 1956 Rembrandt PMG35","isPartOf":{"@id":"https:\/\/www.david-coin.com\/#website"},"primaryImageOfPage":{"@id":"https:\/\/www.david-coin.com\/product\/nederland-1000-gulden-1956-rembrandt-pmg35\/#primaryimage"},"image":{"@id":"https:\/\/www.david-coin.com\/product\/nederland-1000-gulden-1956-rembrandt-pmg35\/#primaryimage"},"thumbnailUrl":"https:\/\/www.david-coin.com\/wp-content\/uploads\/2024\/04\/Rembrandt-1000gulden-PMG.jpg","datePublished":"2024-04-04T08:44:50+00:00","dateModified":"2026-01-27T16:32:33+00:00","description":"Nederlands papiergeld kopen? Bekijk ons complete aanbod van 1 gulden t\/m 1000 gulden. Gratis verzending binnen Nederland vanaf 75 euro.","breadcrumb":{"@id":"https:\/\/www.david-coin.com\/product\/nederland-1000-gulden-1956-rembrandt-pmg35\/#breadcrumb"},"inLanguage":"de","potentialAction":[{"@type":"ReadAction","target":["https:\/\/www.david-coin.com\/product\/nederland-1000-gulden-1956-rembrandt-pmg35\/"]}]},{"@type":"ImageObject","inLanguage":"de","@id":"https:\/\/www.david-coin.com\/product\/nederland-1000-gulden-1956-rembrandt-pmg35\/#primaryimage","url":"https:\/\/www.david-coin.com\/wp-content\/uploads\/2024\/04\/Rembrandt-1000gulden-PMG.jpg","contentUrl":"https:\/\/www.david-coin.com\/wp-content\/uploads\/2024\/04\/Rembrandt-1000gulden-PMG.jpg","width":800,"height":551},{"@type":"BreadcrumbList","@id":"https:\/\/www.david-coin.com\/product\/nederland-1000-gulden-1956-rembrandt-pmg35\/#breadcrumb","itemListElement":[{"@type":"ListItem","position":1,"name":"Home","item":"https:\/\/www.david-coin.com\/"},{"@type":"ListItem","position":2,"name":"Winkel","item":"https:\/\/www.david-coin.com\/winkel\/"},{"@type":"ListItem","position":3,"name":"Nederland 1000 gulden 1956 Rembrandt PMG35"}]},{"@type":"WebSite","@id":"https:\/\/www.david-coin.com\/#website","url":"https:\/\/www.david-coin.com\/","name":"David Coin","description":"","publisher":{"@id":"https:\/\/www.david-coin.com\/#organization"},"potentialAction":[{"@type":"SearchAction","target":{"@type":"EntryPoint","urlTemplate":"https:\/\/www.david-coin.com\/?s={search_term_string}"},"query-input":{"@type":"PropertyValueSpecification","valueRequired":true,"valueName":"search_term_string"}}],"inLanguage":"de"},{"@type":"Organization","@id":"https:\/\/www.david-coin.com\/#organization","name":"David Coin","url":"https:\/\/www.david-coin.com\/","logo":{"@type":"ImageObject","inLanguage":"de","@id":"https:\/\/www.david-coin.com\/#\/schema\/logo\/image\/","url":"https:\/\/www.david-coin.com\/wp-content\/uploads\/2024\/04\/davidcoin-logo-final.png","contentUrl":"https:\/\/www.david-coin.com\/wp-content\/uploads\/2024\/04\/davidcoin-logo-final.png","width":800,"height":267,"caption":"David Coin"},"image":{"@id":"https:\/\/www.david-coin.com\/#\/schema\/logo\/image\/"},"sameAs":["https:\/\/www.facebook.com\/Davidcoininkoopenverkoop","https:\/\/www.youtube.com\/channel\/UC39lihLKFSPTff0w6tv0pWQ"]}]},"product_price_amount":"2495.00","product_price_currency":"EUR","og_availability":"instock","product_availability":"instock","product_retailer_item_id":"2706","product_condition":"new"},"_links":{"self":[{"href":"https:\/\/www.david-coin.com\/de\/wp-json\/wp\/v2\/product\/124019","targetHints":{"allow":["GET"]}}],"collection":[{"href":"https:\/\/www.david-coin.com\/de\/wp-json\/wp\/v2\/product"}],"about":[{"href":"https:\/\/www.david-coin.com\/de\/wp-json\/wp\/v2\/types\/product"}],"replies":[{"embeddable":true,"href":"https:\/\/www.david-coin.com\/de\/wp-json\/wp\/v2\/comments?post=124019"}],"wp:featuredmedia":[{"embeddable":true,"href":"https:\/\/www.david-coin.com\/de\/wp-json\/wp\/v2\/media\/124017"}],"wp:attachment":[{"href":"https:\/\/www.david-coin.com\/de\/wp-json\/wp\/v2\/media?parent=124019"}],"wp:term":[{"taxonomy":"product_brand","embeddable":true,"href":"https:\/\/www.david-coin.com\/de\/wp-json\/wp\/v2\/product_brand?post=124019"},{"taxonomy":"product_cat","embeddable":true,"href":"https:\/\/www.david-coin.com\/de\/wp-json\/wp\/v2\/product_cat?post=124019"},{"taxonomy":"product_tag","embeddable":true,"href":"https:\/\/www.david-coin.com\/de\/wp-json\/wp\/v2\/product_tag?post=124019"}],"curies":[{"name":"wp","href":"https:\/\/api.w.org\/{rel}","templated":true}]}}