{"id":123971,"date":"2024-04-03T09:19:41","date_gmt":"2024-04-03T09:19:41","guid":{"rendered":"https:\/\/www.david-coin.com\/product\/nederland-5-gulden-1966-vondel-i-serie-6-aa\/"},"modified":"2026-01-27T17:43:39","modified_gmt":"2026-01-27T16:43:39","slug":"nederland-5-gulden-1966-vondel-i-serie-6-aa","status":"publish","type":"product","link":"https:\/\/www.david-coin.com\/de\/produkt\/nederland-5-gulden-1966-vondel-i-serie-6-aa\/","title":{"rendered":"Niederlande 5 Gulden 1966 Vondel I Serie 6 AA"},"content":{"rendered":"<p><span style=\"font-size: 12pt;\"><strong>Niederlande 5 Gulden 1966 Vondel I Serie AA <\/strong><\/span><br \/>\n<span style=\"font-size: 12pt;\"> NVMH:23-2 <\/span><br \/>\n<span style=\"font-size: 12pt;\"> Plomp: PL22.e<\/span><\/p>\n<p><strong>F\u00fcnf-Gulden-Schein 1966 Vondel 1<\/strong><br \/>\nEine F\u00fcnf-Gulden-Banknote wurde von der Niederl\u00e4ndischen Bank zum ersten Mal 1966 ausgegeben. Zuvor hatte das Finanzministerium bereits Silberscheine herausgegeben. Als die ersten F\u00fcnfer 1966 in Umlauf kamen, hielten viele Menschen sie f\u00fcr Falschgeld, auch wegen des neuen Designs mit den verschiedenen Farben und dem Wort \"FIVE\" auf der Vorderseite. Neben den F\u00fcnfern (1966 und 1973) geh\u00f6ren vier weitere Banknoten zur alten Serie:<br \/>\n&#8211;\t<a href=\"\/de\/\u201dhttps:\/\/www.david-coin.com\/produkt\/nederland-10-gulden-1968-frans-hals\/\u201d\/\">10 Gulden 1968 Frans Hals;<\/a><br \/>\n&#8211;\t<a href=\"\/de\/\u201dhttps:\/\/www.david-coin.com\/produkt\/nederland-25-gulden-1971-sweelinck\/\u201d\/\">25 Gulden 1971 Sweelinck;<\/a><br \/>\n&#8211;\t<a href=\"\/de\/\u201dhttps:\/\/www.david-coin.com\/produkt\/nederland-100-gulden-1970-michiel-de-ruyter\/\u201d\/\">100 Gulden 1970 Michiel de Ruyter;<\/a><br \/>\n&#8211;\t<a href=\"\/de\/\u201dhttps:\/\/www.david-coin.com\/produkt\/nederland-1000-gulden-1972-spinoza\/\u201d\/\">1000 Gulden 1972 Spinoza.<\/a><br \/>\nDer F\u00fcnf-Gulden-Schein von 1966 wurde von dem bekannten Designer Oxenaar entworfen, der von der niederl\u00e4ndischen Bank beauftragt wurde, eine v\u00f6llig neue, revolution\u00e4re Banknotenserie zu entwerfen. Der F\u00fcnf-Gulden-Schein von 1966 wurde 1988 durch eine F\u00fcnf-Gulden-M\u00fcnze ersetzt und 1995 aus dem Verkehr gezogen. <\/p>\n<p><span style=\"font-size: 12pt;\"> Siehe Scans f\u00fcr weitere Einzelheiten.<\/span><br \/>\n<span style=\"font-size: 12pt;\"> Bei Fragen k\u00f6nnen Sie uns gerne eine Nachricht schicken.<\/span><\/p>","protected":false},"excerpt":{"rendered":"<p>NVMH:23-2<\/p>","protected":false},"featured_media":123969,"comment_status":"closed","ping_status":"closed","template":"","meta":[],"product_brand":[],"product_cat":[5490,5472],"product_tag":[],"class_list":{"0":"post-123971","1":"product","2":"type-product","3":"status-publish","4":"has-post-thumbnail","6":"product_cat-5-gulden-biljet","7":"product_cat-nederlandse-bankbiljetten","8":"pa_bankbiljetwaarde-5gulden","9":"pa_delcampeid-5274","10":"pa_kwaliteit-zeer-fraai","11":"pa_land-nederland","13":"first","14":"outofstock","15":"taxable","16":"shipping-taxable","17":"purchasable","18":"product-type-simple"},"yoast_head":"<!-- This site is optimized with the Yoast SEO Premium plugin v27.2 (Yoast SEO v27.4) - https:\/\/yoast.com\/product\/yoast-seo-premium-wordpress\/ -->\n<title>Nederland 5 Gulden 1966 Vondel I Serie 6 AA<\/title>\n<meta name=\"description\" content=\"Nederlandse bankbiljetten bij David-coin. Bekijk nu ons ruime aanbod uit de guldentijd. Gratis verzending binnen Nederland vanaf 75 euro.\" \/>\n<meta name=\"robots\" content=\"index, follow, max-snippet:-1, max-image-preview:large, max-video-preview:-1\" \/>\n<link rel=\"canonical\" href=\"https:\/\/www.david-coin.com\/de\/produkt\/nederland-5-gulden-1966-vondel-i-serie-6-aa\/\" \/>\n<meta property=\"og:locale\" content=\"de_DE\" \/>\n<meta property=\"og:type\" content=\"article\" \/>\n<meta property=\"og:title\" content=\"Nederland 5 Gulden 1966 Vondel I Serie 6 AA\" \/>\n<meta property=\"og:description\" content=\"Nederlandse bankbiljetten bij David-coin. Bekijk nu ons ruime aanbod uit de guldentijd. Gratis verzending binnen Nederland vanaf 75 euro.\" \/>\n<meta property=\"og:url\" content=\"https:\/\/www.david-coin.com\/de\/produkt\/nederland-5-gulden-1966-vondel-i-serie-6-aa\/\" \/>\n<meta property=\"og:site_name\" content=\"David Coin\" \/>\n<meta property=\"article:publisher\" content=\"https:\/\/www.facebook.com\/Davidcoininkoopenverkoop\" \/>\n<meta property=\"article:modified_time\" content=\"2026-01-27T16:43:39+00:00\" \/>\n<meta property=\"og:image\" content=\"https:\/\/www.david-coin.com\/wp-content\/uploads\/2024\/04\/AAserie.jpg\" \/>\n\t<meta property=\"og:image:width\" content=\"800\" \/>\n\t<meta property=\"og:image:height\" content=\"455\" \/>\n\t<meta property=\"og:image:type\" content=\"image\/jpeg\" \/>\n<meta name=\"twitter:card\" content=\"summary_large_image\" \/>\n<meta name=\"twitter:label1\" content=\"Preis\" \/>\n\t<meta name=\"twitter:data1\" content=\"&euro;&nbsp;49,95\" \/>\n\t<meta name=\"twitter:label2\" content=\"Verf\u00fcgbarkeit\" \/>\n\t<meta name=\"twitter:data2\" content=\"ausverkauft\" \/>\n<script type=\"application\/ld+json\" class=\"yoast-schema-graph\">{\"@context\":\"https:\\\/\\\/schema.org\",\"@graph\":[{\"@type\":\"WebPage\",\"@id\":\"https:\\\/\\\/www.david-coin.com\\\/product\\\/nederland-5-gulden-1966-vondel-i-serie-6-aa\\\/\",\"url\":\"https:\\\/\\\/www.david-coin.com\\\/product\\\/nederland-5-gulden-1966-vondel-i-serie-6-aa\\\/\",\"name\":\"Nederland 5 Gulden 1966 Vondel I Serie 6 AA\",\"isPartOf\":{\"@id\":\"https:\\\/\\\/www.david-coin.com\\\/#website\"},\"primaryImageOfPage\":{\"@id\":\"https:\\\/\\\/www.david-coin.com\\\/product\\\/nederland-5-gulden-1966-vondel-i-serie-6-aa\\\/#primaryimage\"},\"image\":{\"@id\":\"https:\\\/\\\/www.david-coin.com\\\/product\\\/nederland-5-gulden-1966-vondel-i-serie-6-aa\\\/#primaryimage\"},\"thumbnailUrl\":\"https:\\\/\\\/www.david-coin.com\\\/wp-content\\\/uploads\\\/2024\\\/04\\\/AAserie.jpg\",\"datePublished\":\"2024-04-03T09:19:41+00:00\",\"dateModified\":\"2026-01-27T16:43:39+00:00\",\"description\":\"Nederlandse bankbiljetten bij David-coin. Bekijk nu ons ruime aanbod uit de guldentijd. Gratis verzending binnen Nederland vanaf 75 euro.\",\"breadcrumb\":{\"@id\":\"https:\\\/\\\/www.david-coin.com\\\/product\\\/nederland-5-gulden-1966-vondel-i-serie-6-aa\\\/#breadcrumb\"},\"inLanguage\":\"de\",\"potentialAction\":[{\"@type\":\"ReadAction\",\"target\":[\"https:\\\/\\\/www.david-coin.com\\\/product\\\/nederland-5-gulden-1966-vondel-i-serie-6-aa\\\/\"]}]},{\"@type\":\"ImageObject\",\"inLanguage\":\"de\",\"@id\":\"https:\\\/\\\/www.david-coin.com\\\/product\\\/nederland-5-gulden-1966-vondel-i-serie-6-aa\\\/#primaryimage\",\"url\":\"https:\\\/\\\/www.david-coin.com\\\/wp-content\\\/uploads\\\/2024\\\/04\\\/AAserie.jpg\",\"contentUrl\":\"https:\\\/\\\/www.david-coin.com\\\/wp-content\\\/uploads\\\/2024\\\/04\\\/AAserie.jpg\",\"width\":800,\"height\":455},{\"@type\":\"BreadcrumbList\",\"@id\":\"https:\\\/\\\/www.david-coin.com\\\/product\\\/nederland-5-gulden-1966-vondel-i-serie-6-aa\\\/#breadcrumb\",\"itemListElement\":[{\"@type\":\"ListItem\",\"position\":1,\"name\":\"Home\",\"item\":\"https:\\\/\\\/www.david-coin.com\\\/\"},{\"@type\":\"ListItem\",\"position\":2,\"name\":\"Winkel\",\"item\":\"https:\\\/\\\/www.david-coin.com\\\/winkel\\\/\"},{\"@type\":\"ListItem\",\"position\":3,\"name\":\"Nederland 5 Gulden 1966 Vondel I Serie 6 AA\"}]},{\"@type\":\"WebSite\",\"@id\":\"https:\\\/\\\/www.david-coin.com\\\/#website\",\"url\":\"https:\\\/\\\/www.david-coin.com\\\/\",\"name\":\"David Coin\",\"description\":\"\",\"publisher\":{\"@id\":\"https:\\\/\\\/www.david-coin.com\\\/#organization\"},\"potentialAction\":[{\"@type\":\"SearchAction\",\"target\":{\"@type\":\"EntryPoint\",\"urlTemplate\":\"https:\\\/\\\/www.david-coin.com\\\/?s={search_term_string}\"},\"query-input\":{\"@type\":\"PropertyValueSpecification\",\"valueRequired\":true,\"valueName\":\"search_term_string\"}}],\"inLanguage\":\"de\"},{\"@type\":\"Organization\",\"@id\":\"https:\\\/\\\/www.david-coin.com\\\/#organization\",\"name\":\"David Coin\",\"url\":\"https:\\\/\\\/www.david-coin.com\\\/\",\"logo\":{\"@type\":\"ImageObject\",\"inLanguage\":\"de\",\"@id\":\"https:\\\/\\\/www.david-coin.com\\\/#\\\/schema\\\/logo\\\/image\\\/\",\"url\":\"https:\\\/\\\/www.david-coin.com\\\/wp-content\\\/uploads\\\/2024\\\/04\\\/davidcoin-logo-final.png\",\"contentUrl\":\"https:\\\/\\\/www.david-coin.com\\\/wp-content\\\/uploads\\\/2024\\\/04\\\/davidcoin-logo-final.png\",\"width\":800,\"height\":267,\"caption\":\"David Coin\"},\"image\":{\"@id\":\"https:\\\/\\\/www.david-coin.com\\\/#\\\/schema\\\/logo\\\/image\\\/\"},\"sameAs\":[\"https:\\\/\\\/www.facebook.com\\\/Davidcoininkoopenverkoop\",\"https:\\\/\\\/www.youtube.com\\\/channel\\\/UC39lihLKFSPTff0w6tv0pWQ\"]}]}<\/script>\n<meta property=\"product:price:amount\" content=\"49.95\" \/>\n<meta property=\"product:price:currency\" content=\"EUR\" \/>\n<meta property=\"og:availability\" content=\"out of stock\" \/>\n<meta property=\"product:availability\" content=\"out of stock\" \/>\n<meta property=\"product:retailer_item_id\" content=\"2711\" \/>\n<meta property=\"product:condition\" content=\"new\" \/>\n<!-- \/ Yoast SEO Premium plugin. -->","yoast_head_json":{"title":"Nederland 5 Gulden 1966 Vondel I Serie 6 AA","description":"Nederlandse bankbiljetten bij David-coin. Bekijk nu ons ruime aanbod uit de guldentijd. Gratis verzending binnen Nederland vanaf 75 euro.","robots":{"index":"index","follow":"follow","max-snippet":"max-snippet:-1","max-image-preview":"max-image-preview:large","max-video-preview":"max-video-preview:-1"},"canonical":"https:\/\/www.david-coin.com\/de\/produkt\/nederland-5-gulden-1966-vondel-i-serie-6-aa\/","og_locale":"de_DE","og_type":"article","og_title":"Nederland 5 Gulden 1966 Vondel I Serie 6 AA","og_description":"Nederlandse bankbiljetten bij David-coin. Bekijk nu ons ruime aanbod uit de guldentijd. Gratis verzending binnen Nederland vanaf 75 euro.","og_url":"https:\/\/www.david-coin.com\/de\/produkt\/nederland-5-gulden-1966-vondel-i-serie-6-aa\/","og_site_name":"David Coin","article_publisher":"https:\/\/www.facebook.com\/Davidcoininkoopenverkoop","article_modified_time":"2026-01-27T16:43:39+00:00","og_image":[{"width":800,"height":455,"url":"https:\/\/www.david-coin.com\/wp-content\/uploads\/2024\/04\/AAserie.jpg","type":"image\/jpeg"}],"twitter_card":"summary_large_image","twitter_misc":{"Preis":"&euro;&nbsp;49,95","Verf\u00fcgbarkeit":"ausverkauft"},"schema":{"@context":"https:\/\/schema.org","@graph":[{"@type":"WebPage","@id":"https:\/\/www.david-coin.com\/product\/nederland-5-gulden-1966-vondel-i-serie-6-aa\/","url":"https:\/\/www.david-coin.com\/product\/nederland-5-gulden-1966-vondel-i-serie-6-aa\/","name":"Nederland 5 Gulden 1966 Vondel I Serie 6 AA","isPartOf":{"@id":"https:\/\/www.david-coin.com\/#website"},"primaryImageOfPage":{"@id":"https:\/\/www.david-coin.com\/product\/nederland-5-gulden-1966-vondel-i-serie-6-aa\/#primaryimage"},"image":{"@id":"https:\/\/www.david-coin.com\/product\/nederland-5-gulden-1966-vondel-i-serie-6-aa\/#primaryimage"},"thumbnailUrl":"https:\/\/www.david-coin.com\/wp-content\/uploads\/2024\/04\/AAserie.jpg","datePublished":"2024-04-03T09:19:41+00:00","dateModified":"2026-01-27T16:43:39+00:00","description":"Nederlandse bankbiljetten bij David-coin. Bekijk nu ons ruime aanbod uit de guldentijd. Gratis verzending binnen Nederland vanaf 75 euro.","breadcrumb":{"@id":"https:\/\/www.david-coin.com\/product\/nederland-5-gulden-1966-vondel-i-serie-6-aa\/#breadcrumb"},"inLanguage":"de","potentialAction":[{"@type":"ReadAction","target":["https:\/\/www.david-coin.com\/product\/nederland-5-gulden-1966-vondel-i-serie-6-aa\/"]}]},{"@type":"ImageObject","inLanguage":"de","@id":"https:\/\/www.david-coin.com\/product\/nederland-5-gulden-1966-vondel-i-serie-6-aa\/#primaryimage","url":"https:\/\/www.david-coin.com\/wp-content\/uploads\/2024\/04\/AAserie.jpg","contentUrl":"https:\/\/www.david-coin.com\/wp-content\/uploads\/2024\/04\/AAserie.jpg","width":800,"height":455},{"@type":"BreadcrumbList","@id":"https:\/\/www.david-coin.com\/product\/nederland-5-gulden-1966-vondel-i-serie-6-aa\/#breadcrumb","itemListElement":[{"@type":"ListItem","position":1,"name":"Home","item":"https:\/\/www.david-coin.com\/"},{"@type":"ListItem","position":2,"name":"Winkel","item":"https:\/\/www.david-coin.com\/winkel\/"},{"@type":"ListItem","position":3,"name":"Nederland 5 Gulden 1966 Vondel I Serie 6 AA"}]},{"@type":"WebSite","@id":"https:\/\/www.david-coin.com\/#website","url":"https:\/\/www.david-coin.com\/","name":"David Coin","description":"","publisher":{"@id":"https:\/\/www.david-coin.com\/#organization"},"potentialAction":[{"@type":"SearchAction","target":{"@type":"EntryPoint","urlTemplate":"https:\/\/www.david-coin.com\/?s={search_term_string}"},"query-input":{"@type":"PropertyValueSpecification","valueRequired":true,"valueName":"search_term_string"}}],"inLanguage":"de"},{"@type":"Organization","@id":"https:\/\/www.david-coin.com\/#organization","name":"David Coin","url":"https:\/\/www.david-coin.com\/","logo":{"@type":"ImageObject","inLanguage":"de","@id":"https:\/\/www.david-coin.com\/#\/schema\/logo\/image\/","url":"https:\/\/www.david-coin.com\/wp-content\/uploads\/2024\/04\/davidcoin-logo-final.png","contentUrl":"https:\/\/www.david-coin.com\/wp-content\/uploads\/2024\/04\/davidcoin-logo-final.png","width":800,"height":267,"caption":"David Coin"},"image":{"@id":"https:\/\/www.david-coin.com\/#\/schema\/logo\/image\/"},"sameAs":["https:\/\/www.facebook.com\/Davidcoininkoopenverkoop","https:\/\/www.youtube.com\/channel\/UC39lihLKFSPTff0w6tv0pWQ"]}]},"product_price_amount":"49.95","product_price_currency":"EUR","og_availability":"out of stock","product_availability":"out of stock","product_retailer_item_id":"2711","product_condition":"new"},"_links":{"self":[{"href":"https:\/\/www.david-coin.com\/de\/wp-json\/wp\/v2\/product\/123971","targetHints":{"allow":["GET"]}}],"collection":[{"href":"https:\/\/www.david-coin.com\/de\/wp-json\/wp\/v2\/product"}],"about":[{"href":"https:\/\/www.david-coin.com\/de\/wp-json\/wp\/v2\/types\/product"}],"replies":[{"embeddable":true,"href":"https:\/\/www.david-coin.com\/de\/wp-json\/wp\/v2\/comments?post=123971"}],"wp:featuredmedia":[{"embeddable":true,"href":"https:\/\/www.david-coin.com\/de\/wp-json\/wp\/v2\/media\/123969"}],"wp:attachment":[{"href":"https:\/\/www.david-coin.com\/de\/wp-json\/wp\/v2\/media?parent=123971"}],"wp:term":[{"taxonomy":"product_brand","embeddable":true,"href":"https:\/\/www.david-coin.com\/de\/wp-json\/wp\/v2\/product_brand?post=123971"},{"taxonomy":"product_cat","embeddable":true,"href":"https:\/\/www.david-coin.com\/de\/wp-json\/wp\/v2\/product_cat?post=123971"},{"taxonomy":"product_tag","embeddable":true,"href":"https:\/\/www.david-coin.com\/de\/wp-json\/wp\/v2\/product_tag?post=123971"}],"curies":[{"name":"wp","href":"https:\/\/api.w.org\/{rel}","templated":true}]}}