{"id":123956,"date":"2024-04-03T08:59:43","date_gmt":"2024-04-03T08:59:43","guid":{"rendered":"https:\/\/www.david-coin.com\/product\/nederland-1-gulden-1945-wilhelmina-3\/"},"modified":"2026-01-27T17:37:40","modified_gmt":"2026-01-27T16:37:40","slug":"nederland-1-gulden-1945-wilhelmina-3","status":"publish","type":"product","link":"https:\/\/www.david-coin.com\/de\/produkt\/nederland-1-gulden-1945-wilhelmina-3\/","title":{"rendered":"Niederlande 1 Gulden 1945 Wilhelmina"},"content":{"rendered":"<p><span style=\"font-size: 12pt;\">Niederlande 1 Gulden 1945 Wilhelmina<\/span><br \/>\n<span style=\"font-size: 12pt;\">NVMH:06-1b<\/span><br \/>\n<span style=\"font-size: 12pt;\">Plomp:PL6a1<\/span><\/p>\n<p>Da bereits geplant war, die Wirtschaft nach der Befreiung durch eine Gelds\u00e4uberung wiederherzustellen, musste auch neues Geld hergestellt werden, um das alte Geld einzutauschen. Daher wurden in London (bei Thomas de la Rue) Ein- und Zweieinhalb-Gulden-Noten gedruckt, um bei der Befreiung gen\u00fcgend neues Geld zu haben. Der Ein-Gulden-Schein von 1945 tr\u00e4gt auf der Vorderseite die Unterschrift des Finanzministers Gerardus Wilhelmus Maria Huysmans. Sp\u00e4ter im Jahr 1945 wurden auch Zehn- und Hundertguldenscheine gedruckt, und die Serie besteht insgesamt aus folgenden Scheinen:<br \/>\n1.\t<a href=\"https:\/\/www.david-coin.com\/de\/produkt\/nederland-1-gulden-1945-wilhelmina-1\/\">Ein-Gulden-M\u00fcnzschein 1945 Wilhelmina<\/a>;<br \/>\n2.\t<a href=\"https:\/\/www.david-coin.com\/de\/produkt\/nederland-25-gulden-1945-wilhelmina-2\/\">Zweieinhalb-Gulden-M\u00fcnzschein 1945 Wilhelmina<\/a>;<br \/>\n3.\t<a href=\"https:\/\/www.david-coin.com\/de\/produkt\/nederland-10-gulden-1945-lieftinck-2\/\">Gelds\u00e4uberung f\u00fcr zehn Gulden (Lieftincks Zehner);<\/a><br \/>\n4.\t<a href=\"https:\/\/www.david-coin.com\/de\/produkt\/nederland-100-gulden-1945-geldzuivering-3\/\">Hundert Gulden Bargeldabschaffung.<\/a><br \/>\nDie Banknoten wurden schlie\u00dflich Ende der 1940er Jahre aus dem Verkehr gezogen, als <a href=\"https:\/\/www.david-coin.com\/de\/produkt-kategorie\/nederlandse-munten\/wilhelmina-1890-1948\/?jsf=jet-woo-products-grid&#038;pagenum=4\">K\u00f6nigin Wilhelmina<\/a> dankte ab und K\u00f6nigin Juliana bestieg den Thron. <\/p>\n<p><span style=\"font-size: 12pt;\">Siehe Scans f\u00fcr weitere Einzelheiten.<\/span><br \/>\n<span style=\"font-size: 12pt;\"> Bei Fragen k\u00f6nnen Sie uns gerne eine Nachricht schicken.<\/span><\/p>","protected":false},"excerpt":{"rendered":"<p>NVMH:06-1b<\/p>","protected":false},"featured_media":123954,"comment_status":"closed","ping_status":"closed","template":"","meta":[],"product_brand":[],"product_cat":[5488,5472],"product_tag":[],"class_list":{"0":"post-123956","1":"product","2":"type-product","3":"status-publish","4":"has-post-thumbnail","6":"product_cat-1-gulden-biljet","7":"product_cat-nederlandse-bankbiljetten","8":"pa_bankbiljetwaarde-1gulden","9":"pa_delcampeid-5280","10":"pa_land-nederland","12":"first","13":"instock","14":"taxable","15":"shipping-taxable","16":"purchasable","17":"product-type-simple"},"yoast_head":"<!-- This site is optimized with the Yoast SEO Premium plugin v27.2 (Yoast SEO v27.5) - https:\/\/yoast.com\/product\/yoast-seo-premium-wordpress\/ -->\n<title>Nederland 1 Gulden 1945 Wilhelmina<\/title>\n<meta name=\"description\" content=\"Nederland 1 Gulden 1945 Wilhelmina\" \/>\n<meta name=\"robots\" content=\"index, follow, max-snippet:-1, max-image-preview:large, max-video-preview:-1\" \/>\n<link rel=\"canonical\" href=\"https:\/\/www.david-coin.com\/de\/produkt\/nederland-1-gulden-1945-wilhelmina-3\/\" \/>\n<meta property=\"og:locale\" content=\"de_DE\" \/>\n<meta property=\"og:type\" content=\"article\" \/>\n<meta property=\"og:title\" content=\"Nederland 1 Gulden 1945 Wilhelmina\" \/>\n<meta property=\"og:description\" content=\"Nederland 1 Gulden 1945 Wilhelmina\" \/>\n<meta property=\"og:url\" content=\"https:\/\/www.david-coin.com\/de\/produkt\/nederland-1-gulden-1945-wilhelmina-3\/\" \/>\n<meta property=\"og:site_name\" content=\"David Coin\" \/>\n<meta property=\"article:publisher\" content=\"https:\/\/www.facebook.com\/Davidcoininkoopenverkoop\" \/>\n<meta property=\"article:modified_time\" content=\"2026-01-27T16:37:40+00:00\" \/>\n<meta property=\"og:image\" content=\"https:\/\/www.david-coin.com\/wp-content\/uploads\/2024\/04\/1945Wilhelmina.jpg\" \/>\n\t<meta property=\"og:image:width\" content=\"800\" \/>\n\t<meta property=\"og:image:height\" content=\"416\" \/>\n\t<meta property=\"og:image:type\" content=\"image\/jpeg\" \/>\n<meta name=\"twitter:card\" content=\"summary_large_image\" \/>\n<meta name=\"twitter:label1\" content=\"Preis\" \/>\n\t<meta name=\"twitter:data1\" content=\"&euro;&nbsp;49,95\" \/>\n\t<meta name=\"twitter:label2\" content=\"Verf\u00fcgbarkeit\" \/>\n\t<meta name=\"twitter:data2\" content=\"Auf Lager\" \/>\n<script type=\"application\/ld+json\" class=\"yoast-schema-graph\">{\"@context\":\"https:\\\/\\\/schema.org\",\"@graph\":[{\"@type\":\"WebPage\",\"@id\":\"https:\\\/\\\/www.david-coin.com\\\/product\\\/nederland-1-gulden-1945-wilhelmina-3\\\/\",\"url\":\"https:\\\/\\\/www.david-coin.com\\\/product\\\/nederland-1-gulden-1945-wilhelmina-3\\\/\",\"name\":\"Nederland 1 Gulden 1945 Wilhelmina\",\"isPartOf\":{\"@id\":\"https:\\\/\\\/www.david-coin.com\\\/#website\"},\"primaryImageOfPage\":{\"@id\":\"https:\\\/\\\/www.david-coin.com\\\/product\\\/nederland-1-gulden-1945-wilhelmina-3\\\/#primaryimage\"},\"image\":{\"@id\":\"https:\\\/\\\/www.david-coin.com\\\/product\\\/nederland-1-gulden-1945-wilhelmina-3\\\/#primaryimage\"},\"thumbnailUrl\":\"https:\\\/\\\/www.david-coin.com\\\/wp-content\\\/uploads\\\/2024\\\/04\\\/1945Wilhelmina.jpg\",\"datePublished\":\"2024-04-03T08:59:43+00:00\",\"dateModified\":\"2026-01-27T16:37:40+00:00\",\"description\":\"Nederland 1 Gulden 1945 Wilhelmina\",\"breadcrumb\":{\"@id\":\"https:\\\/\\\/www.david-coin.com\\\/product\\\/nederland-1-gulden-1945-wilhelmina-3\\\/#breadcrumb\"},\"inLanguage\":\"de\",\"potentialAction\":[{\"@type\":\"ReadAction\",\"target\":[\"https:\\\/\\\/www.david-coin.com\\\/product\\\/nederland-1-gulden-1945-wilhelmina-3\\\/\"]}]},{\"@type\":\"ImageObject\",\"inLanguage\":\"de\",\"@id\":\"https:\\\/\\\/www.david-coin.com\\\/product\\\/nederland-1-gulden-1945-wilhelmina-3\\\/#primaryimage\",\"url\":\"https:\\\/\\\/www.david-coin.com\\\/wp-content\\\/uploads\\\/2024\\\/04\\\/1945Wilhelmina.jpg\",\"contentUrl\":\"https:\\\/\\\/www.david-coin.com\\\/wp-content\\\/uploads\\\/2024\\\/04\\\/1945Wilhelmina.jpg\",\"width\":800,\"height\":416},{\"@type\":\"BreadcrumbList\",\"@id\":\"https:\\\/\\\/www.david-coin.com\\\/product\\\/nederland-1-gulden-1945-wilhelmina-3\\\/#breadcrumb\",\"itemListElement\":[{\"@type\":\"ListItem\",\"position\":1,\"name\":\"Home\",\"item\":\"https:\\\/\\\/www.david-coin.com\\\/\"},{\"@type\":\"ListItem\",\"position\":2,\"name\":\"Winkel\",\"item\":\"https:\\\/\\\/www.david-coin.com\\\/winkel\\\/\"},{\"@type\":\"ListItem\",\"position\":3,\"name\":\"Nederland 1 Gulden 1945 Wilhelmina\"}]},{\"@type\":\"WebSite\",\"@id\":\"https:\\\/\\\/www.david-coin.com\\\/#website\",\"url\":\"https:\\\/\\\/www.david-coin.com\\\/\",\"name\":\"David Coin\",\"description\":\"\",\"publisher\":{\"@id\":\"https:\\\/\\\/www.david-coin.com\\\/#organization\"},\"potentialAction\":[{\"@type\":\"SearchAction\",\"target\":{\"@type\":\"EntryPoint\",\"urlTemplate\":\"https:\\\/\\\/www.david-coin.com\\\/?s={search_term_string}\"},\"query-input\":{\"@type\":\"PropertyValueSpecification\",\"valueRequired\":true,\"valueName\":\"search_term_string\"}}],\"inLanguage\":\"de\"},{\"@type\":\"Organization\",\"@id\":\"https:\\\/\\\/www.david-coin.com\\\/#organization\",\"name\":\"David Coin\",\"url\":\"https:\\\/\\\/www.david-coin.com\\\/\",\"logo\":{\"@type\":\"ImageObject\",\"inLanguage\":\"de\",\"@id\":\"https:\\\/\\\/www.david-coin.com\\\/#\\\/schema\\\/logo\\\/image\\\/\",\"url\":\"https:\\\/\\\/www.david-coin.com\\\/wp-content\\\/uploads\\\/2024\\\/04\\\/davidcoin-logo-final.png\",\"contentUrl\":\"https:\\\/\\\/www.david-coin.com\\\/wp-content\\\/uploads\\\/2024\\\/04\\\/davidcoin-logo-final.png\",\"width\":800,\"height\":267,\"caption\":\"David Coin\"},\"image\":{\"@id\":\"https:\\\/\\\/www.david-coin.com\\\/#\\\/schema\\\/logo\\\/image\\\/\"},\"sameAs\":[\"https:\\\/\\\/www.facebook.com\\\/Davidcoininkoopenverkoop\",\"https:\\\/\\\/www.youtube.com\\\/channel\\\/UC39lihLKFSPTff0w6tv0pWQ\"]}]}<\/script>\n<meta property=\"product:price:amount\" content=\"49.95\" \/>\n<meta property=\"product:price:currency\" content=\"EUR\" \/>\n<meta property=\"og:availability\" content=\"instock\" \/>\n<meta property=\"product:availability\" content=\"instock\" \/>\n<meta property=\"product:retailer_item_id\" content=\"2810\" \/>\n<meta property=\"product:condition\" content=\"new\" \/>\n<!-- \/ Yoast SEO Premium plugin. -->","yoast_head_json":{"title":"Niederlande 1 Gulden 1945 Wilhelmina","description":"Niederlande 1 Gulden 1945 Wilhelmina","robots":{"index":"index","follow":"follow","max-snippet":"max-snippet:-1","max-image-preview":"max-image-preview:large","max-video-preview":"max-video-preview:-1"},"canonical":"https:\/\/www.david-coin.com\/de\/produkt\/nederland-1-gulden-1945-wilhelmina-3\/","og_locale":"de_DE","og_type":"article","og_title":"Nederland 1 Gulden 1945 Wilhelmina","og_description":"Nederland 1 Gulden 1945 Wilhelmina","og_url":"https:\/\/www.david-coin.com\/de\/produkt\/nederland-1-gulden-1945-wilhelmina-3\/","og_site_name":"David Coin","article_publisher":"https:\/\/www.facebook.com\/Davidcoininkoopenverkoop","article_modified_time":"2026-01-27T16:37:40+00:00","og_image":[{"width":800,"height":416,"url":"https:\/\/www.david-coin.com\/wp-content\/uploads\/2024\/04\/1945Wilhelmina.jpg","type":"image\/jpeg"}],"twitter_card":"summary_large_image","twitter_misc":{"Preis":"&euro;&nbsp;49,95","Verf\u00fcgbarkeit":"Auf Lager"},"schema":{"@context":"https:\/\/schema.org","@graph":[{"@type":"WebPage","@id":"https:\/\/www.david-coin.com\/product\/nederland-1-gulden-1945-wilhelmina-3\/","url":"https:\/\/www.david-coin.com\/product\/nederland-1-gulden-1945-wilhelmina-3\/","name":"Niederlande 1 Gulden 1945 Wilhelmina","isPartOf":{"@id":"https:\/\/www.david-coin.com\/#website"},"primaryImageOfPage":{"@id":"https:\/\/www.david-coin.com\/product\/nederland-1-gulden-1945-wilhelmina-3\/#primaryimage"},"image":{"@id":"https:\/\/www.david-coin.com\/product\/nederland-1-gulden-1945-wilhelmina-3\/#primaryimage"},"thumbnailUrl":"https:\/\/www.david-coin.com\/wp-content\/uploads\/2024\/04\/1945Wilhelmina.jpg","datePublished":"2024-04-03T08:59:43+00:00","dateModified":"2026-01-27T16:37:40+00:00","description":"Niederlande 1 Gulden 1945 Wilhelmina","breadcrumb":{"@id":"https:\/\/www.david-coin.com\/product\/nederland-1-gulden-1945-wilhelmina-3\/#breadcrumb"},"inLanguage":"de","potentialAction":[{"@type":"ReadAction","target":["https:\/\/www.david-coin.com\/product\/nederland-1-gulden-1945-wilhelmina-3\/"]}]},{"@type":"ImageObject","inLanguage":"de","@id":"https:\/\/www.david-coin.com\/product\/nederland-1-gulden-1945-wilhelmina-3\/#primaryimage","url":"https:\/\/www.david-coin.com\/wp-content\/uploads\/2024\/04\/1945Wilhelmina.jpg","contentUrl":"https:\/\/www.david-coin.com\/wp-content\/uploads\/2024\/04\/1945Wilhelmina.jpg","width":800,"height":416},{"@type":"BreadcrumbList","@id":"https:\/\/www.david-coin.com\/product\/nederland-1-gulden-1945-wilhelmina-3\/#breadcrumb","itemListElement":[{"@type":"ListItem","position":1,"name":"Home","item":"https:\/\/www.david-coin.com\/"},{"@type":"ListItem","position":2,"name":"Winkel","item":"https:\/\/www.david-coin.com\/winkel\/"},{"@type":"ListItem","position":3,"name":"Nederland 1 Gulden 1945 Wilhelmina"}]},{"@type":"WebSite","@id":"https:\/\/www.david-coin.com\/#website","url":"https:\/\/www.david-coin.com\/","name":"David Coin","description":"","publisher":{"@id":"https:\/\/www.david-coin.com\/#organization"},"potentialAction":[{"@type":"SearchAction","target":{"@type":"EntryPoint","urlTemplate":"https:\/\/www.david-coin.com\/?s={search_term_string}"},"query-input":{"@type":"PropertyValueSpecification","valueRequired":true,"valueName":"search_term_string"}}],"inLanguage":"de"},{"@type":"Organization","@id":"https:\/\/www.david-coin.com\/#organization","name":"David Coin","url":"https:\/\/www.david-coin.com\/","logo":{"@type":"ImageObject","inLanguage":"de","@id":"https:\/\/www.david-coin.com\/#\/schema\/logo\/image\/","url":"https:\/\/www.david-coin.com\/wp-content\/uploads\/2024\/04\/davidcoin-logo-final.png","contentUrl":"https:\/\/www.david-coin.com\/wp-content\/uploads\/2024\/04\/davidcoin-logo-final.png","width":800,"height":267,"caption":"David Coin"},"image":{"@id":"https:\/\/www.david-coin.com\/#\/schema\/logo\/image\/"},"sameAs":["https:\/\/www.facebook.com\/Davidcoininkoopenverkoop","https:\/\/www.youtube.com\/channel\/UC39lihLKFSPTff0w6tv0pWQ"]}]},"product_price_amount":"49.95","product_price_currency":"EUR","og_availability":"instock","product_availability":"instock","product_retailer_item_id":"2810","product_condition":"new"},"_links":{"self":[{"href":"https:\/\/www.david-coin.com\/de\/wp-json\/wp\/v2\/product\/123956","targetHints":{"allow":["GET"]}}],"collection":[{"href":"https:\/\/www.david-coin.com\/de\/wp-json\/wp\/v2\/product"}],"about":[{"href":"https:\/\/www.david-coin.com\/de\/wp-json\/wp\/v2\/types\/product"}],"replies":[{"embeddable":true,"href":"https:\/\/www.david-coin.com\/de\/wp-json\/wp\/v2\/comments?post=123956"}],"wp:featuredmedia":[{"embeddable":true,"href":"https:\/\/www.david-coin.com\/de\/wp-json\/wp\/v2\/media\/123954"}],"wp:attachment":[{"href":"https:\/\/www.david-coin.com\/de\/wp-json\/wp\/v2\/media?parent=123956"}],"wp:term":[{"taxonomy":"product_brand","embeddable":true,"href":"https:\/\/www.david-coin.com\/de\/wp-json\/wp\/v2\/product_brand?post=123956"},{"taxonomy":"product_cat","embeddable":true,"href":"https:\/\/www.david-coin.com\/de\/wp-json\/wp\/v2\/product_cat?post=123956"},{"taxonomy":"product_tag","embeddable":true,"href":"https:\/\/www.david-coin.com\/de\/wp-json\/wp\/v2\/product_tag?post=123956"}],"curies":[{"name":"wp","href":"https:\/\/api.w.org\/{rel}","templated":true}]}}