{"id":123936,"date":"2024-03-30T12:06:10","date_gmt":"2024-03-30T11:06:10","guid":{"rendered":"https:\/\/www.david-coin.com\/product\/nederland-1-gulden-1865-willem-3-ngc\/"},"modified":"2026-04-10T13:16:58","modified_gmt":"2026-04-10T11:16:58","slug":"nederland-1-gulden-1865-willem-3-ngc","status":"publish","type":"product","link":"https:\/\/www.david-coin.com\/de\/produkt\/nederland-1-gulden-1865-willem-3-ngc\/","title":{"rendered":"Niederlande 1 Gulden 1865 Willem 3 NGC"},"content":{"rendered":"<p><span style=\"font-size: 12pt;\"><strong>Niederlande 1 Gulden 1865 Willem 3 NGC<\/strong><\/span><br \/>\n<span style=\"font-size: 12pt;\">Graded door NGC UNC details cleaned.<br \/>\nNumismatic guaranty company.<\/span><\/p>\n<p>Der Gulden von <a href=\"https:\/\/www.david-coin.com\/de\/produkt-kategorie\/nederlandse-munten\/willem-3-1849-1890\/\">Wilhelm 3<\/a> wurde von 1850 bis 1867 gepr\u00e4gt. Die M\u00fcnze zeigt auf der Vorderseite das Portr\u00e4t von K\u00f6nig Wilhelm 3 mit dem Randtext \"Wilhelm 3 K\u00f6nig der Niederlande G.H.V.L.\", \"G.H.V.L.\" steht f\u00fcr Gro\u00dfherzog von Luxemburg. Der Gulden von K\u00f6nig Wilhelm 3 besteht aus 945\/1000 Silber, wiegt 10 Gramm und hat einen Durchmesser von 28 Millimetern. Neben dem Gulden wurden unter Wilhelm 3. die folgenden M\u00fcnzen ausgegeben:<br \/>\n&#8211;\t<a href=\"https:\/\/www.david-coin.com\/de\/produkt\/nederland-halve-cent-1850-willem-3-2\/\">Halb-Cent William 3;<\/a><br \/>\n&#8211;\t<a href=\"https:\/\/www.david-coin.com\/de\/produkt\/nederland-1-cent-1860-willem-3\/\">Cent William 3;<\/a><br \/>\n&#8211;\t<a href=\"https:\/\/www.david-coin.com\/de\/produkt\/nederland-2-5-cent-1877-willem-3\/\">Zweieinhalb Cents William 3;<\/a><br \/>\n&#8211;\t<a href=\"https:\/\/www.david-coin.com\/de\/produkt\/nederland-5-cent-1862-willem-3\/\">Stuiver William 3;<\/a><br \/>\n&#8211;\t<a href=\"https:\/\/www.david-coin.com\/de\/produkt\/nederland-10-cent-1853-willem-3\/\">Double William 3;<\/a><br \/>\n&#8211;\t<a href=\"https:\/\/www.david-coin.com\/de\/produkt\/nederland-25-cent-1889-willem-3\/\">Viertel William 3;<\/a><br \/>\n&#8211;\t<a href=\"https:\/\/www.david-coin.com\/de\/produkt\/nederland-1-gulden-1866-willem-3\/\">Halber Gulden William 3;<\/a><br \/>\n&#8211;\t<a href=\"https:\/\/www.david-coin.com\/de\/produkt\/nederland-25-gulden-1857-willem-3\/\">Knaak oder zweieinhalb Gulden William 3;<\/a><br \/>\n&#8211;\t<a href=\"https:\/\/www.david-coin.com\/de\/produkt\/nederland-gouden-5-gulden-1851-willem-3-2\/\">F\u00fcnf Gulden William 3;<\/a><br \/>\n&#8211;\t<a href=\"https:\/\/www.david-coin.com\/de\/produkt\/nederland-10-gulden-1888-willem-3-2\/\">Zehn Gulden William 3;<\/a><br \/>\n- 20 Gulden (doppelt verhandelter Token) William 3.<\/p>\n<p>Die M\u00fcnzen von K\u00f6nig Wilhelm 3 verschwanden Anfang des 20. Jahrhunderts langsam aus dem Verkehr und wurden nach und nach durch die M\u00fcnzen von <a href=\"https:\/\/www.david-coin.com\/de\/produkt-kategorie\/nederlandse-munten\/wilhelmina-1890-1948\/\">K\u00f6nigin Wilhelmina<\/a>. Noch heute werden sie von vielen Sammlern gesammelt und sind daher sehr beliebt. <\/p>\n<p><span style=\"font-size: 12pt;\"> Siehe Scans f\u00fcr weitere Einzelheiten.\u00a0<\/span><br \/>\n<span style=\"font-size: 12pt;\"> Bei Fragen k\u00f6nnen Sie uns gerne eine Nachricht schicken.<\/span><\/p>","protected":false},"excerpt":{"rendered":"<p>UNC<\/p>","protected":false},"featured_media":123934,"comment_status":"closed","ping_status":"open","template":"","meta":[],"product_brand":[],"product_cat":[5517,5471,5521],"product_tag":[],"class_list":{"0":"post-123936","1":"product","2":"type-product","3":"status-publish","4":"has-post-thumbnail","6":"product_cat-aanbiedingen-munten-bankbiljetten","7":"product_cat-nederlandse-munten","8":"product_cat-willem-3-1849-1890","9":"pa_delcampeid-5289","10":"pa_koning-koningin-willem3","11":"pa_kwaliteit-unc","12":"pa_land-nederland","13":"pa_materiaal-zilver","14":"pa_muntwaarde-1gulden","15":"pa_soort-ngc","17":"first","18":"instock","19":"taxable","20":"shipping-taxable","21":"purchasable","22":"product-type-simple"},"yoast_head":"<!-- This site is optimized with the Yoast SEO Premium plugin v27.2 (Yoast SEO v27.4) - https:\/\/yoast.com\/product\/yoast-seo-premium-wordpress\/ -->\n<title>Nederland 1 Gulden 1865 Willem 3 NGC<\/title>\n<meta name=\"description\" content=\"Nederlandse munten verkrijgbaar van Willem 1 t\/m heden bij David-coin. Bekijk nu ons complete aanbod. Gratis verzending binnen Nederland vanaf 75 euro.\" \/>\n<meta name=\"robots\" content=\"index, follow, max-snippet:-1, max-image-preview:large, max-video-preview:-1\" \/>\n<link rel=\"canonical\" href=\"https:\/\/www.david-coin.com\/de\/produkt\/nederland-1-gulden-1865-willem-3-ngc\/\" \/>\n<meta property=\"og:locale\" content=\"de_DE\" \/>\n<meta property=\"og:type\" content=\"article\" \/>\n<meta property=\"og:title\" content=\"Nederland 1 Gulden 1865 Willem 3 NGC\" \/>\n<meta property=\"og:description\" content=\"Nederlandse munten verkrijgbaar van Willem 1 t\/m heden bij David-coin. Bekijk nu ons complete aanbod. Gratis verzending binnen Nederland vanaf 75 euro.\" \/>\n<meta property=\"og:url\" content=\"https:\/\/www.david-coin.com\/de\/produkt\/nederland-1-gulden-1865-willem-3-ngc\/\" \/>\n<meta property=\"og:site_name\" content=\"David Coin\" \/>\n<meta property=\"article:publisher\" content=\"https:\/\/www.facebook.com\/Davidcoininkoopenverkoop\" \/>\n<meta property=\"article:modified_time\" content=\"2026-04-10T11:16:58+00:00\" \/>\n<meta property=\"og:image\" content=\"https:\/\/www.david-coin.com\/wp-content\/uploads\/2024\/03\/gulden1865-NGC-UNC.jpg\" \/>\n\t<meta property=\"og:image:width\" content=\"587\" \/>\n\t<meta property=\"og:image:height\" content=\"800\" \/>\n\t<meta property=\"og:image:type\" content=\"image\/jpeg\" \/>\n<meta name=\"twitter:card\" content=\"summary_large_image\" \/>\n<meta name=\"twitter:label1\" content=\"Preis\" \/>\n\t<meta name=\"twitter:data1\" content=\"&euro;&nbsp;249,95\" \/>\n\t<meta name=\"twitter:label2\" content=\"Verf\u00fcgbarkeit\" \/>\n\t<meta name=\"twitter:data2\" content=\"Auf Lager\" \/>\n<script type=\"application\/ld+json\" class=\"yoast-schema-graph\">{\"@context\":\"https:\\\/\\\/schema.org\",\"@graph\":[{\"@type\":\"WebPage\",\"@id\":\"https:\\\/\\\/www.david-coin.com\\\/product\\\/nederland-1-gulden-1865-willem-3-ngc\\\/\",\"url\":\"https:\\\/\\\/www.david-coin.com\\\/product\\\/nederland-1-gulden-1865-willem-3-ngc\\\/\",\"name\":\"Nederland 1 Gulden 1865 Willem 3 NGC\",\"isPartOf\":{\"@id\":\"https:\\\/\\\/www.david-coin.com\\\/#website\"},\"primaryImageOfPage\":{\"@id\":\"https:\\\/\\\/www.david-coin.com\\\/product\\\/nederland-1-gulden-1865-willem-3-ngc\\\/#primaryimage\"},\"image\":{\"@id\":\"https:\\\/\\\/www.david-coin.com\\\/product\\\/nederland-1-gulden-1865-willem-3-ngc\\\/#primaryimage\"},\"thumbnailUrl\":\"https:\\\/\\\/www.david-coin.com\\\/wp-content\\\/uploads\\\/2024\\\/03\\\/gulden1865-NGC-UNC.jpg\",\"datePublished\":\"2024-03-30T11:06:10+00:00\",\"dateModified\":\"2026-04-10T11:16:58+00:00\",\"description\":\"Nederlandse munten verkrijgbaar van Willem 1 t\\\/m heden bij David-coin. Bekijk nu ons complete aanbod. Gratis verzending binnen Nederland vanaf 75 euro.\",\"breadcrumb\":{\"@id\":\"https:\\\/\\\/www.david-coin.com\\\/product\\\/nederland-1-gulden-1865-willem-3-ngc\\\/#breadcrumb\"},\"inLanguage\":\"de\",\"potentialAction\":[{\"@type\":\"ReadAction\",\"target\":[\"https:\\\/\\\/www.david-coin.com\\\/product\\\/nederland-1-gulden-1865-willem-3-ngc\\\/\"]}]},{\"@type\":\"ImageObject\",\"inLanguage\":\"de\",\"@id\":\"https:\\\/\\\/www.david-coin.com\\\/product\\\/nederland-1-gulden-1865-willem-3-ngc\\\/#primaryimage\",\"url\":\"https:\\\/\\\/www.david-coin.com\\\/wp-content\\\/uploads\\\/2024\\\/03\\\/gulden1865-NGC-UNC.jpg\",\"contentUrl\":\"https:\\\/\\\/www.david-coin.com\\\/wp-content\\\/uploads\\\/2024\\\/03\\\/gulden1865-NGC-UNC.jpg\",\"width\":587,\"height\":800},{\"@type\":\"BreadcrumbList\",\"@id\":\"https:\\\/\\\/www.david-coin.com\\\/product\\\/nederland-1-gulden-1865-willem-3-ngc\\\/#breadcrumb\",\"itemListElement\":[{\"@type\":\"ListItem\",\"position\":1,\"name\":\"Home\",\"item\":\"https:\\\/\\\/www.david-coin.com\\\/\"},{\"@type\":\"ListItem\",\"position\":2,\"name\":\"Winkel\",\"item\":\"https:\\\/\\\/www.david-coin.com\\\/winkel\\\/\"},{\"@type\":\"ListItem\",\"position\":3,\"name\":\"Nederland 1 Gulden 1865 Willem 3 NGC\"}]},{\"@type\":\"WebSite\",\"@id\":\"https:\\\/\\\/www.david-coin.com\\\/#website\",\"url\":\"https:\\\/\\\/www.david-coin.com\\\/\",\"name\":\"David Coin\",\"description\":\"\",\"publisher\":{\"@id\":\"https:\\\/\\\/www.david-coin.com\\\/#organization\"},\"potentialAction\":[{\"@type\":\"SearchAction\",\"target\":{\"@type\":\"EntryPoint\",\"urlTemplate\":\"https:\\\/\\\/www.david-coin.com\\\/?s={search_term_string}\"},\"query-input\":{\"@type\":\"PropertyValueSpecification\",\"valueRequired\":true,\"valueName\":\"search_term_string\"}}],\"inLanguage\":\"de\"},{\"@type\":\"Organization\",\"@id\":\"https:\\\/\\\/www.david-coin.com\\\/#organization\",\"name\":\"David Coin\",\"url\":\"https:\\\/\\\/www.david-coin.com\\\/\",\"logo\":{\"@type\":\"ImageObject\",\"inLanguage\":\"de\",\"@id\":\"https:\\\/\\\/www.david-coin.com\\\/#\\\/schema\\\/logo\\\/image\\\/\",\"url\":\"https:\\\/\\\/www.david-coin.com\\\/wp-content\\\/uploads\\\/2024\\\/04\\\/davidcoin-logo-final.png\",\"contentUrl\":\"https:\\\/\\\/www.david-coin.com\\\/wp-content\\\/uploads\\\/2024\\\/04\\\/davidcoin-logo-final.png\",\"width\":800,\"height\":267,\"caption\":\"David Coin\"},\"image\":{\"@id\":\"https:\\\/\\\/www.david-coin.com\\\/#\\\/schema\\\/logo\\\/image\\\/\"},\"sameAs\":[\"https:\\\/\\\/www.facebook.com\\\/Davidcoininkoopenverkoop\",\"https:\\\/\\\/www.youtube.com\\\/channel\\\/UC39lihLKFSPTff0w6tv0pWQ\"]}]}<\/script>\n<meta property=\"product:price:amount\" content=\"249.95\" \/>\n<meta property=\"product:price:currency\" content=\"EUR\" \/>\n<meta property=\"og:availability\" content=\"instock\" \/>\n<meta property=\"product:availability\" content=\"instock\" \/>\n<meta property=\"product:retailer_item_id\" content=\"15591\" \/>\n<meta property=\"product:condition\" content=\"new\" \/>\n<!-- \/ Yoast SEO Premium plugin. -->","yoast_head_json":{"title":"Niederlande 1 Gulden 1865 Willem 3 NGC","description":"Nederlandse munten verkrijgbaar van Willem 1 t\/m heden bij David-coin. Bekijk nu ons complete aanbod. Gratis verzending binnen Nederland vanaf 75 euro.","robots":{"index":"index","follow":"follow","max-snippet":"max-snippet:-1","max-image-preview":"max-image-preview:large","max-video-preview":"max-video-preview:-1"},"canonical":"https:\/\/www.david-coin.com\/de\/produkt\/nederland-1-gulden-1865-willem-3-ngc\/","og_locale":"de_DE","og_type":"article","og_title":"Nederland 1 Gulden 1865 Willem 3 NGC","og_description":"Nederlandse munten verkrijgbaar van Willem 1 t\/m heden bij David-coin. Bekijk nu ons complete aanbod. Gratis verzending binnen Nederland vanaf 75 euro.","og_url":"https:\/\/www.david-coin.com\/de\/produkt\/nederland-1-gulden-1865-willem-3-ngc\/","og_site_name":"David Coin","article_publisher":"https:\/\/www.facebook.com\/Davidcoininkoopenverkoop","article_modified_time":"2026-04-10T11:16:58+00:00","og_image":[{"width":587,"height":800,"url":"https:\/\/www.david-coin.com\/wp-content\/uploads\/2024\/03\/gulden1865-NGC-UNC.jpg","type":"image\/jpeg"}],"twitter_card":"summary_large_image","twitter_misc":{"Preis":"&euro;&nbsp;249,95","Verf\u00fcgbarkeit":"Auf Lager"},"schema":{"@context":"https:\/\/schema.org","@graph":[{"@type":"WebPage","@id":"https:\/\/www.david-coin.com\/product\/nederland-1-gulden-1865-willem-3-ngc\/","url":"https:\/\/www.david-coin.com\/product\/nederland-1-gulden-1865-willem-3-ngc\/","name":"Niederlande 1 Gulden 1865 Willem 3 NGC","isPartOf":{"@id":"https:\/\/www.david-coin.com\/#website"},"primaryImageOfPage":{"@id":"https:\/\/www.david-coin.com\/product\/nederland-1-gulden-1865-willem-3-ngc\/#primaryimage"},"image":{"@id":"https:\/\/www.david-coin.com\/product\/nederland-1-gulden-1865-willem-3-ngc\/#primaryimage"},"thumbnailUrl":"https:\/\/www.david-coin.com\/wp-content\/uploads\/2024\/03\/gulden1865-NGC-UNC.jpg","datePublished":"2024-03-30T11:06:10+00:00","dateModified":"2026-04-10T11:16:58+00:00","description":"Nederlandse munten verkrijgbaar van Willem 1 t\/m heden bij David-coin. Bekijk nu ons complete aanbod. Gratis verzending binnen Nederland vanaf 75 euro.","breadcrumb":{"@id":"https:\/\/www.david-coin.com\/product\/nederland-1-gulden-1865-willem-3-ngc\/#breadcrumb"},"inLanguage":"de","potentialAction":[{"@type":"ReadAction","target":["https:\/\/www.david-coin.com\/product\/nederland-1-gulden-1865-willem-3-ngc\/"]}]},{"@type":"ImageObject","inLanguage":"de","@id":"https:\/\/www.david-coin.com\/product\/nederland-1-gulden-1865-willem-3-ngc\/#primaryimage","url":"https:\/\/www.david-coin.com\/wp-content\/uploads\/2024\/03\/gulden1865-NGC-UNC.jpg","contentUrl":"https:\/\/www.david-coin.com\/wp-content\/uploads\/2024\/03\/gulden1865-NGC-UNC.jpg","width":587,"height":800},{"@type":"BreadcrumbList","@id":"https:\/\/www.david-coin.com\/product\/nederland-1-gulden-1865-willem-3-ngc\/#breadcrumb","itemListElement":[{"@type":"ListItem","position":1,"name":"Home","item":"https:\/\/www.david-coin.com\/"},{"@type":"ListItem","position":2,"name":"Winkel","item":"https:\/\/www.david-coin.com\/winkel\/"},{"@type":"ListItem","position":3,"name":"Nederland 1 Gulden 1865 Willem 3 NGC"}]},{"@type":"WebSite","@id":"https:\/\/www.david-coin.com\/#website","url":"https:\/\/www.david-coin.com\/","name":"David Coin","description":"","publisher":{"@id":"https:\/\/www.david-coin.com\/#organization"},"potentialAction":[{"@type":"SearchAction","target":{"@type":"EntryPoint","urlTemplate":"https:\/\/www.david-coin.com\/?s={search_term_string}"},"query-input":{"@type":"PropertyValueSpecification","valueRequired":true,"valueName":"search_term_string"}}],"inLanguage":"de"},{"@type":"Organization","@id":"https:\/\/www.david-coin.com\/#organization","name":"David Coin","url":"https:\/\/www.david-coin.com\/","logo":{"@type":"ImageObject","inLanguage":"de","@id":"https:\/\/www.david-coin.com\/#\/schema\/logo\/image\/","url":"https:\/\/www.david-coin.com\/wp-content\/uploads\/2024\/04\/davidcoin-logo-final.png","contentUrl":"https:\/\/www.david-coin.com\/wp-content\/uploads\/2024\/04\/davidcoin-logo-final.png","width":800,"height":267,"caption":"David Coin"},"image":{"@id":"https:\/\/www.david-coin.com\/#\/schema\/logo\/image\/"},"sameAs":["https:\/\/www.facebook.com\/Davidcoininkoopenverkoop","https:\/\/www.youtube.com\/channel\/UC39lihLKFSPTff0w6tv0pWQ"]}]},"product_price_amount":"249.95","product_price_currency":"EUR","og_availability":"instock","product_availability":"instock","product_retailer_item_id":"15591","product_condition":"new"},"_links":{"self":[{"href":"https:\/\/www.david-coin.com\/de\/wp-json\/wp\/v2\/product\/123936","targetHints":{"allow":["GET"]}}],"collection":[{"href":"https:\/\/www.david-coin.com\/de\/wp-json\/wp\/v2\/product"}],"about":[{"href":"https:\/\/www.david-coin.com\/de\/wp-json\/wp\/v2\/types\/product"}],"replies":[{"embeddable":true,"href":"https:\/\/www.david-coin.com\/de\/wp-json\/wp\/v2\/comments?post=123936"}],"wp:featuredmedia":[{"embeddable":true,"href":"https:\/\/www.david-coin.com\/de\/wp-json\/wp\/v2\/media\/123934"}],"wp:attachment":[{"href":"https:\/\/www.david-coin.com\/de\/wp-json\/wp\/v2\/media?parent=123936"}],"wp:term":[{"taxonomy":"product_brand","embeddable":true,"href":"https:\/\/www.david-coin.com\/de\/wp-json\/wp\/v2\/product_brand?post=123936"},{"taxonomy":"product_cat","embeddable":true,"href":"https:\/\/www.david-coin.com\/de\/wp-json\/wp\/v2\/product_cat?post=123936"},{"taxonomy":"product_tag","embeddable":true,"href":"https:\/\/www.david-coin.com\/de\/wp-json\/wp\/v2\/product_tag?post=123936"}],"curies":[{"name":"wp","href":"https:\/\/api.w.org\/{rel}","templated":true}]}}