{"id":123246,"date":"2024-02-22T10:51:02","date_gmt":"2024-02-22T10:51:02","guid":{"rendered":"https:\/\/www.david-coin.com\/product\/nederland-1-gulden-1949-juliana-pmg65\/"},"modified":"2026-03-19T15:34:19","modified_gmt":"2026-03-19T14:34:19","slug":"nederland-1-gulden-1949-juliana-pmg65","status":"publish","type":"product","link":"https:\/\/www.david-coin.com\/de\/produkt\/nederland-1-gulden-1949-juliana-pmg65\/","title":{"rendered":"Nederland 1 Gulden 1949 Juliana PMG65 EPQ"},"content":{"rendered":"<p><span style=\"font-size: 12pt;\"><strong>Niederlande 1 Gulden 1949 Juliana PMG65<\/strong><br \/>\nAu\u00dfergew\u00f6hnliche Papierqualit\u00e4t.<br \/>\n<\/span><br \/>\n<span style=\"font-size: 12pt;\"> NVMH:07-1a<\/span><br \/>\n<span style=\"font-size: 12pt;\"> Plomp:PL7<br \/>\nPick:72<br \/>\n<\/span><\/p>\n<p>Nach der Gelds\u00e4uberung waren alle Banknoten durch neues Geld ersetzt worden, nur die Pr\u00e4gung neuer Silberm\u00fcnzen war wegen der Knappheit noch nicht m\u00f6glich. Als K\u00f6nigin Juliana den Thron bestieg, wurden daher neue M\u00fcnzscheine entworfen, die die alten Scheine mit dem Bild von Wilhelmina ersetzen sollten. Das Design der neuen M\u00fcnzscheine zeigte ein Bild der neuen K\u00f6nigin, umgeben von dem Buchstaben \"J\", der zweimal f\u00fcr Juliana steht. Unterzeichnet wurden die neuen Scheine von Finanzminister Pieter Lieftinck, der auch f\u00fcr die Gelds\u00e4uberung im Juli und September 1945 verantwortlich war. Neben dem Gulden gibt es auch den:<br \/>\n&#8211; <a href=\"https:\/\/www.david-coin.com\/de\/produkt\/nederland-2-5-gulden-1949-juliana\/\">Zweieinhalb-Gulden-M\u00fcnzschein 1949 Juliana.<\/a><br \/>\nDer Ein-Gulden-Schein mit dem Bild von Juliana verschwand Mitte der 1950er Jahre langsam aus dem Verkehr, als die <a href=\"https:\/\/www.david-coin.com\/de\/produkt\/nederland-1-gulden-1954-juliana-zilver\/\">neue Silbergulden<\/a> in Umlauf gebracht.<\/p>\n<p><span style=\"font-size: 12pt;\"> Siehe Scans f\u00fcr weitere Details. Beachten Sie, was Sie sehen, ist, was Sie erhalten.\u00a0<\/span><br \/>\n<span style=\"font-size: 12pt;\"> Bei Fragen k\u00f6nnen Sie uns gerne eine Nachricht schicken.<\/span><\/p>","protected":false},"excerpt":{"rendered":"<p>NVMH:07-1a<\/p>","protected":false},"featured_media":123244,"comment_status":"closed","ping_status":"closed","template":"","meta":[],"product_brand":[],"product_cat":[5488,5472],"product_tag":[],"class_list":{"0":"post-123246","1":"product","2":"type-product","3":"status-publish","4":"has-post-thumbnail","6":"product_cat-1-gulden-biljet","7":"product_cat-nederlandse-bankbiljetten","8":"pa_bankbiljetwaarde-1gulden","9":"pa_delcampeid-5280","10":"pa_kwaliteit-unc","11":"pa_land-nederland","12":"pa_soort-pmgnotes","14":"first","15":"instock","16":"taxable","17":"shipping-taxable","18":"purchasable","19":"product-type-simple"},"yoast_head":"<!-- This site is optimized with the Yoast SEO Premium plugin v27.2 (Yoast SEO v27.4) - https:\/\/yoast.com\/product\/yoast-seo-premium-wordpress\/ -->\n<title>Nederland 1 Gulden 1949 Juliana PMG65<\/title>\n<meta name=\"description\" content=\"Nederlandse bankbiljetten in hoge kwaliteit verkrijgbaar bij David-coin. Van 1 gulden t\/m 1000 gulden. Bekijk nu ons complete aanbod.\" \/>\n<meta name=\"robots\" content=\"index, follow, max-snippet:-1, max-image-preview:large, max-video-preview:-1\" \/>\n<link rel=\"canonical\" href=\"https:\/\/www.david-coin.com\/de\/produkt\/nederland-1-gulden-1949-juliana-pmg65\/\" \/>\n<meta property=\"og:locale\" content=\"de_DE\" \/>\n<meta property=\"og:type\" content=\"article\" \/>\n<meta property=\"og:title\" content=\"Nederland 1 Gulden 1949 Juliana PMG65 EPQ\" \/>\n<meta property=\"og:description\" content=\"Nederlandse bankbiljetten in hoge kwaliteit verkrijgbaar bij David-coin. Van 1 gulden t\/m 1000 gulden. Bekijk nu ons complete aanbod.\" \/>\n<meta property=\"og:url\" content=\"https:\/\/www.david-coin.com\/de\/produkt\/nederland-1-gulden-1949-juliana-pmg65\/\" \/>\n<meta property=\"og:site_name\" content=\"David Coin\" \/>\n<meta property=\"article:publisher\" content=\"https:\/\/www.facebook.com\/Davidcoininkoopenverkoop\" \/>\n<meta property=\"article:modified_time\" content=\"2026-03-19T14:34:19+00:00\" \/>\n<meta property=\"og:image\" content=\"https:\/\/www.david-coin.com\/wp-content\/uploads\/2024\/02\/nederland1gulden1949PMG65.jpg\" \/>\n\t<meta property=\"og:image:width\" content=\"800\" \/>\n\t<meta property=\"og:image:height\" content=\"429\" \/>\n\t<meta property=\"og:image:type\" content=\"image\/jpeg\" \/>\n<meta name=\"twitter:card\" content=\"summary_large_image\" \/>\n<meta name=\"twitter:label1\" content=\"Preis\" \/>\n\t<meta name=\"twitter:data1\" content=\"&euro;&nbsp;124,95\" \/>\n\t<meta name=\"twitter:label2\" content=\"Verf\u00fcgbarkeit\" \/>\n\t<meta name=\"twitter:data2\" content=\"Auf Lager\" \/>\n<script type=\"application\/ld+json\" class=\"yoast-schema-graph\">{\"@context\":\"https:\\\/\\\/schema.org\",\"@graph\":[{\"@type\":\"WebPage\",\"@id\":\"https:\\\/\\\/www.david-coin.com\\\/product\\\/nederland-1-gulden-1949-juliana-pmg65\\\/\",\"url\":\"https:\\\/\\\/www.david-coin.com\\\/product\\\/nederland-1-gulden-1949-juliana-pmg65\\\/\",\"name\":\"Nederland 1 Gulden 1949 Juliana PMG65\",\"isPartOf\":{\"@id\":\"https:\\\/\\\/www.david-coin.com\\\/#website\"},\"primaryImageOfPage\":{\"@id\":\"https:\\\/\\\/www.david-coin.com\\\/product\\\/nederland-1-gulden-1949-juliana-pmg65\\\/#primaryimage\"},\"image\":{\"@id\":\"https:\\\/\\\/www.david-coin.com\\\/product\\\/nederland-1-gulden-1949-juliana-pmg65\\\/#primaryimage\"},\"thumbnailUrl\":\"https:\\\/\\\/www.david-coin.com\\\/wp-content\\\/uploads\\\/2024\\\/02\\\/nederland1gulden1949PMG65.jpg\",\"datePublished\":\"2024-02-22T10:51:02+00:00\",\"dateModified\":\"2026-03-19T14:34:19+00:00\",\"description\":\"Nederlandse bankbiljetten in hoge kwaliteit verkrijgbaar bij David-coin. Van 1 gulden t\\\/m 1000 gulden. Bekijk nu ons complete aanbod.\",\"breadcrumb\":{\"@id\":\"https:\\\/\\\/www.david-coin.com\\\/product\\\/nederland-1-gulden-1949-juliana-pmg65\\\/#breadcrumb\"},\"inLanguage\":\"de\",\"potentialAction\":[{\"@type\":\"ReadAction\",\"target\":[\"https:\\\/\\\/www.david-coin.com\\\/product\\\/nederland-1-gulden-1949-juliana-pmg65\\\/\"]}]},{\"@type\":\"ImageObject\",\"inLanguage\":\"de\",\"@id\":\"https:\\\/\\\/www.david-coin.com\\\/product\\\/nederland-1-gulden-1949-juliana-pmg65\\\/#primaryimage\",\"url\":\"https:\\\/\\\/www.david-coin.com\\\/wp-content\\\/uploads\\\/2024\\\/02\\\/nederland1gulden1949PMG65.jpg\",\"contentUrl\":\"https:\\\/\\\/www.david-coin.com\\\/wp-content\\\/uploads\\\/2024\\\/02\\\/nederland1gulden1949PMG65.jpg\",\"width\":800,\"height\":429},{\"@type\":\"BreadcrumbList\",\"@id\":\"https:\\\/\\\/www.david-coin.com\\\/product\\\/nederland-1-gulden-1949-juliana-pmg65\\\/#breadcrumb\",\"itemListElement\":[{\"@type\":\"ListItem\",\"position\":1,\"name\":\"Home\",\"item\":\"https:\\\/\\\/www.david-coin.com\\\/\"},{\"@type\":\"ListItem\",\"position\":2,\"name\":\"Winkel\",\"item\":\"https:\\\/\\\/www.david-coin.com\\\/winkel\\\/\"},{\"@type\":\"ListItem\",\"position\":3,\"name\":\"Nederland 1 Gulden 1949 Juliana PMG65 EPQ\"}]},{\"@type\":\"WebSite\",\"@id\":\"https:\\\/\\\/www.david-coin.com\\\/#website\",\"url\":\"https:\\\/\\\/www.david-coin.com\\\/\",\"name\":\"David Coin\",\"description\":\"\",\"publisher\":{\"@id\":\"https:\\\/\\\/www.david-coin.com\\\/#organization\"},\"potentialAction\":[{\"@type\":\"SearchAction\",\"target\":{\"@type\":\"EntryPoint\",\"urlTemplate\":\"https:\\\/\\\/www.david-coin.com\\\/?s={search_term_string}\"},\"query-input\":{\"@type\":\"PropertyValueSpecification\",\"valueRequired\":true,\"valueName\":\"search_term_string\"}}],\"inLanguage\":\"de\"},{\"@type\":\"Organization\",\"@id\":\"https:\\\/\\\/www.david-coin.com\\\/#organization\",\"name\":\"David Coin\",\"url\":\"https:\\\/\\\/www.david-coin.com\\\/\",\"logo\":{\"@type\":\"ImageObject\",\"inLanguage\":\"de\",\"@id\":\"https:\\\/\\\/www.david-coin.com\\\/#\\\/schema\\\/logo\\\/image\\\/\",\"url\":\"https:\\\/\\\/www.david-coin.com\\\/wp-content\\\/uploads\\\/2024\\\/04\\\/davidcoin-logo-final.png\",\"contentUrl\":\"https:\\\/\\\/www.david-coin.com\\\/wp-content\\\/uploads\\\/2024\\\/04\\\/davidcoin-logo-final.png\",\"width\":800,\"height\":267,\"caption\":\"David Coin\"},\"image\":{\"@id\":\"https:\\\/\\\/www.david-coin.com\\\/#\\\/schema\\\/logo\\\/image\\\/\"},\"sameAs\":[\"https:\\\/\\\/www.facebook.com\\\/Davidcoininkoopenverkoop\",\"https:\\\/\\\/www.youtube.com\\\/channel\\\/UC39lihLKFSPTff0w6tv0pWQ\"]}]}<\/script>\n<meta property=\"product:price:amount\" content=\"124.95\" \/>\n<meta property=\"product:price:currency\" content=\"EUR\" \/>\n<meta property=\"og:availability\" content=\"instock\" \/>\n<meta property=\"product:availability\" content=\"instock\" \/>\n<meta property=\"product:retailer_item_id\" content=\"2694\" \/>\n<meta property=\"product:condition\" content=\"new\" \/>\n<!-- \/ Yoast SEO Premium plugin. -->","yoast_head_json":{"title":"Niederlande 1 Gulden 1949 Juliana PMG65","description":"Nederlandse bankbiljetten in hoge kwaliteit verkrijgbaar bij David-coin. Van 1 gulden t\/m 1000 gulden. Bekijk nu ons complete aanbod.","robots":{"index":"index","follow":"follow","max-snippet":"max-snippet:-1","max-image-preview":"max-image-preview:large","max-video-preview":"max-video-preview:-1"},"canonical":"https:\/\/www.david-coin.com\/de\/produkt\/nederland-1-gulden-1949-juliana-pmg65\/","og_locale":"de_DE","og_type":"article","og_title":"Nederland 1 Gulden 1949 Juliana PMG65 EPQ","og_description":"Nederlandse bankbiljetten in hoge kwaliteit verkrijgbaar bij David-coin. Van 1 gulden t\/m 1000 gulden. Bekijk nu ons complete aanbod.","og_url":"https:\/\/www.david-coin.com\/de\/produkt\/nederland-1-gulden-1949-juliana-pmg65\/","og_site_name":"David Coin","article_publisher":"https:\/\/www.facebook.com\/Davidcoininkoopenverkoop","article_modified_time":"2026-03-19T14:34:19+00:00","og_image":[{"width":800,"height":429,"url":"https:\/\/www.david-coin.com\/wp-content\/uploads\/2024\/02\/nederland1gulden1949PMG65.jpg","type":"image\/jpeg"}],"twitter_card":"summary_large_image","twitter_misc":{"Preis":"&euro;&nbsp;124,95","Verf\u00fcgbarkeit":"Auf Lager"},"schema":{"@context":"https:\/\/schema.org","@graph":[{"@type":"WebPage","@id":"https:\/\/www.david-coin.com\/product\/nederland-1-gulden-1949-juliana-pmg65\/","url":"https:\/\/www.david-coin.com\/product\/nederland-1-gulden-1949-juliana-pmg65\/","name":"Niederlande 1 Gulden 1949 Juliana PMG65","isPartOf":{"@id":"https:\/\/www.david-coin.com\/#website"},"primaryImageOfPage":{"@id":"https:\/\/www.david-coin.com\/product\/nederland-1-gulden-1949-juliana-pmg65\/#primaryimage"},"image":{"@id":"https:\/\/www.david-coin.com\/product\/nederland-1-gulden-1949-juliana-pmg65\/#primaryimage"},"thumbnailUrl":"https:\/\/www.david-coin.com\/wp-content\/uploads\/2024\/02\/nederland1gulden1949PMG65.jpg","datePublished":"2024-02-22T10:51:02+00:00","dateModified":"2026-03-19T14:34:19+00:00","description":"Nederlandse bankbiljetten in hoge kwaliteit verkrijgbaar bij David-coin. Van 1 gulden t\/m 1000 gulden. Bekijk nu ons complete aanbod.","breadcrumb":{"@id":"https:\/\/www.david-coin.com\/product\/nederland-1-gulden-1949-juliana-pmg65\/#breadcrumb"},"inLanguage":"de","potentialAction":[{"@type":"ReadAction","target":["https:\/\/www.david-coin.com\/product\/nederland-1-gulden-1949-juliana-pmg65\/"]}]},{"@type":"ImageObject","inLanguage":"de","@id":"https:\/\/www.david-coin.com\/product\/nederland-1-gulden-1949-juliana-pmg65\/#primaryimage","url":"https:\/\/www.david-coin.com\/wp-content\/uploads\/2024\/02\/nederland1gulden1949PMG65.jpg","contentUrl":"https:\/\/www.david-coin.com\/wp-content\/uploads\/2024\/02\/nederland1gulden1949PMG65.jpg","width":800,"height":429},{"@type":"BreadcrumbList","@id":"https:\/\/www.david-coin.com\/product\/nederland-1-gulden-1949-juliana-pmg65\/#breadcrumb","itemListElement":[{"@type":"ListItem","position":1,"name":"Home","item":"https:\/\/www.david-coin.com\/"},{"@type":"ListItem","position":2,"name":"Winkel","item":"https:\/\/www.david-coin.com\/winkel\/"},{"@type":"ListItem","position":3,"name":"Nederland 1 Gulden 1949 Juliana PMG65 EPQ"}]},{"@type":"WebSite","@id":"https:\/\/www.david-coin.com\/#website","url":"https:\/\/www.david-coin.com\/","name":"David Coin","description":"","publisher":{"@id":"https:\/\/www.david-coin.com\/#organization"},"potentialAction":[{"@type":"SearchAction","target":{"@type":"EntryPoint","urlTemplate":"https:\/\/www.david-coin.com\/?s={search_term_string}"},"query-input":{"@type":"PropertyValueSpecification","valueRequired":true,"valueName":"search_term_string"}}],"inLanguage":"de"},{"@type":"Organization","@id":"https:\/\/www.david-coin.com\/#organization","name":"David Coin","url":"https:\/\/www.david-coin.com\/","logo":{"@type":"ImageObject","inLanguage":"de","@id":"https:\/\/www.david-coin.com\/#\/schema\/logo\/image\/","url":"https:\/\/www.david-coin.com\/wp-content\/uploads\/2024\/04\/davidcoin-logo-final.png","contentUrl":"https:\/\/www.david-coin.com\/wp-content\/uploads\/2024\/04\/davidcoin-logo-final.png","width":800,"height":267,"caption":"David Coin"},"image":{"@id":"https:\/\/www.david-coin.com\/#\/schema\/logo\/image\/"},"sameAs":["https:\/\/www.facebook.com\/Davidcoininkoopenverkoop","https:\/\/www.youtube.com\/channel\/UC39lihLKFSPTff0w6tv0pWQ"]}]},"product_price_amount":"124.95","product_price_currency":"EUR","og_availability":"instock","product_availability":"instock","product_retailer_item_id":"2694","product_condition":"new"},"_links":{"self":[{"href":"https:\/\/www.david-coin.com\/de\/wp-json\/wp\/v2\/product\/123246","targetHints":{"allow":["GET"]}}],"collection":[{"href":"https:\/\/www.david-coin.com\/de\/wp-json\/wp\/v2\/product"}],"about":[{"href":"https:\/\/www.david-coin.com\/de\/wp-json\/wp\/v2\/types\/product"}],"replies":[{"embeddable":true,"href":"https:\/\/www.david-coin.com\/de\/wp-json\/wp\/v2\/comments?post=123246"}],"wp:featuredmedia":[{"embeddable":true,"href":"https:\/\/www.david-coin.com\/de\/wp-json\/wp\/v2\/media\/123244"}],"wp:attachment":[{"href":"https:\/\/www.david-coin.com\/de\/wp-json\/wp\/v2\/media?parent=123246"}],"wp:term":[{"taxonomy":"product_brand","embeddable":true,"href":"https:\/\/www.david-coin.com\/de\/wp-json\/wp\/v2\/product_brand?post=123246"},{"taxonomy":"product_cat","embeddable":true,"href":"https:\/\/www.david-coin.com\/de\/wp-json\/wp\/v2\/product_cat?post=123246"},{"taxonomy":"product_tag","embeddable":true,"href":"https:\/\/www.david-coin.com\/de\/wp-json\/wp\/v2\/product_tag?post=123246"}],"curies":[{"name":"wp","href":"https:\/\/api.w.org\/{rel}","templated":true}]}}