{"id":123227,"date":"2024-02-09T12:29:04","date_gmt":"2024-02-09T12:29:04","guid":{"rendered":"https:\/\/www.david-coin.com\/product\/nederland-25-gulden-1922-zilverbon-pmg64-epq\/"},"modified":"2026-01-27T17:36:17","modified_gmt":"2026-01-27T16:36:17","slug":"nederland-25-gulden-1922-zilverbon-pmg64-epq","status":"publish","type":"product","link":"https:\/\/www.david-coin.com\/de\/produkt\/nederland-25-gulden-1922-zilverbon-pmg64-epq\/","title":{"rendered":"Niederlande 2,5 Gulden 1922 Silberschein PMG64 EPQ"},"content":{"rendered":"<p><span style=\"font-size: 12pt;\"><strong>Niederlande 2,5 Gulden 1922 Silberschein PMG64 EPQ<\/strong><br \/>In hoher Qualit\u00e4t. Unzirkuliert.\u00a0<br \/><\/span><\/p>\n<p><span style=\"font-size: 12pt;\">NVMH: 12-1b<br \/><\/span><span style=\"font-size: 12pt;\">Plomp: PL13a2.b<br \/>W\u00e4hlen Sie:18<\/span><\/p>\n<p>Da der Mangel an Zweieinhalb-Gulden-M\u00fcnzen doch nicht so schnell wie erwartet behoben werden konnte, musste das Finanzministerium Anfang der 1920er Jahre noch Silberscheine ausgeben. Diese wurden anders gestaltet als die vorherigen Serien, um F\u00e4lschungen zu verhindern und das Vertrauen der \u00d6ffentlichkeit in die Gutscheine zu st\u00e4rken. Daher wurden die Silberscheine ab Anfang der 1920er Jahre beidseitig bedruckt. Der Zweieinhalb-Gulden-Silberschein, der von 1922 bis 1927 ausgegeben wurde, weist zwei Unterschriftenkombinationen auf:<br \/>\n- 1922: Luijsterburg (Beamter\/Agent des Finanzministeriums) und Dr. Hendrik Colijn (Finanzminister);<br \/>\n- 1923-1927: Luijsterburg (Beamter\/Agent des Finanzministeriums) und Dr. Hendrik Colijn (Finanzminister).<br \/>\nDie silbernen Gutscheine der 1920er Jahre nutzten sich schnell ab und wurden schlie\u00dflich durch die <a href=\"https:\/\/www.david-coin.com\/de\/produkt\/nederland-25-gulden-1929-wilhelmina\/\">Silberm\u00fcnzen zu zweieinhalb Gulden<\/a>. <\/p>\n<p><span style=\"font-size: 12pt;\">Siehe Scans f\u00fcr weitere Einzelheiten.<br \/>Bei Fragen k\u00f6nnen Sie uns gerne eine Nachricht schicken.<\/span><\/p>","protected":false},"excerpt":{"rendered":"<p>NVMH: 12-1b<\/p>","protected":false},"featured_media":123225,"comment_status":"closed","ping_status":"closed","template":"","meta":[],"product_brand":[],"product_cat":[5489,5472,5627],"product_tag":[],"class_list":{"0":"post-123227","1":"product","2":"type-product","3":"status-publish","4":"has-post-thumbnail","6":"product_cat-2-5-gulden-biljet","7":"product_cat-nederlandse-bankbiljetten","8":"product_cat-topstukken","9":"pa_bankbiljetwaarde-2_5gulden","10":"pa_kwaliteit-unc","11":"pa_land-nederland","12":"pa_soort-pmgnotes","14":"first","15":"instock","16":"sale","17":"taxable","18":"shipping-taxable","19":"purchasable","20":"product-type-simple"},"yoast_head":"<!-- This site is optimized with the Yoast SEO Premium plugin v27.2 (Yoast SEO v27.5) - https:\/\/yoast.com\/product\/yoast-seo-premium-wordpress\/ -->\n<title>Nederland 2,5 gulden 1922 zilverbon PMG64 EPQ<\/title>\n<meta name=\"description\" content=\"Nederlandse bankbiljetten verkrijgbaar bij David-coin. Bekijk nu ons ruime aanbod. Gratis verzending binnen Nederland vanaf 75 euro.\" \/>\n<meta name=\"robots\" content=\"index, follow, max-snippet:-1, max-image-preview:large, max-video-preview:-1\" \/>\n<link rel=\"canonical\" href=\"https:\/\/www.david-coin.com\/de\/produkt\/nederland-25-gulden-1922-zilverbon-pmg64-epq\/\" \/>\n<meta property=\"og:locale\" content=\"de_DE\" \/>\n<meta property=\"og:type\" content=\"article\" \/>\n<meta property=\"og:title\" content=\"Nederland 2,5 gulden 1922 zilverbon PMG64 EPQ\" \/>\n<meta property=\"og:description\" content=\"Nederlandse bankbiljetten verkrijgbaar bij David-coin. Bekijk nu ons ruime aanbod. Gratis verzending binnen Nederland vanaf 75 euro.\" \/>\n<meta property=\"og:url\" content=\"https:\/\/www.david-coin.com\/de\/produkt\/nederland-25-gulden-1922-zilverbon-pmg64-epq\/\" \/>\n<meta property=\"og:site_name\" content=\"David Coin\" \/>\n<meta property=\"article:publisher\" content=\"https:\/\/www.facebook.com\/Davidcoininkoopenverkoop\" \/>\n<meta property=\"article:modified_time\" content=\"2026-01-27T16:36:17+00:00\" \/>\n<meta property=\"og:image\" content=\"https:\/\/www.david-coin.com\/wp-content\/uploads\/2024\/02\/nederland2.50guldenPMG641922.jpg\" \/>\n\t<meta property=\"og:image:width\" content=\"800\" \/>\n\t<meta property=\"og:image:height\" content=\"501\" \/>\n\t<meta property=\"og:image:type\" content=\"image\/jpeg\" \/>\n<meta name=\"twitter:card\" content=\"summary_large_image\" \/>\n<meta name=\"twitter:label1\" content=\"Preis\" \/>\n\t<meta name=\"twitter:data1\" content=\"&euro;&nbsp;999,95\" \/>\n\t<meta name=\"twitter:label2\" content=\"Verf\u00fcgbarkeit\" \/>\n\t<meta name=\"twitter:data2\" content=\"Auf Lager\" \/>\n<script type=\"application\/ld+json\" class=\"yoast-schema-graph\">{\"@context\":\"https:\\\/\\\/schema.org\",\"@graph\":[{\"@type\":\"WebPage\",\"@id\":\"https:\\\/\\\/www.david-coin.com\\\/product\\\/nederland-25-gulden-1922-zilverbon-pmg64-epq\\\/\",\"url\":\"https:\\\/\\\/www.david-coin.com\\\/product\\\/nederland-25-gulden-1922-zilverbon-pmg64-epq\\\/\",\"name\":\"Nederland 2,5 gulden 1922 zilverbon PMG64 EPQ\",\"isPartOf\":{\"@id\":\"https:\\\/\\\/www.david-coin.com\\\/#website\"},\"primaryImageOfPage\":{\"@id\":\"https:\\\/\\\/www.david-coin.com\\\/product\\\/nederland-25-gulden-1922-zilverbon-pmg64-epq\\\/#primaryimage\"},\"image\":{\"@id\":\"https:\\\/\\\/www.david-coin.com\\\/product\\\/nederland-25-gulden-1922-zilverbon-pmg64-epq\\\/#primaryimage\"},\"thumbnailUrl\":\"https:\\\/\\\/www.david-coin.com\\\/wp-content\\\/uploads\\\/2024\\\/02\\\/nederland2.50guldenPMG641922.jpg\",\"datePublished\":\"2024-02-09T12:29:04+00:00\",\"dateModified\":\"2026-01-27T16:36:17+00:00\",\"description\":\"Nederlandse bankbiljetten verkrijgbaar bij David-coin. Bekijk nu ons ruime aanbod. Gratis verzending binnen Nederland vanaf 75 euro.\",\"breadcrumb\":{\"@id\":\"https:\\\/\\\/www.david-coin.com\\\/product\\\/nederland-25-gulden-1922-zilverbon-pmg64-epq\\\/#breadcrumb\"},\"inLanguage\":\"de\",\"potentialAction\":[{\"@type\":\"ReadAction\",\"target\":[\"https:\\\/\\\/www.david-coin.com\\\/product\\\/nederland-25-gulden-1922-zilverbon-pmg64-epq\\\/\"]}]},{\"@type\":\"ImageObject\",\"inLanguage\":\"de\",\"@id\":\"https:\\\/\\\/www.david-coin.com\\\/product\\\/nederland-25-gulden-1922-zilverbon-pmg64-epq\\\/#primaryimage\",\"url\":\"https:\\\/\\\/www.david-coin.com\\\/wp-content\\\/uploads\\\/2024\\\/02\\\/nederland2.50guldenPMG641922.jpg\",\"contentUrl\":\"https:\\\/\\\/www.david-coin.com\\\/wp-content\\\/uploads\\\/2024\\\/02\\\/nederland2.50guldenPMG641922.jpg\",\"width\":800,\"height\":501},{\"@type\":\"BreadcrumbList\",\"@id\":\"https:\\\/\\\/www.david-coin.com\\\/product\\\/nederland-25-gulden-1922-zilverbon-pmg64-epq\\\/#breadcrumb\",\"itemListElement\":[{\"@type\":\"ListItem\",\"position\":1,\"name\":\"Home\",\"item\":\"https:\\\/\\\/www.david-coin.com\\\/\"},{\"@type\":\"ListItem\",\"position\":2,\"name\":\"Winkel\",\"item\":\"https:\\\/\\\/www.david-coin.com\\\/winkel\\\/\"},{\"@type\":\"ListItem\",\"position\":3,\"name\":\"Nederland 2,5 gulden 1922 zilverbon PMG64 EPQ\"}]},{\"@type\":\"WebSite\",\"@id\":\"https:\\\/\\\/www.david-coin.com\\\/#website\",\"url\":\"https:\\\/\\\/www.david-coin.com\\\/\",\"name\":\"David Coin\",\"description\":\"\",\"publisher\":{\"@id\":\"https:\\\/\\\/www.david-coin.com\\\/#organization\"},\"potentialAction\":[{\"@type\":\"SearchAction\",\"target\":{\"@type\":\"EntryPoint\",\"urlTemplate\":\"https:\\\/\\\/www.david-coin.com\\\/?s={search_term_string}\"},\"query-input\":{\"@type\":\"PropertyValueSpecification\",\"valueRequired\":true,\"valueName\":\"search_term_string\"}}],\"inLanguage\":\"de\"},{\"@type\":\"Organization\",\"@id\":\"https:\\\/\\\/www.david-coin.com\\\/#organization\",\"name\":\"David Coin\",\"url\":\"https:\\\/\\\/www.david-coin.com\\\/\",\"logo\":{\"@type\":\"ImageObject\",\"inLanguage\":\"de\",\"@id\":\"https:\\\/\\\/www.david-coin.com\\\/#\\\/schema\\\/logo\\\/image\\\/\",\"url\":\"https:\\\/\\\/www.david-coin.com\\\/wp-content\\\/uploads\\\/2024\\\/04\\\/davidcoin-logo-final.png\",\"contentUrl\":\"https:\\\/\\\/www.david-coin.com\\\/wp-content\\\/uploads\\\/2024\\\/04\\\/davidcoin-logo-final.png\",\"width\":800,\"height\":267,\"caption\":\"David Coin\"},\"image\":{\"@id\":\"https:\\\/\\\/www.david-coin.com\\\/#\\\/schema\\\/logo\\\/image\\\/\"},\"sameAs\":[\"https:\\\/\\\/www.facebook.com\\\/Davidcoininkoopenverkoop\",\"https:\\\/\\\/www.youtube.com\\\/channel\\\/UC39lihLKFSPTff0w6tv0pWQ\"]}]}<\/script>\n<meta property=\"product:price:amount\" content=\"999.95\" \/>\n<meta property=\"product:price:currency\" content=\"EUR\" \/>\n<meta property=\"og:availability\" content=\"instock\" \/>\n<meta property=\"product:availability\" content=\"instock\" \/>\n<meta property=\"product:retailer_item_id\" content=\"2692\" \/>\n<meta property=\"product:condition\" content=\"new\" \/>\n<!-- \/ Yoast SEO Premium plugin. -->","yoast_head_json":{"title":"Niederlande 2,5 Gulden 1922 Silberschein PMG64 EPQ","description":"Nederlandse bankbiljetten verkrijgbaar bij David-coin. Bekijk nu ons ruime aanbod. Gratis verzending binnen Nederland vanaf 75 euro.","robots":{"index":"index","follow":"follow","max-snippet":"max-snippet:-1","max-image-preview":"max-image-preview:large","max-video-preview":"max-video-preview:-1"},"canonical":"https:\/\/www.david-coin.com\/de\/produkt\/nederland-25-gulden-1922-zilverbon-pmg64-epq\/","og_locale":"de_DE","og_type":"article","og_title":"Nederland 2,5 gulden 1922 zilverbon PMG64 EPQ","og_description":"Nederlandse bankbiljetten verkrijgbaar bij David-coin. Bekijk nu ons ruime aanbod. Gratis verzending binnen Nederland vanaf 75 euro.","og_url":"https:\/\/www.david-coin.com\/de\/produkt\/nederland-25-gulden-1922-zilverbon-pmg64-epq\/","og_site_name":"David Coin","article_publisher":"https:\/\/www.facebook.com\/Davidcoininkoopenverkoop","article_modified_time":"2026-01-27T16:36:17+00:00","og_image":[{"width":800,"height":501,"url":"https:\/\/www.david-coin.com\/wp-content\/uploads\/2024\/02\/nederland2.50guldenPMG641922.jpg","type":"image\/jpeg"}],"twitter_card":"summary_large_image","twitter_misc":{"Preis":"&euro;&nbsp;999,95","Verf\u00fcgbarkeit":"Auf Lager"},"schema":{"@context":"https:\/\/schema.org","@graph":[{"@type":"WebPage","@id":"https:\/\/www.david-coin.com\/product\/nederland-25-gulden-1922-zilverbon-pmg64-epq\/","url":"https:\/\/www.david-coin.com\/product\/nederland-25-gulden-1922-zilverbon-pmg64-epq\/","name":"Niederlande 2,5 Gulden 1922 Silberschein PMG64 EPQ","isPartOf":{"@id":"https:\/\/www.david-coin.com\/#website"},"primaryImageOfPage":{"@id":"https:\/\/www.david-coin.com\/product\/nederland-25-gulden-1922-zilverbon-pmg64-epq\/#primaryimage"},"image":{"@id":"https:\/\/www.david-coin.com\/product\/nederland-25-gulden-1922-zilverbon-pmg64-epq\/#primaryimage"},"thumbnailUrl":"https:\/\/www.david-coin.com\/wp-content\/uploads\/2024\/02\/nederland2.50guldenPMG641922.jpg","datePublished":"2024-02-09T12:29:04+00:00","dateModified":"2026-01-27T16:36:17+00:00","description":"Nederlandse bankbiljetten verkrijgbaar bij David-coin. Bekijk nu ons ruime aanbod. Gratis verzending binnen Nederland vanaf 75 euro.","breadcrumb":{"@id":"https:\/\/www.david-coin.com\/product\/nederland-25-gulden-1922-zilverbon-pmg64-epq\/#breadcrumb"},"inLanguage":"de","potentialAction":[{"@type":"ReadAction","target":["https:\/\/www.david-coin.com\/product\/nederland-25-gulden-1922-zilverbon-pmg64-epq\/"]}]},{"@type":"ImageObject","inLanguage":"de","@id":"https:\/\/www.david-coin.com\/product\/nederland-25-gulden-1922-zilverbon-pmg64-epq\/#primaryimage","url":"https:\/\/www.david-coin.com\/wp-content\/uploads\/2024\/02\/nederland2.50guldenPMG641922.jpg","contentUrl":"https:\/\/www.david-coin.com\/wp-content\/uploads\/2024\/02\/nederland2.50guldenPMG641922.jpg","width":800,"height":501},{"@type":"BreadcrumbList","@id":"https:\/\/www.david-coin.com\/product\/nederland-25-gulden-1922-zilverbon-pmg64-epq\/#breadcrumb","itemListElement":[{"@type":"ListItem","position":1,"name":"Home","item":"https:\/\/www.david-coin.com\/"},{"@type":"ListItem","position":2,"name":"Winkel","item":"https:\/\/www.david-coin.com\/winkel\/"},{"@type":"ListItem","position":3,"name":"Nederland 2,5 gulden 1922 zilverbon PMG64 EPQ"}]},{"@type":"WebSite","@id":"https:\/\/www.david-coin.com\/#website","url":"https:\/\/www.david-coin.com\/","name":"David Coin","description":"","publisher":{"@id":"https:\/\/www.david-coin.com\/#organization"},"potentialAction":[{"@type":"SearchAction","target":{"@type":"EntryPoint","urlTemplate":"https:\/\/www.david-coin.com\/?s={search_term_string}"},"query-input":{"@type":"PropertyValueSpecification","valueRequired":true,"valueName":"search_term_string"}}],"inLanguage":"de"},{"@type":"Organization","@id":"https:\/\/www.david-coin.com\/#organization","name":"David Coin","url":"https:\/\/www.david-coin.com\/","logo":{"@type":"ImageObject","inLanguage":"de","@id":"https:\/\/www.david-coin.com\/#\/schema\/logo\/image\/","url":"https:\/\/www.david-coin.com\/wp-content\/uploads\/2024\/04\/davidcoin-logo-final.png","contentUrl":"https:\/\/www.david-coin.com\/wp-content\/uploads\/2024\/04\/davidcoin-logo-final.png","width":800,"height":267,"caption":"David Coin"},"image":{"@id":"https:\/\/www.david-coin.com\/#\/schema\/logo\/image\/"},"sameAs":["https:\/\/www.facebook.com\/Davidcoininkoopenverkoop","https:\/\/www.youtube.com\/channel\/UC39lihLKFSPTff0w6tv0pWQ"]}]},"product_price_amount":"999.95","product_price_currency":"EUR","og_availability":"instock","product_availability":"instock","product_retailer_item_id":"2692","product_condition":"new"},"_links":{"self":[{"href":"https:\/\/www.david-coin.com\/de\/wp-json\/wp\/v2\/product\/123227","targetHints":{"allow":["GET"]}}],"collection":[{"href":"https:\/\/www.david-coin.com\/de\/wp-json\/wp\/v2\/product"}],"about":[{"href":"https:\/\/www.david-coin.com\/de\/wp-json\/wp\/v2\/types\/product"}],"replies":[{"embeddable":true,"href":"https:\/\/www.david-coin.com\/de\/wp-json\/wp\/v2\/comments?post=123227"}],"wp:featuredmedia":[{"embeddable":true,"href":"https:\/\/www.david-coin.com\/de\/wp-json\/wp\/v2\/media\/123225"}],"wp:attachment":[{"href":"https:\/\/www.david-coin.com\/de\/wp-json\/wp\/v2\/media?parent=123227"}],"wp:term":[{"taxonomy":"product_brand","embeddable":true,"href":"https:\/\/www.david-coin.com\/de\/wp-json\/wp\/v2\/product_brand?post=123227"},{"taxonomy":"product_cat","embeddable":true,"href":"https:\/\/www.david-coin.com\/de\/wp-json\/wp\/v2\/product_cat?post=123227"},{"taxonomy":"product_tag","embeddable":true,"href":"https:\/\/www.david-coin.com\/de\/wp-json\/wp\/v2\/product_tag?post=123227"}],"curies":[{"name":"wp","href":"https:\/\/api.w.org\/{rel}","templated":true}]}}