{"id":122831,"date":"2024-01-11T17:53:17","date_gmt":"2024-01-11T17:53:17","guid":{"rendered":"https:\/\/www.david-coin.com\/product\/holland-gouden-dukaat-1752\/"},"modified":"2026-01-28T13:01:30","modified_gmt":"2026-01-28T12:01:30","slug":"holland-gouden-dukaat-1752","status":"publish","type":"product","link":"https:\/\/www.david-coin.com\/de\/produkt\/holland-gouden-dukaat-1752\/","title":{"rendered":"Holland Goldene Dukate 1752"},"content":{"rendered":"<p><span style=\"font-size: 12pt;\"><strong>Holland Goldene Dukate 1752<br \/>\n<\/strong>Qualit\u00e4t: Sehr fein<br \/>\n<\/span><span style=\"font-size: 12pt;\">Gewicht: 3,5 Gramm<\/span><br \/>\n<span style=\"font-size: 12pt;\">Goldgehalt:986\/1000<\/span><\/p>\n<p><strong>Over de gouden dukaat uit 1752:<\/strong><\/p>\n<p>De gouden dukaat van de <a href=\"https:\/\/www.david-coin.com\/de\/produkt-kategorie\/provinciale-munten-kopen-leeuwendaalder-david-coin\/holland\/\">Provinz Holland<\/a> geh\u00f6rt zu der von der Republik der Sieben Vereinigten Niederlande herausgegebenen M\u00fcnzserie und ist eine der h\u00f6heren, f\u00fcr den Umlauf bestimmten M\u00fcnznominale. Die M\u00fcnze zeigt auf der Vorderseite einen Ritter, der ein Pfeilb\u00fcndel und ein Schwert in der Hand h\u00e4lt, was die milit\u00e4rische St\u00e4rke und Standhaftigkeit der Republik symbolisiert. Die Randschrift der M\u00fcnze enth\u00e4lt den lateinischen Text: Concordia res parvae crescunt\", was so viel bedeutet wie Einigkeit macht das Kleine gro\u00df\". Auf der R\u00fcckseite des Dukaten befindet sich ein verziertes Muster mit dem Text: MO: ORD: PROVIN: FOEDER BELG - AD LEG - IMP, oder \"Moneta ordinum provinciarum foederatorum belgicarum ad legem imperii\", was sich zusammenfassend auf die von den Provinzen im Namen der Republik ausgegebenen M\u00fcnzen bezieht. Der Dukat aus 986\/1000 Gold hat einen durchschnittlichen Durchmesser von 21,8 Millimetern und wiegt 3,5 Gramm. Neben dem Golddukaten wurden in der Republik auch die folgenden M\u00fcnzen verwendet:<\/p>\n<ul>\n<li><a href=\"https:\/\/www.david-coin.com\/de\/produkt\/west-friesland-voc-1-duit-1736\/\">Der Zweier<\/a><\/li>\n<li><a href=\"https:\/\/www.david-coin.com\/de\/produkt\/friesland-1-oord\/\">Die B\u00f6rde<\/a><\/li>\n<li><a href=\"https:\/\/www.david-coin.com\/de\/produkt\/west-friesland-1-stuiver-1738\/\">Das Penny-St\u00fcck<\/a><\/li>\n<li><a href=\"https:\/\/www.david-coin.com\/de\/produkt\/west-friesland-2-stuiver-1754\/\">Das 2-Pfennig-St\u00fcck oder der Doppelpfennig<\/a><\/li>\n<li><a href=\"https:\/\/www.david-coin.com\/de\/produkt\/west-friesland-6-stuiver-1752\/\">Die Muschel oder 6 Pfennige.<\/a><\/li>\n<li><a href=\"https:\/\/www.david-coin.com\/de\/produkt\/utrecht-1-4-gulden-1759\/\">Der Viertelgulden oder die M\u00fcnzmeisterm\u00fcnze<\/a><\/li>\n<li><a href=\"https:\/\/www.david-coin.com\/de\/produkt\/holland-10-stuiver-1749\/\">Das 10-Penny-St\u00fcck<\/a><\/li>\n<li><a href=\"https:\/\/www.david-coin.com\/de\/produkt\/utrecht-1-gulden-1793\/\">Der Gulden<\/a><\/li>\n<li><a href=\"https:\/\/www.david-coin.com\/de\/produkt\/holland-leeuwendaalder-16e-eeuws\/\">Die (L\u00f6wen-)Daalder<\/a><\/li>\n<li><a href=\"https:\/\/www.david-coin.com\/de\/produkt\/utrecht-3-gulden-1795\/\">Der silberne 3-Gulden<\/a><\/li>\n<li>Der Silberdukaten<\/li>\n<li>Die 7 Gulden Gold<\/li>\n<li><a href=\"https:\/\/www.david-coin.com\/de\/produkt\/holland-gouden-14-gulden-1750\/\">Die 14 Gulden Gold<\/a><\/li>\n<\/ul>\n<p>Die <a href=\"https:\/\/www.david-coin.com\/de\/produkt-kategorie\/provinciale-munten-kopen-leeuwendaalder-david-coin\/holland\/\">Provinzm\u00fcnzen<\/a> Jahrhundert bis in die Mitte des neunzehnten Jahrhunderts im Umlauf und sind daher bei Sammlern heute sehr beliebt.<\/p>\n<p>&nbsp;<\/p>\n<p><span style=\"font-size: 12pt;\">Siehe Scans f\u00fcr weitere Einzelheiten.<\/span><br \/>\n<span style=\"font-size: 12pt;\">Bei Fragen k\u00f6nnen Sie uns gerne eine Nachricht schicken.<\/span><\/p>\n<p><span style=\"font-size: 12pt;\">\u00a0<\/span><\/p>\n<p><strong>\u00a0<\/strong><\/p>","protected":false},"excerpt":{"rendered":"<p>Holland Gouden Dukaat 1752 Kwaliteit: Zeer Fraai Gewicht: 3,5 gram Goudgehalte:986\/1000 Over de gouden dukaat uit 1752: De gouden dukaat van de provincie Holland is onderdeel van de muntenreeks uitgegeven door de Republiek der zeven verenigde Nederlanden, en is een van de hogere muntwaardes bestemd voor circulatie. De munt heeft op de voorzijde een ridder [&hellip;]<\/p>\n","protected":false},"featured_media":122829,"comment_status":"closed","ping_status":"closed","template":"","meta":[],"product_brand":[],"product_cat":[5606,5585,5518],"product_tag":[],"class_list":{"0":"post-122831","1":"product","2":"type-product","3":"status-publish","4":"has-post-thumbnail","6":"product_cat-gouden-tientjes-vijfjes-en-dukaten-per-jaar","7":"product_cat-holland","8":"product_cat-provinciale-munten-kopen-leeuwendaalder-david-coin","9":"pa_delcampeid-5438","10":"pa_kwaliteit-zeer-fraai","11":"pa_land-nederland","12":"pa_materiaal-goud","13":"pa_muntwaarde-dukaat","15":"first","16":"outofstock","17":"taxable","18":"shipping-taxable","19":"purchasable","20":"product-type-simple"},"yoast_head":"<!-- This site is optimized with the Yoast SEO Premium plugin v27.2 (Yoast SEO v27.4) - https:\/\/yoast.com\/product\/yoast-seo-premium-wordpress\/ -->\n<title>Holland Gouden Dukaat 1752<\/title>\n<meta name=\"description\" content=\"Gouden en Zilveren munten verkrijgbaar bij David-coin. Bekijk nu ons volledige aanbod. Gratis verzending binnen Nederland vanaf 75 euro.\" \/>\n<meta name=\"robots\" content=\"index, follow, max-snippet:-1, max-image-preview:large, max-video-preview:-1\" \/>\n<link rel=\"canonical\" href=\"https:\/\/www.david-coin.com\/de\/produkt\/holland-gouden-dukaat-1752\/\" \/>\n<meta property=\"og:locale\" content=\"de_DE\" \/>\n<meta property=\"og:type\" content=\"article\" \/>\n<meta property=\"og:title\" content=\"Holland Gouden Dukaat 1752\" \/>\n<meta property=\"og:description\" content=\"Gouden en Zilveren munten verkrijgbaar bij David-coin. Bekijk nu ons volledige aanbod. Gratis verzending binnen Nederland vanaf 75 euro.\" \/>\n<meta property=\"og:url\" content=\"https:\/\/www.david-coin.com\/de\/produkt\/holland-gouden-dukaat-1752\/\" \/>\n<meta property=\"og:site_name\" content=\"David Coin\" \/>\n<meta property=\"article:publisher\" content=\"https:\/\/www.facebook.com\/Davidcoininkoopenverkoop\" \/>\n<meta property=\"article:modified_time\" content=\"2026-01-28T12:01:30+00:00\" \/>\n<meta property=\"og:image\" content=\"https:\/\/www.david-coin.com\/wp-content\/uploads\/2024\/01\/Hollanddukaat1752.jpg\" \/>\n\t<meta property=\"og:image:width\" content=\"565\" \/>\n\t<meta property=\"og:image:height\" content=\"603\" \/>\n\t<meta property=\"og:image:type\" content=\"image\/jpeg\" \/>\n<meta name=\"twitter:card\" content=\"summary_large_image\" \/>\n<meta name=\"twitter:label1\" content=\"Preis\" \/>\n\t<meta name=\"twitter:data1\" content=\"&euro;&nbsp;649,95\" \/>\n\t<meta name=\"twitter:label2\" content=\"Verf\u00fcgbarkeit\" \/>\n\t<meta name=\"twitter:data2\" content=\"ausverkauft\" \/>\n<script type=\"application\/ld+json\" class=\"yoast-schema-graph\">{\"@context\":\"https:\\\/\\\/schema.org\",\"@graph\":[{\"@type\":\"WebPage\",\"@id\":\"https:\\\/\\\/www.david-coin.com\\\/product\\\/holland-gouden-dukaat-1752\\\/\",\"url\":\"https:\\\/\\\/www.david-coin.com\\\/product\\\/holland-gouden-dukaat-1752\\\/\",\"name\":\"Holland Gouden Dukaat 1752\",\"isPartOf\":{\"@id\":\"https:\\\/\\\/www.david-coin.com\\\/#website\"},\"primaryImageOfPage\":{\"@id\":\"https:\\\/\\\/www.david-coin.com\\\/product\\\/holland-gouden-dukaat-1752\\\/#primaryimage\"},\"image\":{\"@id\":\"https:\\\/\\\/www.david-coin.com\\\/product\\\/holland-gouden-dukaat-1752\\\/#primaryimage\"},\"thumbnailUrl\":\"https:\\\/\\\/www.david-coin.com\\\/wp-content\\\/uploads\\\/2024\\\/01\\\/Hollanddukaat1752.jpg\",\"datePublished\":\"2024-01-11T17:53:17+00:00\",\"dateModified\":\"2026-01-28T12:01:30+00:00\",\"description\":\"Gouden en Zilveren munten verkrijgbaar bij David-coin. Bekijk nu ons volledige aanbod. Gratis verzending binnen Nederland vanaf 75 euro.\",\"breadcrumb\":{\"@id\":\"https:\\\/\\\/www.david-coin.com\\\/product\\\/holland-gouden-dukaat-1752\\\/#breadcrumb\"},\"inLanguage\":\"de\",\"potentialAction\":[{\"@type\":\"ReadAction\",\"target\":[\"https:\\\/\\\/www.david-coin.com\\\/product\\\/holland-gouden-dukaat-1752\\\/\"]}]},{\"@type\":\"ImageObject\",\"inLanguage\":\"de\",\"@id\":\"https:\\\/\\\/www.david-coin.com\\\/product\\\/holland-gouden-dukaat-1752\\\/#primaryimage\",\"url\":\"https:\\\/\\\/www.david-coin.com\\\/wp-content\\\/uploads\\\/2024\\\/01\\\/Hollanddukaat1752.jpg\",\"contentUrl\":\"https:\\\/\\\/www.david-coin.com\\\/wp-content\\\/uploads\\\/2024\\\/01\\\/Hollanddukaat1752.jpg\",\"width\":565,\"height\":603},{\"@type\":\"BreadcrumbList\",\"@id\":\"https:\\\/\\\/www.david-coin.com\\\/product\\\/holland-gouden-dukaat-1752\\\/#breadcrumb\",\"itemListElement\":[{\"@type\":\"ListItem\",\"position\":1,\"name\":\"Home\",\"item\":\"https:\\\/\\\/www.david-coin.com\\\/\"},{\"@type\":\"ListItem\",\"position\":2,\"name\":\"Winkel\",\"item\":\"https:\\\/\\\/www.david-coin.com\\\/winkel\\\/\"},{\"@type\":\"ListItem\",\"position\":3,\"name\":\"Holland Gouden Dukaat 1752\"}]},{\"@type\":\"WebSite\",\"@id\":\"https:\\\/\\\/www.david-coin.com\\\/#website\",\"url\":\"https:\\\/\\\/www.david-coin.com\\\/\",\"name\":\"David Coin\",\"description\":\"\",\"publisher\":{\"@id\":\"https:\\\/\\\/www.david-coin.com\\\/#organization\"},\"potentialAction\":[{\"@type\":\"SearchAction\",\"target\":{\"@type\":\"EntryPoint\",\"urlTemplate\":\"https:\\\/\\\/www.david-coin.com\\\/?s={search_term_string}\"},\"query-input\":{\"@type\":\"PropertyValueSpecification\",\"valueRequired\":true,\"valueName\":\"search_term_string\"}}],\"inLanguage\":\"de\"},{\"@type\":\"Organization\",\"@id\":\"https:\\\/\\\/www.david-coin.com\\\/#organization\",\"name\":\"David Coin\",\"url\":\"https:\\\/\\\/www.david-coin.com\\\/\",\"logo\":{\"@type\":\"ImageObject\",\"inLanguage\":\"de\",\"@id\":\"https:\\\/\\\/www.david-coin.com\\\/#\\\/schema\\\/logo\\\/image\\\/\",\"url\":\"https:\\\/\\\/www.david-coin.com\\\/wp-content\\\/uploads\\\/2024\\\/04\\\/davidcoin-logo-final.png\",\"contentUrl\":\"https:\\\/\\\/www.david-coin.com\\\/wp-content\\\/uploads\\\/2024\\\/04\\\/davidcoin-logo-final.png\",\"width\":800,\"height\":267,\"caption\":\"David Coin\"},\"image\":{\"@id\":\"https:\\\/\\\/www.david-coin.com\\\/#\\\/schema\\\/logo\\\/image\\\/\"},\"sameAs\":[\"https:\\\/\\\/www.facebook.com\\\/Davidcoininkoopenverkoop\",\"https:\\\/\\\/www.youtube.com\\\/channel\\\/UC39lihLKFSPTff0w6tv0pWQ\"]}]}<\/script>\n<meta property=\"product:price:amount\" content=\"649.95\" \/>\n<meta property=\"product:price:currency\" content=\"EUR\" \/>\n<meta property=\"og:availability\" content=\"out of stock\" \/>\n<meta property=\"product:availability\" content=\"out of stock\" \/>\n<meta property=\"product:retailer_item_id\" content=\"9288\" \/>\n<meta property=\"product:condition\" content=\"new\" \/>\n<!-- \/ Yoast SEO Premium plugin. -->","yoast_head_json":{"title":"Holland Goldene Dukate 1752","description":"Gouden en Zilveren munten verkrijgbaar bij David-coin. Bekijk nu ons volledige aanbod. Gratis verzending binnen Nederland vanaf 75 euro.","robots":{"index":"index","follow":"follow","max-snippet":"max-snippet:-1","max-image-preview":"max-image-preview:large","max-video-preview":"max-video-preview:-1"},"canonical":"https:\/\/www.david-coin.com\/de\/produkt\/holland-gouden-dukaat-1752\/","og_locale":"de_DE","og_type":"article","og_title":"Holland Gouden Dukaat 1752","og_description":"Gouden en Zilveren munten verkrijgbaar bij David-coin. Bekijk nu ons volledige aanbod. Gratis verzending binnen Nederland vanaf 75 euro.","og_url":"https:\/\/www.david-coin.com\/de\/produkt\/holland-gouden-dukaat-1752\/","og_site_name":"David Coin","article_publisher":"https:\/\/www.facebook.com\/Davidcoininkoopenverkoop","article_modified_time":"2026-01-28T12:01:30+00:00","og_image":[{"width":565,"height":603,"url":"https:\/\/www.david-coin.com\/wp-content\/uploads\/2024\/01\/Hollanddukaat1752.jpg","type":"image\/jpeg"}],"twitter_card":"summary_large_image","twitter_misc":{"Preis":"&euro;&nbsp;649,95","Verf\u00fcgbarkeit":"ausverkauft"},"schema":{"@context":"https:\/\/schema.org","@graph":[{"@type":"WebPage","@id":"https:\/\/www.david-coin.com\/product\/holland-gouden-dukaat-1752\/","url":"https:\/\/www.david-coin.com\/product\/holland-gouden-dukaat-1752\/","name":"Holland Goldene Dukate 1752","isPartOf":{"@id":"https:\/\/www.david-coin.com\/#website"},"primaryImageOfPage":{"@id":"https:\/\/www.david-coin.com\/product\/holland-gouden-dukaat-1752\/#primaryimage"},"image":{"@id":"https:\/\/www.david-coin.com\/product\/holland-gouden-dukaat-1752\/#primaryimage"},"thumbnailUrl":"https:\/\/www.david-coin.com\/wp-content\/uploads\/2024\/01\/Hollanddukaat1752.jpg","datePublished":"2024-01-11T17:53:17+00:00","dateModified":"2026-01-28T12:01:30+00:00","description":"Gouden en Zilveren munten verkrijgbaar bij David-coin. Bekijk nu ons volledige aanbod. Gratis verzending binnen Nederland vanaf 75 euro.","breadcrumb":{"@id":"https:\/\/www.david-coin.com\/product\/holland-gouden-dukaat-1752\/#breadcrumb"},"inLanguage":"de","potentialAction":[{"@type":"ReadAction","target":["https:\/\/www.david-coin.com\/product\/holland-gouden-dukaat-1752\/"]}]},{"@type":"ImageObject","inLanguage":"de","@id":"https:\/\/www.david-coin.com\/product\/holland-gouden-dukaat-1752\/#primaryimage","url":"https:\/\/www.david-coin.com\/wp-content\/uploads\/2024\/01\/Hollanddukaat1752.jpg","contentUrl":"https:\/\/www.david-coin.com\/wp-content\/uploads\/2024\/01\/Hollanddukaat1752.jpg","width":565,"height":603},{"@type":"BreadcrumbList","@id":"https:\/\/www.david-coin.com\/product\/holland-gouden-dukaat-1752\/#breadcrumb","itemListElement":[{"@type":"ListItem","position":1,"name":"Home","item":"https:\/\/www.david-coin.com\/"},{"@type":"ListItem","position":2,"name":"Winkel","item":"https:\/\/www.david-coin.com\/winkel\/"},{"@type":"ListItem","position":3,"name":"Holland Gouden Dukaat 1752"}]},{"@type":"WebSite","@id":"https:\/\/www.david-coin.com\/#website","url":"https:\/\/www.david-coin.com\/","name":"David Coin","description":"","publisher":{"@id":"https:\/\/www.david-coin.com\/#organization"},"potentialAction":[{"@type":"SearchAction","target":{"@type":"EntryPoint","urlTemplate":"https:\/\/www.david-coin.com\/?s={search_term_string}"},"query-input":{"@type":"PropertyValueSpecification","valueRequired":true,"valueName":"search_term_string"}}],"inLanguage":"de"},{"@type":"Organization","@id":"https:\/\/www.david-coin.com\/#organization","name":"David Coin","url":"https:\/\/www.david-coin.com\/","logo":{"@type":"ImageObject","inLanguage":"de","@id":"https:\/\/www.david-coin.com\/#\/schema\/logo\/image\/","url":"https:\/\/www.david-coin.com\/wp-content\/uploads\/2024\/04\/davidcoin-logo-final.png","contentUrl":"https:\/\/www.david-coin.com\/wp-content\/uploads\/2024\/04\/davidcoin-logo-final.png","width":800,"height":267,"caption":"David Coin"},"image":{"@id":"https:\/\/www.david-coin.com\/#\/schema\/logo\/image\/"},"sameAs":["https:\/\/www.facebook.com\/Davidcoininkoopenverkoop","https:\/\/www.youtube.com\/channel\/UC39lihLKFSPTff0w6tv0pWQ"]}]},"product_price_amount":"649.95","product_price_currency":"EUR","og_availability":"out of stock","product_availability":"out of stock","product_retailer_item_id":"9288","product_condition":"new"},"_links":{"self":[{"href":"https:\/\/www.david-coin.com\/de\/wp-json\/wp\/v2\/product\/122831","targetHints":{"allow":["GET"]}}],"collection":[{"href":"https:\/\/www.david-coin.com\/de\/wp-json\/wp\/v2\/product"}],"about":[{"href":"https:\/\/www.david-coin.com\/de\/wp-json\/wp\/v2\/types\/product"}],"replies":[{"embeddable":true,"href":"https:\/\/www.david-coin.com\/de\/wp-json\/wp\/v2\/comments?post=122831"}],"wp:featuredmedia":[{"embeddable":true,"href":"https:\/\/www.david-coin.com\/de\/wp-json\/wp\/v2\/media\/122829"}],"wp:attachment":[{"href":"https:\/\/www.david-coin.com\/de\/wp-json\/wp\/v2\/media?parent=122831"}],"wp:term":[{"taxonomy":"product_brand","embeddable":true,"href":"https:\/\/www.david-coin.com\/de\/wp-json\/wp\/v2\/product_brand?post=122831"},{"taxonomy":"product_cat","embeddable":true,"href":"https:\/\/www.david-coin.com\/de\/wp-json\/wp\/v2\/product_cat?post=122831"},{"taxonomy":"product_tag","embeddable":true,"href":"https:\/\/www.david-coin.com\/de\/wp-json\/wp\/v2\/product_tag?post=122831"}],"curies":[{"name":"wp","href":"https:\/\/api.w.org\/{rel}","templated":true}]}}