{"id":122369,"date":"2023-12-11T21:06:09","date_gmt":"2023-12-11T21:06:09","guid":{"rendered":"https:\/\/www.david-coin.com\/product\/verenigd-koninkrijk-1-crown-1889\/"},"modified":"2026-01-29T09:48:46","modified_gmt":"2026-01-29T08:48:46","slug":"verenigd-koninkrijk-1-crown-1889","status":"publish","type":"product","link":"https:\/\/www.david-coin.com\/de\/produkt\/verenigd-koninkrijk-1-crown-1889\/","title":{"rendered":"Vereinigtes K\u00f6nigreich 1 Crown 1889"},"content":{"rendered":"<p><span style=\"font-size: 12pt;\"><strong>Vereinigtes K\u00f6nigreich 1 Crown 1889<\/p>\n<p><\/strong><\/span><\/p>\n<p>Die Krone des <a href=\"https:\/\/www.david-coin.com\/de\/produkt-kategorie\/world-coins-romeinse-munten\/europa\/verenigd-koninkrijk\/\">Vereinigtes K\u00f6nigreich<\/a> ist Teil der britischen W\u00e4hrung vor der Dezimalw\u00e4hrung. Die Krone war vom sp\u00e4ten Mittelalter bis 1971 Teil des Pfund Sterling, und mit 4 Kronen pro Pfund war sie bis in die sp\u00e4ten 1940er Jahre die h\u00f6chste Silberm\u00fcnze im Umlauf. Im Jahr 1947 wurden alle Silberm\u00fcnzen durch Kupfer-Nickel-Varianten ersetzt.<\/p>\n<p>Die M\u00fcnze durchlief verschiedene Inhalte und Zusammensetzungen. Bis 1919 wurde die M\u00fcnze aus Sterlingsilber (925\/1000) und von 1920 bis 1946 aus 50 Prozent Silber (500\/1000) hergestellt. Von 1947 bis 1970 wurden die Kronen in Kupfer-Nickel (75% Kupfer - 25% Nickel) gepr\u00e4gt. Die Krone wurde bereits Ende des 15.<sup>e<\/sup> Jahrhundert als Rechnungseinheit, die nur im 18.<sup>e<\/sup> Jahrhundert in gro\u00dfen St\u00fcckzahlen gepr\u00e4gt wurden.<\/p>\n<p>Die bekannte Krone zeigt auf der Vorderseite eine Darstellung des Heiligen Georg und des Drachens und auf der R\u00fcckseite das Portr\u00e4t des regierenden Monarchen. Dieses Modell wurde unter der Herrschaft von K\u00f6nig Georg III. eingef\u00fchrt, davor bestand die Vorderseite aus einem Wappenmuster mit einer Krone dar\u00fcber. Dieses Modell wurde unter den folgenden Monarchen ausgegeben:<\/p>\n<ul>\n<li>Krone Georg III.<\/li>\n<li><a href=\"https:\/\/www.david-coin.com\/de\/produkt\/verenigd-koninkrijk-1-crown-1888\/\">Crown Victoria<\/a><\/li>\n<li>Krone Edward VII.<\/li>\n<li><a href=\"https:\/\/www.david-coin.com\/de\/produkt\/verenigd-koninkrijk-1-crown-1935\/\">Krone Georg V.<\/a><\/li>\n<li>Krone Georg VI.<\/li>\n<\/ul>\n<p>Neben der Krone bestand die Menge der im Umlauf befindlichen M\u00fcnzen noch aus:<\/p>\n<ul>\n<li>Der kupferne Halbfarthing (1\/1920)<sup>e<\/sup> Pfund);<\/li>\n<li>Das Kupfer <a href=\"https:\/\/www.david-coin.com\/de\/produkt\/verenigd-koninkrijk-farthing-1806\/\">Farthing<\/a> (1\/960<sup>e<\/sup> Pfund);<\/li>\n<li>Das Kupfer <a href=\"https:\/\/www.david-coin.com\/de\/produkt\/verenigd-koninkrijk-half-penny-1887\/\">Halfpenny<\/a> (1\/480<sup>e<\/sup> Pfund);<\/li>\n<li>Das Kupfer <a href=\"https:\/\/www.david-coin.com\/de\/produkt\/verenigd-koninkrijk-penny-1807\/\">Penny<\/a> (1\/240<sup>e<\/sup> Pfund);<\/li>\n<li>Das Silber <a href=\"https:\/\/www.david-coin.com\/de\/produkt\/verenigd-koninkrijk-3-pence-1872\/\">3 Pence<\/a> (3\/240<sup>e<\/sup> Pfund);<\/li>\n<li>Das Silber <a href=\"https:\/\/www.david-coin.com\/de\/produkt\/verenigd-koninkrijk-6-pence-1888\/\">6 Pence<\/a> (6\/240<sup>e<\/sup> Pfund);<\/li>\n<li>Das Silber <a href=\"https:\/\/www.david-coin.com\/de\/produkt\/verenigd-koninkrijk-1-shilling-1899\/\">Schilling<\/a> (12\/240<sup>e<\/sup> Pfund);<\/li>\n<li>Das Silber <a href=\"https:\/\/www.david-coin.com\/de\/produkt\/verenigd-koninkrijk-1-florin-1922\/\">florin<\/a> (24\/240<sup>e<\/sup> Pfund);<\/li>\n<li>Das Silber <a href=\"https:\/\/www.david-coin.com\/de\/produkt\/verenigd-koninkrijk-half-crown-1895\/\">halbe Krone<\/a> (30\/240<sup>e<\/sup> Pfund);<\/li>\n<li>Das Doppel <a href=\"https:\/\/www.david-coin.com\/de\/produkt\/verenigd-koninkrijk-2-florin-1889\/\">florin<\/a> (48\/240<sup>e<\/sup> Pfund)0;<\/li>\n<li>Das Silber <a href=\"https:\/\/www.david-coin.com\/de\/produkt\/verenigd-koninkrijk-1-crown-1700\/\">Krone<\/a> (60\/240<sup>e<\/sup> Pfund);<\/li>\n<li>Der goldene Halb-Souver\u00e4n (120\/240<sup>e<\/sup> Pfund);<\/li>\n<li>Die goldene <a href=\"https:\/\/www.david-coin.com\/de\/produkt\/verenigd-koninkrijk-gouden-pond\/\">souver\u00e4n<\/a> (240\/240<sup>e<\/sup> Pfund).<\/li>\n<\/ul>\n<p>Mit der Einf\u00fchrung des Dezimalsystems im Vereinigten K\u00f6nigreich im Jahr 1971 verschwand die Krone als Rechen- und W\u00e4hrungseinheit und wurde durch die \"25 New Pence\" ersetzt.<\/p>\n<p>Siehe Scans f\u00fcr weitere Einzelheiten.<br \/>\nBei Fragen k\u00f6nnen Sie uns gerne eine Nachricht schicken.<\/p>\n<p>&nbsp;<\/p>\n<p><span style=\"font-size: 12pt;\"><br \/>\n<\/span><br \/>\n<span style=\"font-size: 12pt;\"> Siehe Scans f\u00fcr weitere Einzelheiten. <\/span><br \/>\n<span style=\"font-size: 12pt;\"> Bei Fragen k\u00f6nnen Sie uns gerne eine Nachricht schicken.<\/span><\/p>","protected":false},"excerpt":{"rendered":"<p>Verenigd Koninkrijk 1 Crown 1889 De crown van het Verenigd Koninkrijk is onderdeel van de &#8216;Pre-decimal&#8217; munteenheid van Groot-Brittanni\u00eb. De crown was vanaf de late middeleeuwen tot en met 1971 onderdeel van de Pound Sterling en met 4 crowns in een pond was het tot en met het einde van de jaren 40 de hoogste [&hellip;]<\/p>\n","protected":false},"featured_media":122367,"comment_status":"closed","ping_status":"closed","template":"","meta":[],"product_brand":[],"product_cat":[5486,5965,5473],"product_tag":[],"class_list":{"0":"post-122369","1":"product","2":"type-product","3":"status-publish","4":"has-post-thumbnail","6":"product_cat-europa","7":"product_cat-verenigd-koninkrijk","8":"product_cat-world-coins-romeinse-munten","9":"pa_delcampeid-5461","10":"pa_kwaliteit-fraai","11":"pa_land-verenigdkoninkrijk","12":"pa_materiaal-zilver","13":"pa_muntwaarde-1crown","15":"first","16":"instock","17":"taxable","18":"shipping-taxable","19":"purchasable","20":"product-type-simple"},"yoast_head":"<!-- This site is optimized with the Yoast SEO Premium plugin v27.2 (Yoast SEO v27.4) - https:\/\/yoast.com\/product\/yoast-seo-premium-wordpress\/ -->\n<title>Verenigd Koninkrijk 1 Crown 1889<\/title>\n<meta name=\"description\" content=\"Wereldmunten verkrijgbaar van diverse landen bij David-coin. Bekijk ons complete aanbod. Gratis verzending binnen Nederland vanaf \u20ac75,-\" \/>\n<meta name=\"robots\" content=\"index, follow, max-snippet:-1, max-image-preview:large, max-video-preview:-1\" \/>\n<link rel=\"canonical\" href=\"https:\/\/www.david-coin.com\/de\/produkt\/verenigd-koninkrijk-1-crown-1889\/\" \/>\n<meta property=\"og:locale\" content=\"de_DE\" \/>\n<meta property=\"og:type\" content=\"article\" \/>\n<meta property=\"og:title\" content=\"Verenigd Koninkrijk 1 Crown 1889\" \/>\n<meta property=\"og:description\" content=\"Wereldmunten verkrijgbaar van diverse landen bij David-coin. Bekijk ons complete aanbod. Gratis verzending binnen Nederland vanaf \u20ac75,-\" \/>\n<meta property=\"og:url\" content=\"https:\/\/www.david-coin.com\/de\/produkt\/verenigd-koninkrijk-1-crown-1889\/\" \/>\n<meta property=\"og:site_name\" content=\"David Coin\" \/>\n<meta property=\"article:publisher\" content=\"https:\/\/www.facebook.com\/Davidcoininkoopenverkoop\" \/>\n<meta property=\"article:modified_time\" content=\"2026-01-29T08:48:46+00:00\" \/>\n<meta property=\"og:image\" content=\"https:\/\/www.david-coin.com\/wp-content\/uploads\/2023\/12\/Crown1889-vz.jpg\" \/>\n\t<meta property=\"og:image:width\" content=\"782\" \/>\n\t<meta property=\"og:image:height\" content=\"800\" \/>\n\t<meta property=\"og:image:type\" content=\"image\/jpeg\" \/>\n<meta name=\"twitter:card\" content=\"summary_large_image\" \/>\n<meta name=\"twitter:label1\" content=\"Preis\" \/>\n\t<meta name=\"twitter:data1\" content=\"&euro;&nbsp;124,95\" \/>\n\t<meta name=\"twitter:label2\" content=\"Verf\u00fcgbarkeit\" \/>\n\t<meta name=\"twitter:data2\" content=\"Auf Lager\" \/>\n<script type=\"application\/ld+json\" class=\"yoast-schema-graph\">{\"@context\":\"https:\\\/\\\/schema.org\",\"@graph\":[{\"@type\":\"WebPage\",\"@id\":\"https:\\\/\\\/www.david-coin.com\\\/product\\\/verenigd-koninkrijk-1-crown-1889\\\/\",\"url\":\"https:\\\/\\\/www.david-coin.com\\\/product\\\/verenigd-koninkrijk-1-crown-1889\\\/\",\"name\":\"Verenigd Koninkrijk 1 Crown 1889\",\"isPartOf\":{\"@id\":\"https:\\\/\\\/www.david-coin.com\\\/#website\"},\"primaryImageOfPage\":{\"@id\":\"https:\\\/\\\/www.david-coin.com\\\/product\\\/verenigd-koninkrijk-1-crown-1889\\\/#primaryimage\"},\"image\":{\"@id\":\"https:\\\/\\\/www.david-coin.com\\\/product\\\/verenigd-koninkrijk-1-crown-1889\\\/#primaryimage\"},\"thumbnailUrl\":\"https:\\\/\\\/www.david-coin.com\\\/wp-content\\\/uploads\\\/2023\\\/12\\\/Crown1889-vz.jpg\",\"datePublished\":\"2023-12-11T21:06:09+00:00\",\"dateModified\":\"2026-01-29T08:48:46+00:00\",\"description\":\"Wereldmunten verkrijgbaar van diverse landen bij David-coin. Bekijk ons complete aanbod. Gratis verzending binnen Nederland vanaf \u20ac75,-\",\"breadcrumb\":{\"@id\":\"https:\\\/\\\/www.david-coin.com\\\/product\\\/verenigd-koninkrijk-1-crown-1889\\\/#breadcrumb\"},\"inLanguage\":\"de\",\"potentialAction\":[{\"@type\":\"ReadAction\",\"target\":[\"https:\\\/\\\/www.david-coin.com\\\/product\\\/verenigd-koninkrijk-1-crown-1889\\\/\"]}]},{\"@type\":\"ImageObject\",\"inLanguage\":\"de\",\"@id\":\"https:\\\/\\\/www.david-coin.com\\\/product\\\/verenigd-koninkrijk-1-crown-1889\\\/#primaryimage\",\"url\":\"https:\\\/\\\/www.david-coin.com\\\/wp-content\\\/uploads\\\/2023\\\/12\\\/Crown1889-vz.jpg\",\"contentUrl\":\"https:\\\/\\\/www.david-coin.com\\\/wp-content\\\/uploads\\\/2023\\\/12\\\/Crown1889-vz.jpg\",\"width\":782,\"height\":800},{\"@type\":\"BreadcrumbList\",\"@id\":\"https:\\\/\\\/www.david-coin.com\\\/product\\\/verenigd-koninkrijk-1-crown-1889\\\/#breadcrumb\",\"itemListElement\":[{\"@type\":\"ListItem\",\"position\":1,\"name\":\"Home\",\"item\":\"https:\\\/\\\/www.david-coin.com\\\/\"},{\"@type\":\"ListItem\",\"position\":2,\"name\":\"Winkel\",\"item\":\"https:\\\/\\\/www.david-coin.com\\\/winkel\\\/\"},{\"@type\":\"ListItem\",\"position\":3,\"name\":\"Verenigd Koninkrijk 1 Crown 1889\"}]},{\"@type\":\"WebSite\",\"@id\":\"https:\\\/\\\/www.david-coin.com\\\/#website\",\"url\":\"https:\\\/\\\/www.david-coin.com\\\/\",\"name\":\"David Coin\",\"description\":\"\",\"publisher\":{\"@id\":\"https:\\\/\\\/www.david-coin.com\\\/#organization\"},\"potentialAction\":[{\"@type\":\"SearchAction\",\"target\":{\"@type\":\"EntryPoint\",\"urlTemplate\":\"https:\\\/\\\/www.david-coin.com\\\/?s={search_term_string}\"},\"query-input\":{\"@type\":\"PropertyValueSpecification\",\"valueRequired\":true,\"valueName\":\"search_term_string\"}}],\"inLanguage\":\"de\"},{\"@type\":\"Organization\",\"@id\":\"https:\\\/\\\/www.david-coin.com\\\/#organization\",\"name\":\"David Coin\",\"url\":\"https:\\\/\\\/www.david-coin.com\\\/\",\"logo\":{\"@type\":\"ImageObject\",\"inLanguage\":\"de\",\"@id\":\"https:\\\/\\\/www.david-coin.com\\\/#\\\/schema\\\/logo\\\/image\\\/\",\"url\":\"https:\\\/\\\/www.david-coin.com\\\/wp-content\\\/uploads\\\/2024\\\/04\\\/davidcoin-logo-final.png\",\"contentUrl\":\"https:\\\/\\\/www.david-coin.com\\\/wp-content\\\/uploads\\\/2024\\\/04\\\/davidcoin-logo-final.png\",\"width\":800,\"height\":267,\"caption\":\"David Coin\"},\"image\":{\"@id\":\"https:\\\/\\\/www.david-coin.com\\\/#\\\/schema\\\/logo\\\/image\\\/\"},\"sameAs\":[\"https:\\\/\\\/www.facebook.com\\\/Davidcoininkoopenverkoop\",\"https:\\\/\\\/www.youtube.com\\\/channel\\\/UC39lihLKFSPTff0w6tv0pWQ\"]}]}<\/script>\n<meta property=\"product:price:amount\" content=\"124.95\" \/>\n<meta property=\"product:price:currency\" content=\"EUR\" \/>\n<meta property=\"og:availability\" content=\"instock\" \/>\n<meta property=\"product:availability\" content=\"instock\" \/>\n<meta property=\"product:retailer_item_id\" content=\"3954\" \/>\n<meta property=\"product:condition\" content=\"new\" \/>\n<!-- \/ Yoast SEO Premium plugin. -->","yoast_head_json":{"title":"Vereinigtes K\u00f6nigreich 1 Crown 1889","description":"Wereldmunten verkrijgbaar van diverse landen bij David-coin. Bekijk ons complete aanbod. Gratis verzending binnen Nederland vanaf \u20ac75,-","robots":{"index":"index","follow":"follow","max-snippet":"max-snippet:-1","max-image-preview":"max-image-preview:large","max-video-preview":"max-video-preview:-1"},"canonical":"https:\/\/www.david-coin.com\/de\/produkt\/verenigd-koninkrijk-1-crown-1889\/","og_locale":"de_DE","og_type":"article","og_title":"Verenigd Koninkrijk 1 Crown 1889","og_description":"Wereldmunten verkrijgbaar van diverse landen bij David-coin. Bekijk ons complete aanbod. Gratis verzending binnen Nederland vanaf \u20ac75,-","og_url":"https:\/\/www.david-coin.com\/de\/produkt\/verenigd-koninkrijk-1-crown-1889\/","og_site_name":"David Coin","article_publisher":"https:\/\/www.facebook.com\/Davidcoininkoopenverkoop","article_modified_time":"2026-01-29T08:48:46+00:00","og_image":[{"width":782,"height":800,"url":"https:\/\/www.david-coin.com\/wp-content\/uploads\/2023\/12\/Crown1889-vz.jpg","type":"image\/jpeg"}],"twitter_card":"summary_large_image","twitter_misc":{"Preis":"&euro;&nbsp;124,95","Verf\u00fcgbarkeit":"Auf Lager"},"schema":{"@context":"https:\/\/schema.org","@graph":[{"@type":"WebPage","@id":"https:\/\/www.david-coin.com\/product\/verenigd-koninkrijk-1-crown-1889\/","url":"https:\/\/www.david-coin.com\/product\/verenigd-koninkrijk-1-crown-1889\/","name":"Vereinigtes K\u00f6nigreich 1 Crown 1889","isPartOf":{"@id":"https:\/\/www.david-coin.com\/#website"},"primaryImageOfPage":{"@id":"https:\/\/www.david-coin.com\/product\/verenigd-koninkrijk-1-crown-1889\/#primaryimage"},"image":{"@id":"https:\/\/www.david-coin.com\/product\/verenigd-koninkrijk-1-crown-1889\/#primaryimage"},"thumbnailUrl":"https:\/\/www.david-coin.com\/wp-content\/uploads\/2023\/12\/Crown1889-vz.jpg","datePublished":"2023-12-11T21:06:09+00:00","dateModified":"2026-01-29T08:48:46+00:00","description":"Wereldmunten verkrijgbaar van diverse landen bij David-coin. Bekijk ons complete aanbod. Gratis verzending binnen Nederland vanaf \u20ac75,-","breadcrumb":{"@id":"https:\/\/www.david-coin.com\/product\/verenigd-koninkrijk-1-crown-1889\/#breadcrumb"},"inLanguage":"de","potentialAction":[{"@type":"ReadAction","target":["https:\/\/www.david-coin.com\/product\/verenigd-koninkrijk-1-crown-1889\/"]}]},{"@type":"ImageObject","inLanguage":"de","@id":"https:\/\/www.david-coin.com\/product\/verenigd-koninkrijk-1-crown-1889\/#primaryimage","url":"https:\/\/www.david-coin.com\/wp-content\/uploads\/2023\/12\/Crown1889-vz.jpg","contentUrl":"https:\/\/www.david-coin.com\/wp-content\/uploads\/2023\/12\/Crown1889-vz.jpg","width":782,"height":800},{"@type":"BreadcrumbList","@id":"https:\/\/www.david-coin.com\/product\/verenigd-koninkrijk-1-crown-1889\/#breadcrumb","itemListElement":[{"@type":"ListItem","position":1,"name":"Home","item":"https:\/\/www.david-coin.com\/"},{"@type":"ListItem","position":2,"name":"Winkel","item":"https:\/\/www.david-coin.com\/winkel\/"},{"@type":"ListItem","position":3,"name":"Verenigd Koninkrijk 1 Crown 1889"}]},{"@type":"WebSite","@id":"https:\/\/www.david-coin.com\/#website","url":"https:\/\/www.david-coin.com\/","name":"David Coin","description":"","publisher":{"@id":"https:\/\/www.david-coin.com\/#organization"},"potentialAction":[{"@type":"SearchAction","target":{"@type":"EntryPoint","urlTemplate":"https:\/\/www.david-coin.com\/?s={search_term_string}"},"query-input":{"@type":"PropertyValueSpecification","valueRequired":true,"valueName":"search_term_string"}}],"inLanguage":"de"},{"@type":"Organization","@id":"https:\/\/www.david-coin.com\/#organization","name":"David Coin","url":"https:\/\/www.david-coin.com\/","logo":{"@type":"ImageObject","inLanguage":"de","@id":"https:\/\/www.david-coin.com\/#\/schema\/logo\/image\/","url":"https:\/\/www.david-coin.com\/wp-content\/uploads\/2024\/04\/davidcoin-logo-final.png","contentUrl":"https:\/\/www.david-coin.com\/wp-content\/uploads\/2024\/04\/davidcoin-logo-final.png","width":800,"height":267,"caption":"David Coin"},"image":{"@id":"https:\/\/www.david-coin.com\/#\/schema\/logo\/image\/"},"sameAs":["https:\/\/www.facebook.com\/Davidcoininkoopenverkoop","https:\/\/www.youtube.com\/channel\/UC39lihLKFSPTff0w6tv0pWQ"]}]},"product_price_amount":"124.95","product_price_currency":"EUR","og_availability":"instock","product_availability":"instock","product_retailer_item_id":"3954","product_condition":"new"},"_links":{"self":[{"href":"https:\/\/www.david-coin.com\/de\/wp-json\/wp\/v2\/product\/122369","targetHints":{"allow":["GET"]}}],"collection":[{"href":"https:\/\/www.david-coin.com\/de\/wp-json\/wp\/v2\/product"}],"about":[{"href":"https:\/\/www.david-coin.com\/de\/wp-json\/wp\/v2\/types\/product"}],"replies":[{"embeddable":true,"href":"https:\/\/www.david-coin.com\/de\/wp-json\/wp\/v2\/comments?post=122369"}],"wp:featuredmedia":[{"embeddable":true,"href":"https:\/\/www.david-coin.com\/de\/wp-json\/wp\/v2\/media\/122367"}],"wp:attachment":[{"href":"https:\/\/www.david-coin.com\/de\/wp-json\/wp\/v2\/media?parent=122369"}],"wp:term":[{"taxonomy":"product_brand","embeddable":true,"href":"https:\/\/www.david-coin.com\/de\/wp-json\/wp\/v2\/product_brand?post=122369"},{"taxonomy":"product_cat","embeddable":true,"href":"https:\/\/www.david-coin.com\/de\/wp-json\/wp\/v2\/product_cat?post=122369"},{"taxonomy":"product_tag","embeddable":true,"href":"https:\/\/www.david-coin.com\/de\/wp-json\/wp\/v2\/product_tag?post=122369"}],"curies":[{"name":"wp","href":"https:\/\/api.w.org\/{rel}","templated":true}]}}