{"id":122151,"date":"2023-11-28T16:23:55","date_gmt":"2023-11-28T16:23:55","guid":{"rendered":"https:\/\/www.david-coin.com\/product\/one-banknote-100-jaar-turkse-republiek-set-1923-2023-bir-banknot-turkiye-cumhuriyetinin-100-yili-paketi-1923-2023\/"},"modified":"2025-10-02T15:54:05","modified_gmt":"2025-10-02T13:54:05","slug":"one-banknote-100-jaar-turkse-republiek-set-1923-2023-bir-banknot-turkiye-cumhuriyetinin-100-yili-paketi-1923-2023","status":"publish","type":"product","link":"https:\/\/www.david-coin.com\/de\/produkt\/one-banknote-100-jaar-turkse-republiek-set-1923-2023-bir-banknot-turkiye-cumhuriyetinin-100-yili-paketi-1923-2023\/","title":{"rendered":"Eine Banknote 100 Jahre T\u00fcrkische Republik Satz 1923 - 2023 - Bir Banknot T\u00fcrkiye Cumhuriyeti'nin 100 y\u0131l\u0131 paketi 1923 - 2023"},"content":{"rendered":"<h1 class=\"page-title eshop-title\"><span style=\"color: #000000; font-size: 12pt; font-family: arial, helvetica, sans-serif;\"><strong>Eine Banknote 100 Jahre T\u00fcrkische Republik Satz 1923 - 2023 - Bir Banknot T\u00fcrkiye Cumhuriyeti'nin 100 y\u0131l\u0131 paketi 1923 - 2023<\/strong><\/span><\/h1>\n<p><span style=\"font-size: 12pt; font-family: arial, helvetica, sans-serif;\"><strong>De verzamelaarsbundel van de vier speciale biljetten ter ere van het 100-jarige bestaan van de Turkse Republiek is een waardevolle schat voor liefhebbers van geschiedenis en kunst. Deze bundel biedt een meeslepende reis door de tijd, waar elk biljet een uniek hoofdstuk vertelt over een specifieke periode in de rijke geschiedenis van Turkije. Samengevoegd belichamen de biljetten de veerkracht, groei en diversiteit van het land. Deze exclusieve bundel is niet alleen een tastbare herinnering aan een eeuw vol mijlpalen, maar ook een prachtig eerbetoon aan de trotse erfenis van de Turkse republiek. Het is een verzameling die de geschiedenis in handen brengt, een waardevol bezit voor zij die streven naar het behoud van cultureel erfgoed en de viering van nationale prestaties.<\/strong><\/span><\/p>\n<p><span style=\"font-size: 12pt; font-family: arial, helvetica, sans-serif;\"><strong>T\u00fcrkiye Cumhuriyeti&#8217;nin 100. y\u0131l\u0131n\u0131 kutlayan d\u00f6rt \u00f6zel banknottan olu\u015fan koleksiyoner koleksiyonu, tarih ve sanat merakl\u0131lar\u0131 i\u00e7in de\u011ferli bir hazinedir. Bu paket, her bir banknotun T\u00fcrkiye&#8217;nin zengin tarihindeki belirli bir d\u00f6nem hakk\u0131nda benzersiz bir b\u00f6l\u00fcm anlatt\u0131\u011f\u0131, zaman i\u00e7inde s\u00fcr\u00fckleyici bir yolculuk sunuyor. Birlikte ele al\u0131nd\u0131\u011f\u0131nda, notalar \u00fclkenin direncini, b\u00fcy\u00fcmesini ve \u00e7e\u015fitlili\u011fini somutla\u015ft\u0131r\u0131yor. Bu \u00f6zel paket, sadece kilometre ta\u015flar\u0131yla dolu bir y\u00fczy\u0131l\u0131n somut bir hat\u0131rlat\u0131c\u0131s\u0131 de\u011fil, ayn\u0131 zamanda T\u00fcrkiye Cumhuriyeti&#8217;nin gururlu miras\u0131na harika bir \u00f6vg\u00fcd\u00fcr. Tarihi ellerinize teslim eden bu koleksiyon, k\u00fclt\u00fcrel miras\u0131 korumak ve ulusal ba\u015far\u0131lar\u0131 kutlamak i\u00e7in \u00e7abalayanlar i\u00e7in de\u011ferli bir varl\u0131kt\u0131r.<\/strong><\/span><\/p>\n<p><span style=\"font-size: 12pt; color: #000000; font-family: arial, helvetica, sans-serif;\">Siehe Scans f\u00fcr weitere Einzelheiten.<br \/>Bei Fragen k\u00f6nnen Sie uns gerne eine Nachricht schicken.\u00a0<\/span><\/p>","protected":false},"excerpt":{"rendered":"<p>One Banknote 100 jaar Turkse Republiek set 1923 &#8211; 2023 &#8211; Bir Banknot T\u00fcrkiye Cumhuriyeti&#8217;nin 100 y\u0131l\u0131 paketi 1923 &#8211; 2023 De verzamelaarsbundel van de vier speciale biljetten ter ere van het 100-jarige bestaan van de Turkse Republiek is een waardevolle schat voor liefhebbers van geschiedenis en kunst. Deze bundel biedt een meeslepende reis door [&hellip;]<\/p>\n","protected":false},"featured_media":122145,"comment_status":"closed","ping_status":"closed","template":"","meta":[],"product_brand":[],"product_cat":[5609],"product_tag":[],"class_list":{"0":"post-122151","1":"product","2":"type-product","3":"status-publish","4":"has-post-thumbnail","6":"product_cat-one-banknote-serie","7":"pa_kwaliteit-unc","8":"pa_land-turkije","10":"first","11":"instock","12":"taxable","13":"shipping-taxable","14":"purchasable","15":"product-type-simple"},"yoast_head":"<!-- This site is optimized with the Yoast SEO Premium plugin v27.2 (Yoast SEO v27.5) - https:\/\/yoast.com\/product\/yoast-seo-premium-wordpress\/ -->\n<title>One Banknote 100 jaar Turkse Republiek set 1923 - 2023 - Bir Banknot T\u00fcrkiye Cumhuriyeti&#039;nin 100 y\u0131l\u0131 paketi 1923 - 2023<\/title>\n<meta name=\"description\" content=\"One banknote series verkrijgbaar bij David-coin. Bekijk nu ons ruime assortiment one banknote series. Gratis verzending binnen Nederland vanaf 75 euro.\" \/>\n<meta name=\"robots\" content=\"index, follow, max-snippet:-1, max-image-preview:large, max-video-preview:-1\" \/>\n<link rel=\"canonical\" href=\"https:\/\/www.david-coin.com\/de\/produkt\/one-banknote-100-jaar-turkse-republiek-set-1923-2023-bir-banknot-turkiye-cumhuriyetinin-100-yili-paketi-1923-2023\/\" \/>\n<meta property=\"og:locale\" content=\"de_DE\" \/>\n<meta property=\"og:type\" content=\"article\" \/>\n<meta property=\"og:title\" content=\"One Banknote 100 jaar Turkse Republiek set 1923 - 2023 - Bir Banknot T\u00fcrkiye Cumhuriyeti&#039;nin 100 y\u0131l\u0131 paketi 1923 - 2023\" \/>\n<meta property=\"og:description\" content=\"One banknote series verkrijgbaar bij David-coin. Bekijk nu ons ruime assortiment one banknote series. Gratis verzending binnen Nederland vanaf 75 euro.\" \/>\n<meta property=\"og:url\" content=\"https:\/\/www.david-coin.com\/de\/produkt\/one-banknote-100-jaar-turkse-republiek-set-1923-2023-bir-banknot-turkiye-cumhuriyetinin-100-yili-paketi-1923-2023\/\" \/>\n<meta property=\"og:site_name\" content=\"David Coin\" \/>\n<meta property=\"article:publisher\" content=\"https:\/\/www.facebook.com\/Davidcoininkoopenverkoop\" \/>\n<meta property=\"article:modified_time\" content=\"2025-10-02T13:54:05+00:00\" \/>\n<meta property=\"og:image\" content=\"https:\/\/www.david-coin.com\/wp-content\/uploads\/2023\/11\/one-banknote-serie-turkije-1-2.jpg\" \/>\n\t<meta property=\"og:image:width\" content=\"500\" \/>\n\t<meta property=\"og:image:height\" content=\"500\" \/>\n\t<meta property=\"og:image:type\" content=\"image\/jpeg\" \/>\n<meta name=\"twitter:card\" content=\"summary_large_image\" \/>\n<meta name=\"twitter:label1\" content=\"Preis\" \/>\n\t<meta name=\"twitter:data1\" content=\"&euro;&nbsp;34,95\" \/>\n\t<meta name=\"twitter:label2\" content=\"Verf\u00fcgbarkeit\" \/>\n\t<meta name=\"twitter:data2\" content=\"Auf Lager\" \/>\n<script type=\"application\/ld+json\" class=\"yoast-schema-graph\">{\"@context\":\"https:\\\/\\\/schema.org\",\"@graph\":[{\"@type\":\"WebPage\",\"@id\":\"https:\\\/\\\/www.david-coin.com\\\/product\\\/one-banknote-100-jaar-turkse-republiek-set-1923-2023-bir-banknot-turkiye-cumhuriyetinin-100-yili-paketi-1923-2023\\\/\",\"url\":\"https:\\\/\\\/www.david-coin.com\\\/product\\\/one-banknote-100-jaar-turkse-republiek-set-1923-2023-bir-banknot-turkiye-cumhuriyetinin-100-yili-paketi-1923-2023\\\/\",\"name\":\"One Banknote 100 jaar Turkse Republiek set 1923 - 2023 - Bir Banknot T\u00fcrkiye Cumhuriyeti'nin 100 y\u0131l\u0131 paketi 1923 - 2023\",\"isPartOf\":{\"@id\":\"https:\\\/\\\/www.david-coin.com\\\/#website\"},\"primaryImageOfPage\":{\"@id\":\"https:\\\/\\\/www.david-coin.com\\\/product\\\/one-banknote-100-jaar-turkse-republiek-set-1923-2023-bir-banknot-turkiye-cumhuriyetinin-100-yili-paketi-1923-2023\\\/#primaryimage\"},\"image\":{\"@id\":\"https:\\\/\\\/www.david-coin.com\\\/product\\\/one-banknote-100-jaar-turkse-republiek-set-1923-2023-bir-banknot-turkiye-cumhuriyetinin-100-yili-paketi-1923-2023\\\/#primaryimage\"},\"thumbnailUrl\":\"https:\\\/\\\/www.david-coin.com\\\/wp-content\\\/uploads\\\/2023\\\/11\\\/one-banknote-serie-turkije-1-2.jpg\",\"datePublished\":\"2023-11-28T16:23:55+00:00\",\"dateModified\":\"2025-10-02T13:54:05+00:00\",\"description\":\"One banknote series verkrijgbaar bij David-coin. Bekijk nu ons ruime assortiment one banknote series. Gratis verzending binnen Nederland vanaf 75 euro.\",\"breadcrumb\":{\"@id\":\"https:\\\/\\\/www.david-coin.com\\\/product\\\/one-banknote-100-jaar-turkse-republiek-set-1923-2023-bir-banknot-turkiye-cumhuriyetinin-100-yili-paketi-1923-2023\\\/#breadcrumb\"},\"inLanguage\":\"de\",\"potentialAction\":[{\"@type\":\"ReadAction\",\"target\":[\"https:\\\/\\\/www.david-coin.com\\\/product\\\/one-banknote-100-jaar-turkse-republiek-set-1923-2023-bir-banknot-turkiye-cumhuriyetinin-100-yili-paketi-1923-2023\\\/\"]}]},{\"@type\":\"ImageObject\",\"inLanguage\":\"de\",\"@id\":\"https:\\\/\\\/www.david-coin.com\\\/product\\\/one-banknote-100-jaar-turkse-republiek-set-1923-2023-bir-banknot-turkiye-cumhuriyetinin-100-yili-paketi-1923-2023\\\/#primaryimage\",\"url\":\"https:\\\/\\\/www.david-coin.com\\\/wp-content\\\/uploads\\\/2023\\\/11\\\/one-banknote-serie-turkije-1-2.jpg\",\"contentUrl\":\"https:\\\/\\\/www.david-coin.com\\\/wp-content\\\/uploads\\\/2023\\\/11\\\/one-banknote-serie-turkije-1-2.jpg\",\"width\":500,\"height\":500},{\"@type\":\"BreadcrumbList\",\"@id\":\"https:\\\/\\\/www.david-coin.com\\\/product\\\/one-banknote-100-jaar-turkse-republiek-set-1923-2023-bir-banknot-turkiye-cumhuriyetinin-100-yili-paketi-1923-2023\\\/#breadcrumb\",\"itemListElement\":[{\"@type\":\"ListItem\",\"position\":1,\"name\":\"Home\",\"item\":\"https:\\\/\\\/www.david-coin.com\\\/\"},{\"@type\":\"ListItem\",\"position\":2,\"name\":\"Winkel\",\"item\":\"https:\\\/\\\/www.david-coin.com\\\/winkel\\\/\"},{\"@type\":\"ListItem\",\"position\":3,\"name\":\"One Banknote 100 jaar Turkse Republiek set 1923 &#8211; 2023 &#8211; Bir Banknot T\u00fcrkiye Cumhuriyeti&#8217;nin 100 y\u0131l\u0131 paketi 1923 &#8211; 2023\"}]},{\"@type\":\"WebSite\",\"@id\":\"https:\\\/\\\/www.david-coin.com\\\/#website\",\"url\":\"https:\\\/\\\/www.david-coin.com\\\/\",\"name\":\"David Coin\",\"description\":\"\",\"publisher\":{\"@id\":\"https:\\\/\\\/www.david-coin.com\\\/#organization\"},\"potentialAction\":[{\"@type\":\"SearchAction\",\"target\":{\"@type\":\"EntryPoint\",\"urlTemplate\":\"https:\\\/\\\/www.david-coin.com\\\/?s={search_term_string}\"},\"query-input\":{\"@type\":\"PropertyValueSpecification\",\"valueRequired\":true,\"valueName\":\"search_term_string\"}}],\"inLanguage\":\"de\"},{\"@type\":\"Organization\",\"@id\":\"https:\\\/\\\/www.david-coin.com\\\/#organization\",\"name\":\"David Coin\",\"url\":\"https:\\\/\\\/www.david-coin.com\\\/\",\"logo\":{\"@type\":\"ImageObject\",\"inLanguage\":\"de\",\"@id\":\"https:\\\/\\\/www.david-coin.com\\\/#\\\/schema\\\/logo\\\/image\\\/\",\"url\":\"https:\\\/\\\/www.david-coin.com\\\/wp-content\\\/uploads\\\/2024\\\/04\\\/davidcoin-logo-final.png\",\"contentUrl\":\"https:\\\/\\\/www.david-coin.com\\\/wp-content\\\/uploads\\\/2024\\\/04\\\/davidcoin-logo-final.png\",\"width\":800,\"height\":267,\"caption\":\"David Coin\"},\"image\":{\"@id\":\"https:\\\/\\\/www.david-coin.com\\\/#\\\/schema\\\/logo\\\/image\\\/\"},\"sameAs\":[\"https:\\\/\\\/www.facebook.com\\\/Davidcoininkoopenverkoop\",\"https:\\\/\\\/www.youtube.com\\\/channel\\\/UC39lihLKFSPTff0w6tv0pWQ\"]}]}<\/script>\n<meta property=\"product:price:amount\" content=\"34.95\" \/>\n<meta property=\"product:price:currency\" content=\"EUR\" \/>\n<meta property=\"og:availability\" content=\"instock\" \/>\n<meta property=\"product:availability\" content=\"instock\" \/>\n<meta property=\"product:retailer_item_id\" content=\"4520\" \/>\n<meta property=\"product:condition\" content=\"new\" \/>\n<!-- \/ Yoast SEO Premium plugin. -->","yoast_head_json":{"title":"One Banknote 100 jaar Turkse Republiek set 1923 - 2023 - Bir Banknot T\u00fcrkiye Cumhuriyeti'nin 100 y\u0131l\u0131 paketi 1923 - 2023","description":"One banknote series verkrijgbaar bij David-coin. Bekijk nu ons ruime assortiment one banknote series. Gratis verzending binnen Nederland vanaf 75 euro.","robots":{"index":"index","follow":"follow","max-snippet":"max-snippet:-1","max-image-preview":"max-image-preview:large","max-video-preview":"max-video-preview:-1"},"canonical":"https:\/\/www.david-coin.com\/de\/produkt\/one-banknote-100-jaar-turkse-republiek-set-1923-2023-bir-banknot-turkiye-cumhuriyetinin-100-yili-paketi-1923-2023\/","og_locale":"de_DE","og_type":"article","og_title":"One Banknote 100 jaar Turkse Republiek set 1923 - 2023 - Bir Banknot T\u00fcrkiye Cumhuriyeti'nin 100 y\u0131l\u0131 paketi 1923 - 2023","og_description":"One banknote series verkrijgbaar bij David-coin. Bekijk nu ons ruime assortiment one banknote series. Gratis verzending binnen Nederland vanaf 75 euro.","og_url":"https:\/\/www.david-coin.com\/de\/produkt\/one-banknote-100-jaar-turkse-republiek-set-1923-2023-bir-banknot-turkiye-cumhuriyetinin-100-yili-paketi-1923-2023\/","og_site_name":"David Coin","article_publisher":"https:\/\/www.facebook.com\/Davidcoininkoopenverkoop","article_modified_time":"2025-10-02T13:54:05+00:00","og_image":[{"width":500,"height":500,"url":"https:\/\/www.david-coin.com\/wp-content\/uploads\/2023\/11\/one-banknote-serie-turkije-1-2.jpg","type":"image\/jpeg"}],"twitter_card":"summary_large_image","twitter_misc":{"Preis":"&euro;&nbsp;34,95","Verf\u00fcgbarkeit":"Auf Lager"},"schema":{"@context":"https:\/\/schema.org","@graph":[{"@type":"WebPage","@id":"https:\/\/www.david-coin.com\/product\/one-banknote-100-jaar-turkse-republiek-set-1923-2023-bir-banknot-turkiye-cumhuriyetinin-100-yili-paketi-1923-2023\/","url":"https:\/\/www.david-coin.com\/product\/one-banknote-100-jaar-turkse-republiek-set-1923-2023-bir-banknot-turkiye-cumhuriyetinin-100-yili-paketi-1923-2023\/","name":"One Banknote 100 jaar Turkse Republiek set 1923 - 2023 - Bir Banknot T\u00fcrkiye Cumhuriyeti'nin 100 y\u0131l\u0131 paketi 1923 - 2023","isPartOf":{"@id":"https:\/\/www.david-coin.com\/#website"},"primaryImageOfPage":{"@id":"https:\/\/www.david-coin.com\/product\/one-banknote-100-jaar-turkse-republiek-set-1923-2023-bir-banknot-turkiye-cumhuriyetinin-100-yili-paketi-1923-2023\/#primaryimage"},"image":{"@id":"https:\/\/www.david-coin.com\/product\/one-banknote-100-jaar-turkse-republiek-set-1923-2023-bir-banknot-turkiye-cumhuriyetinin-100-yili-paketi-1923-2023\/#primaryimage"},"thumbnailUrl":"https:\/\/www.david-coin.com\/wp-content\/uploads\/2023\/11\/one-banknote-serie-turkije-1-2.jpg","datePublished":"2023-11-28T16:23:55+00:00","dateModified":"2025-10-02T13:54:05+00:00","description":"One banknote series verkrijgbaar bij David-coin. Bekijk nu ons ruime assortiment one banknote series. Gratis verzending binnen Nederland vanaf 75 euro.","breadcrumb":{"@id":"https:\/\/www.david-coin.com\/product\/one-banknote-100-jaar-turkse-republiek-set-1923-2023-bir-banknot-turkiye-cumhuriyetinin-100-yili-paketi-1923-2023\/#breadcrumb"},"inLanguage":"de","potentialAction":[{"@type":"ReadAction","target":["https:\/\/www.david-coin.com\/product\/one-banknote-100-jaar-turkse-republiek-set-1923-2023-bir-banknot-turkiye-cumhuriyetinin-100-yili-paketi-1923-2023\/"]}]},{"@type":"ImageObject","inLanguage":"de","@id":"https:\/\/www.david-coin.com\/product\/one-banknote-100-jaar-turkse-republiek-set-1923-2023-bir-banknot-turkiye-cumhuriyetinin-100-yili-paketi-1923-2023\/#primaryimage","url":"https:\/\/www.david-coin.com\/wp-content\/uploads\/2023\/11\/one-banknote-serie-turkije-1-2.jpg","contentUrl":"https:\/\/www.david-coin.com\/wp-content\/uploads\/2023\/11\/one-banknote-serie-turkije-1-2.jpg","width":500,"height":500},{"@type":"BreadcrumbList","@id":"https:\/\/www.david-coin.com\/product\/one-banknote-100-jaar-turkse-republiek-set-1923-2023-bir-banknot-turkiye-cumhuriyetinin-100-yili-paketi-1923-2023\/#breadcrumb","itemListElement":[{"@type":"ListItem","position":1,"name":"Home","item":"https:\/\/www.david-coin.com\/"},{"@type":"ListItem","position":2,"name":"Winkel","item":"https:\/\/www.david-coin.com\/winkel\/"},{"@type":"ListItem","position":3,"name":"One Banknote 100 jaar Turkse Republiek set 1923 &#8211; 2023 &#8211; Bir Banknot T\u00fcrkiye Cumhuriyeti&#8217;nin 100 y\u0131l\u0131 paketi 1923 &#8211; 2023"}]},{"@type":"WebSite","@id":"https:\/\/www.david-coin.com\/#website","url":"https:\/\/www.david-coin.com\/","name":"David Coin","description":"","publisher":{"@id":"https:\/\/www.david-coin.com\/#organization"},"potentialAction":[{"@type":"SearchAction","target":{"@type":"EntryPoint","urlTemplate":"https:\/\/www.david-coin.com\/?s={search_term_string}"},"query-input":{"@type":"PropertyValueSpecification","valueRequired":true,"valueName":"search_term_string"}}],"inLanguage":"de"},{"@type":"Organization","@id":"https:\/\/www.david-coin.com\/#organization","name":"David Coin","url":"https:\/\/www.david-coin.com\/","logo":{"@type":"ImageObject","inLanguage":"de","@id":"https:\/\/www.david-coin.com\/#\/schema\/logo\/image\/","url":"https:\/\/www.david-coin.com\/wp-content\/uploads\/2024\/04\/davidcoin-logo-final.png","contentUrl":"https:\/\/www.david-coin.com\/wp-content\/uploads\/2024\/04\/davidcoin-logo-final.png","width":800,"height":267,"caption":"David Coin"},"image":{"@id":"https:\/\/www.david-coin.com\/#\/schema\/logo\/image\/"},"sameAs":["https:\/\/www.facebook.com\/Davidcoininkoopenverkoop","https:\/\/www.youtube.com\/channel\/UC39lihLKFSPTff0w6tv0pWQ"]}]},"product_price_amount":"34.95","product_price_currency":"EUR","og_availability":"instock","product_availability":"instock","product_retailer_item_id":"4520","product_condition":"new"},"_links":{"self":[{"href":"https:\/\/www.david-coin.com\/de\/wp-json\/wp\/v2\/product\/122151","targetHints":{"allow":["GET"]}}],"collection":[{"href":"https:\/\/www.david-coin.com\/de\/wp-json\/wp\/v2\/product"}],"about":[{"href":"https:\/\/www.david-coin.com\/de\/wp-json\/wp\/v2\/types\/product"}],"replies":[{"embeddable":true,"href":"https:\/\/www.david-coin.com\/de\/wp-json\/wp\/v2\/comments?post=122151"}],"wp:featuredmedia":[{"embeddable":true,"href":"https:\/\/www.david-coin.com\/de\/wp-json\/wp\/v2\/media\/122145"}],"wp:attachment":[{"href":"https:\/\/www.david-coin.com\/de\/wp-json\/wp\/v2\/media?parent=122151"}],"wp:term":[{"taxonomy":"product_brand","embeddable":true,"href":"https:\/\/www.david-coin.com\/de\/wp-json\/wp\/v2\/product_brand?post=122151"},{"taxonomy":"product_cat","embeddable":true,"href":"https:\/\/www.david-coin.com\/de\/wp-json\/wp\/v2\/product_cat?post=122151"},{"taxonomy":"product_tag","embeddable":true,"href":"https:\/\/www.david-coin.com\/de\/wp-json\/wp\/v2\/product_tag?post=122151"}],"curies":[{"name":"wp","href":"https:\/\/api.w.org\/{rel}","templated":true}]}}