{"id":122140,"date":"2023-11-28T16:17:16","date_gmt":"2023-11-28T16:17:16","guid":{"rendered":"https:\/\/www.david-coin.com\/product\/one-banknote-100-jaar-turkse-republiek-1950-1980-turkiye-cumhuriyetinin-100-yili-1950-1980\/"},"modified":"2025-10-02T15:54:00","modified_gmt":"2025-10-02T13:54:00","slug":"one-banknote-100-jaar-turkse-republiek-1950-1980-turkiye-cumhuriyetinin-100-yili-1950-1980","status":"publish","type":"product","link":"https:\/\/www.david-coin.com\/de\/produkt\/one-banknote-100-jaar-turkse-republiek-1950-1980-turkiye-cumhuriyetinin-100-yili-1950-1980\/","title":{"rendered":"Eine Banknote 100 Jahre T\u00fcrkische Republik 1950 - 1980 - T\u00fcrkiye Cumhuriyeti'nin 100 y\u0131l\u0131 1950 - 1980"},"content":{"rendered":"<h1 class=\"page-title eshop-title\"><span style=\"font-size: 12pt; color: #000000;\"><strong><span style=\"font-family: arial, helvetica, sans-serif;\">Eine Banknote 100 Jahre T\u00fcrkische Republik 1950 - 1980 - T\u00fcrkiye Cumhuriyeti'nin 100 y\u0131l\u0131 1950 - 1980<\/span><\/strong><\/span><\/h1>\n<p><span style=\"font-size: 12pt; font-family: arial, helvetica, sans-serif;\">Het tweede biljet van de vier ter ere van het 100-jarige bestaan van de Turkse Republiek belicht de periode 1950-1980, een tijdspanne doordrenkt met politieke transformaties en sociaaleconomische ontwikkelingen. Op dit verzamelaarsbiljet komen iconische momenten tot leven, van de invoering van het meerpartijenstelsel in 1950 tot de snelle modernisering van de jaren 1980. De afbeeldingen op het biljet vangen de geest van deze periode, waarin Turkije zichzelf herdefinieerde en zich ontplooide als een dynamische natie op het wereldtoneel. Dit kunstwerk op papier geldt als een eerbetoon aan de veerkracht van de Turkse samenleving gedurende deze cruciale drie decennia.<\/span><\/p>\n<p><span style=\"font-size: 12pt; font-family: arial, helvetica, sans-serif;\">T\u00fcrkiye Cumhuriyeti&#8217;nin 100. y\u0131l\u0131n\u0131 kutlayan d\u00f6rt banknottan ikincisi, siyasi d\u00f6n\u00fc\u015f\u00fcmler ve sosyo-ekonomik geli\u015fmelerle dolu 1950-1980 d\u00f6nemini vurguluyor. Bu koleksiyon banknotunda, 1950&#8217;de \u00e7ok partili sisteme ge\u00e7i\u015ften 1980&#8217;lerdeki h\u0131zl\u0131 modernle\u015fmeye kadar ikonik anlar hayat buluyor. Banknot \u00fczerindeki g\u00f6rseller, T\u00fcrkiye&#8217;nin kendini yeniden tan\u0131mlad\u0131\u011f\u0131 ve d\u00fcnya sahnesinde dinamik bir ulus olarak ortaya \u00e7\u0131kt\u0131\u011f\u0131 bu d\u00f6nemin ruhunu yakal\u0131yor. Ka\u011f\u0131t \u00fczerindeki bu sanat eseri, T\u00fcrk toplumunun bu kritik otuz y\u0131l boyunca g\u00f6sterdi\u011fi dirence bir \u00f6vg\u00fc olarak kabul edilmektedir.<\/span><\/p>\n<p><span style=\"font-size: 12pt; color: #000000; font-family: arial, helvetica, sans-serif;\">Siehe Scans f\u00fcr weitere Einzelheiten.<br \/>Bei Fragen k\u00f6nnen Sie uns gerne eine Nachricht schicken.\u00a0<\/span><\/p>","protected":false},"excerpt":{"rendered":"<p>One Banknote 100 jaar Turkse Republiek 1950 &#8211; 1980 &#8211; T\u00fcrkiye Cumhuriyeti&#8217;nin 100 y\u0131l\u0131 1950 &#8211; 1980 Het tweede biljet van de vier ter ere van het 100-jarige bestaan van de Turkse Republiek belicht de periode 1950-1980, een tijdspanne doordrenkt met politieke transformaties en sociaaleconomische ontwikkelingen. Op dit verzamelaarsbiljet komen iconische momenten tot leven, van [&hellip;]<\/p>\n","protected":false},"featured_media":122139,"comment_status":"closed","ping_status":"closed","template":"","meta":[],"product_brand":[],"product_cat":[5517,5609],"product_tag":[],"class_list":{"0":"post-122140","1":"product","2":"type-product","3":"status-publish","4":"has-post-thumbnail","6":"product_cat-aanbiedingen-munten-bankbiljetten","7":"product_cat-one-banknote-serie","8":"pa_kwaliteit-unc","9":"pa_land-turkije","11":"first","12":"instock","13":"sale","14":"taxable","15":"shipping-taxable","16":"purchasable","17":"product-type-simple"},"yoast_head":"<!-- This site is optimized with the Yoast SEO Premium plugin v27.6 (Yoast SEO v27.6) - https:\/\/yoast.com\/product\/yoast-seo-premium-wordpress\/ -->\n<title>One Banknote 100 jaar Turkse Republiek 1950 - 1980 - T\u00fcrkiye Cumhuriyeti&#039;nin 100 y\u0131l\u0131 1950 - 1980<\/title>\n<meta name=\"description\" content=\"One banknote series verkrijgbaar bij David-coin. Bekijk nu ons ruime assortiment one banknote series. Gratis verzending binnen Nederland vanaf 75 euro.\" \/>\n<meta name=\"robots\" content=\"index, follow, max-snippet:-1, max-image-preview:large, max-video-preview:-1\" \/>\n<link rel=\"canonical\" href=\"https:\/\/www.david-coin.com\/de\/produkt\/one-banknote-100-jaar-turkse-republiek-1950-1980-turkiye-cumhuriyetinin-100-yili-1950-1980\/\" \/>\n<meta property=\"og:locale\" content=\"de_DE\" \/>\n<meta property=\"og:type\" content=\"article\" \/>\n<meta property=\"og:title\" content=\"One Banknote 100 jaar Turkse Republiek 1950 - 1980 - T\u00fcrkiye Cumhuriyeti&#039;nin 100 y\u0131l\u0131 1950 - 1980\" \/>\n<meta property=\"og:description\" content=\"One banknote series verkrijgbaar bij David-coin. Bekijk nu ons ruime assortiment one banknote series. Gratis verzending binnen Nederland vanaf 75 euro.\" \/>\n<meta property=\"og:url\" content=\"https:\/\/www.david-coin.com\/de\/produkt\/one-banknote-100-jaar-turkse-republiek-1950-1980-turkiye-cumhuriyetinin-100-yili-1950-1980\/\" \/>\n<meta property=\"og:site_name\" content=\"David Coin\" \/>\n<meta property=\"article:publisher\" content=\"https:\/\/www.facebook.com\/Davidcoininkoopenverkoop\" \/>\n<meta property=\"article:modified_time\" content=\"2025-10-02T13:54:00+00:00\" \/>\n<meta property=\"og:image\" content=\"https:\/\/www.david-coin.com\/wp-content\/uploads\/2023\/11\/one-banknote-serie-turkije-1.jpg\" \/>\n\t<meta property=\"og:image:width\" content=\"500\" \/>\n\t<meta property=\"og:image:height\" content=\"500\" \/>\n\t<meta property=\"og:image:type\" content=\"image\/jpeg\" \/>\n<meta name=\"twitter:card\" content=\"summary_large_image\" \/>\n<meta name=\"twitter:label1\" content=\"Preis\" \/>\n\t<meta name=\"twitter:data1\" content=\"&euro;&nbsp;8,95\" \/>\n\t<meta name=\"twitter:label2\" content=\"Verf\u00fcgbarkeit\" \/>\n\t<meta name=\"twitter:data2\" content=\"Auf Lager\" \/>\n<script type=\"application\/ld+json\" class=\"yoast-schema-graph\">{\"@context\":\"https:\\\/\\\/schema.org\",\"@graph\":[{\"@type\":\"WebPage\",\"@id\":\"https:\\\/\\\/www.david-coin.com\\\/product\\\/one-banknote-100-jaar-turkse-republiek-1950-1980-turkiye-cumhuriyetinin-100-yili-1950-1980\\\/\",\"url\":\"https:\\\/\\\/www.david-coin.com\\\/product\\\/one-banknote-100-jaar-turkse-republiek-1950-1980-turkiye-cumhuriyetinin-100-yili-1950-1980\\\/\",\"name\":\"One Banknote 100 jaar Turkse Republiek 1950 - 1980 - T\u00fcrkiye Cumhuriyeti'nin 100 y\u0131l\u0131 1950 - 1980\",\"isPartOf\":{\"@id\":\"https:\\\/\\\/www.david-coin.com\\\/#website\"},\"primaryImageOfPage\":{\"@id\":\"https:\\\/\\\/www.david-coin.com\\\/product\\\/one-banknote-100-jaar-turkse-republiek-1950-1980-turkiye-cumhuriyetinin-100-yili-1950-1980\\\/#primaryimage\"},\"image\":{\"@id\":\"https:\\\/\\\/www.david-coin.com\\\/product\\\/one-banknote-100-jaar-turkse-republiek-1950-1980-turkiye-cumhuriyetinin-100-yili-1950-1980\\\/#primaryimage\"},\"thumbnailUrl\":\"https:\\\/\\\/www.david-coin.com\\\/wp-content\\\/uploads\\\/2023\\\/11\\\/one-banknote-serie-turkije-1.jpg\",\"datePublished\":\"2023-11-28T16:17:16+00:00\",\"dateModified\":\"2025-10-02T13:54:00+00:00\",\"description\":\"One banknote series verkrijgbaar bij David-coin. Bekijk nu ons ruime assortiment one banknote series. Gratis verzending binnen Nederland vanaf 75 euro.\",\"breadcrumb\":{\"@id\":\"https:\\\/\\\/www.david-coin.com\\\/product\\\/one-banknote-100-jaar-turkse-republiek-1950-1980-turkiye-cumhuriyetinin-100-yili-1950-1980\\\/#breadcrumb\"},\"inLanguage\":\"de\",\"potentialAction\":[{\"@type\":\"ReadAction\",\"target\":[\"https:\\\/\\\/www.david-coin.com\\\/product\\\/one-banknote-100-jaar-turkse-republiek-1950-1980-turkiye-cumhuriyetinin-100-yili-1950-1980\\\/\"]}]},{\"@type\":\"ImageObject\",\"inLanguage\":\"de\",\"@id\":\"https:\\\/\\\/www.david-coin.com\\\/product\\\/one-banknote-100-jaar-turkse-republiek-1950-1980-turkiye-cumhuriyetinin-100-yili-1950-1980\\\/#primaryimage\",\"url\":\"https:\\\/\\\/www.david-coin.com\\\/wp-content\\\/uploads\\\/2023\\\/11\\\/one-banknote-serie-turkije-1.jpg\",\"contentUrl\":\"https:\\\/\\\/www.david-coin.com\\\/wp-content\\\/uploads\\\/2023\\\/11\\\/one-banknote-serie-turkije-1.jpg\",\"width\":500,\"height\":500},{\"@type\":\"BreadcrumbList\",\"@id\":\"https:\\\/\\\/www.david-coin.com\\\/product\\\/one-banknote-100-jaar-turkse-republiek-1950-1980-turkiye-cumhuriyetinin-100-yili-1950-1980\\\/#breadcrumb\",\"itemListElement\":[{\"@type\":\"ListItem\",\"position\":1,\"name\":\"Home\",\"item\":\"https:\\\/\\\/www.david-coin.com\\\/\"},{\"@type\":\"ListItem\",\"position\":2,\"name\":\"Winkel\",\"item\":\"https:\\\/\\\/www.david-coin.com\\\/winkel\\\/\"},{\"@type\":\"ListItem\",\"position\":3,\"name\":\"One Banknote 100 jaar Turkse Republiek 1950 &#8211; 1980 &#8211; T\u00fcrkiye Cumhuriyeti&#8217;nin 100 y\u0131l\u0131 1950 &#8211; 1980\"}]},{\"@type\":\"WebSite\",\"@id\":\"https:\\\/\\\/www.david-coin.com\\\/#website\",\"url\":\"https:\\\/\\\/www.david-coin.com\\\/\",\"name\":\"David Coin\",\"description\":\"\",\"publisher\":{\"@id\":\"https:\\\/\\\/www.david-coin.com\\\/#organization\"},\"potentialAction\":[{\"@type\":\"SearchAction\",\"target\":{\"@type\":\"EntryPoint\",\"urlTemplate\":\"https:\\\/\\\/www.david-coin.com\\\/?s={search_term_string}\"},\"query-input\":{\"@type\":\"PropertyValueSpecification\",\"valueRequired\":true,\"valueName\":\"search_term_string\"}}],\"inLanguage\":\"de\"},{\"@type\":\"Organization\",\"@id\":\"https:\\\/\\\/www.david-coin.com\\\/#organization\",\"name\":\"David Coin\",\"url\":\"https:\\\/\\\/www.david-coin.com\\\/\",\"logo\":{\"@type\":\"ImageObject\",\"inLanguage\":\"de\",\"@id\":\"https:\\\/\\\/www.david-coin.com\\\/#\\\/schema\\\/logo\\\/image\\\/\",\"url\":\"https:\\\/\\\/www.david-coin.com\\\/wp-content\\\/uploads\\\/2024\\\/04\\\/davidcoin-logo-final.png\",\"contentUrl\":\"https:\\\/\\\/www.david-coin.com\\\/wp-content\\\/uploads\\\/2024\\\/04\\\/davidcoin-logo-final.png\",\"width\":800,\"height\":267,\"caption\":\"David Coin\"},\"image\":{\"@id\":\"https:\\\/\\\/www.david-coin.com\\\/#\\\/schema\\\/logo\\\/image\\\/\"},\"sameAs\":[\"https:\\\/\\\/www.facebook.com\\\/Davidcoininkoopenverkoop\",\"https:\\\/\\\/www.youtube.com\\\/channel\\\/UC39lihLKFSPTff0w6tv0pWQ\"]}]}<\/script>\n<meta property=\"product:price:amount\" content=\"8.95\" \/>\n<meta property=\"product:price:currency\" content=\"EUR\" \/>\n<meta property=\"og:availability\" content=\"instock\" \/>\n<meta property=\"product:availability\" content=\"instock\" \/>\n<meta property=\"product:retailer_item_id\" content=\"4517\" \/>\n<meta property=\"product:condition\" content=\"new\" \/>\n<!-- \/ Yoast SEO Premium plugin. -->","yoast_head_json":{"title":"One Banknote 100 jaar Turkse Republiek 1950 - 1980 - T\u00fcrkiye Cumhuriyeti'nin 100 y\u0131l\u0131 1950 - 1980","description":"One banknote series verkrijgbaar bij David-coin. Bekijk nu ons ruime assortiment one banknote series. Gratis verzending binnen Nederland vanaf 75 euro.","robots":{"index":"index","follow":"follow","max-snippet":"max-snippet:-1","max-image-preview":"max-image-preview:large","max-video-preview":"max-video-preview:-1"},"canonical":"https:\/\/www.david-coin.com\/de\/produkt\/one-banknote-100-jaar-turkse-republiek-1950-1980-turkiye-cumhuriyetinin-100-yili-1950-1980\/","og_locale":"de_DE","og_type":"article","og_title":"One Banknote 100 jaar Turkse Republiek 1950 - 1980 - T\u00fcrkiye Cumhuriyeti'nin 100 y\u0131l\u0131 1950 - 1980","og_description":"One banknote series verkrijgbaar bij David-coin. Bekijk nu ons ruime assortiment one banknote series. Gratis verzending binnen Nederland vanaf 75 euro.","og_url":"https:\/\/www.david-coin.com\/de\/produkt\/one-banknote-100-jaar-turkse-republiek-1950-1980-turkiye-cumhuriyetinin-100-yili-1950-1980\/","og_site_name":"David Coin","article_publisher":"https:\/\/www.facebook.com\/Davidcoininkoopenverkoop","article_modified_time":"2025-10-02T13:54:00+00:00","og_image":[{"width":500,"height":500,"url":"https:\/\/www.david-coin.com\/wp-content\/uploads\/2023\/11\/one-banknote-serie-turkije-1.jpg","type":"image\/jpeg"}],"twitter_card":"summary_large_image","twitter_misc":{"Preis":"&euro;&nbsp;8,95","Verf\u00fcgbarkeit":"Auf Lager"},"schema":{"@context":"https:\/\/schema.org","@graph":[{"@type":"WebPage","@id":"https:\/\/www.david-coin.com\/product\/one-banknote-100-jaar-turkse-republiek-1950-1980-turkiye-cumhuriyetinin-100-yili-1950-1980\/","url":"https:\/\/www.david-coin.com\/product\/one-banknote-100-jaar-turkse-republiek-1950-1980-turkiye-cumhuriyetinin-100-yili-1950-1980\/","name":"One Banknote 100 jaar Turkse Republiek 1950 - 1980 - T\u00fcrkiye Cumhuriyeti'nin 100 y\u0131l\u0131 1950 - 1980","isPartOf":{"@id":"https:\/\/www.david-coin.com\/#website"},"primaryImageOfPage":{"@id":"https:\/\/www.david-coin.com\/product\/one-banknote-100-jaar-turkse-republiek-1950-1980-turkiye-cumhuriyetinin-100-yili-1950-1980\/#primaryimage"},"image":{"@id":"https:\/\/www.david-coin.com\/product\/one-banknote-100-jaar-turkse-republiek-1950-1980-turkiye-cumhuriyetinin-100-yili-1950-1980\/#primaryimage"},"thumbnailUrl":"https:\/\/www.david-coin.com\/wp-content\/uploads\/2023\/11\/one-banknote-serie-turkije-1.jpg","datePublished":"2023-11-28T16:17:16+00:00","dateModified":"2025-10-02T13:54:00+00:00","description":"One banknote series verkrijgbaar bij David-coin. Bekijk nu ons ruime assortiment one banknote series. Gratis verzending binnen Nederland vanaf 75 euro.","breadcrumb":{"@id":"https:\/\/www.david-coin.com\/product\/one-banknote-100-jaar-turkse-republiek-1950-1980-turkiye-cumhuriyetinin-100-yili-1950-1980\/#breadcrumb"},"inLanguage":"de","potentialAction":[{"@type":"ReadAction","target":["https:\/\/www.david-coin.com\/product\/one-banknote-100-jaar-turkse-republiek-1950-1980-turkiye-cumhuriyetinin-100-yili-1950-1980\/"]}]},{"@type":"ImageObject","inLanguage":"de","@id":"https:\/\/www.david-coin.com\/product\/one-banknote-100-jaar-turkse-republiek-1950-1980-turkiye-cumhuriyetinin-100-yili-1950-1980\/#primaryimage","url":"https:\/\/www.david-coin.com\/wp-content\/uploads\/2023\/11\/one-banknote-serie-turkije-1.jpg","contentUrl":"https:\/\/www.david-coin.com\/wp-content\/uploads\/2023\/11\/one-banknote-serie-turkije-1.jpg","width":500,"height":500},{"@type":"BreadcrumbList","@id":"https:\/\/www.david-coin.com\/product\/one-banknote-100-jaar-turkse-republiek-1950-1980-turkiye-cumhuriyetinin-100-yili-1950-1980\/#breadcrumb","itemListElement":[{"@type":"ListItem","position":1,"name":"Home","item":"https:\/\/www.david-coin.com\/"},{"@type":"ListItem","position":2,"name":"Winkel","item":"https:\/\/www.david-coin.com\/winkel\/"},{"@type":"ListItem","position":3,"name":"One Banknote 100 jaar Turkse Republiek 1950 &#8211; 1980 &#8211; T\u00fcrkiye Cumhuriyeti&#8217;nin 100 y\u0131l\u0131 1950 &#8211; 1980"}]},{"@type":"WebSite","@id":"https:\/\/www.david-coin.com\/#website","url":"https:\/\/www.david-coin.com\/","name":"David Coin","description":"","publisher":{"@id":"https:\/\/www.david-coin.com\/#organization"},"potentialAction":[{"@type":"SearchAction","target":{"@type":"EntryPoint","urlTemplate":"https:\/\/www.david-coin.com\/?s={search_term_string}"},"query-input":{"@type":"PropertyValueSpecification","valueRequired":true,"valueName":"search_term_string"}}],"inLanguage":"de"},{"@type":"Organization","@id":"https:\/\/www.david-coin.com\/#organization","name":"David Coin","url":"https:\/\/www.david-coin.com\/","logo":{"@type":"ImageObject","inLanguage":"de","@id":"https:\/\/www.david-coin.com\/#\/schema\/logo\/image\/","url":"https:\/\/www.david-coin.com\/wp-content\/uploads\/2024\/04\/davidcoin-logo-final.png","contentUrl":"https:\/\/www.david-coin.com\/wp-content\/uploads\/2024\/04\/davidcoin-logo-final.png","width":800,"height":267,"caption":"David Coin"},"image":{"@id":"https:\/\/www.david-coin.com\/#\/schema\/logo\/image\/"},"sameAs":["https:\/\/www.facebook.com\/Davidcoininkoopenverkoop","https:\/\/www.youtube.com\/channel\/UC39lihLKFSPTff0w6tv0pWQ"]}]},"product_price_amount":"8.95","product_price_currency":"EUR","og_availability":"instock","product_availability":"instock","product_retailer_item_id":"4517","product_condition":"new"},"_links":{"self":[{"href":"https:\/\/www.david-coin.com\/de\/wp-json\/wp\/v2\/product\/122140","targetHints":{"allow":["GET"]}}],"collection":[{"href":"https:\/\/www.david-coin.com\/de\/wp-json\/wp\/v2\/product"}],"about":[{"href":"https:\/\/www.david-coin.com\/de\/wp-json\/wp\/v2\/types\/product"}],"replies":[{"embeddable":true,"href":"https:\/\/www.david-coin.com\/de\/wp-json\/wp\/v2\/comments?post=122140"}],"wp:featuredmedia":[{"embeddable":true,"href":"https:\/\/www.david-coin.com\/de\/wp-json\/wp\/v2\/media\/122139"}],"wp:attachment":[{"href":"https:\/\/www.david-coin.com\/de\/wp-json\/wp\/v2\/media?parent=122140"}],"wp:term":[{"taxonomy":"product_brand","embeddable":true,"href":"https:\/\/www.david-coin.com\/de\/wp-json\/wp\/v2\/product_brand?post=122140"},{"taxonomy":"product_cat","embeddable":true,"href":"https:\/\/www.david-coin.com\/de\/wp-json\/wp\/v2\/product_cat?post=122140"},{"taxonomy":"product_tag","embeddable":true,"href":"https:\/\/www.david-coin.com\/de\/wp-json\/wp\/v2\/product_tag?post=122140"}],"curies":[{"name":"wp","href":"https:\/\/api.w.org\/{rel}","templated":true}]}}