{"id":121558,"date":"2023-10-23T13:51:30","date_gmt":"2023-10-23T11:51:30","guid":{"rendered":"https:\/\/www.david-coin.com\/product\/nederland-10-cent-1874-willem-4\/"},"modified":"2026-04-10T13:17:27","modified_gmt":"2026-04-10T11:17:27","slug":"nederland-10-cent-1874-willem-4","status":"publish","type":"product","link":"https:\/\/www.david-coin.com\/de\/produkt\/nederland-10-cent-1874-willem-4\/","title":{"rendered":"Niederlande 10 Cent 1874 William 3"},"content":{"rendered":"<p><span style=\"font-size: 12pt;\"><strong>Niederlande 10 Cent 1874 William 3<\/strong><br \/>\nZwaard met klaverbladvormig uiteinde.\u00a0<\/span><\/p>\n<p>Der Groschen von <a href=\"https:\/\/www.david-coin.com\/de\/produkt-kategorie\/nederlandse-munten\/willem-3-1849-1890\/\">Wilhelm 3<\/a>die von 1849 bis 1890 gepr\u00e4gt wurde, ist Teil der niederl\u00e4ndischen M\u00fcnzgeschichte des neunzehnten Jahrhunderts. Diese M\u00fcnze besteht aus 640\/1000 Silber, hat einen Durchmesser von 15 Millimetern und wiegt 1,4 Gramm. Die Vorderseite zeigt ein Bild von <a href=\"https:\/\/www.david-coin.com\/de\/produkt-kategorie\/nederlandse-munten\/willem-3-1849-1890\/\">K\u00f6nig Wilhelm 3.<\/a> Die R\u00fcckseite zeigt die Wertangabe \"10 Cent\" und die Jahreszahl. Neben der 10-Cent-M\u00fcnze umfasst die Serie auch die folgenden M\u00fcnzen:<br \/>\n&#8211;\t<a href=\"https:\/\/www.david-coin.com\/de\/produkt\/nederland-halve-cent-1850-willem-3-2\/\">Halb-Cent William 3;<\/a><br \/>\n&#8211;\t<a href=\"https:\/\/www.david-coin.com\/de\/produkt\/nederland-1-cent-1860-willem-3\/\">Cent William 3;<\/a><br \/>\n&#8211;\t<a href=\"https:\/\/www.david-coin.com\/de\/produkt\/nederland-2-5-cent-1877-willem-3\/\">Zweieinhalb Cents William 3;<\/a><br \/>\n&#8211;\t<a href=\"https:\/\/www.david-coin.com\/de\/produkt\/nederland-5-cent-1862-willem-3\/\">Stuiver William 3;<\/a><br \/>\n&#8211;\t<a href=\"https:\/\/www.david-coin.com\/de\/produkt\/nederland-25-cent-1889-willem-3\/\">Viertel William 3;<\/a><br \/>\n&#8211;\t<a href=\"https:\/\/www.david-coin.com\/de\/produkt\/nederland-1-gulden-1866-willem-3\/\">Halber Gulden William 3;<\/a><br \/>\n&#8211;\t<a href=\"https:\/\/www.david-coin.com\/de\/produkt\/nederland-1-gulden-1856-willem-iii\/\">Goldener Wilhelm 3;<\/a><br \/>\n&#8211;\t<a href=\"https:\/\/www.david-coin.com\/de\/produkt\/nederland-25-gulden-1857-willem-3\/\">Knaak oder zweieinhalb Gulden William 3;<\/a><br \/>\n&#8211;\t<a href=\"https:\/\/www.david-coin.com\/de\/produkt\/nederland-gouden-5-gulden-1851-willem-3-2\/\">F\u00fcnf Gulden William 3;<\/a><br \/>\n&#8211;\t<a href=\"https:\/\/www.david-coin.com\/de\/produkt\/nederland-10-gulden-1888-willem-3-2\/\">Zehn Gulden William 3;<\/a><br \/>\n- 20 Gulden (doppelt verhandelter Token) William 3.<\/p>\n<p>Die M\u00fcnzen von K\u00f6nig Wilhelm 3 verschwanden Anfang des 20. Jahrhunderts langsam aus dem Verkehr und wurden nach und nach durch die M\u00fcnzen von <a href=\"https:\/\/www.david-coin.com\/de\/produkt-kategorie\/nederlandse-munten\/wilhelmina-1890-1948\/\">K\u00f6nigin Wilhelmina<\/a>. Noch heute werden sie von vielen Sammlern gesammelt und sind daher sehr beliebt. <\/p>\n<p><span style=\"font-size: 12pt;\">Siehe Scans f\u00fcr weitere Einzelheiten.<\/span><br \/>\n<span style=\"font-size: 12pt;\"> Bei Fragen k\u00f6nnen Sie uns gerne eine Nachricht schicken.<\/span><\/p>","protected":false},"excerpt":{"rendered":"<p>Nederland 10 Cent 1874 Willem 3 Zwaard met klaverbladvormig uiteinde.\u00a0 Het dubbeltje van Willem 3, geslagen van 1849 tot en met 1890, is onderdeel van de Nederlandse muntgeschiedenis van de negentiende eeuw. Deze munt is gemaakt van 640\/1000 zilver, heeft een diameter van 15 millimeter en weegt 1,4 gram. Op de voorzijde staat een afbeelding [&hellip;]<\/p>\n","protected":false},"featured_media":121556,"comment_status":"closed","ping_status":"open","template":"","meta":[],"product_brand":[],"product_cat":[5471,5521],"product_tag":[],"class_list":{"0":"post-121558","1":"product","2":"type-product","3":"status-publish","4":"has-post-thumbnail","6":"product_cat-nederlandse-munten","7":"product_cat-willem-3-1849-1890","8":"pa_delcampeid-5287","9":"pa_koning-koningin-willem3","10":"pa_kwaliteit-fraai","11":"pa_land-nederland","12":"pa_materiaal-zilver","13":"pa_muntwaarde-10cent","15":"first","16":"instock","17":"taxable","18":"shipping-taxable","19":"purchasable","20":"product-type-simple"},"yoast_head":"<!-- This site is optimized with the Yoast SEO Premium plugin v27.2 (Yoast SEO v27.4) - https:\/\/yoast.com\/product\/yoast-seo-premium-wordpress\/ -->\n<title>Nederland 10 Cent 1874 Willem 3<\/title>\n<meta name=\"description\" content=\"Nederlandse munten verkrijgbaar van Willem 1 t\/m heden bij David-coin. Bekijk nu ons complete aanbod. Gratis verzending binnen Nederland vanaf 75 euro.\" \/>\n<meta name=\"robots\" content=\"index, follow, max-snippet:-1, max-image-preview:large, max-video-preview:-1\" \/>\n<link rel=\"canonical\" href=\"https:\/\/www.david-coin.com\/de\/produkt\/nederland-10-cent-1874-willem-4\/\" \/>\n<meta property=\"og:locale\" content=\"de_DE\" \/>\n<meta property=\"og:type\" content=\"article\" \/>\n<meta property=\"og:title\" content=\"Nederland 10 Cent 1874 Willem 3\" \/>\n<meta property=\"og:description\" content=\"Nederlandse munten verkrijgbaar van Willem 1 t\/m heden bij David-coin. Bekijk nu ons complete aanbod. Gratis verzending binnen Nederland vanaf 75 euro.\" \/>\n<meta property=\"og:url\" content=\"https:\/\/www.david-coin.com\/de\/produkt\/nederland-10-cent-1874-willem-4\/\" \/>\n<meta property=\"og:site_name\" content=\"David Coin\" \/>\n<meta property=\"article:publisher\" content=\"https:\/\/www.facebook.com\/Davidcoininkoopenverkoop\" \/>\n<meta property=\"article:modified_time\" content=\"2026-04-10T11:17:27+00:00\" \/>\n<meta property=\"og:image\" content=\"https:\/\/www.david-coin.com\/wp-content\/uploads\/2023\/10\/10cent1874.jpg\" \/>\n\t<meta property=\"og:image:width\" content=\"472\" \/>\n\t<meta property=\"og:image:height\" content=\"433\" \/>\n\t<meta property=\"og:image:type\" content=\"image\/jpeg\" \/>\n<meta name=\"twitter:card\" content=\"summary_large_image\" \/>\n<meta name=\"twitter:label1\" content=\"Preis\" \/>\n\t<meta name=\"twitter:data1\" content=\"&euro;&nbsp;45,00\" \/>\n\t<meta name=\"twitter:label2\" content=\"Verf\u00fcgbarkeit\" \/>\n\t<meta name=\"twitter:data2\" content=\"Auf Lager\" \/>\n<script type=\"application\/ld+json\" class=\"yoast-schema-graph\">{\"@context\":\"https:\\\/\\\/schema.org\",\"@graph\":[{\"@type\":\"WebPage\",\"@id\":\"https:\\\/\\\/www.david-coin.com\\\/product\\\/nederland-10-cent-1874-willem-4\\\/\",\"url\":\"https:\\\/\\\/www.david-coin.com\\\/product\\\/nederland-10-cent-1874-willem-4\\\/\",\"name\":\"Nederland 10 Cent 1874 Willem 3\",\"isPartOf\":{\"@id\":\"https:\\\/\\\/www.david-coin.com\\\/#website\"},\"primaryImageOfPage\":{\"@id\":\"https:\\\/\\\/www.david-coin.com\\\/product\\\/nederland-10-cent-1874-willem-4\\\/#primaryimage\"},\"image\":{\"@id\":\"https:\\\/\\\/www.david-coin.com\\\/product\\\/nederland-10-cent-1874-willem-4\\\/#primaryimage\"},\"thumbnailUrl\":\"https:\\\/\\\/www.david-coin.com\\\/wp-content\\\/uploads\\\/2023\\\/10\\\/10cent1874.jpg\",\"datePublished\":\"2023-10-23T11:51:30+00:00\",\"dateModified\":\"2026-04-10T11:17:27+00:00\",\"description\":\"Nederlandse munten verkrijgbaar van Willem 1 t\\\/m heden bij David-coin. Bekijk nu ons complete aanbod. Gratis verzending binnen Nederland vanaf 75 euro.\",\"breadcrumb\":{\"@id\":\"https:\\\/\\\/www.david-coin.com\\\/product\\\/nederland-10-cent-1874-willem-4\\\/#breadcrumb\"},\"inLanguage\":\"de\",\"potentialAction\":[{\"@type\":\"ReadAction\",\"target\":[\"https:\\\/\\\/www.david-coin.com\\\/product\\\/nederland-10-cent-1874-willem-4\\\/\"]}]},{\"@type\":\"ImageObject\",\"inLanguage\":\"de\",\"@id\":\"https:\\\/\\\/www.david-coin.com\\\/product\\\/nederland-10-cent-1874-willem-4\\\/#primaryimage\",\"url\":\"https:\\\/\\\/www.david-coin.com\\\/wp-content\\\/uploads\\\/2023\\\/10\\\/10cent1874.jpg\",\"contentUrl\":\"https:\\\/\\\/www.david-coin.com\\\/wp-content\\\/uploads\\\/2023\\\/10\\\/10cent1874.jpg\",\"width\":472,\"height\":433},{\"@type\":\"BreadcrumbList\",\"@id\":\"https:\\\/\\\/www.david-coin.com\\\/product\\\/nederland-10-cent-1874-willem-4\\\/#breadcrumb\",\"itemListElement\":[{\"@type\":\"ListItem\",\"position\":1,\"name\":\"Home\",\"item\":\"https:\\\/\\\/www.david-coin.com\\\/\"},{\"@type\":\"ListItem\",\"position\":2,\"name\":\"Winkel\",\"item\":\"https:\\\/\\\/www.david-coin.com\\\/winkel\\\/\"},{\"@type\":\"ListItem\",\"position\":3,\"name\":\"Nederland 10 Cent 1874 Willem 3\"}]},{\"@type\":\"WebSite\",\"@id\":\"https:\\\/\\\/www.david-coin.com\\\/#website\",\"url\":\"https:\\\/\\\/www.david-coin.com\\\/\",\"name\":\"David Coin\",\"description\":\"\",\"publisher\":{\"@id\":\"https:\\\/\\\/www.david-coin.com\\\/#organization\"},\"potentialAction\":[{\"@type\":\"SearchAction\",\"target\":{\"@type\":\"EntryPoint\",\"urlTemplate\":\"https:\\\/\\\/www.david-coin.com\\\/?s={search_term_string}\"},\"query-input\":{\"@type\":\"PropertyValueSpecification\",\"valueRequired\":true,\"valueName\":\"search_term_string\"}}],\"inLanguage\":\"de\"},{\"@type\":\"Organization\",\"@id\":\"https:\\\/\\\/www.david-coin.com\\\/#organization\",\"name\":\"David Coin\",\"url\":\"https:\\\/\\\/www.david-coin.com\\\/\",\"logo\":{\"@type\":\"ImageObject\",\"inLanguage\":\"de\",\"@id\":\"https:\\\/\\\/www.david-coin.com\\\/#\\\/schema\\\/logo\\\/image\\\/\",\"url\":\"https:\\\/\\\/www.david-coin.com\\\/wp-content\\\/uploads\\\/2024\\\/04\\\/davidcoin-logo-final.png\",\"contentUrl\":\"https:\\\/\\\/www.david-coin.com\\\/wp-content\\\/uploads\\\/2024\\\/04\\\/davidcoin-logo-final.png\",\"width\":800,\"height\":267,\"caption\":\"David Coin\"},\"image\":{\"@id\":\"https:\\\/\\\/www.david-coin.com\\\/#\\\/schema\\\/logo\\\/image\\\/\"},\"sameAs\":[\"https:\\\/\\\/www.facebook.com\\\/Davidcoininkoopenverkoop\",\"https:\\\/\\\/www.youtube.com\\\/channel\\\/UC39lihLKFSPTff0w6tv0pWQ\"]}]}<\/script>\n<meta property=\"product:price:amount\" content=\"45.00\" \/>\n<meta property=\"product:price:currency\" content=\"EUR\" \/>\n<meta property=\"og:availability\" content=\"instock\" \/>\n<meta property=\"product:availability\" content=\"instock\" \/>\n<meta property=\"product:retailer_item_id\" content=\"15536\" \/>\n<meta property=\"product:condition\" content=\"new\" \/>\n<!-- \/ Yoast SEO Premium plugin. -->","yoast_head_json":{"title":"Niederlande 10 Cent 1874 William 3","description":"Nederlandse munten verkrijgbaar van Willem 1 t\/m heden bij David-coin. Bekijk nu ons complete aanbod. Gratis verzending binnen Nederland vanaf 75 euro.","robots":{"index":"index","follow":"follow","max-snippet":"max-snippet:-1","max-image-preview":"max-image-preview:large","max-video-preview":"max-video-preview:-1"},"canonical":"https:\/\/www.david-coin.com\/de\/produkt\/nederland-10-cent-1874-willem-4\/","og_locale":"de_DE","og_type":"article","og_title":"Nederland 10 Cent 1874 Willem 3","og_description":"Nederlandse munten verkrijgbaar van Willem 1 t\/m heden bij David-coin. Bekijk nu ons complete aanbod. Gratis verzending binnen Nederland vanaf 75 euro.","og_url":"https:\/\/www.david-coin.com\/de\/produkt\/nederland-10-cent-1874-willem-4\/","og_site_name":"David Coin","article_publisher":"https:\/\/www.facebook.com\/Davidcoininkoopenverkoop","article_modified_time":"2026-04-10T11:17:27+00:00","og_image":[{"width":472,"height":433,"url":"https:\/\/www.david-coin.com\/wp-content\/uploads\/2023\/10\/10cent1874.jpg","type":"image\/jpeg"}],"twitter_card":"summary_large_image","twitter_misc":{"Preis":"&euro;&nbsp;45,00","Verf\u00fcgbarkeit":"Auf Lager"},"schema":{"@context":"https:\/\/schema.org","@graph":[{"@type":"WebPage","@id":"https:\/\/www.david-coin.com\/product\/nederland-10-cent-1874-willem-4\/","url":"https:\/\/www.david-coin.com\/product\/nederland-10-cent-1874-willem-4\/","name":"Niederlande 10 Cent 1874 William 3","isPartOf":{"@id":"https:\/\/www.david-coin.com\/#website"},"primaryImageOfPage":{"@id":"https:\/\/www.david-coin.com\/product\/nederland-10-cent-1874-willem-4\/#primaryimage"},"image":{"@id":"https:\/\/www.david-coin.com\/product\/nederland-10-cent-1874-willem-4\/#primaryimage"},"thumbnailUrl":"https:\/\/www.david-coin.com\/wp-content\/uploads\/2023\/10\/10cent1874.jpg","datePublished":"2023-10-23T11:51:30+00:00","dateModified":"2026-04-10T11:17:27+00:00","description":"Nederlandse munten verkrijgbaar van Willem 1 t\/m heden bij David-coin. Bekijk nu ons complete aanbod. Gratis verzending binnen Nederland vanaf 75 euro.","breadcrumb":{"@id":"https:\/\/www.david-coin.com\/product\/nederland-10-cent-1874-willem-4\/#breadcrumb"},"inLanguage":"de","potentialAction":[{"@type":"ReadAction","target":["https:\/\/www.david-coin.com\/product\/nederland-10-cent-1874-willem-4\/"]}]},{"@type":"ImageObject","inLanguage":"de","@id":"https:\/\/www.david-coin.com\/product\/nederland-10-cent-1874-willem-4\/#primaryimage","url":"https:\/\/www.david-coin.com\/wp-content\/uploads\/2023\/10\/10cent1874.jpg","contentUrl":"https:\/\/www.david-coin.com\/wp-content\/uploads\/2023\/10\/10cent1874.jpg","width":472,"height":433},{"@type":"BreadcrumbList","@id":"https:\/\/www.david-coin.com\/product\/nederland-10-cent-1874-willem-4\/#breadcrumb","itemListElement":[{"@type":"ListItem","position":1,"name":"Home","item":"https:\/\/www.david-coin.com\/"},{"@type":"ListItem","position":2,"name":"Winkel","item":"https:\/\/www.david-coin.com\/winkel\/"},{"@type":"ListItem","position":3,"name":"Nederland 10 Cent 1874 Willem 3"}]},{"@type":"WebSite","@id":"https:\/\/www.david-coin.com\/#website","url":"https:\/\/www.david-coin.com\/","name":"David Coin","description":"","publisher":{"@id":"https:\/\/www.david-coin.com\/#organization"},"potentialAction":[{"@type":"SearchAction","target":{"@type":"EntryPoint","urlTemplate":"https:\/\/www.david-coin.com\/?s={search_term_string}"},"query-input":{"@type":"PropertyValueSpecification","valueRequired":true,"valueName":"search_term_string"}}],"inLanguage":"de"},{"@type":"Organization","@id":"https:\/\/www.david-coin.com\/#organization","name":"David Coin","url":"https:\/\/www.david-coin.com\/","logo":{"@type":"ImageObject","inLanguage":"de","@id":"https:\/\/www.david-coin.com\/#\/schema\/logo\/image\/","url":"https:\/\/www.david-coin.com\/wp-content\/uploads\/2024\/04\/davidcoin-logo-final.png","contentUrl":"https:\/\/www.david-coin.com\/wp-content\/uploads\/2024\/04\/davidcoin-logo-final.png","width":800,"height":267,"caption":"David Coin"},"image":{"@id":"https:\/\/www.david-coin.com\/#\/schema\/logo\/image\/"},"sameAs":["https:\/\/www.facebook.com\/Davidcoininkoopenverkoop","https:\/\/www.youtube.com\/channel\/UC39lihLKFSPTff0w6tv0pWQ"]}]},"product_price_amount":"45.00","product_price_currency":"EUR","og_availability":"instock","product_availability":"instock","product_retailer_item_id":"15536","product_condition":"new"},"_links":{"self":[{"href":"https:\/\/www.david-coin.com\/de\/wp-json\/wp\/v2\/product\/121558","targetHints":{"allow":["GET"]}}],"collection":[{"href":"https:\/\/www.david-coin.com\/de\/wp-json\/wp\/v2\/product"}],"about":[{"href":"https:\/\/www.david-coin.com\/de\/wp-json\/wp\/v2\/types\/product"}],"replies":[{"embeddable":true,"href":"https:\/\/www.david-coin.com\/de\/wp-json\/wp\/v2\/comments?post=121558"}],"wp:featuredmedia":[{"embeddable":true,"href":"https:\/\/www.david-coin.com\/de\/wp-json\/wp\/v2\/media\/121556"}],"wp:attachment":[{"href":"https:\/\/www.david-coin.com\/de\/wp-json\/wp\/v2\/media?parent=121558"}],"wp:term":[{"taxonomy":"product_brand","embeddable":true,"href":"https:\/\/www.david-coin.com\/de\/wp-json\/wp\/v2\/product_brand?post=121558"},{"taxonomy":"product_cat","embeddable":true,"href":"https:\/\/www.david-coin.com\/de\/wp-json\/wp\/v2\/product_cat?post=121558"},{"taxonomy":"product_tag","embeddable":true,"href":"https:\/\/www.david-coin.com\/de\/wp-json\/wp\/v2\/product_tag?post=121558"}],"curies":[{"name":"wp","href":"https:\/\/api.w.org\/{rel}","templated":true}]}}