{"id":120368,"date":"2023-08-04T11:15:31","date_gmt":"2023-08-04T11:15:31","guid":{"rendered":"https:\/\/www.david-coin.com\/product\/nederland-50-gulden-1991-beatrix-en-claus-proof\/"},"modified":"2026-02-02T11:17:49","modified_gmt":"2026-02-02T10:17:49","slug":"nederland-50-gulden-1991-beatrix-en-claus-proof","status":"publish","type":"product","link":"https:\/\/www.david-coin.com\/de\/produkt\/nederland-50-gulden-1991-beatrix-en-claus-proof\/","title":{"rendered":"Niederlande 50 Gulden 1991 Beatrix und Claus Proof"},"content":{"rendered":"<p><span style=\"font-size: 12pt;\">Niederlande 50 Gulden 1991 Beatrix und Claus Proof<br \/>\nGeslagen in proof kwaliteit en\u00a0verpakt in een capsule.<br \/>\nGewicht:25 Gramm<\/span><br \/>\n<span style=\"font-size: 12pt;\">Gehalt:925\/1000<\/span><\/p>\n<p><strong>Die 50-Gulden-M\u00fcnzen von K\u00f6nigin Beatrix<\/strong><br \/>\nNeben den silbernen Zehnern wurden ab 1982 auch silberne 50-Gulden-M\u00fcnzen ausgegeben. Diese M\u00fcnzen haben alle ein eigenes Motiv, sind aus 925er Sterlingsilber gefertigt, wiegen 25 Gramm und haben einen Durchmesser von 38 Millimetern. Es wurden insgesamt neun 50-Gulden-M\u00fcnzen ausgegeben:<br \/>\n&#8211; <a href=\"\/de\/\u201dhttps:\/\/www.david-coin.com\/produkt\/nederland-50-gulden-1982-nederland-amerika\/\u201d\/\">1982, 200 Jahre - Niederl\u00e4ndisch-amerikanische Freundschaft;<\/a><br \/>\n&#8211; <a href=\"\/de\/\u201dhttps:\/\/www.david-coin.com\/produkt\/nederland-50-gulden-1984-willem-van-oranje\/\u201d\/\">1984, Wilhelm von Oranien; <\/a><br \/>\n&#8211; <a href=\"\/de\/\u201dhttps:\/\/www.david-coin.com\/produkt\/nederland-50-gulden-1987-juliana-en-bernhard\/\u201d\/\">1987, Goldene Hochzeit von Juliana und Bernard; <\/a><br \/>\n&#8211; <a href=\"\/de\/\u201dhttps:\/\/www.david-coin.com\/produkt\/nederland-50-gulden-1988-william-en-mary\/\u201d\/\">1988, William und Mary; <\/a><br \/>\n&#8211; <a href=\"\/de\/\u201dhttps:\/\/www.david-coin.com\/produkt\/nederland-50-gulden-1990-100-jaar-vorstinnen\/\u201d\/\">1990, 100 Jahre K\u00f6niginnen; <\/a><br \/>\n&#8211; <a href=\"\/de\/\u201dhttps:\/\/www.david-coin.com\/produkt\/nederland-50-gulden-1991-beatrix-en-claus\/\u201d\/\">1991, K\u00f6nigin Beatrix und Claus; <\/a><br \/>\n&#8211; <a href=\"\/de\/\u201dhttps:\/\/www.david-coin.com\/produkt\/nederland-50-gulden-1994-verdrag-van-maastricht\/\u201d\/\">1994, Vertrag von Maastricht; <\/a><br \/>\n&#8211; <a href=\"\/de\/\u201dhttps:\/\/www.david-coin.com\/produkt\/nederland-50-gulden-1995-50-jaar-bevrijding\/\u201d\/\">1995, F\u00fcnfzig Jahre Befreiung; <\/a><br \/>\n&#8211; <a href=\"\/de\/\u201dhttps:\/\/www.david-coin.com\/produkt\/nederland-50-gulden-1998-munster\/\u201d\/\">1998, Vertrag von M\u00fcnster; <\/a><br \/>\nGedenkm\u00fcnzen waren grunds\u00e4tzlich gesetzliches Zahlungsmittel, wurden aber haupts\u00e4chlich als Sammlerst\u00fccke betrachtet. Heute sind sie auch als Anlagem\u00fcnzen beliebt, da die M\u00fcnzen einen hohen Silbergehalt haben.<\/p>\n<p><span style=\"font-size: 12pt;\">Siehe Scans f\u00fcr weitere Einzelheiten.<\/span><br \/>\n<span style=\"font-size: 12pt;\"> Bei Fragen k\u00f6nnen Sie uns gerne eine Nachricht schicken.<\/span><\/p>","protected":false},"excerpt":{"rendered":"<p>Nederland 50 gulden 1991 Beatrix en Claus Proof Geslagen in proof kwaliteit en\u00a0verpakt in een capsule. Gewicht:25 gram Gehalt:925\/1000 De 50 guldenmunten van koningin Beatrix Naast zilveren tientjes werden er vanaf 1982 zilveren 50 guldenmunten uitgegeven. Deze munten hebben allemaal een uniek thema, zijn van 925 sterling zilver gemaakt, wegen 25 gram en hebben een [&hellip;]<\/p>\n","protected":false},"featured_media":120366,"comment_status":"closed","ping_status":"closed","template":"","meta":[],"product_brand":[],"product_cat":[5524,5471],"product_tag":[],"class_list":{"0":"post-120368","1":"product","2":"type-product","3":"status-publish","4":"has-post-thumbnail","6":"product_cat-beatrix-1980-2013","7":"product_cat-nederlandse-munten","8":"pa_delcampeid-5272","9":"pa_koning-koningin-beatrix","10":"pa_kwaliteit-proof","11":"pa_land-nederland","12":"pa_materiaal-zilver","13":"pa_muntwaarde-50gulden","15":"first","16":"instock","17":"purchasable","18":"product-type-simple"},"yoast_head":"<!-- This site is optimized with the Yoast SEO Premium plugin v27.2 (Yoast SEO v27.4) - https:\/\/yoast.com\/product\/yoast-seo-premium-wordpress\/ -->\n<title>Nederland 50 gulden 1991 Beatrix en Claus Proof<\/title>\n<meta name=\"description\" content=\"Nederlandse munten kopen? Bekijk ons volledige aanbod van Nederlandse munten bij David-Coin. Gratis verzending binnen Nederland vanaf 75 euro.\" \/>\n<meta name=\"robots\" content=\"index, follow, max-snippet:-1, max-image-preview:large, max-video-preview:-1\" \/>\n<link rel=\"canonical\" href=\"https:\/\/www.david-coin.com\/de\/produkt\/nederland-50-gulden-1991-beatrix-en-claus-proof\/\" \/>\n<meta property=\"og:locale\" content=\"de_DE\" \/>\n<meta property=\"og:type\" content=\"article\" \/>\n<meta property=\"og:title\" content=\"Nederland 50 gulden 1991 Beatrix en Claus Proof\" \/>\n<meta property=\"og:description\" content=\"Nederlandse munten kopen? Bekijk ons volledige aanbod van Nederlandse munten bij David-Coin. Gratis verzending binnen Nederland vanaf 75 euro.\" \/>\n<meta property=\"og:url\" content=\"https:\/\/www.david-coin.com\/de\/produkt\/nederland-50-gulden-1991-beatrix-en-claus-proof\/\" \/>\n<meta property=\"og:site_name\" content=\"David Coin\" \/>\n<meta property=\"article:publisher\" content=\"https:\/\/www.facebook.com\/Davidcoininkoopenverkoop\" \/>\n<meta property=\"article:modified_time\" content=\"2026-02-02T10:17:49+00:00\" \/>\n<meta property=\"og:image\" content=\"https:\/\/www.david-coin.com\/wp-content\/uploads\/2023\/08\/50gulden1966-1991vz.jpg\" \/>\n\t<meta property=\"og:image:width\" content=\"731\" \/>\n\t<meta property=\"og:image:height\" content=\"800\" \/>\n\t<meta property=\"og:image:type\" content=\"image\/jpeg\" \/>\n<meta name=\"twitter:card\" content=\"summary_large_image\" \/>\n<meta name=\"twitter:label1\" content=\"Preis\" \/>\n\t<meta name=\"twitter:data1\" content=\"&euro;&nbsp;63,60\" \/>\n\t<meta name=\"twitter:label2\" content=\"Verf\u00fcgbarkeit\" \/>\n\t<meta name=\"twitter:data2\" content=\"Auf Lager\" \/>\n<script type=\"application\/ld+json\" class=\"yoast-schema-graph\">{\"@context\":\"https:\\\/\\\/schema.org\",\"@graph\":[{\"@type\":\"WebPage\",\"@id\":\"https:\\\/\\\/www.david-coin.com\\\/product\\\/nederland-50-gulden-1991-beatrix-en-claus-proof\\\/\",\"url\":\"https:\\\/\\\/www.david-coin.com\\\/product\\\/nederland-50-gulden-1991-beatrix-en-claus-proof\\\/\",\"name\":\"Nederland 50 gulden 1991 Beatrix en Claus Proof\",\"isPartOf\":{\"@id\":\"https:\\\/\\\/www.david-coin.com\\\/#website\"},\"primaryImageOfPage\":{\"@id\":\"https:\\\/\\\/www.david-coin.com\\\/product\\\/nederland-50-gulden-1991-beatrix-en-claus-proof\\\/#primaryimage\"},\"image\":{\"@id\":\"https:\\\/\\\/www.david-coin.com\\\/product\\\/nederland-50-gulden-1991-beatrix-en-claus-proof\\\/#primaryimage\"},\"thumbnailUrl\":\"https:\\\/\\\/www.david-coin.com\\\/wp-content\\\/uploads\\\/2023\\\/08\\\/50gulden1966-1991vz.jpg\",\"datePublished\":\"2023-08-04T11:15:31+00:00\",\"dateModified\":\"2026-02-02T10:17:49+00:00\",\"description\":\"Nederlandse munten kopen? Bekijk ons volledige aanbod van Nederlandse munten bij David-Coin. Gratis verzending binnen Nederland vanaf 75 euro.\",\"breadcrumb\":{\"@id\":\"https:\\\/\\\/www.david-coin.com\\\/product\\\/nederland-50-gulden-1991-beatrix-en-claus-proof\\\/#breadcrumb\"},\"inLanguage\":\"de\",\"potentialAction\":[{\"@type\":\"ReadAction\",\"target\":[\"https:\\\/\\\/www.david-coin.com\\\/product\\\/nederland-50-gulden-1991-beatrix-en-claus-proof\\\/\"]}]},{\"@type\":\"ImageObject\",\"inLanguage\":\"de\",\"@id\":\"https:\\\/\\\/www.david-coin.com\\\/product\\\/nederland-50-gulden-1991-beatrix-en-claus-proof\\\/#primaryimage\",\"url\":\"https:\\\/\\\/www.david-coin.com\\\/wp-content\\\/uploads\\\/2023\\\/08\\\/50gulden1966-1991vz.jpg\",\"contentUrl\":\"https:\\\/\\\/www.david-coin.com\\\/wp-content\\\/uploads\\\/2023\\\/08\\\/50gulden1966-1991vz.jpg\",\"width\":731,\"height\":800},{\"@type\":\"BreadcrumbList\",\"@id\":\"https:\\\/\\\/www.david-coin.com\\\/product\\\/nederland-50-gulden-1991-beatrix-en-claus-proof\\\/#breadcrumb\",\"itemListElement\":[{\"@type\":\"ListItem\",\"position\":1,\"name\":\"Home\",\"item\":\"https:\\\/\\\/www.david-coin.com\\\/\"},{\"@type\":\"ListItem\",\"position\":2,\"name\":\"Winkel\",\"item\":\"https:\\\/\\\/www.david-coin.com\\\/winkel\\\/\"},{\"@type\":\"ListItem\",\"position\":3,\"name\":\"Nederland 50 gulden 1991 Beatrix en Claus Proof\"}]},{\"@type\":\"WebSite\",\"@id\":\"https:\\\/\\\/www.david-coin.com\\\/#website\",\"url\":\"https:\\\/\\\/www.david-coin.com\\\/\",\"name\":\"David Coin\",\"description\":\"\",\"publisher\":{\"@id\":\"https:\\\/\\\/www.david-coin.com\\\/#organization\"},\"potentialAction\":[{\"@type\":\"SearchAction\",\"target\":{\"@type\":\"EntryPoint\",\"urlTemplate\":\"https:\\\/\\\/www.david-coin.com\\\/?s={search_term_string}\"},\"query-input\":{\"@type\":\"PropertyValueSpecification\",\"valueRequired\":true,\"valueName\":\"search_term_string\"}}],\"inLanguage\":\"de\"},{\"@type\":\"Organization\",\"@id\":\"https:\\\/\\\/www.david-coin.com\\\/#organization\",\"name\":\"David Coin\",\"url\":\"https:\\\/\\\/www.david-coin.com\\\/\",\"logo\":{\"@type\":\"ImageObject\",\"inLanguage\":\"de\",\"@id\":\"https:\\\/\\\/www.david-coin.com\\\/#\\\/schema\\\/logo\\\/image\\\/\",\"url\":\"https:\\\/\\\/www.david-coin.com\\\/wp-content\\\/uploads\\\/2024\\\/04\\\/davidcoin-logo-final.png\",\"contentUrl\":\"https:\\\/\\\/www.david-coin.com\\\/wp-content\\\/uploads\\\/2024\\\/04\\\/davidcoin-logo-final.png\",\"width\":800,\"height\":267,\"caption\":\"David Coin\"},\"image\":{\"@id\":\"https:\\\/\\\/www.david-coin.com\\\/#\\\/schema\\\/logo\\\/image\\\/\"},\"sameAs\":[\"https:\\\/\\\/www.facebook.com\\\/Davidcoininkoopenverkoop\",\"https:\\\/\\\/www.youtube.com\\\/channel\\\/UC39lihLKFSPTff0w6tv0pWQ\"]}]}<\/script>\n<meta property=\"product:price:amount\" content=\"63.60\" \/>\n<meta property=\"product:price:currency\" content=\"EUR\" \/>\n<meta property=\"og:availability\" content=\"instock\" \/>\n<meta property=\"product:availability\" content=\"instock\" \/>\n<meta property=\"product:retailer_item_id\" content=\"15498\" \/>\n<meta property=\"product:condition\" content=\"new\" \/>\n<!-- \/ Yoast SEO Premium plugin. -->","yoast_head_json":{"title":"Niederlande 50 Gulden 1991 Beatrix und Claus Proof","description":"Nederlandse munten kopen? Bekijk ons volledige aanbod van Nederlandse munten bij David-Coin. Gratis verzending binnen Nederland vanaf 75 euro.","robots":{"index":"index","follow":"follow","max-snippet":"max-snippet:-1","max-image-preview":"max-image-preview:large","max-video-preview":"max-video-preview:-1"},"canonical":"https:\/\/www.david-coin.com\/de\/produkt\/nederland-50-gulden-1991-beatrix-en-claus-proof\/","og_locale":"de_DE","og_type":"article","og_title":"Nederland 50 gulden 1991 Beatrix en Claus Proof","og_description":"Nederlandse munten kopen? Bekijk ons volledige aanbod van Nederlandse munten bij David-Coin. Gratis verzending binnen Nederland vanaf 75 euro.","og_url":"https:\/\/www.david-coin.com\/de\/produkt\/nederland-50-gulden-1991-beatrix-en-claus-proof\/","og_site_name":"David Coin","article_publisher":"https:\/\/www.facebook.com\/Davidcoininkoopenverkoop","article_modified_time":"2026-02-02T10:17:49+00:00","og_image":[{"width":731,"height":800,"url":"https:\/\/www.david-coin.com\/wp-content\/uploads\/2023\/08\/50gulden1966-1991vz.jpg","type":"image\/jpeg"}],"twitter_card":"summary_large_image","twitter_misc":{"Preis":"&euro;&nbsp;63,60","Verf\u00fcgbarkeit":"Auf Lager"},"schema":{"@context":"https:\/\/schema.org","@graph":[{"@type":"WebPage","@id":"https:\/\/www.david-coin.com\/product\/nederland-50-gulden-1991-beatrix-en-claus-proof\/","url":"https:\/\/www.david-coin.com\/product\/nederland-50-gulden-1991-beatrix-en-claus-proof\/","name":"Niederlande 50 Gulden 1991 Beatrix und Claus Proof","isPartOf":{"@id":"https:\/\/www.david-coin.com\/#website"},"primaryImageOfPage":{"@id":"https:\/\/www.david-coin.com\/product\/nederland-50-gulden-1991-beatrix-en-claus-proof\/#primaryimage"},"image":{"@id":"https:\/\/www.david-coin.com\/product\/nederland-50-gulden-1991-beatrix-en-claus-proof\/#primaryimage"},"thumbnailUrl":"https:\/\/www.david-coin.com\/wp-content\/uploads\/2023\/08\/50gulden1966-1991vz.jpg","datePublished":"2023-08-04T11:15:31+00:00","dateModified":"2026-02-02T10:17:49+00:00","description":"Nederlandse munten kopen? Bekijk ons volledige aanbod van Nederlandse munten bij David-Coin. Gratis verzending binnen Nederland vanaf 75 euro.","breadcrumb":{"@id":"https:\/\/www.david-coin.com\/product\/nederland-50-gulden-1991-beatrix-en-claus-proof\/#breadcrumb"},"inLanguage":"de","potentialAction":[{"@type":"ReadAction","target":["https:\/\/www.david-coin.com\/product\/nederland-50-gulden-1991-beatrix-en-claus-proof\/"]}]},{"@type":"ImageObject","inLanguage":"de","@id":"https:\/\/www.david-coin.com\/product\/nederland-50-gulden-1991-beatrix-en-claus-proof\/#primaryimage","url":"https:\/\/www.david-coin.com\/wp-content\/uploads\/2023\/08\/50gulden1966-1991vz.jpg","contentUrl":"https:\/\/www.david-coin.com\/wp-content\/uploads\/2023\/08\/50gulden1966-1991vz.jpg","width":731,"height":800},{"@type":"BreadcrumbList","@id":"https:\/\/www.david-coin.com\/product\/nederland-50-gulden-1991-beatrix-en-claus-proof\/#breadcrumb","itemListElement":[{"@type":"ListItem","position":1,"name":"Home","item":"https:\/\/www.david-coin.com\/"},{"@type":"ListItem","position":2,"name":"Winkel","item":"https:\/\/www.david-coin.com\/winkel\/"},{"@type":"ListItem","position":3,"name":"Nederland 50 gulden 1991 Beatrix en Claus Proof"}]},{"@type":"WebSite","@id":"https:\/\/www.david-coin.com\/#website","url":"https:\/\/www.david-coin.com\/","name":"David Coin","description":"","publisher":{"@id":"https:\/\/www.david-coin.com\/#organization"},"potentialAction":[{"@type":"SearchAction","target":{"@type":"EntryPoint","urlTemplate":"https:\/\/www.david-coin.com\/?s={search_term_string}"},"query-input":{"@type":"PropertyValueSpecification","valueRequired":true,"valueName":"search_term_string"}}],"inLanguage":"de"},{"@type":"Organization","@id":"https:\/\/www.david-coin.com\/#organization","name":"David Coin","url":"https:\/\/www.david-coin.com\/","logo":{"@type":"ImageObject","inLanguage":"de","@id":"https:\/\/www.david-coin.com\/#\/schema\/logo\/image\/","url":"https:\/\/www.david-coin.com\/wp-content\/uploads\/2024\/04\/davidcoin-logo-final.png","contentUrl":"https:\/\/www.david-coin.com\/wp-content\/uploads\/2024\/04\/davidcoin-logo-final.png","width":800,"height":267,"caption":"David Coin"},"image":{"@id":"https:\/\/www.david-coin.com\/#\/schema\/logo\/image\/"},"sameAs":["https:\/\/www.facebook.com\/Davidcoininkoopenverkoop","https:\/\/www.youtube.com\/channel\/UC39lihLKFSPTff0w6tv0pWQ"]}]},"product_price_amount":"63.60","product_price_currency":"EUR","og_availability":"instock","product_availability":"instock","product_retailer_item_id":"15498","product_condition":"new"},"_links":{"self":[{"href":"https:\/\/www.david-coin.com\/de\/wp-json\/wp\/v2\/product\/120368","targetHints":{"allow":["GET"]}}],"collection":[{"href":"https:\/\/www.david-coin.com\/de\/wp-json\/wp\/v2\/product"}],"about":[{"href":"https:\/\/www.david-coin.com\/de\/wp-json\/wp\/v2\/types\/product"}],"replies":[{"embeddable":true,"href":"https:\/\/www.david-coin.com\/de\/wp-json\/wp\/v2\/comments?post=120368"}],"wp:featuredmedia":[{"embeddable":true,"href":"https:\/\/www.david-coin.com\/de\/wp-json\/wp\/v2\/media\/120366"}],"wp:attachment":[{"href":"https:\/\/www.david-coin.com\/de\/wp-json\/wp\/v2\/media?parent=120368"}],"wp:term":[{"taxonomy":"product_brand","embeddable":true,"href":"https:\/\/www.david-coin.com\/de\/wp-json\/wp\/v2\/product_brand?post=120368"},{"taxonomy":"product_cat","embeddable":true,"href":"https:\/\/www.david-coin.com\/de\/wp-json\/wp\/v2\/product_cat?post=120368"},{"taxonomy":"product_tag","embeddable":true,"href":"https:\/\/www.david-coin.com\/de\/wp-json\/wp\/v2\/product_tag?post=120368"}],"curies":[{"name":"wp","href":"https:\/\/api.w.org\/{rel}","templated":true}]}}