{"id":117807,"date":"2023-03-03T13:40:38","date_gmt":"2023-03-03T13:40:38","guid":{"rendered":"https:\/\/www.david-coin.com\/product\/nederland-10-gulden-1997-ijsvogel-pmg69-epq\/"},"modified":"2026-01-27T17:33:11","modified_gmt":"2026-01-27T16:33:11","slug":"nederland-10-gulden-1997-ijsvogel-pmg69-epq","status":"publish","type":"product","link":"https:\/\/www.david-coin.com\/de\/produkt\/nederland-10-gulden-1997-ijsvogel-pmg69-epq\/","title":{"rendered":"Niederlande 10 Gulden 1997 Kingfisher PMG69 EPQ"},"content":{"rendered":"<p><span style=\"font-size: 12pt;\"><strong>Niederlande 10 Gulden 1997 Kingfisher PMG69 EPQ\u00a0<\/strong><br \/>Au\u00dfergew\u00f6hnliche Papierqualit\u00e4t.\u00a0<\/span><br \/><span style=\"font-size: 12pt;\"> NVMH: 50-1 <\/span><br \/><span style=\"font-size: 12pt;\"> Plump: PL48 <\/span><br \/><span style=\"font-size: 12pt;\"> Tipp: 99<\/p>\n<p><strong>Zehn Gulden 1997 Kingfisher<\/strong><br \/>\nDer Zehn-Gulden-Eisvogel wurde 1997 als letzte niederl\u00e4ndische Banknote in Umlauf gebracht. Der von Jaap Drupsteen entworfene Zehn-Gulden-Schein weist viele grafische Formen der Moderne auf. Neben dem Wasserzeichen ist eine blau-violette Form zu sehen, die bei Lichteinfall leuchtet, und auf der R\u00fcckseite befinden sich mehrere gl\u00e4nzende Flocken. Der Begriff Eisvogel stammt von dem Eisvogel im Wasserzeichen der Banknote. Der Zehner geh\u00f6rt zur letzten Serie niederl\u00e4ndischer Guldenscheine, neben dem Eisvogel gibt es noch die:<br \/>\n&#8211;\t<a href=\"\/de\/\u201d\/\" https:>F\u00fcnfundzwanzig Gulden 1989 Robins;<\/a><br \/>\n&#8211;\t<a href=\"\/de\/\u201d\/\" https:>Hundert Gulden 1992 Steinkauz;<\/a><br \/>\n&#8211;\t<a href=\"\/de\/\u201d\/\" https:>Eintausend Gulden 1994 Kieviet.<\/a><br \/>\nDer Zehner mit dem Eisvogel ist \u00fcbrigens die einzige niederl\u00e4ndische Banknote, die die Abk\u00fcrzung (ISO-CODE) des niederl\u00e4ndischen Guldens, n\u00e4mlich \"NLG\", enth\u00e4lt. Der Zehner mit dem Eisvogel wurde schlie\u00dflich im Jahr 2002 mit der Einf\u00fchrung des Euro aus dem Verkehr gezogen. <\/p>\n<p><\/span><br \/><span style=\"font-size: 12pt;\"> Siehe Scans f\u00fcr weitere Einzelheiten. <\/span><br \/><span style=\"font-size: 12pt;\"> Bei Fragen k\u00f6nnen Sie uns gerne eine Nachricht schicken.<\/span><\/p>","protected":false},"excerpt":{"rendered":"<p>NVMH: 50-1<\/p>","protected":false},"featured_media":117805,"comment_status":"closed","ping_status":"closed","template":"","meta":[],"product_brand":[],"product_cat":[5491,5517,5472],"product_tag":[],"class_list":{"0":"post-117807","1":"product","2":"type-product","3":"status-publish","4":"has-post-thumbnail","6":"product_cat-10-gulden-biljet","7":"product_cat-aanbiedingen-munten-bankbiljetten","8":"product_cat-nederlandse-bankbiljetten","9":"pa_bankbiljetwaarde-10gulden","10":"pa_delcampeid-5278","11":"pa_kwaliteit-unc","12":"pa_land-nederland","13":"pa_soort-pmgnotes","15":"first","16":"instock","17":"sale","18":"taxable","19":"shipping-taxable","20":"purchasable","21":"product-type-simple"},"yoast_head":"<!-- This site is optimized with the Yoast SEO Premium plugin v27.2 (Yoast SEO v27.4) - https:\/\/yoast.com\/product\/yoast-seo-premium-wordpress\/ -->\n<title>Nederland 10 Gulden 1997 Ijsvogel PMG69 EPQ<\/title>\n<meta name=\"description\" content=\"Ruim aanbod Nederlandse Bankbiljetten verkrijgbaar bij David-coin. Bekijk nu ons complete aanbod.\" \/>\n<meta name=\"robots\" content=\"index, follow, max-snippet:-1, max-image-preview:large, max-video-preview:-1\" \/>\n<link rel=\"canonical\" href=\"https:\/\/www.david-coin.com\/de\/produkt\/nederland-10-gulden-1997-ijsvogel-pmg69-epq\/\" \/>\n<meta property=\"og:locale\" content=\"de_DE\" \/>\n<meta property=\"og:type\" content=\"article\" \/>\n<meta property=\"og:title\" content=\"Nederland 10 Gulden 1997 Ijsvogel PMG69 EPQ\" \/>\n<meta property=\"og:description\" content=\"Ruim aanbod Nederlandse Bankbiljetten verkrijgbaar bij David-coin. Bekijk nu ons complete aanbod.\" \/>\n<meta property=\"og:url\" content=\"https:\/\/www.david-coin.com\/de\/produkt\/nederland-10-gulden-1997-ijsvogel-pmg69-epq\/\" \/>\n<meta property=\"og:site_name\" content=\"David Coin\" \/>\n<meta property=\"article:publisher\" content=\"https:\/\/www.facebook.com\/Davidcoininkoopenverkoop\" \/>\n<meta property=\"article:modified_time\" content=\"2026-01-27T16:33:11+00:00\" \/>\n<meta property=\"og:image\" content=\"https:\/\/www.david-coin.com\/wp-content\/uploads\/2023\/03\/Nederland10gulden1997-PMG69-vz-1.jpg\" \/>\n\t<meta property=\"og:image:width\" content=\"800\" \/>\n\t<meta property=\"og:image:height\" content=\"509\" \/>\n\t<meta property=\"og:image:type\" content=\"image\/jpeg\" \/>\n<meta name=\"twitter:card\" content=\"summary_large_image\" \/>\n<meta name=\"twitter:label1\" content=\"Preis\" \/>\n\t<meta name=\"twitter:data1\" content=\"&euro;&nbsp;225,00\" \/>\n\t<meta name=\"twitter:label2\" content=\"Verf\u00fcgbarkeit\" \/>\n\t<meta name=\"twitter:data2\" content=\"Auf Lager\" \/>\n<script type=\"application\/ld+json\" class=\"yoast-schema-graph\">{\"@context\":\"https:\\\/\\\/schema.org\",\"@graph\":[{\"@type\":\"WebPage\",\"@id\":\"https:\\\/\\\/www.david-coin.com\\\/product\\\/nederland-10-gulden-1997-ijsvogel-pmg69-epq\\\/\",\"url\":\"https:\\\/\\\/www.david-coin.com\\\/product\\\/nederland-10-gulden-1997-ijsvogel-pmg69-epq\\\/\",\"name\":\"Nederland 10 Gulden 1997 Ijsvogel PMG69 EPQ\",\"isPartOf\":{\"@id\":\"https:\\\/\\\/www.david-coin.com\\\/#website\"},\"primaryImageOfPage\":{\"@id\":\"https:\\\/\\\/www.david-coin.com\\\/product\\\/nederland-10-gulden-1997-ijsvogel-pmg69-epq\\\/#primaryimage\"},\"image\":{\"@id\":\"https:\\\/\\\/www.david-coin.com\\\/product\\\/nederland-10-gulden-1997-ijsvogel-pmg69-epq\\\/#primaryimage\"},\"thumbnailUrl\":\"https:\\\/\\\/www.david-coin.com\\\/wp-content\\\/uploads\\\/2023\\\/03\\\/Nederland10gulden1997-PMG69-vz-1.jpg\",\"datePublished\":\"2023-03-03T13:40:38+00:00\",\"dateModified\":\"2026-01-27T16:33:11+00:00\",\"description\":\"Ruim aanbod Nederlandse Bankbiljetten verkrijgbaar bij David-coin. Bekijk nu ons complete aanbod.\",\"breadcrumb\":{\"@id\":\"https:\\\/\\\/www.david-coin.com\\\/product\\\/nederland-10-gulden-1997-ijsvogel-pmg69-epq\\\/#breadcrumb\"},\"inLanguage\":\"de\",\"potentialAction\":[{\"@type\":\"ReadAction\",\"target\":[\"https:\\\/\\\/www.david-coin.com\\\/product\\\/nederland-10-gulden-1997-ijsvogel-pmg69-epq\\\/\"]}]},{\"@type\":\"ImageObject\",\"inLanguage\":\"de\",\"@id\":\"https:\\\/\\\/www.david-coin.com\\\/product\\\/nederland-10-gulden-1997-ijsvogel-pmg69-epq\\\/#primaryimage\",\"url\":\"https:\\\/\\\/www.david-coin.com\\\/wp-content\\\/uploads\\\/2023\\\/03\\\/Nederland10gulden1997-PMG69-vz-1.jpg\",\"contentUrl\":\"https:\\\/\\\/www.david-coin.com\\\/wp-content\\\/uploads\\\/2023\\\/03\\\/Nederland10gulden1997-PMG69-vz-1.jpg\",\"width\":800,\"height\":509},{\"@type\":\"BreadcrumbList\",\"@id\":\"https:\\\/\\\/www.david-coin.com\\\/product\\\/nederland-10-gulden-1997-ijsvogel-pmg69-epq\\\/#breadcrumb\",\"itemListElement\":[{\"@type\":\"ListItem\",\"position\":1,\"name\":\"Home\",\"item\":\"https:\\\/\\\/www.david-coin.com\\\/\"},{\"@type\":\"ListItem\",\"position\":2,\"name\":\"Winkel\",\"item\":\"https:\\\/\\\/www.david-coin.com\\\/winkel\\\/\"},{\"@type\":\"ListItem\",\"position\":3,\"name\":\"Nederland 10 Gulden 1997 Ijsvogel PMG69 EPQ\"}]},{\"@type\":\"WebSite\",\"@id\":\"https:\\\/\\\/www.david-coin.com\\\/#website\",\"url\":\"https:\\\/\\\/www.david-coin.com\\\/\",\"name\":\"David Coin\",\"description\":\"\",\"publisher\":{\"@id\":\"https:\\\/\\\/www.david-coin.com\\\/#organization\"},\"potentialAction\":[{\"@type\":\"SearchAction\",\"target\":{\"@type\":\"EntryPoint\",\"urlTemplate\":\"https:\\\/\\\/www.david-coin.com\\\/?s={search_term_string}\"},\"query-input\":{\"@type\":\"PropertyValueSpecification\",\"valueRequired\":true,\"valueName\":\"search_term_string\"}}],\"inLanguage\":\"de\"},{\"@type\":\"Organization\",\"@id\":\"https:\\\/\\\/www.david-coin.com\\\/#organization\",\"name\":\"David Coin\",\"url\":\"https:\\\/\\\/www.david-coin.com\\\/\",\"logo\":{\"@type\":\"ImageObject\",\"inLanguage\":\"de\",\"@id\":\"https:\\\/\\\/www.david-coin.com\\\/#\\\/schema\\\/logo\\\/image\\\/\",\"url\":\"https:\\\/\\\/www.david-coin.com\\\/wp-content\\\/uploads\\\/2024\\\/04\\\/davidcoin-logo-final.png\",\"contentUrl\":\"https:\\\/\\\/www.david-coin.com\\\/wp-content\\\/uploads\\\/2024\\\/04\\\/davidcoin-logo-final.png\",\"width\":800,\"height\":267,\"caption\":\"David Coin\"},\"image\":{\"@id\":\"https:\\\/\\\/www.david-coin.com\\\/#\\\/schema\\\/logo\\\/image\\\/\"},\"sameAs\":[\"https:\\\/\\\/www.facebook.com\\\/Davidcoininkoopenverkoop\",\"https:\\\/\\\/www.youtube.com\\\/channel\\\/UC39lihLKFSPTff0w6tv0pWQ\"]}]}<\/script>\n<meta property=\"product:price:amount\" content=\"225.00\" \/>\n<meta property=\"product:price:currency\" content=\"EUR\" \/>\n<meta property=\"og:availability\" content=\"instock\" \/>\n<meta property=\"product:availability\" content=\"instock\" \/>\n<meta property=\"product:retailer_item_id\" content=\"2600\" \/>\n<meta property=\"product:condition\" content=\"new\" \/>\n<!-- \/ Yoast SEO Premium plugin. -->","yoast_head_json":{"title":"Niederlande 10 Gulden 1997 Kingfisher PMG69 EPQ","description":"Ruim aanbod Nederlandse Bankbiljetten verkrijgbaar bij David-coin. Bekijk nu ons complete aanbod.","robots":{"index":"index","follow":"follow","max-snippet":"max-snippet:-1","max-image-preview":"max-image-preview:large","max-video-preview":"max-video-preview:-1"},"canonical":"https:\/\/www.david-coin.com\/de\/produkt\/nederland-10-gulden-1997-ijsvogel-pmg69-epq\/","og_locale":"de_DE","og_type":"article","og_title":"Nederland 10 Gulden 1997 Ijsvogel PMG69 EPQ","og_description":"Ruim aanbod Nederlandse Bankbiljetten verkrijgbaar bij David-coin. Bekijk nu ons complete aanbod.","og_url":"https:\/\/www.david-coin.com\/de\/produkt\/nederland-10-gulden-1997-ijsvogel-pmg69-epq\/","og_site_name":"David Coin","article_publisher":"https:\/\/www.facebook.com\/Davidcoininkoopenverkoop","article_modified_time":"2026-01-27T16:33:11+00:00","og_image":[{"width":800,"height":509,"url":"https:\/\/www.david-coin.com\/wp-content\/uploads\/2023\/03\/Nederland10gulden1997-PMG69-vz-1.jpg","type":"image\/jpeg"}],"twitter_card":"summary_large_image","twitter_misc":{"Preis":"&euro;&nbsp;225,00","Verf\u00fcgbarkeit":"Auf Lager"},"schema":{"@context":"https:\/\/schema.org","@graph":[{"@type":"WebPage","@id":"https:\/\/www.david-coin.com\/product\/nederland-10-gulden-1997-ijsvogel-pmg69-epq\/","url":"https:\/\/www.david-coin.com\/product\/nederland-10-gulden-1997-ijsvogel-pmg69-epq\/","name":"Niederlande 10 Gulden 1997 Kingfisher PMG69 EPQ","isPartOf":{"@id":"https:\/\/www.david-coin.com\/#website"},"primaryImageOfPage":{"@id":"https:\/\/www.david-coin.com\/product\/nederland-10-gulden-1997-ijsvogel-pmg69-epq\/#primaryimage"},"image":{"@id":"https:\/\/www.david-coin.com\/product\/nederland-10-gulden-1997-ijsvogel-pmg69-epq\/#primaryimage"},"thumbnailUrl":"https:\/\/www.david-coin.com\/wp-content\/uploads\/2023\/03\/Nederland10gulden1997-PMG69-vz-1.jpg","datePublished":"2023-03-03T13:40:38+00:00","dateModified":"2026-01-27T16:33:11+00:00","description":"Ruim aanbod Nederlandse Bankbiljetten verkrijgbaar bij David-coin. Bekijk nu ons complete aanbod.","breadcrumb":{"@id":"https:\/\/www.david-coin.com\/product\/nederland-10-gulden-1997-ijsvogel-pmg69-epq\/#breadcrumb"},"inLanguage":"de","potentialAction":[{"@type":"ReadAction","target":["https:\/\/www.david-coin.com\/product\/nederland-10-gulden-1997-ijsvogel-pmg69-epq\/"]}]},{"@type":"ImageObject","inLanguage":"de","@id":"https:\/\/www.david-coin.com\/product\/nederland-10-gulden-1997-ijsvogel-pmg69-epq\/#primaryimage","url":"https:\/\/www.david-coin.com\/wp-content\/uploads\/2023\/03\/Nederland10gulden1997-PMG69-vz-1.jpg","contentUrl":"https:\/\/www.david-coin.com\/wp-content\/uploads\/2023\/03\/Nederland10gulden1997-PMG69-vz-1.jpg","width":800,"height":509},{"@type":"BreadcrumbList","@id":"https:\/\/www.david-coin.com\/product\/nederland-10-gulden-1997-ijsvogel-pmg69-epq\/#breadcrumb","itemListElement":[{"@type":"ListItem","position":1,"name":"Home","item":"https:\/\/www.david-coin.com\/"},{"@type":"ListItem","position":2,"name":"Winkel","item":"https:\/\/www.david-coin.com\/winkel\/"},{"@type":"ListItem","position":3,"name":"Nederland 10 Gulden 1997 Ijsvogel PMG69 EPQ"}]},{"@type":"WebSite","@id":"https:\/\/www.david-coin.com\/#website","url":"https:\/\/www.david-coin.com\/","name":"David Coin","description":"","publisher":{"@id":"https:\/\/www.david-coin.com\/#organization"},"potentialAction":[{"@type":"SearchAction","target":{"@type":"EntryPoint","urlTemplate":"https:\/\/www.david-coin.com\/?s={search_term_string}"},"query-input":{"@type":"PropertyValueSpecification","valueRequired":true,"valueName":"search_term_string"}}],"inLanguage":"de"},{"@type":"Organization","@id":"https:\/\/www.david-coin.com\/#organization","name":"David Coin","url":"https:\/\/www.david-coin.com\/","logo":{"@type":"ImageObject","inLanguage":"de","@id":"https:\/\/www.david-coin.com\/#\/schema\/logo\/image\/","url":"https:\/\/www.david-coin.com\/wp-content\/uploads\/2024\/04\/davidcoin-logo-final.png","contentUrl":"https:\/\/www.david-coin.com\/wp-content\/uploads\/2024\/04\/davidcoin-logo-final.png","width":800,"height":267,"caption":"David Coin"},"image":{"@id":"https:\/\/www.david-coin.com\/#\/schema\/logo\/image\/"},"sameAs":["https:\/\/www.facebook.com\/Davidcoininkoopenverkoop","https:\/\/www.youtube.com\/channel\/UC39lihLKFSPTff0w6tv0pWQ"]}]},"product_price_amount":"225.00","product_price_currency":"EUR","og_availability":"instock","product_availability":"instock","product_retailer_item_id":"2600","product_condition":"new"},"_links":{"self":[{"href":"https:\/\/www.david-coin.com\/de\/wp-json\/wp\/v2\/product\/117807","targetHints":{"allow":["GET"]}}],"collection":[{"href":"https:\/\/www.david-coin.com\/de\/wp-json\/wp\/v2\/product"}],"about":[{"href":"https:\/\/www.david-coin.com\/de\/wp-json\/wp\/v2\/types\/product"}],"replies":[{"embeddable":true,"href":"https:\/\/www.david-coin.com\/de\/wp-json\/wp\/v2\/comments?post=117807"}],"wp:featuredmedia":[{"embeddable":true,"href":"https:\/\/www.david-coin.com\/de\/wp-json\/wp\/v2\/media\/117805"}],"wp:attachment":[{"href":"https:\/\/www.david-coin.com\/de\/wp-json\/wp\/v2\/media?parent=117807"}],"wp:term":[{"taxonomy":"product_brand","embeddable":true,"href":"https:\/\/www.david-coin.com\/de\/wp-json\/wp\/v2\/product_brand?post=117807"},{"taxonomy":"product_cat","embeddable":true,"href":"https:\/\/www.david-coin.com\/de\/wp-json\/wp\/v2\/product_cat?post=117807"},{"taxonomy":"product_tag","embeddable":true,"href":"https:\/\/www.david-coin.com\/de\/wp-json\/wp\/v2\/product_tag?post=117807"}],"curies":[{"name":"wp","href":"https:\/\/api.w.org\/{rel}","templated":true}]}}