{"id":117804,"date":"2023-03-03T13:37:30","date_gmt":"2023-03-03T13:37:30","guid":{"rendered":"https:\/\/www.david-coin.com\/product\/nederland-25-gulden-1943-wilhelmina-pmg67-epq\/"},"modified":"2026-01-27T17:33:13","modified_gmt":"2026-01-27T16:33:13","slug":"nederland-25-gulden-1943-wilhelmina-pmg67-epq","status":"publish","type":"product","link":"https:\/\/www.david-coin.com\/de\/produkt\/nederland-25-gulden-1943-wilhelmina-pmg67-epq\/","title":{"rendered":"Nederland 2,5 Gulden 1943 Wilhelmina PMG67 EPQ"},"content":{"rendered":"<p><span style=\"font-size: 12pt;\">Nederland 2,5 Gulden 1943 Wilhelmina PMG67 EPQ <\/span><br \/><span style=\"font-size: 12pt;\"> Au\u00dfergew\u00f6hnliche Papierqualit\u00e4t. <\/span><br \/><span style=\"font-size: 12pt;\"> NVMH:14 <\/span><br \/><span style=\"font-size: 12pt;\"> Plomp:PL15a<br \/>Pick:65<br \/> <\/span><\/p>\n<p>W\u00e4hrend des Zweiten Weltkriegs bereiteten sich die Alliierten bereits 1943 auf die Invasion vor, die 1944 stattfinden sollte. Der M\u00fcnzschein zu zweieinhalb Gulden mit <a href=\"https:\/\/www.david-coin.com\/de\/produkt-kategorie\/nederlandse-munten\/wilhelmina-1890-1948\/?jsf=jet-woo-products-grid&#038;pagenum=2\">K\u00f6nigin Wilhelmina<\/a> Es ist daher Teil eines besonderen St\u00fccks niederl\u00e4ndischer Geschichte. Bei der Befreiung von Gebieten mussten die Soldaten auch Geld erhalten, das sie in den befreiten Gebieten ausgeben konnten, denn es war schwierig, ausl\u00e4ndisches Geld in Gebieten auszugeben, in denen der Wechselkurs dieses Geldes nicht bekannt war und viele Einwohner das Geld nicht kannten und es wahrscheinlich nicht annehmen w\u00fcrden. Daher beschloss das Finanzministerium, niederl\u00e4ndische Gulden in den Vereinigten Staaten zu drucken, und diese M\u00fcnzscheine trugen daher das Bild von K\u00f6nigin Wilhelmina auf der Vorderseite. Der zweieinhalb-Gulden-Schein wurde 1943 ausgegeben und tr\u00e4gt auf der Vorderseite die Unterschrift von Johannes van den Broek (Finanzminister). Zur Serie der in Amerika gedruckten Gulden geh\u00f6ren auch die:<br \/>\n&#8211;\t<a href=\"https:\/\/www.david-coin.com\/de\/produkt\/nederland-1-gulden-1943-wilhelmina-buiten-omloop-gesteld-2\/\">Ein-Gulden-M\u00fcnzschein Wilhelmina 1943<\/a>;<br \/>\n&#8211;\t<a href=\"https:\/\/www.david-coin.com\/de\/produkt\/nederland-10-gulden-1943-wilhelmina-1\/\">Zehn-Gulden-M\u00fcnzschein 1943<\/a>;<br \/>\n&#8211;\t<a href=\"https:\/\/www.david-coin.com\/de\/produkt\/nederland-25-gulden-1943-wilhelmina-1\/\">F\u00fcnfundzwanzig-Gulden-M\u00fcnzschein 1943<\/a>;<br \/>\n&#8211;\t<a href=\"https:\/\/www.david-coin.com\/de\/produkt\/nederland-50-gulden-1943-wilhelmina\/\">F\u00fcnfzig-Gulden-M\u00fcnzschein 1943<\/a>;<br \/>\n&#8211;\t<a href=\"https:\/\/www.david-coin.com\/de\/produkt\/nederland-100-gulden-1943-wilhelmina-pmg64\/\">Hundert-Gulden-M\u00fcnzschein 1943<\/a>.<br \/>\nDa die Geldscheine von 1943 vor der Befreiung der n\u00f6rdlichen Niederlande ausgegeben worden waren, gelangten auch einige von ihnen in den Schwarzgeldkreislauf der besetzten Gebiete, und so wurde die Serie w\u00e4hrend der Gelds\u00e4uberung 1945 aus dem Verkehr gezogen. <\/p>\n<p><span style=\"font-size: 12pt;\"> Siehe Scans f\u00fcr weitere Einzelheiten.<\/span><br \/><span style=\"font-size: 12pt;\"> Bei Fragen k\u00f6nnen Sie uns gerne eine Nachricht schicken.<\/span><\/p>","protected":false},"excerpt":{"rendered":"<p>Nederland 2,5 Gulden 1943 Wilhelmina PMG67 EPQ Exceptional paper quality. NVMH:14 Plomp:PL15aPick:65 Tijdens de tweede wereldoorlog bereidden de geallieerden zich in 1943 al voor op de invasie die in 1944 plaats zouden vinden. Het muntbiljet van twee en een halve gulden met koningin Wilhelmina erop is dan ook onderdeel van een bijzonder stukje Nederlandse geschiedenis. [&hellip;]<\/p>\n","protected":false},"featured_media":117802,"comment_status":"closed","ping_status":"closed","template":"","meta":[],"product_brand":[],"product_cat":[5489,5472],"product_tag":[],"class_list":{"0":"post-117804","1":"product","2":"type-product","3":"status-publish","4":"has-post-thumbnail","6":"product_cat-2-5-gulden-biljet","7":"product_cat-nederlandse-bankbiljetten","8":"pa_bankbiljetwaarde-2_5gulden","9":"pa_delcampeid-5348","10":"pa_kwaliteit-unc","11":"pa_land-nederland","13":"first","14":"instock","15":"sale","16":"taxable","17":"shipping-taxable","18":"purchasable","19":"product-type-simple"},"yoast_head":"<!-- This site is optimized with the Yoast SEO Premium plugin v27.2 (Yoast SEO v27.4) - https:\/\/yoast.com\/product\/yoast-seo-premium-wordpress\/ -->\n<title>Nederland 2,5 Gulden 1943 Wilhelmina PMG67 EPQ<\/title>\n<meta name=\"description\" content=\"Nederlandse bankbiljetten verkrijgbaar bij David-coin. Van 1 gulden t\/m 1000 gulden. Bekijk nu ons complete aanbod.\" \/>\n<meta name=\"robots\" content=\"index, follow, max-snippet:-1, max-image-preview:large, max-video-preview:-1\" \/>\n<link rel=\"canonical\" href=\"https:\/\/www.david-coin.com\/de\/produkt\/nederland-25-gulden-1943-wilhelmina-pmg67-epq\/\" \/>\n<meta property=\"og:locale\" content=\"de_DE\" \/>\n<meta property=\"og:type\" content=\"article\" \/>\n<meta property=\"og:title\" content=\"Nederland 2,5 Gulden 1943 Wilhelmina PMG67 EPQ\" \/>\n<meta property=\"og:description\" content=\"Nederlandse bankbiljetten verkrijgbaar bij David-coin. Van 1 gulden t\/m 1000 gulden. Bekijk nu ons complete aanbod.\" \/>\n<meta property=\"og:url\" content=\"https:\/\/www.david-coin.com\/de\/produkt\/nederland-25-gulden-1943-wilhelmina-pmg67-epq\/\" \/>\n<meta property=\"og:site_name\" content=\"David Coin\" \/>\n<meta property=\"article:publisher\" content=\"https:\/\/www.facebook.com\/Davidcoininkoopenverkoop\" \/>\n<meta property=\"article:modified_time\" content=\"2026-01-27T16:33:13+00:00\" \/>\n<meta property=\"og:image\" content=\"https:\/\/www.david-coin.com\/wp-content\/uploads\/2023\/03\/Nederlandmuntbiljet25gulden1943-PMG67-vz-1.jpg\" \/>\n\t<meta property=\"og:image:width\" content=\"800\" \/>\n\t<meta property=\"og:image:height\" content=\"505\" \/>\n\t<meta property=\"og:image:type\" content=\"image\/jpeg\" \/>\n<meta name=\"twitter:card\" content=\"summary_large_image\" \/>\n<meta name=\"twitter:label1\" content=\"Preis\" \/>\n\t<meta name=\"twitter:data1\" content=\"&euro;&nbsp;249,95\" \/>\n\t<meta name=\"twitter:label2\" content=\"Verf\u00fcgbarkeit\" \/>\n\t<meta name=\"twitter:data2\" content=\"Auf Lager\" \/>\n<script type=\"application\/ld+json\" class=\"yoast-schema-graph\">{\"@context\":\"https:\\\/\\\/schema.org\",\"@graph\":[{\"@type\":\"WebPage\",\"@id\":\"https:\\\/\\\/www.david-coin.com\\\/product\\\/nederland-25-gulden-1943-wilhelmina-pmg67-epq\\\/\",\"url\":\"https:\\\/\\\/www.david-coin.com\\\/product\\\/nederland-25-gulden-1943-wilhelmina-pmg67-epq\\\/\",\"name\":\"Nederland 2,5 Gulden 1943 Wilhelmina PMG67 EPQ\",\"isPartOf\":{\"@id\":\"https:\\\/\\\/www.david-coin.com\\\/#website\"},\"primaryImageOfPage\":{\"@id\":\"https:\\\/\\\/www.david-coin.com\\\/product\\\/nederland-25-gulden-1943-wilhelmina-pmg67-epq\\\/#primaryimage\"},\"image\":{\"@id\":\"https:\\\/\\\/www.david-coin.com\\\/product\\\/nederland-25-gulden-1943-wilhelmina-pmg67-epq\\\/#primaryimage\"},\"thumbnailUrl\":\"https:\\\/\\\/www.david-coin.com\\\/wp-content\\\/uploads\\\/2023\\\/03\\\/Nederlandmuntbiljet25gulden1943-PMG67-vz-1.jpg\",\"datePublished\":\"2023-03-03T13:37:30+00:00\",\"dateModified\":\"2026-01-27T16:33:13+00:00\",\"description\":\"Nederlandse bankbiljetten verkrijgbaar bij David-coin. Van 1 gulden t\\\/m 1000 gulden. Bekijk nu ons complete aanbod.\",\"breadcrumb\":{\"@id\":\"https:\\\/\\\/www.david-coin.com\\\/product\\\/nederland-25-gulden-1943-wilhelmina-pmg67-epq\\\/#breadcrumb\"},\"inLanguage\":\"de\",\"potentialAction\":[{\"@type\":\"ReadAction\",\"target\":[\"https:\\\/\\\/www.david-coin.com\\\/product\\\/nederland-25-gulden-1943-wilhelmina-pmg67-epq\\\/\"]}]},{\"@type\":\"ImageObject\",\"inLanguage\":\"de\",\"@id\":\"https:\\\/\\\/www.david-coin.com\\\/product\\\/nederland-25-gulden-1943-wilhelmina-pmg67-epq\\\/#primaryimage\",\"url\":\"https:\\\/\\\/www.david-coin.com\\\/wp-content\\\/uploads\\\/2023\\\/03\\\/Nederlandmuntbiljet25gulden1943-PMG67-vz-1.jpg\",\"contentUrl\":\"https:\\\/\\\/www.david-coin.com\\\/wp-content\\\/uploads\\\/2023\\\/03\\\/Nederlandmuntbiljet25gulden1943-PMG67-vz-1.jpg\",\"width\":800,\"height\":505},{\"@type\":\"BreadcrumbList\",\"@id\":\"https:\\\/\\\/www.david-coin.com\\\/product\\\/nederland-25-gulden-1943-wilhelmina-pmg67-epq\\\/#breadcrumb\",\"itemListElement\":[{\"@type\":\"ListItem\",\"position\":1,\"name\":\"Home\",\"item\":\"https:\\\/\\\/www.david-coin.com\\\/\"},{\"@type\":\"ListItem\",\"position\":2,\"name\":\"Winkel\",\"item\":\"https:\\\/\\\/www.david-coin.com\\\/winkel\\\/\"},{\"@type\":\"ListItem\",\"position\":3,\"name\":\"Nederland 2,5 Gulden 1943 Wilhelmina PMG67 EPQ\"}]},{\"@type\":\"WebSite\",\"@id\":\"https:\\\/\\\/www.david-coin.com\\\/#website\",\"url\":\"https:\\\/\\\/www.david-coin.com\\\/\",\"name\":\"David Coin\",\"description\":\"\",\"publisher\":{\"@id\":\"https:\\\/\\\/www.david-coin.com\\\/#organization\"},\"potentialAction\":[{\"@type\":\"SearchAction\",\"target\":{\"@type\":\"EntryPoint\",\"urlTemplate\":\"https:\\\/\\\/www.david-coin.com\\\/?s={search_term_string}\"},\"query-input\":{\"@type\":\"PropertyValueSpecification\",\"valueRequired\":true,\"valueName\":\"search_term_string\"}}],\"inLanguage\":\"de\"},{\"@type\":\"Organization\",\"@id\":\"https:\\\/\\\/www.david-coin.com\\\/#organization\",\"name\":\"David Coin\",\"url\":\"https:\\\/\\\/www.david-coin.com\\\/\",\"logo\":{\"@type\":\"ImageObject\",\"inLanguage\":\"de\",\"@id\":\"https:\\\/\\\/www.david-coin.com\\\/#\\\/schema\\\/logo\\\/image\\\/\",\"url\":\"https:\\\/\\\/www.david-coin.com\\\/wp-content\\\/uploads\\\/2024\\\/04\\\/davidcoin-logo-final.png\",\"contentUrl\":\"https:\\\/\\\/www.david-coin.com\\\/wp-content\\\/uploads\\\/2024\\\/04\\\/davidcoin-logo-final.png\",\"width\":800,\"height\":267,\"caption\":\"David Coin\"},\"image\":{\"@id\":\"https:\\\/\\\/www.david-coin.com\\\/#\\\/schema\\\/logo\\\/image\\\/\"},\"sameAs\":[\"https:\\\/\\\/www.facebook.com\\\/Davidcoininkoopenverkoop\",\"https:\\\/\\\/www.youtube.com\\\/channel\\\/UC39lihLKFSPTff0w6tv0pWQ\"]}]}<\/script>\n<meta property=\"product:price:amount\" content=\"249.95\" \/>\n<meta property=\"product:price:currency\" content=\"EUR\" \/>\n<meta property=\"og:availability\" content=\"instock\" \/>\n<meta property=\"product:availability\" content=\"instock\" \/>\n<meta property=\"product:retailer_item_id\" content=\"2599\" \/>\n<meta property=\"product:condition\" content=\"new\" \/>\n<!-- \/ Yoast SEO Premium plugin. -->","yoast_head_json":{"title":"Nederland 2,5 Gulden 1943 Wilhelmina PMG67 EPQ","description":"Nederlandse bankbiljetten verkrijgbaar bij David-coin. Van 1 gulden t\/m 1000 gulden. Bekijk nu ons complete aanbod.","robots":{"index":"index","follow":"follow","max-snippet":"max-snippet:-1","max-image-preview":"max-image-preview:large","max-video-preview":"max-video-preview:-1"},"canonical":"https:\/\/www.david-coin.com\/de\/produkt\/nederland-25-gulden-1943-wilhelmina-pmg67-epq\/","og_locale":"de_DE","og_type":"article","og_title":"Nederland 2,5 Gulden 1943 Wilhelmina PMG67 EPQ","og_description":"Nederlandse bankbiljetten verkrijgbaar bij David-coin. Van 1 gulden t\/m 1000 gulden. Bekijk nu ons complete aanbod.","og_url":"https:\/\/www.david-coin.com\/de\/produkt\/nederland-25-gulden-1943-wilhelmina-pmg67-epq\/","og_site_name":"David Coin","article_publisher":"https:\/\/www.facebook.com\/Davidcoininkoopenverkoop","article_modified_time":"2026-01-27T16:33:13+00:00","og_image":[{"width":800,"height":505,"url":"https:\/\/www.david-coin.com\/wp-content\/uploads\/2023\/03\/Nederlandmuntbiljet25gulden1943-PMG67-vz-1.jpg","type":"image\/jpeg"}],"twitter_card":"summary_large_image","twitter_misc":{"Preis":"&euro;&nbsp;249,95","Verf\u00fcgbarkeit":"Auf Lager"},"schema":{"@context":"https:\/\/schema.org","@graph":[{"@type":"WebPage","@id":"https:\/\/www.david-coin.com\/product\/nederland-25-gulden-1943-wilhelmina-pmg67-epq\/","url":"https:\/\/www.david-coin.com\/product\/nederland-25-gulden-1943-wilhelmina-pmg67-epq\/","name":"Nederland 2,5 Gulden 1943 Wilhelmina PMG67 EPQ","isPartOf":{"@id":"https:\/\/www.david-coin.com\/#website"},"primaryImageOfPage":{"@id":"https:\/\/www.david-coin.com\/product\/nederland-25-gulden-1943-wilhelmina-pmg67-epq\/#primaryimage"},"image":{"@id":"https:\/\/www.david-coin.com\/product\/nederland-25-gulden-1943-wilhelmina-pmg67-epq\/#primaryimage"},"thumbnailUrl":"https:\/\/www.david-coin.com\/wp-content\/uploads\/2023\/03\/Nederlandmuntbiljet25gulden1943-PMG67-vz-1.jpg","datePublished":"2023-03-03T13:37:30+00:00","dateModified":"2026-01-27T16:33:13+00:00","description":"Nederlandse bankbiljetten verkrijgbaar bij David-coin. Van 1 gulden t\/m 1000 gulden. Bekijk nu ons complete aanbod.","breadcrumb":{"@id":"https:\/\/www.david-coin.com\/product\/nederland-25-gulden-1943-wilhelmina-pmg67-epq\/#breadcrumb"},"inLanguage":"de","potentialAction":[{"@type":"ReadAction","target":["https:\/\/www.david-coin.com\/product\/nederland-25-gulden-1943-wilhelmina-pmg67-epq\/"]}]},{"@type":"ImageObject","inLanguage":"de","@id":"https:\/\/www.david-coin.com\/product\/nederland-25-gulden-1943-wilhelmina-pmg67-epq\/#primaryimage","url":"https:\/\/www.david-coin.com\/wp-content\/uploads\/2023\/03\/Nederlandmuntbiljet25gulden1943-PMG67-vz-1.jpg","contentUrl":"https:\/\/www.david-coin.com\/wp-content\/uploads\/2023\/03\/Nederlandmuntbiljet25gulden1943-PMG67-vz-1.jpg","width":800,"height":505},{"@type":"BreadcrumbList","@id":"https:\/\/www.david-coin.com\/product\/nederland-25-gulden-1943-wilhelmina-pmg67-epq\/#breadcrumb","itemListElement":[{"@type":"ListItem","position":1,"name":"Home","item":"https:\/\/www.david-coin.com\/"},{"@type":"ListItem","position":2,"name":"Winkel","item":"https:\/\/www.david-coin.com\/winkel\/"},{"@type":"ListItem","position":3,"name":"Nederland 2,5 Gulden 1943 Wilhelmina PMG67 EPQ"}]},{"@type":"WebSite","@id":"https:\/\/www.david-coin.com\/#website","url":"https:\/\/www.david-coin.com\/","name":"David Coin","description":"","publisher":{"@id":"https:\/\/www.david-coin.com\/#organization"},"potentialAction":[{"@type":"SearchAction","target":{"@type":"EntryPoint","urlTemplate":"https:\/\/www.david-coin.com\/?s={search_term_string}"},"query-input":{"@type":"PropertyValueSpecification","valueRequired":true,"valueName":"search_term_string"}}],"inLanguage":"de"},{"@type":"Organization","@id":"https:\/\/www.david-coin.com\/#organization","name":"David Coin","url":"https:\/\/www.david-coin.com\/","logo":{"@type":"ImageObject","inLanguage":"de","@id":"https:\/\/www.david-coin.com\/#\/schema\/logo\/image\/","url":"https:\/\/www.david-coin.com\/wp-content\/uploads\/2024\/04\/davidcoin-logo-final.png","contentUrl":"https:\/\/www.david-coin.com\/wp-content\/uploads\/2024\/04\/davidcoin-logo-final.png","width":800,"height":267,"caption":"David Coin"},"image":{"@id":"https:\/\/www.david-coin.com\/#\/schema\/logo\/image\/"},"sameAs":["https:\/\/www.facebook.com\/Davidcoininkoopenverkoop","https:\/\/www.youtube.com\/channel\/UC39lihLKFSPTff0w6tv0pWQ"]}]},"product_price_amount":"249.95","product_price_currency":"EUR","og_availability":"instock","product_availability":"instock","product_retailer_item_id":"2599","product_condition":"new"},"_links":{"self":[{"href":"https:\/\/www.david-coin.com\/de\/wp-json\/wp\/v2\/product\/117804","targetHints":{"allow":["GET"]}}],"collection":[{"href":"https:\/\/www.david-coin.com\/de\/wp-json\/wp\/v2\/product"}],"about":[{"href":"https:\/\/www.david-coin.com\/de\/wp-json\/wp\/v2\/types\/product"}],"replies":[{"embeddable":true,"href":"https:\/\/www.david-coin.com\/de\/wp-json\/wp\/v2\/comments?post=117804"}],"wp:featuredmedia":[{"embeddable":true,"href":"https:\/\/www.david-coin.com\/de\/wp-json\/wp\/v2\/media\/117802"}],"wp:attachment":[{"href":"https:\/\/www.david-coin.com\/de\/wp-json\/wp\/v2\/media?parent=117804"}],"wp:term":[{"taxonomy":"product_brand","embeddable":true,"href":"https:\/\/www.david-coin.com\/de\/wp-json\/wp\/v2\/product_brand?post=117804"},{"taxonomy":"product_cat","embeddable":true,"href":"https:\/\/www.david-coin.com\/de\/wp-json\/wp\/v2\/product_cat?post=117804"},{"taxonomy":"product_tag","embeddable":true,"href":"https:\/\/www.david-coin.com\/de\/wp-json\/wp\/v2\/product_tag?post=117804"}],"curies":[{"name":"wp","href":"https:\/\/api.w.org\/{rel}","templated":true}]}}