{"id":117141,"date":"2023-01-12T22:05:25","date_gmt":"2023-01-12T22:05:25","guid":{"rendered":"https:\/\/www.david-coin.com\/product\/europa-1-euro-2023-diego-adios-biljet\/"},"modified":"2026-01-28T15:40:20","modified_gmt":"2026-01-28T14:40:20","slug":"europa-1-euro-2023-diego-adios-biljet","status":"publish","type":"product","link":"https:\/\/www.david-coin.com\/de\/produkt\/europa-1-euro-2023-diego-adios-biljet\/","title":{"rendered":"Europa 1 Euro 2023 Diego Adios-Schein"},"content":{"rendered":"<p><span style=\"font-size: 12pt;\"><strong>Europa 1 Euro 2023 Diego Adios-Schein<\/strong><\/span><br \/><span style=\"font-size: 12pt;\">Limitierte Auflage: 3.900 St\u00fcck<\/span><\/p>\n<p><span style=\"font-size: 12pt;\">Diego Armando Maradona war ein argentinischer Profifu\u00dfballer und Fu\u00dfballtrainer. Er gilt als einer der besten Fu\u00dfballer aller Zeiten. In einer von der FIFA organisierten Umfrage wurde Maradona von der \u00d6ffentlichkeit zum besten Fu\u00dfballer des 20. Jahrhunderts gew\u00e4hlt. Zu seinen Lebzeiten konnte sich die ganze Welt an seinen fu\u00dfballerischen F\u00e4higkeiten erfreuen, und er spielte auch in Europa. Seine Fans gaben ihm die Spitznamen El Diez (Zehn), nach seiner R\u00fcckennummer (10) beim SSC Napoli, und Pelusa (Flauschig). Am 25. November 2020 starb Maradona an einem Herzstillstand im Dique Luj\u00e1n in seinem Heimatland.<\/span><\/p>\n<p><span style=\"font-size: 12pt;\">Zur Erinnerung wurde diese Notiz herausgegeben: \"AD10S\" wir alle haben das Spiel genossen.<\/span><\/p>\n<p><span style=\"font-size: 12pt;\">Siehe Scans f\u00fcr weitere Einzelheiten.<\/span><br \/><span style=\"font-size: 12pt;\">Bei Fragen k\u00f6nnen Sie uns gerne eine Nachricht schicken.<\/span><\/p>","protected":false},"excerpt":{"rendered":"<p>UNC<\/p>","protected":false},"featured_media":117139,"comment_status":"closed","ping_status":"closed","template":"","meta":[],"product_brand":[],"product_cat":[5554,5533,5615],"product_tag":[],"class_list":{"0":"post-117141","1":"product","2":"type-product","3":"status-publish","4":"has-post-thumbnail","6":"product_cat-0-euro-biljet","7":"product_cat-euro-special-notes","8":"product_cat-voetbal-items","9":"pa_bankbiljetwaarde-1euro","10":"pa_delcampeid-5264","11":"pa_kwaliteit-unc","12":"pa_land-europa","13":"pa_soort-eurospecialnote","15":"first","16":"instock","17":"taxable","18":"shipping-taxable","19":"purchasable","20":"product-type-simple"},"yoast_head":"<!-- This site is optimized with the Yoast SEO Premium plugin v27.2 (Yoast SEO v27.4) - https:\/\/yoast.com\/product\/yoast-seo-premium-wordpress\/ -->\n<title>Europa 1 Euro 2023 Diego Adios biljet<\/title>\n<meta name=\"description\" content=\"Koop uw Euro special notes bij David-coinBekijk nu ons complete aanbod biljetten.Vanaf 75 euro gratis verzending binnen Nederland.\" \/>\n<meta name=\"robots\" content=\"index, follow, max-snippet:-1, max-image-preview:large, max-video-preview:-1\" \/>\n<link rel=\"canonical\" href=\"https:\/\/www.david-coin.com\/de\/produkt\/europa-1-euro-2023-diego-adios-biljet\/\" \/>\n<meta property=\"og:locale\" content=\"de_DE\" \/>\n<meta property=\"og:type\" content=\"article\" \/>\n<meta property=\"og:title\" content=\"Europa 1 Euro 2023 Diego Adios biljet\" \/>\n<meta property=\"og:description\" content=\"Koop uw Euro special notes bij David-coinBekijk nu ons complete aanbod biljetten.Vanaf 75 euro gratis verzending binnen Nederland.\" \/>\n<meta property=\"og:url\" content=\"https:\/\/www.david-coin.com\/de\/produkt\/europa-1-euro-2023-diego-adios-biljet\/\" \/>\n<meta property=\"og:site_name\" content=\"David Coin\" \/>\n<meta property=\"article:publisher\" content=\"https:\/\/www.facebook.com\/Davidcoininkoopenverkoop\" \/>\n<meta property=\"article:modified_time\" content=\"2026-01-28T14:40:20+00:00\" \/>\n<meta property=\"og:image\" content=\"https:\/\/www.david-coin.com\/wp-content\/uploads\/2023\/01\/EuroSpecialNote_Maradonavoorkant.jpg\" \/>\n\t<meta property=\"og:image:width\" content=\"800\" \/>\n\t<meta property=\"og:image:height\" content=\"433\" \/>\n\t<meta property=\"og:image:type\" content=\"image\/jpeg\" \/>\n<meta name=\"twitter:card\" content=\"summary_large_image\" \/>\n<meta name=\"twitter:label1\" content=\"Preis\" \/>\n\t<meta name=\"twitter:data1\" content=\"&euro;&nbsp;6,95\" \/>\n\t<meta name=\"twitter:label2\" content=\"Verf\u00fcgbarkeit\" \/>\n\t<meta name=\"twitter:data2\" content=\"Auf Lager\" \/>\n<script type=\"application\/ld+json\" class=\"yoast-schema-graph\">{\"@context\":\"https:\\\/\\\/schema.org\",\"@graph\":[{\"@type\":\"WebPage\",\"@id\":\"https:\\\/\\\/www.david-coin.com\\\/product\\\/europa-1-euro-2023-diego-adios-biljet\\\/\",\"url\":\"https:\\\/\\\/www.david-coin.com\\\/product\\\/europa-1-euro-2023-diego-adios-biljet\\\/\",\"name\":\"Europa 1 Euro 2023 Diego Adios biljet\",\"isPartOf\":{\"@id\":\"https:\\\/\\\/www.david-coin.com\\\/#website\"},\"primaryImageOfPage\":{\"@id\":\"https:\\\/\\\/www.david-coin.com\\\/product\\\/europa-1-euro-2023-diego-adios-biljet\\\/#primaryimage\"},\"image\":{\"@id\":\"https:\\\/\\\/www.david-coin.com\\\/product\\\/europa-1-euro-2023-diego-adios-biljet\\\/#primaryimage\"},\"thumbnailUrl\":\"https:\\\/\\\/www.david-coin.com\\\/wp-content\\\/uploads\\\/2023\\\/01\\\/EuroSpecialNote_Maradonavoorkant.jpg\",\"datePublished\":\"2023-01-12T22:05:25+00:00\",\"dateModified\":\"2026-01-28T14:40:20+00:00\",\"description\":\"Koop uw Euro special notes bij David-coinBekijk nu ons complete aanbod biljetten.Vanaf 75 euro gratis verzending binnen Nederland.\",\"breadcrumb\":{\"@id\":\"https:\\\/\\\/www.david-coin.com\\\/product\\\/europa-1-euro-2023-diego-adios-biljet\\\/#breadcrumb\"},\"inLanguage\":\"de\",\"potentialAction\":[{\"@type\":\"ReadAction\",\"target\":[\"https:\\\/\\\/www.david-coin.com\\\/product\\\/europa-1-euro-2023-diego-adios-biljet\\\/\"]}]},{\"@type\":\"ImageObject\",\"inLanguage\":\"de\",\"@id\":\"https:\\\/\\\/www.david-coin.com\\\/product\\\/europa-1-euro-2023-diego-adios-biljet\\\/#primaryimage\",\"url\":\"https:\\\/\\\/www.david-coin.com\\\/wp-content\\\/uploads\\\/2023\\\/01\\\/EuroSpecialNote_Maradonavoorkant.jpg\",\"contentUrl\":\"https:\\\/\\\/www.david-coin.com\\\/wp-content\\\/uploads\\\/2023\\\/01\\\/EuroSpecialNote_Maradonavoorkant.jpg\",\"width\":800,\"height\":433},{\"@type\":\"BreadcrumbList\",\"@id\":\"https:\\\/\\\/www.david-coin.com\\\/product\\\/europa-1-euro-2023-diego-adios-biljet\\\/#breadcrumb\",\"itemListElement\":[{\"@type\":\"ListItem\",\"position\":1,\"name\":\"Home\",\"item\":\"https:\\\/\\\/www.david-coin.com\\\/\"},{\"@type\":\"ListItem\",\"position\":2,\"name\":\"Winkel\",\"item\":\"https:\\\/\\\/www.david-coin.com\\\/winkel\\\/\"},{\"@type\":\"ListItem\",\"position\":3,\"name\":\"Europa 1 Euro 2023 Diego Adios biljet\"}]},{\"@type\":\"WebSite\",\"@id\":\"https:\\\/\\\/www.david-coin.com\\\/#website\",\"url\":\"https:\\\/\\\/www.david-coin.com\\\/\",\"name\":\"David Coin\",\"description\":\"\",\"publisher\":{\"@id\":\"https:\\\/\\\/www.david-coin.com\\\/#organization\"},\"potentialAction\":[{\"@type\":\"SearchAction\",\"target\":{\"@type\":\"EntryPoint\",\"urlTemplate\":\"https:\\\/\\\/www.david-coin.com\\\/?s={search_term_string}\"},\"query-input\":{\"@type\":\"PropertyValueSpecification\",\"valueRequired\":true,\"valueName\":\"search_term_string\"}}],\"inLanguage\":\"de\"},{\"@type\":\"Organization\",\"@id\":\"https:\\\/\\\/www.david-coin.com\\\/#organization\",\"name\":\"David Coin\",\"url\":\"https:\\\/\\\/www.david-coin.com\\\/\",\"logo\":{\"@type\":\"ImageObject\",\"inLanguage\":\"de\",\"@id\":\"https:\\\/\\\/www.david-coin.com\\\/#\\\/schema\\\/logo\\\/image\\\/\",\"url\":\"https:\\\/\\\/www.david-coin.com\\\/wp-content\\\/uploads\\\/2024\\\/04\\\/davidcoin-logo-final.png\",\"contentUrl\":\"https:\\\/\\\/www.david-coin.com\\\/wp-content\\\/uploads\\\/2024\\\/04\\\/davidcoin-logo-final.png\",\"width\":800,\"height\":267,\"caption\":\"David Coin\"},\"image\":{\"@id\":\"https:\\\/\\\/www.david-coin.com\\\/#\\\/schema\\\/logo\\\/image\\\/\"},\"sameAs\":[\"https:\\\/\\\/www.facebook.com\\\/Davidcoininkoopenverkoop\",\"https:\\\/\\\/www.youtube.com\\\/channel\\\/UC39lihLKFSPTff0w6tv0pWQ\"]}]}<\/script>\n<meta property=\"product:price:amount\" content=\"6.95\" \/>\n<meta property=\"product:price:currency\" content=\"EUR\" \/>\n<meta property=\"og:availability\" content=\"instock\" \/>\n<meta property=\"product:availability\" content=\"instock\" \/>\n<meta property=\"product:retailer_item_id\" content=\"4435\" \/>\n<meta property=\"product:condition\" content=\"new\" \/>\n<!-- \/ Yoast SEO Premium plugin. -->","yoast_head_json":{"title":"Europa 1 Euro 2023 Diego Adios-Schein","description":"Koop uw Euro special notes bij David-coinBekijk nu ons complete aanbod biljetten.Vanaf 75 euro gratis verzending binnen Nederland.","robots":{"index":"index","follow":"follow","max-snippet":"max-snippet:-1","max-image-preview":"max-image-preview:large","max-video-preview":"max-video-preview:-1"},"canonical":"https:\/\/www.david-coin.com\/de\/produkt\/europa-1-euro-2023-diego-adios-biljet\/","og_locale":"de_DE","og_type":"article","og_title":"Europa 1 Euro 2023 Diego Adios biljet","og_description":"Koop uw Euro special notes bij David-coinBekijk nu ons complete aanbod biljetten.Vanaf 75 euro gratis verzending binnen Nederland.","og_url":"https:\/\/www.david-coin.com\/de\/produkt\/europa-1-euro-2023-diego-adios-biljet\/","og_site_name":"David Coin","article_publisher":"https:\/\/www.facebook.com\/Davidcoininkoopenverkoop","article_modified_time":"2026-01-28T14:40:20+00:00","og_image":[{"width":800,"height":433,"url":"https:\/\/www.david-coin.com\/wp-content\/uploads\/2023\/01\/EuroSpecialNote_Maradonavoorkant.jpg","type":"image\/jpeg"}],"twitter_card":"summary_large_image","twitter_misc":{"Preis":"&euro;&nbsp;6,95","Verf\u00fcgbarkeit":"Auf Lager"},"schema":{"@context":"https:\/\/schema.org","@graph":[{"@type":"WebPage","@id":"https:\/\/www.david-coin.com\/product\/europa-1-euro-2023-diego-adios-biljet\/","url":"https:\/\/www.david-coin.com\/product\/europa-1-euro-2023-diego-adios-biljet\/","name":"Europa 1 Euro 2023 Diego Adios-Schein","isPartOf":{"@id":"https:\/\/www.david-coin.com\/#website"},"primaryImageOfPage":{"@id":"https:\/\/www.david-coin.com\/product\/europa-1-euro-2023-diego-adios-biljet\/#primaryimage"},"image":{"@id":"https:\/\/www.david-coin.com\/product\/europa-1-euro-2023-diego-adios-biljet\/#primaryimage"},"thumbnailUrl":"https:\/\/www.david-coin.com\/wp-content\/uploads\/2023\/01\/EuroSpecialNote_Maradonavoorkant.jpg","datePublished":"2023-01-12T22:05:25+00:00","dateModified":"2026-01-28T14:40:20+00:00","description":"Koop uw Euro special notes bij David-coinBekijk nu ons complete aanbod biljetten.Vanaf 75 euro gratis verzending binnen Nederland.","breadcrumb":{"@id":"https:\/\/www.david-coin.com\/product\/europa-1-euro-2023-diego-adios-biljet\/#breadcrumb"},"inLanguage":"de","potentialAction":[{"@type":"ReadAction","target":["https:\/\/www.david-coin.com\/product\/europa-1-euro-2023-diego-adios-biljet\/"]}]},{"@type":"ImageObject","inLanguage":"de","@id":"https:\/\/www.david-coin.com\/product\/europa-1-euro-2023-diego-adios-biljet\/#primaryimage","url":"https:\/\/www.david-coin.com\/wp-content\/uploads\/2023\/01\/EuroSpecialNote_Maradonavoorkant.jpg","contentUrl":"https:\/\/www.david-coin.com\/wp-content\/uploads\/2023\/01\/EuroSpecialNote_Maradonavoorkant.jpg","width":800,"height":433},{"@type":"BreadcrumbList","@id":"https:\/\/www.david-coin.com\/product\/europa-1-euro-2023-diego-adios-biljet\/#breadcrumb","itemListElement":[{"@type":"ListItem","position":1,"name":"Home","item":"https:\/\/www.david-coin.com\/"},{"@type":"ListItem","position":2,"name":"Winkel","item":"https:\/\/www.david-coin.com\/winkel\/"},{"@type":"ListItem","position":3,"name":"Europa 1 Euro 2023 Diego Adios biljet"}]},{"@type":"WebSite","@id":"https:\/\/www.david-coin.com\/#website","url":"https:\/\/www.david-coin.com\/","name":"David Coin","description":"","publisher":{"@id":"https:\/\/www.david-coin.com\/#organization"},"potentialAction":[{"@type":"SearchAction","target":{"@type":"EntryPoint","urlTemplate":"https:\/\/www.david-coin.com\/?s={search_term_string}"},"query-input":{"@type":"PropertyValueSpecification","valueRequired":true,"valueName":"search_term_string"}}],"inLanguage":"de"},{"@type":"Organization","@id":"https:\/\/www.david-coin.com\/#organization","name":"David Coin","url":"https:\/\/www.david-coin.com\/","logo":{"@type":"ImageObject","inLanguage":"de","@id":"https:\/\/www.david-coin.com\/#\/schema\/logo\/image\/","url":"https:\/\/www.david-coin.com\/wp-content\/uploads\/2024\/04\/davidcoin-logo-final.png","contentUrl":"https:\/\/www.david-coin.com\/wp-content\/uploads\/2024\/04\/davidcoin-logo-final.png","width":800,"height":267,"caption":"David Coin"},"image":{"@id":"https:\/\/www.david-coin.com\/#\/schema\/logo\/image\/"},"sameAs":["https:\/\/www.facebook.com\/Davidcoininkoopenverkoop","https:\/\/www.youtube.com\/channel\/UC39lihLKFSPTff0w6tv0pWQ"]}]},"product_price_amount":"6.95","product_price_currency":"EUR","og_availability":"instock","product_availability":"instock","product_retailer_item_id":"4435","product_condition":"new"},"_links":{"self":[{"href":"https:\/\/www.david-coin.com\/de\/wp-json\/wp\/v2\/product\/117141","targetHints":{"allow":["GET"]}}],"collection":[{"href":"https:\/\/www.david-coin.com\/de\/wp-json\/wp\/v2\/product"}],"about":[{"href":"https:\/\/www.david-coin.com\/de\/wp-json\/wp\/v2\/types\/product"}],"replies":[{"embeddable":true,"href":"https:\/\/www.david-coin.com\/de\/wp-json\/wp\/v2\/comments?post=117141"}],"wp:featuredmedia":[{"embeddable":true,"href":"https:\/\/www.david-coin.com\/de\/wp-json\/wp\/v2\/media\/117139"}],"wp:attachment":[{"href":"https:\/\/www.david-coin.com\/de\/wp-json\/wp\/v2\/media?parent=117141"}],"wp:term":[{"taxonomy":"product_brand","embeddable":true,"href":"https:\/\/www.david-coin.com\/de\/wp-json\/wp\/v2\/product_brand?post=117141"},{"taxonomy":"product_cat","embeddable":true,"href":"https:\/\/www.david-coin.com\/de\/wp-json\/wp\/v2\/product_cat?post=117141"},{"taxonomy":"product_tag","embeddable":true,"href":"https:\/\/www.david-coin.com\/de\/wp-json\/wp\/v2\/product_tag?post=117141"}],"curies":[{"name":"wp","href":"https:\/\/api.w.org\/{rel}","templated":true}]}}