{"id":116047,"date":"2022-09-16T17:34:39","date_gmt":"2022-09-16T17:34:39","guid":{"rendered":"https:\/\/www.david-coin.com\/product\/nederland-1-gulden-1938-zilverbon-pmg64\/"},"modified":"2026-01-27T17:34:44","modified_gmt":"2026-01-27T16:34:44","slug":"nederland-1-gulden-1938-zilverbon-pmg64","status":"publish","type":"product","link":"https:\/\/www.david-coin.com\/de\/produkt\/nederland-1-gulden-1938-zilverbon-pmg64\/","title":{"rendered":"Niederlande 1 Gulden 1938 Silberschein PMG64"},"content":{"rendered":"<p><span style=\"font-size: 12pt;\">Niederlande 1 Gulden 1938 Silberschein PMG64<\/span><br \/>\n<span style=\"font-size: 12pt;\"> NVMH:04-1b<\/span><br \/>\n<span style=\"font-size: 12pt;\"> Plomp:PL4b<br \/>\n<\/span><\/p>\n<p>In den sp\u00e4ten 1930er Jahren hortete die niederl\u00e4ndische Bev\u00f6lkerung aufgrund der starken Spannungen in Europa und des Ausbruchs des Zweiten Weltkriegs gro\u00dfe Mengen an Silberm\u00fcnzen. Dies f\u00fchrte zu einem enormen Mangel an Wechselgeld, und das Finanzministerium musste, wie schon im Ersten Weltkrieg, Silberm\u00fcnzen neu ausgeben. Die Silberscheine mit der Jahreszahl 1938 wurden gr\u00f6\u00dftenteils w\u00e4hrend der Besatzungszeit ausgegeben, da alle M\u00fcnzen zu einem und zweieinhalb Gulden bei den Besatzungsbeh\u00f6rden abgegeben werden mussten. Der Silberschein von 1938 tr\u00e4gt die Unterschriften von Jacob Adrian de Wilde (Finanzminister) und Luijsterburg (Beamter des Finanzministeriums). Neben dem Silberschein von 1938 umfasst die Serie auch die folgenden Scheine:<br \/>\n&#8211;\t<a href=\"https:\/\/www.david-coin.com\/de\/produkt\/nederland-25-gulden-1938-zilverbon\/\">Zweieinhalb-Gulden-Silbernote 1938<\/a><br \/>\n&#8211;\t<a href=\"https:\/\/www.david-coin.com\/de\/produkt\/nederland-5-gulden-1944-zilverbon-serie-z\/\">F\u00fcnf-Gulden-Silber-Gutschein 1944. <\/a><br \/>\nDer Silberkupon von 1938 wurde schlie\u00dflich im September 1945 aus dem Verkehr gezogen und durch einen <a href=\"https:\/\/www.david-coin.com\/de\/produkt\/nederland-1-gulden-1945-wilhelmina-3\/\">1945 M\u00fcnzschein mit K\u00f6nigin Wilhelmina darauf<\/a>. <\/p>\n<p><span style=\"font-size: 12pt;\"> Siehe Scans f\u00fcr weitere Details. Beachten Sie, was Sie sehen, ist, was Sie erhalten.\u00a0<\/span><br \/>\n<span style=\"font-size: 12pt;\"> Bei Fragen k\u00f6nnen Sie uns gerne eine Nachricht schicken.<\/span><\/p>","protected":false},"excerpt":{"rendered":"<p>Nederland 1 gulden 1938 zilverbon PMG64 NVMH:04-1b Plomp:PL4b Eind jaren 30 werden door de grote spanningen in Europa en het uiteindelijk uitbreken van de tweede wereldoorlog grote aantallen zilveren munten opgepot door de Nederlandse bevolking. Hierdoor ontstond een groot tekort aan wisselgeld, en moesten er net zoals in de eerste wereldoorlog weer zilverbonnen worden uitgegeven [&hellip;]<\/p>\n","protected":false},"featured_media":116045,"comment_status":"closed","ping_status":"closed","template":"","meta":[],"product_brand":[],"product_cat":[5488,5472],"product_tag":[],"class_list":{"0":"post-116047","1":"product","2":"type-product","3":"status-publish","4":"has-post-thumbnail","6":"product_cat-1-gulden-biljet","7":"product_cat-nederlandse-bankbiljetten","8":"pa_bankbiljetwaarde-1gulden","9":"pa_delcampeid-5280","10":"pa_kwaliteit-unc","11":"pa_land-nederland","12":"pa_soort-pmgnotes","14":"first","15":"instock","16":"sale","17":"taxable","18":"shipping-taxable","19":"purchasable","20":"product-type-simple"},"yoast_head":"<!-- This site is optimized with the Yoast SEO Premium plugin v27.5 (Yoast SEO v27.5) - https:\/\/yoast.com\/product\/yoast-seo-premium-wordpress\/ -->\n<title>Nederland 1 gulden 1938 zilverbon PMG64<\/title>\n<meta name=\"description\" content=\"Nederlandse bankbiljetten in hoge kwaliteit verkrijgbaar bij David-coin. Van 1 gulden t\/m 1000 gulden. Bekijk nu ons complete aanbod.\" \/>\n<meta name=\"robots\" content=\"index, follow, max-snippet:-1, max-image-preview:large, max-video-preview:-1\" \/>\n<link rel=\"canonical\" href=\"https:\/\/www.david-coin.com\/de\/produkt\/nederland-1-gulden-1938-zilverbon-pmg64\/\" \/>\n<meta property=\"og:locale\" content=\"de_DE\" \/>\n<meta property=\"og:type\" content=\"article\" \/>\n<meta property=\"og:title\" content=\"Nederland 1 gulden 1938 zilverbon PMG64\" \/>\n<meta property=\"og:description\" content=\"Nederlandse bankbiljetten in hoge kwaliteit verkrijgbaar bij David-coin. Van 1 gulden t\/m 1000 gulden. Bekijk nu ons complete aanbod.\" \/>\n<meta property=\"og:url\" content=\"https:\/\/www.david-coin.com\/de\/produkt\/nederland-1-gulden-1938-zilverbon-pmg64\/\" \/>\n<meta property=\"og:site_name\" content=\"David Coin\" \/>\n<meta property=\"article:publisher\" content=\"https:\/\/www.facebook.com\/Davidcoininkoopenverkoop\" \/>\n<meta property=\"article:modified_time\" content=\"2026-01-27T16:34:44+00:00\" \/>\n<meta property=\"og:image\" content=\"https:\/\/www.david-coin.com\/wp-content\/uploads\/2022\/09\/1gulden1938zilverbonPMG64-vz.jpg\" \/>\n\t<meta property=\"og:image:width\" content=\"800\" \/>\n\t<meta property=\"og:image:height\" content=\"514\" \/>\n\t<meta property=\"og:image:type\" content=\"image\/jpeg\" \/>\n<meta name=\"twitter:card\" content=\"summary_large_image\" \/>\n<meta name=\"twitter:label1\" content=\"Preis\" \/>\n\t<meta name=\"twitter:data1\" content=\"&euro;&nbsp;49,95\" \/>\n\t<meta name=\"twitter:label2\" content=\"Verf\u00fcgbarkeit\" \/>\n\t<meta name=\"twitter:data2\" content=\"Auf Lager\" \/>\n<script type=\"application\/ld+json\" class=\"yoast-schema-graph\">{\"@context\":\"https:\\\/\\\/schema.org\",\"@graph\":[{\"@type\":\"WebPage\",\"@id\":\"https:\\\/\\\/www.david-coin.com\\\/product\\\/nederland-1-gulden-1938-zilverbon-pmg64\\\/\",\"url\":\"https:\\\/\\\/www.david-coin.com\\\/product\\\/nederland-1-gulden-1938-zilverbon-pmg64\\\/\",\"name\":\"Nederland 1 gulden 1938 zilverbon PMG64\",\"isPartOf\":{\"@id\":\"https:\\\/\\\/www.david-coin.com\\\/#website\"},\"primaryImageOfPage\":{\"@id\":\"https:\\\/\\\/www.david-coin.com\\\/product\\\/nederland-1-gulden-1938-zilverbon-pmg64\\\/#primaryimage\"},\"image\":{\"@id\":\"https:\\\/\\\/www.david-coin.com\\\/product\\\/nederland-1-gulden-1938-zilverbon-pmg64\\\/#primaryimage\"},\"thumbnailUrl\":\"https:\\\/\\\/www.david-coin.com\\\/wp-content\\\/uploads\\\/2022\\\/09\\\/1gulden1938zilverbonPMG64-vz.jpg\",\"datePublished\":\"2022-09-16T17:34:39+00:00\",\"dateModified\":\"2026-01-27T16:34:44+00:00\",\"description\":\"Nederlandse bankbiljetten in hoge kwaliteit verkrijgbaar bij David-coin. Van 1 gulden t\\\/m 1000 gulden. Bekijk nu ons complete aanbod.\",\"breadcrumb\":{\"@id\":\"https:\\\/\\\/www.david-coin.com\\\/product\\\/nederland-1-gulden-1938-zilverbon-pmg64\\\/#breadcrumb\"},\"inLanguage\":\"de\",\"potentialAction\":[{\"@type\":\"ReadAction\",\"target\":[\"https:\\\/\\\/www.david-coin.com\\\/product\\\/nederland-1-gulden-1938-zilverbon-pmg64\\\/\"]}]},{\"@type\":\"ImageObject\",\"inLanguage\":\"de\",\"@id\":\"https:\\\/\\\/www.david-coin.com\\\/product\\\/nederland-1-gulden-1938-zilverbon-pmg64\\\/#primaryimage\",\"url\":\"https:\\\/\\\/www.david-coin.com\\\/wp-content\\\/uploads\\\/2022\\\/09\\\/1gulden1938zilverbonPMG64-vz.jpg\",\"contentUrl\":\"https:\\\/\\\/www.david-coin.com\\\/wp-content\\\/uploads\\\/2022\\\/09\\\/1gulden1938zilverbonPMG64-vz.jpg\",\"width\":800,\"height\":514},{\"@type\":\"BreadcrumbList\",\"@id\":\"https:\\\/\\\/www.david-coin.com\\\/product\\\/nederland-1-gulden-1938-zilverbon-pmg64\\\/#breadcrumb\",\"itemListElement\":[{\"@type\":\"ListItem\",\"position\":1,\"name\":\"Home\",\"item\":\"https:\\\/\\\/www.david-coin.com\\\/\"},{\"@type\":\"ListItem\",\"position\":2,\"name\":\"Winkel\",\"item\":\"https:\\\/\\\/www.david-coin.com\\\/winkel\\\/\"},{\"@type\":\"ListItem\",\"position\":3,\"name\":\"Nederland 1 gulden 1938 zilverbon PMG64\"}]},{\"@type\":\"WebSite\",\"@id\":\"https:\\\/\\\/www.david-coin.com\\\/#website\",\"url\":\"https:\\\/\\\/www.david-coin.com\\\/\",\"name\":\"David Coin\",\"description\":\"\",\"publisher\":{\"@id\":\"https:\\\/\\\/www.david-coin.com\\\/#organization\"},\"potentialAction\":[{\"@type\":\"SearchAction\",\"target\":{\"@type\":\"EntryPoint\",\"urlTemplate\":\"https:\\\/\\\/www.david-coin.com\\\/?s={search_term_string}\"},\"query-input\":{\"@type\":\"PropertyValueSpecification\",\"valueRequired\":true,\"valueName\":\"search_term_string\"}}],\"inLanguage\":\"de\"},{\"@type\":\"Organization\",\"@id\":\"https:\\\/\\\/www.david-coin.com\\\/#organization\",\"name\":\"David Coin\",\"url\":\"https:\\\/\\\/www.david-coin.com\\\/\",\"logo\":{\"@type\":\"ImageObject\",\"inLanguage\":\"de\",\"@id\":\"https:\\\/\\\/www.david-coin.com\\\/#\\\/schema\\\/logo\\\/image\\\/\",\"url\":\"https:\\\/\\\/www.david-coin.com\\\/wp-content\\\/uploads\\\/2024\\\/04\\\/davidcoin-logo-final.png\",\"contentUrl\":\"https:\\\/\\\/www.david-coin.com\\\/wp-content\\\/uploads\\\/2024\\\/04\\\/davidcoin-logo-final.png\",\"width\":800,\"height\":267,\"caption\":\"David Coin\"},\"image\":{\"@id\":\"https:\\\/\\\/www.david-coin.com\\\/#\\\/schema\\\/logo\\\/image\\\/\"},\"sameAs\":[\"https:\\\/\\\/www.facebook.com\\\/Davidcoininkoopenverkoop\",\"https:\\\/\\\/www.youtube.com\\\/channel\\\/UC39lihLKFSPTff0w6tv0pWQ\"]}]}<\/script>\n<meta property=\"product:price:amount\" content=\"49.95\" \/>\n<meta property=\"product:price:currency\" content=\"EUR\" \/>\n<meta property=\"og:availability\" content=\"instock\" \/>\n<meta property=\"product:availability\" content=\"instock\" \/>\n<meta property=\"product:retailer_item_id\" content=\"2447\" \/>\n<meta property=\"product:condition\" content=\"new\" \/>\n<!-- \/ Yoast SEO Premium plugin. -->","yoast_head_json":{"title":"Niederlande 1 Gulden 1938 Silberschein PMG64","description":"Nederlandse bankbiljetten in hoge kwaliteit verkrijgbaar bij David-coin. Van 1 gulden t\/m 1000 gulden. Bekijk nu ons complete aanbod.","robots":{"index":"index","follow":"follow","max-snippet":"max-snippet:-1","max-image-preview":"max-image-preview:large","max-video-preview":"max-video-preview:-1"},"canonical":"https:\/\/www.david-coin.com\/de\/produkt\/nederland-1-gulden-1938-zilverbon-pmg64\/","og_locale":"de_DE","og_type":"article","og_title":"Nederland 1 gulden 1938 zilverbon PMG64","og_description":"Nederlandse bankbiljetten in hoge kwaliteit verkrijgbaar bij David-coin. Van 1 gulden t\/m 1000 gulden. Bekijk nu ons complete aanbod.","og_url":"https:\/\/www.david-coin.com\/de\/produkt\/nederland-1-gulden-1938-zilverbon-pmg64\/","og_site_name":"David Coin","article_publisher":"https:\/\/www.facebook.com\/Davidcoininkoopenverkoop","article_modified_time":"2026-01-27T16:34:44+00:00","og_image":[{"width":800,"height":514,"url":"https:\/\/www.david-coin.com\/wp-content\/uploads\/2022\/09\/1gulden1938zilverbonPMG64-vz.jpg","type":"image\/jpeg"}],"twitter_card":"summary_large_image","twitter_misc":{"Preis":"&euro;&nbsp;49,95","Verf\u00fcgbarkeit":"Auf Lager"},"schema":{"@context":"https:\/\/schema.org","@graph":[{"@type":"WebPage","@id":"https:\/\/www.david-coin.com\/product\/nederland-1-gulden-1938-zilverbon-pmg64\/","url":"https:\/\/www.david-coin.com\/product\/nederland-1-gulden-1938-zilverbon-pmg64\/","name":"Niederlande 1 Gulden 1938 Silberschein PMG64","isPartOf":{"@id":"https:\/\/www.david-coin.com\/#website"},"primaryImageOfPage":{"@id":"https:\/\/www.david-coin.com\/product\/nederland-1-gulden-1938-zilverbon-pmg64\/#primaryimage"},"image":{"@id":"https:\/\/www.david-coin.com\/product\/nederland-1-gulden-1938-zilverbon-pmg64\/#primaryimage"},"thumbnailUrl":"https:\/\/www.david-coin.com\/wp-content\/uploads\/2022\/09\/1gulden1938zilverbonPMG64-vz.jpg","datePublished":"2022-09-16T17:34:39+00:00","dateModified":"2026-01-27T16:34:44+00:00","description":"Nederlandse bankbiljetten in hoge kwaliteit verkrijgbaar bij David-coin. Van 1 gulden t\/m 1000 gulden. Bekijk nu ons complete aanbod.","breadcrumb":{"@id":"https:\/\/www.david-coin.com\/product\/nederland-1-gulden-1938-zilverbon-pmg64\/#breadcrumb"},"inLanguage":"de","potentialAction":[{"@type":"ReadAction","target":["https:\/\/www.david-coin.com\/product\/nederland-1-gulden-1938-zilverbon-pmg64\/"]}]},{"@type":"ImageObject","inLanguage":"de","@id":"https:\/\/www.david-coin.com\/product\/nederland-1-gulden-1938-zilverbon-pmg64\/#primaryimage","url":"https:\/\/www.david-coin.com\/wp-content\/uploads\/2022\/09\/1gulden1938zilverbonPMG64-vz.jpg","contentUrl":"https:\/\/www.david-coin.com\/wp-content\/uploads\/2022\/09\/1gulden1938zilverbonPMG64-vz.jpg","width":800,"height":514},{"@type":"BreadcrumbList","@id":"https:\/\/www.david-coin.com\/product\/nederland-1-gulden-1938-zilverbon-pmg64\/#breadcrumb","itemListElement":[{"@type":"ListItem","position":1,"name":"Home","item":"https:\/\/www.david-coin.com\/"},{"@type":"ListItem","position":2,"name":"Winkel","item":"https:\/\/www.david-coin.com\/winkel\/"},{"@type":"ListItem","position":3,"name":"Nederland 1 gulden 1938 zilverbon PMG64"}]},{"@type":"WebSite","@id":"https:\/\/www.david-coin.com\/#website","url":"https:\/\/www.david-coin.com\/","name":"David Coin","description":"","publisher":{"@id":"https:\/\/www.david-coin.com\/#organization"},"potentialAction":[{"@type":"SearchAction","target":{"@type":"EntryPoint","urlTemplate":"https:\/\/www.david-coin.com\/?s={search_term_string}"},"query-input":{"@type":"PropertyValueSpecification","valueRequired":true,"valueName":"search_term_string"}}],"inLanguage":"de"},{"@type":"Organization","@id":"https:\/\/www.david-coin.com\/#organization","name":"David Coin","url":"https:\/\/www.david-coin.com\/","logo":{"@type":"ImageObject","inLanguage":"de","@id":"https:\/\/www.david-coin.com\/#\/schema\/logo\/image\/","url":"https:\/\/www.david-coin.com\/wp-content\/uploads\/2024\/04\/davidcoin-logo-final.png","contentUrl":"https:\/\/www.david-coin.com\/wp-content\/uploads\/2024\/04\/davidcoin-logo-final.png","width":800,"height":267,"caption":"David Coin"},"image":{"@id":"https:\/\/www.david-coin.com\/#\/schema\/logo\/image\/"},"sameAs":["https:\/\/www.facebook.com\/Davidcoininkoopenverkoop","https:\/\/www.youtube.com\/channel\/UC39lihLKFSPTff0w6tv0pWQ"]}]},"product_price_amount":"49.95","product_price_currency":"EUR","og_availability":"instock","product_availability":"instock","product_retailer_item_id":"2447","product_condition":"new"},"_links":{"self":[{"href":"https:\/\/www.david-coin.com\/de\/wp-json\/wp\/v2\/product\/116047","targetHints":{"allow":["GET"]}}],"collection":[{"href":"https:\/\/www.david-coin.com\/de\/wp-json\/wp\/v2\/product"}],"about":[{"href":"https:\/\/www.david-coin.com\/de\/wp-json\/wp\/v2\/types\/product"}],"replies":[{"embeddable":true,"href":"https:\/\/www.david-coin.com\/de\/wp-json\/wp\/v2\/comments?post=116047"}],"wp:featuredmedia":[{"embeddable":true,"href":"https:\/\/www.david-coin.com\/de\/wp-json\/wp\/v2\/media\/116045"}],"wp:attachment":[{"href":"https:\/\/www.david-coin.com\/de\/wp-json\/wp\/v2\/media?parent=116047"}],"wp:term":[{"taxonomy":"product_brand","embeddable":true,"href":"https:\/\/www.david-coin.com\/de\/wp-json\/wp\/v2\/product_brand?post=116047"},{"taxonomy":"product_cat","embeddable":true,"href":"https:\/\/www.david-coin.com\/de\/wp-json\/wp\/v2\/product_cat?post=116047"},{"taxonomy":"product_tag","embeddable":true,"href":"https:\/\/www.david-coin.com\/de\/wp-json\/wp\/v2\/product_tag?post=116047"}],"curies":[{"name":"wp","href":"https:\/\/api.w.org\/{rel}","templated":true}]}}