{"id":115453,"date":"2022-06-27T14:58:45","date_gmt":"2022-06-27T14:58:45","guid":{"rendered":"https:\/\/www.david-coin.com\/product\/nederland-25-gulden-1955-huygens-replacement\/"},"modified":"2026-01-27T17:36:48","modified_gmt":"2026-01-27T16:36:48","slug":"nederland-25-gulden-1955-huygens-replacement","status":"publish","type":"product","link":"https:\/\/www.david-coin.com\/de\/produkt\/nederland-25-gulden-1955-huygens-replacement\/","title":{"rendered":"Niederlande 25 Gulden 1955 Huygens-Ersatz"},"content":{"rendered":"<p><span style=\"font-size: 12pt;\"><strong>Niederlande 25 Gulden 1955 Huygens-Ersatz<br \/>\n<\/strong>De Nederlandsche Bank, 25-Gulden-Schein mit Christiaan Huygens<\/span><br \/>\n<span style=\"font-size: 12pt;\"> NVMH: 83-1a<\/span><br \/>\n<span style=\"font-size: 12pt;\"> Plomp: PL68.A.R<\/span><\/p>\n<p>Die <a href=\"https:\/\/www.david-coin.com\/de\/produkt-kategorie\/nederlandse-bankbiljetten\/25-gulden-biljet\/?jsf=jet-woo-products-grid&#038;pagenum=3\">f\u00fcnfundzwanzig Gulden<\/a> mit dem Motiv von Christiaan Huygens geh\u00f6rt zu der Banknotenserie, die Eppo Doeve in den 1950er Jahren als erste offizielle Nachlassserie entwarf. Auf der Vorderseite ist der Astronom Christiaan Huygens abgebildet, und der Hintergrund zeigt ein Bild seines Landhauses (Hofwijck) in Voorburg. Auf der achten Seite sind einige guillochierte Muster zu sehen, und die Unterschriften auf der Banknote stammen von DNB-Pr\u00e4sident Holtrop und DNB-Sekret\u00e4r de Jong. Neben dem F\u00fcnfundzwanzig-Gulden-Schein von Huygens geh\u00f6ren auch die folgenden Scheine zur Serie der Erbscheine aus den 1950er Jahren:<br \/>\n1.\t<a href=\"https:\/\/www.david-coin.com\/de\/produkt\/nederland-10-gulden-1953-hugo-de-groot\/\">10 Gulden Hugo de Groot<\/a><br \/>\n2.\t<a href=\"https:\/\/www.david-coin.com\/de\/produkt\/nederland-20-gulden-1955-boerhaave-2\/\">20 Gulden Boerhave<\/a><br \/>\n3.\t<a href=\"https:\/\/www.david-coin.com\/de\/produkt\/nederland-100-gulden-1953-erasmus\/\">100 Gulden Erasmus;<\/a><br \/>\n4.\t<a href=\"https:\/\/www.david-coin.com\/de\/produkt\/nederland-1-000-gulden-1946-rembrandt-2\/\">1000 Gulden Rembrandt<\/a><br \/>\nDer f\u00fcnfundzwanzig Gulden Huygens-Schein wurde schlie\u00dflich 1978 aus dem Verkehr gezogen. <\/p>\n<p><span style=\"font-size: 12pt;\">Siehe Scans f\u00fcr weitere Einzelheiten.<\/span><br \/>\n<span style=\"font-size: 12pt;\"> Bei Fragen k\u00f6nnen Sie uns gerne eine Nachricht schicken.<\/span><\/p>","protected":false},"excerpt":{"rendered":"<p>NVMH:83-1a<\/p>","protected":false},"featured_media":115451,"comment_status":"closed","ping_status":"closed","template":"","meta":[],"product_brand":[],"product_cat":[5493,5472],"product_tag":[],"class_list":{"0":"post-115453","1":"product","2":"type-product","3":"status-publish","4":"has-post-thumbnail","6":"product_cat-25-gulden-biljet","7":"product_cat-nederlandse-bankbiljetten","8":"pa_bankbiljetwaarde-25gulden","9":"pa_delcampeid-5281","10":"pa_kwaliteit-fraai","11":"pa_land-nederland","13":"first","14":"outofstock","15":"taxable","16":"shipping-taxable","17":"purchasable","18":"product-type-simple"},"yoast_head":"<!-- This site is optimized with the Yoast SEO Premium plugin v27.2 (Yoast SEO v27.4) - https:\/\/yoast.com\/product\/yoast-seo-premium-wordpress\/ -->\n<title>Nederland 25 Gulden 1955 Huygens replacement<\/title>\n<meta name=\"description\" content=\"Nederlandse Bankbiljetten met vele varianten beschikbaar bij David-coin Bekijk ons complete aanbod. Gratis verzending binnen Nederland vanaf 75 euro.\" \/>\n<meta name=\"robots\" content=\"index, follow, max-snippet:-1, max-image-preview:large, max-video-preview:-1\" \/>\n<link rel=\"canonical\" href=\"https:\/\/www.david-coin.com\/de\/produkt\/nederland-25-gulden-1955-huygens-replacement\/\" \/>\n<meta property=\"og:locale\" content=\"de_DE\" \/>\n<meta property=\"og:type\" content=\"article\" \/>\n<meta property=\"og:title\" content=\"Nederland 25 Gulden 1955 Huygens replacement\" \/>\n<meta property=\"og:description\" content=\"Nederlandse Bankbiljetten met vele varianten beschikbaar bij David-coin Bekijk ons complete aanbod. Gratis verzending binnen Nederland vanaf 75 euro.\" \/>\n<meta property=\"og:url\" content=\"https:\/\/www.david-coin.com\/de\/produkt\/nederland-25-gulden-1955-huygens-replacement\/\" \/>\n<meta property=\"og:site_name\" content=\"David Coin\" \/>\n<meta property=\"article:publisher\" content=\"https:\/\/www.facebook.com\/Davidcoininkoopenverkoop\" \/>\n<meta property=\"article:modified_time\" content=\"2026-01-27T16:36:48+00:00\" \/>\n<meta property=\"og:image\" content=\"https:\/\/www.david-coin.com\/wp-content\/uploads\/2022\/06\/Huygensreplacement.jpg\" \/>\n\t<meta property=\"og:image:width\" content=\"800\" \/>\n\t<meta property=\"og:image:height\" content=\"472\" \/>\n\t<meta property=\"og:image:type\" content=\"image\/jpeg\" \/>\n<meta name=\"twitter:card\" content=\"summary_large_image\" \/>\n<meta name=\"twitter:label1\" content=\"Preis\" \/>\n\t<meta name=\"twitter:data1\" content=\"&euro;&nbsp;29,95\" \/>\n\t<meta name=\"twitter:label2\" content=\"Verf\u00fcgbarkeit\" \/>\n\t<meta name=\"twitter:data2\" content=\"ausverkauft\" \/>\n<script type=\"application\/ld+json\" class=\"yoast-schema-graph\">{\"@context\":\"https:\\\/\\\/schema.org\",\"@graph\":[{\"@type\":\"WebPage\",\"@id\":\"https:\\\/\\\/www.david-coin.com\\\/product\\\/nederland-25-gulden-1955-huygens-replacement\\\/\",\"url\":\"https:\\\/\\\/www.david-coin.com\\\/product\\\/nederland-25-gulden-1955-huygens-replacement\\\/\",\"name\":\"Nederland 25 Gulden 1955 Huygens replacement\",\"isPartOf\":{\"@id\":\"https:\\\/\\\/www.david-coin.com\\\/#website\"},\"primaryImageOfPage\":{\"@id\":\"https:\\\/\\\/www.david-coin.com\\\/product\\\/nederland-25-gulden-1955-huygens-replacement\\\/#primaryimage\"},\"image\":{\"@id\":\"https:\\\/\\\/www.david-coin.com\\\/product\\\/nederland-25-gulden-1955-huygens-replacement\\\/#primaryimage\"},\"thumbnailUrl\":\"https:\\\/\\\/www.david-coin.com\\\/wp-content\\\/uploads\\\/2022\\\/06\\\/Huygensreplacement.jpg\",\"datePublished\":\"2022-06-27T14:58:45+00:00\",\"dateModified\":\"2026-01-27T16:36:48+00:00\",\"description\":\"Nederlandse Bankbiljetten met vele varianten beschikbaar bij David-coin Bekijk ons complete aanbod. Gratis verzending binnen Nederland vanaf 75 euro.\",\"breadcrumb\":{\"@id\":\"https:\\\/\\\/www.david-coin.com\\\/product\\\/nederland-25-gulden-1955-huygens-replacement\\\/#breadcrumb\"},\"inLanguage\":\"de\",\"potentialAction\":[{\"@type\":\"ReadAction\",\"target\":[\"https:\\\/\\\/www.david-coin.com\\\/product\\\/nederland-25-gulden-1955-huygens-replacement\\\/\"]}]},{\"@type\":\"ImageObject\",\"inLanguage\":\"de\",\"@id\":\"https:\\\/\\\/www.david-coin.com\\\/product\\\/nederland-25-gulden-1955-huygens-replacement\\\/#primaryimage\",\"url\":\"https:\\\/\\\/www.david-coin.com\\\/wp-content\\\/uploads\\\/2022\\\/06\\\/Huygensreplacement.jpg\",\"contentUrl\":\"https:\\\/\\\/www.david-coin.com\\\/wp-content\\\/uploads\\\/2022\\\/06\\\/Huygensreplacement.jpg\",\"width\":800,\"height\":472},{\"@type\":\"BreadcrumbList\",\"@id\":\"https:\\\/\\\/www.david-coin.com\\\/product\\\/nederland-25-gulden-1955-huygens-replacement\\\/#breadcrumb\",\"itemListElement\":[{\"@type\":\"ListItem\",\"position\":1,\"name\":\"Home\",\"item\":\"https:\\\/\\\/www.david-coin.com\\\/\"},{\"@type\":\"ListItem\",\"position\":2,\"name\":\"Winkel\",\"item\":\"https:\\\/\\\/www.david-coin.com\\\/winkel\\\/\"},{\"@type\":\"ListItem\",\"position\":3,\"name\":\"Nederland 25 Gulden 1955 Huygens replacement\"}]},{\"@type\":\"WebSite\",\"@id\":\"https:\\\/\\\/www.david-coin.com\\\/#website\",\"url\":\"https:\\\/\\\/www.david-coin.com\\\/\",\"name\":\"David Coin\",\"description\":\"\",\"publisher\":{\"@id\":\"https:\\\/\\\/www.david-coin.com\\\/#organization\"},\"potentialAction\":[{\"@type\":\"SearchAction\",\"target\":{\"@type\":\"EntryPoint\",\"urlTemplate\":\"https:\\\/\\\/www.david-coin.com\\\/?s={search_term_string}\"},\"query-input\":{\"@type\":\"PropertyValueSpecification\",\"valueRequired\":true,\"valueName\":\"search_term_string\"}}],\"inLanguage\":\"de\"},{\"@type\":\"Organization\",\"@id\":\"https:\\\/\\\/www.david-coin.com\\\/#organization\",\"name\":\"David Coin\",\"url\":\"https:\\\/\\\/www.david-coin.com\\\/\",\"logo\":{\"@type\":\"ImageObject\",\"inLanguage\":\"de\",\"@id\":\"https:\\\/\\\/www.david-coin.com\\\/#\\\/schema\\\/logo\\\/image\\\/\",\"url\":\"https:\\\/\\\/www.david-coin.com\\\/wp-content\\\/uploads\\\/2024\\\/04\\\/davidcoin-logo-final.png\",\"contentUrl\":\"https:\\\/\\\/www.david-coin.com\\\/wp-content\\\/uploads\\\/2024\\\/04\\\/davidcoin-logo-final.png\",\"width\":800,\"height\":267,\"caption\":\"David Coin\"},\"image\":{\"@id\":\"https:\\\/\\\/www.david-coin.com\\\/#\\\/schema\\\/logo\\\/image\\\/\"},\"sameAs\":[\"https:\\\/\\\/www.facebook.com\\\/Davidcoininkoopenverkoop\",\"https:\\\/\\\/www.youtube.com\\\/channel\\\/UC39lihLKFSPTff0w6tv0pWQ\"]}]}<\/script>\n<meta property=\"product:price:amount\" content=\"29.95\" \/>\n<meta property=\"product:price:currency\" content=\"EUR\" \/>\n<meta property=\"og:availability\" content=\"out of stock\" \/>\n<meta property=\"product:availability\" content=\"out of stock\" \/>\n<meta property=\"product:retailer_item_id\" content=\"2400\" \/>\n<meta property=\"product:condition\" content=\"new\" \/>\n<!-- \/ Yoast SEO Premium plugin. -->","yoast_head_json":{"title":"Niederlande 25 Gulden 1955 Huygens-Ersatz","description":"Nederlandse Bankbiljetten met vele varianten beschikbaar bij David-coin Bekijk ons complete aanbod. Gratis verzending binnen Nederland vanaf 75 euro.","robots":{"index":"index","follow":"follow","max-snippet":"max-snippet:-1","max-image-preview":"max-image-preview:large","max-video-preview":"max-video-preview:-1"},"canonical":"https:\/\/www.david-coin.com\/de\/produkt\/nederland-25-gulden-1955-huygens-replacement\/","og_locale":"de_DE","og_type":"article","og_title":"Nederland 25 Gulden 1955 Huygens replacement","og_description":"Nederlandse Bankbiljetten met vele varianten beschikbaar bij David-coin Bekijk ons complete aanbod. Gratis verzending binnen Nederland vanaf 75 euro.","og_url":"https:\/\/www.david-coin.com\/de\/produkt\/nederland-25-gulden-1955-huygens-replacement\/","og_site_name":"David Coin","article_publisher":"https:\/\/www.facebook.com\/Davidcoininkoopenverkoop","article_modified_time":"2026-01-27T16:36:48+00:00","og_image":[{"width":800,"height":472,"url":"https:\/\/www.david-coin.com\/wp-content\/uploads\/2022\/06\/Huygensreplacement.jpg","type":"image\/jpeg"}],"twitter_card":"summary_large_image","twitter_misc":{"Preis":"&euro;&nbsp;29,95","Verf\u00fcgbarkeit":"ausverkauft"},"schema":{"@context":"https:\/\/schema.org","@graph":[{"@type":"WebPage","@id":"https:\/\/www.david-coin.com\/product\/nederland-25-gulden-1955-huygens-replacement\/","url":"https:\/\/www.david-coin.com\/product\/nederland-25-gulden-1955-huygens-replacement\/","name":"Niederlande 25 Gulden 1955 Huygens-Ersatz","isPartOf":{"@id":"https:\/\/www.david-coin.com\/#website"},"primaryImageOfPage":{"@id":"https:\/\/www.david-coin.com\/product\/nederland-25-gulden-1955-huygens-replacement\/#primaryimage"},"image":{"@id":"https:\/\/www.david-coin.com\/product\/nederland-25-gulden-1955-huygens-replacement\/#primaryimage"},"thumbnailUrl":"https:\/\/www.david-coin.com\/wp-content\/uploads\/2022\/06\/Huygensreplacement.jpg","datePublished":"2022-06-27T14:58:45+00:00","dateModified":"2026-01-27T16:36:48+00:00","description":"Nederlandse Bankbiljetten met vele varianten beschikbaar bij David-coin Bekijk ons complete aanbod. Gratis verzending binnen Nederland vanaf 75 euro.","breadcrumb":{"@id":"https:\/\/www.david-coin.com\/product\/nederland-25-gulden-1955-huygens-replacement\/#breadcrumb"},"inLanguage":"de","potentialAction":[{"@type":"ReadAction","target":["https:\/\/www.david-coin.com\/product\/nederland-25-gulden-1955-huygens-replacement\/"]}]},{"@type":"ImageObject","inLanguage":"de","@id":"https:\/\/www.david-coin.com\/product\/nederland-25-gulden-1955-huygens-replacement\/#primaryimage","url":"https:\/\/www.david-coin.com\/wp-content\/uploads\/2022\/06\/Huygensreplacement.jpg","contentUrl":"https:\/\/www.david-coin.com\/wp-content\/uploads\/2022\/06\/Huygensreplacement.jpg","width":800,"height":472},{"@type":"BreadcrumbList","@id":"https:\/\/www.david-coin.com\/product\/nederland-25-gulden-1955-huygens-replacement\/#breadcrumb","itemListElement":[{"@type":"ListItem","position":1,"name":"Home","item":"https:\/\/www.david-coin.com\/"},{"@type":"ListItem","position":2,"name":"Winkel","item":"https:\/\/www.david-coin.com\/winkel\/"},{"@type":"ListItem","position":3,"name":"Nederland 25 Gulden 1955 Huygens replacement"}]},{"@type":"WebSite","@id":"https:\/\/www.david-coin.com\/#website","url":"https:\/\/www.david-coin.com\/","name":"David Coin","description":"","publisher":{"@id":"https:\/\/www.david-coin.com\/#organization"},"potentialAction":[{"@type":"SearchAction","target":{"@type":"EntryPoint","urlTemplate":"https:\/\/www.david-coin.com\/?s={search_term_string}"},"query-input":{"@type":"PropertyValueSpecification","valueRequired":true,"valueName":"search_term_string"}}],"inLanguage":"de"},{"@type":"Organization","@id":"https:\/\/www.david-coin.com\/#organization","name":"David Coin","url":"https:\/\/www.david-coin.com\/","logo":{"@type":"ImageObject","inLanguage":"de","@id":"https:\/\/www.david-coin.com\/#\/schema\/logo\/image\/","url":"https:\/\/www.david-coin.com\/wp-content\/uploads\/2024\/04\/davidcoin-logo-final.png","contentUrl":"https:\/\/www.david-coin.com\/wp-content\/uploads\/2024\/04\/davidcoin-logo-final.png","width":800,"height":267,"caption":"David Coin"},"image":{"@id":"https:\/\/www.david-coin.com\/#\/schema\/logo\/image\/"},"sameAs":["https:\/\/www.facebook.com\/Davidcoininkoopenverkoop","https:\/\/www.youtube.com\/channel\/UC39lihLKFSPTff0w6tv0pWQ"]}]},"product_price_amount":"29.95","product_price_currency":"EUR","og_availability":"out of stock","product_availability":"out of stock","product_retailer_item_id":"2400","product_condition":"new"},"_links":{"self":[{"href":"https:\/\/www.david-coin.com\/de\/wp-json\/wp\/v2\/product\/115453","targetHints":{"allow":["GET"]}}],"collection":[{"href":"https:\/\/www.david-coin.com\/de\/wp-json\/wp\/v2\/product"}],"about":[{"href":"https:\/\/www.david-coin.com\/de\/wp-json\/wp\/v2\/types\/product"}],"replies":[{"embeddable":true,"href":"https:\/\/www.david-coin.com\/de\/wp-json\/wp\/v2\/comments?post=115453"}],"wp:featuredmedia":[{"embeddable":true,"href":"https:\/\/www.david-coin.com\/de\/wp-json\/wp\/v2\/media\/115451"}],"wp:attachment":[{"href":"https:\/\/www.david-coin.com\/de\/wp-json\/wp\/v2\/media?parent=115453"}],"wp:term":[{"taxonomy":"product_brand","embeddable":true,"href":"https:\/\/www.david-coin.com\/de\/wp-json\/wp\/v2\/product_brand?post=115453"},{"taxonomy":"product_cat","embeddable":true,"href":"https:\/\/www.david-coin.com\/de\/wp-json\/wp\/v2\/product_cat?post=115453"},{"taxonomy":"product_tag","embeddable":true,"href":"https:\/\/www.david-coin.com\/de\/wp-json\/wp\/v2\/product_tag?post=115453"}],"curies":[{"name":"wp","href":"https:\/\/api.w.org\/{rel}","templated":true}]}}