{"id":115441,"date":"2022-06-27T14:04:41","date_gmt":"2022-06-27T14:04:41","guid":{"rendered":"https:\/\/www.david-coin.com\/product\/nederland-10-gulden-1968-frans-hals-misdruk-3\/"},"modified":"2026-01-27T17:36:53","modified_gmt":"2026-01-27T16:36:53","slug":"nederland-10-gulden-1968-frans-hals-misdruk-3","status":"publish","type":"product","link":"https:\/\/www.david-coin.com\/de\/produkt\/nederland-10-gulden-1968-frans-hals-misdruk-3\/","title":{"rendered":"Niederlande 10 Gulden 1968 Frans Hals Fehldruck"},"content":{"rendered":"<p><span style=\"font-size: 12pt;\">Niederlande 10 Gulden 1968 Frans Hals Fehldruck<br \/>\nSerienummer op 2 plekken doorgedrukt, op de voorzijde zichtbaar.\u00a0<\/span><br \/>\n<span style=\"font-size: 12pt;\"> NVMH:49-1a<\/span><br \/>\n<span style=\"font-size: 12pt;\"> Plomp:PL47<\/span><\/p>\n<p><strong>Zehn Gulden 1968 Frans Hals<\/strong><br \/>\n1968 kam ein neuer Zehner mit dem Bildnis von Frans Hals in Umlauf. Der alte Zehner mit Hugo de Groot musste ersetzt werden und die niederl\u00e4ndische Bank wollte ein neues, revolution\u00e4res Design. Der Zehner mit Frans Hals hat eine leuchtend blaue Farbe und guillochierte Muster auf der Vorder- und R\u00fcckseite. Der Frans-Hals-Zehner wurde im Jahr 2002 mit der Einf\u00fchrung des Euro aus dem Verkehr gezogen. Der Frans Hals-Zehner geh\u00f6rte zu der von Oxenaar entworfenen Erflater-Serie. Neben dem Zehner geh\u00f6ren vier weitere Banknoten zur Erflater-Serie:<br \/>\n&#8211;\t<a href=\"\/de\/\u201dhttps:\/\/www.david-coin.com\/produkt\/nederland-5-gulden-1966-vondel-i\/\u201d\/\">5 Gulden 1966 Vondel;<\/a><br \/>\n&#8211;\t<a href=\"\/de\/\u201dhttps:\/\/www.david-coin.com\/produkt\/nederland-5-gulden-1973-vondel-pmg65-epq\/\u201d\/\">5 Gulden 1973 Vondel;<\/a><br \/>\n&#8211;\t<a href=\"\/de\/\u201dhttps:\/\/www.david-coin.com\/produkt\/nederland-25-gulden-1971-sweelinck\/\u201d\/\">25 Gulden 1971 Sweelinck;<\/a><br \/>\n&#8211;\t<a href=\"\/de\/\u201dhttps:\/\/www.david-coin.com\/produkt\/nederland-100-gulden-1970-michiel-de-ruyter\/\u201d\/\">100 Gulden 1970 Michiel de Ruyter;<\/a><br \/>\n&#8211;\t<a href=\"\/de\/\u201dhttps:\/\/www.david-coin.com\/produkt\/nederland-1000-gulden-1972-spinoza\/\u201d\/\">1000 Gulden 1972 Spinoza.<\/a> <\/p>\n<p>Heute ist der Frans Hals-Zehner ein begehrtes Sammlerst\u00fcck, sowohl bei Banknotensammlern als auch bei Bewunderern der Gem\u00e4lde von Frans Hals.  <\/p>\n<p><span style=\"font-size: 12pt;\"> Siehe Scans f\u00fcr weitere Einzelheiten. <\/span><br \/>\n<span style=\"font-size: 12pt;\"> Bei Fragen k\u00f6nnen Sie uns gerne eine Nachricht schicken.<\/span><\/p>","protected":false},"excerpt":{"rendered":"<p>NVMH:49-1a<\/p>","protected":false},"featured_media":115439,"comment_status":"closed","ping_status":"closed","template":"","meta":[],"product_brand":[],"product_cat":[5503,5472],"product_tag":[],"class_list":{"0":"post-115441","1":"product","2":"type-product","3":"status-publish","4":"has-post-thumbnail","6":"product_cat-misdrukken","7":"product_cat-nederlandse-bankbiljetten","8":"pa_bankbiljetwaarde-10gulden","9":"pa_delcampeid-5278","10":"pa_kwaliteit-zeer-fraai","11":"pa_land-nederland","13":"first","14":"outofstock","15":"taxable","16":"shipping-taxable","17":"purchasable","18":"product-type-simple"},"yoast_head":"<!-- This site is optimized with the Yoast SEO Premium plugin v27.2 (Yoast SEO v27.4) - https:\/\/yoast.com\/product\/yoast-seo-premium-wordpress\/ -->\n<title>Nederland 10 Gulden 1968 Frans Hals Misdruk<\/title>\n<meta name=\"description\" content=\"Nederlandse Bankbiljetten van 1 gulden t\/m 1000 gulden. Bekijk nu ons volledige aanbod. Gratis verzending binnen Nederland vanaf 75 euro.\" \/>\n<meta name=\"robots\" content=\"index, follow, max-snippet:-1, max-image-preview:large, max-video-preview:-1\" \/>\n<link rel=\"canonical\" href=\"https:\/\/www.david-coin.com\/de\/produkt\/nederland-10-gulden-1968-frans-hals-misdruk-3\/\" \/>\n<meta property=\"og:locale\" content=\"de_DE\" \/>\n<meta property=\"og:type\" content=\"article\" \/>\n<meta property=\"og:title\" content=\"Nederland 10 Gulden 1968 Frans Hals Misdruk\" \/>\n<meta property=\"og:description\" content=\"Nederlandse Bankbiljetten van 1 gulden t\/m 1000 gulden. Bekijk nu ons volledige aanbod. Gratis verzending binnen Nederland vanaf 75 euro.\" \/>\n<meta property=\"og:url\" content=\"https:\/\/www.david-coin.com\/de\/produkt\/nederland-10-gulden-1968-frans-hals-misdruk-3\/\" \/>\n<meta property=\"og:site_name\" content=\"David Coin\" \/>\n<meta property=\"article:publisher\" content=\"https:\/\/www.facebook.com\/Davidcoininkoopenverkoop\" \/>\n<meta property=\"article:modified_time\" content=\"2026-01-27T16:36:53+00:00\" \/>\n<meta property=\"og:image\" content=\"https:\/\/www.david-coin.com\/wp-content\/uploads\/2022\/06\/10guldenfranshals.jpg\" \/>\n\t<meta property=\"og:image:width\" content=\"800\" \/>\n\t<meta property=\"og:image:height\" content=\"456\" \/>\n\t<meta property=\"og:image:type\" content=\"image\/jpeg\" \/>\n<meta name=\"twitter:card\" content=\"summary_large_image\" \/>\n<meta name=\"twitter:label1\" content=\"Preis\" \/>\n\t<meta name=\"twitter:data1\" content=\"&euro;&nbsp;149,50\" \/>\n\t<meta name=\"twitter:label2\" content=\"Verf\u00fcgbarkeit\" \/>\n\t<meta name=\"twitter:data2\" content=\"ausverkauft\" \/>\n<script type=\"application\/ld+json\" class=\"yoast-schema-graph\">{\"@context\":\"https:\\\/\\\/schema.org\",\"@graph\":[{\"@type\":\"WebPage\",\"@id\":\"https:\\\/\\\/www.david-coin.com\\\/product\\\/nederland-10-gulden-1968-frans-hals-misdruk-3\\\/\",\"url\":\"https:\\\/\\\/www.david-coin.com\\\/product\\\/nederland-10-gulden-1968-frans-hals-misdruk-3\\\/\",\"name\":\"Nederland 10 Gulden 1968 Frans Hals Misdruk\",\"isPartOf\":{\"@id\":\"https:\\\/\\\/www.david-coin.com\\\/#website\"},\"primaryImageOfPage\":{\"@id\":\"https:\\\/\\\/www.david-coin.com\\\/product\\\/nederland-10-gulden-1968-frans-hals-misdruk-3\\\/#primaryimage\"},\"image\":{\"@id\":\"https:\\\/\\\/www.david-coin.com\\\/product\\\/nederland-10-gulden-1968-frans-hals-misdruk-3\\\/#primaryimage\"},\"thumbnailUrl\":\"https:\\\/\\\/www.david-coin.com\\\/wp-content\\\/uploads\\\/2022\\\/06\\\/10guldenfranshals.jpg\",\"datePublished\":\"2022-06-27T14:04:41+00:00\",\"dateModified\":\"2026-01-27T16:36:53+00:00\",\"description\":\"Nederlandse Bankbiljetten van 1 gulden t\\\/m 1000 gulden. Bekijk nu ons volledige aanbod. Gratis verzending binnen Nederland vanaf 75 euro.\",\"breadcrumb\":{\"@id\":\"https:\\\/\\\/www.david-coin.com\\\/product\\\/nederland-10-gulden-1968-frans-hals-misdruk-3\\\/#breadcrumb\"},\"inLanguage\":\"de\",\"potentialAction\":[{\"@type\":\"ReadAction\",\"target\":[\"https:\\\/\\\/www.david-coin.com\\\/product\\\/nederland-10-gulden-1968-frans-hals-misdruk-3\\\/\"]}]},{\"@type\":\"ImageObject\",\"inLanguage\":\"de\",\"@id\":\"https:\\\/\\\/www.david-coin.com\\\/product\\\/nederland-10-gulden-1968-frans-hals-misdruk-3\\\/#primaryimage\",\"url\":\"https:\\\/\\\/www.david-coin.com\\\/wp-content\\\/uploads\\\/2022\\\/06\\\/10guldenfranshals.jpg\",\"contentUrl\":\"https:\\\/\\\/www.david-coin.com\\\/wp-content\\\/uploads\\\/2022\\\/06\\\/10guldenfranshals.jpg\",\"width\":800,\"height\":456},{\"@type\":\"BreadcrumbList\",\"@id\":\"https:\\\/\\\/www.david-coin.com\\\/product\\\/nederland-10-gulden-1968-frans-hals-misdruk-3\\\/#breadcrumb\",\"itemListElement\":[{\"@type\":\"ListItem\",\"position\":1,\"name\":\"Home\",\"item\":\"https:\\\/\\\/www.david-coin.com\\\/\"},{\"@type\":\"ListItem\",\"position\":2,\"name\":\"Winkel\",\"item\":\"https:\\\/\\\/www.david-coin.com\\\/winkel\\\/\"},{\"@type\":\"ListItem\",\"position\":3,\"name\":\"Nederland 10 Gulden 1968 Frans Hals Misdruk\"}]},{\"@type\":\"WebSite\",\"@id\":\"https:\\\/\\\/www.david-coin.com\\\/#website\",\"url\":\"https:\\\/\\\/www.david-coin.com\\\/\",\"name\":\"David Coin\",\"description\":\"\",\"publisher\":{\"@id\":\"https:\\\/\\\/www.david-coin.com\\\/#organization\"},\"potentialAction\":[{\"@type\":\"SearchAction\",\"target\":{\"@type\":\"EntryPoint\",\"urlTemplate\":\"https:\\\/\\\/www.david-coin.com\\\/?s={search_term_string}\"},\"query-input\":{\"@type\":\"PropertyValueSpecification\",\"valueRequired\":true,\"valueName\":\"search_term_string\"}}],\"inLanguage\":\"de\"},{\"@type\":\"Organization\",\"@id\":\"https:\\\/\\\/www.david-coin.com\\\/#organization\",\"name\":\"David Coin\",\"url\":\"https:\\\/\\\/www.david-coin.com\\\/\",\"logo\":{\"@type\":\"ImageObject\",\"inLanguage\":\"de\",\"@id\":\"https:\\\/\\\/www.david-coin.com\\\/#\\\/schema\\\/logo\\\/image\\\/\",\"url\":\"https:\\\/\\\/www.david-coin.com\\\/wp-content\\\/uploads\\\/2024\\\/04\\\/davidcoin-logo-final.png\",\"contentUrl\":\"https:\\\/\\\/www.david-coin.com\\\/wp-content\\\/uploads\\\/2024\\\/04\\\/davidcoin-logo-final.png\",\"width\":800,\"height\":267,\"caption\":\"David Coin\"},\"image\":{\"@id\":\"https:\\\/\\\/www.david-coin.com\\\/#\\\/schema\\\/logo\\\/image\\\/\"},\"sameAs\":[\"https:\\\/\\\/www.facebook.com\\\/Davidcoininkoopenverkoop\",\"https:\\\/\\\/www.youtube.com\\\/channel\\\/UC39lihLKFSPTff0w6tv0pWQ\"]}]}<\/script>\n<meta property=\"product:price:amount\" content=\"149.50\" \/>\n<meta property=\"product:price:currency\" content=\"EUR\" \/>\n<meta property=\"og:availability\" content=\"out of stock\" \/>\n<meta property=\"product:availability\" content=\"out of stock\" \/>\n<meta property=\"product:retailer_item_id\" content=\"2378\" \/>\n<meta property=\"product:condition\" content=\"new\" \/>\n<!-- \/ Yoast SEO Premium plugin. -->","yoast_head_json":{"title":"Niederlande 10 Gulden 1968 Frans Hals Fehldruck","description":"Nederlandse Bankbiljetten van 1 gulden t\/m 1000 gulden. Bekijk nu ons volledige aanbod. Gratis verzending binnen Nederland vanaf 75 euro.","robots":{"index":"index","follow":"follow","max-snippet":"max-snippet:-1","max-image-preview":"max-image-preview:large","max-video-preview":"max-video-preview:-1"},"canonical":"https:\/\/www.david-coin.com\/de\/produkt\/nederland-10-gulden-1968-frans-hals-misdruk-3\/","og_locale":"de_DE","og_type":"article","og_title":"Nederland 10 Gulden 1968 Frans Hals Misdruk","og_description":"Nederlandse Bankbiljetten van 1 gulden t\/m 1000 gulden. Bekijk nu ons volledige aanbod. Gratis verzending binnen Nederland vanaf 75 euro.","og_url":"https:\/\/www.david-coin.com\/de\/produkt\/nederland-10-gulden-1968-frans-hals-misdruk-3\/","og_site_name":"David Coin","article_publisher":"https:\/\/www.facebook.com\/Davidcoininkoopenverkoop","article_modified_time":"2026-01-27T16:36:53+00:00","og_image":[{"width":800,"height":456,"url":"https:\/\/www.david-coin.com\/wp-content\/uploads\/2022\/06\/10guldenfranshals.jpg","type":"image\/jpeg"}],"twitter_card":"summary_large_image","twitter_misc":{"Preis":"&euro;&nbsp;149,50","Verf\u00fcgbarkeit":"ausverkauft"},"schema":{"@context":"https:\/\/schema.org","@graph":[{"@type":"WebPage","@id":"https:\/\/www.david-coin.com\/product\/nederland-10-gulden-1968-frans-hals-misdruk-3\/","url":"https:\/\/www.david-coin.com\/product\/nederland-10-gulden-1968-frans-hals-misdruk-3\/","name":"Niederlande 10 Gulden 1968 Frans Hals Fehldruck","isPartOf":{"@id":"https:\/\/www.david-coin.com\/#website"},"primaryImageOfPage":{"@id":"https:\/\/www.david-coin.com\/product\/nederland-10-gulden-1968-frans-hals-misdruk-3\/#primaryimage"},"image":{"@id":"https:\/\/www.david-coin.com\/product\/nederland-10-gulden-1968-frans-hals-misdruk-3\/#primaryimage"},"thumbnailUrl":"https:\/\/www.david-coin.com\/wp-content\/uploads\/2022\/06\/10guldenfranshals.jpg","datePublished":"2022-06-27T14:04:41+00:00","dateModified":"2026-01-27T16:36:53+00:00","description":"Nederlandse Bankbiljetten van 1 gulden t\/m 1000 gulden. Bekijk nu ons volledige aanbod. Gratis verzending binnen Nederland vanaf 75 euro.","breadcrumb":{"@id":"https:\/\/www.david-coin.com\/product\/nederland-10-gulden-1968-frans-hals-misdruk-3\/#breadcrumb"},"inLanguage":"de","potentialAction":[{"@type":"ReadAction","target":["https:\/\/www.david-coin.com\/product\/nederland-10-gulden-1968-frans-hals-misdruk-3\/"]}]},{"@type":"ImageObject","inLanguage":"de","@id":"https:\/\/www.david-coin.com\/product\/nederland-10-gulden-1968-frans-hals-misdruk-3\/#primaryimage","url":"https:\/\/www.david-coin.com\/wp-content\/uploads\/2022\/06\/10guldenfranshals.jpg","contentUrl":"https:\/\/www.david-coin.com\/wp-content\/uploads\/2022\/06\/10guldenfranshals.jpg","width":800,"height":456},{"@type":"BreadcrumbList","@id":"https:\/\/www.david-coin.com\/product\/nederland-10-gulden-1968-frans-hals-misdruk-3\/#breadcrumb","itemListElement":[{"@type":"ListItem","position":1,"name":"Home","item":"https:\/\/www.david-coin.com\/"},{"@type":"ListItem","position":2,"name":"Winkel","item":"https:\/\/www.david-coin.com\/winkel\/"},{"@type":"ListItem","position":3,"name":"Nederland 10 Gulden 1968 Frans Hals Misdruk"}]},{"@type":"WebSite","@id":"https:\/\/www.david-coin.com\/#website","url":"https:\/\/www.david-coin.com\/","name":"David Coin","description":"","publisher":{"@id":"https:\/\/www.david-coin.com\/#organization"},"potentialAction":[{"@type":"SearchAction","target":{"@type":"EntryPoint","urlTemplate":"https:\/\/www.david-coin.com\/?s={search_term_string}"},"query-input":{"@type":"PropertyValueSpecification","valueRequired":true,"valueName":"search_term_string"}}],"inLanguage":"de"},{"@type":"Organization","@id":"https:\/\/www.david-coin.com\/#organization","name":"David Coin","url":"https:\/\/www.david-coin.com\/","logo":{"@type":"ImageObject","inLanguage":"de","@id":"https:\/\/www.david-coin.com\/#\/schema\/logo\/image\/","url":"https:\/\/www.david-coin.com\/wp-content\/uploads\/2024\/04\/davidcoin-logo-final.png","contentUrl":"https:\/\/www.david-coin.com\/wp-content\/uploads\/2024\/04\/davidcoin-logo-final.png","width":800,"height":267,"caption":"David Coin"},"image":{"@id":"https:\/\/www.david-coin.com\/#\/schema\/logo\/image\/"},"sameAs":["https:\/\/www.facebook.com\/Davidcoininkoopenverkoop","https:\/\/www.youtube.com\/channel\/UC39lihLKFSPTff0w6tv0pWQ"]}]},"product_price_amount":"149.50","product_price_currency":"EUR","og_availability":"out of stock","product_availability":"out of stock","product_retailer_item_id":"2378","product_condition":"new"},"_links":{"self":[{"href":"https:\/\/www.david-coin.com\/de\/wp-json\/wp\/v2\/product\/115441","targetHints":{"allow":["GET"]}}],"collection":[{"href":"https:\/\/www.david-coin.com\/de\/wp-json\/wp\/v2\/product"}],"about":[{"href":"https:\/\/www.david-coin.com\/de\/wp-json\/wp\/v2\/types\/product"}],"replies":[{"embeddable":true,"href":"https:\/\/www.david-coin.com\/de\/wp-json\/wp\/v2\/comments?post=115441"}],"wp:featuredmedia":[{"embeddable":true,"href":"https:\/\/www.david-coin.com\/de\/wp-json\/wp\/v2\/media\/115439"}],"wp:attachment":[{"href":"https:\/\/www.david-coin.com\/de\/wp-json\/wp\/v2\/media?parent=115441"}],"wp:term":[{"taxonomy":"product_brand","embeddable":true,"href":"https:\/\/www.david-coin.com\/de\/wp-json\/wp\/v2\/product_brand?post=115441"},{"taxonomy":"product_cat","embeddable":true,"href":"https:\/\/www.david-coin.com\/de\/wp-json\/wp\/v2\/product_cat?post=115441"},{"taxonomy":"product_tag","embeddable":true,"href":"https:\/\/www.david-coin.com\/de\/wp-json\/wp\/v2\/product_tag?post=115441"}],"curies":[{"name":"wp","href":"https:\/\/api.w.org\/{rel}","templated":true}]}}