{"id":114077,"date":"2022-01-17T15:55:37","date_gmt":"2022-01-17T15:55:37","guid":{"rendered":"https:\/\/www.david-coin.com\/product\/nederland-1-gulden-1943-wilhelmina-buiten-omloop-gesteld\/"},"modified":"2026-01-27T17:44:05","modified_gmt":"2026-01-27T16:44:05","slug":"nederland-1-gulden-1943-wilhelmina-buiten-omloop-gesteld","status":"publish","type":"product","link":"https:\/\/www.david-coin.com\/de\/produkt\/nederland-1-gulden-1943-wilhelmina-buiten-omloop-gesteld\/","title":{"rendered":"Niederlande 1 Gulden 1943 Wilhelmina aus dem Verkehr gezogen"},"content":{"rendered":"<p><span style=\"font-size: 12pt;\">Niederlande 1 Gulden 1943 Wilhelmina aus dem Verkehr gezogen<\/span><br \/>\n<span style=\"font-size: 12pt; font-family: arial, helvetica, sans-serif;\"> NVMH:05-1<\/span><br \/>\n<span style=\"font-size: 12pt;\"><span style=\"font-family: arial, helvetica, sans-serif;\"> Plomp: PL5<br \/>\n<\/span><span style=\"font-family: arial, helvetica, sans-serif;\">Stempel:Bo2.c<br \/>\n<\/span><\/span><\/p>\n<p>W\u00e4hrend des Zweiten Weltkriegs bereiteten sich die Alliierten bereits 1943 auf die Invasion vor, die 1944 stattfinden sollte. Die Ein-Gulden-M\u00fcnznote mit <a href=\"https:\/\/www.david-coin.com\/de\/produkt-kategorie\/nederlandse-munten\/wilhelmina-1890-1948\/?jsf=jet-woo-products-grid&#038;pagenum=4\"> K\u00f6nigin Wilhelmina<\/a> Es ist daher Teil eines besonderen St\u00fccks niederl\u00e4ndischer Geschichte. Bei der Befreiung von Gebieten mussten die Soldaten auch Geld erhalten, das sie in den befreiten Gebieten ausgeben konnten, denn es war schwierig, ausl\u00e4ndisches Geld in Gebieten auszugeben, in denen der Wechselkurs dieses Geldes nicht bekannt war und viele Einwohner das Geld nicht kannten und es wahrscheinlich nicht annehmen w\u00fcrden. Daher beschloss das Finanzministerium, niederl\u00e4ndische Gulden in den Vereinigten Staaten zu drucken, und diese M\u00fcnzscheine trugen daher das Bild von K\u00f6nigin Wilhelmina auf der Vorderseite. Der 1-Gulden-Geldschein wurde 1943 ausgegeben und tr\u00e4gt auf der Vorderseite die Unterschrift von Johannes van den Broek (Finanzminister). Die in Amerika gedruckte Gulden-Serie umfasste auch die:<br \/>\n&#8211;\t<a href=\"https:\/\/www.david-coin.com\/de\/produkt\/nederland-25-gulden-1943-wilhelmina-pmg64-epq\/\">Zweieinhalb-Gulden-M\u00fcnzschein 1943<\/a>;<br \/>\n&#8211;\t<a href=\"https:\/\/www.david-coin.com\/de\/produkt\/nederland-10-gulden-1943-wilhelmina-1\/\">Zehn-Gulden-M\u00fcnzschein 1943<\/a>;<br \/>\n&#8211;\t<a href=\"https:\/\/www.david-coin.com\/de\/produkt\/nederland-25-gulden-1943-wilhelmina-1\/\">F\u00fcnfundzwanzig-Gulden-M\u00fcnzschein 1943<\/a>;<br \/>\n&#8211;\t<a href=\"https:\/\/www.david-coin.com\/de\/produkt\/nederland-50-gulden-1943-wilhelmina\/\">F\u00fcnfzig-Gulden-M\u00fcnzschein 1943; <\/a><br \/>\n&#8211;\t<a href=\"https:\/\/www.david-coin.com\/de\/produkt\/nederland-100-gulden-1943-wilhelmina-pmg64\/\">Hundert-Gulden-M\u00fcnzschein 1943.<\/a><br \/>\nDa die Geldscheine von 1943 vor der Befreiung der n\u00f6rdlichen Niederlande ausgegeben worden waren, gelangten auch einige von ihnen in den Schwarzgeldkreislauf der besetzten Gebiete, und so wurde die Serie w\u00e4hrend der Gelds\u00e4uberung 1945 aus dem Verkehr gezogen. <\/p>\n<p><span style=\"font-size: 12pt; font-family: arial, helvetica, sans-serif;\"> Siehe Scans f\u00fcr weitere Einzelheiten. <\/span><br \/>\n<span style=\"font-size: 12pt; font-family: arial, helvetica, sans-serif;\"> Bei Fragen k\u00f6nnen Sie uns gerne eine Nachricht schicken.<\/span><\/p>","protected":false},"excerpt":{"rendered":"<p>NVMH:05-1<\/p>","protected":false},"featured_media":114075,"comment_status":"closed","ping_status":"closed","template":"","meta":[],"product_brand":[],"product_cat":[5488,5472],"product_tag":[],"class_list":{"0":"post-114077","1":"product","2":"type-product","3":"status-publish","4":"has-post-thumbnail","6":"product_cat-1-gulden-biljet","7":"product_cat-nederlandse-bankbiljetten","8":"pa_bankbiljetwaarde-1gulden","9":"pa_delcampeid-5280","10":"pa_kwaliteit-zeer-fraai","11":"pa_land-nederland","13":"first","14":"instock","15":"taxable","16":"shipping-taxable","17":"purchasable","18":"product-type-simple"},"yoast_head":"<!-- This site is optimized with the Yoast SEO Premium plugin v27.2 (Yoast SEO v27.4) - https:\/\/yoast.com\/product\/yoast-seo-premium-wordpress\/ -->\n<title>Nederland 1 Gulden 1943 Wilhelmina Buiten omloop gesteld<\/title>\n<meta name=\"description\" content=\"Nederlandse Bankbiljetten van 1 gulden t\/m 1000 gulden. Inclusief varianten, buiten omloop stempels, specimen, etc. Bekijk nu ons volledige aanbod.\" \/>\n<meta name=\"robots\" content=\"index, follow, max-snippet:-1, max-image-preview:large, max-video-preview:-1\" \/>\n<link rel=\"canonical\" href=\"https:\/\/www.david-coin.com\/de\/produkt\/nederland-1-gulden-1943-wilhelmina-buiten-omloop-gesteld\/\" \/>\n<meta property=\"og:locale\" content=\"de_DE\" \/>\n<meta property=\"og:type\" content=\"article\" \/>\n<meta property=\"og:title\" content=\"Nederland 1 Gulden 1943 Wilhelmina Buiten omloop gesteld\" \/>\n<meta property=\"og:description\" content=\"Nederlandse Bankbiljetten van 1 gulden t\/m 1000 gulden. Inclusief varianten, buiten omloop stempels, specimen, etc. Bekijk nu ons volledige aanbod.\" \/>\n<meta property=\"og:url\" content=\"https:\/\/www.david-coin.com\/de\/produkt\/nederland-1-gulden-1943-wilhelmina-buiten-omloop-gesteld\/\" \/>\n<meta property=\"og:site_name\" content=\"David Coin\" \/>\n<meta property=\"article:publisher\" content=\"https:\/\/www.facebook.com\/Davidcoininkoopenverkoop\" \/>\n<meta property=\"article:modified_time\" content=\"2026-01-27T16:44:05+00:00\" \/>\n<meta property=\"og:image\" content=\"https:\/\/www.david-coin.com\/wp-content\/uploads\/2022\/01\/1g1943bovz.jpg\" \/>\n\t<meta property=\"og:image:width\" content=\"800\" \/>\n\t<meta property=\"og:image:height\" content=\"472\" \/>\n\t<meta property=\"og:image:type\" content=\"image\/jpeg\" \/>\n<meta name=\"twitter:card\" content=\"summary_large_image\" \/>\n<meta name=\"twitter:label1\" content=\"Preis\" \/>\n\t<meta name=\"twitter:data1\" content=\"&euro;&nbsp;59,50\" \/>\n\t<meta name=\"twitter:label2\" content=\"Verf\u00fcgbarkeit\" \/>\n\t<meta name=\"twitter:data2\" content=\"Auf Lager\" \/>\n<script type=\"application\/ld+json\" class=\"yoast-schema-graph\">{\"@context\":\"https:\\\/\\\/schema.org\",\"@graph\":[{\"@type\":\"WebPage\",\"@id\":\"https:\\\/\\\/www.david-coin.com\\\/product\\\/nederland-1-gulden-1943-wilhelmina-buiten-omloop-gesteld\\\/\",\"url\":\"https:\\\/\\\/www.david-coin.com\\\/product\\\/nederland-1-gulden-1943-wilhelmina-buiten-omloop-gesteld\\\/\",\"name\":\"Nederland 1 Gulden 1943 Wilhelmina Buiten omloop gesteld\",\"isPartOf\":{\"@id\":\"https:\\\/\\\/www.david-coin.com\\\/#website\"},\"primaryImageOfPage\":{\"@id\":\"https:\\\/\\\/www.david-coin.com\\\/product\\\/nederland-1-gulden-1943-wilhelmina-buiten-omloop-gesteld\\\/#primaryimage\"},\"image\":{\"@id\":\"https:\\\/\\\/www.david-coin.com\\\/product\\\/nederland-1-gulden-1943-wilhelmina-buiten-omloop-gesteld\\\/#primaryimage\"},\"thumbnailUrl\":\"https:\\\/\\\/www.david-coin.com\\\/wp-content\\\/uploads\\\/2022\\\/01\\\/1g1943bovz.jpg\",\"datePublished\":\"2022-01-17T15:55:37+00:00\",\"dateModified\":\"2026-01-27T16:44:05+00:00\",\"description\":\"Nederlandse Bankbiljetten van 1 gulden t\\\/m 1000 gulden. Inclusief varianten, buiten omloop stempels, specimen, etc. Bekijk nu ons volledige aanbod.\",\"breadcrumb\":{\"@id\":\"https:\\\/\\\/www.david-coin.com\\\/product\\\/nederland-1-gulden-1943-wilhelmina-buiten-omloop-gesteld\\\/#breadcrumb\"},\"inLanguage\":\"de\",\"potentialAction\":[{\"@type\":\"ReadAction\",\"target\":[\"https:\\\/\\\/www.david-coin.com\\\/product\\\/nederland-1-gulden-1943-wilhelmina-buiten-omloop-gesteld\\\/\"]}]},{\"@type\":\"ImageObject\",\"inLanguage\":\"de\",\"@id\":\"https:\\\/\\\/www.david-coin.com\\\/product\\\/nederland-1-gulden-1943-wilhelmina-buiten-omloop-gesteld\\\/#primaryimage\",\"url\":\"https:\\\/\\\/www.david-coin.com\\\/wp-content\\\/uploads\\\/2022\\\/01\\\/1g1943bovz.jpg\",\"contentUrl\":\"https:\\\/\\\/www.david-coin.com\\\/wp-content\\\/uploads\\\/2022\\\/01\\\/1g1943bovz.jpg\",\"width\":800,\"height\":472},{\"@type\":\"BreadcrumbList\",\"@id\":\"https:\\\/\\\/www.david-coin.com\\\/product\\\/nederland-1-gulden-1943-wilhelmina-buiten-omloop-gesteld\\\/#breadcrumb\",\"itemListElement\":[{\"@type\":\"ListItem\",\"position\":1,\"name\":\"Home\",\"item\":\"https:\\\/\\\/www.david-coin.com\\\/\"},{\"@type\":\"ListItem\",\"position\":2,\"name\":\"Winkel\",\"item\":\"https:\\\/\\\/www.david-coin.com\\\/winkel\\\/\"},{\"@type\":\"ListItem\",\"position\":3,\"name\":\"Nederland 1 Gulden 1943 Wilhelmina Buiten omloop gesteld\"}]},{\"@type\":\"WebSite\",\"@id\":\"https:\\\/\\\/www.david-coin.com\\\/#website\",\"url\":\"https:\\\/\\\/www.david-coin.com\\\/\",\"name\":\"David Coin\",\"description\":\"\",\"publisher\":{\"@id\":\"https:\\\/\\\/www.david-coin.com\\\/#organization\"},\"potentialAction\":[{\"@type\":\"SearchAction\",\"target\":{\"@type\":\"EntryPoint\",\"urlTemplate\":\"https:\\\/\\\/www.david-coin.com\\\/?s={search_term_string}\"},\"query-input\":{\"@type\":\"PropertyValueSpecification\",\"valueRequired\":true,\"valueName\":\"search_term_string\"}}],\"inLanguage\":\"de\"},{\"@type\":\"Organization\",\"@id\":\"https:\\\/\\\/www.david-coin.com\\\/#organization\",\"name\":\"David Coin\",\"url\":\"https:\\\/\\\/www.david-coin.com\\\/\",\"logo\":{\"@type\":\"ImageObject\",\"inLanguage\":\"de\",\"@id\":\"https:\\\/\\\/www.david-coin.com\\\/#\\\/schema\\\/logo\\\/image\\\/\",\"url\":\"https:\\\/\\\/www.david-coin.com\\\/wp-content\\\/uploads\\\/2024\\\/04\\\/davidcoin-logo-final.png\",\"contentUrl\":\"https:\\\/\\\/www.david-coin.com\\\/wp-content\\\/uploads\\\/2024\\\/04\\\/davidcoin-logo-final.png\",\"width\":800,\"height\":267,\"caption\":\"David Coin\"},\"image\":{\"@id\":\"https:\\\/\\\/www.david-coin.com\\\/#\\\/schema\\\/logo\\\/image\\\/\"},\"sameAs\":[\"https:\\\/\\\/www.facebook.com\\\/Davidcoininkoopenverkoop\",\"https:\\\/\\\/www.youtube.com\\\/channel\\\/UC39lihLKFSPTff0w6tv0pWQ\"]}]}<\/script>\n<meta property=\"product:price:amount\" content=\"59.50\" \/>\n<meta property=\"product:price:currency\" content=\"EUR\" \/>\n<meta property=\"og:availability\" content=\"instock\" \/>\n<meta property=\"product:availability\" content=\"instock\" \/>\n<meta property=\"product:retailer_item_id\" content=\"2340\" \/>\n<meta property=\"product:condition\" content=\"new\" \/>\n<!-- \/ Yoast SEO Premium plugin. -->","yoast_head_json":{"title":"Niederlande 1 Gulden 1943 Wilhelmina aus dem Verkehr gezogen","description":"Nederlandse Bankbiljetten van 1 gulden t\/m 1000 gulden. Inclusief varianten, buiten omloop stempels, specimen, etc. Bekijk nu ons volledige aanbod.","robots":{"index":"index","follow":"follow","max-snippet":"max-snippet:-1","max-image-preview":"max-image-preview:large","max-video-preview":"max-video-preview:-1"},"canonical":"https:\/\/www.david-coin.com\/de\/produkt\/nederland-1-gulden-1943-wilhelmina-buiten-omloop-gesteld\/","og_locale":"de_DE","og_type":"article","og_title":"Nederland 1 Gulden 1943 Wilhelmina Buiten omloop gesteld","og_description":"Nederlandse Bankbiljetten van 1 gulden t\/m 1000 gulden. Inclusief varianten, buiten omloop stempels, specimen, etc. Bekijk nu ons volledige aanbod.","og_url":"https:\/\/www.david-coin.com\/de\/produkt\/nederland-1-gulden-1943-wilhelmina-buiten-omloop-gesteld\/","og_site_name":"David Coin","article_publisher":"https:\/\/www.facebook.com\/Davidcoininkoopenverkoop","article_modified_time":"2026-01-27T16:44:05+00:00","og_image":[{"width":800,"height":472,"url":"https:\/\/www.david-coin.com\/wp-content\/uploads\/2022\/01\/1g1943bovz.jpg","type":"image\/jpeg"}],"twitter_card":"summary_large_image","twitter_misc":{"Preis":"&euro;&nbsp;59,50","Verf\u00fcgbarkeit":"Auf Lager"},"schema":{"@context":"https:\/\/schema.org","@graph":[{"@type":"WebPage","@id":"https:\/\/www.david-coin.com\/product\/nederland-1-gulden-1943-wilhelmina-buiten-omloop-gesteld\/","url":"https:\/\/www.david-coin.com\/product\/nederland-1-gulden-1943-wilhelmina-buiten-omloop-gesteld\/","name":"Niederlande 1 Gulden 1943 Wilhelmina aus dem Verkehr gezogen","isPartOf":{"@id":"https:\/\/www.david-coin.com\/#website"},"primaryImageOfPage":{"@id":"https:\/\/www.david-coin.com\/product\/nederland-1-gulden-1943-wilhelmina-buiten-omloop-gesteld\/#primaryimage"},"image":{"@id":"https:\/\/www.david-coin.com\/product\/nederland-1-gulden-1943-wilhelmina-buiten-omloop-gesteld\/#primaryimage"},"thumbnailUrl":"https:\/\/www.david-coin.com\/wp-content\/uploads\/2022\/01\/1g1943bovz.jpg","datePublished":"2022-01-17T15:55:37+00:00","dateModified":"2026-01-27T16:44:05+00:00","description":"Nederlandse Bankbiljetten van 1 gulden t\/m 1000 gulden. Inclusief varianten, buiten omloop stempels, specimen, etc. Bekijk nu ons volledige aanbod.","breadcrumb":{"@id":"https:\/\/www.david-coin.com\/product\/nederland-1-gulden-1943-wilhelmina-buiten-omloop-gesteld\/#breadcrumb"},"inLanguage":"de","potentialAction":[{"@type":"ReadAction","target":["https:\/\/www.david-coin.com\/product\/nederland-1-gulden-1943-wilhelmina-buiten-omloop-gesteld\/"]}]},{"@type":"ImageObject","inLanguage":"de","@id":"https:\/\/www.david-coin.com\/product\/nederland-1-gulden-1943-wilhelmina-buiten-omloop-gesteld\/#primaryimage","url":"https:\/\/www.david-coin.com\/wp-content\/uploads\/2022\/01\/1g1943bovz.jpg","contentUrl":"https:\/\/www.david-coin.com\/wp-content\/uploads\/2022\/01\/1g1943bovz.jpg","width":800,"height":472},{"@type":"BreadcrumbList","@id":"https:\/\/www.david-coin.com\/product\/nederland-1-gulden-1943-wilhelmina-buiten-omloop-gesteld\/#breadcrumb","itemListElement":[{"@type":"ListItem","position":1,"name":"Home","item":"https:\/\/www.david-coin.com\/"},{"@type":"ListItem","position":2,"name":"Winkel","item":"https:\/\/www.david-coin.com\/winkel\/"},{"@type":"ListItem","position":3,"name":"Nederland 1 Gulden 1943 Wilhelmina Buiten omloop gesteld"}]},{"@type":"WebSite","@id":"https:\/\/www.david-coin.com\/#website","url":"https:\/\/www.david-coin.com\/","name":"David Coin","description":"","publisher":{"@id":"https:\/\/www.david-coin.com\/#organization"},"potentialAction":[{"@type":"SearchAction","target":{"@type":"EntryPoint","urlTemplate":"https:\/\/www.david-coin.com\/?s={search_term_string}"},"query-input":{"@type":"PropertyValueSpecification","valueRequired":true,"valueName":"search_term_string"}}],"inLanguage":"de"},{"@type":"Organization","@id":"https:\/\/www.david-coin.com\/#organization","name":"David Coin","url":"https:\/\/www.david-coin.com\/","logo":{"@type":"ImageObject","inLanguage":"de","@id":"https:\/\/www.david-coin.com\/#\/schema\/logo\/image\/","url":"https:\/\/www.david-coin.com\/wp-content\/uploads\/2024\/04\/davidcoin-logo-final.png","contentUrl":"https:\/\/www.david-coin.com\/wp-content\/uploads\/2024\/04\/davidcoin-logo-final.png","width":800,"height":267,"caption":"David Coin"},"image":{"@id":"https:\/\/www.david-coin.com\/#\/schema\/logo\/image\/"},"sameAs":["https:\/\/www.facebook.com\/Davidcoininkoopenverkoop","https:\/\/www.youtube.com\/channel\/UC39lihLKFSPTff0w6tv0pWQ"]}]},"product_price_amount":"59.50","product_price_currency":"EUR","og_availability":"instock","product_availability":"instock","product_retailer_item_id":"2340","product_condition":"new"},"_links":{"self":[{"href":"https:\/\/www.david-coin.com\/de\/wp-json\/wp\/v2\/product\/114077","targetHints":{"allow":["GET"]}}],"collection":[{"href":"https:\/\/www.david-coin.com\/de\/wp-json\/wp\/v2\/product"}],"about":[{"href":"https:\/\/www.david-coin.com\/de\/wp-json\/wp\/v2\/types\/product"}],"replies":[{"embeddable":true,"href":"https:\/\/www.david-coin.com\/de\/wp-json\/wp\/v2\/comments?post=114077"}],"wp:featuredmedia":[{"embeddable":true,"href":"https:\/\/www.david-coin.com\/de\/wp-json\/wp\/v2\/media\/114075"}],"wp:attachment":[{"href":"https:\/\/www.david-coin.com\/de\/wp-json\/wp\/v2\/media?parent=114077"}],"wp:term":[{"taxonomy":"product_brand","embeddable":true,"href":"https:\/\/www.david-coin.com\/de\/wp-json\/wp\/v2\/product_brand?post=114077"},{"taxonomy":"product_cat","embeddable":true,"href":"https:\/\/www.david-coin.com\/de\/wp-json\/wp\/v2\/product_cat?post=114077"},{"taxonomy":"product_tag","embeddable":true,"href":"https:\/\/www.david-coin.com\/de\/wp-json\/wp\/v2\/product_tag?post=114077"}],"curies":[{"name":"wp","href":"https:\/\/api.w.org\/{rel}","templated":true}]}}