{"id":113195,"date":"2021-10-07T12:41:49","date_gmt":"2021-10-07T12:41:49","guid":{"rendered":"https:\/\/www.david-coin.com\/product\/nederland-250-gulden-1985-vuurtoren-2\/"},"modified":"2026-01-27T17:39:28","modified_gmt":"2026-01-27T16:39:28","slug":"nederland-250-gulden-1985-vuurtoren-2","status":"publish","type":"product","link":"https:\/\/www.david-coin.com\/de\/produkt\/nederland-250-gulden-1985-vuurtoren-2\/","title":{"rendered":"Niederlande 250 Gulden 1985 Leuchtturm"},"content":{"rendered":"<p>Niederlande 250 Gulden 1985 Leuchtturm<br \/>\nDer erste und zugleich letzte 250-Gulden-Schein, der vor der Einf\u00fchrung des Euro gedruckt wurde.<br \/>\nNVMH:134-1<br \/>\nMollig:PL110<br \/>\nDie Note ist in einer ordentlichen Qualit\u00e4t namens \"Beautiful\".<\/p>\n<p><strong>Zweihundertf\u00fcnfzig Gulden 1985 Leuchtturm<\/strong><br \/>\nMitte der 1980er Jahre kam ein der niederl\u00e4ndischen Bev\u00f6lkerung unbekannter Wert in Umlauf, ein 250-Gulden-Schein. Dieser Schein sollte die L\u00fccke zwischen dem Hunderter und dem Tausender \u00fcberbr\u00fccken. Dies erleichterte den Umtausch bei gro\u00dfen Betr\u00e4gen. Der 250-Gulden-Schein zeigt auf der Vorderseite einen Leuchtturm, den Leuchtturm 'Westerlicht' in Haamstede, und auf der R\u00fcckseite eine Karte der Niederlande. Der Leuchtturm hat eine leuchtend violette Farbe und ist einzigartig in seiner Gestaltung, auch weil er, wie die F\u00fcnfzig mit der Sonnenblume, aufrecht steht. Der 250-Gulden-Brief geh\u00f6rt zu Oxenaars Serie \"huisje, boompje, beestje\", zu der neben dem Leuchtturm auch die:<br \/>\n&#8211; <a href=\"\/de\/\u201dhttps:\/\/www.david-coin.com\/produkt\/nederland-50-gulden-1982-zonnebloem\/\u201d\/\">F\u00fcnfzig Gulden 1982 Sonnenblume;<\/a><br \/>\n&#8211; <a href=\"\/de\/\u201dhttps:\/\/www.david-coin.com\/produkt\/nederland-100-gulden-1977-snip\/\u201d\/\"> Hundert Gulden 1977 Snip;<\/a><br \/>\nDer 250-Gulden-Schein war kein g\u00e4ngiger Wert und kam daher im Zahlungsverkehr nicht h\u00e4ufig vor. Er kam 1986 in Umlauf und wurde mit der Einf\u00fchrung des Euro im Jahr 2002 aus dem Verkehr gezogen.<\/p>\n<p>Siehe Scans f\u00fcr weitere Details. vb photo.<br \/>\nBei Fragen k\u00f6nnen Sie uns gerne eine Nachricht schicken.<\/p>","protected":false},"excerpt":{"rendered":"<p>NVMH:134-1<\/p>","protected":false},"featured_media":113193,"comment_status":"closed","ping_status":"closed","template":"","meta":[],"product_brand":[],"product_cat":[5498,5472],"product_tag":[],"class_list":{"0":"post-113195","1":"product","2":"type-product","3":"status-publish","4":"has-post-thumbnail","6":"product_cat-250-gulden-biljet","7":"product_cat-nederlandse-bankbiljetten","8":"pa_bankbiljetwaarde-250gulden","9":"pa_delcampeid-5372","10":"pa_kwaliteit-prachtig","11":"pa_land-nederland","13":"first","14":"outofstock","15":"taxable","16":"shipping-taxable","17":"purchasable","18":"product-type-simple"},"yoast_head":"<!-- This site is optimized with the Yoast SEO Premium plugin v27.5 (Yoast SEO v27.5) - https:\/\/yoast.com\/product\/yoast-seo-premium-wordpress\/ -->\n<title>Nederland 250 Gulden 1985 Vuurtoren<\/title>\n<meta name=\"description\" content=\"Koop uw Nederlandse bankbiljetten bij David-coin Bekijk ons complete aanbod.\" \/>\n<meta name=\"robots\" content=\"index, follow, max-snippet:-1, max-image-preview:large, max-video-preview:-1\" \/>\n<link rel=\"canonical\" href=\"https:\/\/www.david-coin.com\/de\/produkt\/nederland-250-gulden-1985-vuurtoren-2\/\" \/>\n<meta property=\"og:locale\" content=\"de_DE\" \/>\n<meta property=\"og:type\" content=\"article\" \/>\n<meta property=\"og:title\" content=\"Nederland 250 Gulden 1985 Vuurtoren\" \/>\n<meta property=\"og:description\" content=\"Koop uw Nederlandse bankbiljetten bij David-coin Bekijk ons complete aanbod.\" \/>\n<meta property=\"og:url\" content=\"https:\/\/www.david-coin.com\/de\/produkt\/nederland-250-gulden-1985-vuurtoren-2\/\" \/>\n<meta property=\"og:site_name\" content=\"David Coin\" \/>\n<meta property=\"article:publisher\" content=\"https:\/\/www.facebook.com\/Davidcoininkoopenverkoop\" \/>\n<meta property=\"article:modified_time\" content=\"2026-01-27T16:39:28+00:00\" \/>\n<meta property=\"og:image\" content=\"https:\/\/www.david-coin.com\/wp-content\/uploads\/2021\/10\/250guldenvuurtoren3.1.jpg\" \/>\n\t<meta property=\"og:image:width\" content=\"800\" \/>\n\t<meta property=\"og:image:height\" content=\"407\" \/>\n\t<meta property=\"og:image:type\" content=\"image\/jpeg\" \/>\n<meta name=\"twitter:card\" content=\"summary_large_image\" \/>\n<meta name=\"twitter:label1\" content=\"Preis\" \/>\n\t<meta name=\"twitter:data1\" content=\"&euro;&nbsp;175,00\" \/>\n\t<meta name=\"twitter:label2\" content=\"Verf\u00fcgbarkeit\" \/>\n\t<meta name=\"twitter:data2\" content=\"ausverkauft\" \/>\n<script type=\"application\/ld+json\" class=\"yoast-schema-graph\">{\"@context\":\"https:\\\/\\\/schema.org\",\"@graph\":[{\"@type\":\"WebPage\",\"@id\":\"https:\\\/\\\/www.david-coin.com\\\/product\\\/nederland-250-gulden-1985-vuurtoren-2\\\/\",\"url\":\"https:\\\/\\\/www.david-coin.com\\\/product\\\/nederland-250-gulden-1985-vuurtoren-2\\\/\",\"name\":\"Nederland 250 Gulden 1985 Vuurtoren\",\"isPartOf\":{\"@id\":\"https:\\\/\\\/www.david-coin.com\\\/#website\"},\"primaryImageOfPage\":{\"@id\":\"https:\\\/\\\/www.david-coin.com\\\/product\\\/nederland-250-gulden-1985-vuurtoren-2\\\/#primaryimage\"},\"image\":{\"@id\":\"https:\\\/\\\/www.david-coin.com\\\/product\\\/nederland-250-gulden-1985-vuurtoren-2\\\/#primaryimage\"},\"thumbnailUrl\":\"https:\\\/\\\/www.david-coin.com\\\/wp-content\\\/uploads\\\/2021\\\/10\\\/250guldenvuurtoren3.1.jpg\",\"datePublished\":\"2021-10-07T12:41:49+00:00\",\"dateModified\":\"2026-01-27T16:39:28+00:00\",\"description\":\"Koop uw Nederlandse bankbiljetten bij David-coin Bekijk ons complete aanbod.\",\"breadcrumb\":{\"@id\":\"https:\\\/\\\/www.david-coin.com\\\/product\\\/nederland-250-gulden-1985-vuurtoren-2\\\/#breadcrumb\"},\"inLanguage\":\"de\",\"potentialAction\":[{\"@type\":\"ReadAction\",\"target\":[\"https:\\\/\\\/www.david-coin.com\\\/product\\\/nederland-250-gulden-1985-vuurtoren-2\\\/\"]}]},{\"@type\":\"ImageObject\",\"inLanguage\":\"de\",\"@id\":\"https:\\\/\\\/www.david-coin.com\\\/product\\\/nederland-250-gulden-1985-vuurtoren-2\\\/#primaryimage\",\"url\":\"https:\\\/\\\/www.david-coin.com\\\/wp-content\\\/uploads\\\/2021\\\/10\\\/250guldenvuurtoren3.1.jpg\",\"contentUrl\":\"https:\\\/\\\/www.david-coin.com\\\/wp-content\\\/uploads\\\/2021\\\/10\\\/250guldenvuurtoren3.1.jpg\",\"width\":800,\"height\":407},{\"@type\":\"BreadcrumbList\",\"@id\":\"https:\\\/\\\/www.david-coin.com\\\/product\\\/nederland-250-gulden-1985-vuurtoren-2\\\/#breadcrumb\",\"itemListElement\":[{\"@type\":\"ListItem\",\"position\":1,\"name\":\"Home\",\"item\":\"https:\\\/\\\/www.david-coin.com\\\/\"},{\"@type\":\"ListItem\",\"position\":2,\"name\":\"Winkel\",\"item\":\"https:\\\/\\\/www.david-coin.com\\\/winkel\\\/\"},{\"@type\":\"ListItem\",\"position\":3,\"name\":\"Nederland 250 Gulden 1985 Vuurtoren\"}]},{\"@type\":\"WebSite\",\"@id\":\"https:\\\/\\\/www.david-coin.com\\\/#website\",\"url\":\"https:\\\/\\\/www.david-coin.com\\\/\",\"name\":\"David Coin\",\"description\":\"\",\"publisher\":{\"@id\":\"https:\\\/\\\/www.david-coin.com\\\/#organization\"},\"potentialAction\":[{\"@type\":\"SearchAction\",\"target\":{\"@type\":\"EntryPoint\",\"urlTemplate\":\"https:\\\/\\\/www.david-coin.com\\\/?s={search_term_string}\"},\"query-input\":{\"@type\":\"PropertyValueSpecification\",\"valueRequired\":true,\"valueName\":\"search_term_string\"}}],\"inLanguage\":\"de\"},{\"@type\":\"Organization\",\"@id\":\"https:\\\/\\\/www.david-coin.com\\\/#organization\",\"name\":\"David Coin\",\"url\":\"https:\\\/\\\/www.david-coin.com\\\/\",\"logo\":{\"@type\":\"ImageObject\",\"inLanguage\":\"de\",\"@id\":\"https:\\\/\\\/www.david-coin.com\\\/#\\\/schema\\\/logo\\\/image\\\/\",\"url\":\"https:\\\/\\\/www.david-coin.com\\\/wp-content\\\/uploads\\\/2024\\\/04\\\/davidcoin-logo-final.png\",\"contentUrl\":\"https:\\\/\\\/www.david-coin.com\\\/wp-content\\\/uploads\\\/2024\\\/04\\\/davidcoin-logo-final.png\",\"width\":800,\"height\":267,\"caption\":\"David Coin\"},\"image\":{\"@id\":\"https:\\\/\\\/www.david-coin.com\\\/#\\\/schema\\\/logo\\\/image\\\/\"},\"sameAs\":[\"https:\\\/\\\/www.facebook.com\\\/Davidcoininkoopenverkoop\",\"https:\\\/\\\/www.youtube.com\\\/channel\\\/UC39lihLKFSPTff0w6tv0pWQ\"]}]}<\/script>\n<meta property=\"product:price:amount\" content=\"175.00\" \/>\n<meta property=\"product:price:currency\" content=\"EUR\" \/>\n<meta property=\"og:availability\" content=\"out of stock\" \/>\n<meta property=\"product:availability\" content=\"out of stock\" \/>\n<meta property=\"product:retailer_item_id\" content=\"2299\" \/>\n<meta property=\"product:condition\" content=\"new\" \/>\n<!-- \/ Yoast SEO Premium plugin. -->","yoast_head_json":{"title":"Niederlande 250 Gulden 1985 Leuchtturm","description":"Koop uw Nederlandse bankbiljetten bij David-coin Bekijk ons complete aanbod.","robots":{"index":"index","follow":"follow","max-snippet":"max-snippet:-1","max-image-preview":"max-image-preview:large","max-video-preview":"max-video-preview:-1"},"canonical":"https:\/\/www.david-coin.com\/de\/produkt\/nederland-250-gulden-1985-vuurtoren-2\/","og_locale":"de_DE","og_type":"article","og_title":"Nederland 250 Gulden 1985 Vuurtoren","og_description":"Koop uw Nederlandse bankbiljetten bij David-coin Bekijk ons complete aanbod.","og_url":"https:\/\/www.david-coin.com\/de\/produkt\/nederland-250-gulden-1985-vuurtoren-2\/","og_site_name":"David Coin","article_publisher":"https:\/\/www.facebook.com\/Davidcoininkoopenverkoop","article_modified_time":"2026-01-27T16:39:28+00:00","og_image":[{"width":800,"height":407,"url":"https:\/\/www.david-coin.com\/wp-content\/uploads\/2021\/10\/250guldenvuurtoren3.1.jpg","type":"image\/jpeg"}],"twitter_card":"summary_large_image","twitter_misc":{"Preis":"&euro;&nbsp;175,00","Verf\u00fcgbarkeit":"ausverkauft"},"schema":{"@context":"https:\/\/schema.org","@graph":[{"@type":"WebPage","@id":"https:\/\/www.david-coin.com\/product\/nederland-250-gulden-1985-vuurtoren-2\/","url":"https:\/\/www.david-coin.com\/product\/nederland-250-gulden-1985-vuurtoren-2\/","name":"Niederlande 250 Gulden 1985 Leuchtturm","isPartOf":{"@id":"https:\/\/www.david-coin.com\/#website"},"primaryImageOfPage":{"@id":"https:\/\/www.david-coin.com\/product\/nederland-250-gulden-1985-vuurtoren-2\/#primaryimage"},"image":{"@id":"https:\/\/www.david-coin.com\/product\/nederland-250-gulden-1985-vuurtoren-2\/#primaryimage"},"thumbnailUrl":"https:\/\/www.david-coin.com\/wp-content\/uploads\/2021\/10\/250guldenvuurtoren3.1.jpg","datePublished":"2021-10-07T12:41:49+00:00","dateModified":"2026-01-27T16:39:28+00:00","description":"Koop uw Nederlandse bankbiljetten bij David-coin Bekijk ons complete aanbod.","breadcrumb":{"@id":"https:\/\/www.david-coin.com\/product\/nederland-250-gulden-1985-vuurtoren-2\/#breadcrumb"},"inLanguage":"de","potentialAction":[{"@type":"ReadAction","target":["https:\/\/www.david-coin.com\/product\/nederland-250-gulden-1985-vuurtoren-2\/"]}]},{"@type":"ImageObject","inLanguage":"de","@id":"https:\/\/www.david-coin.com\/product\/nederland-250-gulden-1985-vuurtoren-2\/#primaryimage","url":"https:\/\/www.david-coin.com\/wp-content\/uploads\/2021\/10\/250guldenvuurtoren3.1.jpg","contentUrl":"https:\/\/www.david-coin.com\/wp-content\/uploads\/2021\/10\/250guldenvuurtoren3.1.jpg","width":800,"height":407},{"@type":"BreadcrumbList","@id":"https:\/\/www.david-coin.com\/product\/nederland-250-gulden-1985-vuurtoren-2\/#breadcrumb","itemListElement":[{"@type":"ListItem","position":1,"name":"Home","item":"https:\/\/www.david-coin.com\/"},{"@type":"ListItem","position":2,"name":"Winkel","item":"https:\/\/www.david-coin.com\/winkel\/"},{"@type":"ListItem","position":3,"name":"Nederland 250 Gulden 1985 Vuurtoren"}]},{"@type":"WebSite","@id":"https:\/\/www.david-coin.com\/#website","url":"https:\/\/www.david-coin.com\/","name":"David Coin","description":"","publisher":{"@id":"https:\/\/www.david-coin.com\/#organization"},"potentialAction":[{"@type":"SearchAction","target":{"@type":"EntryPoint","urlTemplate":"https:\/\/www.david-coin.com\/?s={search_term_string}"},"query-input":{"@type":"PropertyValueSpecification","valueRequired":true,"valueName":"search_term_string"}}],"inLanguage":"de"},{"@type":"Organization","@id":"https:\/\/www.david-coin.com\/#organization","name":"David Coin","url":"https:\/\/www.david-coin.com\/","logo":{"@type":"ImageObject","inLanguage":"de","@id":"https:\/\/www.david-coin.com\/#\/schema\/logo\/image\/","url":"https:\/\/www.david-coin.com\/wp-content\/uploads\/2024\/04\/davidcoin-logo-final.png","contentUrl":"https:\/\/www.david-coin.com\/wp-content\/uploads\/2024\/04\/davidcoin-logo-final.png","width":800,"height":267,"caption":"David Coin"},"image":{"@id":"https:\/\/www.david-coin.com\/#\/schema\/logo\/image\/"},"sameAs":["https:\/\/www.facebook.com\/Davidcoininkoopenverkoop","https:\/\/www.youtube.com\/channel\/UC39lihLKFSPTff0w6tv0pWQ"]}]},"product_price_amount":"175.00","product_price_currency":"EUR","og_availability":"out of stock","product_availability":"out of stock","product_retailer_item_id":"2299","product_condition":"new"},"_links":{"self":[{"href":"https:\/\/www.david-coin.com\/de\/wp-json\/wp\/v2\/product\/113195","targetHints":{"allow":["GET"]}}],"collection":[{"href":"https:\/\/www.david-coin.com\/de\/wp-json\/wp\/v2\/product"}],"about":[{"href":"https:\/\/www.david-coin.com\/de\/wp-json\/wp\/v2\/types\/product"}],"replies":[{"embeddable":true,"href":"https:\/\/www.david-coin.com\/de\/wp-json\/wp\/v2\/comments?post=113195"}],"wp:featuredmedia":[{"embeddable":true,"href":"https:\/\/www.david-coin.com\/de\/wp-json\/wp\/v2\/media\/113193"}],"wp:attachment":[{"href":"https:\/\/www.david-coin.com\/de\/wp-json\/wp\/v2\/media?parent=113195"}],"wp:term":[{"taxonomy":"product_brand","embeddable":true,"href":"https:\/\/www.david-coin.com\/de\/wp-json\/wp\/v2\/product_brand?post=113195"},{"taxonomy":"product_cat","embeddable":true,"href":"https:\/\/www.david-coin.com\/de\/wp-json\/wp\/v2\/product_cat?post=113195"},{"taxonomy":"product_tag","embeddable":true,"href":"https:\/\/www.david-coin.com\/de\/wp-json\/wp\/v2\/product_tag?post=113195"}],"curies":[{"name":"wp","href":"https:\/\/api.w.org\/{rel}","templated":true}]}}