{"id":113157,"date":"2021-10-04T14:04:57","date_gmt":"2021-10-04T14:04:57","guid":{"rendered":"https:\/\/www.david-coin.com\/product\/50\/"},"modified":"2026-01-27T17:36:42","modified_gmt":"2026-01-27T16:36:42","slug":"50","status":"publish","type":"product","link":"https:\/\/www.david-coin.com\/de\/produkt\/50\/","title":{"rendered":"Niederlande 50 Gulden 1929 Minerva-Ersatz"},"content":{"rendered":"<p><span style=\"font-size: 12pt;\"><strong>Niederlande 50 Gulden 1929 Minerva-Ersatz<\/strong><\/span><br \/><span style=\"font-size: 10pt;\"> NVMH:\u00a096-1b<\/span><br \/><span style=\"font-size: 10pt;\"> Plomp: PL79b.R<\/span><\/p>\n<p>Im Jahr 1929 wurde die Note von <a href=\"https:\/\/www.david-coin.com\/de\/produkt-kategorie\/nederlandse-bankbiljetten\/50-gulden-biljet\/\">f\u00fcnfzig Gulden<\/a> mit Minerva in Umlauf. Die Minerva-Note wurde von Jacques Jongert entworfen und ist im Vergleich zu fr\u00fcheren Banknoten in einem v\u00f6llig neuen Stil gehalten. Die Banknote tr\u00e4gt auf der Vorderseite die Unterschriften von DNB-Pr\u00e4sident Vissering und DNB-Sekret\u00e4r Delprat. Die Banknote wurde zwischen 1929 und 1931 gedruckt. Sie geh\u00f6rt somit zu der Serie von Banknoten aus den 1920er Jahren, zu der neben der F\u00fcnfzig-Gulden-Minerva auch die Minerva geh\u00f6rt:<br \/>\n&#8211;\t<a href=\"https:\/\/www.david-coin.com\/de\/produkt\/nederland-10-gulden-1929-zeeuws-meisje-3\/\">10 Gulden Zeeland M\u00e4dchen<\/a><br \/>\n&#8211;\t<a href=\"https:\/\/www.david-coin.com\/de\/produkt\/nederland-20-gulden-1926-stuurman-1-2601\/\">20 Gulden Kumpel<\/a><br \/>\n&#8211;\t<a href=\"https:\/\/www.david-coin.com\/de\/produkt\/nederland-25-gulden-1930-willem-van-oranje\/\">25 Gulden Wilhelm von Oranien (orangefarbener Typ);<\/a><br \/>\n&#8211;\t<a href=\"https:\/\/www.david-coin.com\/de\/produkt\/nederland-25-gulden-1927-willem-van-oranje\/\">25 Gulden Wilhelm von Oranien (blaue Schrift);<\/a><br \/>\n&#8211;\t<a href=\"https:\/\/www.david-coin.com\/de\/produkt\/nederland-1000-gulden-1926-grietje-seel\/\">1000 Gulden Grietje Seel<\/a><br \/>\nDer F\u00fcnfzig-Gulden-Minerva-Schein wurde schlie\u00dflich bei der Gelds\u00e4uberung 1945 aus dem Verkehr gezogen. <\/p>\n<p><span style=\"font-size: 10pt;\">Siehe Scans f\u00fcr weitere Einzelheiten. <\/span><br \/><span style=\"font-size: 10pt;\"> Bei Fragen k\u00f6nnen Sie uns gerne eine Nachricht schicken.<\/span><\/p>","protected":false},"excerpt":{"rendered":"<p>NVMH:96-1b<\/p>","protected":false},"featured_media":113155,"comment_status":"closed","ping_status":"closed","template":"","meta":[],"product_brand":[],"product_cat":[5495,5472],"product_tag":[],"class_list":{"0":"post-113157","1":"product","2":"type-product","3":"status-publish","4":"has-post-thumbnail","6":"product_cat-50-gulden-biljet","7":"product_cat-nederlandse-bankbiljetten","8":"pa_bankbiljetwaarde-50gulden","9":"pa_delcampeid-5374","10":"pa_kwaliteit-fraai","11":"pa_land-nederland","12":"pa_soort-replacement","14":"first","15":"outofstock","16":"taxable","17":"shipping-taxable","18":"purchasable","19":"product-type-simple"},"yoast_head":"<!-- This site is optimized with the Yoast SEO Premium plugin v27.5 (Yoast SEO v27.5) - https:\/\/yoast.com\/product\/yoast-seo-premium-wordpress\/ -->\n<title>Nederland 50 Gulden 1929 Minerva Replacement<\/title>\n<meta name=\"description\" content=\"Nederlandse Bankbiljetten met vele varianten beschikbaar bij David-coin Bekijk ons complete aanbod.\" \/>\n<meta name=\"robots\" content=\"index, follow, max-snippet:-1, max-image-preview:large, max-video-preview:-1\" \/>\n<link rel=\"canonical\" href=\"https:\/\/www.david-coin.com\/de\/produkt\/50\/\" \/>\n<meta property=\"og:locale\" content=\"de_DE\" \/>\n<meta property=\"og:type\" content=\"article\" \/>\n<meta property=\"og:title\" content=\"Nederland 50 Gulden 1929 Minerva Replacement\" \/>\n<meta property=\"og:description\" content=\"Nederlandse Bankbiljetten met vele varianten beschikbaar bij David-coin Bekijk ons complete aanbod.\" \/>\n<meta property=\"og:url\" content=\"https:\/\/www.david-coin.com\/de\/produkt\/50\/\" \/>\n<meta property=\"og:site_name\" content=\"David Coin\" \/>\n<meta property=\"article:publisher\" content=\"https:\/\/www.facebook.com\/Davidcoininkoopenverkoop\" \/>\n<meta property=\"article:modified_time\" content=\"2026-01-27T16:36:42+00:00\" \/>\n<meta property=\"og:image\" content=\"https:\/\/www.david-coin.com\/wp-content\/uploads\/2021\/10\/50guldenminervareplacement.jpg\" \/>\n\t<meta property=\"og:image:width\" content=\"800\" \/>\n\t<meta property=\"og:image:height\" content=\"588\" \/>\n\t<meta property=\"og:image:type\" content=\"image\/jpeg\" \/>\n<meta name=\"twitter:card\" content=\"summary_large_image\" \/>\n<meta name=\"twitter:label1\" content=\"Preis\" \/>\n\t<meta name=\"twitter:data1\" content=\"&euro;&nbsp;195,00\" \/>\n\t<meta name=\"twitter:label2\" content=\"Verf\u00fcgbarkeit\" \/>\n\t<meta name=\"twitter:data2\" content=\"ausverkauft\" \/>\n<script type=\"application\/ld+json\" class=\"yoast-schema-graph\">{\"@context\":\"https:\\\/\\\/schema.org\",\"@graph\":[{\"@type\":\"WebPage\",\"@id\":\"https:\\\/\\\/www.david-coin.com\\\/product\\\/50\\\/\",\"url\":\"https:\\\/\\\/www.david-coin.com\\\/product\\\/50\\\/\",\"name\":\"Nederland 50 Gulden 1929 Minerva Replacement\",\"isPartOf\":{\"@id\":\"https:\\\/\\\/www.david-coin.com\\\/#website\"},\"primaryImageOfPage\":{\"@id\":\"https:\\\/\\\/www.david-coin.com\\\/product\\\/50\\\/#primaryimage\"},\"image\":{\"@id\":\"https:\\\/\\\/www.david-coin.com\\\/product\\\/50\\\/#primaryimage\"},\"thumbnailUrl\":\"https:\\\/\\\/www.david-coin.com\\\/wp-content\\\/uploads\\\/2021\\\/10\\\/50guldenminervareplacement.jpg\",\"datePublished\":\"2021-10-04T14:04:57+00:00\",\"dateModified\":\"2026-01-27T16:36:42+00:00\",\"description\":\"Nederlandse Bankbiljetten met vele varianten beschikbaar bij David-coin Bekijk ons complete aanbod.\",\"breadcrumb\":{\"@id\":\"https:\\\/\\\/www.david-coin.com\\\/product\\\/50\\\/#breadcrumb\"},\"inLanguage\":\"de\",\"potentialAction\":[{\"@type\":\"ReadAction\",\"target\":[\"https:\\\/\\\/www.david-coin.com\\\/product\\\/50\\\/\"]}]},{\"@type\":\"ImageObject\",\"inLanguage\":\"de\",\"@id\":\"https:\\\/\\\/www.david-coin.com\\\/product\\\/50\\\/#primaryimage\",\"url\":\"https:\\\/\\\/www.david-coin.com\\\/wp-content\\\/uploads\\\/2021\\\/10\\\/50guldenminervareplacement.jpg\",\"contentUrl\":\"https:\\\/\\\/www.david-coin.com\\\/wp-content\\\/uploads\\\/2021\\\/10\\\/50guldenminervareplacement.jpg\",\"width\":800,\"height\":588},{\"@type\":\"BreadcrumbList\",\"@id\":\"https:\\\/\\\/www.david-coin.com\\\/product\\\/50\\\/#breadcrumb\",\"itemListElement\":[{\"@type\":\"ListItem\",\"position\":1,\"name\":\"Home\",\"item\":\"https:\\\/\\\/www.david-coin.com\\\/\"},{\"@type\":\"ListItem\",\"position\":2,\"name\":\"Winkel\",\"item\":\"https:\\\/\\\/www.david-coin.com\\\/winkel\\\/\"},{\"@type\":\"ListItem\",\"position\":3,\"name\":\"Nederland 50 Gulden 1929 Minerva Replacement\"}]},{\"@type\":\"WebSite\",\"@id\":\"https:\\\/\\\/www.david-coin.com\\\/#website\",\"url\":\"https:\\\/\\\/www.david-coin.com\\\/\",\"name\":\"David Coin\",\"description\":\"\",\"publisher\":{\"@id\":\"https:\\\/\\\/www.david-coin.com\\\/#organization\"},\"potentialAction\":[{\"@type\":\"SearchAction\",\"target\":{\"@type\":\"EntryPoint\",\"urlTemplate\":\"https:\\\/\\\/www.david-coin.com\\\/?s={search_term_string}\"},\"query-input\":{\"@type\":\"PropertyValueSpecification\",\"valueRequired\":true,\"valueName\":\"search_term_string\"}}],\"inLanguage\":\"de\"},{\"@type\":\"Organization\",\"@id\":\"https:\\\/\\\/www.david-coin.com\\\/#organization\",\"name\":\"David Coin\",\"url\":\"https:\\\/\\\/www.david-coin.com\\\/\",\"logo\":{\"@type\":\"ImageObject\",\"inLanguage\":\"de\",\"@id\":\"https:\\\/\\\/www.david-coin.com\\\/#\\\/schema\\\/logo\\\/image\\\/\",\"url\":\"https:\\\/\\\/www.david-coin.com\\\/wp-content\\\/uploads\\\/2024\\\/04\\\/davidcoin-logo-final.png\",\"contentUrl\":\"https:\\\/\\\/www.david-coin.com\\\/wp-content\\\/uploads\\\/2024\\\/04\\\/davidcoin-logo-final.png\",\"width\":800,\"height\":267,\"caption\":\"David Coin\"},\"image\":{\"@id\":\"https:\\\/\\\/www.david-coin.com\\\/#\\\/schema\\\/logo\\\/image\\\/\"},\"sameAs\":[\"https:\\\/\\\/www.facebook.com\\\/Davidcoininkoopenverkoop\",\"https:\\\/\\\/www.youtube.com\\\/channel\\\/UC39lihLKFSPTff0w6tv0pWQ\"]}]}<\/script>\n<meta property=\"product:price:amount\" content=\"195.00\" \/>\n<meta property=\"product:price:currency\" content=\"EUR\" \/>\n<meta property=\"og:availability\" content=\"out of stock\" \/>\n<meta property=\"product:availability\" content=\"out of stock\" \/>\n<meta property=\"product:retailer_item_id\" content=\"2285\" \/>\n<meta property=\"product:condition\" content=\"new\" \/>\n<!-- \/ Yoast SEO Premium plugin. -->","yoast_head_json":{"title":"Niederlande 50 Gulden 1929 Minerva-Ersatz","description":"Nederlandse Bankbiljetten met vele varianten beschikbaar bij David-coin Bekijk ons complete aanbod.","robots":{"index":"index","follow":"follow","max-snippet":"max-snippet:-1","max-image-preview":"max-image-preview:large","max-video-preview":"max-video-preview:-1"},"canonical":"https:\/\/www.david-coin.com\/de\/produkt\/50\/","og_locale":"de_DE","og_type":"article","og_title":"Nederland 50 Gulden 1929 Minerva Replacement","og_description":"Nederlandse Bankbiljetten met vele varianten beschikbaar bij David-coin Bekijk ons complete aanbod.","og_url":"https:\/\/www.david-coin.com\/de\/produkt\/50\/","og_site_name":"David Coin","article_publisher":"https:\/\/www.facebook.com\/Davidcoininkoopenverkoop","article_modified_time":"2026-01-27T16:36:42+00:00","og_image":[{"width":800,"height":588,"url":"https:\/\/www.david-coin.com\/wp-content\/uploads\/2021\/10\/50guldenminervareplacement.jpg","type":"image\/jpeg"}],"twitter_card":"summary_large_image","twitter_misc":{"Preis":"&euro;&nbsp;195,00","Verf\u00fcgbarkeit":"ausverkauft"},"schema":{"@context":"https:\/\/schema.org","@graph":[{"@type":"WebPage","@id":"https:\/\/www.david-coin.com\/product\/50\/","url":"https:\/\/www.david-coin.com\/product\/50\/","name":"Niederlande 50 Gulden 1929 Minerva-Ersatz","isPartOf":{"@id":"https:\/\/www.david-coin.com\/#website"},"primaryImageOfPage":{"@id":"https:\/\/www.david-coin.com\/product\/50\/#primaryimage"},"image":{"@id":"https:\/\/www.david-coin.com\/product\/50\/#primaryimage"},"thumbnailUrl":"https:\/\/www.david-coin.com\/wp-content\/uploads\/2021\/10\/50guldenminervareplacement.jpg","datePublished":"2021-10-04T14:04:57+00:00","dateModified":"2026-01-27T16:36:42+00:00","description":"Nederlandse Bankbiljetten met vele varianten beschikbaar bij David-coin Bekijk ons complete aanbod.","breadcrumb":{"@id":"https:\/\/www.david-coin.com\/product\/50\/#breadcrumb"},"inLanguage":"de","potentialAction":[{"@type":"ReadAction","target":["https:\/\/www.david-coin.com\/product\/50\/"]}]},{"@type":"ImageObject","inLanguage":"de","@id":"https:\/\/www.david-coin.com\/product\/50\/#primaryimage","url":"https:\/\/www.david-coin.com\/wp-content\/uploads\/2021\/10\/50guldenminervareplacement.jpg","contentUrl":"https:\/\/www.david-coin.com\/wp-content\/uploads\/2021\/10\/50guldenminervareplacement.jpg","width":800,"height":588},{"@type":"BreadcrumbList","@id":"https:\/\/www.david-coin.com\/product\/50\/#breadcrumb","itemListElement":[{"@type":"ListItem","position":1,"name":"Home","item":"https:\/\/www.david-coin.com\/"},{"@type":"ListItem","position":2,"name":"Winkel","item":"https:\/\/www.david-coin.com\/winkel\/"},{"@type":"ListItem","position":3,"name":"Nederland 50 Gulden 1929 Minerva Replacement"}]},{"@type":"WebSite","@id":"https:\/\/www.david-coin.com\/#website","url":"https:\/\/www.david-coin.com\/","name":"David Coin","description":"","publisher":{"@id":"https:\/\/www.david-coin.com\/#organization"},"potentialAction":[{"@type":"SearchAction","target":{"@type":"EntryPoint","urlTemplate":"https:\/\/www.david-coin.com\/?s={search_term_string}"},"query-input":{"@type":"PropertyValueSpecification","valueRequired":true,"valueName":"search_term_string"}}],"inLanguage":"de"},{"@type":"Organization","@id":"https:\/\/www.david-coin.com\/#organization","name":"David Coin","url":"https:\/\/www.david-coin.com\/","logo":{"@type":"ImageObject","inLanguage":"de","@id":"https:\/\/www.david-coin.com\/#\/schema\/logo\/image\/","url":"https:\/\/www.david-coin.com\/wp-content\/uploads\/2024\/04\/davidcoin-logo-final.png","contentUrl":"https:\/\/www.david-coin.com\/wp-content\/uploads\/2024\/04\/davidcoin-logo-final.png","width":800,"height":267,"caption":"David Coin"},"image":{"@id":"https:\/\/www.david-coin.com\/#\/schema\/logo\/image\/"},"sameAs":["https:\/\/www.facebook.com\/Davidcoininkoopenverkoop","https:\/\/www.youtube.com\/channel\/UC39lihLKFSPTff0w6tv0pWQ"]}]},"product_price_amount":"195.00","product_price_currency":"EUR","og_availability":"out of stock","product_availability":"out of stock","product_retailer_item_id":"2285","product_condition":"new"},"_links":{"self":[{"href":"https:\/\/www.david-coin.com\/de\/wp-json\/wp\/v2\/product\/113157","targetHints":{"allow":["GET"]}}],"collection":[{"href":"https:\/\/www.david-coin.com\/de\/wp-json\/wp\/v2\/product"}],"about":[{"href":"https:\/\/www.david-coin.com\/de\/wp-json\/wp\/v2\/types\/product"}],"replies":[{"embeddable":true,"href":"https:\/\/www.david-coin.com\/de\/wp-json\/wp\/v2\/comments?post=113157"}],"wp:featuredmedia":[{"embeddable":true,"href":"https:\/\/www.david-coin.com\/de\/wp-json\/wp\/v2\/media\/113155"}],"wp:attachment":[{"href":"https:\/\/www.david-coin.com\/de\/wp-json\/wp\/v2\/media?parent=113157"}],"wp:term":[{"taxonomy":"product_brand","embeddable":true,"href":"https:\/\/www.david-coin.com\/de\/wp-json\/wp\/v2\/product_brand?post=113157"},{"taxonomy":"product_cat","embeddable":true,"href":"https:\/\/www.david-coin.com\/de\/wp-json\/wp\/v2\/product_cat?post=113157"},{"taxonomy":"product_tag","embeddable":true,"href":"https:\/\/www.david-coin.com\/de\/wp-json\/wp\/v2\/product_tag?post=113157"}],"curies":[{"name":"wp","href":"https:\/\/api.w.org\/{rel}","templated":true}]}}