{"id":113121,"date":"2021-09-27T11:51:15","date_gmt":"2021-09-27T11:51:15","guid":{"rendered":"https:\/\/www.david-coin.com\/product\/nederland-10-gulden-1953-hugo-de-groot-met-verticaal-merk\/"},"modified":"2026-01-27T17:41:10","modified_gmt":"2026-01-27T16:41:10","slug":"nederland-10-gulden-1953-hugo-de-groot-met-verticaal-merk","status":"publish","type":"product","link":"https:\/\/www.david-coin.com\/de\/produkt\/nederland-10-gulden-1953-hugo-de-groot-met-verticaal-merk\/","title":{"rendered":"Niederlande 10 Gulden 1953 Hugo de Groot mit senkrechter Marke"},"content":{"rendered":"<p><span style=\"font-size: 12pt;\"><strong>Niederlande 10 Gulden 1953 Hugo de Groot mit senkrechter Marke<\/strong><\/span><br \/><span style=\"font-size: 12pt;\">NVMH:48-1aa<\/span><br \/><span style=\"font-size: 12pt;\">Plomp:PL45-b1<\/span><br \/><span style=\"font-size: 12pt;\">Enth\u00e4lt das Wasserzeichen mit einer vertikalen Sequenznummer 10.\u00a0<\/span><\/p>\n<p>Der Zehn-Gulden-Schein mit dem Motiv von Hugo de Groot geh\u00f6rt zur ersten Serie von Eppo Doeve, die Anfang der 1950er Jahre in Umlauf gebracht wurde. Die Vorderseite zeigt ein Bild von Hugo de Groot (einem bekannten niederl\u00e4ndischen Philosophen) und die R\u00fcckseite zeigt eine Waage, einen Globus und zwei Schiffe, die den \u00dcberseehandel der Niederlande symbolisieren. Im Wasserzeichen ist ein Taubenschlag zu sehen. Es gibt zwei Varianten dieser Banknote, beide mit den Unterschriften von DNB-Pr\u00e4sident Holtrop und DNB-Sekret\u00e4r de Jong:<br \/>\n&#8211;\t<a href=\"https:\/\/www.david-coin.com\/de\/produkt\/nederland-10-gulden-1953-hugo-de-groot-met-verticaal-merk\/\">10 Gulden 1953 vertikales Wasserzeichen<\/a>;<br \/>\n- 10 Gulden 1953 ohne vertikales Wasserzeichen.<br \/>\nNeben dem Zehn-Gulden-Schein geh\u00f6rten auch die folgenden Scheine zur Serie von Eppo Doeve.<br \/>\n&#8211;\t<a href=\"https:\/\/www.david-coin.com\/de\/produkt\/nederland-20-gulden-1955-boerhaave-2-3652\/\">20 Gulden Boerhave<\/a><br \/>\n&#8211;\t<a href=\"https:\/\/www.david-coin.com\/de\/produkt\/nederland-25-gulden-1955-huygens\/\">25 Gulden Huygens<\/a><br \/>\n&#8211;\t<a href=\"https:\/\/www.david-coin.com\/de\/produkt\/nederland-100-gulden-1953-erasmus\/\">100 Gulden Erasmus<\/a><br \/>\n&#8211;\t<a href=\"https:\/\/www.david-coin.com\/de\/produkt\/nederland-1-000-gulden-1946-rembrandt-2\/\">1000 Gulden Rembrandt<\/a>;<br \/>\nDer Zehn-Gulden-Schein mit dem Bild von Hugo de Groot wurde 1978 aus dem Verkehr gezogen. <\/p>\n<p><span style=\"font-size: 12pt;\">Siehe Scans f\u00fcr weitere Einzelheiten.<br \/>Vb-Foto. Sie werden eine \u00e4hnliche Kopie erhalten.\u00a0<\/span><br \/><span style=\"font-size: 12pt;\">Bei Fragen k\u00f6nnen Sie uns gerne eine Nachricht schicken.<\/span><\/p>","protected":false},"excerpt":{"rendered":"<p>48-1aa<\/p>","protected":false},"featured_media":113119,"comment_status":"closed","ping_status":"closed","template":"","meta":[],"product_brand":[],"product_cat":[5491,5472],"product_tag":[],"class_list":{"0":"post-113121","1":"product","2":"type-product","3":"status-publish","4":"has-post-thumbnail","6":"product_cat-10-gulden-biljet","7":"product_cat-nederlandse-bankbiljetten","8":"pa_bankbiljetwaarde-10gulden","9":"pa_delcampeid-5270","10":"pa_kwaliteit-fraai-plus","11":"pa_land-nederland","13":"first","14":"instock","15":"taxable","16":"shipping-taxable","17":"purchasable","18":"product-type-simple"},"yoast_head":"<!-- This site is optimized with the Yoast SEO Premium plugin v27.2 (Yoast SEO v27.4) - https:\/\/yoast.com\/product\/yoast-seo-premium-wordpress\/ -->\n<title>Nederland 10 gulden 1953 Hugo de Groot met verticaal merk<\/title>\n<meta name=\"description\" content=\"Nederlandse Bankbiljetten verkrijgbaar bij David-coin. Bekijk ons complete aanbod.\" \/>\n<meta name=\"robots\" content=\"index, follow, max-snippet:-1, max-image-preview:large, max-video-preview:-1\" \/>\n<link rel=\"canonical\" href=\"https:\/\/www.david-coin.com\/de\/produkt\/nederland-10-gulden-1953-hugo-de-groot-met-verticaal-merk\/\" \/>\n<meta property=\"og:locale\" content=\"de_DE\" \/>\n<meta property=\"og:type\" content=\"article\" \/>\n<meta property=\"og:title\" content=\"Nederland 10 gulden 1953 Hugo de Groot met verticaal merk\" \/>\n<meta property=\"og:description\" content=\"Nederlandse Bankbiljetten verkrijgbaar bij David-coin. Bekijk ons complete aanbod.\" \/>\n<meta property=\"og:url\" content=\"https:\/\/www.david-coin.com\/de\/produkt\/nederland-10-gulden-1953-hugo-de-groot-met-verticaal-merk\/\" \/>\n<meta property=\"og:site_name\" content=\"David Coin\" \/>\n<meta property=\"article:publisher\" content=\"https:\/\/www.facebook.com\/Davidcoininkoopenverkoop\" \/>\n<meta property=\"article:modified_time\" content=\"2026-01-27T16:41:10+00:00\" \/>\n<meta property=\"og:image\" content=\"https:\/\/www.david-coin.com\/wp-content\/uploads\/2021\/09\/HUGO-ZF.jpg\" \/>\n\t<meta property=\"og:image:width\" content=\"800\" \/>\n\t<meta property=\"og:image:height\" content=\"456\" \/>\n\t<meta property=\"og:image:type\" content=\"image\/jpeg\" \/>\n<meta name=\"twitter:card\" content=\"summary_large_image\" \/>\n<meta name=\"twitter:label1\" content=\"Preis\" \/>\n\t<meta name=\"twitter:data1\" content=\"&euro;&nbsp;19,95\" \/>\n\t<meta name=\"twitter:label2\" content=\"Verf\u00fcgbarkeit\" \/>\n\t<meta name=\"twitter:data2\" content=\"Auf Lager\" \/>\n<script type=\"application\/ld+json\" class=\"yoast-schema-graph\">{\"@context\":\"https:\\\/\\\/schema.org\",\"@graph\":[{\"@type\":\"WebPage\",\"@id\":\"https:\\\/\\\/www.david-coin.com\\\/product\\\/nederland-10-gulden-1953-hugo-de-groot-met-verticaal-merk\\\/\",\"url\":\"https:\\\/\\\/www.david-coin.com\\\/product\\\/nederland-10-gulden-1953-hugo-de-groot-met-verticaal-merk\\\/\",\"name\":\"Nederland 10 gulden 1953 Hugo de Groot met verticaal merk\",\"isPartOf\":{\"@id\":\"https:\\\/\\\/www.david-coin.com\\\/#website\"},\"primaryImageOfPage\":{\"@id\":\"https:\\\/\\\/www.david-coin.com\\\/product\\\/nederland-10-gulden-1953-hugo-de-groot-met-verticaal-merk\\\/#primaryimage\"},\"image\":{\"@id\":\"https:\\\/\\\/www.david-coin.com\\\/product\\\/nederland-10-gulden-1953-hugo-de-groot-met-verticaal-merk\\\/#primaryimage\"},\"thumbnailUrl\":\"https:\\\/\\\/www.david-coin.com\\\/wp-content\\\/uploads\\\/2021\\\/09\\\/HUGO-ZF.jpg\",\"datePublished\":\"2021-09-27T11:51:15+00:00\",\"dateModified\":\"2026-01-27T16:41:10+00:00\",\"description\":\"Nederlandse Bankbiljetten verkrijgbaar bij David-coin. Bekijk ons complete aanbod.\",\"breadcrumb\":{\"@id\":\"https:\\\/\\\/www.david-coin.com\\\/product\\\/nederland-10-gulden-1953-hugo-de-groot-met-verticaal-merk\\\/#breadcrumb\"},\"inLanguage\":\"de\",\"potentialAction\":[{\"@type\":\"ReadAction\",\"target\":[\"https:\\\/\\\/www.david-coin.com\\\/product\\\/nederland-10-gulden-1953-hugo-de-groot-met-verticaal-merk\\\/\"]}]},{\"@type\":\"ImageObject\",\"inLanguage\":\"de\",\"@id\":\"https:\\\/\\\/www.david-coin.com\\\/product\\\/nederland-10-gulden-1953-hugo-de-groot-met-verticaal-merk\\\/#primaryimage\",\"url\":\"https:\\\/\\\/www.david-coin.com\\\/wp-content\\\/uploads\\\/2021\\\/09\\\/HUGO-ZF.jpg\",\"contentUrl\":\"https:\\\/\\\/www.david-coin.com\\\/wp-content\\\/uploads\\\/2021\\\/09\\\/HUGO-ZF.jpg\",\"width\":800,\"height\":456},{\"@type\":\"BreadcrumbList\",\"@id\":\"https:\\\/\\\/www.david-coin.com\\\/product\\\/nederland-10-gulden-1953-hugo-de-groot-met-verticaal-merk\\\/#breadcrumb\",\"itemListElement\":[{\"@type\":\"ListItem\",\"position\":1,\"name\":\"Home\",\"item\":\"https:\\\/\\\/www.david-coin.com\\\/\"},{\"@type\":\"ListItem\",\"position\":2,\"name\":\"Winkel\",\"item\":\"https:\\\/\\\/www.david-coin.com\\\/winkel\\\/\"},{\"@type\":\"ListItem\",\"position\":3,\"name\":\"Nederland 10 gulden 1953 Hugo de Groot met verticaal merk\"}]},{\"@type\":\"WebSite\",\"@id\":\"https:\\\/\\\/www.david-coin.com\\\/#website\",\"url\":\"https:\\\/\\\/www.david-coin.com\\\/\",\"name\":\"David Coin\",\"description\":\"\",\"publisher\":{\"@id\":\"https:\\\/\\\/www.david-coin.com\\\/#organization\"},\"potentialAction\":[{\"@type\":\"SearchAction\",\"target\":{\"@type\":\"EntryPoint\",\"urlTemplate\":\"https:\\\/\\\/www.david-coin.com\\\/?s={search_term_string}\"},\"query-input\":{\"@type\":\"PropertyValueSpecification\",\"valueRequired\":true,\"valueName\":\"search_term_string\"}}],\"inLanguage\":\"de\"},{\"@type\":\"Organization\",\"@id\":\"https:\\\/\\\/www.david-coin.com\\\/#organization\",\"name\":\"David Coin\",\"url\":\"https:\\\/\\\/www.david-coin.com\\\/\",\"logo\":{\"@type\":\"ImageObject\",\"inLanguage\":\"de\",\"@id\":\"https:\\\/\\\/www.david-coin.com\\\/#\\\/schema\\\/logo\\\/image\\\/\",\"url\":\"https:\\\/\\\/www.david-coin.com\\\/wp-content\\\/uploads\\\/2024\\\/04\\\/davidcoin-logo-final.png\",\"contentUrl\":\"https:\\\/\\\/www.david-coin.com\\\/wp-content\\\/uploads\\\/2024\\\/04\\\/davidcoin-logo-final.png\",\"width\":800,\"height\":267,\"caption\":\"David Coin\"},\"image\":{\"@id\":\"https:\\\/\\\/www.david-coin.com\\\/#\\\/schema\\\/logo\\\/image\\\/\"},\"sameAs\":[\"https:\\\/\\\/www.facebook.com\\\/Davidcoininkoopenverkoop\",\"https:\\\/\\\/www.youtube.com\\\/channel\\\/UC39lihLKFSPTff0w6tv0pWQ\"]}]}<\/script>\n<meta property=\"product:price:amount\" content=\"19.95\" \/>\n<meta property=\"product:price:currency\" content=\"EUR\" \/>\n<meta property=\"og:availability\" content=\"instock\" \/>\n<meta property=\"product:availability\" content=\"instock\" \/>\n<meta property=\"product:retailer_item_id\" content=\"2272\" \/>\n<meta property=\"product:condition\" content=\"new\" \/>\n<!-- \/ Yoast SEO Premium plugin. -->","yoast_head_json":{"title":"Niederlande 10 Gulden 1953 Hugo de Groot mit senkrechter Marke","description":"Nederlandse Bankbiljetten verkrijgbaar bij David-coin. Bekijk ons complete aanbod.","robots":{"index":"index","follow":"follow","max-snippet":"max-snippet:-1","max-image-preview":"max-image-preview:large","max-video-preview":"max-video-preview:-1"},"canonical":"https:\/\/www.david-coin.com\/de\/produkt\/nederland-10-gulden-1953-hugo-de-groot-met-verticaal-merk\/","og_locale":"de_DE","og_type":"article","og_title":"Nederland 10 gulden 1953 Hugo de Groot met verticaal merk","og_description":"Nederlandse Bankbiljetten verkrijgbaar bij David-coin. Bekijk ons complete aanbod.","og_url":"https:\/\/www.david-coin.com\/de\/produkt\/nederland-10-gulden-1953-hugo-de-groot-met-verticaal-merk\/","og_site_name":"David Coin","article_publisher":"https:\/\/www.facebook.com\/Davidcoininkoopenverkoop","article_modified_time":"2026-01-27T16:41:10+00:00","og_image":[{"width":800,"height":456,"url":"https:\/\/www.david-coin.com\/wp-content\/uploads\/2021\/09\/HUGO-ZF.jpg","type":"image\/jpeg"}],"twitter_card":"summary_large_image","twitter_misc":{"Preis":"&euro;&nbsp;19,95","Verf\u00fcgbarkeit":"Auf Lager"},"schema":{"@context":"https:\/\/schema.org","@graph":[{"@type":"WebPage","@id":"https:\/\/www.david-coin.com\/product\/nederland-10-gulden-1953-hugo-de-groot-met-verticaal-merk\/","url":"https:\/\/www.david-coin.com\/product\/nederland-10-gulden-1953-hugo-de-groot-met-verticaal-merk\/","name":"Niederlande 10 Gulden 1953 Hugo de Groot mit senkrechter Marke","isPartOf":{"@id":"https:\/\/www.david-coin.com\/#website"},"primaryImageOfPage":{"@id":"https:\/\/www.david-coin.com\/product\/nederland-10-gulden-1953-hugo-de-groot-met-verticaal-merk\/#primaryimage"},"image":{"@id":"https:\/\/www.david-coin.com\/product\/nederland-10-gulden-1953-hugo-de-groot-met-verticaal-merk\/#primaryimage"},"thumbnailUrl":"https:\/\/www.david-coin.com\/wp-content\/uploads\/2021\/09\/HUGO-ZF.jpg","datePublished":"2021-09-27T11:51:15+00:00","dateModified":"2026-01-27T16:41:10+00:00","description":"Nederlandse Bankbiljetten verkrijgbaar bij David-coin. Bekijk ons complete aanbod.","breadcrumb":{"@id":"https:\/\/www.david-coin.com\/product\/nederland-10-gulden-1953-hugo-de-groot-met-verticaal-merk\/#breadcrumb"},"inLanguage":"de","potentialAction":[{"@type":"ReadAction","target":["https:\/\/www.david-coin.com\/product\/nederland-10-gulden-1953-hugo-de-groot-met-verticaal-merk\/"]}]},{"@type":"ImageObject","inLanguage":"de","@id":"https:\/\/www.david-coin.com\/product\/nederland-10-gulden-1953-hugo-de-groot-met-verticaal-merk\/#primaryimage","url":"https:\/\/www.david-coin.com\/wp-content\/uploads\/2021\/09\/HUGO-ZF.jpg","contentUrl":"https:\/\/www.david-coin.com\/wp-content\/uploads\/2021\/09\/HUGO-ZF.jpg","width":800,"height":456},{"@type":"BreadcrumbList","@id":"https:\/\/www.david-coin.com\/product\/nederland-10-gulden-1953-hugo-de-groot-met-verticaal-merk\/#breadcrumb","itemListElement":[{"@type":"ListItem","position":1,"name":"Home","item":"https:\/\/www.david-coin.com\/"},{"@type":"ListItem","position":2,"name":"Winkel","item":"https:\/\/www.david-coin.com\/winkel\/"},{"@type":"ListItem","position":3,"name":"Nederland 10 gulden 1953 Hugo de Groot met verticaal merk"}]},{"@type":"WebSite","@id":"https:\/\/www.david-coin.com\/#website","url":"https:\/\/www.david-coin.com\/","name":"David Coin","description":"","publisher":{"@id":"https:\/\/www.david-coin.com\/#organization"},"potentialAction":[{"@type":"SearchAction","target":{"@type":"EntryPoint","urlTemplate":"https:\/\/www.david-coin.com\/?s={search_term_string}"},"query-input":{"@type":"PropertyValueSpecification","valueRequired":true,"valueName":"search_term_string"}}],"inLanguage":"de"},{"@type":"Organization","@id":"https:\/\/www.david-coin.com\/#organization","name":"David Coin","url":"https:\/\/www.david-coin.com\/","logo":{"@type":"ImageObject","inLanguage":"de","@id":"https:\/\/www.david-coin.com\/#\/schema\/logo\/image\/","url":"https:\/\/www.david-coin.com\/wp-content\/uploads\/2024\/04\/davidcoin-logo-final.png","contentUrl":"https:\/\/www.david-coin.com\/wp-content\/uploads\/2024\/04\/davidcoin-logo-final.png","width":800,"height":267,"caption":"David Coin"},"image":{"@id":"https:\/\/www.david-coin.com\/#\/schema\/logo\/image\/"},"sameAs":["https:\/\/www.facebook.com\/Davidcoininkoopenverkoop","https:\/\/www.youtube.com\/channel\/UC39lihLKFSPTff0w6tv0pWQ"]}]},"product_price_amount":"19.95","product_price_currency":"EUR","og_availability":"instock","product_availability":"instock","product_retailer_item_id":"2272","product_condition":"new"},"_links":{"self":[{"href":"https:\/\/www.david-coin.com\/de\/wp-json\/wp\/v2\/product\/113121","targetHints":{"allow":["GET"]}}],"collection":[{"href":"https:\/\/www.david-coin.com\/de\/wp-json\/wp\/v2\/product"}],"about":[{"href":"https:\/\/www.david-coin.com\/de\/wp-json\/wp\/v2\/types\/product"}],"replies":[{"embeddable":true,"href":"https:\/\/www.david-coin.com\/de\/wp-json\/wp\/v2\/comments?post=113121"}],"wp:featuredmedia":[{"embeddable":true,"href":"https:\/\/www.david-coin.com\/de\/wp-json\/wp\/v2\/media\/113119"}],"wp:attachment":[{"href":"https:\/\/www.david-coin.com\/de\/wp-json\/wp\/v2\/media?parent=113121"}],"wp:term":[{"taxonomy":"product_brand","embeddable":true,"href":"https:\/\/www.david-coin.com\/de\/wp-json\/wp\/v2\/product_brand?post=113121"},{"taxonomy":"product_cat","embeddable":true,"href":"https:\/\/www.david-coin.com\/de\/wp-json\/wp\/v2\/product_cat?post=113121"},{"taxonomy":"product_tag","embeddable":true,"href":"https:\/\/www.david-coin.com\/de\/wp-json\/wp\/v2\/product_tag?post=113121"}],"curies":[{"name":"wp","href":"https:\/\/api.w.org\/{rel}","templated":true}]}}