{"id":111790,"date":"2021-01-02T21:24:04","date_gmt":"2021-01-02T21:24:04","guid":{"rendered":"https:\/\/www.david-coin.com\/product\/nederland-2-5-gulden-1945-wilhelmina-specimen\/"},"modified":"2026-01-27T17:42:28","modified_gmt":"2026-01-27T16:42:28","slug":"nederland-2-5-gulden-1945-wilhelmina-specimen","status":"publish","type":"product","link":"https:\/\/www.david-coin.com\/de\/produkt\/nederland-2-5-gulden-1945-wilhelmina-specimen\/","title":{"rendered":"Niederlande 2,5 Gulden 1945 Wilhelmina Exemplar"},"content":{"rendered":"<p>Niederlande 2,5 Gulden 1945 Wilhelmina Exemplar<br \/>\nNVMH:15<br \/>\nPlomp:PL16.s2.a<\/p>\n<p>Omdat er al plannen gemaakt waren om de economie na de bevrijding te herstellen doormiddel van een geldzuivering, moest er ook nieuw geld gemaakt worden om het oude geld mee om te wisselen. Daarom werden er in Londen (bij Thomas de la Rue) biljetten van een en van twee en een halve gulden gedrukt om bij de bevrijding genoeg nieuw geld te hebben. Het muntbiljet van twee en een halve gulden 1945 heeft de handtekening van de minister van financi\u00ebn, Gerardus Wilhelmus Maria Huysmans, op de voorzijde. Later in 1945 zijn er ook nog biljetten van tien en honderd gulden gedrukt, en de serie bestaat in totaal uit de volgende biljetten:<br \/>\n5.\t<a href=\"https:\/\/www.david-coin.com\/de\/produkt\/nederland-1-gulden-1945-wilhelmina-3\/\">Een gulden muntbiljet 1945 Wilhelmina;<\/a><br \/>\n6.\t<a href=\"https:\/\/www.david-coin.com\/de\/produkt\/nederland-25-gulden-1945-wilhelmina-2\/\">Zweieinhalb-Gulden-M\u00fcnzschein 1945 Wilhelmina<\/a>;<br \/>\n7.\t<a href=\"https:\/\/www.david-coin.com\/de\/produkt\/nederland-10-gulden-1945-lieftinck-2\/\">Gelds\u00e4uberung f\u00fcr zehn Gulden (Lieftincks Zehner);<\/a><br \/>\n8.\t<a href=\"https:\/\/www.david-coin.com\/de\/produkt\/nederland-100-gulden-1945-geldzuivering-3\/\">Honderd gulden geldzuivering<\/a>.<br \/>\nDe biljetten werden uiteindelijk eind jaren 40 uit roulatie gehaald toen koningin Wilhelmina afstand deed van de troon en <a href=\"https:\/\/www.david-coin.com\/de\/produkt-kategorie\/nederlandse-munten\/juliana-1948-1980\/\">K\u00f6nigin Juliana<\/a> de troon besteeg. <\/p>\n<p><strong>Muster-Banknoten Niederlande<\/strong><br \/>\nMusterbanknoten sind echte Banknoten, die im Druckprozess ung\u00fcltig gemacht wurden. Hierf\u00fcr gibt es oft mehrere Gr\u00fcnde. Musterbanknoten wurden oft als Proben an verschiedene Banken geschickt, damit die Mitarbeiter sehen konnten, wie die neuen Banknoten aussehen und welche Sicherheitsmerkmale sie haben. Musterscheine wurden auch oft als Testscheine verwendet, damit der Kunde die Druckerei \u00fcber die Qualit\u00e4t des Scheins informieren konnte und ob der Schein dann tats\u00e4chlich in gr\u00f6\u00dferer St\u00fcckzahl gedruckt werden konnte.<br \/>\nDa die Anzahl der Musterbriefe zu einem Geschmacksmuster oft viel geringer ist als die Anzahl der regul\u00e4ren Briefe zu diesem Geschmacksmuster, werden die verschiedenen Arten von Musterbriefen nicht in jedem Katalog aufgef\u00fchrt. Au\u00dfer in der <a href=\"\/de\/\u201dhttps:\/\/www.david-coin.com\/produkt\/catalogus-nederlands-papiergeld-1573-2002\/\u201d\/\">Plomp-Katalog<\/a>, in dem fast alle niederl\u00e4ndischen Musternoten beschrieben werden. Da die Musternoten nicht f\u00fcr den Umlauf bestimmt waren, wurden sie schlie\u00dflich an die Druckerei zur\u00fcckgeschickt oder vernichtet, und nur ein kleiner Teil ist heute noch vorhanden. <\/p>\n<p>Op de achterzijde aan de rechterzijde bevinden zich nog plakresten.<\/p>\n<p>Siehe Scans f\u00fcr weitere Einzelheiten.<br \/>\nBei Fragen k\u00f6nnen Sie uns gerne eine Nachricht schicken<\/p>","protected":false},"excerpt":{"rendered":"<p>SPECIMEN<\/p>","protected":false},"featured_media":111788,"comment_status":"closed","ping_status":"closed","template":"","meta":[],"product_brand":[],"product_cat":[5489,5472],"product_tag":[],"class_list":{"0":"post-111790","1":"product","2":"type-product","3":"status-publish","4":"has-post-thumbnail","6":"product_cat-2-5-gulden-biljet","7":"product_cat-nederlandse-bankbiljetten","8":"pa_bankbiljetwaarde-2_5gulden","9":"pa_delcampeid-5348","10":"pa_kwaliteit-unc-min","11":"pa_land-nederland","12":"pa_soort-specimen","14":"first","15":"instock","16":"taxable","17":"shipping-taxable","18":"purchasable","19":"product-type-simple"},"yoast_head":"<!-- This site is optimized with the Yoast SEO Premium plugin v27.2 (Yoast SEO v27.4) - https:\/\/yoast.com\/product\/yoast-seo-premium-wordpress\/ -->\n<title>Nederland 2,5 Gulden 1945 Wilhelmina Specimen<\/title>\n<meta name=\"description\" content=\"Nederlandse bankbiljetten bij David-coin. Bekijk nu ons complete aanbod uit de guldentijd. Gratis verzending binnen Nederland vanaf 75 euro.\" \/>\n<meta name=\"robots\" content=\"index, follow, max-snippet:-1, max-image-preview:large, max-video-preview:-1\" \/>\n<link rel=\"canonical\" href=\"https:\/\/www.david-coin.com\/de\/produkt\/nederland-2-5-gulden-1945-wilhelmina-specimen\/\" \/>\n<meta property=\"og:locale\" content=\"de_DE\" \/>\n<meta property=\"og:type\" content=\"article\" \/>\n<meta property=\"og:title\" content=\"Nederland 2,5 Gulden 1945 Wilhelmina Specimen\" \/>\n<meta property=\"og:description\" content=\"Nederlandse bankbiljetten bij David-coin. Bekijk nu ons complete aanbod uit de guldentijd. Gratis verzending binnen Nederland vanaf 75 euro.\" \/>\n<meta property=\"og:url\" content=\"https:\/\/www.david-coin.com\/de\/produkt\/nederland-2-5-gulden-1945-wilhelmina-specimen\/\" \/>\n<meta property=\"og:site_name\" content=\"David Coin\" \/>\n<meta property=\"article:publisher\" content=\"https:\/\/www.facebook.com\/Davidcoininkoopenverkoop\" \/>\n<meta property=\"article:modified_time\" content=\"2026-01-27T16:42:28+00:00\" \/>\n<meta property=\"og:image\" content=\"https:\/\/www.david-coin.com\/wp-content\/uploads\/2021\/01\/Nederland25gulden1945Wilhelminaspecimen.jpg\" \/>\n\t<meta property=\"og:image:width\" content=\"600\" \/>\n\t<meta property=\"og:image:height\" content=\"322\" \/>\n\t<meta property=\"og:image:type\" content=\"image\/jpeg\" \/>\n<meta name=\"twitter:card\" content=\"summary_large_image\" \/>\n<meta name=\"twitter:label1\" content=\"Preis\" \/>\n\t<meta name=\"twitter:data1\" content=\"&euro;&nbsp;450,00\" \/>\n\t<meta name=\"twitter:label2\" content=\"Verf\u00fcgbarkeit\" \/>\n\t<meta name=\"twitter:data2\" content=\"Auf Lager\" \/>\n<script type=\"application\/ld+json\" class=\"yoast-schema-graph\">{\"@context\":\"https:\\\/\\\/schema.org\",\"@graph\":[{\"@type\":\"WebPage\",\"@id\":\"https:\\\/\\\/www.david-coin.com\\\/product\\\/nederland-2-5-gulden-1945-wilhelmina-specimen\\\/\",\"url\":\"https:\\\/\\\/www.david-coin.com\\\/product\\\/nederland-2-5-gulden-1945-wilhelmina-specimen\\\/\",\"name\":\"Nederland 2,5 Gulden 1945 Wilhelmina Specimen\",\"isPartOf\":{\"@id\":\"https:\\\/\\\/www.david-coin.com\\\/#website\"},\"primaryImageOfPage\":{\"@id\":\"https:\\\/\\\/www.david-coin.com\\\/product\\\/nederland-2-5-gulden-1945-wilhelmina-specimen\\\/#primaryimage\"},\"image\":{\"@id\":\"https:\\\/\\\/www.david-coin.com\\\/product\\\/nederland-2-5-gulden-1945-wilhelmina-specimen\\\/#primaryimage\"},\"thumbnailUrl\":\"https:\\\/\\\/www.david-coin.com\\\/wp-content\\\/uploads\\\/2021\\\/01\\\/Nederland25gulden1945Wilhelminaspecimen.jpg\",\"datePublished\":\"2021-01-02T21:24:04+00:00\",\"dateModified\":\"2026-01-27T16:42:28+00:00\",\"description\":\"Nederlandse bankbiljetten bij David-coin. Bekijk nu ons complete aanbod uit de guldentijd. Gratis verzending binnen Nederland vanaf 75 euro.\",\"breadcrumb\":{\"@id\":\"https:\\\/\\\/www.david-coin.com\\\/product\\\/nederland-2-5-gulden-1945-wilhelmina-specimen\\\/#breadcrumb\"},\"inLanguage\":\"de\",\"potentialAction\":[{\"@type\":\"ReadAction\",\"target\":[\"https:\\\/\\\/www.david-coin.com\\\/product\\\/nederland-2-5-gulden-1945-wilhelmina-specimen\\\/\"]}]},{\"@type\":\"ImageObject\",\"inLanguage\":\"de\",\"@id\":\"https:\\\/\\\/www.david-coin.com\\\/product\\\/nederland-2-5-gulden-1945-wilhelmina-specimen\\\/#primaryimage\",\"url\":\"https:\\\/\\\/www.david-coin.com\\\/wp-content\\\/uploads\\\/2021\\\/01\\\/Nederland25gulden1945Wilhelminaspecimen.jpg\",\"contentUrl\":\"https:\\\/\\\/www.david-coin.com\\\/wp-content\\\/uploads\\\/2021\\\/01\\\/Nederland25gulden1945Wilhelminaspecimen.jpg\",\"width\":600,\"height\":322,\"caption\":\"Nederland2,5gulden1945Wilhelminaspecimen.jpg\"},{\"@type\":\"BreadcrumbList\",\"@id\":\"https:\\\/\\\/www.david-coin.com\\\/product\\\/nederland-2-5-gulden-1945-wilhelmina-specimen\\\/#breadcrumb\",\"itemListElement\":[{\"@type\":\"ListItem\",\"position\":1,\"name\":\"Home\",\"item\":\"https:\\\/\\\/www.david-coin.com\\\/\"},{\"@type\":\"ListItem\",\"position\":2,\"name\":\"Winkel\",\"item\":\"https:\\\/\\\/www.david-coin.com\\\/winkel\\\/\"},{\"@type\":\"ListItem\",\"position\":3,\"name\":\"Nederland 2,5 Gulden 1945 Wilhelmina Specimen\"}]},{\"@type\":\"WebSite\",\"@id\":\"https:\\\/\\\/www.david-coin.com\\\/#website\",\"url\":\"https:\\\/\\\/www.david-coin.com\\\/\",\"name\":\"David Coin\",\"description\":\"\",\"publisher\":{\"@id\":\"https:\\\/\\\/www.david-coin.com\\\/#organization\"},\"potentialAction\":[{\"@type\":\"SearchAction\",\"target\":{\"@type\":\"EntryPoint\",\"urlTemplate\":\"https:\\\/\\\/www.david-coin.com\\\/?s={search_term_string}\"},\"query-input\":{\"@type\":\"PropertyValueSpecification\",\"valueRequired\":true,\"valueName\":\"search_term_string\"}}],\"inLanguage\":\"de\"},{\"@type\":\"Organization\",\"@id\":\"https:\\\/\\\/www.david-coin.com\\\/#organization\",\"name\":\"David Coin\",\"url\":\"https:\\\/\\\/www.david-coin.com\\\/\",\"logo\":{\"@type\":\"ImageObject\",\"inLanguage\":\"de\",\"@id\":\"https:\\\/\\\/www.david-coin.com\\\/#\\\/schema\\\/logo\\\/image\\\/\",\"url\":\"https:\\\/\\\/www.david-coin.com\\\/wp-content\\\/uploads\\\/2024\\\/04\\\/davidcoin-logo-final.png\",\"contentUrl\":\"https:\\\/\\\/www.david-coin.com\\\/wp-content\\\/uploads\\\/2024\\\/04\\\/davidcoin-logo-final.png\",\"width\":800,\"height\":267,\"caption\":\"David Coin\"},\"image\":{\"@id\":\"https:\\\/\\\/www.david-coin.com\\\/#\\\/schema\\\/logo\\\/image\\\/\"},\"sameAs\":[\"https:\\\/\\\/www.facebook.com\\\/Davidcoininkoopenverkoop\",\"https:\\\/\\\/www.youtube.com\\\/channel\\\/UC39lihLKFSPTff0w6tv0pWQ\"]}]}<\/script>\n<meta property=\"product:price:amount\" content=\"450.00\" \/>\n<meta property=\"product:price:currency\" content=\"EUR\" \/>\n<meta property=\"og:availability\" content=\"instock\" \/>\n<meta property=\"product:availability\" content=\"instock\" \/>\n<meta property=\"product:retailer_item_id\" content=\"2240\" \/>\n<meta property=\"product:condition\" content=\"new\" \/>\n<!-- \/ Yoast SEO Premium plugin. -->","yoast_head_json":{"title":"Niederlande 2,5 Gulden 1945 Wilhelmina Exemplar","description":"Nederlandse bankbiljetten bij David-coin. Bekijk nu ons complete aanbod uit de guldentijd. Gratis verzending binnen Nederland vanaf 75 euro.","robots":{"index":"index","follow":"follow","max-snippet":"max-snippet:-1","max-image-preview":"max-image-preview:large","max-video-preview":"max-video-preview:-1"},"canonical":"https:\/\/www.david-coin.com\/de\/produkt\/nederland-2-5-gulden-1945-wilhelmina-specimen\/","og_locale":"de_DE","og_type":"article","og_title":"Nederland 2,5 Gulden 1945 Wilhelmina Specimen","og_description":"Nederlandse bankbiljetten bij David-coin. Bekijk nu ons complete aanbod uit de guldentijd. Gratis verzending binnen Nederland vanaf 75 euro.","og_url":"https:\/\/www.david-coin.com\/de\/produkt\/nederland-2-5-gulden-1945-wilhelmina-specimen\/","og_site_name":"David Coin","article_publisher":"https:\/\/www.facebook.com\/Davidcoininkoopenverkoop","article_modified_time":"2026-01-27T16:42:28+00:00","og_image":[{"width":600,"height":322,"url":"https:\/\/www.david-coin.com\/wp-content\/uploads\/2021\/01\/Nederland25gulden1945Wilhelminaspecimen.jpg","type":"image\/jpeg"}],"twitter_card":"summary_large_image","twitter_misc":{"Preis":"&euro;&nbsp;450,00","Verf\u00fcgbarkeit":"Auf Lager"},"schema":{"@context":"https:\/\/schema.org","@graph":[{"@type":"WebPage","@id":"https:\/\/www.david-coin.com\/product\/nederland-2-5-gulden-1945-wilhelmina-specimen\/","url":"https:\/\/www.david-coin.com\/product\/nederland-2-5-gulden-1945-wilhelmina-specimen\/","name":"Niederlande 2,5 Gulden 1945 Wilhelmina Exemplar","isPartOf":{"@id":"https:\/\/www.david-coin.com\/#website"},"primaryImageOfPage":{"@id":"https:\/\/www.david-coin.com\/product\/nederland-2-5-gulden-1945-wilhelmina-specimen\/#primaryimage"},"image":{"@id":"https:\/\/www.david-coin.com\/product\/nederland-2-5-gulden-1945-wilhelmina-specimen\/#primaryimage"},"thumbnailUrl":"https:\/\/www.david-coin.com\/wp-content\/uploads\/2021\/01\/Nederland25gulden1945Wilhelminaspecimen.jpg","datePublished":"2021-01-02T21:24:04+00:00","dateModified":"2026-01-27T16:42:28+00:00","description":"Nederlandse bankbiljetten bij David-coin. Bekijk nu ons complete aanbod uit de guldentijd. Gratis verzending binnen Nederland vanaf 75 euro.","breadcrumb":{"@id":"https:\/\/www.david-coin.com\/product\/nederland-2-5-gulden-1945-wilhelmina-specimen\/#breadcrumb"},"inLanguage":"de","potentialAction":[{"@type":"ReadAction","target":["https:\/\/www.david-coin.com\/product\/nederland-2-5-gulden-1945-wilhelmina-specimen\/"]}]},{"@type":"ImageObject","inLanguage":"de","@id":"https:\/\/www.david-coin.com\/product\/nederland-2-5-gulden-1945-wilhelmina-specimen\/#primaryimage","url":"https:\/\/www.david-coin.com\/wp-content\/uploads\/2021\/01\/Nederland25gulden1945Wilhelminaspecimen.jpg","contentUrl":"https:\/\/www.david-coin.com\/wp-content\/uploads\/2021\/01\/Nederland25gulden1945Wilhelminaspecimen.jpg","width":600,"height":322,"caption":"Nederland2,5gulden1945Wilhelminaspecimen.jpg"},{"@type":"BreadcrumbList","@id":"https:\/\/www.david-coin.com\/product\/nederland-2-5-gulden-1945-wilhelmina-specimen\/#breadcrumb","itemListElement":[{"@type":"ListItem","position":1,"name":"Home","item":"https:\/\/www.david-coin.com\/"},{"@type":"ListItem","position":2,"name":"Winkel","item":"https:\/\/www.david-coin.com\/winkel\/"},{"@type":"ListItem","position":3,"name":"Nederland 2,5 Gulden 1945 Wilhelmina Specimen"}]},{"@type":"WebSite","@id":"https:\/\/www.david-coin.com\/#website","url":"https:\/\/www.david-coin.com\/","name":"David Coin","description":"","publisher":{"@id":"https:\/\/www.david-coin.com\/#organization"},"potentialAction":[{"@type":"SearchAction","target":{"@type":"EntryPoint","urlTemplate":"https:\/\/www.david-coin.com\/?s={search_term_string}"},"query-input":{"@type":"PropertyValueSpecification","valueRequired":true,"valueName":"search_term_string"}}],"inLanguage":"de"},{"@type":"Organization","@id":"https:\/\/www.david-coin.com\/#organization","name":"David Coin","url":"https:\/\/www.david-coin.com\/","logo":{"@type":"ImageObject","inLanguage":"de","@id":"https:\/\/www.david-coin.com\/#\/schema\/logo\/image\/","url":"https:\/\/www.david-coin.com\/wp-content\/uploads\/2024\/04\/davidcoin-logo-final.png","contentUrl":"https:\/\/www.david-coin.com\/wp-content\/uploads\/2024\/04\/davidcoin-logo-final.png","width":800,"height":267,"caption":"David Coin"},"image":{"@id":"https:\/\/www.david-coin.com\/#\/schema\/logo\/image\/"},"sameAs":["https:\/\/www.facebook.com\/Davidcoininkoopenverkoop","https:\/\/www.youtube.com\/channel\/UC39lihLKFSPTff0w6tv0pWQ"]}]},"product_price_amount":"450.00","product_price_currency":"EUR","og_availability":"instock","product_availability":"instock","product_retailer_item_id":"2240","product_condition":"new"},"_links":{"self":[{"href":"https:\/\/www.david-coin.com\/de\/wp-json\/wp\/v2\/product\/111790","targetHints":{"allow":["GET"]}}],"collection":[{"href":"https:\/\/www.david-coin.com\/de\/wp-json\/wp\/v2\/product"}],"about":[{"href":"https:\/\/www.david-coin.com\/de\/wp-json\/wp\/v2\/types\/product"}],"replies":[{"embeddable":true,"href":"https:\/\/www.david-coin.com\/de\/wp-json\/wp\/v2\/comments?post=111790"}],"wp:featuredmedia":[{"embeddable":true,"href":"https:\/\/www.david-coin.com\/de\/wp-json\/wp\/v2\/media\/111788"}],"wp:attachment":[{"href":"https:\/\/www.david-coin.com\/de\/wp-json\/wp\/v2\/media?parent=111790"}],"wp:term":[{"taxonomy":"product_brand","embeddable":true,"href":"https:\/\/www.david-coin.com\/de\/wp-json\/wp\/v2\/product_brand?post=111790"},{"taxonomy":"product_cat","embeddable":true,"href":"https:\/\/www.david-coin.com\/de\/wp-json\/wp\/v2\/product_cat?post=111790"},{"taxonomy":"product_tag","embeddable":true,"href":"https:\/\/www.david-coin.com\/de\/wp-json\/wp\/v2\/product_tag?post=111790"}],"curies":[{"name":"wp","href":"https:\/\/api.w.org\/{rel}","templated":true}]}}