{"id":110402,"date":"2020-04-21T12:00:53","date_gmt":"2020-04-21T12:00:53","guid":{"rendered":"https:\/\/www.david-coin.com\/product\/nederland-1-gulden-1979-juliana\/"},"modified":"2026-01-14T12:15:57","modified_gmt":"2026-01-14T11:15:57","slug":"nederland-1-gulden-1979-juliana","status":"publish","type":"product","link":"https:\/\/www.david-coin.com\/de\/produkt\/nederland-1-gulden-1979-juliana\/","title":{"rendered":"Nederland 1 Gulden 1979 Juliana"},"content":{"rendered":"<p>Nederland 1 Gulden 1979 Juliana<br \/>\nLaatste jaar met het muntmeesterteken &#8220;haan&#8221;. Voorzijde:Portret naar rechts, onder halsafsnede letter: W<br \/>\nR\u00fcckseite: Gekr\u00f6ntes niederl\u00e4ndisches Wappen zwischen 1- G<br \/>\nGewicht:6,0 Gramm<br \/>\nDurchmesser: 25 mm.<br \/>\nRandbeschriftung: Gott sei mit uns.<br \/>\nMuntmeesterteken: Haan<\/p>\n<p>In 1967 werd er een nikkelen gulden uitgegeven omdat de zilveren guldens te duur werden door de stijgende edelmetaal prijzen. De nikkelen guldens hebben hetzelfde ontwerp als de zilveren guldens en wegen 6 gram en hebben een diameter van 25 millimeter. De guldens zijn ontworpen door L.O. Wenckebach. De guldens van Juliana hebben in 1967 nog het oude portret van de zilveren guldens, vanaf 1968 tot en met 1969 een aangepast portret en vanaf 1970 tot en met 1980 nog een aangepast portret. De guldens van Juliana zijn onderdeel van de serie munten van <a href=\"\/de\/\u201chttps:\/\/www.david-coin.com\/produkt-kategorie\/nederlandse-munten\/juliana-1948-1980\/\u201d\/\">K\u00f6nigin Juliana<\/a>, die op de cent na tot en met 2002 in omloop waren. Naast de gulden zijn er nog de volgende munten uitgegeven.<br \/>\n&#8211; <a href=\"\/de\/\u201chttps:\/\/www.david-coin.com\/produkt\/nederland-1-cent-1950-juliana\/\u201d\/\">Cent Juliana;<\/a><br \/>\n&#8211; <a href=\"\/de\/\u201chttps:\/\/www.david-coin.com\/produkt\/nederland-5-cent-1950-juliana\/\u201d\/\">Stuiver Juliana;<\/a><br \/>\n&#8211; <a href=\"\/de\/\u201chttps:\/\/www.david-coin.com\/produkt\/nederland-10-cent-1950-juliana\/\u201d\/\">Doppel-Juliana;<\/a><br \/>\n&#8211; <a href=\"\/de\/\u201chttps:\/\/www.david-coin.com\/produkt\/nederland-25-cent-1951-juliana\/\u201d\/\">Quart Juliana;<\/a><br \/>\n&#8211; <a href=\"\/de\/\u201chttps:\/\/www.david-coin.com\/produkt\/nederland-1-gulden-1955-juliana-zilver\/\u201d\/\">Gulden Juliana Silber;<\/a><br \/>\n&#8211; <a href=\"\/de\/\u201chttps:\/\/www.david-coin.com\/produkt\/nederland-2-5-gulden-1961-juliana-zilver\/\u201d\/\">Reichdaalder Juliana Silber;<\/a><br \/>\n&#8211; <a href=\"\/de\/\u201chttps:\/\/www.david-coin.com\/produkt\/nederland-2-5-gulden-1969-haan-juliana\/\u201d\/\">Reichdaalder Juliana Nickel;<\/a><br \/>\n&#8211; <a href=\"\/de\/\u201chttps:\/\/www.david-coin.com\/produkt\/nederland-10-gulden-1970-juliana\/\u201d\/\">Zehn Gulden Juliana 1970 Silber;<\/a><br \/>\n&#8211; <a href=\"\/de\/\u201chttps:\/\/www.david-coin.com\/produkt\/nederland-10-gulden-1973-juliana\/\u201d\/\">Zehn Gulden Juliana 1973 Silber.<\/a><br \/>\nDie Juliana-M\u00fcnzen, mit Ausnahme des Cent, waren bis zur Einf\u00fchrung des Euro im Jahr 2002 im Umlauf.<\/p>\n<p>Siehe Scans f\u00fcr weitere Einzelheiten.<br \/>\nBei Fragen k\u00f6nnen Sie uns gerne eine Nachricht schicken.<\/p>","protected":false},"excerpt":{"rendered":"<p>Nederland 1 Gulden 1979 Juliana Laatste jaar met het muntmeesterteken &#8220;haan&#8221;. Voorzijde:Portret naar rechts, onder halsafsnede letter: W Keerzijde: Gekroond Nederlands wapen tussen 1- G Gewicht:6,0 gram Diameter:25 mm. Randschrift: God zij met ons. Muntmeesterteken: Haan In 1967 werd er een nikkelen gulden uitgegeven omdat de zilveren guldens te duur werden door de stijgende edelmetaal [&hellip;]<\/p>\n","protected":false},"featured_media":110389,"comment_status":"closed","ping_status":"closed","template":"","meta":[],"product_brand":[],"product_cat":[5523],"product_tag":[],"class_list":{"0":"post-110402","1":"product","2":"type-product","3":"status-publish","4":"has-post-thumbnail","6":"product_cat-juliana-1948-1980","7":"pa_delcampeid-5269","8":"pa_koning-koningin-juliana","9":"pa_kwaliteit-zeer-fraai","10":"pa_land-nederland","11":"pa_materiaal-nikkel","12":"pa_muntwaarde-1gulden","13":"pa_soort-koninkrijksmunten","15":"first","16":"instock","17":"taxable","18":"shipping-taxable","19":"purchasable","20":"product-type-simple"},"yoast_head":"<!-- This site is optimized with the Yoast SEO Premium plugin v27.2 (Yoast SEO v27.4) - https:\/\/yoast.com\/product\/yoast-seo-premium-wordpress\/ -->\n<title>Nederland 1 Gulden 1979 Juliana<\/title>\n<meta name=\"description\" content=\"Juliana guldens van diverse jaren nu verkrijgbaar bij David-coin. Bekijk ons volledige aanbod. Gratis verzending binnen Nederland vanaf 75 euro.\" \/>\n<meta name=\"robots\" content=\"index, follow, max-snippet:-1, max-image-preview:large, max-video-preview:-1\" \/>\n<link rel=\"canonical\" href=\"https:\/\/www.david-coin.com\/de\/produkt\/nederland-1-gulden-1979-juliana\/\" \/>\n<meta property=\"og:locale\" content=\"de_DE\" \/>\n<meta property=\"og:type\" content=\"article\" \/>\n<meta property=\"og:title\" content=\"Nederland 1 Gulden 1979 Juliana\" \/>\n<meta property=\"og:description\" content=\"Juliana guldens van diverse jaren nu verkrijgbaar bij David-coin. Bekijk ons volledige aanbod. Gratis verzending binnen Nederland vanaf 75 euro.\" \/>\n<meta property=\"og:url\" content=\"https:\/\/www.david-coin.com\/de\/produkt\/nederland-1-gulden-1979-juliana\/\" \/>\n<meta property=\"og:site_name\" content=\"David Coin\" \/>\n<meta property=\"article:publisher\" content=\"https:\/\/www.facebook.com\/Davidcoininkoopenverkoop\" \/>\n<meta property=\"article:modified_time\" content=\"2026-01-14T11:15:57+00:00\" \/>\n<meta property=\"og:image\" content=\"https:\/\/www.david-coin.com\/wp-content\/uploads\/2020\/04\/Nederland-1-Gulden-Juliana-David-coin.jpg\" \/>\n\t<meta property=\"og:image:width\" content=\"662\" \/>\n\t<meta property=\"og:image:height\" content=\"661\" \/>\n\t<meta property=\"og:image:type\" content=\"image\/jpeg\" \/>\n<meta name=\"twitter:card\" content=\"summary_large_image\" \/>\n<meta name=\"twitter:label1\" content=\"Preis\" \/>\n\t<meta name=\"twitter:data1\" content=\"&euro;&nbsp;1,00\" \/>\n\t<meta name=\"twitter:label2\" content=\"Verf\u00fcgbarkeit\" \/>\n\t<meta name=\"twitter:data2\" content=\"Auf Lager\" \/>\n<script type=\"application\/ld+json\" class=\"yoast-schema-graph\">{\"@context\":\"https:\\\/\\\/schema.org\",\"@graph\":[{\"@type\":\"WebPage\",\"@id\":\"https:\\\/\\\/www.david-coin.com\\\/product\\\/nederland-1-gulden-1979-juliana\\\/\",\"url\":\"https:\\\/\\\/www.david-coin.com\\\/product\\\/nederland-1-gulden-1979-juliana\\\/\",\"name\":\"Nederland 1 Gulden 1979 Juliana\",\"isPartOf\":{\"@id\":\"https:\\\/\\\/www.david-coin.com\\\/#website\"},\"primaryImageOfPage\":{\"@id\":\"https:\\\/\\\/www.david-coin.com\\\/product\\\/nederland-1-gulden-1979-juliana\\\/#primaryimage\"},\"image\":{\"@id\":\"https:\\\/\\\/www.david-coin.com\\\/product\\\/nederland-1-gulden-1979-juliana\\\/#primaryimage\"},\"thumbnailUrl\":\"https:\\\/\\\/www.david-coin.com\\\/wp-content\\\/uploads\\\/2020\\\/04\\\/Nederland-1-Gulden-Juliana-David-coin.jpg\",\"datePublished\":\"2020-04-21T12:00:53+00:00\",\"dateModified\":\"2026-01-14T11:15:57+00:00\",\"description\":\"Juliana guldens van diverse jaren nu verkrijgbaar bij David-coin. Bekijk ons volledige aanbod. Gratis verzending binnen Nederland vanaf 75 euro.\",\"breadcrumb\":{\"@id\":\"https:\\\/\\\/www.david-coin.com\\\/product\\\/nederland-1-gulden-1979-juliana\\\/#breadcrumb\"},\"inLanguage\":\"de\",\"potentialAction\":[{\"@type\":\"ReadAction\",\"target\":[\"https:\\\/\\\/www.david-coin.com\\\/product\\\/nederland-1-gulden-1979-juliana\\\/\"]}]},{\"@type\":\"ImageObject\",\"inLanguage\":\"de\",\"@id\":\"https:\\\/\\\/www.david-coin.com\\\/product\\\/nederland-1-gulden-1979-juliana\\\/#primaryimage\",\"url\":\"https:\\\/\\\/www.david-coin.com\\\/wp-content\\\/uploads\\\/2020\\\/04\\\/Nederland-1-Gulden-Juliana-David-coin.jpg\",\"contentUrl\":\"https:\\\/\\\/www.david-coin.com\\\/wp-content\\\/uploads\\\/2020\\\/04\\\/Nederland-1-Gulden-Juliana-David-coin.jpg\",\"width\":662,\"height\":661,\"caption\":\"Nederland-1-Gulden-Juliana-David-coin.jpg\"},{\"@type\":\"BreadcrumbList\",\"@id\":\"https:\\\/\\\/www.david-coin.com\\\/product\\\/nederland-1-gulden-1979-juliana\\\/#breadcrumb\",\"itemListElement\":[{\"@type\":\"ListItem\",\"position\":1,\"name\":\"Home\",\"item\":\"https:\\\/\\\/www.david-coin.com\\\/\"},{\"@type\":\"ListItem\",\"position\":2,\"name\":\"Winkel\",\"item\":\"https:\\\/\\\/www.david-coin.com\\\/winkel\\\/\"},{\"@type\":\"ListItem\",\"position\":3,\"name\":\"Nederland 1 Gulden 1979 Juliana\"}]},{\"@type\":\"WebSite\",\"@id\":\"https:\\\/\\\/www.david-coin.com\\\/#website\",\"url\":\"https:\\\/\\\/www.david-coin.com\\\/\",\"name\":\"David Coin\",\"description\":\"\",\"publisher\":{\"@id\":\"https:\\\/\\\/www.david-coin.com\\\/#organization\"},\"potentialAction\":[{\"@type\":\"SearchAction\",\"target\":{\"@type\":\"EntryPoint\",\"urlTemplate\":\"https:\\\/\\\/www.david-coin.com\\\/?s={search_term_string}\"},\"query-input\":{\"@type\":\"PropertyValueSpecification\",\"valueRequired\":true,\"valueName\":\"search_term_string\"}}],\"inLanguage\":\"de\"},{\"@type\":\"Organization\",\"@id\":\"https:\\\/\\\/www.david-coin.com\\\/#organization\",\"name\":\"David Coin\",\"url\":\"https:\\\/\\\/www.david-coin.com\\\/\",\"logo\":{\"@type\":\"ImageObject\",\"inLanguage\":\"de\",\"@id\":\"https:\\\/\\\/www.david-coin.com\\\/#\\\/schema\\\/logo\\\/image\\\/\",\"url\":\"https:\\\/\\\/www.david-coin.com\\\/wp-content\\\/uploads\\\/2024\\\/04\\\/davidcoin-logo-final.png\",\"contentUrl\":\"https:\\\/\\\/www.david-coin.com\\\/wp-content\\\/uploads\\\/2024\\\/04\\\/davidcoin-logo-final.png\",\"width\":800,\"height\":267,\"caption\":\"David Coin\"},\"image\":{\"@id\":\"https:\\\/\\\/www.david-coin.com\\\/#\\\/schema\\\/logo\\\/image\\\/\"},\"sameAs\":[\"https:\\\/\\\/www.facebook.com\\\/Davidcoininkoopenverkoop\",\"https:\\\/\\\/www.youtube.com\\\/channel\\\/UC39lihLKFSPTff0w6tv0pWQ\"]}]}<\/script>\n<meta property=\"product:price:amount\" content=\"1.00\" \/>\n<meta property=\"product:price:currency\" content=\"EUR\" \/>\n<meta property=\"og:availability\" content=\"instock\" \/>\n<meta property=\"product:availability\" content=\"instock\" \/>\n<meta property=\"product:retailer_item_id\" content=\"1453\" \/>\n<meta property=\"product:condition\" content=\"new\" \/>\n<!-- \/ Yoast SEO Premium plugin. -->","yoast_head_json":{"title":"Nederland 1 Gulden 1979 Juliana","description":"Juliana guldens van diverse jaren nu verkrijgbaar bij David-coin. Bekijk ons volledige aanbod. Gratis verzending binnen Nederland vanaf 75 euro.","robots":{"index":"index","follow":"follow","max-snippet":"max-snippet:-1","max-image-preview":"max-image-preview:large","max-video-preview":"max-video-preview:-1"},"canonical":"https:\/\/www.david-coin.com\/de\/produkt\/nederland-1-gulden-1979-juliana\/","og_locale":"de_DE","og_type":"article","og_title":"Nederland 1 Gulden 1979 Juliana","og_description":"Juliana guldens van diverse jaren nu verkrijgbaar bij David-coin. Bekijk ons volledige aanbod. Gratis verzending binnen Nederland vanaf 75 euro.","og_url":"https:\/\/www.david-coin.com\/de\/produkt\/nederland-1-gulden-1979-juliana\/","og_site_name":"David Coin","article_publisher":"https:\/\/www.facebook.com\/Davidcoininkoopenverkoop","article_modified_time":"2026-01-14T11:15:57+00:00","og_image":[{"width":662,"height":661,"url":"https:\/\/www.david-coin.com\/wp-content\/uploads\/2020\/04\/Nederland-1-Gulden-Juliana-David-coin.jpg","type":"image\/jpeg"}],"twitter_card":"summary_large_image","twitter_misc":{"Preis":"&euro;&nbsp;1,00","Verf\u00fcgbarkeit":"Auf Lager"},"schema":{"@context":"https:\/\/schema.org","@graph":[{"@type":"WebPage","@id":"https:\/\/www.david-coin.com\/product\/nederland-1-gulden-1979-juliana\/","url":"https:\/\/www.david-coin.com\/product\/nederland-1-gulden-1979-juliana\/","name":"Nederland 1 Gulden 1979 Juliana","isPartOf":{"@id":"https:\/\/www.david-coin.com\/#website"},"primaryImageOfPage":{"@id":"https:\/\/www.david-coin.com\/product\/nederland-1-gulden-1979-juliana\/#primaryimage"},"image":{"@id":"https:\/\/www.david-coin.com\/product\/nederland-1-gulden-1979-juliana\/#primaryimage"},"thumbnailUrl":"https:\/\/www.david-coin.com\/wp-content\/uploads\/2020\/04\/Nederland-1-Gulden-Juliana-David-coin.jpg","datePublished":"2020-04-21T12:00:53+00:00","dateModified":"2026-01-14T11:15:57+00:00","description":"Juliana guldens van diverse jaren nu verkrijgbaar bij David-coin. Bekijk ons volledige aanbod. Gratis verzending binnen Nederland vanaf 75 euro.","breadcrumb":{"@id":"https:\/\/www.david-coin.com\/product\/nederland-1-gulden-1979-juliana\/#breadcrumb"},"inLanguage":"de","potentialAction":[{"@type":"ReadAction","target":["https:\/\/www.david-coin.com\/product\/nederland-1-gulden-1979-juliana\/"]}]},{"@type":"ImageObject","inLanguage":"de","@id":"https:\/\/www.david-coin.com\/product\/nederland-1-gulden-1979-juliana\/#primaryimage","url":"https:\/\/www.david-coin.com\/wp-content\/uploads\/2020\/04\/Nederland-1-Gulden-Juliana-David-coin.jpg","contentUrl":"https:\/\/www.david-coin.com\/wp-content\/uploads\/2020\/04\/Nederland-1-Gulden-Juliana-David-coin.jpg","width":662,"height":661,"caption":"Nederland-1-Gulden-Juliana-David-coin.jpg"},{"@type":"BreadcrumbList","@id":"https:\/\/www.david-coin.com\/product\/nederland-1-gulden-1979-juliana\/#breadcrumb","itemListElement":[{"@type":"ListItem","position":1,"name":"Home","item":"https:\/\/www.david-coin.com\/"},{"@type":"ListItem","position":2,"name":"Winkel","item":"https:\/\/www.david-coin.com\/winkel\/"},{"@type":"ListItem","position":3,"name":"Nederland 1 Gulden 1979 Juliana"}]},{"@type":"WebSite","@id":"https:\/\/www.david-coin.com\/#website","url":"https:\/\/www.david-coin.com\/","name":"David Coin","description":"","publisher":{"@id":"https:\/\/www.david-coin.com\/#organization"},"potentialAction":[{"@type":"SearchAction","target":{"@type":"EntryPoint","urlTemplate":"https:\/\/www.david-coin.com\/?s={search_term_string}"},"query-input":{"@type":"PropertyValueSpecification","valueRequired":true,"valueName":"search_term_string"}}],"inLanguage":"de"},{"@type":"Organization","@id":"https:\/\/www.david-coin.com\/#organization","name":"David Coin","url":"https:\/\/www.david-coin.com\/","logo":{"@type":"ImageObject","inLanguage":"de","@id":"https:\/\/www.david-coin.com\/#\/schema\/logo\/image\/","url":"https:\/\/www.david-coin.com\/wp-content\/uploads\/2024\/04\/davidcoin-logo-final.png","contentUrl":"https:\/\/www.david-coin.com\/wp-content\/uploads\/2024\/04\/davidcoin-logo-final.png","width":800,"height":267,"caption":"David Coin"},"image":{"@id":"https:\/\/www.david-coin.com\/#\/schema\/logo\/image\/"},"sameAs":["https:\/\/www.facebook.com\/Davidcoininkoopenverkoop","https:\/\/www.youtube.com\/channel\/UC39lihLKFSPTff0w6tv0pWQ"]}]},"product_price_amount":"1.00","product_price_currency":"EUR","og_availability":"instock","product_availability":"instock","product_retailer_item_id":"1453","product_condition":"new"},"_links":{"self":[{"href":"https:\/\/www.david-coin.com\/de\/wp-json\/wp\/v2\/product\/110402","targetHints":{"allow":["GET"]}}],"collection":[{"href":"https:\/\/www.david-coin.com\/de\/wp-json\/wp\/v2\/product"}],"about":[{"href":"https:\/\/www.david-coin.com\/de\/wp-json\/wp\/v2\/types\/product"}],"replies":[{"embeddable":true,"href":"https:\/\/www.david-coin.com\/de\/wp-json\/wp\/v2\/comments?post=110402"}],"wp:featuredmedia":[{"embeddable":true,"href":"https:\/\/www.david-coin.com\/de\/wp-json\/wp\/v2\/media\/110389"}],"wp:attachment":[{"href":"https:\/\/www.david-coin.com\/de\/wp-json\/wp\/v2\/media?parent=110402"}],"wp:term":[{"taxonomy":"product_brand","embeddable":true,"href":"https:\/\/www.david-coin.com\/de\/wp-json\/wp\/v2\/product_brand?post=110402"},{"taxonomy":"product_cat","embeddable":true,"href":"https:\/\/www.david-coin.com\/de\/wp-json\/wp\/v2\/product_cat?post=110402"},{"taxonomy":"product_tag","embeddable":true,"href":"https:\/\/www.david-coin.com\/de\/wp-json\/wp\/v2\/product_tag?post=110402"}],"curies":[{"name":"wp","href":"https:\/\/api.w.org\/{rel}","templated":true}]}}