{"id":110385,"date":"2020-04-21T12:00:53","date_gmt":"2020-04-21T12:00:53","guid":{"rendered":"https:\/\/www.david-coin.com\/product\/nederland-1-gulden-1964-juliana-zilver\/"},"modified":"2026-01-14T12:15:38","modified_gmt":"2026-01-14T11:15:38","slug":"nederland-1-gulden-1964-juliana-zilver","status":"publish","type":"product","link":"https:\/\/www.david-coin.com\/de\/produkt\/nederland-1-gulden-1964-juliana-zilver\/","title":{"rendered":"Nederland 1 Gulden 1964 Juliana zilver"},"content":{"rendered":"<p>Nederland 1 Gulden 1964 Juliana zilver<br \/>\nVorderseite:Portr\u00e4t nach rechts, unter dem Halsausschnitt Buchstabe: W<br \/>\nR\u00fcckseite: Gekr\u00f6ntes niederl\u00e4ndisches Wappen zwischen 1- G<br \/>\nGewicht:6,5 Gramm<br \/>\nNettogewicht des Silbers: 4,68 Gramm.<br \/>\nDurchmesser: 25 mm.<br \/>\nRandbeschriftung: Gott sei mit uns.<br \/>\nM\u00fcnzmeisterzeichen: Fisch<\/p>\n<p><strong>Der silberne Juliana-Gulden<\/strong><br \/>\nNach dem Zweiten Weltkrieg wurden in den Niederlanden wegen der Silberknappheit Silberm\u00fcnzen zu einem und zweieinhalb Gulden ausgegeben. Anfang der 1950er Jahre (1954) kamen schlie\u00dflich die ersten Silbergulden in Umlauf. Diese Gulden waren kleiner als ihre Vorg\u00e4nger (6,5 Gramm 720\/1000 Silber mit einem Durchmesser von 25 Millimetern). Diese Silberm\u00fcnzen mussten daher die Menge des kleinen Papiergeldes verringern, da die M\u00fcnzscheine zu schnell abgenutzt waren.  Silberne Gulden wurden von 1954 bis 1967 ausgegeben, wobei 1967 auf Nickel umgestellt wurde, da es ein billigeres Material ist. Infolgedessen gibt es zwei Arten von Gulden von 1967:<br \/>\n&#8211;\t<a href=\"\/de\/\u201dhttps:\/\/www.david-coin.com\/produkt\/nederland-1-gulden-1967-juliana-zilver\/\u201d\/\">Julianas Silbergulden;<\/a><br \/>\n&#8211;\t<a href=\"\/de\/\u201dhttps:\/\/www.david-coin.com\/produkt\/nederland-1-gulden-1967-juliana\/\u201d\/\">Juliana's Nickelgulden.<\/a><br \/>\nDer Unterschied zwischen den M\u00fcnzen ist in zweierlei Hinsicht leicht zu erkennen. Die Nickelm\u00fcnzen sind magnetisch, die Silberm\u00fcnzen nicht. Auch das Gewicht ist unterschiedlich, ein Silbergulden wiegt 6,5 Gramm, ein Nickelgulden nur 6 Gramm. Der Entwurf des Bildes von Juliana (Vorderseite) stammt von Ludwig Oswald Wenckebach, und unter dem Bild auf der Vorderseite befindet sich ein \"W\". <\/p>\n<p>Siehe Scans f\u00fcr weitere Einzelheiten.<br \/>\nBei Fragen k\u00f6nnen Sie uns gerne eine Nachricht schicken.<\/p>","protected":false},"excerpt":{"rendered":"<p>Nederland 1 Gulden 1964 Juliana zilver Voorzijde:Portret naar rechts, onder halsafsnede letter: W Keerzijde: Gekroond Nederlands wapen tussen 1- G Gewicht:6,5 gram Nettogewicht zilver: 4,68 gram. Diameter:25 mm. Randschrift: God zij met ons. Muntmeesterteken: Vis De zilveren Julianagulden Na de tweede wereldoorlog werden er in Nederland door schaarste aan zilver muntbiljetten van een en twee [&hellip;]<\/p>\n","protected":false},"featured_media":110378,"comment_status":"closed","ping_status":"closed","template":"","meta":[],"product_brand":[],"product_cat":[5523],"product_tag":[],"class_list":{"0":"post-110385","1":"product","2":"type-product","3":"status-publish","4":"has-post-thumbnail","6":"product_cat-juliana-1948-1980","7":"pa_delcampeid-5269","8":"pa_koning-koningin-juliana","9":"pa_kwaliteit-zeer-fraai","10":"pa_land-nederland","11":"pa_materiaal-zilver","12":"pa_muntwaarde-1gulden","13":"pa_soort-koninkrijksmunten","15":"first","16":"instock","17":"taxable","18":"shipping-taxable","19":"purchasable","20":"product-type-simple"},"yoast_head":"<!-- This site is optimized with the Yoast SEO Premium plugin v27.2 (Yoast SEO v27.4) - https:\/\/yoast.com\/product\/yoast-seo-premium-wordpress\/ -->\n<title>Nederland 1 Gulden 1964 Juliana zilver<\/title>\n<meta name=\"description\" content=\"Zilveren Juliana guldens nu verkrijgbaar bij David-coin. Bekijk ons volledige aanbod. Gratis verzending binnen Nederland vanaf 75 euro.\" \/>\n<meta name=\"robots\" content=\"index, follow, max-snippet:-1, max-image-preview:large, max-video-preview:-1\" \/>\n<link rel=\"canonical\" href=\"https:\/\/www.david-coin.com\/de\/produkt\/nederland-1-gulden-1964-juliana-zilver\/\" \/>\n<meta property=\"og:locale\" content=\"de_DE\" \/>\n<meta property=\"og:type\" content=\"article\" \/>\n<meta property=\"og:title\" content=\"Nederland 1 Gulden 1964 Juliana zilver\" \/>\n<meta property=\"og:description\" content=\"Zilveren Juliana guldens nu verkrijgbaar bij David-coin. Bekijk ons volledige aanbod. Gratis verzending binnen Nederland vanaf 75 euro.\" \/>\n<meta property=\"og:url\" content=\"https:\/\/www.david-coin.com\/de\/produkt\/nederland-1-gulden-1964-juliana-zilver\/\" \/>\n<meta property=\"og:site_name\" content=\"David Coin\" \/>\n<meta property=\"article:publisher\" content=\"https:\/\/www.facebook.com\/Davidcoininkoopenverkoop\" \/>\n<meta property=\"article:modified_time\" content=\"2026-01-14T11:15:38+00:00\" \/>\n<meta property=\"og:image\" content=\"https:\/\/www.david-coin.com\/wp-content\/uploads\/2020\/04\/Nederland-1-Gulden-Juliana-zilver-David-coin.jpg\" \/>\n\t<meta property=\"og:image:width\" content=\"695\" \/>\n\t<meta property=\"og:image:height\" content=\"694\" \/>\n\t<meta property=\"og:image:type\" content=\"image\/jpeg\" \/>\n<meta name=\"twitter:card\" content=\"summary_large_image\" \/>\n<meta name=\"twitter:label1\" content=\"Preis\" \/>\n\t<meta name=\"twitter:data1\" content=\"&euro;&nbsp;16,51\" \/>\n\t<meta name=\"twitter:label2\" content=\"Verf\u00fcgbarkeit\" \/>\n\t<meta name=\"twitter:data2\" content=\"Auf Lager\" \/>\n<script type=\"application\/ld+json\" class=\"yoast-schema-graph\">{\"@context\":\"https:\\\/\\\/schema.org\",\"@graph\":[{\"@type\":\"WebPage\",\"@id\":\"https:\\\/\\\/www.david-coin.com\\\/product\\\/nederland-1-gulden-1964-juliana-zilver\\\/\",\"url\":\"https:\\\/\\\/www.david-coin.com\\\/product\\\/nederland-1-gulden-1964-juliana-zilver\\\/\",\"name\":\"Nederland 1 Gulden 1964 Juliana zilver\",\"isPartOf\":{\"@id\":\"https:\\\/\\\/www.david-coin.com\\\/#website\"},\"primaryImageOfPage\":{\"@id\":\"https:\\\/\\\/www.david-coin.com\\\/product\\\/nederland-1-gulden-1964-juliana-zilver\\\/#primaryimage\"},\"image\":{\"@id\":\"https:\\\/\\\/www.david-coin.com\\\/product\\\/nederland-1-gulden-1964-juliana-zilver\\\/#primaryimage\"},\"thumbnailUrl\":\"https:\\\/\\\/www.david-coin.com\\\/wp-content\\\/uploads\\\/2020\\\/04\\\/Nederland-1-Gulden-Juliana-zilver-David-coin.jpg\",\"datePublished\":\"2020-04-21T12:00:53+00:00\",\"dateModified\":\"2026-01-14T11:15:38+00:00\",\"description\":\"Zilveren Juliana guldens nu verkrijgbaar bij David-coin. Bekijk ons volledige aanbod. Gratis verzending binnen Nederland vanaf 75 euro.\",\"breadcrumb\":{\"@id\":\"https:\\\/\\\/www.david-coin.com\\\/product\\\/nederland-1-gulden-1964-juliana-zilver\\\/#breadcrumb\"},\"inLanguage\":\"de\",\"potentialAction\":[{\"@type\":\"ReadAction\",\"target\":[\"https:\\\/\\\/www.david-coin.com\\\/product\\\/nederland-1-gulden-1964-juliana-zilver\\\/\"]}]},{\"@type\":\"ImageObject\",\"inLanguage\":\"de\",\"@id\":\"https:\\\/\\\/www.david-coin.com\\\/product\\\/nederland-1-gulden-1964-juliana-zilver\\\/#primaryimage\",\"url\":\"https:\\\/\\\/www.david-coin.com\\\/wp-content\\\/uploads\\\/2020\\\/04\\\/Nederland-1-Gulden-Juliana-zilver-David-coin.jpg\",\"contentUrl\":\"https:\\\/\\\/www.david-coin.com\\\/wp-content\\\/uploads\\\/2020\\\/04\\\/Nederland-1-Gulden-Juliana-zilver-David-coin.jpg\",\"width\":695,\"height\":694,\"caption\":\"Nederland-1-Gulden-Juliana-zilver-David-coin.jpg\"},{\"@type\":\"BreadcrumbList\",\"@id\":\"https:\\\/\\\/www.david-coin.com\\\/product\\\/nederland-1-gulden-1964-juliana-zilver\\\/#breadcrumb\",\"itemListElement\":[{\"@type\":\"ListItem\",\"position\":1,\"name\":\"Home\",\"item\":\"https:\\\/\\\/www.david-coin.com\\\/\"},{\"@type\":\"ListItem\",\"position\":2,\"name\":\"Winkel\",\"item\":\"https:\\\/\\\/www.david-coin.com\\\/winkel\\\/\"},{\"@type\":\"ListItem\",\"position\":3,\"name\":\"Nederland 1 Gulden 1964 Juliana zilver\"}]},{\"@type\":\"WebSite\",\"@id\":\"https:\\\/\\\/www.david-coin.com\\\/#website\",\"url\":\"https:\\\/\\\/www.david-coin.com\\\/\",\"name\":\"David Coin\",\"description\":\"\",\"publisher\":{\"@id\":\"https:\\\/\\\/www.david-coin.com\\\/#organization\"},\"potentialAction\":[{\"@type\":\"SearchAction\",\"target\":{\"@type\":\"EntryPoint\",\"urlTemplate\":\"https:\\\/\\\/www.david-coin.com\\\/?s={search_term_string}\"},\"query-input\":{\"@type\":\"PropertyValueSpecification\",\"valueRequired\":true,\"valueName\":\"search_term_string\"}}],\"inLanguage\":\"de\"},{\"@type\":\"Organization\",\"@id\":\"https:\\\/\\\/www.david-coin.com\\\/#organization\",\"name\":\"David Coin\",\"url\":\"https:\\\/\\\/www.david-coin.com\\\/\",\"logo\":{\"@type\":\"ImageObject\",\"inLanguage\":\"de\",\"@id\":\"https:\\\/\\\/www.david-coin.com\\\/#\\\/schema\\\/logo\\\/image\\\/\",\"url\":\"https:\\\/\\\/www.david-coin.com\\\/wp-content\\\/uploads\\\/2024\\\/04\\\/davidcoin-logo-final.png\",\"contentUrl\":\"https:\\\/\\\/www.david-coin.com\\\/wp-content\\\/uploads\\\/2024\\\/04\\\/davidcoin-logo-final.png\",\"width\":800,\"height\":267,\"caption\":\"David Coin\"},\"image\":{\"@id\":\"https:\\\/\\\/www.david-coin.com\\\/#\\\/schema\\\/logo\\\/image\\\/\"},\"sameAs\":[\"https:\\\/\\\/www.facebook.com\\\/Davidcoininkoopenverkoop\",\"https:\\\/\\\/www.youtube.com\\\/channel\\\/UC39lihLKFSPTff0w6tv0pWQ\"]}]}<\/script>\n<meta property=\"product:price:amount\" content=\"16.51\" \/>\n<meta property=\"product:price:currency\" content=\"EUR\" \/>\n<meta property=\"og:availability\" content=\"instock\" \/>\n<meta property=\"product:availability\" content=\"instock\" \/>\n<meta property=\"product:retailer_item_id\" content=\"1436\" \/>\n<meta property=\"product:condition\" content=\"new\" \/>\n<!-- \/ Yoast SEO Premium plugin. -->","yoast_head_json":{"title":"Nederland 1 Gulden 1964 Juliana zilver","description":"Zilveren Juliana guldens nu verkrijgbaar bij David-coin. Bekijk ons volledige aanbod. Gratis verzending binnen Nederland vanaf 75 euro.","robots":{"index":"index","follow":"follow","max-snippet":"max-snippet:-1","max-image-preview":"max-image-preview:large","max-video-preview":"max-video-preview:-1"},"canonical":"https:\/\/www.david-coin.com\/de\/produkt\/nederland-1-gulden-1964-juliana-zilver\/","og_locale":"de_DE","og_type":"article","og_title":"Nederland 1 Gulden 1964 Juliana zilver","og_description":"Zilveren Juliana guldens nu verkrijgbaar bij David-coin. Bekijk ons volledige aanbod. Gratis verzending binnen Nederland vanaf 75 euro.","og_url":"https:\/\/www.david-coin.com\/de\/produkt\/nederland-1-gulden-1964-juliana-zilver\/","og_site_name":"David Coin","article_publisher":"https:\/\/www.facebook.com\/Davidcoininkoopenverkoop","article_modified_time":"2026-01-14T11:15:38+00:00","og_image":[{"width":695,"height":694,"url":"https:\/\/www.david-coin.com\/wp-content\/uploads\/2020\/04\/Nederland-1-Gulden-Juliana-zilver-David-coin.jpg","type":"image\/jpeg"}],"twitter_card":"summary_large_image","twitter_misc":{"Preis":"&euro;&nbsp;16,51","Verf\u00fcgbarkeit":"Auf Lager"},"schema":{"@context":"https:\/\/schema.org","@graph":[{"@type":"WebPage","@id":"https:\/\/www.david-coin.com\/product\/nederland-1-gulden-1964-juliana-zilver\/","url":"https:\/\/www.david-coin.com\/product\/nederland-1-gulden-1964-juliana-zilver\/","name":"Nederland 1 Gulden 1964 Juliana zilver","isPartOf":{"@id":"https:\/\/www.david-coin.com\/#website"},"primaryImageOfPage":{"@id":"https:\/\/www.david-coin.com\/product\/nederland-1-gulden-1964-juliana-zilver\/#primaryimage"},"image":{"@id":"https:\/\/www.david-coin.com\/product\/nederland-1-gulden-1964-juliana-zilver\/#primaryimage"},"thumbnailUrl":"https:\/\/www.david-coin.com\/wp-content\/uploads\/2020\/04\/Nederland-1-Gulden-Juliana-zilver-David-coin.jpg","datePublished":"2020-04-21T12:00:53+00:00","dateModified":"2026-01-14T11:15:38+00:00","description":"Zilveren Juliana guldens nu verkrijgbaar bij David-coin. Bekijk ons volledige aanbod. Gratis verzending binnen Nederland vanaf 75 euro.","breadcrumb":{"@id":"https:\/\/www.david-coin.com\/product\/nederland-1-gulden-1964-juliana-zilver\/#breadcrumb"},"inLanguage":"de","potentialAction":[{"@type":"ReadAction","target":["https:\/\/www.david-coin.com\/product\/nederland-1-gulden-1964-juliana-zilver\/"]}]},{"@type":"ImageObject","inLanguage":"de","@id":"https:\/\/www.david-coin.com\/product\/nederland-1-gulden-1964-juliana-zilver\/#primaryimage","url":"https:\/\/www.david-coin.com\/wp-content\/uploads\/2020\/04\/Nederland-1-Gulden-Juliana-zilver-David-coin.jpg","contentUrl":"https:\/\/www.david-coin.com\/wp-content\/uploads\/2020\/04\/Nederland-1-Gulden-Juliana-zilver-David-coin.jpg","width":695,"height":694,"caption":"Nederland-1-Gulden-Juliana-zilver-David-coin.jpg"},{"@type":"BreadcrumbList","@id":"https:\/\/www.david-coin.com\/product\/nederland-1-gulden-1964-juliana-zilver\/#breadcrumb","itemListElement":[{"@type":"ListItem","position":1,"name":"Home","item":"https:\/\/www.david-coin.com\/"},{"@type":"ListItem","position":2,"name":"Winkel","item":"https:\/\/www.david-coin.com\/winkel\/"},{"@type":"ListItem","position":3,"name":"Nederland 1 Gulden 1964 Juliana zilver"}]},{"@type":"WebSite","@id":"https:\/\/www.david-coin.com\/#website","url":"https:\/\/www.david-coin.com\/","name":"David Coin","description":"","publisher":{"@id":"https:\/\/www.david-coin.com\/#organization"},"potentialAction":[{"@type":"SearchAction","target":{"@type":"EntryPoint","urlTemplate":"https:\/\/www.david-coin.com\/?s={search_term_string}"},"query-input":{"@type":"PropertyValueSpecification","valueRequired":true,"valueName":"search_term_string"}}],"inLanguage":"de"},{"@type":"Organization","@id":"https:\/\/www.david-coin.com\/#organization","name":"David Coin","url":"https:\/\/www.david-coin.com\/","logo":{"@type":"ImageObject","inLanguage":"de","@id":"https:\/\/www.david-coin.com\/#\/schema\/logo\/image\/","url":"https:\/\/www.david-coin.com\/wp-content\/uploads\/2024\/04\/davidcoin-logo-final.png","contentUrl":"https:\/\/www.david-coin.com\/wp-content\/uploads\/2024\/04\/davidcoin-logo-final.png","width":800,"height":267,"caption":"David Coin"},"image":{"@id":"https:\/\/www.david-coin.com\/#\/schema\/logo\/image\/"},"sameAs":["https:\/\/www.facebook.com\/Davidcoininkoopenverkoop","https:\/\/www.youtube.com\/channel\/UC39lihLKFSPTff0w6tv0pWQ"]}]},"product_price_amount":"16.51","product_price_currency":"EUR","og_availability":"instock","product_availability":"instock","product_retailer_item_id":"1436","product_condition":"new"},"_links":{"self":[{"href":"https:\/\/www.david-coin.com\/de\/wp-json\/wp\/v2\/product\/110385","targetHints":{"allow":["GET"]}}],"collection":[{"href":"https:\/\/www.david-coin.com\/de\/wp-json\/wp\/v2\/product"}],"about":[{"href":"https:\/\/www.david-coin.com\/de\/wp-json\/wp\/v2\/types\/product"}],"replies":[{"embeddable":true,"href":"https:\/\/www.david-coin.com\/de\/wp-json\/wp\/v2\/comments?post=110385"}],"wp:featuredmedia":[{"embeddable":true,"href":"https:\/\/www.david-coin.com\/de\/wp-json\/wp\/v2\/media\/110378"}],"wp:attachment":[{"href":"https:\/\/www.david-coin.com\/de\/wp-json\/wp\/v2\/media?parent=110385"}],"wp:term":[{"taxonomy":"product_brand","embeddable":true,"href":"https:\/\/www.david-coin.com\/de\/wp-json\/wp\/v2\/product_brand?post=110385"},{"taxonomy":"product_cat","embeddable":true,"href":"https:\/\/www.david-coin.com\/de\/wp-json\/wp\/v2\/product_cat?post=110385"},{"taxonomy":"product_tag","embeddable":true,"href":"https:\/\/www.david-coin.com\/de\/wp-json\/wp\/v2\/product_tag?post=110385"}],"curies":[{"name":"wp","href":"https:\/\/api.w.org\/{rel}","templated":true}]}}