{"id":109985,"date":"2020-03-30T14:46:12","date_gmt":"2020-03-30T14:46:12","guid":{"rendered":"https:\/\/www.david-coin.com\/product\/nederland-gouden-vijfje-1912-wilhelmina-842\/"},"modified":"2026-04-29T19:29:21","modified_gmt":"2026-04-29T17:29:21","slug":"nederland-gouden-vijfje-1912-wilhelmina-842","status":"publish","type":"product","link":"https:\/\/www.david-coin.com\/de\/produkt\/nederland-gouden-vijfje-1912-wilhelmina-842\/","title":{"rendered":"Niederlande Gold f\u00fcnf 1912 Wilhelmina"},"content":{"rendered":"<p><span style=\"font-size: 12pt;\"><strong>Niederlande Gold f\u00fcnf 1912 Wilhelmina<br \/>\n<\/strong><\/span><br \/>\n<span style=\"font-size: 12pt;\">Qualit\u00e4t: Sehr fein<\/span><br \/>\n<span style=\"font-size: 12pt;\">Gewicht: 3,36 g.<\/span><br \/>\n<span style=\"font-size: 12pt;\">Goldgehalt:900\/1000<br \/>\n<\/span>Netto-Gold: 3,048 Gramm<br \/>\n<span style=\"font-size: 12pt;\">Durchmesser: 18 mm.<\/span><br \/>\n<span style=\"font-size: 12pt;\">Vorderseite: Brustbild mit Hermelinmantel nach rechts.<\/span><br \/>\n<span style=\"font-size: 12pt;\">R\u00fcckseite: Gekr\u00f6ntes niederl\u00e4ndisches Wappen zwischen 5-G (5 Gulden).<\/span><br \/>\n<span style=\"font-size: 12pt;\">Kante: Gezahnt<br \/>\n<\/span><br \/>\n<span style=\"font-size: 12pt;\">Dieser Typ ist die einzige 5-Gulden-Goldm\u00fcnze, die mit Wilhelmina gepr\u00e4gt wurde. Investieren Sie in diese seltene 5-Gulden-Goldm\u00fcnze. Die Auflage dieser seltenen Gold-5-Gulden-M\u00fcnze betrug nur 1 Million St\u00fcck f\u00fcr die Niederlande, von denen viele inzwischen eingeschmolzen wurden. Die tats\u00e4chlich verf\u00fcgbare St\u00fcckzahl wird also geringer sein.\u00a0<\/span><\/p>\n<p><strong><span style=\"font-size: 12pt;\"><br \/>\n<\/span>Der goldene F\u00fcnfer ist eine bei Anlegern und Sammlern gleicherma\u00dfen beliebte und beliebte M\u00fcnze.<\/strong><\/p>\n<p><span style=\"font-size: 12pt;\">Siehe Scans f\u00fcr weitere Einzelheiten.<\/span><br \/>\n<span style=\"font-size: 12pt;\">VB Foto. Sie erhalten dann eine identische Kopie.\u00a0<\/span><br \/>\n<span style=\"font-size: 12pt;\">Bei Fragen k\u00f6nnen Sie uns gerne eine Nachricht schicken.<\/span><\/p>","protected":false},"excerpt":{"rendered":"<p class=\"ai-optimize-24 ai-optimize-introduction\">900\/1000<\/p>","protected":false},"featured_media":109983,"comment_status":"closed","ping_status":"closed","template":"","meta":[],"product_brand":[],"product_cat":[5479,5567,5606,5471,5522],"product_tag":[5636],"class_list":{"0":"post-109985","1":"product","2":"type-product","3":"status-publish","4":"has-post-thumbnail","6":"product_cat-edelmetaal-goud-kopen","7":"product_cat-gouden-munten-of-baren","8":"product_cat-gouden-tientjes-vijfjes-en-dukaten-per-jaar","9":"product_cat-nederlandse-munten","10":"product_cat-wilhelmina-1890-1948","11":"product_tag-uitgelicht","12":"pa_koning-koningin-wilhelmina","13":"pa_kwaliteit-zeer-fraai","14":"pa_land-nederland","15":"pa_materiaal-goud","16":"pa_muntwaarde-5gulden","18":"first","19":"instock","20":"taxable","21":"shipping-taxable","22":"purchasable","23":"product-type-simple"},"yoast_head":"<!-- This site is optimized with the Yoast SEO Premium plugin v27.2 (Yoast SEO v27.5) - https:\/\/yoast.com\/product\/yoast-seo-premium-wordpress\/ -->\n<title>Nederland Gouden vijfje 1912 Wilhelmina<\/title>\n<meta name=\"description\" content=\"Nederland Gouden vijfje 1912 Wilhelmina verkrijgbaar bij David-coin. Bekijk ons totale aanbod gouden munten. Gratis verzending binnen NL vanaf 5000 euro.\" \/>\n<meta name=\"robots\" content=\"index, follow, max-snippet:-1, max-image-preview:large, max-video-preview:-1\" \/>\n<link rel=\"canonical\" href=\"https:\/\/www.david-coin.com\/de\/produkt\/nederland-gouden-vijfje-1912-wilhelmina-842\/\" \/>\n<meta property=\"og:locale\" content=\"de_DE\" \/>\n<meta property=\"og:type\" content=\"article\" \/>\n<meta property=\"og:title\" content=\"Nederland Gouden vijfje 1912 Wilhelmina\" \/>\n<meta property=\"og:description\" content=\"Nederland Gouden vijfje 1912 Wilhelmina verkrijgbaar bij David-coin. Bekijk ons totale aanbod gouden munten. Gratis verzending binnen NL vanaf 5000 euro.\" \/>\n<meta property=\"og:url\" content=\"https:\/\/www.david-coin.com\/de\/produkt\/nederland-gouden-vijfje-1912-wilhelmina-842\/\" \/>\n<meta property=\"og:site_name\" content=\"David Coin\" \/>\n<meta property=\"article:publisher\" content=\"https:\/\/www.facebook.com\/Davidcoininkoopenverkoop\" \/>\n<meta property=\"article:modified_time\" content=\"2026-04-29T17:29:21+00:00\" \/>\n<meta property=\"og:image\" content=\"https:\/\/www.david-coin.com\/wp-content\/uploads\/2020\/03\/goudenvijfje-1.jpg\" \/>\n\t<meta property=\"og:image:width\" content=\"800\" \/>\n\t<meta property=\"og:image:height\" content=\"800\" \/>\n\t<meta property=\"og:image:type\" content=\"image\/jpeg\" \/>\n<meta name=\"twitter:card\" content=\"summary_large_image\" \/>\n<meta name=\"twitter:label1\" content=\"Preis\" \/>\n\t<meta name=\"twitter:data1\" content=\"&euro;&nbsp;440,22\" \/>\n\t<meta name=\"twitter:label2\" content=\"Verf\u00fcgbarkeit\" \/>\n\t<meta name=\"twitter:data2\" content=\"Auf Lager\" \/>\n<script type=\"application\/ld+json\" class=\"yoast-schema-graph\">{\"@context\":\"https:\\\/\\\/schema.org\",\"@graph\":[{\"@type\":\"WebPage\",\"@id\":\"https:\\\/\\\/www.david-coin.com\\\/product\\\/nederland-gouden-vijfje-1912-wilhelmina-842\\\/\",\"url\":\"https:\\\/\\\/www.david-coin.com\\\/product\\\/nederland-gouden-vijfje-1912-wilhelmina-842\\\/\",\"name\":\"Nederland Gouden vijfje 1912 Wilhelmina\",\"isPartOf\":{\"@id\":\"https:\\\/\\\/www.david-coin.com\\\/#website\"},\"primaryImageOfPage\":{\"@id\":\"https:\\\/\\\/www.david-coin.com\\\/product\\\/nederland-gouden-vijfje-1912-wilhelmina-842\\\/#primaryimage\"},\"image\":{\"@id\":\"https:\\\/\\\/www.david-coin.com\\\/product\\\/nederland-gouden-vijfje-1912-wilhelmina-842\\\/#primaryimage\"},\"thumbnailUrl\":\"https:\\\/\\\/www.david-coin.com\\\/wp-content\\\/uploads\\\/2020\\\/03\\\/goudenvijfje-1.jpg\",\"datePublished\":\"2020-03-30T14:46:12+00:00\",\"dateModified\":\"2026-04-29T17:29:21+00:00\",\"description\":\"Nederland Gouden vijfje 1912 Wilhelmina verkrijgbaar bij David-coin. Bekijk ons totale aanbod gouden munten. Gratis verzending binnen NL vanaf 5000 euro.\",\"breadcrumb\":{\"@id\":\"https:\\\/\\\/www.david-coin.com\\\/product\\\/nederland-gouden-vijfje-1912-wilhelmina-842\\\/#breadcrumb\"},\"inLanguage\":\"de\",\"potentialAction\":[{\"@type\":\"ReadAction\",\"target\":[\"https:\\\/\\\/www.david-coin.com\\\/product\\\/nederland-gouden-vijfje-1912-wilhelmina-842\\\/\"]}]},{\"@type\":\"ImageObject\",\"inLanguage\":\"de\",\"@id\":\"https:\\\/\\\/www.david-coin.com\\\/product\\\/nederland-gouden-vijfje-1912-wilhelmina-842\\\/#primaryimage\",\"url\":\"https:\\\/\\\/www.david-coin.com\\\/wp-content\\\/uploads\\\/2020\\\/03\\\/goudenvijfje-1.jpg\",\"contentUrl\":\"https:\\\/\\\/www.david-coin.com\\\/wp-content\\\/uploads\\\/2020\\\/03\\\/goudenvijfje-1.jpg\",\"width\":800,\"height\":800,\"caption\":\"gouden vijfje\"},{\"@type\":\"BreadcrumbList\",\"@id\":\"https:\\\/\\\/www.david-coin.com\\\/product\\\/nederland-gouden-vijfje-1912-wilhelmina-842\\\/#breadcrumb\",\"itemListElement\":[{\"@type\":\"ListItem\",\"position\":1,\"name\":\"Home\",\"item\":\"https:\\\/\\\/www.david-coin.com\\\/\"},{\"@type\":\"ListItem\",\"position\":2,\"name\":\"Winkel\",\"item\":\"https:\\\/\\\/www.david-coin.com\\\/winkel\\\/\"},{\"@type\":\"ListItem\",\"position\":3,\"name\":\"Nederland Gouden vijfje 1912 Wilhelmina\"}]},{\"@type\":\"WebSite\",\"@id\":\"https:\\\/\\\/www.david-coin.com\\\/#website\",\"url\":\"https:\\\/\\\/www.david-coin.com\\\/\",\"name\":\"David Coin\",\"description\":\"\",\"publisher\":{\"@id\":\"https:\\\/\\\/www.david-coin.com\\\/#organization\"},\"potentialAction\":[{\"@type\":\"SearchAction\",\"target\":{\"@type\":\"EntryPoint\",\"urlTemplate\":\"https:\\\/\\\/www.david-coin.com\\\/?s={search_term_string}\"},\"query-input\":{\"@type\":\"PropertyValueSpecification\",\"valueRequired\":true,\"valueName\":\"search_term_string\"}}],\"inLanguage\":\"de\"},{\"@type\":\"Organization\",\"@id\":\"https:\\\/\\\/www.david-coin.com\\\/#organization\",\"name\":\"David Coin\",\"url\":\"https:\\\/\\\/www.david-coin.com\\\/\",\"logo\":{\"@type\":\"ImageObject\",\"inLanguage\":\"de\",\"@id\":\"https:\\\/\\\/www.david-coin.com\\\/#\\\/schema\\\/logo\\\/image\\\/\",\"url\":\"https:\\\/\\\/www.david-coin.com\\\/wp-content\\\/uploads\\\/2024\\\/04\\\/davidcoin-logo-final.png\",\"contentUrl\":\"https:\\\/\\\/www.david-coin.com\\\/wp-content\\\/uploads\\\/2024\\\/04\\\/davidcoin-logo-final.png\",\"width\":800,\"height\":267,\"caption\":\"David Coin\"},\"image\":{\"@id\":\"https:\\\/\\\/www.david-coin.com\\\/#\\\/schema\\\/logo\\\/image\\\/\"},\"sameAs\":[\"https:\\\/\\\/www.facebook.com\\\/Davidcoininkoopenverkoop\",\"https:\\\/\\\/www.youtube.com\\\/channel\\\/UC39lihLKFSPTff0w6tv0pWQ\"]}]}<\/script>\n<meta property=\"product:price:amount\" content=\"440.22\" \/>\n<meta property=\"product:price:currency\" content=\"EUR\" \/>\n<meta property=\"og:availability\" content=\"instock\" \/>\n<meta property=\"product:availability\" content=\"instock\" \/>\n<meta property=\"product:retailer_item_id\" content=\"9003\" \/>\n<meta property=\"product:condition\" content=\"new\" \/>\n<!-- \/ Yoast SEO Premium plugin. -->","yoast_head_json":{"title":"Niederlande Gold f\u00fcnf 1912 Wilhelmina","description":"Nederland Gouden vijfje 1912 Wilhelmina verkrijgbaar bij David-coin. Bekijk ons totale aanbod gouden munten. Gratis verzending binnen NL vanaf 5000 euro.","robots":{"index":"index","follow":"follow","max-snippet":"max-snippet:-1","max-image-preview":"max-image-preview:large","max-video-preview":"max-video-preview:-1"},"canonical":"https:\/\/www.david-coin.com\/de\/produkt\/nederland-gouden-vijfje-1912-wilhelmina-842\/","og_locale":"de_DE","og_type":"article","og_title":"Nederland Gouden vijfje 1912 Wilhelmina","og_description":"Nederland Gouden vijfje 1912 Wilhelmina verkrijgbaar bij David-coin. Bekijk ons totale aanbod gouden munten. Gratis verzending binnen NL vanaf 5000 euro.","og_url":"https:\/\/www.david-coin.com\/de\/produkt\/nederland-gouden-vijfje-1912-wilhelmina-842\/","og_site_name":"David Coin","article_publisher":"https:\/\/www.facebook.com\/Davidcoininkoopenverkoop","article_modified_time":"2026-04-29T17:29:21+00:00","og_image":[{"width":800,"height":800,"url":"https:\/\/www.david-coin.com\/wp-content\/uploads\/2020\/03\/goudenvijfje-1.jpg","type":"image\/jpeg"}],"twitter_card":"summary_large_image","twitter_misc":{"Preis":"&euro;&nbsp;440,22","Verf\u00fcgbarkeit":"Auf Lager"},"schema":{"@context":"https:\/\/schema.org","@graph":[{"@type":"WebPage","@id":"https:\/\/www.david-coin.com\/product\/nederland-gouden-vijfje-1912-wilhelmina-842\/","url":"https:\/\/www.david-coin.com\/product\/nederland-gouden-vijfje-1912-wilhelmina-842\/","name":"Niederlande Gold f\u00fcnf 1912 Wilhelmina","isPartOf":{"@id":"https:\/\/www.david-coin.com\/#website"},"primaryImageOfPage":{"@id":"https:\/\/www.david-coin.com\/product\/nederland-gouden-vijfje-1912-wilhelmina-842\/#primaryimage"},"image":{"@id":"https:\/\/www.david-coin.com\/product\/nederland-gouden-vijfje-1912-wilhelmina-842\/#primaryimage"},"thumbnailUrl":"https:\/\/www.david-coin.com\/wp-content\/uploads\/2020\/03\/goudenvijfje-1.jpg","datePublished":"2020-03-30T14:46:12+00:00","dateModified":"2026-04-29T17:29:21+00:00","description":"Nederland Gouden vijfje 1912 Wilhelmina verkrijgbaar bij David-coin. Bekijk ons totale aanbod gouden munten. Gratis verzending binnen NL vanaf 5000 euro.","breadcrumb":{"@id":"https:\/\/www.david-coin.com\/product\/nederland-gouden-vijfje-1912-wilhelmina-842\/#breadcrumb"},"inLanguage":"de","potentialAction":[{"@type":"ReadAction","target":["https:\/\/www.david-coin.com\/product\/nederland-gouden-vijfje-1912-wilhelmina-842\/"]}]},{"@type":"ImageObject","inLanguage":"de","@id":"https:\/\/www.david-coin.com\/product\/nederland-gouden-vijfje-1912-wilhelmina-842\/#primaryimage","url":"https:\/\/www.david-coin.com\/wp-content\/uploads\/2020\/03\/goudenvijfje-1.jpg","contentUrl":"https:\/\/www.david-coin.com\/wp-content\/uploads\/2020\/03\/goudenvijfje-1.jpg","width":800,"height":800,"caption":"gouden vijfje"},{"@type":"BreadcrumbList","@id":"https:\/\/www.david-coin.com\/product\/nederland-gouden-vijfje-1912-wilhelmina-842\/#breadcrumb","itemListElement":[{"@type":"ListItem","position":1,"name":"Home","item":"https:\/\/www.david-coin.com\/"},{"@type":"ListItem","position":2,"name":"Winkel","item":"https:\/\/www.david-coin.com\/winkel\/"},{"@type":"ListItem","position":3,"name":"Nederland Gouden vijfje 1912 Wilhelmina"}]},{"@type":"WebSite","@id":"https:\/\/www.david-coin.com\/#website","url":"https:\/\/www.david-coin.com\/","name":"David Coin","description":"","publisher":{"@id":"https:\/\/www.david-coin.com\/#organization"},"potentialAction":[{"@type":"SearchAction","target":{"@type":"EntryPoint","urlTemplate":"https:\/\/www.david-coin.com\/?s={search_term_string}"},"query-input":{"@type":"PropertyValueSpecification","valueRequired":true,"valueName":"search_term_string"}}],"inLanguage":"de"},{"@type":"Organization","@id":"https:\/\/www.david-coin.com\/#organization","name":"David Coin","url":"https:\/\/www.david-coin.com\/","logo":{"@type":"ImageObject","inLanguage":"de","@id":"https:\/\/www.david-coin.com\/#\/schema\/logo\/image\/","url":"https:\/\/www.david-coin.com\/wp-content\/uploads\/2024\/04\/davidcoin-logo-final.png","contentUrl":"https:\/\/www.david-coin.com\/wp-content\/uploads\/2024\/04\/davidcoin-logo-final.png","width":800,"height":267,"caption":"David Coin"},"image":{"@id":"https:\/\/www.david-coin.com\/#\/schema\/logo\/image\/"},"sameAs":["https:\/\/www.facebook.com\/Davidcoininkoopenverkoop","https:\/\/www.youtube.com\/channel\/UC39lihLKFSPTff0w6tv0pWQ"]}]},"product_price_amount":"440.22","product_price_currency":"EUR","og_availability":"instock","product_availability":"instock","product_retailer_item_id":"9003","product_condition":"new"},"_links":{"self":[{"href":"https:\/\/www.david-coin.com\/de\/wp-json\/wp\/v2\/product\/109985","targetHints":{"allow":["GET"]}}],"collection":[{"href":"https:\/\/www.david-coin.com\/de\/wp-json\/wp\/v2\/product"}],"about":[{"href":"https:\/\/www.david-coin.com\/de\/wp-json\/wp\/v2\/types\/product"}],"replies":[{"embeddable":true,"href":"https:\/\/www.david-coin.com\/de\/wp-json\/wp\/v2\/comments?post=109985"}],"wp:featuredmedia":[{"embeddable":true,"href":"https:\/\/www.david-coin.com\/de\/wp-json\/wp\/v2\/media\/109983"}],"wp:attachment":[{"href":"https:\/\/www.david-coin.com\/de\/wp-json\/wp\/v2\/media?parent=109985"}],"wp:term":[{"taxonomy":"product_brand","embeddable":true,"href":"https:\/\/www.david-coin.com\/de\/wp-json\/wp\/v2\/product_brand?post=109985"},{"taxonomy":"product_cat","embeddable":true,"href":"https:\/\/www.david-coin.com\/de\/wp-json\/wp\/v2\/product_cat?post=109985"},{"taxonomy":"product_tag","embeddable":true,"href":"https:\/\/www.david-coin.com\/de\/wp-json\/wp\/v2\/product_tag?post=109985"}],"curies":[{"name":"wp","href":"https:\/\/api.w.org\/{rel}","templated":true}]}}