{"id":109390,"date":"2019-11-09T19:40:22","date_gmt":"2019-11-09T19:40:22","guid":{"rendered":"https:\/\/www.david-coin.com\/product\/nederland-5-cent-1913\/"},"modified":"2026-03-21T07:13:03","modified_gmt":"2026-03-21T06:13:03","slug":"nederland-5-cent-1913","status":"publish","type":"product","link":"https:\/\/www.david-coin.com\/de\/produkt\/nederland-5-cent-1913\/","title":{"rendered":"Nederland 5 Cent 1913"},"content":{"rendered":"<p>Nederland, 5 cent 1913<br \/>\nUnter der Herrschaft von K\u00f6nigin Wilhelmina.<\/p>\n<p>Der quadratische Penny von <a href=\"https:\/\/www.david-coin.com\/de\/produkt-kategorie\/nederlandse-munten\/wilhelmina-1890-1948\/\">K\u00f6nigin Wilhelmina<\/a> ist eine der wenigen niederl\u00e4ndischen M\u00fcnzen des K\u00f6nigreichs, die nicht rund ist. Die quadratische Form wurde gew\u00e4hlt, weil es keine M\u00f6glichkeit gab, eine runde F\u00fcnf-Cent-M\u00fcnze herzustellen, die nicht zu sehr wie eine Vierteldollar-M\u00fcnze aussehen w\u00fcrde. Dies war zuvor mit der \"Nachtviertelstunde\" geschehen. Die Nickelm\u00fcnze wurde teilweise im exotischen Stil gestaltet, und so sind Muscheln und Perlen auf dem M\u00fcnzbild abgebildet. Die Vorderseite zeigt einen orangefarbenen Zweig, der von Perlen umgeben ist, und die R\u00fcckseite zeigt den Wert und die Jahreszahl. Die M\u00fcnze wiegt 4,5 Gramm und hat einen Durchmesser von 30,2 Millimetern. Die M\u00fcnze geh\u00f6rt zur Serie der M\u00fcnzen von <a href=\"https:\/\/www.david-coin.com\/de\/produkt-kategorie\/nederlandse-munten\/wilhelmina-1890-1948\/\">K\u00f6nigin Wilhelmina<\/a> und zus\u00e4tzlich zum quadratischen Nickel die folgenden M\u00fcnzen:<br \/>\n&#8211;\t<a href=\"https:\/\/www.david-coin.com\/de\/produkt\/nederland-1-2-cent-1894-wilhelmina\/\">Halbe-Cent-Wilhelmina;<\/a><a href=\"https:\/\/www.david-coin.com\/de\/produkt\/nederland-1-cent-1892-wilhelmina\/\">Cent Wilhelmina;<\/a><br \/>\n&#8211;\t<a href=\"https:\/\/www.david-coin.com\/de\/produkt\/nederland-2-1-2-cent-1898-wilhelmina\/\">Zweieinhalb Cents Wilhelmina;<\/a><br \/>\n&#8211;\t<a href=\"https:\/\/www.david-coin.com\/de\/produkt\/nederland-5-cent-1909-1\/\">F\u00fcnf-Cent-Nachtquartal Wilhelmina;<\/a><br \/>\n&#8211;\t<a href=\"https:\/\/www.david-coin.com\/de\/produkt\/nederland-10-cent-1892-wilhelmina\/\">Zehn-Cent-Wilhelmina;<\/a><br \/>\n&#8211;\t<a href=\"https:\/\/www.david-coin.com\/de\/produkt\/nederland-25-cent-1892-wilhelmina-loshangend-haar\/\">Viertel Wilhelmina;<\/a><br \/>\n&#8211;\t<a href=\"https:\/\/www.david-coin.com\/de\/produkt\/nederland-halve-gulden-1904-wilhelmina\/\">Halber Gulden Wilhelmina;<\/a><br \/>\n&#8211;\t<a href=\"https:\/\/www.david-coin.com\/de\/produkt\/nederland-1-gulden-1892-wilhelmina-2\/\">Gulden Wilhelmina;<\/a><br \/>\n&#8211;\t<a href=\"https:\/\/www.david-coin.com\/de\/produkt\/25-gulden-1898-wilhelmina-kroningsjaar-1\/\">Reichdaalder oder zweieinhalb Gulden Wilhelmina;<\/a><br \/>\n&#8211;\t<a href=\"https:\/\/www.david-coin.com\/de\/produkt\/nederland-gouden-vijfje-1912-wilhelmina-842\/\">F\u00fcnf Gulden Wilhelmina;<\/a><br \/>\n&#8211;\t<a href=\"https:\/\/www.david-coin.com\/de\/produkt\/nederland-10-gulden-1898-wilhelmina-3971\/\">Zehn Gulden Wilhelmina.<\/a><br \/>\nDer quadratische Nickel wurde am 15. August 1950 aus dem Verkehr gezogen und durch die neuen Bronzenickels mit dem Portr\u00e4t von <a href=\"https:\/\/www.david-coin.com\/de\/produkt-kategorie\/nederlandse-munten\/wilhelmina-1890-1948\/\">K\u00f6nigin Wilhelmina<\/a>die bereits 1948 in Umlauf gebracht worden war. Die quadratische M\u00fcnze ist in ihrer Form einzigartig und daher bei Sammlern sehr begehrt.<br \/>\n&#8211;\t<a href=\"https:\/\/www.david-coin.com\/de\/produkt\/nederland-1-cent-1948-wilhelmina\/\">1 Cent 1948;<\/a><br \/>\n&#8211;\t<a href=\"https:\/\/www.david-coin.com\/de\/produkt\/nederland-5-cent-1948-wilhelmina\/\">5 Cents 1948;<\/a><br \/>\n&#8211;\t<a href=\"https:\/\/www.david-coin.com\/de\/produkt\/nederland-10-cent-1948-wilhelmina\/\">10 Cents 1948;<\/a><br \/>\n&#8211;\t<a href=\"https:\/\/www.david-coin.com\/de\/produkt\/nederland-25-cent-1948-wilhelmina\/\">25 Cents 1948.<\/a><br \/>\nDie M\u00fcnzen der <a href=\"https:\/\/www.david-coin.com\/de\/produkt-kategorie\/nederlandse-munten\/wilhelmina-1890-1948\/\">K\u00f6nigin Wilhelmina<\/a> sind bei M\u00fcnzsammlern sehr beliebt und daher heute sehr gefragt. <\/p>\n<p>Bei Fragen k\u00f6nnen Sie uns gerne eine Nachricht schicken.<\/p>","protected":false},"excerpt":{"rendered":"<p>Nederland, 5 cent 1913 Onder bewind van Koningin Wilhelmina. De vierkante stuiver van koningin Wilhelmina is een van de weinige Nederlandse munten uit het koninkrijk die niet rond is. De reden dat er voor een vierkante vorm is gekozen, is omdat er geen mogelijkheid was een ronde munt te maken van vijf cent die niet [&hellip;]<\/p>\n","protected":false},"featured_media":109388,"comment_status":"closed","ping_status":"closed","template":"","meta":[],"product_brand":[],"product_cat":[5471,5522],"product_tag":[],"class_list":{"0":"post-109390","1":"product","2":"type-product","3":"status-publish","4":"has-post-thumbnail","6":"product_cat-nederlandse-munten","7":"product_cat-wilhelmina-1890-1948","8":"pa_delcampeid-5309","9":"pa_koning-koningin-wilhelmina","10":"pa_kwaliteit-zeer-fraai","11":"pa_land-nederland","12":"pa_materiaal-kopernikkel","13":"pa_muntwaarde-5cent","14":"pa_soort-koninkrijksmunten","16":"first","17":"instock","18":"taxable","19":"shipping-taxable","20":"purchasable","21":"product-type-simple"},"yoast_head":"<!-- This site is optimized with the Yoast SEO Premium plugin v27.2 (Yoast SEO v27.4) - https:\/\/yoast.com\/product\/yoast-seo-premium-wordpress\/ -->\n<title>Nederland 5 Cent 1913<\/title>\n<meta name=\"description\" content=\"Nederlandse munten kopen? Bekijk nu ons aanbod Willem 1 t\/m Beatrix, halve centen t\/m zilveren 50 guldenmunten. Gratis verzending vanaf 75 euro binnen NL.\" \/>\n<meta name=\"robots\" content=\"index, follow, max-snippet:-1, max-image-preview:large, max-video-preview:-1\" \/>\n<link rel=\"canonical\" href=\"https:\/\/www.david-coin.com\/de\/produkt\/nederland-5-cent-1913\/\" \/>\n<meta property=\"og:locale\" content=\"de_DE\" \/>\n<meta property=\"og:type\" content=\"article\" \/>\n<meta property=\"og:title\" content=\"Nederland 5 Cent 1913\" \/>\n<meta property=\"og:description\" content=\"Nederlandse munten kopen? Bekijk nu ons aanbod Willem 1 t\/m Beatrix, halve centen t\/m zilveren 50 guldenmunten. Gratis verzending vanaf 75 euro binnen NL.\" \/>\n<meta property=\"og:url\" content=\"https:\/\/www.david-coin.com\/de\/produkt\/nederland-5-cent-1913\/\" \/>\n<meta property=\"og:site_name\" content=\"David Coin\" \/>\n<meta property=\"article:publisher\" content=\"https:\/\/www.facebook.com\/Davidcoininkoopenverkoop\" \/>\n<meta property=\"article:modified_time\" content=\"2026-03-21T06:13:03+00:00\" \/>\n<meta property=\"og:image\" content=\"https:\/\/www.david-coin.com\/wp-content\/uploads\/2019\/11\/5cent1913_1108az_.jpg\" \/>\n\t<meta property=\"og:image:width\" content=\"300\" \/>\n\t<meta property=\"og:image:height\" content=\"297\" \/>\n\t<meta property=\"og:image:type\" content=\"image\/jpeg\" \/>\n<meta name=\"twitter:card\" content=\"summary_large_image\" \/>\n<meta name=\"twitter:label1\" content=\"Preis\" \/>\n\t<meta name=\"twitter:data1\" content=\"&euro;&nbsp;4,00\" \/>\n\t<meta name=\"twitter:label2\" content=\"Verf\u00fcgbarkeit\" \/>\n\t<meta name=\"twitter:data2\" content=\"Auf Lager\" \/>\n<script type=\"application\/ld+json\" class=\"yoast-schema-graph\">{\"@context\":\"https:\\\/\\\/schema.org\",\"@graph\":[{\"@type\":\"WebPage\",\"@id\":\"https:\\\/\\\/www.david-coin.com\\\/product\\\/nederland-5-cent-1913\\\/\",\"url\":\"https:\\\/\\\/www.david-coin.com\\\/product\\\/nederland-5-cent-1913\\\/\",\"name\":\"Nederland 5 Cent 1913\",\"isPartOf\":{\"@id\":\"https:\\\/\\\/www.david-coin.com\\\/#website\"},\"primaryImageOfPage\":{\"@id\":\"https:\\\/\\\/www.david-coin.com\\\/product\\\/nederland-5-cent-1913\\\/#primaryimage\"},\"image\":{\"@id\":\"https:\\\/\\\/www.david-coin.com\\\/product\\\/nederland-5-cent-1913\\\/#primaryimage\"},\"thumbnailUrl\":\"https:\\\/\\\/www.david-coin.com\\\/wp-content\\\/uploads\\\/2019\\\/11\\\/5cent1913_1108az_.jpg\",\"datePublished\":\"2019-11-09T19:40:22+00:00\",\"dateModified\":\"2026-03-21T06:13:03+00:00\",\"description\":\"Nederlandse munten kopen? Bekijk nu ons aanbod Willem 1 t\\\/m Beatrix, halve centen t\\\/m zilveren 50 guldenmunten. Gratis verzending vanaf 75 euro binnen NL.\",\"breadcrumb\":{\"@id\":\"https:\\\/\\\/www.david-coin.com\\\/product\\\/nederland-5-cent-1913\\\/#breadcrumb\"},\"inLanguage\":\"de\",\"potentialAction\":[{\"@type\":\"ReadAction\",\"target\":[\"https:\\\/\\\/www.david-coin.com\\\/product\\\/nederland-5-cent-1913\\\/\"]}]},{\"@type\":\"ImageObject\",\"inLanguage\":\"de\",\"@id\":\"https:\\\/\\\/www.david-coin.com\\\/product\\\/nederland-5-cent-1913\\\/#primaryimage\",\"url\":\"https:\\\/\\\/www.david-coin.com\\\/wp-content\\\/uploads\\\/2019\\\/11\\\/5cent1913_1108az_.jpg\",\"contentUrl\":\"https:\\\/\\\/www.david-coin.com\\\/wp-content\\\/uploads\\\/2019\\\/11\\\/5cent1913_1108az_.jpg\",\"width\":300,\"height\":297,\"caption\":\"5cent1913_1108az_.jpg\"},{\"@type\":\"BreadcrumbList\",\"@id\":\"https:\\\/\\\/www.david-coin.com\\\/product\\\/nederland-5-cent-1913\\\/#breadcrumb\",\"itemListElement\":[{\"@type\":\"ListItem\",\"position\":1,\"name\":\"Home\",\"item\":\"https:\\\/\\\/www.david-coin.com\\\/\"},{\"@type\":\"ListItem\",\"position\":2,\"name\":\"Winkel\",\"item\":\"https:\\\/\\\/www.david-coin.com\\\/winkel\\\/\"},{\"@type\":\"ListItem\",\"position\":3,\"name\":\"Nederland 5 Cent 1913\"}]},{\"@type\":\"WebSite\",\"@id\":\"https:\\\/\\\/www.david-coin.com\\\/#website\",\"url\":\"https:\\\/\\\/www.david-coin.com\\\/\",\"name\":\"David Coin\",\"description\":\"\",\"publisher\":{\"@id\":\"https:\\\/\\\/www.david-coin.com\\\/#organization\"},\"potentialAction\":[{\"@type\":\"SearchAction\",\"target\":{\"@type\":\"EntryPoint\",\"urlTemplate\":\"https:\\\/\\\/www.david-coin.com\\\/?s={search_term_string}\"},\"query-input\":{\"@type\":\"PropertyValueSpecification\",\"valueRequired\":true,\"valueName\":\"search_term_string\"}}],\"inLanguage\":\"de\"},{\"@type\":\"Organization\",\"@id\":\"https:\\\/\\\/www.david-coin.com\\\/#organization\",\"name\":\"David Coin\",\"url\":\"https:\\\/\\\/www.david-coin.com\\\/\",\"logo\":{\"@type\":\"ImageObject\",\"inLanguage\":\"de\",\"@id\":\"https:\\\/\\\/www.david-coin.com\\\/#\\\/schema\\\/logo\\\/image\\\/\",\"url\":\"https:\\\/\\\/www.david-coin.com\\\/wp-content\\\/uploads\\\/2024\\\/04\\\/davidcoin-logo-final.png\",\"contentUrl\":\"https:\\\/\\\/www.david-coin.com\\\/wp-content\\\/uploads\\\/2024\\\/04\\\/davidcoin-logo-final.png\",\"width\":800,\"height\":267,\"caption\":\"David Coin\"},\"image\":{\"@id\":\"https:\\\/\\\/www.david-coin.com\\\/#\\\/schema\\\/logo\\\/image\\\/\"},\"sameAs\":[\"https:\\\/\\\/www.facebook.com\\\/Davidcoininkoopenverkoop\",\"https:\\\/\\\/www.youtube.com\\\/channel\\\/UC39lihLKFSPTff0w6tv0pWQ\"]}]}<\/script>\n<meta property=\"product:price:amount\" content=\"4.00\" \/>\n<meta property=\"product:price:currency\" content=\"EUR\" \/>\n<meta property=\"og:availability\" content=\"instock\" \/>\n<meta property=\"product:availability\" content=\"instock\" \/>\n<meta property=\"product:retailer_item_id\" content=\"1108\" \/>\n<meta property=\"product:condition\" content=\"new\" \/>\n<!-- \/ Yoast SEO Premium plugin. -->","yoast_head_json":{"title":"Nederland 5 Cent 1913","description":"Nederlandse munten kopen? Bekijk nu ons aanbod Willem 1 t\/m Beatrix, halve centen t\/m zilveren 50 guldenmunten. Gratis verzending vanaf 75 euro binnen NL.","robots":{"index":"index","follow":"follow","max-snippet":"max-snippet:-1","max-image-preview":"max-image-preview:large","max-video-preview":"max-video-preview:-1"},"canonical":"https:\/\/www.david-coin.com\/de\/produkt\/nederland-5-cent-1913\/","og_locale":"de_DE","og_type":"article","og_title":"Nederland 5 Cent 1913","og_description":"Nederlandse munten kopen? Bekijk nu ons aanbod Willem 1 t\/m Beatrix, halve centen t\/m zilveren 50 guldenmunten. Gratis verzending vanaf 75 euro binnen NL.","og_url":"https:\/\/www.david-coin.com\/de\/produkt\/nederland-5-cent-1913\/","og_site_name":"David Coin","article_publisher":"https:\/\/www.facebook.com\/Davidcoininkoopenverkoop","article_modified_time":"2026-03-21T06:13:03+00:00","og_image":[{"width":300,"height":297,"url":"https:\/\/www.david-coin.com\/wp-content\/uploads\/2019\/11\/5cent1913_1108az_.jpg","type":"image\/jpeg"}],"twitter_card":"summary_large_image","twitter_misc":{"Preis":"&euro;&nbsp;4,00","Verf\u00fcgbarkeit":"Auf Lager"},"schema":{"@context":"https:\/\/schema.org","@graph":[{"@type":"WebPage","@id":"https:\/\/www.david-coin.com\/product\/nederland-5-cent-1913\/","url":"https:\/\/www.david-coin.com\/product\/nederland-5-cent-1913\/","name":"Nederland 5 Cent 1913","isPartOf":{"@id":"https:\/\/www.david-coin.com\/#website"},"primaryImageOfPage":{"@id":"https:\/\/www.david-coin.com\/product\/nederland-5-cent-1913\/#primaryimage"},"image":{"@id":"https:\/\/www.david-coin.com\/product\/nederland-5-cent-1913\/#primaryimage"},"thumbnailUrl":"https:\/\/www.david-coin.com\/wp-content\/uploads\/2019\/11\/5cent1913_1108az_.jpg","datePublished":"2019-11-09T19:40:22+00:00","dateModified":"2026-03-21T06:13:03+00:00","description":"Nederlandse munten kopen? Bekijk nu ons aanbod Willem 1 t\/m Beatrix, halve centen t\/m zilveren 50 guldenmunten. Gratis verzending vanaf 75 euro binnen NL.","breadcrumb":{"@id":"https:\/\/www.david-coin.com\/product\/nederland-5-cent-1913\/#breadcrumb"},"inLanguage":"de","potentialAction":[{"@type":"ReadAction","target":["https:\/\/www.david-coin.com\/product\/nederland-5-cent-1913\/"]}]},{"@type":"ImageObject","inLanguage":"de","@id":"https:\/\/www.david-coin.com\/product\/nederland-5-cent-1913\/#primaryimage","url":"https:\/\/www.david-coin.com\/wp-content\/uploads\/2019\/11\/5cent1913_1108az_.jpg","contentUrl":"https:\/\/www.david-coin.com\/wp-content\/uploads\/2019\/11\/5cent1913_1108az_.jpg","width":300,"height":297,"caption":"5cent1913_1108az_.jpg"},{"@type":"BreadcrumbList","@id":"https:\/\/www.david-coin.com\/product\/nederland-5-cent-1913\/#breadcrumb","itemListElement":[{"@type":"ListItem","position":1,"name":"Home","item":"https:\/\/www.david-coin.com\/"},{"@type":"ListItem","position":2,"name":"Winkel","item":"https:\/\/www.david-coin.com\/winkel\/"},{"@type":"ListItem","position":3,"name":"Nederland 5 Cent 1913"}]},{"@type":"WebSite","@id":"https:\/\/www.david-coin.com\/#website","url":"https:\/\/www.david-coin.com\/","name":"David Coin","description":"","publisher":{"@id":"https:\/\/www.david-coin.com\/#organization"},"potentialAction":[{"@type":"SearchAction","target":{"@type":"EntryPoint","urlTemplate":"https:\/\/www.david-coin.com\/?s={search_term_string}"},"query-input":{"@type":"PropertyValueSpecification","valueRequired":true,"valueName":"search_term_string"}}],"inLanguage":"de"},{"@type":"Organization","@id":"https:\/\/www.david-coin.com\/#organization","name":"David Coin","url":"https:\/\/www.david-coin.com\/","logo":{"@type":"ImageObject","inLanguage":"de","@id":"https:\/\/www.david-coin.com\/#\/schema\/logo\/image\/","url":"https:\/\/www.david-coin.com\/wp-content\/uploads\/2024\/04\/davidcoin-logo-final.png","contentUrl":"https:\/\/www.david-coin.com\/wp-content\/uploads\/2024\/04\/davidcoin-logo-final.png","width":800,"height":267,"caption":"David Coin"},"image":{"@id":"https:\/\/www.david-coin.com\/#\/schema\/logo\/image\/"},"sameAs":["https:\/\/www.facebook.com\/Davidcoininkoopenverkoop","https:\/\/www.youtube.com\/channel\/UC39lihLKFSPTff0w6tv0pWQ"]}]},"product_price_amount":"4.00","product_price_currency":"EUR","og_availability":"instock","product_availability":"instock","product_retailer_item_id":"1108","product_condition":"new"},"_links":{"self":[{"href":"https:\/\/www.david-coin.com\/de\/wp-json\/wp\/v2\/product\/109390","targetHints":{"allow":["GET"]}}],"collection":[{"href":"https:\/\/www.david-coin.com\/de\/wp-json\/wp\/v2\/product"}],"about":[{"href":"https:\/\/www.david-coin.com\/de\/wp-json\/wp\/v2\/types\/product"}],"replies":[{"embeddable":true,"href":"https:\/\/www.david-coin.com\/de\/wp-json\/wp\/v2\/comments?post=109390"}],"wp:featuredmedia":[{"embeddable":true,"href":"https:\/\/www.david-coin.com\/de\/wp-json\/wp\/v2\/media\/109388"}],"wp:attachment":[{"href":"https:\/\/www.david-coin.com\/de\/wp-json\/wp\/v2\/media?parent=109390"}],"wp:term":[{"taxonomy":"product_brand","embeddable":true,"href":"https:\/\/www.david-coin.com\/de\/wp-json\/wp\/v2\/product_brand?post=109390"},{"taxonomy":"product_cat","embeddable":true,"href":"https:\/\/www.david-coin.com\/de\/wp-json\/wp\/v2\/product_cat?post=109390"},{"taxonomy":"product_tag","embeddable":true,"href":"https:\/\/www.david-coin.com\/de\/wp-json\/wp\/v2\/product_tag?post=109390"}],"curies":[{"name":"wp","href":"https:\/\/api.w.org\/{rel}","templated":true}]}}