{"id":109333,"date":"2019-11-08T16:18:08","date_gmt":"2019-11-08T16:18:08","guid":{"rendered":"https:\/\/www.david-coin.com\/product\/nederland-2-5-cent-1898\/"},"modified":"2026-01-27T12:44:10","modified_gmt":"2026-01-27T11:44:10","slug":"nederland-2-5-cent-1898","status":"publish","type":"product","link":"https:\/\/www.david-coin.com\/de\/produkt\/nederland-2-5-cent-1898\/","title":{"rendered":"Nederland 2,5 Cent 1898"},"content":{"rendered":"<p><span style=\"font-size: 12pt;\">Nederland, 2,5 cent 1898 <\/span><br \/>\n<span style=\"font-size: 12pt;\"> Unter der Herrschaft von K\u00f6nigin Wilhelmina. <\/span><\/p>\n<p>Die zweieinhalb Cents von <a href=\"https:\/\/www.david-coin.com\/de\/produkt-kategorie\/nederlandse-munten\/wilhelmina-1890-1948\/\">K\u00f6nigin Wilhelmina<\/a> Die zweieinhalb-Cent-M\u00fcnze wurde von 1892 bis 1941 gepr\u00e4gt. Sie wiegt 4 Gramm und hat einen Durchmesser von 23,5 Millimetern. Die Vorderseite der M\u00fcnze zeigt einen L\u00f6wen und die R\u00fcckseite den M\u00fcnzwert. Zus\u00e4tzlich zu den zweieinhalb Cents von <a href=\"https:\/\/www.david-coin.com\/de\/produkt-kategorie\/nederlandse-munten\/wilhelmina-1890-1948\/\">K\u00f6nigin Wilhelmina<\/a> die folgenden M\u00fcnzen wurden noch w\u00e4hrend ihrer Herrschaft ausgegeben:<\/p>\n<p>&#8211;\t<a href=\"https:\/\/www.david-coin.com\/de\/produkt\/nederland-1-2-cent-1894-wilhelmina\/\">Halbe-Cent-Wilhelmina;<\/a><br \/>\n&#8211;\t<a href=\"https:\/\/www.david-coin.com\/de\/produkt\/nederland-1-cent-1892-wilhelmina\/\">Cent Wilhelmina;<\/a><br \/>\n&#8211;\t<a href=\"https:\/\/www.david-coin.com\/de\/produkt\/nederland-5-cent-1909-1\/\">F\u00fcnf-Cent-Nachtquartal Wilhelmina;<\/a><br \/>\n&#8211;\t<a href=\"https:\/\/www.david-coin.com\/de\/produkt\/nederland-5-cent-1933\/\">F\u00fcnf-Cent-St\u00fcck Wilhelmina;<\/a><br \/>\n&#8211;\t<a href=\"https:\/\/www.david-coin.com\/de\/produkt\/nederland-10-cent-1892-wilhelmina\/\">Zehn-Cent-Wilhelmina;<\/a><br \/>\n&#8211;\t<a href=\"https:\/\/www.david-coin.com\/de\/produkt\/nederland-25-cent-1892-wilhelmina-loshangend-haar\/\">Viertel Wilhelmina;<\/a><br \/>\n&#8211;\t<a href=\"https:\/\/www.david-coin.com\/de\/produkt\/nederland-halve-gulden-1904-wilhelmina\/\">Halber Gulden Wilhelmina;<\/a><br \/>\n&#8211;\t<a href=\"https:\/\/www.david-coin.com\/de\/produkt\/nederland-1-gulden-1892-wilhelmina-2\/\">Gulden Wilhelmina;<\/a><br \/>\n&#8211;\t<a href=\"https:\/\/www.david-coin.com\/de\/produkt\/25-gulden-1898-wilhelmina-kroningsjaar-1\/\">Reichdaalder oder zweieinhalb Gulden Wilhelmina;<\/a><br \/>\n&#8211;\t<a href=\"https:\/\/www.david-coin.com\/de\/produkt\/nederland-gouden-vijfje-1912-wilhelmina-842\/\">F\u00fcnf Gulden Wilhelmina;<\/a><br \/>\n&#8211;\t<a href=\"https:\/\/www.david-coin.com\/de\/produkt\/nederland-10-gulden-1898-wilhelmina-3971\/\">Zehn Gulden Wilhelmina.<\/a><br \/>\nDie Silberm\u00fcnzen von <a href=\"https:\/\/www.david-coin.com\/de\/produkt-kategorie\/nederlandse-munten\/wilhelmina-1890-1948\/\">K\u00f6nigin Wilhelmina<\/a> wurden w\u00e4hrend des Zweiten Weltkriegs aus dem Verkehr gezogen, und ab 1948 wurden die verbleibenden M\u00fcnzen durch eine neue Serie ersetzt;<br \/>\n&#8211;\t<a href=\"https:\/\/www.david-coin.com\/de\/produkt\/nederland-1-cent-1948-wilhelmina\/\">1 Cent 1948;<\/a><br \/>\n&#8211;\t<a href=\"https:\/\/www.david-coin.com\/de\/produkt\/nederland-5-cent-1948-wilhelmina\/\">5 Cents 1948;<\/a><br \/>\n&#8211;\t<a href=\"https:\/\/www.david-coin.com\/de\/produkt\/nederland-10-cent-1948-wilhelmina\/\">10 Cents 1948;<\/a><br \/>\n&#8211;\t<a href=\"https:\/\/www.david-coin.com\/de\/produkt\/nederland-25-cent-1948-wilhelmina\/\">25 Cents 1948.<\/a><br \/>\nDie M\u00fcnzen der <a href=\"https:\/\/www.david-coin.com\/de\/produkt-kategorie\/nederlandse-munten\/wilhelmina-1890-1948\/\">K\u00f6nigin Wilhelmina<\/a> sind bei M\u00fcnzsammlern sehr beliebt und daher heute sehr gefragt. <\/p>\n<p><span style=\"font-size: 12pt;\"> Bei Fragen k\u00f6nnen Sie uns gerne eine Nachricht schicken.<\/span><\/p>","protected":false},"excerpt":{"rendered":"<p>Nederland, 2,5 cent 1898 Onder bewind van Koningin Wilhelmina. De twee en een halve cent van koningin Wilhelmina is geslagen van 1892 tot en met 1941, de twee en een halve cent weegt 4 gram en heeft een diameter van 23,5 millimeter. Op de voorzijde van de munt staat een Leeuw en op de achterzijde [&hellip;]<\/p>\n","protected":false},"featured_media":109331,"comment_status":"closed","ping_status":"closed","template":"","meta":[],"product_brand":[],"product_cat":[5471,5522],"product_tag":[],"class_list":{"0":"post-109333","1":"product","2":"type-product","3":"status-publish","4":"has-post-thumbnail","6":"product_cat-nederlandse-munten","7":"product_cat-wilhelmina-1890-1948","8":"pa_delcampeid-5308","9":"pa_koning-koningin-wilhelmina","10":"pa_kwaliteit-zeer-fraai","11":"pa_land-nederland","12":"pa_materiaal-brons","13":"pa_muntwaarde-2_5cent","14":"pa_soort-koninkrijksmunten","16":"first","17":"instock","18":"taxable","19":"shipping-taxable","20":"purchasable","21":"product-type-simple"},"yoast_head":"<!-- This site is optimized with the Yoast SEO Premium plugin v27.2 (Yoast SEO v27.5) - https:\/\/yoast.com\/product\/yoast-seo-premium-wordpress\/ -->\n<title>Nederland 2.5 Cent 1898<\/title>\n<meta name=\"description\" content=\"Nederlandse munten kopen? Bekijk nu ons aanbod Willem 1 t\/m Beatrix, halve centen t\/m zilveren 50 guldenmunten. Gratis verzending vanaf 75 euro binnen NL.\" \/>\n<meta name=\"robots\" content=\"index, follow, max-snippet:-1, max-image-preview:large, max-video-preview:-1\" \/>\n<link rel=\"canonical\" href=\"https:\/\/www.david-coin.com\/de\/produkt\/nederland-2-5-cent-1898\/\" \/>\n<meta property=\"og:locale\" content=\"de_DE\" \/>\n<meta property=\"og:type\" content=\"article\" \/>\n<meta property=\"og:title\" content=\"Nederland 2,5 Cent 1898\" \/>\n<meta property=\"og:description\" content=\"Nederlandse munten kopen? Bekijk nu ons aanbod Willem 1 t\/m Beatrix, halve centen t\/m zilveren 50 guldenmunten. Gratis verzending vanaf 75 euro binnen NL.\" \/>\n<meta property=\"og:url\" content=\"https:\/\/www.david-coin.com\/de\/produkt\/nederland-2-5-cent-1898\/\" \/>\n<meta property=\"og:site_name\" content=\"David Coin\" \/>\n<meta property=\"article:publisher\" content=\"https:\/\/www.facebook.com\/Davidcoininkoopenverkoop\" \/>\n<meta property=\"article:modified_time\" content=\"2026-01-27T11:44:10+00:00\" \/>\n<meta property=\"og:image\" content=\"https:\/\/www.david-coin.com\/wp-content\/uploads\/2019\/11\/25cent1898_1087vz_.jpg\" \/>\n\t<meta property=\"og:image:width\" content=\"300\" \/>\n\t<meta property=\"og:image:height\" content=\"298\" \/>\n\t<meta property=\"og:image:type\" content=\"image\/jpeg\" \/>\n<meta name=\"twitter:card\" content=\"summary_large_image\" \/>\n<meta name=\"twitter:label1\" content=\"Preis\" \/>\n\t<meta name=\"twitter:data1\" content=\"&euro;&nbsp;34,50\" \/>\n\t<meta name=\"twitter:label2\" content=\"Verf\u00fcgbarkeit\" \/>\n\t<meta name=\"twitter:data2\" content=\"Auf Lager\" \/>\n<script type=\"application\/ld+json\" class=\"yoast-schema-graph\">{\"@context\":\"https:\\\/\\\/schema.org\",\"@graph\":[{\"@type\":\"WebPage\",\"@id\":\"https:\\\/\\\/www.david-coin.com\\\/product\\\/nederland-2-5-cent-1898\\\/\",\"url\":\"https:\\\/\\\/www.david-coin.com\\\/product\\\/nederland-2-5-cent-1898\\\/\",\"name\":\"Nederland 2.5 Cent 1898\",\"isPartOf\":{\"@id\":\"https:\\\/\\\/www.david-coin.com\\\/#website\"},\"primaryImageOfPage\":{\"@id\":\"https:\\\/\\\/www.david-coin.com\\\/product\\\/nederland-2-5-cent-1898\\\/#primaryimage\"},\"image\":{\"@id\":\"https:\\\/\\\/www.david-coin.com\\\/product\\\/nederland-2-5-cent-1898\\\/#primaryimage\"},\"thumbnailUrl\":\"https:\\\/\\\/www.david-coin.com\\\/wp-content\\\/uploads\\\/2019\\\/11\\\/25cent1898_1087vz_.jpg\",\"datePublished\":\"2019-11-08T16:18:08+00:00\",\"dateModified\":\"2026-01-27T11:44:10+00:00\",\"description\":\"Nederlandse munten kopen? Bekijk nu ons aanbod Willem 1 t\\\/m Beatrix, halve centen t\\\/m zilveren 50 guldenmunten. Gratis verzending vanaf 75 euro binnen NL.\",\"breadcrumb\":{\"@id\":\"https:\\\/\\\/www.david-coin.com\\\/product\\\/nederland-2-5-cent-1898\\\/#breadcrumb\"},\"inLanguage\":\"de\",\"potentialAction\":[{\"@type\":\"ReadAction\",\"target\":[\"https:\\\/\\\/www.david-coin.com\\\/product\\\/nederland-2-5-cent-1898\\\/\"]}]},{\"@type\":\"ImageObject\",\"inLanguage\":\"de\",\"@id\":\"https:\\\/\\\/www.david-coin.com\\\/product\\\/nederland-2-5-cent-1898\\\/#primaryimage\",\"url\":\"https:\\\/\\\/www.david-coin.com\\\/wp-content\\\/uploads\\\/2019\\\/11\\\/25cent1898_1087vz_.jpg\",\"contentUrl\":\"https:\\\/\\\/www.david-coin.com\\\/wp-content\\\/uploads\\\/2019\\\/11\\\/25cent1898_1087vz_.jpg\",\"width\":300,\"height\":298,\"caption\":\"2,5cent1898_1087vz_.jpg\"},{\"@type\":\"BreadcrumbList\",\"@id\":\"https:\\\/\\\/www.david-coin.com\\\/product\\\/nederland-2-5-cent-1898\\\/#breadcrumb\",\"itemListElement\":[{\"@type\":\"ListItem\",\"position\":1,\"name\":\"Home\",\"item\":\"https:\\\/\\\/www.david-coin.com\\\/\"},{\"@type\":\"ListItem\",\"position\":2,\"name\":\"Winkel\",\"item\":\"https:\\\/\\\/www.david-coin.com\\\/winkel\\\/\"},{\"@type\":\"ListItem\",\"position\":3,\"name\":\"Nederland 2,5 Cent 1898\"}]},{\"@type\":\"WebSite\",\"@id\":\"https:\\\/\\\/www.david-coin.com\\\/#website\",\"url\":\"https:\\\/\\\/www.david-coin.com\\\/\",\"name\":\"David Coin\",\"description\":\"\",\"publisher\":{\"@id\":\"https:\\\/\\\/www.david-coin.com\\\/#organization\"},\"potentialAction\":[{\"@type\":\"SearchAction\",\"target\":{\"@type\":\"EntryPoint\",\"urlTemplate\":\"https:\\\/\\\/www.david-coin.com\\\/?s={search_term_string}\"},\"query-input\":{\"@type\":\"PropertyValueSpecification\",\"valueRequired\":true,\"valueName\":\"search_term_string\"}}],\"inLanguage\":\"de\"},{\"@type\":\"Organization\",\"@id\":\"https:\\\/\\\/www.david-coin.com\\\/#organization\",\"name\":\"David Coin\",\"url\":\"https:\\\/\\\/www.david-coin.com\\\/\",\"logo\":{\"@type\":\"ImageObject\",\"inLanguage\":\"de\",\"@id\":\"https:\\\/\\\/www.david-coin.com\\\/#\\\/schema\\\/logo\\\/image\\\/\",\"url\":\"https:\\\/\\\/www.david-coin.com\\\/wp-content\\\/uploads\\\/2024\\\/04\\\/davidcoin-logo-final.png\",\"contentUrl\":\"https:\\\/\\\/www.david-coin.com\\\/wp-content\\\/uploads\\\/2024\\\/04\\\/davidcoin-logo-final.png\",\"width\":800,\"height\":267,\"caption\":\"David Coin\"},\"image\":{\"@id\":\"https:\\\/\\\/www.david-coin.com\\\/#\\\/schema\\\/logo\\\/image\\\/\"},\"sameAs\":[\"https:\\\/\\\/www.facebook.com\\\/Davidcoininkoopenverkoop\",\"https:\\\/\\\/www.youtube.com\\\/channel\\\/UC39lihLKFSPTff0w6tv0pWQ\"]}]}<\/script>\n<meta property=\"product:price:amount\" content=\"34.50\" \/>\n<meta property=\"product:price:currency\" content=\"EUR\" \/>\n<meta property=\"og:availability\" content=\"instock\" \/>\n<meta property=\"product:availability\" content=\"instock\" \/>\n<meta property=\"product:retailer_item_id\" content=\"1087\" \/>\n<meta property=\"product:condition\" content=\"new\" \/>\n<!-- \/ Yoast SEO Premium plugin. -->","yoast_head_json":{"title":"Nederland 2.5 Cent 1898","description":"Nederlandse munten kopen? Bekijk nu ons aanbod Willem 1 t\/m Beatrix, halve centen t\/m zilveren 50 guldenmunten. Gratis verzending vanaf 75 euro binnen NL.","robots":{"index":"index","follow":"follow","max-snippet":"max-snippet:-1","max-image-preview":"max-image-preview:large","max-video-preview":"max-video-preview:-1"},"canonical":"https:\/\/www.david-coin.com\/de\/produkt\/nederland-2-5-cent-1898\/","og_locale":"de_DE","og_type":"article","og_title":"Nederland 2,5 Cent 1898","og_description":"Nederlandse munten kopen? Bekijk nu ons aanbod Willem 1 t\/m Beatrix, halve centen t\/m zilveren 50 guldenmunten. Gratis verzending vanaf 75 euro binnen NL.","og_url":"https:\/\/www.david-coin.com\/de\/produkt\/nederland-2-5-cent-1898\/","og_site_name":"David Coin","article_publisher":"https:\/\/www.facebook.com\/Davidcoininkoopenverkoop","article_modified_time":"2026-01-27T11:44:10+00:00","og_image":[{"width":300,"height":298,"url":"https:\/\/www.david-coin.com\/wp-content\/uploads\/2019\/11\/25cent1898_1087vz_.jpg","type":"image\/jpeg"}],"twitter_card":"summary_large_image","twitter_misc":{"Preis":"&euro;&nbsp;34,50","Verf\u00fcgbarkeit":"Auf Lager"},"schema":{"@context":"https:\/\/schema.org","@graph":[{"@type":"WebPage","@id":"https:\/\/www.david-coin.com\/product\/nederland-2-5-cent-1898\/","url":"https:\/\/www.david-coin.com\/product\/nederland-2-5-cent-1898\/","name":"Nederland 2.5 Cent 1898","isPartOf":{"@id":"https:\/\/www.david-coin.com\/#website"},"primaryImageOfPage":{"@id":"https:\/\/www.david-coin.com\/product\/nederland-2-5-cent-1898\/#primaryimage"},"image":{"@id":"https:\/\/www.david-coin.com\/product\/nederland-2-5-cent-1898\/#primaryimage"},"thumbnailUrl":"https:\/\/www.david-coin.com\/wp-content\/uploads\/2019\/11\/25cent1898_1087vz_.jpg","datePublished":"2019-11-08T16:18:08+00:00","dateModified":"2026-01-27T11:44:10+00:00","description":"Nederlandse munten kopen? Bekijk nu ons aanbod Willem 1 t\/m Beatrix, halve centen t\/m zilveren 50 guldenmunten. Gratis verzending vanaf 75 euro binnen NL.","breadcrumb":{"@id":"https:\/\/www.david-coin.com\/product\/nederland-2-5-cent-1898\/#breadcrumb"},"inLanguage":"de","potentialAction":[{"@type":"ReadAction","target":["https:\/\/www.david-coin.com\/product\/nederland-2-5-cent-1898\/"]}]},{"@type":"ImageObject","inLanguage":"de","@id":"https:\/\/www.david-coin.com\/product\/nederland-2-5-cent-1898\/#primaryimage","url":"https:\/\/www.david-coin.com\/wp-content\/uploads\/2019\/11\/25cent1898_1087vz_.jpg","contentUrl":"https:\/\/www.david-coin.com\/wp-content\/uploads\/2019\/11\/25cent1898_1087vz_.jpg","width":300,"height":298,"caption":"2,5cent1898_1087vz_.jpg"},{"@type":"BreadcrumbList","@id":"https:\/\/www.david-coin.com\/product\/nederland-2-5-cent-1898\/#breadcrumb","itemListElement":[{"@type":"ListItem","position":1,"name":"Home","item":"https:\/\/www.david-coin.com\/"},{"@type":"ListItem","position":2,"name":"Winkel","item":"https:\/\/www.david-coin.com\/winkel\/"},{"@type":"ListItem","position":3,"name":"Nederland 2,5 Cent 1898"}]},{"@type":"WebSite","@id":"https:\/\/www.david-coin.com\/#website","url":"https:\/\/www.david-coin.com\/","name":"David Coin","description":"","publisher":{"@id":"https:\/\/www.david-coin.com\/#organization"},"potentialAction":[{"@type":"SearchAction","target":{"@type":"EntryPoint","urlTemplate":"https:\/\/www.david-coin.com\/?s={search_term_string}"},"query-input":{"@type":"PropertyValueSpecification","valueRequired":true,"valueName":"search_term_string"}}],"inLanguage":"de"},{"@type":"Organization","@id":"https:\/\/www.david-coin.com\/#organization","name":"David Coin","url":"https:\/\/www.david-coin.com\/","logo":{"@type":"ImageObject","inLanguage":"de","@id":"https:\/\/www.david-coin.com\/#\/schema\/logo\/image\/","url":"https:\/\/www.david-coin.com\/wp-content\/uploads\/2024\/04\/davidcoin-logo-final.png","contentUrl":"https:\/\/www.david-coin.com\/wp-content\/uploads\/2024\/04\/davidcoin-logo-final.png","width":800,"height":267,"caption":"David Coin"},"image":{"@id":"https:\/\/www.david-coin.com\/#\/schema\/logo\/image\/"},"sameAs":["https:\/\/www.facebook.com\/Davidcoininkoopenverkoop","https:\/\/www.youtube.com\/channel\/UC39lihLKFSPTff0w6tv0pWQ"]}]},"product_price_amount":"34.50","product_price_currency":"EUR","og_availability":"instock","product_availability":"instock","product_retailer_item_id":"1087","product_condition":"new"},"_links":{"self":[{"href":"https:\/\/www.david-coin.com\/de\/wp-json\/wp\/v2\/product\/109333","targetHints":{"allow":["GET"]}}],"collection":[{"href":"https:\/\/www.david-coin.com\/de\/wp-json\/wp\/v2\/product"}],"about":[{"href":"https:\/\/www.david-coin.com\/de\/wp-json\/wp\/v2\/types\/product"}],"replies":[{"embeddable":true,"href":"https:\/\/www.david-coin.com\/de\/wp-json\/wp\/v2\/comments?post=109333"}],"wp:featuredmedia":[{"embeddable":true,"href":"https:\/\/www.david-coin.com\/de\/wp-json\/wp\/v2\/media\/109331"}],"wp:attachment":[{"href":"https:\/\/www.david-coin.com\/de\/wp-json\/wp\/v2\/media?parent=109333"}],"wp:term":[{"taxonomy":"product_brand","embeddable":true,"href":"https:\/\/www.david-coin.com\/de\/wp-json\/wp\/v2\/product_brand?post=109333"},{"taxonomy":"product_cat","embeddable":true,"href":"https:\/\/www.david-coin.com\/de\/wp-json\/wp\/v2\/product_cat?post=109333"},{"taxonomy":"product_tag","embeddable":true,"href":"https:\/\/www.david-coin.com\/de\/wp-json\/wp\/v2\/product_tag?post=109333"}],"curies":[{"name":"wp","href":"https:\/\/api.w.org\/{rel}","templated":true}]}}