{"id":109139,"date":"2019-11-05T12:46:30","date_gmt":"2019-11-05T12:46:30","guid":{"rendered":"https:\/\/www.david-coin.com\/product\/nederland-1-gulden-1914-zilverbon-fr\/"},"modified":"2026-01-27T17:44:33","modified_gmt":"2026-01-27T16:44:33","slug":"nederland-1-gulden-1914-zilverbon-fr","status":"publish","type":"product","link":"https:\/\/www.david-coin.com\/de\/produkt\/nederland-1-gulden-1914-zilverbon-fr\/","title":{"rendered":"Niederlande 1 Gulden 1914 Silberanleihe (FR+)"},"content":{"rendered":"<p>Niederlande 1 Gulden 1914 Silberanleihe (FR+)<br \/>\nNVMH:01-c<br \/>\nPlomp:PL1c<\/p>\n<p>Na het uitbreken van de eerste wereldoorlog brachten veel Nederlanders hun bankbiljetten en muntbiljetten naar de Nederlandsche Bank om ze om te wisselen voor gouden en zilveren munten. Daardoor ontstond er een schaarste aan muntgeld en moest de Nederlandse Bank samen met de regering tot een oplossing komen. Uiteindelijk werd besloten om zilverbonnen uit te geven om het tekort aan wisselgeld aan te vullen. Deze konden na aankondiging worden omgewisseld voor zilveren munten. De zilverbon van een gulden uit 1914 is uitgegeven door het ministerie van financi\u00ebn en heeft de handtekeningen van Anthonij Ewoud Jan Bertling (Minister van financi\u00ebn), en van A. L. Kulemkamp-Lemmers (Ambtenaar van het ministerie van financi\u00ebn). Naast de een gulden zilverbon 1914 zijn er ook nog de:<br \/>\n&#8211;\t<a href=\"\/de\/\u201dhttps:\/\/www.david-coin.com\/produkt\/nederland-25-gulden-zilverbon-1914\/\u201d\/\"> Twee en een halve gulden zilverbon 1914; <\/a><br \/>\n&#8211;\t<a href=\"\/de\/\u201dhttps:\/\/www.david-coin.com\/produkt\/nederland-5-gulden-1914-zilverbon\/\u201d\/\" >Vijf gulden zilverbon 1914. <\/a><br \/>\nDe zilverbonnen verdwenen na de eerste wereldoorlog weer langzaam uit omloop omdat er weer meer gulden- en <a href=\"https:\/\/www.david-coin.com\/de\/produkt\/nederland-25-gulden-1929-wilhelmina\/\"> rijksdaaldermunten<\/a>gemaakt werden. <\/p>\n<p>Siehe Scans f\u00fcr weitere Einzelheiten.<br \/>\nBei Fragen k\u00f6nnen Sie uns gerne eine Nachricht schicken.<\/p>","protected":false},"excerpt":{"rendered":"<p>NVMH:01-c<\/p>","protected":false},"featured_media":151262,"comment_status":"closed","ping_status":"closed","template":"","meta":[],"product_brand":[],"product_cat":[5488,5472],"product_tag":[],"class_list":{"0":"post-109139","1":"product","2":"type-product","3":"status-publish","4":"has-post-thumbnail","6":"product_cat-1-gulden-biljet","7":"product_cat-nederlandse-bankbiljetten","8":"pa_bankbiljetwaarde-1gulden","9":"pa_delcampeid-5280","10":"pa_kwaliteit-fraai-plus","11":"pa_land-nederland","13":"first","14":"outofstock","15":"taxable","16":"shipping-taxable","17":"purchasable","18":"product-type-simple"},"yoast_head":"<!-- This site is optimized with the Yoast SEO Premium plugin v27.2 (Yoast SEO v27.5) - https:\/\/yoast.com\/product\/yoast-seo-premium-wordpress\/ -->\n<title>Nederland 1 Gulden 1914 Zilverbon (FR+)<\/title>\n<meta name=\"description\" content=\"Nederlandse bankbiljetten te koop bij David-coin Gratis verzending vanaf \u20ac50,-\" \/>\n<meta name=\"robots\" content=\"index, follow, max-snippet:-1, max-image-preview:large, max-video-preview:-1\" \/>\n<link rel=\"canonical\" href=\"https:\/\/www.david-coin.com\/de\/produkt\/nederland-1-gulden-1914-zilverbon-fr\/\" \/>\n<meta property=\"og:locale\" content=\"de_DE\" \/>\n<meta property=\"og:type\" content=\"article\" \/>\n<meta property=\"og:title\" content=\"Nederland 1 Gulden 1914 Zilverbon (FR+)\" \/>\n<meta property=\"og:description\" content=\"Nederlandse bankbiljetten te koop bij David-coin Gratis verzending vanaf \u20ac50,-\" \/>\n<meta property=\"og:url\" content=\"https:\/\/www.david-coin.com\/de\/produkt\/nederland-1-gulden-1914-zilverbon-fr\/\" \/>\n<meta property=\"og:site_name\" content=\"David Coin\" \/>\n<meta property=\"article:publisher\" content=\"https:\/\/www.facebook.com\/Davidcoininkoopenverkoop\" \/>\n<meta property=\"article:modified_time\" content=\"2026-01-27T16:44:33+00:00\" \/>\n<meta property=\"og:image\" content=\"https:\/\/www.david-coin.com\/wp-content\/uploads\/2025\/07\/Nederlanden-1gulden-1914-zilverbon-vz-149.95.jpg\" \/>\n\t<meta property=\"og:image:width\" content=\"975\" \/>\n\t<meta property=\"og:image:height\" content=\"700\" \/>\n\t<meta property=\"og:image:type\" content=\"image\/jpeg\" \/>\n<meta name=\"twitter:card\" content=\"summary_large_image\" \/>\n<meta name=\"twitter:label1\" content=\"Preis\" \/>\n\t<meta name=\"twitter:data1\" content=\"&euro;&nbsp;149,95\" \/>\n\t<meta name=\"twitter:label2\" content=\"Verf\u00fcgbarkeit\" \/>\n\t<meta name=\"twitter:data2\" content=\"ausverkauft\" \/>\n<script type=\"application\/ld+json\" class=\"yoast-schema-graph\">{\"@context\":\"https:\\\/\\\/schema.org\",\"@graph\":[{\"@type\":\"WebPage\",\"@id\":\"https:\\\/\\\/www.david-coin.com\\\/product\\\/nederland-1-gulden-1914-zilverbon-fr\\\/\",\"url\":\"https:\\\/\\\/www.david-coin.com\\\/product\\\/nederland-1-gulden-1914-zilverbon-fr\\\/\",\"name\":\"Nederland 1 Gulden 1914 Zilverbon (FR+)\",\"isPartOf\":{\"@id\":\"https:\\\/\\\/www.david-coin.com\\\/#website\"},\"primaryImageOfPage\":{\"@id\":\"https:\\\/\\\/www.david-coin.com\\\/product\\\/nederland-1-gulden-1914-zilverbon-fr\\\/#primaryimage\"},\"image\":{\"@id\":\"https:\\\/\\\/www.david-coin.com\\\/product\\\/nederland-1-gulden-1914-zilverbon-fr\\\/#primaryimage\"},\"thumbnailUrl\":\"https:\\\/\\\/www.david-coin.com\\\/wp-content\\\/uploads\\\/2025\\\/07\\\/Nederlanden-1gulden-1914-zilverbon-vz-149.95.jpg\",\"datePublished\":\"2019-11-05T12:46:30+00:00\",\"dateModified\":\"2026-01-27T16:44:33+00:00\",\"description\":\"Nederlandse bankbiljetten te koop bij David-coin Gratis verzending vanaf \u20ac50,-\",\"breadcrumb\":{\"@id\":\"https:\\\/\\\/www.david-coin.com\\\/product\\\/nederland-1-gulden-1914-zilverbon-fr\\\/#breadcrumb\"},\"inLanguage\":\"de\",\"potentialAction\":[{\"@type\":\"ReadAction\",\"target\":[\"https:\\\/\\\/www.david-coin.com\\\/product\\\/nederland-1-gulden-1914-zilverbon-fr\\\/\"]}]},{\"@type\":\"ImageObject\",\"inLanguage\":\"de\",\"@id\":\"https:\\\/\\\/www.david-coin.com\\\/product\\\/nederland-1-gulden-1914-zilverbon-fr\\\/#primaryimage\",\"url\":\"https:\\\/\\\/www.david-coin.com\\\/wp-content\\\/uploads\\\/2025\\\/07\\\/Nederlanden-1gulden-1914-zilverbon-vz-149.95.jpg\",\"contentUrl\":\"https:\\\/\\\/www.david-coin.com\\\/wp-content\\\/uploads\\\/2025\\\/07\\\/Nederlanden-1gulden-1914-zilverbon-vz-149.95.jpg\",\"width\":975,\"height\":700,\"caption\":\"Nederland 1 Gulden 1914 Zilverbon (FR+)\"},{\"@type\":\"BreadcrumbList\",\"@id\":\"https:\\\/\\\/www.david-coin.com\\\/product\\\/nederland-1-gulden-1914-zilverbon-fr\\\/#breadcrumb\",\"itemListElement\":[{\"@type\":\"ListItem\",\"position\":1,\"name\":\"Home\",\"item\":\"https:\\\/\\\/www.david-coin.com\\\/\"},{\"@type\":\"ListItem\",\"position\":2,\"name\":\"Winkel\",\"item\":\"https:\\\/\\\/www.david-coin.com\\\/winkel\\\/\"},{\"@type\":\"ListItem\",\"position\":3,\"name\":\"Nederland 1 Gulden 1914 Zilverbon (FR+)\"}]},{\"@type\":\"WebSite\",\"@id\":\"https:\\\/\\\/www.david-coin.com\\\/#website\",\"url\":\"https:\\\/\\\/www.david-coin.com\\\/\",\"name\":\"David Coin\",\"description\":\"\",\"publisher\":{\"@id\":\"https:\\\/\\\/www.david-coin.com\\\/#organization\"},\"potentialAction\":[{\"@type\":\"SearchAction\",\"target\":{\"@type\":\"EntryPoint\",\"urlTemplate\":\"https:\\\/\\\/www.david-coin.com\\\/?s={search_term_string}\"},\"query-input\":{\"@type\":\"PropertyValueSpecification\",\"valueRequired\":true,\"valueName\":\"search_term_string\"}}],\"inLanguage\":\"de\"},{\"@type\":\"Organization\",\"@id\":\"https:\\\/\\\/www.david-coin.com\\\/#organization\",\"name\":\"David Coin\",\"url\":\"https:\\\/\\\/www.david-coin.com\\\/\",\"logo\":{\"@type\":\"ImageObject\",\"inLanguage\":\"de\",\"@id\":\"https:\\\/\\\/www.david-coin.com\\\/#\\\/schema\\\/logo\\\/image\\\/\",\"url\":\"https:\\\/\\\/www.david-coin.com\\\/wp-content\\\/uploads\\\/2024\\\/04\\\/davidcoin-logo-final.png\",\"contentUrl\":\"https:\\\/\\\/www.david-coin.com\\\/wp-content\\\/uploads\\\/2024\\\/04\\\/davidcoin-logo-final.png\",\"width\":800,\"height\":267,\"caption\":\"David Coin\"},\"image\":{\"@id\":\"https:\\\/\\\/www.david-coin.com\\\/#\\\/schema\\\/logo\\\/image\\\/\"},\"sameAs\":[\"https:\\\/\\\/www.facebook.com\\\/Davidcoininkoopenverkoop\",\"https:\\\/\\\/www.youtube.com\\\/channel\\\/UC39lihLKFSPTff0w6tv0pWQ\"]}]}<\/script>\n<meta property=\"product:price:amount\" content=\"149.95\" \/>\n<meta property=\"product:price:currency\" content=\"EUR\" \/>\n<meta property=\"og:availability\" content=\"out of stock\" \/>\n<meta property=\"product:availability\" content=\"out of stock\" \/>\n<meta property=\"product:retailer_item_id\" content=\"2005\" \/>\n<meta property=\"product:condition\" content=\"new\" \/>\n<!-- \/ Yoast SEO Premium plugin. -->","yoast_head_json":{"title":"Niederlande 1 Gulden 1914 Silberanleihe (FR+)","description":"Nederlandse bankbiljetten te koop bij David-coin Gratis verzending vanaf \u20ac50,-","robots":{"index":"index","follow":"follow","max-snippet":"max-snippet:-1","max-image-preview":"max-image-preview:large","max-video-preview":"max-video-preview:-1"},"canonical":"https:\/\/www.david-coin.com\/de\/produkt\/nederland-1-gulden-1914-zilverbon-fr\/","og_locale":"de_DE","og_type":"article","og_title":"Nederland 1 Gulden 1914 Zilverbon (FR+)","og_description":"Nederlandse bankbiljetten te koop bij David-coin Gratis verzending vanaf \u20ac50,-","og_url":"https:\/\/www.david-coin.com\/de\/produkt\/nederland-1-gulden-1914-zilverbon-fr\/","og_site_name":"David Coin","article_publisher":"https:\/\/www.facebook.com\/Davidcoininkoopenverkoop","article_modified_time":"2026-01-27T16:44:33+00:00","og_image":[{"width":975,"height":700,"url":"https:\/\/www.david-coin.com\/wp-content\/uploads\/2025\/07\/Nederlanden-1gulden-1914-zilverbon-vz-149.95.jpg","type":"image\/jpeg"}],"twitter_card":"summary_large_image","twitter_misc":{"Preis":"&euro;&nbsp;149,95","Verf\u00fcgbarkeit":"ausverkauft"},"schema":{"@context":"https:\/\/schema.org","@graph":[{"@type":"WebPage","@id":"https:\/\/www.david-coin.com\/product\/nederland-1-gulden-1914-zilverbon-fr\/","url":"https:\/\/www.david-coin.com\/product\/nederland-1-gulden-1914-zilverbon-fr\/","name":"Niederlande 1 Gulden 1914 Silberanleihe (FR+)","isPartOf":{"@id":"https:\/\/www.david-coin.com\/#website"},"primaryImageOfPage":{"@id":"https:\/\/www.david-coin.com\/product\/nederland-1-gulden-1914-zilverbon-fr\/#primaryimage"},"image":{"@id":"https:\/\/www.david-coin.com\/product\/nederland-1-gulden-1914-zilverbon-fr\/#primaryimage"},"thumbnailUrl":"https:\/\/www.david-coin.com\/wp-content\/uploads\/2025\/07\/Nederlanden-1gulden-1914-zilverbon-vz-149.95.jpg","datePublished":"2019-11-05T12:46:30+00:00","dateModified":"2026-01-27T16:44:33+00:00","description":"Nederlandse bankbiljetten te koop bij David-coin Gratis verzending vanaf \u20ac50,-","breadcrumb":{"@id":"https:\/\/www.david-coin.com\/product\/nederland-1-gulden-1914-zilverbon-fr\/#breadcrumb"},"inLanguage":"de","potentialAction":[{"@type":"ReadAction","target":["https:\/\/www.david-coin.com\/product\/nederland-1-gulden-1914-zilverbon-fr\/"]}]},{"@type":"ImageObject","inLanguage":"de","@id":"https:\/\/www.david-coin.com\/product\/nederland-1-gulden-1914-zilverbon-fr\/#primaryimage","url":"https:\/\/www.david-coin.com\/wp-content\/uploads\/2025\/07\/Nederlanden-1gulden-1914-zilverbon-vz-149.95.jpg","contentUrl":"https:\/\/www.david-coin.com\/wp-content\/uploads\/2025\/07\/Nederlanden-1gulden-1914-zilverbon-vz-149.95.jpg","width":975,"height":700,"caption":"Nederland 1 Gulden 1914 Zilverbon (FR+)"},{"@type":"BreadcrumbList","@id":"https:\/\/www.david-coin.com\/product\/nederland-1-gulden-1914-zilverbon-fr\/#breadcrumb","itemListElement":[{"@type":"ListItem","position":1,"name":"Home","item":"https:\/\/www.david-coin.com\/"},{"@type":"ListItem","position":2,"name":"Winkel","item":"https:\/\/www.david-coin.com\/winkel\/"},{"@type":"ListItem","position":3,"name":"Nederland 1 Gulden 1914 Zilverbon (FR+)"}]},{"@type":"WebSite","@id":"https:\/\/www.david-coin.com\/#website","url":"https:\/\/www.david-coin.com\/","name":"David Coin","description":"","publisher":{"@id":"https:\/\/www.david-coin.com\/#organization"},"potentialAction":[{"@type":"SearchAction","target":{"@type":"EntryPoint","urlTemplate":"https:\/\/www.david-coin.com\/?s={search_term_string}"},"query-input":{"@type":"PropertyValueSpecification","valueRequired":true,"valueName":"search_term_string"}}],"inLanguage":"de"},{"@type":"Organization","@id":"https:\/\/www.david-coin.com\/#organization","name":"David Coin","url":"https:\/\/www.david-coin.com\/","logo":{"@type":"ImageObject","inLanguage":"de","@id":"https:\/\/www.david-coin.com\/#\/schema\/logo\/image\/","url":"https:\/\/www.david-coin.com\/wp-content\/uploads\/2024\/04\/davidcoin-logo-final.png","contentUrl":"https:\/\/www.david-coin.com\/wp-content\/uploads\/2024\/04\/davidcoin-logo-final.png","width":800,"height":267,"caption":"David Coin"},"image":{"@id":"https:\/\/www.david-coin.com\/#\/schema\/logo\/image\/"},"sameAs":["https:\/\/www.facebook.com\/Davidcoininkoopenverkoop","https:\/\/www.youtube.com\/channel\/UC39lihLKFSPTff0w6tv0pWQ"]}]},"product_price_amount":"149.95","product_price_currency":"EUR","og_availability":"out of stock","product_availability":"out of stock","product_retailer_item_id":"2005","product_condition":"new"},"_links":{"self":[{"href":"https:\/\/www.david-coin.com\/de\/wp-json\/wp\/v2\/product\/109139","targetHints":{"allow":["GET"]}}],"collection":[{"href":"https:\/\/www.david-coin.com\/de\/wp-json\/wp\/v2\/product"}],"about":[{"href":"https:\/\/www.david-coin.com\/de\/wp-json\/wp\/v2\/types\/product"}],"replies":[{"embeddable":true,"href":"https:\/\/www.david-coin.com\/de\/wp-json\/wp\/v2\/comments?post=109139"}],"wp:featuredmedia":[{"embeddable":true,"href":"https:\/\/www.david-coin.com\/de\/wp-json\/wp\/v2\/media\/151262"}],"wp:attachment":[{"href":"https:\/\/www.david-coin.com\/de\/wp-json\/wp\/v2\/media?parent=109139"}],"wp:term":[{"taxonomy":"product_brand","embeddable":true,"href":"https:\/\/www.david-coin.com\/de\/wp-json\/wp\/v2\/product_brand?post=109139"},{"taxonomy":"product_cat","embeddable":true,"href":"https:\/\/www.david-coin.com\/de\/wp-json\/wp\/v2\/product_cat?post=109139"},{"taxonomy":"product_tag","embeddable":true,"href":"https:\/\/www.david-coin.com\/de\/wp-json\/wp\/v2\/product_tag?post=109139"}],"curies":[{"name":"wp","href":"https:\/\/api.w.org\/{rel}","templated":true}]}}