{"id":122140,"date":"2023-11-28T16:17:16","date_gmt":"2023-11-28T16:17:16","guid":{"rendered":"https:\/\/www.david-coin.com\/product\/one-banknote-100-jaar-turkse-republiek-1950-1980-turkiye-cumhuriyetinin-100-yili-1950-1980\/"},"modified":"2025-10-02T15:54:00","modified_gmt":"2025-10-02T13:54:00","slug":"one-banknote-100-jaar-turkse-republiek-1950-1980-turkiye-cumhuriyetinin-100-yili-1950-1980","status":"publish","type":"product","link":"https:\/\/www.david-coin.com\/ar\/product\/one-banknote-100-jaar-turkse-republiek-1950-1980-turkiye-cumhuriyetinin-100-yili-1950-1980\/","title":{"rendered":"\u0648\u0631\u0642\u0629 \u0646\u0642\u062f\u064a\u0629 \u0648\u0627\u062d\u062f\u0629 \u0628\u0645\u0646\u0627\u0633\u0628\u0629 \u0645\u0631\u0648\u0631 100 \u0639\u0627\u0645 \u0639\u0644\u0649 \u0627\u0644\u062c\u0645\u0647\u0648\u0631\u064a\u0629 \u0627\u0644\u062a\u0631\u0643\u064a\u0629 1950 \u2013 1980 \u2013 \u062c\u0631\u064a\u062f\u0629 \u0627\u0644\u062c\u0645\u0647\u0648\u0631\u064a\u0629 \u0627\u0644\u062a\u0631\u0643\u064a\u0629 100 \u0639\u0627\u0645 1950 \u2013 1980"},"content":{"rendered":"<h1 class=\"page-title eshop-title\"><span style=\"font-size: 12pt; color: #000000;\"><strong><span style=\"font-family: arial, helvetica, sans-serif;\">\u0648\u0631\u0642\u0629 \u0646\u0642\u062f\u064a\u0629 \u0648\u0627\u062d\u062f\u0629 \u0628\u0645\u0646\u0627\u0633\u0628\u0629 \u0645\u0631\u0648\u0631 100 \u0639\u0627\u0645 \u0639\u0644\u0649 \u0627\u0644\u062c\u0645\u0647\u0648\u0631\u064a\u0629 \u0627\u0644\u062a\u0631\u0643\u064a\u0629 1950 \u2013 1980 \u2013 \u062c\u0631\u064a\u062f\u0629 \u0627\u0644\u062c\u0645\u0647\u0648\u0631\u064a\u0629 \u0627\u0644\u062a\u0631\u0643\u064a\u0629 100 \u0639\u0627\u0645 1950 \u2013 1980<\/span><\/strong><\/span><\/h1>\n<p><span style=\"font-size: 12pt; font-family: arial, helvetica, sans-serif;\">\u062a\u0633\u0644\u0637 \u0627\u0644\u0648\u0631\u0642\u0629 \u0627\u0644\u0646\u0642\u062f\u064a\u0629 \u0627\u0644\u062b\u0627\u0646\u064a\u0629 \u0645\u0646 \u0628\u064a\u0646 \u0623\u0631\u0628\u0639 \u0623\u0648\u0631\u0627\u0642 \u0646\u0642\u062f\u064a\u0629 \u062a\u062d\u062a\u0641\u0644 \u0628\u0627\u0644\u0630\u0643\u0631\u0649 \u0627\u0644\u0645\u0626\u0648\u064a\u0629 \u0644\u0644\u062c\u0645\u0647\u0648\u0631\u064a\u0629 \u0627\u0644\u062a\u0631\u0643\u064a\u0629 \u0627\u0644\u0636\u0648\u0621 \u0639\u0644\u0649 \u0627\u0644\u0641\u062a\u0631\u0629 \u0645\u0646 1950 \u0625\u0644\u0649 1980\u060c \u0648\u0647\u064a \u0641\u062a\u0631\u0629 \u0632\u0645\u0646\u064a\u0629 \u0627\u062a\u0633\u0645\u062a \u0628\u0627\u0644\u062a\u062d\u0648\u0644\u0627\u062a \u0627\u0644\u0633\u064a\u0627\u0633\u064a\u0629 \u0648\u0627\u0644\u062a\u0637\u0648\u0631\u0627\u062a \u0627\u0644\u0627\u062c\u062a\u0645\u0627\u0639\u064a\u0629 \u0648\u0627\u0644\u0627\u0642\u062a\u0635\u0627\u062f\u064a\u0629. \u062a\u0633\u062a\u062d\u0636\u0631 \u0647\u0630\u0647 \u0627\u0644\u0648\u0631\u0642\u0629 \u0627\u0644\u0646\u0642\u062f\u064a\u0629 \u0644\u062d\u0638\u0627\u062a \u0634\u0647\u064a\u0631\u0629 \u0645\u0646 \u0625\u062f\u062e\u0627\u0644 \u0646\u0638\u0627\u0645 \u0627\u0644\u062a\u0639\u062f\u062f\u064a\u0629 \u0627\u0644\u062d\u0632\u0628\u064a\u0629 \u0641\u064a \u0627\u0644\u062e\u0645\u0633\u064a\u0646\u064a\u0627\u062a \u0648\u062d\u062a\u0649 \u0627\u0644\u062a\u062d\u062f\u064a\u062b \u0627\u0644\u0633\u0631\u064a\u0639 \u0641\u064a \u0627\u0644\u062b\u0645\u0627\u0646\u064a\u0646\u064a\u0627\u062a. \u0648\u062a\u062c\u0633\u062f \u0635\u0648\u0631 \u0627\u0644\u0648\u0631\u0642\u0629 \u0627\u0644\u0646\u0642\u062f\u064a\u0629 \u0631\u0648\u062d \u0647\u0630\u0647 \u0627\u0644\u0641\u062a\u0631\u0629\u060c \u0639\u0646\u062f\u0645\u0627 \u0623\u0639\u0627\u062f\u062a \u062a\u0631\u0643\u064a\u0627 \u062a\u0639\u0631\u064a\u0641 \u0646\u0641\u0633\u0647\u0627 \u0648\u0628\u0631\u0632\u062a \u0643\u0623\u0645\u0629 \u062f\u064a\u0646\u0627\u0645\u064a\u0643\u064a\u0629 \u0639\u0644\u0649 \u0627\u0644\u0633\u0627\u062d\u0629 \u0627\u0644\u0639\u0627\u0644\u0645\u064a\u0629. \u0648\u064a\u0639\u062a\u0628\u0631 \u0647\u0630\u0627 \u0627\u0644\u0639\u0645\u0644 \u0627\u0644\u0641\u0646\u064a \u0639\u0644\u0649 \u0627\u0644\u0648\u0631\u0642 \u0628\u0645\u062b\u0627\u0628\u0629 \u062a\u0643\u0631\u064a\u0645 \u0644\u0642\u062f\u0631\u0629 \u0627\u0644\u0645\u062c\u062a\u0645\u0639 \u0627\u0644\u062a\u0631\u0643\u064a \u0639\u0644\u0649 \u0627\u0644\u0635\u0645\u0648\u062f \u062e\u0644\u0627\u0644 \u0647\u0630\u0647 \u0627\u0644\u0639\u0642\u0648\u062f \u0627\u0644\u062b\u0644\u0627\u062b\u0629 \u0627\u0644\u062d\u0627\u0633\u0645\u0629.<\/span><\/p>\n<p><span style=\"font-size: 12pt; font-family: arial, helvetica, sans-serif;\">\u0628\u0644\u063a \u0639\u062f\u062f \u062d\u0627\u0644\u0627\u062a \u0625\u0641\u0644\u0627\u0633 \u0628\u0646\u0643 \u062c\u0645\u0647\u0648\u0631\u064a\u062a\u064a \u0627\u0644\u062a\u0631\u0643\u064a 100 \u062d\u0627\u0644\u0629. \u0648\u0643\u0627\u0646 \u0627\u0644\u0628\u0646\u0643 \u0645\u0645\u0648\u0644\u0627\u064b \u0645\u0646 \u0627\u0644\u0628\u0646\u0648\u0643 \u0627\u0644\u0648\u0631\u0642\u064a\u0629\u060c \u0627\u0644\u062a\u064a \u0643\u0627\u0646\u062a \u0645\u0633\u0624\u0648\u0644\u0629 \u0639\u0646 \u0627\u0644\u0645\u0633\u0627\u0647\u0645\u0627\u062a \u0627\u0644\u0645\u0627\u0644\u064a\u0629 \u0648\u0627\u0644\u0636\u0645\u0627\u0646 \u0627\u0644\u0627\u062c\u062a\u0645\u0627\u0639\u064a \u0641\u064a \u0627\u0644\u062e\u0645\u0633\u064a\u0646\u064a\u0627\u062a \u0648\u0627\u0644\u062b\u0645\u0627\u0646\u064a\u0646\u064a\u0627\u062a. \u0641\u064a \u0627\u0644\u0642\u0637\u0627\u0639 \u0627\u0644\u0645\u0635\u0631\u0641\u064a\u060c \u062a\u0645 \u0625\u0646\u0634\u0627\u0621 \u0623\u0646\u0638\u0645\u0629 \u0627\u0644\u0623\u062c\u0632\u0627\u0621 \u0641\u064a \u0627\u0644\u062e\u0645\u0633\u064a\u0646\u064a\u0627\u062a \u0645\u0646 \u0627\u0644\u0642\u0631\u0646 \u0627\u0644\u0639\u0634\u0631\u064a\u0646\u060c \u0648\u0641\u064a \u0627\u0644\u062b\u0645\u0627\u0646\u064a\u0646\u064a\u0627\u062a \u062a\u0645\u062a \u0625\u0636\u0627\u0641\u0629 \u0625\u0637\u0627\u0631\u0627\u062a \u062d\u062f\u064a\u062b\u0629 \u0625\u0644\u0649 \u0627\u0644\u0646\u0638\u0627\u0645 \u0644\u062a\u0648\u0641\u064a\u0631 \u0631\u0624\u064a\u0629 \u0623\u0641\u0636\u0644. \u0644\u0642\u062f \u062a\u0645 \u0627\u0633\u062a\u062e\u062f\u0627\u0645 \u0627\u0644\u0623\u0648\u0631\u0627\u0642 \u0627\u0644\u0646\u0642\u062f\u064a\u0629 \u0627\u0644\u062a\u064a \u0623\u0635\u062f\u0631\u062a\u0647\u0627 \u0627\u0644\u0628\u0646\u0648\u0643 \u0627\u0644\u062a\u0631\u0643\u064a\u0629\u060c \u0648\u0627\u0644\u062a\u064a \u062a\u0645 \u0628\u064a\u0639\u0647\u0627 \u0644\u0644\u0645\u0633\u062a\u0647\u0644\u0643\u064a\u0646 \u0627\u0644\u0623\u062a\u0631\u0627\u0643 \u0645\u0646\u0630 \u0645\u0626\u0627\u062a \u0627\u0644\u0633\u0646\u064a\u0646\u060c \u0644\u062a\u0645\u0648\u064a\u0644 \u0627\u0633\u062a\u062b\u0645\u0627\u0631\u0627\u062a\u0647\u0645 \u0648\u062a\u0648\u0641\u064a\u0631 \u0645\u0644\u0627\u0630\u0627\u062a \u0622\u0645\u0646\u0629 \u0644\u0647\u0645. \u0625\u0630\u0627 \u0643\u0646\u062a \u062a\u0628\u062d\u062b \u0639\u0646 \u0645\u0643\u0627\u0646 \u0635\u062d\u064a\u060c \u0641\u0642\u062f \u064a\u0646\u062a\u0642\u062f\u0643 \u0627\u0644\u0646\u0642\u0627\u062f \u0627\u0644\u0623\u062a\u0631\u0627\u0643 \u0648\u064a\u0642\u062f\u0645\u0648\u0646 \u0644\u0643 \u0646\u0635\u0627\u0626\u062d \u062c\u064a\u062f\u0629 \u062a\u0633\u0627\u0639\u062f\u0643 \u0639\u0644\u0649 \u062a\u062d\u0633\u064a\u0646 \u062d\u064a\u0627\u062a\u0643.<\/span><\/p>\n<p><span style=\"font-size: 12pt; color: #000000; font-family: arial, helvetica, sans-serif;\">\u0627\u0646\u0638\u0631 \u0639\u0645\u0644\u064a\u0627\u062a \u0627\u0644\u0645\u0633\u062d \u0644\u0644\u062d\u0635\u0648\u0644 \u0639\u0644\u0649 \u0645\u0632\u064a\u062f \u0645\u0646 \u0627\u0644\u062a\u0641\u0627\u0635\u064a\u0644.<br \/>\u0625\u0630\u0627 \u0643\u0627\u0646 \u0644\u062f\u064a\u0643 \u0623\u064a \u0623\u0633\u0626\u0644\u0629\u060c \u0641\u0644\u0627 \u062a\u062a\u0631\u062f\u062f \u0641\u064a \u0625\u0631\u0633\u0627\u0644 \u0631\u0633\u0627\u0644\u0629 \u0644\u0646\u0627.\u00a0<\/span><\/p>","protected":false},"excerpt":{"rendered":"<p>One Banknote 100 jaar Turkse Republiek 1950 &#8211; 1980 &#8211; T\u00fcrkiye Cumhuriyeti&#8217;nin 100 y\u0131l\u0131 1950 &#8211; 1980 Het tweede biljet van de vier ter ere van het 100-jarige bestaan van de Turkse Republiek belicht de periode 1950-1980, een tijdspanne doordrenkt met politieke transformaties en sociaaleconomische ontwikkelingen. Op dit verzamelaarsbiljet komen iconische momenten tot leven, van [&hellip;]<\/p>\n","protected":false},"featured_media":122139,"comment_status":"closed","ping_status":"closed","template":"","meta":[],"product_brand":[],"product_cat":[5517,5609],"product_tag":[],"class_list":{"0":"post-122140","1":"product","2":"type-product","3":"status-publish","4":"has-post-thumbnail","6":"product_cat-aanbiedingen-munten-bankbiljetten","7":"product_cat-one-banknote-serie","8":"pa_kwaliteit-unc","9":"pa_land-turkije","11":"first","12":"instock","13":"sale","14":"taxable","15":"shipping-taxable","16":"purchasable","17":"product-type-simple"},"yoast_head":"<!-- This site is optimized with the Yoast SEO Premium plugin v27.6 (Yoast SEO v27.6) - https:\/\/yoast.com\/product\/yoast-seo-premium-wordpress\/ -->\n<title>One Banknote 100 jaar Turkse Republiek 1950 - 1980 - T\u00fcrkiye Cumhuriyeti&#039;nin 100 y\u0131l\u0131 1950 - 1980<\/title>\n<meta name=\"description\" content=\"One banknote series verkrijgbaar bij David-coin. Bekijk nu ons ruime assortiment one banknote series. Gratis verzending binnen Nederland vanaf 75 euro.\" \/>\n<meta name=\"robots\" content=\"index, follow, max-snippet:-1, max-image-preview:large, max-video-preview:-1\" \/>\n<link rel=\"canonical\" href=\"https:\/\/www.david-coin.com\/ar\/product\/one-banknote-100-jaar-turkse-republiek-1950-1980-turkiye-cumhuriyetinin-100-yili-1950-1980\/\" \/>\n<meta property=\"og:locale\" content=\"ar_AR\" \/>\n<meta property=\"og:type\" content=\"article\" \/>\n<meta property=\"og:title\" content=\"One Banknote 100 jaar Turkse Republiek 1950 - 1980 - T\u00fcrkiye Cumhuriyeti&#039;nin 100 y\u0131l\u0131 1950 - 1980\" \/>\n<meta property=\"og:description\" content=\"One banknote series verkrijgbaar bij David-coin. Bekijk nu ons ruime assortiment one banknote series. Gratis verzending binnen Nederland vanaf 75 euro.\" \/>\n<meta property=\"og:url\" content=\"https:\/\/www.david-coin.com\/ar\/product\/one-banknote-100-jaar-turkse-republiek-1950-1980-turkiye-cumhuriyetinin-100-yili-1950-1980\/\" \/>\n<meta property=\"og:site_name\" content=\"David Coin\" \/>\n<meta property=\"article:publisher\" content=\"https:\/\/www.facebook.com\/Davidcoininkoopenverkoop\" \/>\n<meta property=\"article:modified_time\" content=\"2025-10-02T13:54:00+00:00\" \/>\n<meta property=\"og:image\" content=\"https:\/\/www.david-coin.com\/wp-content\/uploads\/2023\/11\/one-banknote-serie-turkije-1.jpg\" \/>\n\t<meta property=\"og:image:width\" content=\"500\" \/>\n\t<meta property=\"og:image:height\" content=\"500\" \/>\n\t<meta property=\"og:image:type\" content=\"image\/jpeg\" \/>\n<meta name=\"twitter:card\" content=\"summary_large_image\" \/>\n<meta name=\"twitter:label1\" content=\"\u0627\u0644\u0633\u0639\u0631\" \/>\n\t<meta name=\"twitter:data1\" content=\"&euro;&nbsp;8,95\" \/>\n\t<meta name=\"twitter:label2\" content=\"\u0627\u0644\u062a\u0648\u0641\u0631\" \/>\n\t<meta name=\"twitter:data2\" content=\"\u0645\u062a\u0648\u0641\u0631 \u0641\u064a \u0627\u0644\u0645\u062e\u0632\u0648\u0646\" \/>\n<script type=\"application\/ld+json\" class=\"yoast-schema-graph\">{\"@context\":\"https:\\\/\\\/schema.org\",\"@graph\":[{\"@type\":\"WebPage\",\"@id\":\"https:\\\/\\\/www.david-coin.com\\\/product\\\/one-banknote-100-jaar-turkse-republiek-1950-1980-turkiye-cumhuriyetinin-100-yili-1950-1980\\\/\",\"url\":\"https:\\\/\\\/www.david-coin.com\\\/product\\\/one-banknote-100-jaar-turkse-republiek-1950-1980-turkiye-cumhuriyetinin-100-yili-1950-1980\\\/\",\"name\":\"One Banknote 100 jaar Turkse Republiek 1950 - 1980 - T\u00fcrkiye Cumhuriyeti'nin 100 y\u0131l\u0131 1950 - 1980\",\"isPartOf\":{\"@id\":\"https:\\\/\\\/www.david-coin.com\\\/#website\"},\"primaryImageOfPage\":{\"@id\":\"https:\\\/\\\/www.david-coin.com\\\/product\\\/one-banknote-100-jaar-turkse-republiek-1950-1980-turkiye-cumhuriyetinin-100-yili-1950-1980\\\/#primaryimage\"},\"image\":{\"@id\":\"https:\\\/\\\/www.david-coin.com\\\/product\\\/one-banknote-100-jaar-turkse-republiek-1950-1980-turkiye-cumhuriyetinin-100-yili-1950-1980\\\/#primaryimage\"},\"thumbnailUrl\":\"https:\\\/\\\/www.david-coin.com\\\/wp-content\\\/uploads\\\/2023\\\/11\\\/one-banknote-serie-turkije-1.jpg\",\"datePublished\":\"2023-11-28T16:17:16+00:00\",\"dateModified\":\"2025-10-02T13:54:00+00:00\",\"description\":\"One banknote series verkrijgbaar bij David-coin. Bekijk nu ons ruime assortiment one banknote series. Gratis verzending binnen Nederland vanaf 75 euro.\",\"breadcrumb\":{\"@id\":\"https:\\\/\\\/www.david-coin.com\\\/product\\\/one-banknote-100-jaar-turkse-republiek-1950-1980-turkiye-cumhuriyetinin-100-yili-1950-1980\\\/#breadcrumb\"},\"inLanguage\":\"ar\",\"potentialAction\":[{\"@type\":\"ReadAction\",\"target\":[\"https:\\\/\\\/www.david-coin.com\\\/product\\\/one-banknote-100-jaar-turkse-republiek-1950-1980-turkiye-cumhuriyetinin-100-yili-1950-1980\\\/\"]}]},{\"@type\":\"ImageObject\",\"inLanguage\":\"ar\",\"@id\":\"https:\\\/\\\/www.david-coin.com\\\/product\\\/one-banknote-100-jaar-turkse-republiek-1950-1980-turkiye-cumhuriyetinin-100-yili-1950-1980\\\/#primaryimage\",\"url\":\"https:\\\/\\\/www.david-coin.com\\\/wp-content\\\/uploads\\\/2023\\\/11\\\/one-banknote-serie-turkije-1.jpg\",\"contentUrl\":\"https:\\\/\\\/www.david-coin.com\\\/wp-content\\\/uploads\\\/2023\\\/11\\\/one-banknote-serie-turkije-1.jpg\",\"width\":500,\"height\":500},{\"@type\":\"BreadcrumbList\",\"@id\":\"https:\\\/\\\/www.david-coin.com\\\/product\\\/one-banknote-100-jaar-turkse-republiek-1950-1980-turkiye-cumhuriyetinin-100-yili-1950-1980\\\/#breadcrumb\",\"itemListElement\":[{\"@type\":\"ListItem\",\"position\":1,\"name\":\"Home\",\"item\":\"https:\\\/\\\/www.david-coin.com\\\/\"},{\"@type\":\"ListItem\",\"position\":2,\"name\":\"Winkel\",\"item\":\"https:\\\/\\\/www.david-coin.com\\\/winkel\\\/\"},{\"@type\":\"ListItem\",\"position\":3,\"name\":\"One Banknote 100 jaar Turkse Republiek 1950 &#8211; 1980 &#8211; T\u00fcrkiye Cumhuriyeti&#8217;nin 100 y\u0131l\u0131 1950 &#8211; 1980\"}]},{\"@type\":\"WebSite\",\"@id\":\"https:\\\/\\\/www.david-coin.com\\\/#website\",\"url\":\"https:\\\/\\\/www.david-coin.com\\\/\",\"name\":\"David Coin\",\"description\":\"\",\"publisher\":{\"@id\":\"https:\\\/\\\/www.david-coin.com\\\/#organization\"},\"potentialAction\":[{\"@type\":\"SearchAction\",\"target\":{\"@type\":\"EntryPoint\",\"urlTemplate\":\"https:\\\/\\\/www.david-coin.com\\\/?s={search_term_string}\"},\"query-input\":{\"@type\":\"PropertyValueSpecification\",\"valueRequired\":true,\"valueName\":\"search_term_string\"}}],\"inLanguage\":\"ar\"},{\"@type\":\"Organization\",\"@id\":\"https:\\\/\\\/www.david-coin.com\\\/#organization\",\"name\":\"David Coin\",\"url\":\"https:\\\/\\\/www.david-coin.com\\\/\",\"logo\":{\"@type\":\"ImageObject\",\"inLanguage\":\"ar\",\"@id\":\"https:\\\/\\\/www.david-coin.com\\\/#\\\/schema\\\/logo\\\/image\\\/\",\"url\":\"https:\\\/\\\/www.david-coin.com\\\/wp-content\\\/uploads\\\/2024\\\/04\\\/davidcoin-logo-final.png\",\"contentUrl\":\"https:\\\/\\\/www.david-coin.com\\\/wp-content\\\/uploads\\\/2024\\\/04\\\/davidcoin-logo-final.png\",\"width\":800,\"height\":267,\"caption\":\"David Coin\"},\"image\":{\"@id\":\"https:\\\/\\\/www.david-coin.com\\\/#\\\/schema\\\/logo\\\/image\\\/\"},\"sameAs\":[\"https:\\\/\\\/www.facebook.com\\\/Davidcoininkoopenverkoop\",\"https:\\\/\\\/www.youtube.com\\\/channel\\\/UC39lihLKFSPTff0w6tv0pWQ\"]}]}<\/script>\n<meta property=\"product:price:amount\" content=\"8.95\" \/>\n<meta property=\"product:price:currency\" content=\"EUR\" \/>\n<meta property=\"og:availability\" content=\"instock\" \/>\n<meta property=\"product:availability\" content=\"instock\" \/>\n<meta property=\"product:retailer_item_id\" content=\"4517\" \/>\n<meta property=\"product:condition\" content=\"new\" \/>\n<!-- \/ Yoast SEO Premium plugin. -->","yoast_head_json":{"title":"One Banknote 100 jaar Turkse Republiek 1950 - 1980 - T\u00fcrkiye Cumhuriyeti'nin 100 y\u0131l\u0131 1950 - 1980","description":"One banknote series verkrijgbaar bij David-coin. Bekijk nu ons ruime assortiment one banknote series. Gratis verzending binnen Nederland vanaf 75 euro.","robots":{"index":"index","follow":"follow","max-snippet":"max-snippet:-1","max-image-preview":"max-image-preview:large","max-video-preview":"max-video-preview:-1"},"canonical":"https:\/\/www.david-coin.com\/ar\/product\/one-banknote-100-jaar-turkse-republiek-1950-1980-turkiye-cumhuriyetinin-100-yili-1950-1980\/","og_locale":"ar_AR","og_type":"article","og_title":"One Banknote 100 jaar Turkse Republiek 1950 - 1980 - T\u00fcrkiye Cumhuriyeti'nin 100 y\u0131l\u0131 1950 - 1980","og_description":"One banknote series verkrijgbaar bij David-coin. Bekijk nu ons ruime assortiment one banknote series. Gratis verzending binnen Nederland vanaf 75 euro.","og_url":"https:\/\/www.david-coin.com\/ar\/product\/one-banknote-100-jaar-turkse-republiek-1950-1980-turkiye-cumhuriyetinin-100-yili-1950-1980\/","og_site_name":"David Coin","article_publisher":"https:\/\/www.facebook.com\/Davidcoininkoopenverkoop","article_modified_time":"2025-10-02T13:54:00+00:00","og_image":[{"width":500,"height":500,"url":"https:\/\/www.david-coin.com\/wp-content\/uploads\/2023\/11\/one-banknote-serie-turkije-1.jpg","type":"image\/jpeg"}],"twitter_card":"summary_large_image","twitter_misc":{"\u0627\u0644\u0633\u0639\u0631":"&euro;&nbsp;8,95","\u0627\u0644\u062a\u0648\u0641\u0631":"\u0645\u062a\u0648\u0641\u0631 \u0641\u064a \u0627\u0644\u0645\u062e\u0632\u0648\u0646"},"schema":{"@context":"https:\/\/schema.org","@graph":[{"@type":"WebPage","@id":"https:\/\/www.david-coin.com\/product\/one-banknote-100-jaar-turkse-republiek-1950-1980-turkiye-cumhuriyetinin-100-yili-1950-1980\/","url":"https:\/\/www.david-coin.com\/product\/one-banknote-100-jaar-turkse-republiek-1950-1980-turkiye-cumhuriyetinin-100-yili-1950-1980\/","name":"One Banknote 100 jaar Turkse Republiek 1950 - 1980 - T\u00fcrkiye Cumhuriyeti'nin 100 y\u0131l\u0131 1950 - 1980","isPartOf":{"@id":"https:\/\/www.david-coin.com\/#website"},"primaryImageOfPage":{"@id":"https:\/\/www.david-coin.com\/product\/one-banknote-100-jaar-turkse-republiek-1950-1980-turkiye-cumhuriyetinin-100-yili-1950-1980\/#primaryimage"},"image":{"@id":"https:\/\/www.david-coin.com\/product\/one-banknote-100-jaar-turkse-republiek-1950-1980-turkiye-cumhuriyetinin-100-yili-1950-1980\/#primaryimage"},"thumbnailUrl":"https:\/\/www.david-coin.com\/wp-content\/uploads\/2023\/11\/one-banknote-serie-turkije-1.jpg","datePublished":"2023-11-28T16:17:16+00:00","dateModified":"2025-10-02T13:54:00+00:00","description":"One banknote series verkrijgbaar bij David-coin. Bekijk nu ons ruime assortiment one banknote series. Gratis verzending binnen Nederland vanaf 75 euro.","breadcrumb":{"@id":"https:\/\/www.david-coin.com\/product\/one-banknote-100-jaar-turkse-republiek-1950-1980-turkiye-cumhuriyetinin-100-yili-1950-1980\/#breadcrumb"},"inLanguage":"ar","potentialAction":[{"@type":"ReadAction","target":["https:\/\/www.david-coin.com\/product\/one-banknote-100-jaar-turkse-republiek-1950-1980-turkiye-cumhuriyetinin-100-yili-1950-1980\/"]}]},{"@type":"ImageObject","inLanguage":"ar","@id":"https:\/\/www.david-coin.com\/product\/one-banknote-100-jaar-turkse-republiek-1950-1980-turkiye-cumhuriyetinin-100-yili-1950-1980\/#primaryimage","url":"https:\/\/www.david-coin.com\/wp-content\/uploads\/2023\/11\/one-banknote-serie-turkije-1.jpg","contentUrl":"https:\/\/www.david-coin.com\/wp-content\/uploads\/2023\/11\/one-banknote-serie-turkije-1.jpg","width":500,"height":500},{"@type":"BreadcrumbList","@id":"https:\/\/www.david-coin.com\/product\/one-banknote-100-jaar-turkse-republiek-1950-1980-turkiye-cumhuriyetinin-100-yili-1950-1980\/#breadcrumb","itemListElement":[{"@type":"ListItem","position":1,"name":"Home","item":"https:\/\/www.david-coin.com\/"},{"@type":"ListItem","position":2,"name":"Winkel","item":"https:\/\/www.david-coin.com\/winkel\/"},{"@type":"ListItem","position":3,"name":"One Banknote 100 jaar Turkse Republiek 1950 &#8211; 1980 &#8211; T\u00fcrkiye Cumhuriyeti&#8217;nin 100 y\u0131l\u0131 1950 &#8211; 1980"}]},{"@type":"WebSite","@id":"https:\/\/www.david-coin.com\/#website","url":"https:\/\/www.david-coin.com\/","name":"David Coin","description":"","publisher":{"@id":"https:\/\/www.david-coin.com\/#organization"},"potentialAction":[{"@type":"SearchAction","target":{"@type":"EntryPoint","urlTemplate":"https:\/\/www.david-coin.com\/?s={search_term_string}"},"query-input":{"@type":"PropertyValueSpecification","valueRequired":true,"valueName":"search_term_string"}}],"inLanguage":"ar"},{"@type":"Organization","@id":"https:\/\/www.david-coin.com\/#organization","name":"David Coin","url":"https:\/\/www.david-coin.com\/","logo":{"@type":"ImageObject","inLanguage":"ar","@id":"https:\/\/www.david-coin.com\/#\/schema\/logo\/image\/","url":"https:\/\/www.david-coin.com\/wp-content\/uploads\/2024\/04\/davidcoin-logo-final.png","contentUrl":"https:\/\/www.david-coin.com\/wp-content\/uploads\/2024\/04\/davidcoin-logo-final.png","width":800,"height":267,"caption":"David Coin"},"image":{"@id":"https:\/\/www.david-coin.com\/#\/schema\/logo\/image\/"},"sameAs":["https:\/\/www.facebook.com\/Davidcoininkoopenverkoop","https:\/\/www.youtube.com\/channel\/UC39lihLKFSPTff0w6tv0pWQ"]}]},"product_price_amount":"8.95","product_price_currency":"EUR","og_availability":"instock","product_availability":"instock","product_retailer_item_id":"4517","product_condition":"new"},"_links":{"self":[{"href":"https:\/\/www.david-coin.com\/ar\/wp-json\/wp\/v2\/product\/122140","targetHints":{"allow":["GET"]}}],"collection":[{"href":"https:\/\/www.david-coin.com\/ar\/wp-json\/wp\/v2\/product"}],"about":[{"href":"https:\/\/www.david-coin.com\/ar\/wp-json\/wp\/v2\/types\/product"}],"replies":[{"embeddable":true,"href":"https:\/\/www.david-coin.com\/ar\/wp-json\/wp\/v2\/comments?post=122140"}],"wp:featuredmedia":[{"embeddable":true,"href":"https:\/\/www.david-coin.com\/ar\/wp-json\/wp\/v2\/media\/122139"}],"wp:attachment":[{"href":"https:\/\/www.david-coin.com\/ar\/wp-json\/wp\/v2\/media?parent=122140"}],"wp:term":[{"taxonomy":"product_brand","embeddable":true,"href":"https:\/\/www.david-coin.com\/ar\/wp-json\/wp\/v2\/product_brand?post=122140"},{"taxonomy":"product_cat","embeddable":true,"href":"https:\/\/www.david-coin.com\/ar\/wp-json\/wp\/v2\/product_cat?post=122140"},{"taxonomy":"product_tag","embeddable":true,"href":"https:\/\/www.david-coin.com\/ar\/wp-json\/wp\/v2\/product_tag?post=122140"}],"curies":[{"name":"wp","href":"https:\/\/api.w.org\/{rel}","templated":true}]}}